{"id":801,"date":"2019-10-16T12:13:17","date_gmt":"2019-10-16T12:13:17","guid":{"rendered":"https:\/\/nekmar.eu\/ba\/?page_id=801"},"modified":"2026-02-27T18:41:51","modified_gmt":"2026-02-27T16:41:51","slug":"dostava","status":"publish","type":"page","link":"https:\/\/nekmar.eu\/ba\/dostava\/","title":{"rendered":"Dostava"},"content":{"rendered":"<div class=\"wpb-content-wrapper\"><p>[vc_row css_animation=&#8221;&#8221; row_type=&#8221;row&#8221; use_row_as_full_screen_section=&#8221;no&#8221; type=&#8221;full_width&#8221; angled_section=&#8221;no&#8221; text_align=&#8221;left&#8221; background_image_as_pattern=&#8221;without_pattern&#8221;][vc_column][vc_empty_space height=&#8221;100px&#8221;][\/vc_column][\/vc_row][vc_row css_animation=&#8221;&#8221; row_type=&#8221;row&#8221; use_row_as_full_screen_section=&#8221;no&#8221; type=&#8221;grid&#8221; angled_section=&#8221;no&#8221; text_align=&#8221;left&#8221; background_image_as_pattern=&#8221;without_pattern&#8221; z_index=&#8221;&#8221;][vc_column][vc_column_text css=&#8221;&#8221;]<\/p>\n<h3>DOSTAVA<\/h3>\n<p>Da bi Nekmar tim isporu\u010dio naru\u010deni proizvod, potrebni su sljede\u0107i podaci kupca:<\/p>\n<ul>\n<li>ime i prezime<\/li>\n<li>adresa dostave<\/li>\n<li>broj kontakt telefona<\/li>\n<li>email adresa<\/li>\n<\/ul>\n<p>&nbsp;<\/p>\n<p><strong>Tro\u0161ak dostave obra\u010dunava se prema ukupnoj te\u017eini narud\u017ebe, prema sljede\u0107oj tablici:<\/strong><\/p>\n<table style=\"width: 100%; border-collapse: collapse;\">\n<thead>\n<tr>\n<th style=\"text-align: left; border-bottom: 1px solid #ddd; padding: 8px;\">Te\u017eina po\u0161iljke<\/th>\n<th style=\"text-align: left; border-bottom: 1px solid #ddd; padding: 8px;\">Cijena dostave (KM)<\/th>\n<\/tr>\n<\/thead>\n<tbody>\n<tr>\n<td style=\"padding: 8px; border-bottom: 1px solid #eee;\">do 10,00 kg<\/td>\n<td style=\"padding: 8px; border-bottom: 1px solid #eee;\">14,05<\/td>\n<\/tr>\n<tr>\n<td style=\"padding: 8px; border-bottom: 1px solid #eee;\">10,01 \u2013 20,00 kg<\/td>\n<td style=\"padding: 8px; border-bottom: 1px solid #eee;\">14,66<\/td>\n<\/tr>\n<tr>\n<td style=\"padding: 8px; border-bottom: 1px solid #eee;\">20,01 \u2013 31,50 kg<\/td>\n<td style=\"padding: 8px; border-bottom: 1px solid #eee;\">17,68<\/td>\n<\/tr>\n<tr>\n<td style=\"padding: 8px; border-bottom: 1px solid #eee;\">31,51 \u2013 40,00 kg<\/td>\n<td style=\"padding: 8px; border-bottom: 1px solid #eee;\">23,69<\/td>\n<\/tr>\n<tr>\n<td style=\"padding: 8px; border-bottom: 1px solid #eee;\">40,01 \u2013 50,00 kg<\/td>\n<td style=\"padding: 8px; border-bottom: 1px solid #eee;\">29,71<\/td>\n<\/tr>\n<tr>\n<td style=\"padding: 8px; border-bottom: 1px solid #eee;\">50,01 \u2013 60,00 kg<\/td>\n<td style=\"padding: 8px; border-bottom: 1px solid #eee;\">35,73<\/td>\n<\/tr>\n<tr>\n<td style=\"padding: 8px; border-bottom: 1px solid #eee;\">60,01 \u2013 80,00 kg<\/td>\n<td style=\"padding: 8px; border-bottom: 1px solid #eee;\">41,76<\/td>\n<\/tr>\n<tr>\n<td style=\"padding: 8px; border-bottom: 1px solid #eee;\">80,01 \u2013 100,00 kg<\/td>\n<td style=\"padding: 8px; border-bottom: 1px solid #eee;\">58,70<\/td>\n<\/tr>\n<tr>\n<td style=\"padding: 8px; border-bottom: 1px solid #eee;\">100,01 \u2013 150,00 kg<\/td>\n<td style=\"padding: 8px; border-bottom: 1px solid #eee;\">64,58<\/td>\n<\/tr>\n<tr>\n<td style=\"padding: 8px; border-bottom: 1px solid #eee;\">150,01 \u2013 200,00 kg<\/td>\n<td style=\"padding: 8px; border-bottom: 1px solid #eee;\">70,45<\/td>\n<\/tr>\n<tr>\n<td style=\"padding: 8px; border-bottom: 1px solid #eee;\">200,01 \u2013 250,00 kg<\/td>\n<td style=\"padding: 8px; border-bottom: 1px solid #eee;\">76,32<\/td>\n<\/tr>\n<tr>\n<td style=\"padding: 8px; border-bottom: 1px solid #eee;\">250,01 \u2013 300,00 kg<\/td>\n<td style=\"padding: 8px; border-bottom: 1px solid #eee;\">82,18<\/td>\n<\/tr>\n<tr>\n<td style=\"padding: 8px; border-bottom: 1px solid #eee;\">300,01 \u2013 350,00 kg<\/td>\n<td style=\"padding: 8px; border-bottom: 1px solid #eee;\">88,07<\/td>\n<\/tr>\n<tr>\n<td style=\"padding: 8px; border-bottom: 1px solid #eee;\">350,01 \u2013 400,00 kg<\/td>\n<td style=\"padding: 8px; border-bottom: 1px solid #eee;\">93,93<\/td>\n<\/tr>\n<tr>\n<td style=\"padding: 8px; border-bottom: 1px solid #eee;\">400,01 \u2013 450,00 kg<\/td>\n<td style=\"padding: 8px; border-bottom: 1px solid #eee;\">99,80<\/td>\n<\/tr>\n<tr>\n<td style=\"padding: 8px; border-bottom: 1px solid #eee;\">450,01 \u2013 500,00 kg<\/td>\n<td style=\"padding: 8px; border-bottom: 1px solid #eee;\">105,66<\/td>\n<\/tr>\n<tr>\n<td style=\"padding: 8px; border-bottom: 1px solid #eee;\">500,01 \u2013 600,00 kg<\/td>\n<td style=\"padding: 8px; border-bottom: 1px solid #eee;\">111,55<\/td>\n<\/tr>\n<tr>\n<td style=\"padding: 8px; border-bottom: 1px solid #eee;\">600,01 \u2013 700,00 kg<\/td>\n<td style=\"padding: 8px; border-bottom: 1px solid #eee;\">117,41<\/td>\n<\/tr>\n<tr>\n<td style=\"padding: 8px; border-bottom: 1px solid #eee;\">700,01 \u2013 800,00 kg<\/td>\n<td style=\"padding: 8px; border-bottom: 1px solid #eee;\">123,28<\/td>\n<\/tr>\n<tr>\n<td style=\"padding: 8px; border-bottom: 1px solid #eee;\">800,01 \u2013 900,00 kg<\/td>\n<td style=\"padding: 8px; border-bottom: 1px solid #eee;\">129,14<\/td>\n<\/tr>\n<tr>\n<td style=\"padding: 8px;\">900,01 \u2013 1000,00 kg<\/td>\n<td style=\"padding: 8px;\">135,03<\/td>\n<\/tr>\n<\/tbody>\n<\/table>\n<p>&nbsp;<\/p>\n<p>O eventualnim promjenama tro\u0161kova dostave kupac \u0107e biti blagovremeno obavije\u0161ten na web stranici.[\/vc_column_text][\/vc_column][\/vc_row][vc_row css_animation=&#8221;&#8221; row_type=&#8221;row&#8221; use_row_as_full_screen_section=&#8221;no&#8221; type=&#8221;full_width&#8221; angled_section=&#8221;no&#8221; text_align=&#8221;left&#8221; background_image_as_pattern=&#8221;without_pattern&#8221;][vc_column][vc_empty_space height=&#8221;100px&#8221;][\/vc_column][\/vc_row]<\/p>\n<\/div>","protected":false},"excerpt":{"rendered":"<p>[vc_row css_animation=&#8221;&#8221; row_type=&#8221;row&#8221; use_row_as_full_screen_section=&#8221;no&#8221; type=&#8221;full_width&#8221; angled_section=&#8221;no&#8221; text_align=&#8221;left&#8221; background_image_as_pattern=&#8221;without_pattern&#8221;][vc_column][vc_empty_space height=&#8221;100px&#8221;][\/vc_column][\/vc_row][vc_row css_animation=&#8221;&#8221; row_type=&#8221;row&#8221; use_row_as_full_screen_section=&#8221;no&#8221; type=&#8221;grid&#8221; angled_section=&#8221;no&#8221; text_align=&#8221;left&#8221; background_image_as_pattern=&#8221;without_pattern&#8221; z_index=&#8221;&#8221;][vc_column][vc_column_text css=&#8221;&#8221;] DOSTAVA Da bi Nekmar tim isporu\u010dio naru\u010deni proizvod, potrebni su sljede\u0107i podaci kupca: ime i prezime adresa dostave broj kontakt telefona email adresa &nbsp; Tro\u0161ak dostave obra\u010dunava&#8230;<\/p>\n","protected":false},"author":1,"featured_media":0,"parent":0,"menu_order":0,"comment_status":"closed","ping_status":"closed","template":"full_width.php","meta":{"footnotes":""},"class_list":["post-801","page","type-page","status-publish","hentry"],"yoast_head":"<!-- This site is optimized with the Yoast SEO plugin v27.1.1 - https:\/\/yoast.com\/product\/yoast-seo-wordpress\/ -->\n<title>Dostava | Nekmar<\/title>\n<meta name=\"robots\" content=\"noindex, follow\" \/>\n<meta property=\"og:locale\" content=\"hr_HR\" \/>\n<meta property=\"og:type\" content=\"article\" \/>\n<meta property=\"og:title\" content=\"Dostava | Nekmar\" \/>\n<meta property=\"og:description\" content=\"[vc_row css_animation=&#8221;&#8221; row_type=&#8221;row&#8221; use_row_as_full_screen_section=&#8221;no&#8221; type=&#8221;full_width&#8221; angled_section=&#8221;no&#8221; text_align=&#8221;left&#8221; background_image_as_pattern=&#8221;without_pattern&#8221;][vc_column][vc_empty_space height=&#8221;100px&#8221;][\/vc_column][\/vc_row][vc_row css_animation=&#8221;&#8221; row_type=&#8221;row&#8221; use_row_as_full_screen_section=&#8221;no&#8221; type=&#8221;grid&#8221; angled_section=&#8221;no&#8221; text_align=&#8221;left&#8221; background_image_as_pattern=&#8221;without_pattern&#8221; z_index=&#8221;&#8221;][vc_column][vc_column_text css=&#8221;&#8221;] DOSTAVA Da bi Nekmar tim isporu\u010dio naru\u010deni proizvod, potrebni su sljede\u0107i podaci kupca: ime i prezime adresa dostave broj kontakt telefona email adresa &nbsp; Tro\u0161ak dostave obra\u010dunava...\" \/>\n<meta property=\"og:url\" content=\"https:\/\/nekmar.eu\/ba\/dostava\/\" \/>\n<meta property=\"og:site_name\" content=\"Nekmar\" \/>\n<meta property=\"article:publisher\" content=\"https:\/\/web.facebook.com\/profile.php?id=61556135161563\" \/>\n<meta property=\"article:modified_time\" content=\"2026-02-27T16:41:51+00:00\" \/>\n<meta property=\"og:image\" content=\"https:\/\/nekmar.eu\/ba\/wp-content\/uploads\/2019\/08\/nekmar-f.jpg\" \/>\n\t<meta property=\"og:image:width\" content=\"1200\" \/>\n\t<meta property=\"og:image:height\" content=\"630\" \/>\n\t<meta property=\"og:image:type\" content=\"image\/jpeg\" \/>\n<meta name=\"twitter:card\" content=\"summary_large_image\" \/>\n<meta name=\"twitter:label1\" content=\"Procijenjeno vrijeme \u010ditanja\" \/>\n\t<meta name=\"twitter:data1\" content=\"1 minuta\" \/>\n<script type=\"application\/ld+json\" class=\"yoast-schema-graph\">{\"@context\":\"https:\/\/schema.org\",\"@graph\":[{\"@type\":\"WebPage\",\"@id\":\"https:\/\/nekmar.eu\/ba\/dostava\/\",\"url\":\"https:\/\/nekmar.eu\/ba\/dostava\/\",\"name\":\"Dostava | Nekmar\",\"isPartOf\":{\"@id\":\"https:\/\/nekmar.eu\/ba\/#website\"},\"datePublished\":\"2019-10-16T12:13:17+00:00\",\"dateModified\":\"2026-02-27T16:41:51+00:00\",\"breadcrumb\":{\"@id\":\"https:\/\/nekmar.eu\/ba\/dostava\/#breadcrumb\"},\"inLanguage\":\"hr\",\"potentialAction\":[{\"@type\":\"ReadAction\",\"target\":[\"https:\/\/nekmar.eu\/ba\/dostava\/\"]}]},{\"@type\":\"BreadcrumbList\",\"@id\":\"https:\/\/nekmar.eu\/ba\/dostava\/#breadcrumb\",\"itemListElement\":[{\"@type\":\"ListItem\",\"position\":1,\"name\":\"Home\",\"item\":\"https:\/\/nekmar.eu\/ba\/\"},{\"@type\":\"ListItem\",\"position\":2,\"name\":\"Dostava\"}]},{\"@type\":\"WebSite\",\"@id\":\"https:\/\/nekmar.eu\/ba\/#website\",\"url\":\"https:\/\/nekmar.eu\/ba\/\",\"name\":\"Nekmar\",\"description\":\"Pet Nutrition\",\"publisher\":{\"@id\":\"https:\/\/nekmar.eu\/ba\/#organization\"},\"potentialAction\":[{\"@type\":\"SearchAction\",\"target\":{\"@type\":\"EntryPoint\",\"urlTemplate\":\"https:\/\/nekmar.eu\/ba\/?s={search_term_string}\"},\"query-input\":{\"@type\":\"PropertyValueSpecification\",\"valueRequired\":true,\"valueName\":\"search_term_string\"}}],\"inLanguage\":\"hr\"},{\"@type\":\"Organization\",\"@id\":\"https:\/\/nekmar.eu\/ba\/#organization\",\"name\":\"Nekmar Pet Nutrition Bosna i Hercegovina\",\"url\":\"https:\/\/nekmar.eu\/ba\/\",\"logo\":{\"@type\":\"ImageObject\",\"inLanguage\":\"hr\",\"@id\":\"https:\/\/nekmar.eu\/ba\/#\/schema\/logo\/image\/\",\"url\":\"https:\/\/nekmar.eu\/ba\/wp-content\/uploads\/2019\/08\/Nekmar-contact.jpg\",\"contentUrl\":\"https:\/\/nekmar.eu\/ba\/wp-content\/uploads\/2019\/08\/Nekmar-contact.jpg\",\"width\":600,\"height\":142,\"caption\":\"Nekmar Pet Nutrition Bosna i Hercegovina\"},\"image\":{\"@id\":\"https:\/\/nekmar.eu\/ba\/#\/schema\/logo\/image\/\"},\"sameAs\":[\"https:\/\/web.facebook.com\/profile.php?id=61556135161563\",\"https:\/\/www.instagram.com\/nekmarbih\/\"]}]}<\/script>\n<!-- \/ Yoast SEO plugin. -->","yoast_head_json":{"title":"Dostava | Nekmar","robots":{"index":"noindex","follow":"follow"},"og_locale":"hr_HR","og_type":"article","og_title":"Dostava | Nekmar","og_description":"[vc_row css_animation=&#8221;&#8221; row_type=&#8221;row&#8221; use_row_as_full_screen_section=&#8221;no&#8221; type=&#8221;full_width&#8221; angled_section=&#8221;no&#8221; text_align=&#8221;left&#8221; background_image_as_pattern=&#8221;without_pattern&#8221;][vc_column][vc_empty_space height=&#8221;100px&#8221;][\/vc_column][\/vc_row][vc_row css_animation=&#8221;&#8221; row_type=&#8221;row&#8221; use_row_as_full_screen_section=&#8221;no&#8221; type=&#8221;grid&#8221; angled_section=&#8221;no&#8221; text_align=&#8221;left&#8221; background_image_as_pattern=&#8221;without_pattern&#8221; z_index=&#8221;&#8221;][vc_column][vc_column_text css=&#8221;&#8221;] DOSTAVA Da bi Nekmar tim isporu\u010dio naru\u010deni proizvod, potrebni su sljede\u0107i podaci kupca: ime i prezime adresa dostave broj kontakt telefona email adresa &nbsp; Tro\u0161ak dostave obra\u010dunava...","og_url":"https:\/\/nekmar.eu\/ba\/dostava\/","og_site_name":"Nekmar","article_publisher":"https:\/\/web.facebook.com\/profile.php?id=61556135161563","article_modified_time":"2026-02-27T16:41:51+00:00","og_image":[{"width":1200,"height":630,"url":"https:\/\/nekmar.eu\/ba\/wp-content\/uploads\/2019\/08\/nekmar-f.jpg","type":"image\/jpeg"}],"twitter_card":"summary_large_image","twitter_misc":{"Procijenjeno vrijeme \u010ditanja":"1 minuta"},"schema":{"@context":"https:\/\/schema.org","@graph":[{"@type":"WebPage","@id":"https:\/\/nekmar.eu\/ba\/dostava\/","url":"https:\/\/nekmar.eu\/ba\/dostava\/","name":"Dostava | Nekmar","isPartOf":{"@id":"https:\/\/nekmar.eu\/ba\/#website"},"datePublished":"2019-10-16T12:13:17+00:00","dateModified":"2026-02-27T16:41:51+00:00","breadcrumb":{"@id":"https:\/\/nekmar.eu\/ba\/dostava\/#breadcrumb"},"inLanguage":"hr","potentialAction":[{"@type":"ReadAction","target":["https:\/\/nekmar.eu\/ba\/dostava\/"]}]},{"@type":"BreadcrumbList","@id":"https:\/\/nekmar.eu\/ba\/dostava\/#breadcrumb","itemListElement":[{"@type":"ListItem","position":1,"name":"Home","item":"https:\/\/nekmar.eu\/ba\/"},{"@type":"ListItem","position":2,"name":"Dostava"}]},{"@type":"WebSite","@id":"https:\/\/nekmar.eu\/ba\/#website","url":"https:\/\/nekmar.eu\/ba\/","name":"Nekmar","description":"Pet Nutrition","publisher":{"@id":"https:\/\/nekmar.eu\/ba\/#organization"},"potentialAction":[{"@type":"SearchAction","target":{"@type":"EntryPoint","urlTemplate":"https:\/\/nekmar.eu\/ba\/?s={search_term_string}"},"query-input":{"@type":"PropertyValueSpecification","valueRequired":true,"valueName":"search_term_string"}}],"inLanguage":"hr"},{"@type":"Organization","@id":"https:\/\/nekmar.eu\/ba\/#organization","name":"Nekmar Pet Nutrition Bosna i Hercegovina","url":"https:\/\/nekmar.eu\/ba\/","logo":{"@type":"ImageObject","inLanguage":"hr","@id":"https:\/\/nekmar.eu\/ba\/#\/schema\/logo\/image\/","url":"https:\/\/nekmar.eu\/ba\/wp-content\/uploads\/2019\/08\/Nekmar-contact.jpg","contentUrl":"https:\/\/nekmar.eu\/ba\/wp-content\/uploads\/2019\/08\/Nekmar-contact.jpg","width":600,"height":142,"caption":"Nekmar Pet Nutrition Bosna i Hercegovina"},"image":{"@id":"https:\/\/nekmar.eu\/ba\/#\/schema\/logo\/image\/"},"sameAs":["https:\/\/web.facebook.com\/profile.php?id=61556135161563","https:\/\/www.instagram.com\/nekmarbih\/"]}]}},"_links":{"self":[{"href":"https:\/\/nekmar.eu\/ba\/wp-json\/wp\/v2\/pages\/801","targetHints":{"allow":["GET"]}}],"collection":[{"href":"https:\/\/nekmar.eu\/ba\/wp-json\/wp\/v2\/pages"}],"about":[{"href":"https:\/\/nekmar.eu\/ba\/wp-json\/wp\/v2\/types\/page"}],"author":[{"embeddable":true,"href":"https:\/\/nekmar.eu\/ba\/wp-json\/wp\/v2\/users\/1"}],"replies":[{"embeddable":true,"href":"https:\/\/nekmar.eu\/ba\/wp-json\/wp\/v2\/comments?post=801"}],"version-history":[{"count":5,"href":"https:\/\/nekmar.eu\/ba\/wp-json\/wp\/v2\/pages\/801\/revisions"}],"predecessor-version":[{"id":4233,"href":"https:\/\/nekmar.eu\/ba\/wp-json\/wp\/v2\/pages\/801\/revisions\/4233"}],"wp:attachment":[{"href":"https:\/\/nekmar.eu\/ba\/wp-json\/wp\/v2\/media?parent=801"}],"curies":[{"name":"wp","href":"https:\/\/api.w.org\/{rel}","templated":true}]}}