{"id":803,"date":"2019-10-16T12:15:17","date_gmt":"2019-10-16T12:15:17","guid":{"rendered":"https:\/\/nekmar.eu\/ba\/?page_id=803"},"modified":"2026-02-23T08:28:39","modified_gmt":"2026-02-23T06:28:39","slug":"zastita-osobnih-podataka","status":"publish","type":"page","link":"https:\/\/nekmar.eu\/ba\/zastita-osobnih-podataka\/","title":{"rendered":"Za\u0161tita osobnih podataka"},"content":{"rendered":"<div class=\"wpb-content-wrapper\"><p>[vc_row css_animation=&#8221;&#8221; row_type=&#8221;row&#8221; use_row_as_full_screen_section=&#8221;no&#8221; type=&#8221;full_width&#8221; angled_section=&#8221;no&#8221; text_align=&#8221;left&#8221; background_image_as_pattern=&#8221;without_pattern&#8221;][vc_column][vc_empty_space height=&#8221;100px&#8221;][\/vc_column][\/vc_row][vc_row css_animation=&#8221;&#8221; row_type=&#8221;row&#8221; use_row_as_full_screen_section=&#8221;no&#8221; type=&#8221;grid&#8221; angled_section=&#8221;no&#8221; text_align=&#8221;left&#8221; background_image_as_pattern=&#8221;without_pattern&#8221; z_index=&#8221;&#8221;][vc_column][vc_column_text css=&#8221;&#8221;]<\/p>\n<h3><strong>PREDMET: Bam Plus d.o.o., pravila privatnosti.<\/strong><\/h3>\n<p>&nbsp;<\/p>\n<p><strong>Pravila privatnosti<\/strong><\/p>\n<p>&nbsp;<\/p>\n<p>Pravila o privatnosti se primjenjuje na informacije i li\u010dne podatke koji se mogu prikupiti na web stranici www.nekmar.eu\/ba kompanije NEKMAR Pet Nutrition Hrvatska tj. njenom ekskluzivnom zastupniku Bam Plus d.o.o., registrovane prema zakonodavstvu Bosne i Hercegovine, PDV broj: 404850580004 na adresi Srpska 99, Banja Luka, Bosna i Hercegovina, telefon: +387 66 793 221. Registrovanjem na Web stranici i \/ ili popunjavanjem obrasca za kontakt, prihva\u0107ate postupke opisane u Pravilima o privatnosti, a Bam Plus d.o.o. (NEKMAR BiH) dajete ta\u010dne i istinite informacije u skladu sa svim pravilima struke i privatnosti. Mi znamo da Vam je izuzetno va\u017eno kako se informacije o Vama upotrebljavaju i dijele, stoga cijenimo Va\u0161e povjerenje, te \u0107emo to u\u010diniti pa\u017eljivo i razumno. Iznimno se zala\u017eemo za sagledavanje i po\u0161tivanje Va\u0161ih \u017eelja vezanih uz informacije koje prikupljamo o Vama na na\u0161oj web stranici, vezano za NEKMAR proizvode.<\/p>\n<p>&nbsp;<\/p>\n<p><strong>Li\u010dni podaci<\/strong>\u00a0<strong>i GDPR (General Dana Protection za EU i dr\u017eavljane EU)<\/strong><\/p>\n<p>Informacije i li\u010dni podaci koje prikupljamo o Vama (uklju\u010duju\u0107i, ali ne ograni\u010davaju\u0107i se na: ime, prezime, telefon, e-mail, po\u0161tansku adresu, kompaniju, dr\u017eavu i sl. poma\u017eu nam personalizirati i kontinuirano pobolj\u0161avati Va\u0161e iskustvo kupovine NEKMAR proizvoda u BiH. Va\u0161a istorija transakcija i li\u010dni podaci koje nam dajete sigurno se pohranjuju u na\u0161oj bazi podataka i mogu se osigurati za postizanje spomenutih ciljeva samo Bam Plus d.o.o. i NEKMAR EU timu i zaposlenicima, bez ikakvog sudjelovanja tre\u0107ih strana.<\/p>\n<p>&nbsp;<\/p>\n<p><strong>Li\u010dni podaci<\/strong>\u00a0<strong>i GDPR (General Dana Protection za EU i dr\u017eavljane EU)<\/strong><\/p>\n<p>Informacije i li\u010dni podaci koje prikupljamo o Vama (uklju\u010duju\u0107i, ali ne ograni\u010davaju\u0107i se na: ime, prezime, telefon, e-mail, po\u0161tansku adresu, kompaniju, dr\u017eavu i sl. poma\u017eu nam personalizirati i kontinuirano pobolj\u0161avati Va\u0161e iskustvo kupovine NEKMAR proizvoda u BiH. Va\u0161a istorija transakcija i li\u010dni podaci koje nam dajete sigurno se pohranjuju u na\u0161oj bazi podataka i mogu se osigurati za postizanje spomenutih ciljeva samo Bam Plus d.o.o. i NEKMAR EU timu i zaposlenicima, bez ikakvog sudjelovanja tre\u0107ih strana.<\/p>\n<p>Svrha obrade li\u010dnih podataka od strane Bam Plus d.o.o. je Va\u0161a registracija na Web stranici kao novog korisnika, registracija Va\u0161e narud\u017ebe, komuniciranje s Vama, analiza podataka biv\u0161ih, postoje\u0107ih i potencijalnih kupaca s ciljem pru\u017eanja usluga i pobolj\u0161anja njihove kvalitete, optimiziranje marketing aktivnosti, unapre\u0111enje poslovnih postupaka, ogla\u0161avanje, slanje informativnih i drugih poruka na e-mail adresu i \/ ili telefonski broj koji ste naveli, u skladu je sa zahtjevima Op\u0107e uredbe o za\u0161titi podataka (GDPR) br. 2016\/679 od 27. aprila 2016., koju su prihvatili Europski parlament, Vije\u0107e Europske unije i Europska komisija, kao i drugim zakonodavnim propisima. Ne pru\u017eanje takvih informacija mo\u017ee rezultirati otkazivanjem Va\u0161e narud\u017ebe ili da<strong>\u00a0<\/strong><strong>va\u017ene poslovne informacije ne\u0107e biti <\/strong><strong>poslane<\/strong><strong> na Va\u0161u e-mail adresu.<\/strong><\/p>\n<p><strong><br \/>\n<\/strong>Popis akcija sa li\u010dnim podacima i metode obrade: automatizirani, ru\u010dni i kombinirani postupak, uklju\u010duju\u0107i, ali ne ograni\u010davaju\u0107i se na: prikupljanje, registraciju, organizaciju, strukturiranje, pohranu, prilagodbu ili modifikaciju, ekstrakciju, konsultacije, upotrebu, prijenos, distribuciju, koordinaciju ili odre\u0111ene kombinacije, ograni\u010denja, brisanja ili uni\u0161tenja, uklju\u010duju\u0107i prekograni\u010dni prijenos li\u010dnih podataka Bam Plus d.o.o. povezanim licima ili odre\u0111enim tre\u0107im stranama.<\/p>\n<p>Svi li\u010dni podaci koje nam otkrivate su strogo za\u0161ti\u0107eni, pristup je ograni\u010den na osobe koje je Bam Plus d.o.o. tim ili NEKMAR EU tim posebno ovlastio. Odr\u017eavamo sigurnosne standarde i postupke vezane uz neovla\u0161teni pristup informacijama o klijentima kako bi sprije\u010dio neovla\u0161teno uklanjanje ili izmjenu podataka. Nagla\u0161avamo da je va\u017eno da se za\u0161titite od neovla\u0161tenog pristupa Va\u0161oj lozinki i ra\u010dunaru. Obavezno se odjavite kada zavr\u0161ite s kori\u0161tenjem dijeljenog ra\u010dunara.<\/p>\n<p>Imate pravo u bilo kojem trenutku tra\u017eiti od Bam Plus d.o.o. da osigura pristup li\u010dnim podacima, da ispravi ili izbri\u0161e neta\u010dne li\u010dne podatke (podlo\u017ene zakonskim, regulatornim ili drugim obavezama Bam Plus d.o.o.), da koriguje li\u010dne podatke, ograni\u010di obradu odre\u0111enog predmeta, zatra\u017eiti prenosivost li\u010dnih podataka, podnijeti \u017ealbu nadzornom tijelu, Uredu povjerenika za za\u0161titu podataka (ako smatrate da su Va\u0161a zakonska prava i interesi prekr\u0161eni), da Vas isklju\u010di iz direktnog marketinga i \/ ili automatske obrade, uklju\u010duju\u0107i profiliranje, te mo\u017eete povu\u0107i Va\u0161 raniji pristanak na obradu podataka. Imate pravo biti obavije\u0161teni od strane Bam Plus d.o.o. u slu\u010daju kr\u0161enja Pravila o privatnosti i obradi podataka (ili visokog rizika od kr\u0161enja obrade podataka) koji uti\u010du na Va\u0161e li\u010dne interese.<\/p>\n<p>Povla\u010denje pristanka vr\u0161i se u pisanom obliku na Bam Plus d.o.o. adresu: Srpska 99, Banja Luka, Bosna i Hercegovina ili putem e-maila na: bih@nekmar.eu. Bam Plus d.o.o. se obavezuje da \u0107e obustaviti obradu li\u010dnih podataka najkasnije u roku od 10 dana od primitka obavijesti. Povla\u010denjem pristanka na obradu podataka sla\u017eete se i razumijete da se ne mogu posti\u0107i gore navedene svrhe obrade Va\u0161ih li\u010dnih podataka.<br \/>\nVa\u0161a saglasnost za obradu li\u010dnih podataka od strane Bam Plus d.o.o. je va\u017ee\u0107a i mi pohranjujemo Va\u0161e li\u010dne podatke za cijelo razdoblje postojanja Va\u0161eg korisni\u010dnog profila na Web stranici, osim ako prethodno ne povu\u010dete Va\u0161 pristanak na na\u010din vi\u0161e opisan u ovom \u010dlanku. Ako iz bilo kojeg razloga prekidamo na\u0161e odnose, mo\u017eete zatra\u017eiti brisanje Va\u0161ih li\u010dnih podataka.<\/p>\n<p>&nbsp;<\/p>\n<p><strong>Pravila e-mail komunikacije<\/strong><\/p>\n<p>Osim slu\u010dajeva navedenih u ovim Pravilima, Bam Plus d.o.o. ne\u0107e prodavati, dijeliti niti na drugi na\u010din distribuirati Va\u0161u e-mail adresu koja nam se priop\u0107uje ili koja je na drugi na\u010din prikupljena putem kori\u0161tenja ove web stranice. Svaka e-mail adresa izravno dostavljena nama direktno u vezi s online narud\u017ebama, zahtjevima za katalogom\/cjenovnicima\/promocijama i zahtjevima za ostale informacije ostaje u isklju\u010divom vlasni\u0161tvu Bam Plus d.o.o. i NEKMAR tima. Ako ubudu\u0107e ne \u017eelite primati NEKMAR BiH promocije putem e-maila, javite nam to tako da nas kontaktirate putem e-maila. Ako nam date po\u0161tansku i \/ ili e-mail adresu, od nas mo\u017eete primati povremene informacije o novim proizvodima i uslugama ili nadolaze\u0107im doga\u0111ajima. Ako ne \u017eelite primati takve po\u0161iljke, kontaktirajte nas putem e-maila.<\/p>\n<p>&nbsp;<\/p>\n<p><strong>Kola\u010di\u0107i<\/strong><strong> (Cookies)<\/strong><\/p>\n<p>Kao i ve\u0107ina maloprodajnih web stranica, koristimo &#8220;kola\u010di\u0107e&#8221;, dijelove podataka koji putem Va\u0161eg preglednika omogu\u0107avaju na\u0161oj web stranici da vas identificira prilikom pristupa. Iako postoji zabrinutost vezana za &#8220;kola\u010di\u0107e&#8221; i za\u0161titu privatnosti, va\u017eno je da shvatite da &#8220;kola\u010di\u0107i&#8221; ne mogu izdvojiti nikakve informacije o Vama koje niste ve\u0107 dobrovoljno otkrili. Velika ve\u0107ina korisnika interneta sada cijeni &#8220;kola\u010di\u0107e&#8221; kao pogodnost za online kupovinu.<\/p>\n<p>&nbsp;<\/p>\n<p><strong>Imate li pitanja?<\/strong><\/p>\n<p>Ako imate bilo kakvih pitanja vezanih za bilo koji od elemenata Pravila o privatnosti, molimo da nas kontaktirate putem e-maila: bih@nekmar.eu ili na adresu Bam Plus d.o.o.: Srpska 99, Banja Luka, Bosna i Hercegovina i na mobitel +387 66 793 221.<\/p>\n<p>&nbsp;<\/p>\n<p>Zahvaljujemo na razumjevanju.[\/vc_column_text][\/vc_column][\/vc_row][vc_row css_animation=&#8221;&#8221; row_type=&#8221;row&#8221; use_row_as_full_screen_section=&#8221;no&#8221; type=&#8221;full_width&#8221; angled_section=&#8221;no&#8221; text_align=&#8221;left&#8221; background_image_as_pattern=&#8221;without_pattern&#8221;][vc_column][vc_empty_space height=&#8221;100px&#8221;][\/vc_column][\/vc_row]<\/p>\n<\/div>","protected":false},"excerpt":{"rendered":"<p>[vc_row css_animation=&#8221;&#8221; row_type=&#8221;row&#8221; use_row_as_full_screen_section=&#8221;no&#8221; type=&#8221;full_width&#8221; angled_section=&#8221;no&#8221; text_align=&#8221;left&#8221; background_image_as_pattern=&#8221;without_pattern&#8221;][vc_column][vc_empty_space height=&#8221;100px&#8221;][\/vc_column][\/vc_row][vc_row css_animation=&#8221;&#8221; row_type=&#8221;row&#8221; use_row_as_full_screen_section=&#8221;no&#8221; type=&#8221;grid&#8221; angled_section=&#8221;no&#8221; text_align=&#8221;left&#8221; background_image_as_pattern=&#8221;without_pattern&#8221; z_index=&#8221;&#8221;][vc_column][vc_column_text css=&#8221;&#8221;] PREDMET: Bam Plus d.o.o., pravila privatnosti. &nbsp; Pravila privatnosti &nbsp; Pravila o privatnosti se primjenjuje na informacije i li\u010dne podatke koji se mogu prikupiti na web stranici&#8230;<\/p>\n","protected":false},"author":1,"featured_media":0,"parent":0,"menu_order":0,"comment_status":"closed","ping_status":"closed","template":"full_width.php","meta":{"footnotes":""},"class_list":["post-803","page","type-page","status-publish","hentry"],"yoast_head":"<!-- This site is optimized with the Yoast SEO plugin v27.1.1 - https:\/\/yoast.com\/product\/yoast-seo-wordpress\/ -->\n<title>Za\u0161tita osobnih podataka | Nekmar<\/title>\n<meta name=\"robots\" content=\"noindex, follow\" \/>\n<meta property=\"og:locale\" content=\"hr_HR\" \/>\n<meta property=\"og:type\" content=\"article\" \/>\n<meta property=\"og:title\" content=\"Za\u0161tita osobnih podataka | Nekmar\" \/>\n<meta property=\"og:description\" content=\"[vc_row css_animation=&#8221;&#8221; row_type=&#8221;row&#8221; use_row_as_full_screen_section=&#8221;no&#8221; type=&#8221;full_width&#8221; angled_section=&#8221;no&#8221; text_align=&#8221;left&#8221; background_image_as_pattern=&#8221;without_pattern&#8221;][vc_column][vc_empty_space height=&#8221;100px&#8221;][\/vc_column][\/vc_row][vc_row css_animation=&#8221;&#8221; row_type=&#8221;row&#8221; use_row_as_full_screen_section=&#8221;no&#8221; type=&#8221;grid&#8221; angled_section=&#8221;no&#8221; text_align=&#8221;left&#8221; background_image_as_pattern=&#8221;without_pattern&#8221; z_index=&#8221;&#8221;][vc_column][vc_column_text css=&#8221;&#8221;] PREDMET: Bam Plus d.o.o., pravila privatnosti. &nbsp; Pravila privatnosti &nbsp; Pravila o privatnosti se primjenjuje na informacije i li\u010dne podatke koji se mogu prikupiti na web stranici...\" \/>\n<meta property=\"og:url\" content=\"https:\/\/nekmar.eu\/ba\/zastita-osobnih-podataka\/\" \/>\n<meta property=\"og:site_name\" content=\"Nekmar\" \/>\n<meta property=\"article:publisher\" content=\"https:\/\/web.facebook.com\/profile.php?id=61556135161563\" \/>\n<meta property=\"article:modified_time\" content=\"2026-02-23T06:28:39+00:00\" \/>\n<meta property=\"og:image\" content=\"https:\/\/nekmar.eu\/ba\/wp-content\/uploads\/2019\/08\/nekmar-f.jpg\" \/>\n\t<meta property=\"og:image:width\" content=\"1200\" \/>\n\t<meta property=\"og:image:height\" content=\"630\" \/>\n\t<meta property=\"og:image:type\" content=\"image\/jpeg\" \/>\n<meta name=\"twitter:card\" content=\"summary_large_image\" \/>\n<meta name=\"twitter:label1\" content=\"Procijenjeno vrijeme \u010ditanja\" \/>\n\t<meta name=\"twitter:data1\" content=\"6 minuta\" \/>\n<script type=\"application\/ld+json\" class=\"yoast-schema-graph\">{\"@context\":\"https:\/\/schema.org\",\"@graph\":[{\"@type\":\"WebPage\",\"@id\":\"https:\/\/nekmar.eu\/ba\/zastita-osobnih-podataka\/\",\"url\":\"https:\/\/nekmar.eu\/ba\/zastita-osobnih-podataka\/\",\"name\":\"Za\u0161tita osobnih podataka | Nekmar\",\"isPartOf\":{\"@id\":\"https:\/\/nekmar.eu\/ba\/#website\"},\"datePublished\":\"2019-10-16T12:15:17+00:00\",\"dateModified\":\"2026-02-23T06:28:39+00:00\",\"breadcrumb\":{\"@id\":\"https:\/\/nekmar.eu\/ba\/zastita-osobnih-podataka\/#breadcrumb\"},\"inLanguage\":\"hr\",\"potentialAction\":[{\"@type\":\"ReadAction\",\"target\":[\"https:\/\/nekmar.eu\/ba\/zastita-osobnih-podataka\/\"]}]},{\"@type\":\"BreadcrumbList\",\"@id\":\"https:\/\/nekmar.eu\/ba\/zastita-osobnih-podataka\/#breadcrumb\",\"itemListElement\":[{\"@type\":\"ListItem\",\"position\":1,\"name\":\"Home\",\"item\":\"https:\/\/nekmar.eu\/ba\/\"},{\"@type\":\"ListItem\",\"position\":2,\"name\":\"Za\u0161tita osobnih podataka\"}]},{\"@type\":\"WebSite\",\"@id\":\"https:\/\/nekmar.eu\/ba\/#website\",\"url\":\"https:\/\/nekmar.eu\/ba\/\",\"name\":\"Nekmar\",\"description\":\"Pet Nutrition\",\"publisher\":{\"@id\":\"https:\/\/nekmar.eu\/ba\/#organization\"},\"potentialAction\":[{\"@type\":\"SearchAction\",\"target\":{\"@type\":\"EntryPoint\",\"urlTemplate\":\"https:\/\/nekmar.eu\/ba\/?s={search_term_string}\"},\"query-input\":{\"@type\":\"PropertyValueSpecification\",\"valueRequired\":true,\"valueName\":\"search_term_string\"}}],\"inLanguage\":\"hr\"},{\"@type\":\"Organization\",\"@id\":\"https:\/\/nekmar.eu\/ba\/#organization\",\"name\":\"Nekmar Pet Nutrition Bosna i Hercegovina\",\"url\":\"https:\/\/nekmar.eu\/ba\/\",\"logo\":{\"@type\":\"ImageObject\",\"inLanguage\":\"hr\",\"@id\":\"https:\/\/nekmar.eu\/ba\/#\/schema\/logo\/image\/\",\"url\":\"https:\/\/nekmar.eu\/ba\/wp-content\/uploads\/2019\/08\/Nekmar-contact.jpg\",\"contentUrl\":\"https:\/\/nekmar.eu\/ba\/wp-content\/uploads\/2019\/08\/Nekmar-contact.jpg\",\"width\":600,\"height\":142,\"caption\":\"Nekmar Pet Nutrition Bosna i Hercegovina\"},\"image\":{\"@id\":\"https:\/\/nekmar.eu\/ba\/#\/schema\/logo\/image\/\"},\"sameAs\":[\"https:\/\/web.facebook.com\/profile.php?id=61556135161563\",\"https:\/\/www.instagram.com\/nekmarbih\/\"]}]}<\/script>\n<!-- \/ Yoast SEO plugin. -->","yoast_head_json":{"title":"Za\u0161tita osobnih podataka | Nekmar","robots":{"index":"noindex","follow":"follow"},"og_locale":"hr_HR","og_type":"article","og_title":"Za\u0161tita osobnih podataka | Nekmar","og_description":"[vc_row css_animation=&#8221;&#8221; row_type=&#8221;row&#8221; use_row_as_full_screen_section=&#8221;no&#8221; type=&#8221;full_width&#8221; angled_section=&#8221;no&#8221; text_align=&#8221;left&#8221; background_image_as_pattern=&#8221;without_pattern&#8221;][vc_column][vc_empty_space height=&#8221;100px&#8221;][\/vc_column][\/vc_row][vc_row css_animation=&#8221;&#8221; row_type=&#8221;row&#8221; use_row_as_full_screen_section=&#8221;no&#8221; type=&#8221;grid&#8221; angled_section=&#8221;no&#8221; text_align=&#8221;left&#8221; background_image_as_pattern=&#8221;without_pattern&#8221; z_index=&#8221;&#8221;][vc_column][vc_column_text css=&#8221;&#8221;] PREDMET: Bam Plus d.o.o., pravila privatnosti. &nbsp; Pravila privatnosti &nbsp; Pravila o privatnosti se primjenjuje na informacije i li\u010dne podatke koji se mogu prikupiti na web stranici...","og_url":"https:\/\/nekmar.eu\/ba\/zastita-osobnih-podataka\/","og_site_name":"Nekmar","article_publisher":"https:\/\/web.facebook.com\/profile.php?id=61556135161563","article_modified_time":"2026-02-23T06:28:39+00:00","og_image":[{"width":1200,"height":630,"url":"https:\/\/nekmar.eu\/ba\/wp-content\/uploads\/2019\/08\/nekmar-f.jpg","type":"image\/jpeg"}],"twitter_card":"summary_large_image","twitter_misc":{"Procijenjeno vrijeme \u010ditanja":"6 minuta"},"schema":{"@context":"https:\/\/schema.org","@graph":[{"@type":"WebPage","@id":"https:\/\/nekmar.eu\/ba\/zastita-osobnih-podataka\/","url":"https:\/\/nekmar.eu\/ba\/zastita-osobnih-podataka\/","name":"Za\u0161tita osobnih podataka | Nekmar","isPartOf":{"@id":"https:\/\/nekmar.eu\/ba\/#website"},"datePublished":"2019-10-16T12:15:17+00:00","dateModified":"2026-02-23T06:28:39+00:00","breadcrumb":{"@id":"https:\/\/nekmar.eu\/ba\/zastita-osobnih-podataka\/#breadcrumb"},"inLanguage":"hr","potentialAction":[{"@type":"ReadAction","target":["https:\/\/nekmar.eu\/ba\/zastita-osobnih-podataka\/"]}]},{"@type":"BreadcrumbList","@id":"https:\/\/nekmar.eu\/ba\/zastita-osobnih-podataka\/#breadcrumb","itemListElement":[{"@type":"ListItem","position":1,"name":"Home","item":"https:\/\/nekmar.eu\/ba\/"},{"@type":"ListItem","position":2,"name":"Za\u0161tita osobnih podataka"}]},{"@type":"WebSite","@id":"https:\/\/nekmar.eu\/ba\/#website","url":"https:\/\/nekmar.eu\/ba\/","name":"Nekmar","description":"Pet Nutrition","publisher":{"@id":"https:\/\/nekmar.eu\/ba\/#organization"},"potentialAction":[{"@type":"SearchAction","target":{"@type":"EntryPoint","urlTemplate":"https:\/\/nekmar.eu\/ba\/?s={search_term_string}"},"query-input":{"@type":"PropertyValueSpecification","valueRequired":true,"valueName":"search_term_string"}}],"inLanguage":"hr"},{"@type":"Organization","@id":"https:\/\/nekmar.eu\/ba\/#organization","name":"Nekmar Pet Nutrition Bosna i Hercegovina","url":"https:\/\/nekmar.eu\/ba\/","logo":{"@type":"ImageObject","inLanguage":"hr","@id":"https:\/\/nekmar.eu\/ba\/#\/schema\/logo\/image\/","url":"https:\/\/nekmar.eu\/ba\/wp-content\/uploads\/2019\/08\/Nekmar-contact.jpg","contentUrl":"https:\/\/nekmar.eu\/ba\/wp-content\/uploads\/2019\/08\/Nekmar-contact.jpg","width":600,"height":142,"caption":"Nekmar Pet Nutrition Bosna i Hercegovina"},"image":{"@id":"https:\/\/nekmar.eu\/ba\/#\/schema\/logo\/image\/"},"sameAs":["https:\/\/web.facebook.com\/profile.php?id=61556135161563","https:\/\/www.instagram.com\/nekmarbih\/"]}]}},"_links":{"self":[{"href":"https:\/\/nekmar.eu\/ba\/wp-json\/wp\/v2\/pages\/803","targetHints":{"allow":["GET"]}}],"collection":[{"href":"https:\/\/nekmar.eu\/ba\/wp-json\/wp\/v2\/pages"}],"about":[{"href":"https:\/\/nekmar.eu\/ba\/wp-json\/wp\/v2\/types\/page"}],"author":[{"embeddable":true,"href":"https:\/\/nekmar.eu\/ba\/wp-json\/wp\/v2\/users\/1"}],"replies":[{"embeddable":true,"href":"https:\/\/nekmar.eu\/ba\/wp-json\/wp\/v2\/comments?post=803"}],"version-history":[{"count":2,"href":"https:\/\/nekmar.eu\/ba\/wp-json\/wp\/v2\/pages\/803\/revisions"}],"predecessor-version":[{"id":4214,"href":"https:\/\/nekmar.eu\/ba\/wp-json\/wp\/v2\/pages\/803\/revisions\/4214"}],"wp:attachment":[{"href":"https:\/\/nekmar.eu\/ba\/wp-json\/wp\/v2\/media?parent=803"}],"curies":[{"name":"wp","href":"https:\/\/api.w.org\/{rel}","templated":true}]}}