{"id":4109,"date":"2025-08-07T08:39:49","date_gmt":"2025-08-07T06:39:49","guid":{"rendered":"https:\/\/nekmar.eu\/ba\/?post_type=product&#038;p=4109"},"modified":"2026-04-14T15:14:46","modified_gmt":"2026-04-14T13:14:46","slug":"nekmar-low-grain-vitality-with-fresh-horse-meat","status":"publish","type":"product","link":"https:\/\/nekmar.eu\/ba\/proizvod\/nekmar-low-grain-vitality-with-fresh-horse-meat\/","title":{"rendered":"Nekmar Low Grain Vitality with Fresh Horse Meat"},"content":{"rendered":"<div class=\"wpb-content-wrapper\"><p>[vc_row css_animation=&#8221;&#8221; row_type=&#8221;row&#8221; use_row_as_full_screen_section=&#8221;no&#8221; type=&#8221;full_width&#8221; angled_section=&#8221;no&#8221; text_align=&#8221;left&#8221; background_image_as_pattern=&#8221;without_pattern&#8221;][vc_column][vc_column_text css=&#8221;&#8221;]<strong>SASTAV:<\/strong>\u00a0konjsko meso 35% (od \u010dega svje\u017ee konjsko meso 15%), sme\u0111a ri\u017ea 20%, gra\u0161kov \u0161krob, gra\u0161ak, svinjska masno\u0107a 9%, grah, sjeme lana 3%, hidrolizirani proteini jetre 3%, pivski kvasac, su\u0161ena repina pulpa, minerali, dehidrirane alge 0,3%, manan-oligosaharidi (MOS 0,2%), dehidrirani masla\u010dak (Waraxacum officinale W.), dehidrirani nar (Punica granatum L.), yucca schidigera.<\/p>\n<p>&nbsp;<\/p>\n<p><strong>ANALITI\u010cKI SASTAV:<\/strong>\u00a0sirovi proteini 25%, sirova ulja i masno\u0107e 14%, sirova vlakna 2,9%, pepeo 8%, vlaga 8%.<\/p>\n<p>&nbsp;<\/p>\n<p><strong>DODACI po KG:<\/strong>\u00a0Prehrambeni dodaci: 3a672a Vitamin A 18500 IJ, E671 Vitamin D3 1200 IJ, 3a700 Vitamin E 150 mg, E4 bakar 14,5mg, E1 \u017eeljezo 29mg, E5 mangan 58 mg, 3b605 cink 65 mg, 3b201 jod 3,14 mg, E8 selen 0,152 mg. Organolepti\u010dki dodaci: prirodni proizvod botani\u010dki definiran.<\/p>\n<p>&nbsp;<\/p>\n<p><strong>METABOLIZIRANA ENERGIJA:<\/strong>\u00a03700 Kcal\/kg.[\/vc_column_text][\/vc_column][\/vc_row][vc_row css_animation=&#8221;&#8221; row_type=&#8221;row&#8221; use_row_as_full_screen_section=&#8221;no&#8221; type=&#8221;full_width&#8221; angled_section=&#8221;no&#8221; text_align=&#8221;left&#8221; background_image_as_pattern=&#8221;without_pattern&#8221;][vc_column][vc_empty_space][vc_column_text]Preporu\u010dena dnevna koli\u010dina (g\/dan)[\/vc_column_text][vc_empty_space height=&#8221;12px&#8221;][vc_column_text]<\/p>\n<table class=\"gridtable\">\n<tbody>\n<tr>\n<th class=\"table-first-row\">Te\u017eina<\/th>\n<th class=\"table-first-row\">5kg<\/th>\n<th class=\"table-first-row\">10kg<\/th>\n<th class=\"table-first-row\">15kg<\/th>\n<th class=\"table-first-row\">20kg<\/th>\n<th class=\"table-first-row\">25kg<\/th>\n<th class=\"table-first-row\">30kg<\/th>\n<th class=\"table-first-row\">35kg<\/th>\n<th class=\"table-first-row\">40kg<\/th>\n<th class=\"table-first-row\">45kg<\/th>\n<th class=\"table-first-row\">50kg<\/th>\n<th class=\"table-first-row\">60kg<\/th>\n<th class=\"table-first-row\">70kg<\/th>\n<th class=\"table-first-row\">80kg<\/th>\n<\/tr>\n<tr>\n<td class=\"table-first-row\">Normalna aktvnost<\/td>\n<td>100g<\/td>\n<td>150g<\/td>\n<td>200g<\/td>\n<td>255g<\/td>\n<td>285g<\/td>\n<td>320g<\/td>\n<td>360g<\/td>\n<td>400g<\/td>\n<td>440g<\/td>\n<td>480g<\/td>\n<td>550g<\/td>\n<td>620g<\/td>\n<td>680g<\/td>\n<\/tr>\n<tr>\n<td class=\"table-first-row\">Srednja aktivnost<\/td>\n<td>120g<\/td>\n<td>180g<\/td>\n<td>240g<\/td>\n<td>305g<\/td>\n<td>360g<\/td>\n<td>370g<\/td>\n<td>405g<\/td>\n<td>440g<\/td>\n<td>520g<\/td>\n<td>570g<\/td>\n<td>660g<\/td>\n<td>740g<\/td>\n<td>810g<\/td>\n<\/tr>\n<tr>\n<td class=\"table-first-row\">Visoka aktivnost<\/td>\n<td>140g<\/td>\n<td>215g<\/td>\n<td>285g<\/td>\n<td>360g<\/td>\n<td>420g<\/td>\n<td>440g<\/td>\n<td>480g<\/td>\n<td>520g<\/td>\n<td>630g<\/td>\n<td>680g<\/td>\n<td>790g<\/td>\n<td>890g<\/td>\n<td>975g<\/td>\n<\/tr>\n<\/tbody>\n<\/table>\n<p>[\/vc_column_text][vc_empty_space height=&#8221;22px&#8221;][vc_column_text]<strong>PREPORUKA ZA HRANJENJE:<\/strong> hranu mo\u017eete psu dati suhu ili namo\u010denu (mi preporu\u010damo da se prilikom hranjenja preko hrane uvijek doda mala koli\u010dina mla\u010dne vode neposredno prije hranjenja radi olak\u0161anog probavljanja i intenzivnijeg okusa). Koli\u010dine mogu varirati ovisno o specifi\u010dnim potrebama nekih pasa. Pas treba uvijek imati dostupnu svje\u017eu pitku vodu. \u010cuvati na suhom i hladnom mjestu udaljeno od izvora topline.[\/vc_column_text][\/vc_column][\/vc_row]<\/p>\n<\/div>","protected":false},"excerpt":{"rendered":"<p>Ultrapremium monoprotein hrana za pse<\/p>\n<p><strong>12kg<\/strong><\/p>\n","protected":false},"featured_media":4113,"template":"","meta":[],"product_brand":[],"product_cat":[99,130,101],"product_tag":[111,109],"class_list":{"0":"post-4109","1":"product","2":"type-product","3":"status-publish","4":"has-post-thumbnail","6":"product_cat-hrana-za-pse","7":"product_cat-low-grain-monoprotein-vitality","8":"product_cat-nekmar","9":"product_tag-lowgrain-monoprotein","10":"product_tag-nekmar","12":"first","13":"instock","14":"taxable","15":"shipping-taxable","16":"purchasable","17":"product-type-simple"},"yoast_head":"<!-- This site is optimized with the Yoast SEO plugin v27.1.1 - https:\/\/yoast.com\/product\/yoast-seo-wordpress\/ -->\n<title>Nekmar Low Grain Vitality with Fresh Horse Meat<\/title>\n<meta name=\"description\" content=\"Ultrapremium Holistic hrana za odrasle pse.\" \/>\n<meta name=\"robots\" content=\"index, follow, max-snippet:-1, max-image-preview:large, max-video-preview:-1\" \/>\n<link rel=\"canonical\" href=\"https:\/\/nekmar.eu\/ba\/proizvod\/nekmar-low-grain-vitality-with-fresh-horse-meat\/\" \/>\n<meta property=\"og:locale\" content=\"hr_HR\" \/>\n<meta property=\"og:type\" content=\"article\" \/>\n<meta property=\"og:title\" content=\"Nekmar Low Grain Vitality with Fresh Horse Meat\" \/>\n<meta property=\"og:description\" content=\"Posjetite web trgovinu\" \/>\n<meta property=\"og:url\" content=\"https:\/\/nekmar.eu\/ba\/proizvod\/nekmar-low-grain-vitality-with-fresh-horse-meat\/\" \/>\n<meta property=\"og:site_name\" content=\"Nekmar\" \/>\n<meta property=\"article:publisher\" content=\"https:\/\/web.facebook.com\/profile.php?id=61556135161563\" \/>\n<meta property=\"article:modified_time\" content=\"2026-04-14T13:14:46+00:00\" \/>\n<meta property=\"og:image\" content=\"https:\/\/nekmar.eu\/ba\/wp-content\/uploads\/2019\/08\/nekmar-holistic.jpg\" \/>\n\t<meta property=\"og:image:width\" content=\"1200\" \/>\n\t<meta property=\"og:image:height\" content=\"630\" \/>\n\t<meta property=\"og:image:type\" content=\"image\/jpeg\" \/>\n<meta name=\"twitter:card\" content=\"summary_large_image\" \/>\n<meta name=\"twitter:label1\" content=\"Procijenjeno vrijeme \u010ditanja\" \/>\n\t<meta name=\"twitter:data1\" content=\"2 minute\" \/>\n<script type=\"application\/ld+json\" class=\"yoast-schema-graph\">{\"@context\":\"https:\/\/schema.org\",\"@graph\":[{\"@type\":\"WebPage\",\"@id\":\"https:\/\/nekmar.eu\/ba\/proizvod\/nekmar-low-grain-vitality-with-fresh-horse-meat\/\",\"url\":\"https:\/\/nekmar.eu\/ba\/proizvod\/nekmar-low-grain-vitality-with-fresh-horse-meat\/\",\"name\":\"Nekmar Low Grain Vitality with Fresh Horse Meat\",\"isPartOf\":{\"@id\":\"https:\/\/nekmar.eu\/ba\/#website\"},\"primaryImageOfPage\":{\"@id\":\"https:\/\/nekmar.eu\/ba\/proizvod\/nekmar-low-grain-vitality-with-fresh-horse-meat\/#primaryimage\"},\"image\":{\"@id\":\"https:\/\/nekmar.eu\/ba\/proizvod\/nekmar-low-grain-vitality-with-fresh-horse-meat\/#primaryimage\"},\"thumbnailUrl\":\"https:\/\/nekmar.eu\/ba\/wp-content\/uploads\/2025\/08\/nekmar_lowgrain_vitality_with_fresh_horse_meat_12kg.jpg\",\"datePublished\":\"2025-08-07T06:39:49+00:00\",\"dateModified\":\"2026-04-14T13:14:46+00:00\",\"description\":\"Ultrapremium Holistic hrana za odrasle pse.\",\"breadcrumb\":{\"@id\":\"https:\/\/nekmar.eu\/ba\/proizvod\/nekmar-low-grain-vitality-with-fresh-horse-meat\/#breadcrumb\"},\"inLanguage\":\"hr\",\"potentialAction\":[{\"@type\":\"ReadAction\",\"target\":[\"https:\/\/nekmar.eu\/ba\/proizvod\/nekmar-low-grain-vitality-with-fresh-horse-meat\/\"]}]},{\"@type\":\"ImageObject\",\"inLanguage\":\"hr\",\"@id\":\"https:\/\/nekmar.eu\/ba\/proizvod\/nekmar-low-grain-vitality-with-fresh-horse-meat\/#primaryimage\",\"url\":\"https:\/\/nekmar.eu\/ba\/wp-content\/uploads\/2025\/08\/nekmar_lowgrain_vitality_with_fresh_horse_meat_12kg.jpg\",\"contentUrl\":\"https:\/\/nekmar.eu\/ba\/wp-content\/uploads\/2025\/08\/nekmar_lowgrain_vitality_with_fresh_horse_meat_12kg.jpg\",\"width\":1000,\"height\":1000},{\"@type\":\"BreadcrumbList\",\"@id\":\"https:\/\/nekmar.eu\/ba\/proizvod\/nekmar-low-grain-vitality-with-fresh-horse-meat\/#breadcrumb\",\"itemListElement\":[{\"@type\":\"ListItem\",\"position\":1,\"name\":\"Home\",\"item\":\"https:\/\/nekmar.eu\/ba\/\"},{\"@type\":\"ListItem\",\"position\":2,\"name\":\"Trgovina\",\"item\":\"https:\/\/nekmar.eu\/ba\/trgovina\/\"},{\"@type\":\"ListItem\",\"position\":3,\"name\":\"Nekmar Low Grain Vitality with Fresh Horse Meat\"}]},{\"@type\":\"WebSite\",\"@id\":\"https:\/\/nekmar.eu\/ba\/#website\",\"url\":\"https:\/\/nekmar.eu\/ba\/\",\"name\":\"Nekmar\",\"description\":\"Pet Nutrition\",\"publisher\":{\"@id\":\"https:\/\/nekmar.eu\/ba\/#organization\"},\"potentialAction\":[{\"@type\":\"SearchAction\",\"target\":{\"@type\":\"EntryPoint\",\"urlTemplate\":\"https:\/\/nekmar.eu\/ba\/?s={search_term_string}\"},\"query-input\":{\"@type\":\"PropertyValueSpecification\",\"valueRequired\":true,\"valueName\":\"search_term_string\"}}],\"inLanguage\":\"hr\"},{\"@type\":\"Organization\",\"@id\":\"https:\/\/nekmar.eu\/ba\/#organization\",\"name\":\"Nekmar Pet Nutrition Bosna i Hercegovina\",\"url\":\"https:\/\/nekmar.eu\/ba\/\",\"logo\":{\"@type\":\"ImageObject\",\"inLanguage\":\"hr\",\"@id\":\"https:\/\/nekmar.eu\/ba\/#\/schema\/logo\/image\/\",\"url\":\"https:\/\/nekmar.eu\/ba\/wp-content\/uploads\/2019\/08\/Nekmar-contact.jpg\",\"contentUrl\":\"https:\/\/nekmar.eu\/ba\/wp-content\/uploads\/2019\/08\/Nekmar-contact.jpg\",\"width\":600,\"height\":142,\"caption\":\"Nekmar Pet Nutrition Bosna i Hercegovina\"},\"image\":{\"@id\":\"https:\/\/nekmar.eu\/ba\/#\/schema\/logo\/image\/\"},\"sameAs\":[\"https:\/\/web.facebook.com\/profile.php?id=61556135161563\",\"https:\/\/www.instagram.com\/nekmarbih\/\"]}]}<\/script>\n<!-- \/ Yoast SEO plugin. -->","yoast_head_json":{"title":"Nekmar Low Grain Vitality with Fresh Horse Meat","description":"Ultrapremium Holistic hrana za odrasle pse.","robots":{"index":"index","follow":"follow","max-snippet":"max-snippet:-1","max-image-preview":"max-image-preview:large","max-video-preview":"max-video-preview:-1"},"canonical":"https:\/\/nekmar.eu\/ba\/proizvod\/nekmar-low-grain-vitality-with-fresh-horse-meat\/","og_locale":"hr_HR","og_type":"article","og_title":"Nekmar Low Grain Vitality with Fresh Horse Meat","og_description":"Posjetite web trgovinu","og_url":"https:\/\/nekmar.eu\/ba\/proizvod\/nekmar-low-grain-vitality-with-fresh-horse-meat\/","og_site_name":"Nekmar","article_publisher":"https:\/\/web.facebook.com\/profile.php?id=61556135161563","article_modified_time":"2026-04-14T13:14:46+00:00","og_image":[{"width":1200,"height":630,"url":"https:\/\/nekmar.eu\/ba\/wp-content\/uploads\/2019\/08\/nekmar-holistic.jpg","type":"image\/jpeg"}],"twitter_card":"summary_large_image","twitter_misc":{"Procijenjeno vrijeme \u010ditanja":"2 minute"},"schema":{"@context":"https:\/\/schema.org","@graph":[{"@type":"WebPage","@id":"https:\/\/nekmar.eu\/ba\/proizvod\/nekmar-low-grain-vitality-with-fresh-horse-meat\/","url":"https:\/\/nekmar.eu\/ba\/proizvod\/nekmar-low-grain-vitality-with-fresh-horse-meat\/","name":"Nekmar Low Grain Vitality with Fresh Horse Meat","isPartOf":{"@id":"https:\/\/nekmar.eu\/ba\/#website"},"primaryImageOfPage":{"@id":"https:\/\/nekmar.eu\/ba\/proizvod\/nekmar-low-grain-vitality-with-fresh-horse-meat\/#primaryimage"},"image":{"@id":"https:\/\/nekmar.eu\/ba\/proizvod\/nekmar-low-grain-vitality-with-fresh-horse-meat\/#primaryimage"},"thumbnailUrl":"https:\/\/nekmar.eu\/ba\/wp-content\/uploads\/2025\/08\/nekmar_lowgrain_vitality_with_fresh_horse_meat_12kg.jpg","datePublished":"2025-08-07T06:39:49+00:00","dateModified":"2026-04-14T13:14:46+00:00","description":"Ultrapremium Holistic hrana za odrasle pse.","breadcrumb":{"@id":"https:\/\/nekmar.eu\/ba\/proizvod\/nekmar-low-grain-vitality-with-fresh-horse-meat\/#breadcrumb"},"inLanguage":"hr","potentialAction":[{"@type":"ReadAction","target":["https:\/\/nekmar.eu\/ba\/proizvod\/nekmar-low-grain-vitality-with-fresh-horse-meat\/"]}]},{"@type":"ImageObject","inLanguage":"hr","@id":"https:\/\/nekmar.eu\/ba\/proizvod\/nekmar-low-grain-vitality-with-fresh-horse-meat\/#primaryimage","url":"https:\/\/nekmar.eu\/ba\/wp-content\/uploads\/2025\/08\/nekmar_lowgrain_vitality_with_fresh_horse_meat_12kg.jpg","contentUrl":"https:\/\/nekmar.eu\/ba\/wp-content\/uploads\/2025\/08\/nekmar_lowgrain_vitality_with_fresh_horse_meat_12kg.jpg","width":1000,"height":1000},{"@type":"BreadcrumbList","@id":"https:\/\/nekmar.eu\/ba\/proizvod\/nekmar-low-grain-vitality-with-fresh-horse-meat\/#breadcrumb","itemListElement":[{"@type":"ListItem","position":1,"name":"Home","item":"https:\/\/nekmar.eu\/ba\/"},{"@type":"ListItem","position":2,"name":"Trgovina","item":"https:\/\/nekmar.eu\/ba\/trgovina\/"},{"@type":"ListItem","position":3,"name":"Nekmar Low Grain Vitality with Fresh Horse Meat"}]},{"@type":"WebSite","@id":"https:\/\/nekmar.eu\/ba\/#website","url":"https:\/\/nekmar.eu\/ba\/","name":"Nekmar","description":"Pet Nutrition","publisher":{"@id":"https:\/\/nekmar.eu\/ba\/#organization"},"potentialAction":[{"@type":"SearchAction","target":{"@type":"EntryPoint","urlTemplate":"https:\/\/nekmar.eu\/ba\/?s={search_term_string}"},"query-input":{"@type":"PropertyValueSpecification","valueRequired":true,"valueName":"search_term_string"}}],"inLanguage":"hr"},{"@type":"Organization","@id":"https:\/\/nekmar.eu\/ba\/#organization","name":"Nekmar Pet Nutrition Bosna i Hercegovina","url":"https:\/\/nekmar.eu\/ba\/","logo":{"@type":"ImageObject","inLanguage":"hr","@id":"https:\/\/nekmar.eu\/ba\/#\/schema\/logo\/image\/","url":"https:\/\/nekmar.eu\/ba\/wp-content\/uploads\/2019\/08\/Nekmar-contact.jpg","contentUrl":"https:\/\/nekmar.eu\/ba\/wp-content\/uploads\/2019\/08\/Nekmar-contact.jpg","width":600,"height":142,"caption":"Nekmar Pet Nutrition Bosna i Hercegovina"},"image":{"@id":"https:\/\/nekmar.eu\/ba\/#\/schema\/logo\/image\/"},"sameAs":["https:\/\/web.facebook.com\/profile.php?id=61556135161563","https:\/\/www.instagram.com\/nekmarbih\/"]}]}},"_links":{"self":[{"href":"https:\/\/nekmar.eu\/ba\/wp-json\/wp\/v2\/product\/4109","targetHints":{"allow":["GET"]}}],"collection":[{"href":"https:\/\/nekmar.eu\/ba\/wp-json\/wp\/v2\/product"}],"about":[{"href":"https:\/\/nekmar.eu\/ba\/wp-json\/wp\/v2\/types\/product"}],"wp:featuredmedia":[{"embeddable":true,"href":"https:\/\/nekmar.eu\/ba\/wp-json\/wp\/v2\/media\/4113"}],"wp:attachment":[{"href":"https:\/\/nekmar.eu\/ba\/wp-json\/wp\/v2\/media?parent=4109"}],"wp:term":[{"taxonomy":"product_brand","embeddable":true,"href":"https:\/\/nekmar.eu\/ba\/wp-json\/wp\/v2\/product_brand?post=4109"},{"taxonomy":"product_cat","embeddable":true,"href":"https:\/\/nekmar.eu\/ba\/wp-json\/wp\/v2\/product_cat?post=4109"},{"taxonomy":"product_tag","embeddable":true,"href":"https:\/\/nekmar.eu\/ba\/wp-json\/wp\/v2\/product_tag?post=4109"}],"curies":[{"name":"wp","href":"https:\/\/api.w.org\/{rel}","templated":true}]}}