{"id":660,"date":"2019-09-08T07:56:19","date_gmt":"2019-09-08T05:56:19","guid":{"rendered":"https:\/\/nekmar.eu\/ba\/?post_type=product&#038;p=660"},"modified":"2026-04-13T12:26:43","modified_gmt":"2026-04-13T10:26:43","slug":"nekmar-puppy-baby","status":"publish","type":"product","link":"https:\/\/nekmar.eu\/ba\/proizvod\/nekmar-puppy-baby\/","title":{"rendered":"Nekmar Low Grain Puppy &#038; Baby 0-6 months"},"content":{"rendered":"<div class=\"wpb-content-wrapper\"><p>[vc_row css_animation=&#8221;&#8221; row_type=&#8221;row&#8221; use_row_as_full_screen_section=&#8221;no&#8221; type=&#8221;full_width&#8221; angled_section=&#8221;no&#8221; text_align=&#8221;left&#8221; background_image_as_pattern=&#8221;without_pattern&#8221;][vc_column][vc_column_text]<strong>SASTAV:<\/strong> pile\u0107e meso 37% (od \u010dega svje\u017ee pile\u0107e meso 15%), sme\u0111a ri\u017ea 22% gra\u0161ak, pile\u0107a masno\u0107a 10%, krumpir, dehidrirana riba 4%, gove\u0111i \u010dvarci 3,5%, grah, sjeme lana, su\u0161ena repina pulpa, hidrolizirana jetra 2%, kvasac, dehidrirane alge 0,3%, frukto-oligosaharidi (FOS 0,2%), manan-oligosaharidi (MOS 0,2%), yucca schidigera, dehidrirana stabljika ananasa (Ananas comusus), dehidrirana jabuka (Malus pumila), dehidridana sikavica (Silybum marianum L.), glukozamin, kondroitin sulfat.<\/p>\n<p>&nbsp;<\/p>\n<p><strong>ANALITI\u010cKI SASTAV:<\/strong> sirovi proteini 30%, sirova ulja i masno\u0107e 20%, sirova vlakna 2,4%, pepeo 7,5%, vlaga 8%.<\/p>\n<p>&nbsp;<\/p>\n<p><strong>DODACI po KG:<\/strong> Prehrambeni dodaci: 3a672a Vitamin A 24000 IJ, E671 Vitamin D3 1600 IJ, 3a700 Vitamin E 200 mg, E4 bakar 19mg, E1 \u017eeljezo 38mg, E5 mangan 76 mg, 3b605 cink 84 mg, 3b201 jod 4,0 mg, E8 selen 0,2 mg. Organolepti\u010dki dodaci: Prirodni proizvod botani\u010dki definiran.<\/p>\n<p>&nbsp;<\/p>\n<p><strong>METABOLIZIRANA ENERGIJA:<\/strong> 4070 Kcal\/kg.[\/vc_column_text][\/vc_column][\/vc_row][vc_row css_animation=&#8221;&#8221; row_type=&#8221;row&#8221; use_row_as_full_screen_section=&#8221;no&#8221; type=&#8221;full_width&#8221; angled_section=&#8221;no&#8221; text_align=&#8221;left&#8221; background_image_as_pattern=&#8221;without_pattern&#8221;][vc_column][vc_empty_space][vc_column_text]Preporu\u010dena dnevna koli\u010dina (g\/dan)[\/vc_column_text][vc_empty_space height=&#8221;10px&#8221;][vc_column_text]<\/p>\n<table class=\"gridtable\">\n<tbody>\n<tr>\n<th class=\"table-first-row\">Te\u017eina odraslog psa<\/th>\n<th class=\"table-first-row\">1-3kg<\/th>\n<th class=\"table-first-row\">4-5kg<\/th>\n<th class=\"table-first-row\">7kg<\/th>\n<th class=\"table-first-row\">10kg<\/th>\n<th class=\"table-first-row\">15kg<\/th>\n<th class=\"table-first-row\">20kg<\/th>\n<th class=\"table-first-row\">25kg<\/th>\n<th class=\"table-first-row\">30kg<\/th>\n<th class=\"table-first-row\">35kg<\/th>\n<th class=\"table-first-row\">40kg<\/th>\n<th class=\"table-first-row\">45kg<\/th>\n<th class=\"table-first-row\">50kg<\/th>\n<th class=\"table-first-row\">60kg<\/th>\n<th class=\"table-first-row\">70kg<\/th>\n<th class=\"table-first-row\">80kg<\/th>\n<\/tr>\n<tr>\n<td class=\"table-first-row\">3 tjedna<\/td>\n<td>&#8211;<\/td>\n<td>&#8211;<\/td>\n<td>&#8211;<\/td>\n<td>&#8211;<\/td>\n<td>&#8211;<\/td>\n<td>&#8211;<\/td>\n<td>30g<\/td>\n<td>30g<\/td>\n<td>30g<\/td>\n<td>30g<\/td>\n<td>30g<\/td>\n<td>30g<\/td>\n<td>30g<\/td>\n<td>40g<\/td>\n<td>50g<\/td>\n<\/tr>\n<tr>\n<td class=\"table-first-row\">3-4 tjedna<\/td>\n<td>10g<\/td>\n<td>10g<\/td>\n<td>10g<\/td>\n<td>10g<\/td>\n<td>50g<\/td>\n<td>60g<\/td>\n<td>90g<\/td>\n<td>90g<\/td>\n<td>110g<\/td>\n<td>110g<\/td>\n<td>120g<\/td>\n<td>120g<\/td>\n<td>130g<\/td>\n<td>145g<\/td>\n<td>160g<\/td>\n<\/tr>\n<tr>\n<td class=\"table-first-row\">4-5 tjedana<\/td>\n<td>30g<\/td>\n<td>30g<\/td>\n<td>45g<\/td>\n<td>50g<\/td>\n<td>70g<\/td>\n<td>100g<\/td>\n<td>155g<\/td>\n<td>160g<\/td>\n<td>170g<\/td>\n<td>180g<\/td>\n<td>180g<\/td>\n<td>190g<\/td>\n<td>195g<\/td>\n<td>210g<\/td>\n<td>220g<\/td>\n<\/tr>\n<tr>\n<td class=\"table-first-row\">5-6 tjedana<\/td>\n<td>30g<\/td>\n<td>60g<\/td>\n<td>90g<\/td>\n<td>100g<\/td>\n<td>120g<\/td>\n<td>140g<\/td>\n<td>170g<\/td>\n<td>175g<\/td>\n<td>190g<\/td>\n<td>190g<\/td>\n<td>190g<\/td>\n<td>200g<\/td>\n<td>220g<\/td>\n<td>235g<\/td>\n<td>250g<\/td>\n<\/tr>\n<tr>\n<td class=\"table-first-row\">6-7 tjedana<\/td>\n<td>40g<\/td>\n<td>70g<\/td>\n<td>100g<\/td>\n<td>120g<\/td>\n<td>150g<\/td>\n<td>190g<\/td>\n<td>225g<\/td>\n<td>235g<\/td>\n<td>245g<\/td>\n<td>245g<\/td>\n<td>245g<\/td>\n<td>250g<\/td>\n<td>275g<\/td>\n<td>290g<\/td>\n<td>300g<\/td>\n<\/tr>\n<tr>\n<td class=\"table-first-row\">7-8 tjedana<\/td>\n<td>50g<\/td>\n<td>75g<\/td>\n<td>115g<\/td>\n<td>145g<\/td>\n<td>190g<\/td>\n<td>220g<\/td>\n<td>250g<\/td>\n<td>260g<\/td>\n<td>265g<\/td>\n<td>270g<\/td>\n<td>320g<\/td>\n<td>340g<\/td>\n<td>360g<\/td>\n<td>380g<\/td>\n<td>400g<\/td>\n<\/tr>\n<tr>\n<td class=\"table-first-row\">2 mjeseca<\/td>\n<td>60g<\/td>\n<td>80g<\/td>\n<td>120g<\/td>\n<td>150g<\/td>\n<td>205g<\/td>\n<td>240g<\/td>\n<td>270g<\/td>\n<td>300g<\/td>\n<td>310g<\/td>\n<td>320g<\/td>\n<td>&#8211;<\/td>\n<td>&#8211;<\/td>\n<td>&#8211;<\/td>\n<td>&#8211;<\/td>\n<td>&#8211;<\/td>\n<\/tr>\n<tr>\n<td class=\"table-first-row\">3 mjeseca<\/td>\n<td>65g<\/td>\n<td>90g<\/td>\n<td>130g<\/td>\n<td>165g<\/td>\n<td>240g<\/td>\n<td>285g<\/td>\n<td>330g<\/td>\n<td>380g<\/td>\n<td>390g<\/td>\n<td>400g<\/td>\n<td>&#8211;<\/td>\n<td>&#8211;<\/td>\n<td>&#8211;<\/td>\n<td>&#8211;<\/td>\n<td>&#8211;<\/td>\n<\/tr>\n<tr>\n<td class=\"table-first-row\">4 mjeseca<\/td>\n<td>70g<\/td>\n<td>100g<\/td>\n<td>140g<\/td>\n<td>175g<\/td>\n<td>250g<\/td>\n<td>290g<\/td>\n<td>345g<\/td>\n<td>&#8211;<\/td>\n<td>&#8211;<\/td>\n<td>&#8211;<\/td>\n<td>&#8211;<\/td>\n<td>&#8211;<\/td>\n<td>&#8211;<\/td>\n<td>&#8211;<\/td>\n<td>&#8211;<\/td>\n<\/tr>\n<tr>\n<td class=\"table-first-row\">5 mjeseci<\/td>\n<td>75g<\/td>\n<td>110g<\/td>\n<td>150g<\/td>\n<td>185g<\/td>\n<td>260g<\/td>\n<td>305g<\/td>\n<td>360g<\/td>\n<td>&#8211;<\/td>\n<td>&#8211;<\/td>\n<td>&#8211;<\/td>\n<td>&#8211;<\/td>\n<td>&#8211;<\/td>\n<td>&#8211;<\/td>\n<td>&#8211;<\/td>\n<td>&#8211;<\/td>\n<\/tr>\n<tr>\n<td class=\"table-first-row\">6 mjeseci<\/td>\n<td>70g<\/td>\n<td>110g<\/td>\n<td>145g<\/td>\n<td>180g<\/td>\n<td>250g<\/td>\n<td>310g<\/td>\n<td>370g<\/td>\n<td>&#8211;<\/td>\n<td>&#8211;<\/td>\n<td>&#8211;<\/td>\n<td>&#8211;<\/td>\n<td>&#8211;<\/td>\n<td>&#8211;<\/td>\n<td>&#8211;<\/td>\n<td>&#8211;<\/td>\n<\/tr>\n<\/tbody>\n<\/table>\n<p>[\/vc_column_text][vc_empty_space height=&#8221;22px&#8221;][vc_column_text]<strong>\u017dENKE U SKOTNOSTI ILI LAKTACIJI :<\/strong> Skotnoj \u017eenki postepeno uvedite hranu nakon 35. dana skotnosti kroz period od 5 dana. U sedmom tjednu skotnosti postepeno pove\u0107avajte koli\u010dinu hrane dok ne dosegnete 50% ve\u0107u koli\u010dinu dnevnog unosa hrane u odnosu na period prije skotnosti(\u017eenka sada treba dobivati 3 obroka dnevno).U zadnjem tjednu skotnosti pove\u0107ajte koli\u010dinu hrane za dodatnih 15-20% te hranite istu koli\u010dinu do kraja laktacije.<\/p>\n<p>[\/vc_column_text][vc_empty_space height=&#8221;22px&#8221;][vc_column_text]<strong>PREPORUKA ZA HRANJENJE:<\/strong> hranu mo\u017eete psu dati suhu ili namo\u010denu (mi preporu\u010damo da se prilikom hranjenja preko hrane uvijek doda mala koli\u010dina mla\u010dne vode neposredno prije hranjenja radi olak\u0161anog probavljanja i intenzivnijeg okusa). Koli\u010dine mogu varirati ovisno o specifi\u010dnim potrebama nekih pasa. Pas treba uvijek imati dostupnu svje\u017eu pitku vodu. \u010cuvati na suhom i hladnom mjestu udaljeno od izvora topline.[\/vc_column_text][\/vc_column][\/vc_row]<\/p>\n<\/div>","protected":false},"excerpt":{"rendered":"<p>Ultrapremium hrana za \u0161tence starosti do 6 mjeseci i \u017eenke u skotnosti i laktaciji<\/p>\n<p><strong>12 kg<\/strong><\/p>\n","protected":false},"featured_media":467,"template":"","meta":[],"product_brand":[],"product_cat":[99,105,101],"product_tag":[110,109],"class_list":{"0":"post-660","1":"product","2":"type-product","3":"status-publish","4":"has-post-thumbnail","6":"product_cat-hrana-za-pse","7":"product_cat-lowgrain","8":"product_cat-nekmar","9":"product_tag-lowgrain","10":"product_tag-nekmar","11":"product_shipping_class-nek","13":"first","14":"instock","15":"taxable","16":"shipping-taxable","17":"purchasable","18":"product-type-simple"},"yoast_head":"<!-- This site is optimized with the Yoast SEO plugin v27.1.1 - https:\/\/yoast.com\/product\/yoast-seo-wordpress\/ -->\n<title>Nekmar | Low Grain Puppy &amp; Baby 0-6 months<\/title>\n<meta name=\"description\" content=\"Ultrapremium Starter Holistic hrana za \u0161tence starosti do 6 mjeseci i \u017eenke u skotnosti i laktaciji. Glavni sastojci: pile\u0107e meso 37%, sme\u0111a ri\u017ea 22%.\" \/>\n<meta name=\"robots\" content=\"index, follow, max-snippet:-1, max-image-preview:large, max-video-preview:-1\" \/>\n<link rel=\"canonical\" href=\"https:\/\/nekmar.eu\/ba\/proizvod\/nekmar-puppy-baby\/\" \/>\n<meta property=\"og:locale\" content=\"hr_HR\" \/>\n<meta property=\"og:type\" content=\"article\" \/>\n<meta property=\"og:title\" content=\"Nekmar Low Grain Puppy &amp; Baby 0-6 months\" \/>\n<meta property=\"og:description\" content=\"Posjetite web trgovinu\" \/>\n<meta property=\"og:url\" content=\"https:\/\/nekmar.eu\/ba\/proizvod\/nekmar-puppy-baby\/\" \/>\n<meta property=\"og:site_name\" content=\"Nekmar\" \/>\n<meta property=\"article:publisher\" content=\"https:\/\/web.facebook.com\/profile.php?id=61556135161563\" \/>\n<meta property=\"article:modified_time\" content=\"2026-04-13T10:26:43+00:00\" \/>\n<meta property=\"og:image\" content=\"https:\/\/nekmar.eu\/ba\/wp-content\/uploads\/2019\/08\/nekmar-holistic.jpg\" \/>\n\t<meta property=\"og:image:width\" content=\"1200\" \/>\n\t<meta property=\"og:image:height\" content=\"630\" \/>\n\t<meta property=\"og:image:type\" content=\"image\/jpeg\" \/>\n<meta name=\"twitter:card\" content=\"summary_large_image\" \/>\n<meta name=\"twitter:label1\" content=\"Procijenjeno vrijeme \u010ditanja\" \/>\n\t<meta name=\"twitter:data1\" content=\"3 minute\" \/>\n<script type=\"application\/ld+json\" class=\"yoast-schema-graph\">{\"@context\":\"https:\/\/schema.org\",\"@graph\":[{\"@type\":\"WebPage\",\"@id\":\"https:\/\/nekmar.eu\/ba\/proizvod\/nekmar-puppy-baby\/\",\"url\":\"https:\/\/nekmar.eu\/ba\/proizvod\/nekmar-puppy-baby\/\",\"name\":\"Nekmar | Low Grain Puppy & Baby 0-6 months\",\"isPartOf\":{\"@id\":\"https:\/\/nekmar.eu\/ba\/#website\"},\"primaryImageOfPage\":{\"@id\":\"https:\/\/nekmar.eu\/ba\/proizvod\/nekmar-puppy-baby\/#primaryimage\"},\"image\":{\"@id\":\"https:\/\/nekmar.eu\/ba\/proizvod\/nekmar-puppy-baby\/#primaryimage\"},\"thumbnailUrl\":\"https:\/\/nekmar.eu\/ba\/wp-content\/uploads\/2019\/08\/nekmar_lowgrain_puppy_baby.jpg\",\"datePublished\":\"2019-09-08T05:56:19+00:00\",\"dateModified\":\"2026-04-13T10:26:43+00:00\",\"description\":\"Ultrapremium Starter Holistic hrana za \u0161tence starosti do 6 mjeseci i \u017eenke u skotnosti i laktaciji. Glavni sastojci: pile\u0107e meso 37%, sme\u0111a ri\u017ea 22%.\",\"breadcrumb\":{\"@id\":\"https:\/\/nekmar.eu\/ba\/proizvod\/nekmar-puppy-baby\/#breadcrumb\"},\"inLanguage\":\"hr\",\"potentialAction\":[{\"@type\":\"ReadAction\",\"target\":[\"https:\/\/nekmar.eu\/ba\/proizvod\/nekmar-puppy-baby\/\"]}]},{\"@type\":\"ImageObject\",\"inLanguage\":\"hr\",\"@id\":\"https:\/\/nekmar.eu\/ba\/proizvod\/nekmar-puppy-baby\/#primaryimage\",\"url\":\"https:\/\/nekmar.eu\/ba\/wp-content\/uploads\/2019\/08\/nekmar_lowgrain_puppy_baby.jpg\",\"contentUrl\":\"https:\/\/nekmar.eu\/ba\/wp-content\/uploads\/2019\/08\/nekmar_lowgrain_puppy_baby.jpg\",\"width\":1000,\"height\":1000},{\"@type\":\"BreadcrumbList\",\"@id\":\"https:\/\/nekmar.eu\/ba\/proizvod\/nekmar-puppy-baby\/#breadcrumb\",\"itemListElement\":[{\"@type\":\"ListItem\",\"position\":1,\"name\":\"Home\",\"item\":\"https:\/\/nekmar.eu\/ba\/\"},{\"@type\":\"ListItem\",\"position\":2,\"name\":\"Trgovina\",\"item\":\"https:\/\/nekmar.eu\/ba\/trgovina\/\"},{\"@type\":\"ListItem\",\"position\":3,\"name\":\"Nekmar Low Grain Puppy &#038; Baby 0-6 months\"}]},{\"@type\":\"WebSite\",\"@id\":\"https:\/\/nekmar.eu\/ba\/#website\",\"url\":\"https:\/\/nekmar.eu\/ba\/\",\"name\":\"Nekmar\",\"description\":\"Pet Nutrition\",\"publisher\":{\"@id\":\"https:\/\/nekmar.eu\/ba\/#organization\"},\"potentialAction\":[{\"@type\":\"SearchAction\",\"target\":{\"@type\":\"EntryPoint\",\"urlTemplate\":\"https:\/\/nekmar.eu\/ba\/?s={search_term_string}\"},\"query-input\":{\"@type\":\"PropertyValueSpecification\",\"valueRequired\":true,\"valueName\":\"search_term_string\"}}],\"inLanguage\":\"hr\"},{\"@type\":\"Organization\",\"@id\":\"https:\/\/nekmar.eu\/ba\/#organization\",\"name\":\"Nekmar Pet Nutrition Bosna i Hercegovina\",\"url\":\"https:\/\/nekmar.eu\/ba\/\",\"logo\":{\"@type\":\"ImageObject\",\"inLanguage\":\"hr\",\"@id\":\"https:\/\/nekmar.eu\/ba\/#\/schema\/logo\/image\/\",\"url\":\"https:\/\/nekmar.eu\/ba\/wp-content\/uploads\/2019\/08\/Nekmar-contact.jpg\",\"contentUrl\":\"https:\/\/nekmar.eu\/ba\/wp-content\/uploads\/2019\/08\/Nekmar-contact.jpg\",\"width\":600,\"height\":142,\"caption\":\"Nekmar Pet Nutrition Bosna i Hercegovina\"},\"image\":{\"@id\":\"https:\/\/nekmar.eu\/ba\/#\/schema\/logo\/image\/\"},\"sameAs\":[\"https:\/\/web.facebook.com\/profile.php?id=61556135161563\",\"https:\/\/www.instagram.com\/nekmarbih\/\"]}]}<\/script>\n<!-- \/ Yoast SEO plugin. -->","yoast_head_json":{"title":"Nekmar | Low Grain Puppy & Baby 0-6 months","description":"Ultrapremium Starter Holistic hrana za \u0161tence starosti do 6 mjeseci i \u017eenke u skotnosti i laktaciji. Glavni sastojci: pile\u0107e meso 37%, sme\u0111a ri\u017ea 22%.","robots":{"index":"index","follow":"follow","max-snippet":"max-snippet:-1","max-image-preview":"max-image-preview:large","max-video-preview":"max-video-preview:-1"},"canonical":"https:\/\/nekmar.eu\/ba\/proizvod\/nekmar-puppy-baby\/","og_locale":"hr_HR","og_type":"article","og_title":"Nekmar Low Grain Puppy & Baby 0-6 months","og_description":"Posjetite web trgovinu","og_url":"https:\/\/nekmar.eu\/ba\/proizvod\/nekmar-puppy-baby\/","og_site_name":"Nekmar","article_publisher":"https:\/\/web.facebook.com\/profile.php?id=61556135161563","article_modified_time":"2026-04-13T10:26:43+00:00","og_image":[{"width":1200,"height":630,"url":"https:\/\/nekmar.eu\/ba\/wp-content\/uploads\/2019\/08\/nekmar-holistic.jpg","type":"image\/jpeg"}],"twitter_card":"summary_large_image","twitter_misc":{"Procijenjeno vrijeme \u010ditanja":"3 minute"},"schema":{"@context":"https:\/\/schema.org","@graph":[{"@type":"WebPage","@id":"https:\/\/nekmar.eu\/ba\/proizvod\/nekmar-puppy-baby\/","url":"https:\/\/nekmar.eu\/ba\/proizvod\/nekmar-puppy-baby\/","name":"Nekmar | Low Grain Puppy & Baby 0-6 months","isPartOf":{"@id":"https:\/\/nekmar.eu\/ba\/#website"},"primaryImageOfPage":{"@id":"https:\/\/nekmar.eu\/ba\/proizvod\/nekmar-puppy-baby\/#primaryimage"},"image":{"@id":"https:\/\/nekmar.eu\/ba\/proizvod\/nekmar-puppy-baby\/#primaryimage"},"thumbnailUrl":"https:\/\/nekmar.eu\/ba\/wp-content\/uploads\/2019\/08\/nekmar_lowgrain_puppy_baby.jpg","datePublished":"2019-09-08T05:56:19+00:00","dateModified":"2026-04-13T10:26:43+00:00","description":"Ultrapremium Starter Holistic hrana za \u0161tence starosti do 6 mjeseci i \u017eenke u skotnosti i laktaciji. Glavni sastojci: pile\u0107e meso 37%, sme\u0111a ri\u017ea 22%.","breadcrumb":{"@id":"https:\/\/nekmar.eu\/ba\/proizvod\/nekmar-puppy-baby\/#breadcrumb"},"inLanguage":"hr","potentialAction":[{"@type":"ReadAction","target":["https:\/\/nekmar.eu\/ba\/proizvod\/nekmar-puppy-baby\/"]}]},{"@type":"ImageObject","inLanguage":"hr","@id":"https:\/\/nekmar.eu\/ba\/proizvod\/nekmar-puppy-baby\/#primaryimage","url":"https:\/\/nekmar.eu\/ba\/wp-content\/uploads\/2019\/08\/nekmar_lowgrain_puppy_baby.jpg","contentUrl":"https:\/\/nekmar.eu\/ba\/wp-content\/uploads\/2019\/08\/nekmar_lowgrain_puppy_baby.jpg","width":1000,"height":1000},{"@type":"BreadcrumbList","@id":"https:\/\/nekmar.eu\/ba\/proizvod\/nekmar-puppy-baby\/#breadcrumb","itemListElement":[{"@type":"ListItem","position":1,"name":"Home","item":"https:\/\/nekmar.eu\/ba\/"},{"@type":"ListItem","position":2,"name":"Trgovina","item":"https:\/\/nekmar.eu\/ba\/trgovina\/"},{"@type":"ListItem","position":3,"name":"Nekmar Low Grain Puppy &#038; Baby 0-6 months"}]},{"@type":"WebSite","@id":"https:\/\/nekmar.eu\/ba\/#website","url":"https:\/\/nekmar.eu\/ba\/","name":"Nekmar","description":"Pet Nutrition","publisher":{"@id":"https:\/\/nekmar.eu\/ba\/#organization"},"potentialAction":[{"@type":"SearchAction","target":{"@type":"EntryPoint","urlTemplate":"https:\/\/nekmar.eu\/ba\/?s={search_term_string}"},"query-input":{"@type":"PropertyValueSpecification","valueRequired":true,"valueName":"search_term_string"}}],"inLanguage":"hr"},{"@type":"Organization","@id":"https:\/\/nekmar.eu\/ba\/#organization","name":"Nekmar Pet Nutrition Bosna i Hercegovina","url":"https:\/\/nekmar.eu\/ba\/","logo":{"@type":"ImageObject","inLanguage":"hr","@id":"https:\/\/nekmar.eu\/ba\/#\/schema\/logo\/image\/","url":"https:\/\/nekmar.eu\/ba\/wp-content\/uploads\/2019\/08\/Nekmar-contact.jpg","contentUrl":"https:\/\/nekmar.eu\/ba\/wp-content\/uploads\/2019\/08\/Nekmar-contact.jpg","width":600,"height":142,"caption":"Nekmar Pet Nutrition Bosna i Hercegovina"},"image":{"@id":"https:\/\/nekmar.eu\/ba\/#\/schema\/logo\/image\/"},"sameAs":["https:\/\/web.facebook.com\/profile.php?id=61556135161563","https:\/\/www.instagram.com\/nekmarbih\/"]}]}},"_links":{"self":[{"href":"https:\/\/nekmar.eu\/ba\/wp-json\/wp\/v2\/product\/660","targetHints":{"allow":["GET"]}}],"collection":[{"href":"https:\/\/nekmar.eu\/ba\/wp-json\/wp\/v2\/product"}],"about":[{"href":"https:\/\/nekmar.eu\/ba\/wp-json\/wp\/v2\/types\/product"}],"wp:featuredmedia":[{"embeddable":true,"href":"https:\/\/nekmar.eu\/ba\/wp-json\/wp\/v2\/media\/467"}],"wp:attachment":[{"href":"https:\/\/nekmar.eu\/ba\/wp-json\/wp\/v2\/media?parent=660"}],"wp:term":[{"taxonomy":"product_brand","embeddable":true,"href":"https:\/\/nekmar.eu\/ba\/wp-json\/wp\/v2\/product_brand?post=660"},{"taxonomy":"product_cat","embeddable":true,"href":"https:\/\/nekmar.eu\/ba\/wp-json\/wp\/v2\/product_cat?post=660"},{"taxonomy":"product_tag","embeddable":true,"href":"https:\/\/nekmar.eu\/ba\/wp-json\/wp\/v2\/product_tag?post=660"}],"curies":[{"name":"wp","href":"https:\/\/api.w.org\/{rel}","templated":true}]}}