{"id":662,"date":"2019-09-08T08:07:25","date_gmt":"2019-09-08T06:07:25","guid":{"rendered":"https:\/\/nekmar.eu\/ba\/?post_type=product&#038;p=662"},"modified":"2026-03-19T08:59:42","modified_gmt":"2026-03-19T06:59:42","slug":"nekmar-adult-small-medium","status":"publish","type":"product","link":"https:\/\/nekmar.eu\/ba\/proizvod\/nekmar-adult-small-medium\/","title":{"rendered":"Nekmar Low Grain Adult Small &#038; Medium"},"content":{"rendered":"<div class=\"wpb-content-wrapper\"><p>[vc_row css_animation=&#8221;&#8221; row_type=&#8221;row&#8221; use_row_as_full_screen_section=&#8221;no&#8221; type=&#8221;full_width&#8221; angled_section=&#8221;no&#8221; text_align=&#8221;left&#8221; background_image_as_pattern=&#8221;without_pattern&#8221;][vc_column][vc_column_text]<strong>SASTAV:<\/strong> pile\u0107e meso 38% (od \u010dega svje\u017ee pile\u0107e meso 15%), sme\u0111a ri\u017ea 23%, gra\u0161ak, pile\u0107a masno\u0107a 10%, grah, krumpir, sjeme lana, su\u0161ena repina pulpa, hidrolizirana jetra 2%, kvasac, dehidrirane alge 0,24%, manan-oligosaharidi (MOS 0,16%), dehidrirana stabljika ananasa (Ananas comusus), dehidrirani nar (Punica granatum L.), yucca schidigera, dehidrirani masla\u010dak (Taraxacum officinale W.), glukozamin, kondroitin sulfat.<\/p>\n<p>&nbsp;<\/p>\n<p><strong>ANALITI\u010cKI SASTAV:<\/strong> sirovi proteini 27%, sirova ulja i masno\u0107e 15%, sirova vlakna 2,6%, pepeo 7,5%, vlaga 8%.<\/p>\n<p>&nbsp;<\/p>\n<p><strong>DODACI po KG:<\/strong> Prehrambeni dodaci: 3a672a Vitamin A 19500 IJ, E671 Vitamin D3 1300 IJ, 3a700 Vitamin E 170 mg, E4 bakar 15,5mg, E1 \u017eeljezo 31mg, E5 mangan 62 mg, 3b605 cink 70 mg, 3b201 jod 2,45 mg, E8 selen 0,16 mg. Organolepti\u010dki dodaci: Prirodni proizvod botani\u010dki definiran.<\/p>\n<p>&nbsp;<\/p>\n<p><strong>METABOLIZIRANA ENERGIJA:<\/strong> 3810 Kcal\/kg.[\/vc_column_text][\/vc_column][\/vc_row][vc_row css_animation=&#8221;&#8221; row_type=&#8221;row&#8221; use_row_as_full_screen_section=&#8221;no&#8221; type=&#8221;full_width&#8221; angled_section=&#8221;no&#8221; text_align=&#8221;left&#8221; background_image_as_pattern=&#8221;without_pattern&#8221;][vc_column][vc_empty_space][vc_empty_space][vc_column_text]Preporu\u010dena dnevna koli\u010dina (g\/dan)[\/vc_column_text][vc_empty_space height=&#8221;12px&#8221;][vc_column_text]<\/p>\n<table class=\"gridtable\">\n<tbody>\n<tr>\n<th class=\"table-first-row\">Te\u017eina<\/th>\n<th class=\"table-first-row\">1kg<\/th>\n<th class=\"table-first-row\">2kg<\/th>\n<th class=\"table-first-row\">3kg<\/th>\n<th class=\"table-first-row\">4kg<\/th>\n<th class=\"table-first-row\">5kg<\/th>\n<th class=\"table-first-row\">6kg<\/th>\n<th class=\"table-first-row\">7kg<\/th>\n<th class=\"table-first-row\">8kg<\/th>\n<th class=\"table-first-row\">10<\/th>\n<th class=\"table-first-row\">12kg<\/th>\n<th class=\"table-first-row\">15kg<\/th>\n<th class=\"table-first-row\">20kg<\/th>\n<th class=\"table-first-row\">25kg<\/th>\n<\/tr>\n<tr>\n<td class=\"table-first-row\">Normalna aktvnost<\/td>\n<td>25g<\/td>\n<td>45g<\/td>\n<td>60g<\/td>\n<td>75g<\/td>\n<td>90g<\/td>\n<td>100g<\/td>\n<td>115g<\/td>\n<td>125g<\/td>\n<td>140g<\/td>\n<td>160g<\/td>\n<td>200g<\/td>\n<td>240g<\/td>\n<td>285g<\/td>\n<\/tr>\n<tr>\n<td class=\"table-first-row\">Srednja aktivnost<\/td>\n<td>30g<\/td>\n<td>55g<\/td>\n<td>72g<\/td>\n<td>90g<\/td>\n<td>105g<\/td>\n<td>120g<\/td>\n<td>135g<\/td>\n<td>150g<\/td>\n<td>168g<\/td>\n<td>190g<\/td>\n<td>240g<\/td>\n<td>285g<\/td>\n<td>340g<\/td>\n<\/tr>\n<tr>\n<td class=\"table-first-row\">Visoka aktivnost<\/td>\n<td>35g<\/td>\n<td>65g<\/td>\n<td>85g<\/td>\n<td>105g<\/td>\n<td>130g<\/td>\n<td>140g<\/td>\n<td>160g<\/td>\n<td>180g<\/td>\n<td>200g<\/td>\n<td>230g<\/td>\n<td>285g<\/td>\n<td>340g<\/td>\n<td>410g<\/td>\n<\/tr>\n<\/tbody>\n<\/table>\n<p>[\/vc_column_text][vc_empty_space height=&#8221;22px&#8221;][vc_column_text]<strong>PREPORUKA ZA HRANJENJE:<\/strong> hranu mo\u017eete psu dati suhu ili namo\u010denu (mi preporu\u010damo da se prilikom hranjenja preko hrane uvijek doda mala koli\u010dina mla\u010dne vode neposredno prije hranjenja radi olak\u0161anog probavljanja i intenzivnijeg okusa). Koli\u010dine mogu varirati ovisno o specifi\u010dnim potrebama nekih pasa. Pas treba uvijek imati dostupnu svje\u017eu pitku vodu. \u010cuvati na suhom i hladnom mjestu udaljeno od izvora topline.[\/vc_column_text][\/vc_column][\/vc_row]<\/p>\n<\/div>","protected":false},"excerpt":{"rendered":"<p>Ultrapremium hrana za odrasle pse malih i srednjih pasmina<\/p>\n","protected":false},"featured_media":3820,"template":"","meta":[],"product_brand":[],"product_cat":[99,105,101],"product_tag":[110,109],"class_list":{"0":"post-662","1":"product","2":"type-product","3":"status-publish","4":"has-post-thumbnail","6":"product_cat-hrana-za-pse","7":"product_cat-lowgrain","8":"product_cat-nekmar","9":"product_tag-lowgrain","10":"product_tag-nekmar","12":"first","13":"instock","14":"taxable","15":"shipping-taxable","16":"purchasable","17":"product-type-variable"},"yoast_head":"<!-- This site is optimized with the Yoast SEO plugin v27.1.1 - https:\/\/yoast.com\/product\/yoast-seo-wordpress\/ -->\n<title>Nekmar | Low Grain Adult Small &amp; Medium<\/title>\n<meta name=\"description\" content=\"Ultrapremium Holistic hrana za odrasle pse malih i srednjih pasmina. Glavni sastojci: pile\u0107e meso 38%, sme\u0111a ri\u017ea 23%. Posjetite na\u0161u web trgovinu.\" \/>\n<meta name=\"robots\" content=\"index, follow, max-snippet:-1, max-image-preview:large, max-video-preview:-1\" \/>\n<link rel=\"canonical\" href=\"https:\/\/nekmar.eu\/ba\/proizvod\/nekmar-adult-small-medium\/\" \/>\n<meta property=\"og:locale\" content=\"hr_HR\" \/>\n<meta property=\"og:type\" content=\"article\" \/>\n<meta property=\"og:title\" content=\"Nekmar Low Grain Adult Small &amp; Medium\" \/>\n<meta property=\"og:description\" content=\"Posjetite web trgovinu\" \/>\n<meta property=\"og:url\" content=\"https:\/\/nekmar.eu\/ba\/proizvod\/nekmar-adult-small-medium\/\" \/>\n<meta property=\"og:site_name\" content=\"Nekmar\" \/>\n<meta property=\"article:publisher\" content=\"https:\/\/web.facebook.com\/profile.php?id=61556135161563\" \/>\n<meta property=\"article:modified_time\" content=\"2026-03-19T06:59:42+00:00\" \/>\n<meta property=\"og:image\" content=\"https:\/\/nekmar.eu\/ba\/wp-content\/uploads\/2019\/08\/nekmar-holistic.jpg\" \/>\n\t<meta property=\"og:image:width\" content=\"1200\" \/>\n\t<meta property=\"og:image:height\" content=\"630\" \/>\n\t<meta property=\"og:image:type\" content=\"image\/jpeg\" \/>\n<meta name=\"twitter:card\" content=\"summary_large_image\" \/>\n<meta name=\"twitter:label1\" content=\"Procijenjeno vrijeme \u010ditanja\" \/>\n\t<meta name=\"twitter:data1\" content=\"2 minute\" \/>\n<script type=\"application\/ld+json\" class=\"yoast-schema-graph\">{\"@context\":\"https:\/\/schema.org\",\"@graph\":[{\"@type\":\"WebPage\",\"@id\":\"https:\/\/nekmar.eu\/ba\/proizvod\/nekmar-adult-small-medium\/\",\"url\":\"https:\/\/nekmar.eu\/ba\/proizvod\/nekmar-adult-small-medium\/\",\"name\":\"Nekmar | Low Grain Adult Small & Medium\",\"isPartOf\":{\"@id\":\"https:\/\/nekmar.eu\/ba\/#website\"},\"primaryImageOfPage\":{\"@id\":\"https:\/\/nekmar.eu\/ba\/proizvod\/nekmar-adult-small-medium\/#primaryimage\"},\"image\":{\"@id\":\"https:\/\/nekmar.eu\/ba\/proizvod\/nekmar-adult-small-medium\/#primaryimage\"},\"thumbnailUrl\":\"https:\/\/nekmar.eu\/ba\/wp-content\/uploads\/2024\/04\/nekmar_lowgrain_adult_small_medium.jpg\",\"datePublished\":\"2019-09-08T06:07:25+00:00\",\"dateModified\":\"2026-03-19T06:59:42+00:00\",\"description\":\"Ultrapremium Holistic hrana za odrasle pse malih i srednjih pasmina. Glavni sastojci: pile\u0107e meso 38%, sme\u0111a ri\u017ea 23%. Posjetite na\u0161u web trgovinu.\",\"breadcrumb\":{\"@id\":\"https:\/\/nekmar.eu\/ba\/proizvod\/nekmar-adult-small-medium\/#breadcrumb\"},\"inLanguage\":\"hr\",\"potentialAction\":[{\"@type\":\"ReadAction\",\"target\":[\"https:\/\/nekmar.eu\/ba\/proizvod\/nekmar-adult-small-medium\/\"]}]},{\"@type\":\"ImageObject\",\"inLanguage\":\"hr\",\"@id\":\"https:\/\/nekmar.eu\/ba\/proizvod\/nekmar-adult-small-medium\/#primaryimage\",\"url\":\"https:\/\/nekmar.eu\/ba\/wp-content\/uploads\/2024\/04\/nekmar_lowgrain_adult_small_medium.jpg\",\"contentUrl\":\"https:\/\/nekmar.eu\/ba\/wp-content\/uploads\/2024\/04\/nekmar_lowgrain_adult_small_medium.jpg\",\"width\":1000,\"height\":1000},{\"@type\":\"BreadcrumbList\",\"@id\":\"https:\/\/nekmar.eu\/ba\/proizvod\/nekmar-adult-small-medium\/#breadcrumb\",\"itemListElement\":[{\"@type\":\"ListItem\",\"position\":1,\"name\":\"Home\",\"item\":\"https:\/\/nekmar.eu\/ba\/\"},{\"@type\":\"ListItem\",\"position\":2,\"name\":\"Trgovina\",\"item\":\"https:\/\/nekmar.eu\/ba\/trgovina\/\"},{\"@type\":\"ListItem\",\"position\":3,\"name\":\"Nekmar Low Grain Adult Small &#038; Medium\"}]},{\"@type\":\"WebSite\",\"@id\":\"https:\/\/nekmar.eu\/ba\/#website\",\"url\":\"https:\/\/nekmar.eu\/ba\/\",\"name\":\"Nekmar\",\"description\":\"Pet Nutrition\",\"publisher\":{\"@id\":\"https:\/\/nekmar.eu\/ba\/#organization\"},\"potentialAction\":[{\"@type\":\"SearchAction\",\"target\":{\"@type\":\"EntryPoint\",\"urlTemplate\":\"https:\/\/nekmar.eu\/ba\/?s={search_term_string}\"},\"query-input\":{\"@type\":\"PropertyValueSpecification\",\"valueRequired\":true,\"valueName\":\"search_term_string\"}}],\"inLanguage\":\"hr\"},{\"@type\":\"Organization\",\"@id\":\"https:\/\/nekmar.eu\/ba\/#organization\",\"name\":\"Nekmar Pet Nutrition Bosna i Hercegovina\",\"url\":\"https:\/\/nekmar.eu\/ba\/\",\"logo\":{\"@type\":\"ImageObject\",\"inLanguage\":\"hr\",\"@id\":\"https:\/\/nekmar.eu\/ba\/#\/schema\/logo\/image\/\",\"url\":\"https:\/\/nekmar.eu\/ba\/wp-content\/uploads\/2019\/08\/Nekmar-contact.jpg\",\"contentUrl\":\"https:\/\/nekmar.eu\/ba\/wp-content\/uploads\/2019\/08\/Nekmar-contact.jpg\",\"width\":600,\"height\":142,\"caption\":\"Nekmar Pet Nutrition Bosna i Hercegovina\"},\"image\":{\"@id\":\"https:\/\/nekmar.eu\/ba\/#\/schema\/logo\/image\/\"},\"sameAs\":[\"https:\/\/web.facebook.com\/profile.php?id=61556135161563\",\"https:\/\/www.instagram.com\/nekmarbih\/\"]}]}<\/script>\n<!-- \/ Yoast SEO plugin. -->","yoast_head_json":{"title":"Nekmar | Low Grain Adult Small & Medium","description":"Ultrapremium Holistic hrana za odrasle pse malih i srednjih pasmina. Glavni sastojci: pile\u0107e meso 38%, sme\u0111a ri\u017ea 23%. Posjetite na\u0161u web trgovinu.","robots":{"index":"index","follow":"follow","max-snippet":"max-snippet:-1","max-image-preview":"max-image-preview:large","max-video-preview":"max-video-preview:-1"},"canonical":"https:\/\/nekmar.eu\/ba\/proizvod\/nekmar-adult-small-medium\/","og_locale":"hr_HR","og_type":"article","og_title":"Nekmar Low Grain Adult Small & Medium","og_description":"Posjetite web trgovinu","og_url":"https:\/\/nekmar.eu\/ba\/proizvod\/nekmar-adult-small-medium\/","og_site_name":"Nekmar","article_publisher":"https:\/\/web.facebook.com\/profile.php?id=61556135161563","article_modified_time":"2026-03-19T06:59:42+00:00","og_image":[{"width":1200,"height":630,"url":"https:\/\/nekmar.eu\/ba\/wp-content\/uploads\/2019\/08\/nekmar-holistic.jpg","type":"image\/jpeg"}],"twitter_card":"summary_large_image","twitter_misc":{"Procijenjeno vrijeme \u010ditanja":"2 minute"},"schema":{"@context":"https:\/\/schema.org","@graph":[{"@type":"WebPage","@id":"https:\/\/nekmar.eu\/ba\/proizvod\/nekmar-adult-small-medium\/","url":"https:\/\/nekmar.eu\/ba\/proizvod\/nekmar-adult-small-medium\/","name":"Nekmar | Low Grain Adult Small & Medium","isPartOf":{"@id":"https:\/\/nekmar.eu\/ba\/#website"},"primaryImageOfPage":{"@id":"https:\/\/nekmar.eu\/ba\/proizvod\/nekmar-adult-small-medium\/#primaryimage"},"image":{"@id":"https:\/\/nekmar.eu\/ba\/proizvod\/nekmar-adult-small-medium\/#primaryimage"},"thumbnailUrl":"https:\/\/nekmar.eu\/ba\/wp-content\/uploads\/2024\/04\/nekmar_lowgrain_adult_small_medium.jpg","datePublished":"2019-09-08T06:07:25+00:00","dateModified":"2026-03-19T06:59:42+00:00","description":"Ultrapremium Holistic hrana za odrasle pse malih i srednjih pasmina. Glavni sastojci: pile\u0107e meso 38%, sme\u0111a ri\u017ea 23%. Posjetite na\u0161u web trgovinu.","breadcrumb":{"@id":"https:\/\/nekmar.eu\/ba\/proizvod\/nekmar-adult-small-medium\/#breadcrumb"},"inLanguage":"hr","potentialAction":[{"@type":"ReadAction","target":["https:\/\/nekmar.eu\/ba\/proizvod\/nekmar-adult-small-medium\/"]}]},{"@type":"ImageObject","inLanguage":"hr","@id":"https:\/\/nekmar.eu\/ba\/proizvod\/nekmar-adult-small-medium\/#primaryimage","url":"https:\/\/nekmar.eu\/ba\/wp-content\/uploads\/2024\/04\/nekmar_lowgrain_adult_small_medium.jpg","contentUrl":"https:\/\/nekmar.eu\/ba\/wp-content\/uploads\/2024\/04\/nekmar_lowgrain_adult_small_medium.jpg","width":1000,"height":1000},{"@type":"BreadcrumbList","@id":"https:\/\/nekmar.eu\/ba\/proizvod\/nekmar-adult-small-medium\/#breadcrumb","itemListElement":[{"@type":"ListItem","position":1,"name":"Home","item":"https:\/\/nekmar.eu\/ba\/"},{"@type":"ListItem","position":2,"name":"Trgovina","item":"https:\/\/nekmar.eu\/ba\/trgovina\/"},{"@type":"ListItem","position":3,"name":"Nekmar Low Grain Adult Small &#038; Medium"}]},{"@type":"WebSite","@id":"https:\/\/nekmar.eu\/ba\/#website","url":"https:\/\/nekmar.eu\/ba\/","name":"Nekmar","description":"Pet Nutrition","publisher":{"@id":"https:\/\/nekmar.eu\/ba\/#organization"},"potentialAction":[{"@type":"SearchAction","target":{"@type":"EntryPoint","urlTemplate":"https:\/\/nekmar.eu\/ba\/?s={search_term_string}"},"query-input":{"@type":"PropertyValueSpecification","valueRequired":true,"valueName":"search_term_string"}}],"inLanguage":"hr"},{"@type":"Organization","@id":"https:\/\/nekmar.eu\/ba\/#organization","name":"Nekmar Pet Nutrition Bosna i Hercegovina","url":"https:\/\/nekmar.eu\/ba\/","logo":{"@type":"ImageObject","inLanguage":"hr","@id":"https:\/\/nekmar.eu\/ba\/#\/schema\/logo\/image\/","url":"https:\/\/nekmar.eu\/ba\/wp-content\/uploads\/2019\/08\/Nekmar-contact.jpg","contentUrl":"https:\/\/nekmar.eu\/ba\/wp-content\/uploads\/2019\/08\/Nekmar-contact.jpg","width":600,"height":142,"caption":"Nekmar Pet Nutrition Bosna i Hercegovina"},"image":{"@id":"https:\/\/nekmar.eu\/ba\/#\/schema\/logo\/image\/"},"sameAs":["https:\/\/web.facebook.com\/profile.php?id=61556135161563","https:\/\/www.instagram.com\/nekmarbih\/"]}]}},"_links":{"self":[{"href":"https:\/\/nekmar.eu\/ba\/wp-json\/wp\/v2\/product\/662","targetHints":{"allow":["GET"]}}],"collection":[{"href":"https:\/\/nekmar.eu\/ba\/wp-json\/wp\/v2\/product"}],"about":[{"href":"https:\/\/nekmar.eu\/ba\/wp-json\/wp\/v2\/types\/product"}],"wp:featuredmedia":[{"embeddable":true,"href":"https:\/\/nekmar.eu\/ba\/wp-json\/wp\/v2\/media\/3820"}],"wp:attachment":[{"href":"https:\/\/nekmar.eu\/ba\/wp-json\/wp\/v2\/media?parent=662"}],"wp:term":[{"taxonomy":"product_brand","embeddable":true,"href":"https:\/\/nekmar.eu\/ba\/wp-json\/wp\/v2\/product_brand?post=662"},{"taxonomy":"product_cat","embeddable":true,"href":"https:\/\/nekmar.eu\/ba\/wp-json\/wp\/v2\/product_cat?post=662"},{"taxonomy":"product_tag","embeddable":true,"href":"https:\/\/nekmar.eu\/ba\/wp-json\/wp\/v2\/product_tag?post=662"}],"curies":[{"name":"wp","href":"https:\/\/api.w.org\/{rel}","templated":true}]}}