{"id":669,"date":"2019-09-08T08:34:26","date_gmt":"2019-09-08T06:34:26","guid":{"rendered":"https:\/\/nekmar.eu\/ba\/?post_type=product&#038;p=669"},"modified":"2026-02-23T08:47:30","modified_gmt":"2026-02-23T06:47:30","slug":"nekmar-adult-salmon-trout","status":"publish","type":"product","link":"https:\/\/nekmar.eu\/ba\/proizvod\/nekmar-adult-salmon-trout\/","title":{"rendered":"Nekmar Grain Free Adult Salmon &#038; Trout"},"content":{"rendered":"<div class=\"wpb-content-wrapper\"><p>[vc_row css_animation=&#8221;&#8221; row_type=&#8221;row&#8221; use_row_as_full_screen_section=&#8221;no&#8221; type=&#8221;full_width&#8221; angled_section=&#8221;no&#8221; text_align=&#8221;left&#8221; background_image_as_pattern=&#8221;without_pattern&#8221;][vc_column][vc_column_text]<strong>SASTAV:<\/strong> svje\u017ee meso lososa 25%, dehidrirano meso pastrve 24%, krumpir 14%, \u0161krob gra\u0161ka, pile\u0107a masno\u0107a, gra\u0161ak, grah, sjeme lana, su\u0161ena repina pulpa, kvasac, dehidrirane alge 0,3 %, su\u0161ena pulpa cikorije, Frukto-oligosaharidi (FOS 0,2%), manan-oligosarharidi (MOS 0,2%), yucca schidigera, dehidrirana sikavica (Silybum marianum L.), dehidirani masla\u010dak (Taraxacum officinale W.), su\u0161eni cvjetovi hibiskusa (Hibiscus sabdariffa L.), dehidrirani plod divlje ru\u017ee (Rosa canina L.r.,Pendulina L.).<\/p>\n<p>&nbsp;<\/p>\n<p><strong>ANALITI\u010cKI SASTAV:<\/strong> sirovi proteini 29%, sirova ulja i masno\u0107e 18%, sirova vlakna 2,6%, pepeo 8,4%, vlaga 8%.<\/p>\n<p>&nbsp;<\/p>\n<p><strong>DODACI po KG:<\/strong> Prehrambeni dodaci: 3a672a Vitamin A 21000 IJ, E671 Vitamin D3 1400 IJ , 3a700 Vitamin E 180 mg, E4 bakar 15mg, E1 \u017eeljezo 30mg, E5 mangan 60 mg, 3b605 cink 68 mg, 3b201 jod 3,7 mg, E8 selen 0,16 mg. Organolepti\u010dki dodaci: Prirodni proizvod botani\u010dki definiran. Ekstrakt ru\u017emarina 50mg.<\/p>\n<p>&nbsp;<\/p>\n<p><strong>METABOLIZIRANA ENERGIJA:<\/strong> 3930 Kcal\/kg.[\/vc_column_text][\/vc_column][\/vc_row][vc_row css_animation=&#8221;&#8221; row_type=&#8221;row&#8221; use_row_as_full_screen_section=&#8221;no&#8221; type=&#8221;full_width&#8221; angled_section=&#8221;no&#8221; text_align=&#8221;left&#8221; background_image_as_pattern=&#8221;without_pattern&#8221;][vc_column][vc_empty_space][vc_column_text]Preporu\u010dena dnevna koli\u010dina (g\/dan)[\/vc_column_text][vc_empty_space height=&#8221;10px&#8221;][vc_column_text]<\/p>\n<table class=\"gridtable\">\n<tbody>\n<tr>\n<th class=\"table-first-row\">Te\u017eina<\/th>\n<th class=\"table-first-row\">2,5kg<\/th>\n<th class=\"table-first-row\">5kg<\/th>\n<th class=\"table-first-row\">7kg<\/th>\n<th class=\"table-first-row\">10kg<\/th>\n<th class=\"table-first-row\">15kg<\/th>\n<th class=\"table-first-row\">20kg<\/th>\n<th class=\"table-first-row\">25kg<\/th>\n<th class=\"table-first-row\">30kg<\/th>\n<th class=\"table-first-row\">35kg<\/th>\n<th class=\"table-first-row\">40kg<\/th>\n<th class=\"table-first-row\">45kg<\/th>\n<th class=\"table-first-row\">50kg<\/th>\n<th class=\"table-first-row\">60kg<\/th>\n<th class=\"table-first-row\">70kg<\/th>\n<th class=\"table-first-row\">80kg<\/th>\n<\/tr>\n<tr>\n<td class=\"table-first-row\">Normalna aktivnost<\/td>\n<td>50g<\/td>\n<td>75g<\/td>\n<td>110g<\/td>\n<td>140g<\/td>\n<td>190g<\/td>\n<td>240g<\/td>\n<td>285g<\/td>\n<td>325g<\/td>\n<td>365g<\/td>\n<td>405g<\/td>\n<td>440g<\/td>\n<td>475g<\/td>\n<td>545g<\/td>\n<td>615g<\/td>\n<td>685g<\/td>\n<\/tr>\n<tr>\n<td class=\"table-first-row\">Srednja aktivnost<\/td>\n<td>60g<\/td>\n<td>90g<\/td>\n<td>130g<\/td>\n<td>165g<\/td>\n<td>225g<\/td>\n<td>285g<\/td>\n<td>340g<\/td>\n<td>390g<\/td>\n<td>435g<\/td>\n<td>485g<\/td>\n<td>525g<\/td>\n<td>570g<\/td>\n<td>650g<\/td>\n<td>730g<\/td>\n<td>810g<\/td>\n<\/tr>\n<tr>\n<td class=\"table-first-row\">Visoka aktivnost<\/td>\n<td>72g<\/td>\n<td>105g<\/td>\n<td>155g<\/td>\n<td>200g<\/td>\n<td>270g<\/td>\n<td>340g<\/td>\n<td>405g<\/td>\n<td>465g<\/td>\n<td>520g<\/td>\n<td>580g<\/td>\n<td>630g<\/td>\n<td>680g<\/td>\n<td>780g<\/td>\n<td>870g<\/td>\n<td>970g<\/td>\n<\/tr>\n<\/tbody>\n<\/table>\n<p>[\/vc_column_text][vc_empty_space height=&#8221;22px&#8221;][vc_column_text]<strong>PREPORUKA ZA HRANJENJE:<\/strong> hranu mo\u017eete psu dati suhu ili namo\u010denu (mi preporu\u010damo da se prilikom hranjenja preko hrane uvijek doda mala koli\u010dina mla\u010dne vode neposredno prije hranjenja radi olak\u0161anog probavljanja i intenzivnijeg okusa). Koli\u010dine mogu varirati ovisno o specifi\u010dnim potrebama nekih pasa. Pas treba uvijek imati dostupnu svje\u017eu pitku vodu. \u010cuvati na suhom i hladnom mjestu udaljeno od izvora topline.[\/vc_column_text][\/vc_column][\/vc_row]<\/p>\n<\/div>","protected":false},"excerpt":{"rendered":"<p>Ultrapremium hrana bez \u017eitarica za odrasle pse<\/p>\n","protected":false},"featured_media":3807,"template":"","meta":[],"product_brand":[],"product_cat":[107,99,101],"product_tag":[112,109],"class_list":{"0":"post-669","1":"product","2":"type-product","3":"status-publish","4":"has-post-thumbnail","6":"product_cat-grainfree","7":"product_cat-hrana-za-pse","8":"product_cat-nekmar","9":"product_tag-grainfree","10":"product_tag-nekmar","12":"first","13":"instock","14":"taxable","15":"shipping-taxable","16":"purchasable","17":"product-type-variable"},"yoast_head":"<!-- This site is optimized with the Yoast SEO plugin v27.1.1 - https:\/\/yoast.com\/product\/yoast-seo-wordpress\/ -->\n<title>Nekmar | Grain Free Adult Salmon &amp; Trout<\/title>\n<meta name=\"description\" content=\"Ultrapremium Holistic hrana bez \u017eitarica za odrasle pse. Glavni sastojci: svje\u017ee meso lososa 25%, dehidrirano meso pastrve 24%. Posjetite na\u0161u web trgovinu.\" \/>\n<meta name=\"robots\" content=\"index, follow, max-snippet:-1, max-image-preview:large, max-video-preview:-1\" \/>\n<link rel=\"canonical\" href=\"https:\/\/nekmar.eu\/ba\/proizvod\/nekmar-adult-salmon-trout\/\" \/>\n<meta property=\"og:locale\" content=\"hr_HR\" \/>\n<meta property=\"og:type\" content=\"article\" \/>\n<meta property=\"og:title\" content=\"NEKMAR Grain Free Adult Salmon &amp; Trout\" \/>\n<meta property=\"og:description\" content=\"Posjetite web trgovinu\" \/>\n<meta property=\"og:url\" content=\"https:\/\/nekmar.eu\/ba\/proizvod\/nekmar-adult-salmon-trout\/\" \/>\n<meta property=\"og:site_name\" content=\"Nekmar\" \/>\n<meta property=\"article:publisher\" content=\"https:\/\/web.facebook.com\/profile.php?id=61556135161563\" \/>\n<meta property=\"article:modified_time\" content=\"2026-02-23T06:47:30+00:00\" \/>\n<meta property=\"og:image\" content=\"https:\/\/nekmar.eu\/ba\/wp-content\/uploads\/2019\/08\/nekmar-holistic.jpg\" \/>\n\t<meta property=\"og:image:width\" content=\"1200\" \/>\n\t<meta property=\"og:image:height\" content=\"630\" \/>\n\t<meta property=\"og:image:type\" content=\"image\/jpeg\" \/>\n<meta name=\"twitter:card\" content=\"summary_large_image\" \/>\n<meta name=\"twitter:label1\" content=\"Procijenjeno vrijeme \u010ditanja\" \/>\n\t<meta name=\"twitter:data1\" content=\"2 minute\" \/>\n<script type=\"application\/ld+json\" class=\"yoast-schema-graph\">{\"@context\":\"https:\/\/schema.org\",\"@graph\":[{\"@type\":\"WebPage\",\"@id\":\"https:\/\/nekmar.eu\/ba\/proizvod\/nekmar-adult-salmon-trout\/\",\"url\":\"https:\/\/nekmar.eu\/ba\/proizvod\/nekmar-adult-salmon-trout\/\",\"name\":\"Nekmar | Grain Free Adult Salmon & Trout\",\"isPartOf\":{\"@id\":\"https:\/\/nekmar.eu\/ba\/#website\"},\"primaryImageOfPage\":{\"@id\":\"https:\/\/nekmar.eu\/ba\/proizvod\/nekmar-adult-salmon-trout\/#primaryimage\"},\"image\":{\"@id\":\"https:\/\/nekmar.eu\/ba\/proizvod\/nekmar-adult-salmon-trout\/#primaryimage\"},\"thumbnailUrl\":\"https:\/\/nekmar.eu\/ba\/wp-content\/uploads\/2024\/04\/nekmar-adult-salmon-trout.jpg\",\"datePublished\":\"2019-09-08T06:34:26+00:00\",\"dateModified\":\"2026-02-23T06:47:30+00:00\",\"description\":\"Ultrapremium Holistic hrana bez \u017eitarica za odrasle pse. Glavni sastojci: svje\u017ee meso lososa 25%, dehidrirano meso pastrve 24%. Posjetite na\u0161u web trgovinu.\",\"breadcrumb\":{\"@id\":\"https:\/\/nekmar.eu\/ba\/proizvod\/nekmar-adult-salmon-trout\/#breadcrumb\"},\"inLanguage\":\"hr\",\"potentialAction\":[{\"@type\":\"ReadAction\",\"target\":[\"https:\/\/nekmar.eu\/ba\/proizvod\/nekmar-adult-salmon-trout\/\"]}]},{\"@type\":\"ImageObject\",\"inLanguage\":\"hr\",\"@id\":\"https:\/\/nekmar.eu\/ba\/proizvod\/nekmar-adult-salmon-trout\/#primaryimage\",\"url\":\"https:\/\/nekmar.eu\/ba\/wp-content\/uploads\/2024\/04\/nekmar-adult-salmon-trout.jpg\",\"contentUrl\":\"https:\/\/nekmar.eu\/ba\/wp-content\/uploads\/2024\/04\/nekmar-adult-salmon-trout.jpg\",\"width\":1000,\"height\":1000},{\"@type\":\"BreadcrumbList\",\"@id\":\"https:\/\/nekmar.eu\/ba\/proizvod\/nekmar-adult-salmon-trout\/#breadcrumb\",\"itemListElement\":[{\"@type\":\"ListItem\",\"position\":1,\"name\":\"Home\",\"item\":\"https:\/\/nekmar.eu\/ba\/\"},{\"@type\":\"ListItem\",\"position\":2,\"name\":\"Trgovina\",\"item\":\"https:\/\/nekmar.eu\/ba\/trgovina\/\"},{\"@type\":\"ListItem\",\"position\":3,\"name\":\"Nekmar Grain Free Adult Salmon &#038; Trout\"}]},{\"@type\":\"WebSite\",\"@id\":\"https:\/\/nekmar.eu\/ba\/#website\",\"url\":\"https:\/\/nekmar.eu\/ba\/\",\"name\":\"Nekmar\",\"description\":\"Pet Nutrition\",\"publisher\":{\"@id\":\"https:\/\/nekmar.eu\/ba\/#organization\"},\"potentialAction\":[{\"@type\":\"SearchAction\",\"target\":{\"@type\":\"EntryPoint\",\"urlTemplate\":\"https:\/\/nekmar.eu\/ba\/?s={search_term_string}\"},\"query-input\":{\"@type\":\"PropertyValueSpecification\",\"valueRequired\":true,\"valueName\":\"search_term_string\"}}],\"inLanguage\":\"hr\"},{\"@type\":\"Organization\",\"@id\":\"https:\/\/nekmar.eu\/ba\/#organization\",\"name\":\"Nekmar Pet Nutrition Bosna i Hercegovina\",\"url\":\"https:\/\/nekmar.eu\/ba\/\",\"logo\":{\"@type\":\"ImageObject\",\"inLanguage\":\"hr\",\"@id\":\"https:\/\/nekmar.eu\/ba\/#\/schema\/logo\/image\/\",\"url\":\"https:\/\/nekmar.eu\/ba\/wp-content\/uploads\/2019\/08\/Nekmar-contact.jpg\",\"contentUrl\":\"https:\/\/nekmar.eu\/ba\/wp-content\/uploads\/2019\/08\/Nekmar-contact.jpg\",\"width\":600,\"height\":142,\"caption\":\"Nekmar Pet Nutrition Bosna i Hercegovina\"},\"image\":{\"@id\":\"https:\/\/nekmar.eu\/ba\/#\/schema\/logo\/image\/\"},\"sameAs\":[\"https:\/\/web.facebook.com\/profile.php?id=61556135161563\",\"https:\/\/www.instagram.com\/nekmarbih\/\"]}]}<\/script>\n<!-- \/ Yoast SEO plugin. -->","yoast_head_json":{"title":"Nekmar | Grain Free Adult Salmon & Trout","description":"Ultrapremium Holistic hrana bez \u017eitarica za odrasle pse. Glavni sastojci: svje\u017ee meso lososa 25%, dehidrirano meso pastrve 24%. Posjetite na\u0161u web trgovinu.","robots":{"index":"index","follow":"follow","max-snippet":"max-snippet:-1","max-image-preview":"max-image-preview:large","max-video-preview":"max-video-preview:-1"},"canonical":"https:\/\/nekmar.eu\/ba\/proizvod\/nekmar-adult-salmon-trout\/","og_locale":"hr_HR","og_type":"article","og_title":"NEKMAR Grain Free Adult Salmon & Trout","og_description":"Posjetite web trgovinu","og_url":"https:\/\/nekmar.eu\/ba\/proizvod\/nekmar-adult-salmon-trout\/","og_site_name":"Nekmar","article_publisher":"https:\/\/web.facebook.com\/profile.php?id=61556135161563","article_modified_time":"2026-02-23T06:47:30+00:00","og_image":[{"width":1200,"height":630,"url":"https:\/\/nekmar.eu\/ba\/wp-content\/uploads\/2019\/08\/nekmar-holistic.jpg","type":"image\/jpeg"}],"twitter_card":"summary_large_image","twitter_misc":{"Procijenjeno vrijeme \u010ditanja":"2 minute"},"schema":{"@context":"https:\/\/schema.org","@graph":[{"@type":"WebPage","@id":"https:\/\/nekmar.eu\/ba\/proizvod\/nekmar-adult-salmon-trout\/","url":"https:\/\/nekmar.eu\/ba\/proizvod\/nekmar-adult-salmon-trout\/","name":"Nekmar | Grain Free Adult Salmon & Trout","isPartOf":{"@id":"https:\/\/nekmar.eu\/ba\/#website"},"primaryImageOfPage":{"@id":"https:\/\/nekmar.eu\/ba\/proizvod\/nekmar-adult-salmon-trout\/#primaryimage"},"image":{"@id":"https:\/\/nekmar.eu\/ba\/proizvod\/nekmar-adult-salmon-trout\/#primaryimage"},"thumbnailUrl":"https:\/\/nekmar.eu\/ba\/wp-content\/uploads\/2024\/04\/nekmar-adult-salmon-trout.jpg","datePublished":"2019-09-08T06:34:26+00:00","dateModified":"2026-02-23T06:47:30+00:00","description":"Ultrapremium Holistic hrana bez \u017eitarica za odrasle pse. Glavni sastojci: svje\u017ee meso lososa 25%, dehidrirano meso pastrve 24%. Posjetite na\u0161u web trgovinu.","breadcrumb":{"@id":"https:\/\/nekmar.eu\/ba\/proizvod\/nekmar-adult-salmon-trout\/#breadcrumb"},"inLanguage":"hr","potentialAction":[{"@type":"ReadAction","target":["https:\/\/nekmar.eu\/ba\/proizvod\/nekmar-adult-salmon-trout\/"]}]},{"@type":"ImageObject","inLanguage":"hr","@id":"https:\/\/nekmar.eu\/ba\/proizvod\/nekmar-adult-salmon-trout\/#primaryimage","url":"https:\/\/nekmar.eu\/ba\/wp-content\/uploads\/2024\/04\/nekmar-adult-salmon-trout.jpg","contentUrl":"https:\/\/nekmar.eu\/ba\/wp-content\/uploads\/2024\/04\/nekmar-adult-salmon-trout.jpg","width":1000,"height":1000},{"@type":"BreadcrumbList","@id":"https:\/\/nekmar.eu\/ba\/proizvod\/nekmar-adult-salmon-trout\/#breadcrumb","itemListElement":[{"@type":"ListItem","position":1,"name":"Home","item":"https:\/\/nekmar.eu\/ba\/"},{"@type":"ListItem","position":2,"name":"Trgovina","item":"https:\/\/nekmar.eu\/ba\/trgovina\/"},{"@type":"ListItem","position":3,"name":"Nekmar Grain Free Adult Salmon &#038; Trout"}]},{"@type":"WebSite","@id":"https:\/\/nekmar.eu\/ba\/#website","url":"https:\/\/nekmar.eu\/ba\/","name":"Nekmar","description":"Pet Nutrition","publisher":{"@id":"https:\/\/nekmar.eu\/ba\/#organization"},"potentialAction":[{"@type":"SearchAction","target":{"@type":"EntryPoint","urlTemplate":"https:\/\/nekmar.eu\/ba\/?s={search_term_string}"},"query-input":{"@type":"PropertyValueSpecification","valueRequired":true,"valueName":"search_term_string"}}],"inLanguage":"hr"},{"@type":"Organization","@id":"https:\/\/nekmar.eu\/ba\/#organization","name":"Nekmar Pet Nutrition Bosna i Hercegovina","url":"https:\/\/nekmar.eu\/ba\/","logo":{"@type":"ImageObject","inLanguage":"hr","@id":"https:\/\/nekmar.eu\/ba\/#\/schema\/logo\/image\/","url":"https:\/\/nekmar.eu\/ba\/wp-content\/uploads\/2019\/08\/Nekmar-contact.jpg","contentUrl":"https:\/\/nekmar.eu\/ba\/wp-content\/uploads\/2019\/08\/Nekmar-contact.jpg","width":600,"height":142,"caption":"Nekmar Pet Nutrition Bosna i Hercegovina"},"image":{"@id":"https:\/\/nekmar.eu\/ba\/#\/schema\/logo\/image\/"},"sameAs":["https:\/\/web.facebook.com\/profile.php?id=61556135161563","https:\/\/www.instagram.com\/nekmarbih\/"]}]}},"_links":{"self":[{"href":"https:\/\/nekmar.eu\/ba\/wp-json\/wp\/v2\/product\/669","targetHints":{"allow":["GET"]}}],"collection":[{"href":"https:\/\/nekmar.eu\/ba\/wp-json\/wp\/v2\/product"}],"about":[{"href":"https:\/\/nekmar.eu\/ba\/wp-json\/wp\/v2\/types\/product"}],"wp:featuredmedia":[{"embeddable":true,"href":"https:\/\/nekmar.eu\/ba\/wp-json\/wp\/v2\/media\/3807"}],"wp:attachment":[{"href":"https:\/\/nekmar.eu\/ba\/wp-json\/wp\/v2\/media?parent=669"}],"wp:term":[{"taxonomy":"product_brand","embeddable":true,"href":"https:\/\/nekmar.eu\/ba\/wp-json\/wp\/v2\/product_brand?post=669"},{"taxonomy":"product_cat","embeddable":true,"href":"https:\/\/nekmar.eu\/ba\/wp-json\/wp\/v2\/product_cat?post=669"},{"taxonomy":"product_tag","embeddable":true,"href":"https:\/\/nekmar.eu\/ba\/wp-json\/wp\/v2\/product_tag?post=669"}],"curies":[{"name":"wp","href":"https:\/\/api.w.org\/{rel}","templated":true}]}}