{"id":14,"date":"2016-02-23T13:24:53","date_gmt":"2016-02-23T13:24:53","guid":{"rendered":"http:\/\/bridge12.qodeinteractive.com\/?page_id=14"},"modified":"2024-09-20T09:09:13","modified_gmt":"2024-09-20T07:09:13","slug":"home","status":"publish","type":"page","link":"https:\/\/nekmar.eu\/ee\/","title":{"rendered":"Esileht"},"content":{"rendered":"<div class=\"wpb-content-wrapper\"><p>[vc_row css_animation=&#8221;&#8221; row_type=&#8221;row&#8221; use_row_as_full_screen_section=&#8221;no&#8221; type=&#8221;full_width&#8221; angled_section=&#8221;no&#8221; text_align=&#8221;left&#8221; background_image_as_pattern=&#8221;without_pattern&#8221;][vc_column]\n\t\t\t\t<p class=\"rs-p-wp-fix\"><\/p>\n\t\t\t\t<sr7-module data-alias=\"slHRhome\" data-id=\"36\" id=\"SR7_36_1\" class=\"rs-ov-hidden\" data-version=\"6.7.51\">\n\t\t\t\t\t<sr7-adjuster><\/sr7-adjuster>\n\t\t\t\t\t<sr7-content>\n\t\t\t\t\t\t<sr7-slide id=\"SR7_36_1-5\" data-key=\"5\">\n\t\t\t\t\t\t\t<sr7-bg id=\"SR7_36_1-5-7\" class=\"sr7-layer\"><noscript><img decoding=\"async\" src=\"https:\/\/nekmar.eu\/ee\/wp-content\/uploads\/2024\/09\/slide_ee.jpg\" alt=\"\" title=\"slide_ee\"><\/noscript><\/sr7-bg>\n\t\t\t\t\t\t\t<a id=\"SR7_36_1-5-6\" class=\"sr7-layer\" href=\"https:\/\/nekmar.eu\/ee\/pood\/\" target=\"_self\" rel=\"nofollow\">K\u00dcLASTAGE POODI<\/a>\n\t\t\t\t\t\t<\/sr7-slide>\n\t\t\t\t\t\t<sr7-slide id=\"SR7_36_1-11\" data-key=\"11\">\n\t\t\t\t\t\t<\/sr7-slide>\n\t\t\t\t\t<\/sr7-content>\n\t\t\t\t\t<image_lists style=\"display:none\">\n\t\t\t\t\t\t<img data-src=\"\/\/nekmar.eu\/ee\/wp-content\/uploads\/2019\/12\/NekmarSliderLogo-2.png\" data-libid=\"1128\" title=\"NekmarSliderLogo\" width=\"0\" height=\"0\" data-dbsrc=\"Ly9uZWttYXIuZXUvZWUvd3AtY29udGVudC91cGxvYWRzLzIwMTkvMTIvTmVrbWFyU2xpZGVyTG9nby0yLnBuZw==\"\/>\n\t\t\t\t\t\t<img data-src=\"\/\/nekmar.eu\/ee\/wp-content\/uploads\/2019\/12\/holistic-2.png\" data-libid=\"1130\" title=\"holistic\" width=\"0\" height=\"0\" data-dbsrc=\"Ly9uZWttYXIuZXUvZWUvd3AtY29udGVudC91cGxvYWRzLzIwMTkvMTIvaG9saXN0aWMtMi5wbmc=\"\/>\n\t\t\t\t\t\t<img data-src=\"\/\/nekmar.eu\/ee\/wp-content\/uploads\/2024\/09\/bag_home-lamb-min1.png\" data-libid=\"4035\" data-lib=\"medialibrary\" title=\"bag_home-lamb-min1\" width=\"0\" height=\"0\" data-dbsrc=\"Ly9uZWttYXIuZXUvZWUvd3AtY29udGVudC91cGxvYWRzLzIwMjQvMDkvYmFnX2hvbWUtbGFtYi1taW4xLnBuZw==\"\/>\n\t\t\t\t\t\t<img data-src=\"\/\/nekmar.eu\/ee\/wp-content\/uploads\/2024\/09\/slide_ee.jpg\" data-libid=\"4034\" data-lib=\"medialibrary\" title=\"slide_ee\" width=\"0\" height=\"0\" data-dbsrc=\"Ly9uZWttYXIuZXUvZWUvd3AtY29udGVudC91cGxvYWRzLzIwMjQvMDkvc2xpZGVfZWUuanBn\"\/>\n\t\t\t\t\t<\/image_lists>\n\t\t\t\t<\/sr7-module>\n\t\t\t\t<script>\n\t\t\t\t\twindow.SR7 ??={};SR7.PMH ??={}; SR7.PMH[\"SR7_36_1\"] = {cn:100,state:false,fn: function() { if (window._tpt!==undefined && window._tpt.prepareModuleHeight !== undefined) {  _tpt.prepareModuleHeight({id:\"SR7_36_1\",el:[900,900,768,960,720],type:'standard',shdw:'0',gh:[900,900,768,960,720],gw:[1920,1920,1024,778,480],vpt:['-200px&#039;,&#039;-200px&#039;,&#039;-200px&#039;,&#039;-200px&#039;,&#039;-200px'],size:{fullWidth:true, fullHeight:true},fho:',',mh:'0',onh:0,onw:0,bg:{color:'{\"orig\":\"transparent\",\"type\":\"solid\",\"string\":\"transparent\"}'},plType:'0',plColor:'#FFFFFF'});   SR7.PMH[\"SR7_36_1\"].state=true;} else if(SR7.PMH[\"SR7_36_1\"].cn-->0)\tsetTimeout( SR7.PMH[\"SR7_36_1\"].fn,19);}};SR7.PMH[\"SR7_36_1\" ].fn();\n\t\t\t\t<\/script>\n[\/vc_column][\/vc_row][vc_row css_animation=&#8221;&#8221; row_type=&#8221;row&#8221; use_row_as_full_screen_section=&#8221;no&#8221; type=&#8221;grid&#8221; angled_section=&#8221;no&#8221; text_align=&#8221;left&#8221; background_image_as_pattern=&#8221;without_pattern&#8221; padding_top=&#8221;84&#8243; z_index=&#8221;&#8221;][vc_column offset=&#8221;vc_col-md-5&#8243;][qode_elements_holder number_of_columns=&#8221;one_column&#8221;][qode_elements_holder_item vertical_alignment=&#8221;middle&#8221; advanced_animations=&#8221;no&#8221; item_padding_1024_1280=&#8221;72px 40px 0 0&#8243; item_padding_768_1024=&#8221;35px 40px 0 0&#8243; item_padding_600_768=&#8221;0px 40px 60px 0&#8243; item_padding_480_600=&#8221;0 0 60px 0&#8243; item_padding_480=&#8221;0 0 60px 0&#8243; item_padding=&#8221;30px 40px 0 8px&#8221;][vc_column_text]<\/p>\n<div class=\"wpb_text_column wpb_content_element \">\n<div class=\"wpb_wrapper\">\n<h3>BY DOG PEOPLE<\/h3>\n<\/div>\n<\/div>\n<p>[\/vc_column_text][vc_separator type=&#8221;small&#8221; position=&#8221;left&#8221; color=&#8221;#b7702e&#8221; thickness=&#8221;1&#8243; width=&#8221;63&#8243; up=&#8221;28&#8243; down=&#8221;28&#8243;][vc_column_text]Nekmar Pets Nutrition ei s\u00fcndinud tavap\u00e4rasel viisil, kui \u00e4rimees v\u00f5i investeerimisfirma otsustab lemmiklooma\u00e4risse panustada lihtsalt seet\u00f5ttu, et nende finantsn\u00f5ustaja \u00fctles, et see v\u00f5ib olla hea investeerimisv\u00f5imalus, samas kui nad pole v\u00f5ib-olla kunagi oma elu koera v\u00f5i kassiga jaganud!<\/p>\n<p>&nbsp;<\/p>\n<p>Nekmar Pets Nutritioni l\u00f5id maailma \u00fched edukaimad koeraeksperdid Ivana &amp; Marin Neki\u0107id, kellele kuulub maailmas tuntud akitade kennel Nekmar. Olles saanud oma armastatud akitadega mitmekordseks maailma- ja Euroopa meistriks, otsustas meeskond tagasi anda. Sellep\u00e4rast meeldib meile \u00f6elda, et meie retseptid on tehtud KOERA INIMESTELT KOERTELE JA NENDE INIMESTELE.[\/vc_column_text][\/qode_elements_holder_item][\/qode_elements_holder][\/vc_column][vc_column offset=&#8221;vc_col-md-7&#8243;][qode_elements_holder number_of_columns=&#8221;one_column&#8221;][qode_elements_holder_item advanced_animations=&#8221;no&#8221; item_padding=&#8221;0 0px 0 41px&#8221; item_padding_600_768=&#8221;0 0px 0 0px&#8221; item_padding_480_600=&#8221;0 0px 0 0px&#8221; item_padding_480=&#8221;0 0px 0 0px&#8221;][vc_single_image image=&#8221;870&#8243; img_size=&#8221;full&#8221; qode_css_animation=&#8221;&#8221;][\/qode_elements_holder_item][\/qode_elements_holder][\/vc_column][\/vc_row][vc_row css_animation=&#8221;&#8221; row_type=&#8221;row&#8221; use_row_as_full_screen_section=&#8221;no&#8221; type=&#8221;grid&#8221; angled_section=&#8221;no&#8221; text_align=&#8221;left&#8221; background_image_as_pattern=&#8221;without_pattern&#8221; padding_top=&#8221;84&#8243; z_index=&#8221;&#8221; el_id=&#8221;hide_on_mobiles&#8221;][vc_column offset=&#8221;vc_col-md-7&#8243;][qode_elements_holder number_of_columns=&#8221;one_column&#8221;][qode_elements_holder_item advanced_animations=&#8221;no&#8221; item_padding=&#8221;0px 9px 0 9px&#8221; item_padding_600_768=&#8221;0 0px 0 0px&#8221; item_padding_480_600=&#8221;0 0px 0 0px&#8221; item_padding_480=&#8221;0 0px 0 0px&#8221;][vc_single_image image=&#8221;872&#8243; img_size=&#8221;full&#8221; qode_css_animation=&#8221;&#8221;][\/qode_elements_holder_item][\/qode_elements_holder][\/vc_column][vc_column offset=&#8221;vc_col-md-5&#8243;][qode_elements_holder number_of_columns=&#8221;one_column&#8221;][qode_elements_holder_item advanced_animations=&#8221;no&#8221; item_padding=&#8221;108px 40px 0 8px&#8221; item_padding_1024_1280=&#8221;72px 40px 0 0&#8243; item_padding_768_1024=&#8221;35px 40px 0 0&#8243; item_padding_600_768=&#8221;60px 40px 0px 0&#8243;][vc_column_text]<\/p>\n<h3>NEKMARI KONTSEPTSIOON<\/h3>\n<p>[\/vc_column_text][vc_separator type=&#8221;small&#8221; position=&#8221;left&#8221; color=&#8221;#b7702e&#8221; thickness=&#8221;1&#8243; width=&#8221;63&#8243; up=&#8221;28&#8243; down=&#8221;28&#8243;][vc_column_text]Usume kindlalt teadmiste, harimise ja soovituste j\u00f5usse. Seda silmas pidades on Nekmar Pet Nutritioni tooted m\u00fc\u00fcgil ainult sellel alal tegutsevate professionaalide poolt &#8211; Eestis esindab Nekmari kennel Lakebrook. Te ei leia meie tooteid klassikalisest lemmikloomapoest, v\u00e4lja arvatud juhul, kui see lemmikloomapood k\u00e4ib kaasas t\u00f6\u00f6tava loomapraktikaga.<\/p>\n<p>&nbsp;<\/p>\n<p>See kontseptsioon loodi tagamaks, et \u00f5ige toode saab alati \u00f5igele loomale soovitatud, s\u00f5ltumata marginaalidest, eelarvetest v\u00f5i telereklaamidest.[\/vc_column_text][\/qode_elements_holder_item][\/qode_elements_holder][\/vc_column][\/vc_row][vc_row css_animation=&#8221;&#8221; row_type=&#8221;row&#8221; use_row_as_full_screen_section=&#8221;no&#8221; type=&#8221;grid&#8221; angled_section=&#8221;no&#8221; text_align=&#8221;left&#8221; background_image_as_pattern=&#8221;without_pattern&#8221; padding_top=&#8221;84&#8243; z_index=&#8221;&#8221; el_id=&#8221;hide_on_mobiles&#8221;][vc_column offset=&#8221;vc_col-md-5&#8243;][qode_elements_holder number_of_columns=&#8221;one_column&#8221;][qode_elements_holder_item advanced_animations=&#8221;no&#8221; item_padding=&#8221;102px 40px 0 10px&#8221; item_padding_1024_1280=&#8221;72px 40px 0 0&#8243; item_padding_768_1024=&#8221;35px 40px 0 0&#8243; item_padding_600_768=&#8221;0px 40px 60px 0&#8243; item_padding_480_600=&#8221;0 0 60px 0&#8243; item_padding_480=&#8221;0 0 60px 0&#8243;][vc_column_text]<\/p>\n<h3>MEIE EESM\u00c4RK<\/h3>\n<p>[\/vc_column_text][vc_separator type=&#8221;small&#8221; position=&#8221;left&#8221; color=&#8221;#b7702e&#8221; thickness=&#8221;1&#8243; width=&#8221;63&#8243; up=&#8221;28&#8243; down=&#8221;28&#8243;][vc_column_text]Pakkuda parimat toitu lemmikloomadele maailmas. Mitte ainult nende toitumisvajaduste rahuldamiseks, vaid ka nende tervise, v\u00e4limuse ja pikaealisuse toet-amiseks.[\/vc_column_text][\/qode_elements_holder_item][\/qode_elements_holder][\/vc_column][vc_column offset=&#8221;vc_col-md-7&#8243;][qode_elements_holder number_of_columns=&#8221;one_column&#8221;][qode_elements_holder_item advanced_animations=&#8221;no&#8221; item_padding=&#8221;0 0px 0 41px&#8221; item_padding_600_768=&#8221;0 0px 0 0px&#8221; item_padding_480_600=&#8221;0 0px 0 0px&#8221; item_padding_480=&#8221;0 0px 0 0px&#8221;][vc_single_image image=&#8221;4032&#8243; img_size=&#8221;full&#8221; css=&#8221;&#8221; qode_css_animation=&#8221;&#8221;][\/qode_elements_holder_item][\/qode_elements_holder][\/vc_column][\/vc_row][vc_row css_animation=&#8221;&#8221; row_type=&#8221;row&#8221; use_row_as_full_screen_section=&#8221;no&#8221; type=&#8221;full_width&#8221; angled_section=&#8221;no&#8221; text_align=&#8221;left&#8221; background_image_as_pattern=&#8221;without_pattern&#8221; z_index=&#8221;&#8221;][vc_column][vc_empty_space height=&#8221;50px&#8221;][\/vc_column][\/vc_row]<\/p>\n<\/div>","protected":false},"excerpt":{"rendered":"<p>[vc_row css_animation=&#8221;&#8221; row_type=&#8221;row&#8221; use_row_as_full_screen_section=&#8221;no&#8221; type=&#8221;full_width&#8221; angled_section=&#8221;no&#8221; text_align=&#8221;left&#8221; background_image_as_pattern=&#8221;without_pattern&#8221;][vc_column][\/vc_column][\/vc_row][vc_row css_animation=&#8221;&#8221; row_type=&#8221;row&#8221; use_row_as_full_screen_section=&#8221;no&#8221; type=&#8221;grid&#8221; angled_section=&#8221;no&#8221; text_align=&#8221;left&#8221; background_image_as_pattern=&#8221;without_pattern&#8221; padding_top=&#8221;84&#8243; z_index=&#8221;&#8221;][vc_column offset=&#8221;vc_col-md-5&#8243;][qode_elements_holder number_of_columns=&#8221;one_column&#8221;][qode_elements_holder_item vertical_alignment=&#8221;middle&#8221; advanced_animations=&#8221;no&#8221; item_padding_1024_1280=&#8221;72px 40px 0 0&#8243; item_padding_768_1024=&#8221;35px 40px 0 0&#8243; item_padding_600_768=&#8221;0px 40px 60px 0&#8243; item_padding_480_600=&#8221;0 0 60px 0&#8243; item_padding_480=&#8221;0 0 60px 0&#8243; item_padding=&#8221;30px 40px 0 8px&#8221;][vc_column_text]&#8230;<\/p>\n","protected":false},"author":1,"featured_media":0,"parent":0,"menu_order":0,"comment_status":"closed","ping_status":"closed","template":"full_width.php","meta":{"footnotes":""},"class_list":["post-14","page","type-page","status-publish","hentry"],"yoast_head":"<!-- This site is optimized with the Yoast SEO plugin v27.1.1 - https:\/\/yoast.com\/product\/yoast-seo-wordpress\/ -->\n<title>NEKMAR PET NUTRITION EESTI | Dog food<\/title>\n<meta name=\"description\" content=\"MEIE EESM\u00c4RK - Pakkuda parimat toitu lemmikloomadele maailmas. Mitte ainult nende toitumisvajaduste rahuldamiseks, vaid ka nende tervise, v\u00e4limuse ja pikaealisuse toet-amiseks.\" \/>\n<meta name=\"robots\" content=\"index, follow, max-snippet:-1, max-image-preview:large, max-video-preview:-1\" \/>\n<link rel=\"canonical\" href=\"https:\/\/nekmar.eu\/ee\/\" \/>\n<meta property=\"og:locale\" content=\"et_EE\" \/>\n<meta property=\"og:type\" content=\"article\" \/>\n<meta property=\"og:title\" content=\"NEKMAR PET NUTRITION EESTI\" \/>\n<meta property=\"og:description\" content=\"MEIE EESM\u00c4RK - Pakkuda parimat toitu lemmikloomadele maailmas. Mitte ainult nende toitumisvajaduste rahuldamiseks, vaid ka nende tervise, v\u00e4limuse ja pikaealisuse toet-amiseks.\" \/>\n<meta property=\"og:url\" content=\"https:\/\/nekmar.eu\/ee\/\" \/>\n<meta property=\"og:site_name\" content=\"Nekmar\" \/>\n<meta property=\"article:publisher\" content=\"https:\/\/www.facebook.com\/nekmarpetnutrition\/\" \/>\n<meta property=\"article:modified_time\" content=\"2024-09-20T07:09:13+00:00\" \/>\n<meta property=\"og:image\" content=\"https:\/\/nekmar.eu\/ee\/wp-content\/uploads\/2019\/08\/nekmar-f.jpg\" \/>\n\t<meta property=\"og:image:width\" content=\"1200\" \/>\n\t<meta property=\"og:image:height\" content=\"630\" \/>\n\t<meta property=\"og:image:type\" content=\"image\/jpeg\" \/>\n<meta name=\"twitter:card\" content=\"summary_large_image\" \/>\n<meta name=\"twitter:label1\" content=\"Est. reading time\" \/>\n\t<meta name=\"twitter:data1\" content=\"3 minutit\" \/>\n<script type=\"application\/ld+json\" class=\"yoast-schema-graph\">{\"@context\":\"https:\/\/schema.org\",\"@graph\":[{\"@type\":\"WebPage\",\"@id\":\"https:\/\/nekmar.eu\/ee\/\",\"url\":\"https:\/\/nekmar.eu\/ee\/\",\"name\":\"NEKMAR PET NUTRITION EESTI | Dog food\",\"isPartOf\":{\"@id\":\"https:\/\/nekmar.eu\/ee\/#website\"},\"datePublished\":\"2016-02-23T13:24:53+00:00\",\"dateModified\":\"2024-09-20T07:09:13+00:00\",\"description\":\"MEIE EESM\u00c4RK - Pakkuda parimat toitu lemmikloomadele maailmas. Mitte ainult nende toitumisvajaduste rahuldamiseks, vaid ka nende tervise, v\u00e4limuse ja pikaealisuse toet-amiseks.\",\"breadcrumb\":{\"@id\":\"https:\/\/nekmar.eu\/ee\/#breadcrumb\"},\"inLanguage\":\"et\",\"potentialAction\":[{\"@type\":\"ReadAction\",\"target\":[\"https:\/\/nekmar.eu\/ee\/\"]}]},{\"@type\":\"BreadcrumbList\",\"@id\":\"https:\/\/nekmar.eu\/ee\/#breadcrumb\",\"itemListElement\":[{\"@type\":\"ListItem\",\"position\":1,\"name\":\"Home\",\"item\":\"https:\/\/nekmar.eu\/ee\/\"},{\"@type\":\"ListItem\",\"position\":2,\"name\":\"Esileht\"}]},{\"@type\":\"WebSite\",\"@id\":\"https:\/\/nekmar.eu\/ee\/#website\",\"url\":\"https:\/\/nekmar.eu\/ee\/\",\"name\":\"Nekmar\",\"description\":\"Pet Nutrition\",\"publisher\":{\"@id\":\"https:\/\/nekmar.eu\/ee\/#organization\"},\"potentialAction\":[{\"@type\":\"SearchAction\",\"target\":{\"@type\":\"EntryPoint\",\"urlTemplate\":\"https:\/\/nekmar.eu\/ee\/?s={search_term_string}\"},\"query-input\":{\"@type\":\"PropertyValueSpecification\",\"valueRequired\":true,\"valueName\":\"search_term_string\"}}],\"inLanguage\":\"et\"},{\"@type\":\"Organization\",\"@id\":\"https:\/\/nekmar.eu\/ee\/#organization\",\"name\":\"Nekmar Pet Nutrition\",\"url\":\"https:\/\/nekmar.eu\/ee\/\",\"logo\":{\"@type\":\"ImageObject\",\"inLanguage\":\"et\",\"@id\":\"https:\/\/nekmar.eu\/ee\/#\/schema\/logo\/image\/\",\"url\":\"https:\/\/nekmar.eu\/ee\/wp-content\/uploads\/2019\/08\/Nekmar-contact.jpg\",\"contentUrl\":\"https:\/\/nekmar.eu\/ee\/wp-content\/uploads\/2019\/08\/Nekmar-contact.jpg\",\"width\":600,\"height\":142,\"caption\":\"Nekmar Pet Nutrition\"},\"image\":{\"@id\":\"https:\/\/nekmar.eu\/ee\/#\/schema\/logo\/image\/\"},\"sameAs\":[\"https:\/\/www.facebook.com\/nekmarpetnutrition\/\",\"https:\/\/www.instagram.com\/nekmarpetnutrition\/\"]}]}<\/script>\n<!-- \/ Yoast SEO plugin. -->","yoast_head_json":{"title":"NEKMAR PET NUTRITION EESTI | Dog food","description":"MEIE EESM\u00c4RK - Pakkuda parimat toitu lemmikloomadele maailmas. Mitte ainult nende toitumisvajaduste rahuldamiseks, vaid ka nende tervise, v\u00e4limuse ja pikaealisuse toet-amiseks.","robots":{"index":"index","follow":"follow","max-snippet":"max-snippet:-1","max-image-preview":"max-image-preview:large","max-video-preview":"max-video-preview:-1"},"canonical":"https:\/\/nekmar.eu\/ee\/","og_locale":"et_EE","og_type":"article","og_title":"NEKMAR PET NUTRITION EESTI","og_description":"MEIE EESM\u00c4RK - Pakkuda parimat toitu lemmikloomadele maailmas. Mitte ainult nende toitumisvajaduste rahuldamiseks, vaid ka nende tervise, v\u00e4limuse ja pikaealisuse toet-amiseks.","og_url":"https:\/\/nekmar.eu\/ee\/","og_site_name":"Nekmar","article_publisher":"https:\/\/www.facebook.com\/nekmarpetnutrition\/","article_modified_time":"2024-09-20T07:09:13+00:00","og_image":[{"width":1200,"height":630,"url":"https:\/\/nekmar.eu\/ee\/wp-content\/uploads\/2019\/08\/nekmar-f.jpg","type":"image\/jpeg"}],"twitter_card":"summary_large_image","twitter_misc":{"Est. reading time":"3 minutit"},"schema":{"@context":"https:\/\/schema.org","@graph":[{"@type":"WebPage","@id":"https:\/\/nekmar.eu\/ee\/","url":"https:\/\/nekmar.eu\/ee\/","name":"NEKMAR PET NUTRITION EESTI | Dog food","isPartOf":{"@id":"https:\/\/nekmar.eu\/ee\/#website"},"datePublished":"2016-02-23T13:24:53+00:00","dateModified":"2024-09-20T07:09:13+00:00","description":"MEIE EESM\u00c4RK - Pakkuda parimat toitu lemmikloomadele maailmas. Mitte ainult nende toitumisvajaduste rahuldamiseks, vaid ka nende tervise, v\u00e4limuse ja pikaealisuse toet-amiseks.","breadcrumb":{"@id":"https:\/\/nekmar.eu\/ee\/#breadcrumb"},"inLanguage":"et","potentialAction":[{"@type":"ReadAction","target":["https:\/\/nekmar.eu\/ee\/"]}]},{"@type":"BreadcrumbList","@id":"https:\/\/nekmar.eu\/ee\/#breadcrumb","itemListElement":[{"@type":"ListItem","position":1,"name":"Home","item":"https:\/\/nekmar.eu\/ee\/"},{"@type":"ListItem","position":2,"name":"Esileht"}]},{"@type":"WebSite","@id":"https:\/\/nekmar.eu\/ee\/#website","url":"https:\/\/nekmar.eu\/ee\/","name":"Nekmar","description":"Pet Nutrition","publisher":{"@id":"https:\/\/nekmar.eu\/ee\/#organization"},"potentialAction":[{"@type":"SearchAction","target":{"@type":"EntryPoint","urlTemplate":"https:\/\/nekmar.eu\/ee\/?s={search_term_string}"},"query-input":{"@type":"PropertyValueSpecification","valueRequired":true,"valueName":"search_term_string"}}],"inLanguage":"et"},{"@type":"Organization","@id":"https:\/\/nekmar.eu\/ee\/#organization","name":"Nekmar Pet Nutrition","url":"https:\/\/nekmar.eu\/ee\/","logo":{"@type":"ImageObject","inLanguage":"et","@id":"https:\/\/nekmar.eu\/ee\/#\/schema\/logo\/image\/","url":"https:\/\/nekmar.eu\/ee\/wp-content\/uploads\/2019\/08\/Nekmar-contact.jpg","contentUrl":"https:\/\/nekmar.eu\/ee\/wp-content\/uploads\/2019\/08\/Nekmar-contact.jpg","width":600,"height":142,"caption":"Nekmar Pet Nutrition"},"image":{"@id":"https:\/\/nekmar.eu\/ee\/#\/schema\/logo\/image\/"},"sameAs":["https:\/\/www.facebook.com\/nekmarpetnutrition\/","https:\/\/www.instagram.com\/nekmarpetnutrition\/"]}]}},"_links":{"self":[{"href":"https:\/\/nekmar.eu\/ee\/wp-json\/wp\/v2\/pages\/14","targetHints":{"allow":["GET"]}}],"collection":[{"href":"https:\/\/nekmar.eu\/ee\/wp-json\/wp\/v2\/pages"}],"about":[{"href":"https:\/\/nekmar.eu\/ee\/wp-json\/wp\/v2\/types\/page"}],"author":[{"embeddable":true,"href":"https:\/\/nekmar.eu\/ee\/wp-json\/wp\/v2\/users\/1"}],"replies":[{"embeddable":true,"href":"https:\/\/nekmar.eu\/ee\/wp-json\/wp\/v2\/comments?post=14"}],"version-history":[{"count":0,"href":"https:\/\/nekmar.eu\/ee\/wp-json\/wp\/v2\/pages\/14\/revisions"}],"wp:attachment":[{"href":"https:\/\/nekmar.eu\/ee\/wp-json\/wp\/v2\/media?parent=14"}],"curies":[{"name":"wp","href":"https:\/\/api.w.org\/{rel}","templated":true}]}}