{"id":799,"date":"2019-10-16T12:12:22","date_gmt":"2019-10-16T12:12:22","guid":{"rendered":"https:\/\/nekmar.eu\/ee\/?page_id=799"},"modified":"2023-02-11T08:21:32","modified_gmt":"2023-02-11T06:21:32","slug":"ostmise-tingimused","status":"publish","type":"page","link":"https:\/\/nekmar.eu\/ee\/ostmise-tingimused\/","title":{"rendered":"Ostmise tingimused"},"content":{"rendered":"<div class=\"wpb-content-wrapper\"><p>[vc_row css_animation=&#8221;&#8221; row_type=&#8221;row&#8221; use_row_as_full_screen_section=&#8221;no&#8221; type=&#8221;full_width&#8221; angled_section=&#8221;no&#8221; text_align=&#8221;left&#8221; background_image_as_pattern=&#8221;without_pattern&#8221;][vc_column][vc_empty_space height=&#8221;100px&#8221;][\/vc_column][\/vc_row][vc_row css_animation=&#8221;&#8221; row_type=&#8221;row&#8221; use_row_as_full_screen_section=&#8221;no&#8221; type=&#8221;grid&#8221; angled_section=&#8221;no&#8221; text_align=&#8221;left&#8221; background_image_as_pattern=&#8221;without_pattern&#8221; z_index=&#8221;&#8221;][vc_column][vc_column_text]<strong>\u00dcldinfo<\/strong><\/p>\n<p>1. Nekmar Pet Nutrition\u2019i e-pood veebiaadressiga<a href=\"https:\/\/nekmar.eu\/ee\/\"> www.nekmar.eu\/ee<\/a> (edaspidi e-pood) on Lakebrook O\u00dc (edaspidi Nekmar Pet Nutrition) poolt loodud elektrooniline ostukeskkond, mille vahendusel toimub toodete m\u00fc\u00fck.<br \/>\n2. M\u00fc\u00fcgilepingu kehtivus, kauba- ja hinnainfo m\u00fc\u00fcgitingimused kehtivad e-poes ostmisel.<br \/>\n3. E-poes m\u00fc\u00fcdavate toodete hinnad on m\u00e4rgitud toodete juurde. Hinnale lisandub kauba k\u00e4ttetoimetamise tasu. Kauba k\u00e4ttetoimetamise tasu s\u00f5ltub ostja asukohast ning k\u00e4ttetoimetamise viisist. K\u00e4ttetoimetamise tasu kuvatakse ostjale tellimuse vormistamisel. Teave kauba kohta on esitatud e-poes vahetult kauba juures.<br \/>\n4. E-poe kasutustingimusi kohaldatakse k\u00f5ikidele \u00f5igussuhetele, toodete pakkumistele, tellimistele, m\u00fc\u00fcgitehingutele, mis leiavad aset e-poe kasutaja kui Kliendi ja e-poe <a href=\"http:\/\/www.nekmar.eu\/ee\">www.nekmar.eu\/ee<\/a> omaniku Lakebrook O\u00dc vahel.<br \/>\n5. E-pood v\u00f5ib igal ajal oma tingimusi muuta, avaldades muudatused Nekmar Pet Nutrition veebilehel <a href=\"http:\/\/www.nekmar.eu\/ee\">www.nekmar.eu\/ee<\/a>. Muudatused j\u00f5ustuvad koheselt peale avaldamist. E-poodi kasutades ja selle vahendusel tellimust esitades n\u00f5ustub klient tellimuse vormistamisel \u00fcldtingimustega, kinnitades seda vastava m\u00e4rkega.<br \/>\n6. K\u00f5ik Nekmar Pet Nutrition e-poes m\u00fc\u00fcdavad tooted on naturaalsed. Kuna tegemist on loomsete produktidega siis toodete kuju, v\u00e4limus ja m\u00f5\u00f5dud v\u00f5ivad erineda piltidest ning tooted erineda teineteisest.<\/p>\n<p>&nbsp;<\/p>\n<p>&nbsp;<\/p>\n<p><strong>M\u00fc\u00fcgilepingu j\u00f5ustumine<\/strong><\/p>\n<p>1. Nekmar Pet Nutrition m\u00fc\u00fcb ja Klient ostab e-poes pakutavaid tooteid. Nekmar Pet Nutrition-i ja Kliendi vahel j\u00f5ustub m\u00fc\u00fcgileping alates tellimuse kinnituse j\u00e4rgi tasumisele kuuluva summa laekumisest Lakebrook O\u00dc arveldusarvele.<br \/>\n2. Nekmar Pet Nutrition veebipoes tellimust vormistades ning makset tehes, kinnitab Klient, et ta on tutvunud ja n\u00f5ustub m\u00fc\u00fcgitingimustega.<\/p>\n<p>&nbsp;<\/p>\n<p><strong>Hinnad<\/strong><\/p>\n<p>1. K\u00f5ik Nekmar Pet Nutrition veebipoes olevad hinnad on toodud eurodes ja sisaldavad k\u00e4ibemaksu 20%.<br \/>\n2. Nekmar Pet Nutrition v\u00f5ib igal ajal muuta e-poes n\u00e4htavaid hindu. K\u00f5ik muudatused avaldatakse www.nekmar.eu\/ee e-poes ning j\u00f5ustuvad alates avaldamise hetkest.<br \/>\n3. Kui Klient edastas oma tellimuse enne hinna muudatuste j\u00f5ustumist, siis tema jaoks kehtib hind, mis oli arvel kajastatud tellimuse vormistamise momendil. Kliendil ei ole \u00f5igust n\u00f5uda hinnavahe kompenseerimist.<br \/>\n4. Hinnad ei sisalda toodete kohale toimetamise kulusid. Kohale toimetamise kulud kuvatakse E-poes enne ostu sooritamist selliselt, et Kliendil on v\u00f5imalik nendega tutvuda ja valida endale sobivaim kohale toimetamise viis.<\/p>\n<p>&nbsp;<\/p>\n<p><strong>Tellimine ja kauba eest tasumine<\/strong><\/p>\n<p>1. Kauba tellimiseks tuleb lisada soovitud tooted ostukorvi.<br \/>\n2. Tellimuse vormistamiseks tuleb t\u00e4ita n\u00f5utud andmev\u00e4ljad ning valida sobiv toodete kohaletoimetamise viis. Seej\u00e4rel kuvatakse ekraanile tasu suurus, mille saab tasuda pangalingi kaudu v\u00f5i muu makselahenduse abil. Leping j\u00f5ustub alates tasumisele kuuluva summa laekumisest E-poe arvelduskontole. Kui tellitud kaupa ei ole v\u00f5imalik tarnida seoses kauba l\u00f5ppemisega v\u00f5i muul p\u00f5hjusel, teavitatakse sellest ostjat esimesel v\u00f5imalusel ning tagastatakse tasutud raha (sh kauba k\u00e4ttetoimetamise kulud) viivitamata, kuid mitte hiljem kui 14 p\u00e4eva jooksul teate saatmisest.<br \/>\n3. Tellimuse eest tasumisel saab Klient valida omale sobiva makseviisi: Swedbank, SEB, Luminor, LHV, Coop, Citadele ja Revolut pangalingid, deebet- v\u00f5i krediitkaart. Tehingud toimuvad l\u00e4bi Esto AS turvalise keskkonna. Klient maksab 100% tellimuse summast tellimuse kinnitamiseks.<br \/>\n4. Lakebrook O\u00dc on isikuandmete vastutav t\u00f6\u00f6tleja. Lakebrook O\u00dc edastab maksete teostamiseks vajalikud isikuandmed volitatud t\u00f6\u00f6tleja Esto AS-le.<\/p>\n<p>&nbsp;<\/p>\n<p><strong>Toodete kohaletoimetamine<\/strong><\/p>\n<p>1. Kaupu saadetakse j\u00e4rgmistesse riikidesse: Eestisse. Kauba saatmiskulud kannab ostja ning vastav hinnainfo on kuvatud saatmisviisi juures.<br \/>\n2. Eestisisesed saadetised j\u00f5uavad \u00fcldjuhul ostja m\u00e4\u00e4ratud sihtpunkti 3-7 t\u00f6\u00f6p\u00e4eva jooksul alates m\u00fc\u00fcgilepingu j\u00f5ustumisest. Maksimaalne v\u00f5imalik kohaletoimetamise aeg juhul, kui kaupa peab juurde tellima on 30 p\u00e4eva.<br \/>\n3. Peale Kliendi poolt arve tasumist komplekteerib Nekmar Pet Nutrition tellimuse ning annab selle \u00fcle kohaletoimetamiseks logistikapartneritele.<br \/>\n4. Nekmar Pet Nutrition tarne ja logistika partnerid on Omniva, Itella Smartpost, DPD.<br \/>\n5. Nekmar Pet Nutrition veebilehel n\u00e4idatud kohaletoimetamise t\u00e4htajad kehtivad arve tasumise hetkest.<br \/>\n6. Nekmar Pet Nutrition ei vastuta toodete kohaletoimetamise viivituse ja tekkinud arusaamatuste eest juhul, kui viivitus v\u00f5i arusaamatus on tingitud Kliendi poolt tellimuse vormistamisel esitatud andmete ebat\u00e4psusest.<br \/>\n7. Kohaletoimetamise viisi ja sihtkohta on v\u00f5imalik muuta kuni logistikapartnerile kauba \u00fcleandmiseni, andes meile oma soovist teada e-kirja v\u00f5i telefoni teel.<br \/>\n8. Transpordi k\u00e4igus vigastada saanud saadetise saab tagastada koheselt, kas kullerile v\u00f5i kasutades pakiautomaati dokumenteerides paki k\u00e4ttesaamisel koheselt saadetise vigastused (kirjeldus vigastusest tuleb saata koos pildiga aadressil jaana@lakebrook.eu)<\/p>\n<p>&nbsp;<\/p>\n<p><strong>Tagastamine<\/strong><\/p>\n<p>1. Vastavalt V\u00d5S \u00a7-le 56 lg 1, on kliendil \u00f5igus taganeda lepingust 14 p\u00e4eva jooksul alates kauba k\u00e4ttesaamisest.<br \/>\n2. Tagastada saab toodet, mis on originaalpakendis ning mida ei ole avatud. Vastavalt v\u00f5la\u00f5igusseadusele ei kehti taganemis\u00f5igus toodetele, mida oma olemuse t\u00f5ttu ei saa tagastada.<br \/>\n3. Kauba tagastamiskulud kannab klient, v\u00e4lja arvatud juhul, kui tagastamise p\u00f5hjuseks on tellimusele mittevastav toode v\u00f5i praak toode.<br \/>\n4. Riknenud toote kohta peab Klient koheselt tegema avalduse e-posti teel, lisades toote foto ja toimetama riknenud toote aadressile Loode 5, Elva, Eesti. Kliendil tuleb kanda tagastamisega seotud otsesed kulud, kui pooled ei ole kokku leppinud teisiti.<br \/>\n5. Raha tagastatud kauba eest kantakse Kliendi kontole esimesel v\u00f5imalusel, kuid mitte hiljem kui 14 p\u00e4eva m\u00f6\u00f6dumisel taganemisavalduse ja riknenud toote k\u00e4ttesaamisest. Lisaks tagastatud kauba maksumusele tagastatakse ka kauba k\u00e4tte ja kohaletoimetamise kulud.<\/p>\n<p>&nbsp;<\/p>\n<p><strong>Pretensioonide esitamine<\/strong><\/p>\n<p>1. Vahetada ja tagastada ei ole v\u00f5imalik tooteid defektide p\u00e4rast, mille kohta oli e-poes tootekirjelduses vastav m\u00e4rge. Kui tooteid ei ole v\u00f5imalik vahetada, on ostjal \u00f5igus lepingust taganeda (v.a defektiga kaup).<br \/>\n2. Pretensiooni ei ole v\u00f5imalik Nekmar Pet Nutrition-ile esitada, kui toote puudus on tingitud valest kasutamisest v\u00f5i hoiustamistingimuste rikkumisest.<br \/>\n3. Ostja e-posti aadressile saadetud tellimus\/arve on \u00fchtlasi ostu t\u00f5endav dokument, mis tuleb esitada toote puudustest teavitamisel.<\/p>\n<p>&nbsp;<\/p>\n<p><strong>V\u00e4\u00e4ramatu j\u00f5ud<\/strong><\/p>\n<p>1. Nekmar Pet Nutrition vastutab Kliendi ees ja Klient vastutab Nekmar Pet Nutrition\u2019i ees teisele poolele k\u00e4esolevate tingimuste rikkumisega tekitatud kahju eest Eesti Vabariigis kehtivates \u00f5igusaktides s\u00e4testatud juhtudel ja ulatuses.<br \/>\n2. Nekmar Pet Nutrition ei vastuta Kliendile tekitatud kahjude eest v\u00f5i toote kohaletoimetamise viibimise eest juhul, kui kahju v\u00f5i toote kohaletoimetamise viibimine on tingitud asjaolust, mida Nekmar Pet Nutrition ei saanud m\u00f5jutada ega ette n\u00e4ha.<\/p>\n<p>&nbsp;<\/p>\n<p><strong>Privaatsus<\/strong><\/p>\n<p>1. Nekmar Pet Nutrition veebilehe kasutamisega annab klient selge ja teadliku n\u00f5usoleku Nekmar Pet Nutrition\u2019ile enda isikuandmete t\u00f6\u00f6tlemiseks.<br \/>\n2. Nekmar Pet Nutrition kasutab Kliendi poolt esitatud informatsiooni ainult Kliendi ostutellimuse t\u00e4itmiseks ja ei avalda neid kolmandatele osapooltele, v\u00e4lja arvatud seaduses etten\u00e4htud juhtudel.<br \/>\n3. Privaatsustingimused on t\u00e4psemalt lahti seletatud SIIN (please add hyperlink to Privacy Policy)<\/p>\n<p>&nbsp;<\/p>\n<p><strong>Otseturustus ja isikuandmete t\u00f6\u00f6tlemine<\/strong><\/p>\n<p>1. E-pood kasutab ostja poolt sisestatud isikuandmeid (sh nimi, telefoninumber, aadress, e-maili aadress, pangarekvisiidid) ainult tellimuse t\u00f6\u00f6tlemiseks ning kauba ostjale saatmiseks.<br \/>\n2. E-pood edastab isikuandmeid veoteenust pakkuvale ettev\u00f5tetele selleks, et kohale toimetada kaupa.<br \/>\n3. E-pood saadab ostjale uudiskirju ning pakkumisi ostja e-maili aadressile ainult juhul, kui ostja on selleks avaldanud soovi sisestades veebilehel e-kirja aadressi ning andnud teada oma soovist otsepostituse teadete saamiseks. Ostjal on igal ajal v\u00f5imalik loobuda e-postile saadetavatest pakkumistest ja uudiskirjadest andes sellest meile teada e-kirja teel v\u00f5i j\u00e4rgides pakkumisi sisaldava e-kirjas toodud juhiseid.[\/vc_column_text][\/vc_column][\/vc_row][vc_row css_animation=&#8221;&#8221; row_type=&#8221;row&#8221; use_row_as_full_screen_section=&#8221;no&#8221; type=&#8221;full_width&#8221; angled_section=&#8221;no&#8221; text_align=&#8221;left&#8221; background_image_as_pattern=&#8221;without_pattern&#8221;][vc_column][vc_empty_space height=&#8221;100px&#8221;][\/vc_column][\/vc_row]<\/p>\n<\/div>","protected":false},"excerpt":{"rendered":"<p>[vc_row css_animation=&#8221;&#8221; row_type=&#8221;row&#8221; use_row_as_full_screen_section=&#8221;no&#8221; type=&#8221;full_width&#8221; angled_section=&#8221;no&#8221; text_align=&#8221;left&#8221; background_image_as_pattern=&#8221;without_pattern&#8221;][vc_column][vc_empty_space height=&#8221;100px&#8221;][\/vc_column][\/vc_row][vc_row css_animation=&#8221;&#8221; row_type=&#8221;row&#8221; use_row_as_full_screen_section=&#8221;no&#8221; type=&#8221;grid&#8221; angled_section=&#8221;no&#8221; text_align=&#8221;left&#8221; background_image_as_pattern=&#8221;without_pattern&#8221; z_index=&#8221;&#8221;][vc_column][vc_column_text]\u00dcldinfo 1. Nekmar Pet Nutrition\u2019i e-pood veebiaadressiga www.nekmar.eu\/ee (edaspidi e-pood) on Lakebrook O\u00dc (edaspidi Nekmar Pet Nutrition) poolt loodud elektrooniline ostukeskkond, mille vahendusel toimub toodete m\u00fc\u00fck. 2. M\u00fc\u00fcgilepingu kehtivus,&#8230;<\/p>\n","protected":false},"author":1,"featured_media":0,"parent":0,"menu_order":0,"comment_status":"closed","ping_status":"closed","template":"full_width.php","meta":{"footnotes":""},"class_list":["post-799","page","type-page","status-publish","hentry"],"yoast_head":"<!-- This site is optimized with the Yoast SEO plugin v27.1.1 - https:\/\/yoast.com\/product\/yoast-seo-wordpress\/ -->\n<title>Ostmise tingimused | Nekmar<\/title>\n<meta name=\"robots\" content=\"noindex, follow\" \/>\n<meta property=\"og:locale\" content=\"et_EE\" \/>\n<meta property=\"og:type\" content=\"article\" \/>\n<meta property=\"og:title\" content=\"Ostmise tingimused | Nekmar\" \/>\n<meta property=\"og:description\" content=\"[vc_row css_animation=&#8221;&#8221; row_type=&#8221;row&#8221; use_row_as_full_screen_section=&#8221;no&#8221; type=&#8221;full_width&#8221; angled_section=&#8221;no&#8221; text_align=&#8221;left&#8221; background_image_as_pattern=&#8221;without_pattern&#8221;][vc_column][vc_empty_space height=&#8221;100px&#8221;][\/vc_column][\/vc_row][vc_row css_animation=&#8221;&#8221; row_type=&#8221;row&#8221; use_row_as_full_screen_section=&#8221;no&#8221; type=&#8221;grid&#8221; angled_section=&#8221;no&#8221; text_align=&#8221;left&#8221; background_image_as_pattern=&#8221;without_pattern&#8221; z_index=&#8221;&#8221;][vc_column][vc_column_text]\u00dcldinfo 1. Nekmar Pet Nutrition\u2019i e-pood veebiaadressiga www.nekmar.eu\/ee (edaspidi e-pood) on Lakebrook O\u00dc (edaspidi Nekmar Pet Nutrition) poolt loodud elektrooniline ostukeskkond, mille vahendusel toimub toodete m\u00fc\u00fck. 2. M\u00fc\u00fcgilepingu kehtivus,...\" \/>\n<meta property=\"og:url\" content=\"https:\/\/nekmar.eu\/ee\/ostmise-tingimused\/\" \/>\n<meta property=\"og:site_name\" content=\"Nekmar\" \/>\n<meta property=\"article:publisher\" content=\"https:\/\/www.facebook.com\/nekmarpetnutrition\/\" \/>\n<meta property=\"article:modified_time\" content=\"2023-02-11T06:21:32+00:00\" \/>\n<meta property=\"og:image\" content=\"https:\/\/nekmar.eu\/ee\/wp-content\/uploads\/2019\/08\/nekmar-f.jpg\" \/>\n\t<meta property=\"og:image:width\" content=\"1200\" \/>\n\t<meta property=\"og:image:height\" content=\"630\" \/>\n\t<meta property=\"og:image:type\" content=\"image\/jpeg\" \/>\n<meta name=\"twitter:card\" content=\"summary_large_image\" \/>\n<meta name=\"twitter:label1\" content=\"Est. reading time\" \/>\n\t<meta name=\"twitter:data1\" content=\"6 minutit\" \/>\n<script type=\"application\/ld+json\" class=\"yoast-schema-graph\">{\"@context\":\"https:\/\/schema.org\",\"@graph\":[{\"@type\":\"WebPage\",\"@id\":\"https:\/\/nekmar.eu\/ee\/ostmise-tingimused\/\",\"url\":\"https:\/\/nekmar.eu\/ee\/ostmise-tingimused\/\",\"name\":\"Ostmise tingimused | Nekmar\",\"isPartOf\":{\"@id\":\"https:\/\/nekmar.eu\/ee\/#website\"},\"datePublished\":\"2019-10-16T12:12:22+00:00\",\"dateModified\":\"2023-02-11T06:21:32+00:00\",\"breadcrumb\":{\"@id\":\"https:\/\/nekmar.eu\/ee\/ostmise-tingimused\/#breadcrumb\"},\"inLanguage\":\"et\",\"potentialAction\":[{\"@type\":\"ReadAction\",\"target\":[\"https:\/\/nekmar.eu\/ee\/ostmise-tingimused\/\"]}]},{\"@type\":\"BreadcrumbList\",\"@id\":\"https:\/\/nekmar.eu\/ee\/ostmise-tingimused\/#breadcrumb\",\"itemListElement\":[{\"@type\":\"ListItem\",\"position\":1,\"name\":\"Home\",\"item\":\"https:\/\/nekmar.eu\/ee\/\"},{\"@type\":\"ListItem\",\"position\":2,\"name\":\"Ostmise tingimused\"}]},{\"@type\":\"WebSite\",\"@id\":\"https:\/\/nekmar.eu\/ee\/#website\",\"url\":\"https:\/\/nekmar.eu\/ee\/\",\"name\":\"Nekmar\",\"description\":\"Pet Nutrition\",\"publisher\":{\"@id\":\"https:\/\/nekmar.eu\/ee\/#organization\"},\"potentialAction\":[{\"@type\":\"SearchAction\",\"target\":{\"@type\":\"EntryPoint\",\"urlTemplate\":\"https:\/\/nekmar.eu\/ee\/?s={search_term_string}\"},\"query-input\":{\"@type\":\"PropertyValueSpecification\",\"valueRequired\":true,\"valueName\":\"search_term_string\"}}],\"inLanguage\":\"et\"},{\"@type\":\"Organization\",\"@id\":\"https:\/\/nekmar.eu\/ee\/#organization\",\"name\":\"Nekmar Pet Nutrition\",\"url\":\"https:\/\/nekmar.eu\/ee\/\",\"logo\":{\"@type\":\"ImageObject\",\"inLanguage\":\"et\",\"@id\":\"https:\/\/nekmar.eu\/ee\/#\/schema\/logo\/image\/\",\"url\":\"https:\/\/nekmar.eu\/ee\/wp-content\/uploads\/2019\/08\/Nekmar-contact.jpg\",\"contentUrl\":\"https:\/\/nekmar.eu\/ee\/wp-content\/uploads\/2019\/08\/Nekmar-contact.jpg\",\"width\":600,\"height\":142,\"caption\":\"Nekmar Pet Nutrition\"},\"image\":{\"@id\":\"https:\/\/nekmar.eu\/ee\/#\/schema\/logo\/image\/\"},\"sameAs\":[\"https:\/\/www.facebook.com\/nekmarpetnutrition\/\",\"https:\/\/www.instagram.com\/nekmarpetnutrition\/\"]}]}<\/script>\n<!-- \/ Yoast SEO plugin. -->","yoast_head_json":{"title":"Ostmise tingimused | Nekmar","robots":{"index":"noindex","follow":"follow"},"og_locale":"et_EE","og_type":"article","og_title":"Ostmise tingimused | Nekmar","og_description":"[vc_row css_animation=&#8221;&#8221; row_type=&#8221;row&#8221; use_row_as_full_screen_section=&#8221;no&#8221; type=&#8221;full_width&#8221; angled_section=&#8221;no&#8221; text_align=&#8221;left&#8221; background_image_as_pattern=&#8221;without_pattern&#8221;][vc_column][vc_empty_space height=&#8221;100px&#8221;][\/vc_column][\/vc_row][vc_row css_animation=&#8221;&#8221; row_type=&#8221;row&#8221; use_row_as_full_screen_section=&#8221;no&#8221; type=&#8221;grid&#8221; angled_section=&#8221;no&#8221; text_align=&#8221;left&#8221; background_image_as_pattern=&#8221;without_pattern&#8221; z_index=&#8221;&#8221;][vc_column][vc_column_text]\u00dcldinfo 1. Nekmar Pet Nutrition\u2019i e-pood veebiaadressiga www.nekmar.eu\/ee (edaspidi e-pood) on Lakebrook O\u00dc (edaspidi Nekmar Pet Nutrition) poolt loodud elektrooniline ostukeskkond, mille vahendusel toimub toodete m\u00fc\u00fck. 2. M\u00fc\u00fcgilepingu kehtivus,...","og_url":"https:\/\/nekmar.eu\/ee\/ostmise-tingimused\/","og_site_name":"Nekmar","article_publisher":"https:\/\/www.facebook.com\/nekmarpetnutrition\/","article_modified_time":"2023-02-11T06:21:32+00:00","og_image":[{"width":1200,"height":630,"url":"https:\/\/nekmar.eu\/ee\/wp-content\/uploads\/2019\/08\/nekmar-f.jpg","type":"image\/jpeg"}],"twitter_card":"summary_large_image","twitter_misc":{"Est. reading time":"6 minutit"},"schema":{"@context":"https:\/\/schema.org","@graph":[{"@type":"WebPage","@id":"https:\/\/nekmar.eu\/ee\/ostmise-tingimused\/","url":"https:\/\/nekmar.eu\/ee\/ostmise-tingimused\/","name":"Ostmise tingimused | Nekmar","isPartOf":{"@id":"https:\/\/nekmar.eu\/ee\/#website"},"datePublished":"2019-10-16T12:12:22+00:00","dateModified":"2023-02-11T06:21:32+00:00","breadcrumb":{"@id":"https:\/\/nekmar.eu\/ee\/ostmise-tingimused\/#breadcrumb"},"inLanguage":"et","potentialAction":[{"@type":"ReadAction","target":["https:\/\/nekmar.eu\/ee\/ostmise-tingimused\/"]}]},{"@type":"BreadcrumbList","@id":"https:\/\/nekmar.eu\/ee\/ostmise-tingimused\/#breadcrumb","itemListElement":[{"@type":"ListItem","position":1,"name":"Home","item":"https:\/\/nekmar.eu\/ee\/"},{"@type":"ListItem","position":2,"name":"Ostmise tingimused"}]},{"@type":"WebSite","@id":"https:\/\/nekmar.eu\/ee\/#website","url":"https:\/\/nekmar.eu\/ee\/","name":"Nekmar","description":"Pet Nutrition","publisher":{"@id":"https:\/\/nekmar.eu\/ee\/#organization"},"potentialAction":[{"@type":"SearchAction","target":{"@type":"EntryPoint","urlTemplate":"https:\/\/nekmar.eu\/ee\/?s={search_term_string}"},"query-input":{"@type":"PropertyValueSpecification","valueRequired":true,"valueName":"search_term_string"}}],"inLanguage":"et"},{"@type":"Organization","@id":"https:\/\/nekmar.eu\/ee\/#organization","name":"Nekmar Pet Nutrition","url":"https:\/\/nekmar.eu\/ee\/","logo":{"@type":"ImageObject","inLanguage":"et","@id":"https:\/\/nekmar.eu\/ee\/#\/schema\/logo\/image\/","url":"https:\/\/nekmar.eu\/ee\/wp-content\/uploads\/2019\/08\/Nekmar-contact.jpg","contentUrl":"https:\/\/nekmar.eu\/ee\/wp-content\/uploads\/2019\/08\/Nekmar-contact.jpg","width":600,"height":142,"caption":"Nekmar Pet Nutrition"},"image":{"@id":"https:\/\/nekmar.eu\/ee\/#\/schema\/logo\/image\/"},"sameAs":["https:\/\/www.facebook.com\/nekmarpetnutrition\/","https:\/\/www.instagram.com\/nekmarpetnutrition\/"]}]}},"_links":{"self":[{"href":"https:\/\/nekmar.eu\/ee\/wp-json\/wp\/v2\/pages\/799","targetHints":{"allow":["GET"]}}],"collection":[{"href":"https:\/\/nekmar.eu\/ee\/wp-json\/wp\/v2\/pages"}],"about":[{"href":"https:\/\/nekmar.eu\/ee\/wp-json\/wp\/v2\/types\/page"}],"author":[{"embeddable":true,"href":"https:\/\/nekmar.eu\/ee\/wp-json\/wp\/v2\/users\/1"}],"replies":[{"embeddable":true,"href":"https:\/\/nekmar.eu\/ee\/wp-json\/wp\/v2\/comments?post=799"}],"version-history":[{"count":0,"href":"https:\/\/nekmar.eu\/ee\/wp-json\/wp\/v2\/pages\/799\/revisions"}],"wp:attachment":[{"href":"https:\/\/nekmar.eu\/ee\/wp-json\/wp\/v2\/media?parent=799"}],"curies":[{"name":"wp","href":"https:\/\/api.w.org\/{rel}","templated":true}]}}