{"id":803,"date":"2019-10-16T12:15:17","date_gmt":"2019-10-16T12:15:17","guid":{"rendered":"https:\/\/nekmar.eu\/ee\/?page_id=803"},"modified":"2023-02-11T08:58:05","modified_gmt":"2023-02-11T06:58:05","slug":"privaatsuspoliitika","status":"publish","type":"page","link":"https:\/\/nekmar.eu\/ee\/privaatsuspoliitika\/","title":{"rendered":"Privaatsuspoliitika"},"content":{"rendered":"<div class=\"wpb-content-wrapper\"><p>[vc_row css_animation=&#8221;&#8221; row_type=&#8221;row&#8221; use_row_as_full_screen_section=&#8221;no&#8221; type=&#8221;grid&#8221; angled_section=&#8221;no&#8221; text_align=&#8221;left&#8221; background_image_as_pattern=&#8221;without_pattern&#8221; z_index=&#8221;&#8221; css=&#8221;.vc_custom_1676098681222{padding-top: 100px !important;padding-bottom: 100px !important;}&#8221;][vc_column][vc_column_text]<strong>Nekmar Pet Nutrition isikuandmete t\u00f6\u00f6tlemise p<\/strong><strong>\u00f5<\/strong><strong>him<\/strong><strong>\u00f5<\/strong><strong>tted<\/strong><\/p>\n<p>&nbsp;<\/p>\n<p><strong>\u00dc<\/strong><strong>ldine<\/strong><\/p>\n<p>Isikuandmete t\u00f6\u00f6tlemise tingimused on v\u00e4lja t\u00f6\u00f6tatud klientide privaatsuse kaitsmiseks. Sellest l\u00e4htuvalt on allpool toodud v\u00e4lja p\u00f5him\u00f5tted, mis k\u00e4sitlevad Kliendiandmete kogumist, kasutamist, avaldamist, edastamist ja s\u00e4ilitamist. Nekmar Pet Nutrition\u2019i tegevus on koosk\u00f5las vastavate Euroopa Liidu \u00f5igusaktide ja Eesti Vabariigi seadustega.<\/p>\n<p>&nbsp;<\/p>\n<p><strong>M<\/strong><strong>\u00f5<\/strong><strong>isted<\/strong><\/p>\n<p>&nbsp;<\/p>\n<ul>\n<li>Klient \u2013 juriidiline v\u00f5i f\u00fc\u00fcsiline isik, kes soovib kaupu osta v\u00f5i kes on kaupade ostu sooritanud.<\/li>\n<li>Kliendi isikuandmed \u2013 mis tahes andmed tuvastatud v\u00f5i tuvastatava f\u00fc\u00fcsilise isiku kohta, s\u00f5ltumata sellest, millisel kujul v\u00f5i millises vormis need andmed on. Isikuandmed on nt kliendiandmed nagu nimi, sugu, vanus, isikukood, e-posti aadress, elukohaandmed, pangandusandmed, sissetulek, fotod, videod ja v\u00f5rguindentifikaatorid (IP-aadressid ja k\u00fcpsised).<\/li>\n<li>Isikuandmete t\u00f6\u00f6tlemine \u2013 isikuandmetega tehtav igasugune toiming sh kogumine, salvestamine, s\u00e4ilitamine, muutmine jne.<\/li>\n<li>Vastutav t\u00f6\u00f6tleja \u2013 Lakebrook O\u00dc, registrikood 16304541, Loode 5, Elva, 61506, Eesti Vabariik, e-posti aadress jaana@lakebrook.eu ja telefoninumber 55560793. Lakebrook O\u00dc edastab maksete teostamiseks vajalikud isikuandmed volitatud t\u00f6\u00f6tleja Esto AS-ile.<\/li>\n<li>Volitatud t\u00f6\u00f6tleja \u2013 f\u00fc\u00fcsiline v\u00f5i juriidiline isik, avaliku sektori asutus, amet v\u00f5i muu organ, kes t\u00f6\u00f6tleb isikuandmeid isikuandmete t\u00f6\u00f6tleja nimel.<\/li>\n<\/ul>\n<p>&nbsp;<\/p>\n<p><strong>T\u00f6\u00f6tlemise p<\/strong><strong>\u00f5<\/strong><strong>him<\/strong><strong>\u00f5<\/strong><strong>tted<\/strong><\/p>\n<p>&nbsp;<\/p>\n<p>Andmete t\u00f6\u00f6tlemisel l\u00e4htub Nekmar Pet Nutrition allj\u00e4rgnevatest p\u00f5him\u00f5tetest, tagades kliendiandmete t\u00f6\u00f6tlemise seaduslikkuse:<\/p>\n<ul>\n<li>T\u00f6\u00f6tlemine on seaduslik, \u00f5iglane ja Kliendile l\u00e4bipaistev.<\/li>\n<li>Isikuandmeid kogutakse t\u00e4pselt ja selgelt kindlaksm\u00e4\u00e4ratud ning \u00f5igusp\u00e4rastel eesm\u00e4rkidel ning neid ei t\u00f6\u00f6delda hiljem viisil, mis on nende eesm\u00e4rkidega vastuolus.<\/li>\n<li>Isikuandmed on asjakohased, olulised ja piiratud sellega, mis on vajalik nende t\u00f6\u00f6tlemise eesm\u00e4rgi seisukohalt;<\/li>\n<li>Isikuandmed on \u00f5iged ja vajaduse korral ajakohastatud ning kasutusele v\u00f5etakse k\u00f5ik m\u00f5istlikud meetmed, et t\u00f6\u00f6tlemise eesm\u00e4rgi seisukohast eba\u00f5iged isikuandmed kustutaks v\u00f5i parandataks viivitamata;<\/li>\n<li>Isikuandmeid s\u00e4ilitatakse kujul, mis v\u00f5imaldab Klienti tuvastada ainult seni, kuni see on vajalik selle eesm\u00e4rgi t\u00e4itmiseks, milleks isikuandmeid t\u00f6\u00f6deldakse;<\/li>\n<li>Isikuandmeid t\u00f6\u00f6deldakse viisil, mis tagab isikuandmete asjakohase turvalisuse, sealhulgas kaitseb loata v\u00f5i ebaseadusliku t\u00f6\u00f6tlemise eest ning juhusliku kaotamise, h\u00e4vitamise v\u00f5i kahjustumise eest, kasutades asjakohaseid tehnilisi v\u00f5i korralduslikke meetmeid.<\/li>\n<\/ul>\n<p>&nbsp;<\/p>\n<p>&nbsp;<\/p>\n<p><strong>T\u00f6\u00f6<\/strong><strong>tlemise eesm<\/strong><strong>\u00e4rgid<\/strong><\/p>\n<p>Nekmar Pet Nutrition t\u00f6\u00f6tleb isikuandmeid, mis on Kliendi poolt antud vabatahtlikult ning kinnitatud n\u00f5usolekuga. Isikuandmeteks loetakse:<br \/>\nEes- ja perekonnanimi<br \/>\nTelefoninumber<br \/>\nS\u00fcnniaeg<br \/>\nIsikukood<br \/>\nKohale toimetamise aadress<br \/>\nE-posti aadress<br \/>\nKauba tarnimise viis<br \/>\nKauba eest tasumisel kasutatud makseviis<br \/>\nOstetud kaubad.<\/p>\n<p>Isikuandmeid t\u00f6\u00f6deldakse j\u00e4rgmistel eesm\u00e4rkidel:<\/p>\n<ul>\n<li>Kliendiga M\u00fc\u00fcgilepingu s\u00f5lmimiseks ja selle t\u00e4itmiseks;<\/li>\n<li>Kauba tarnimiseks ja kohaletoimetamiseks. Kui Klient valib Kauba tarneviisiks pakiautomaadi v\u00f5i kulleri, on Nekmar Pet Nutrition\u2019il \u00f5igus edastada pakiautomaadi teenuse ja kullerteenuse osutajale Kliendi isikuandmed mahus, mis on vajalik Kauba Kliendini toimetamiseks;<\/li>\n<li>Arvete v\u00e4ljastamiseks ja Kliendile saatmiseks;<\/li>\n<li>Kirjavahetuseks Kliendiga;<\/li>\n<li>Kliendi teenindamiseks, sealhulgas pretensioonide lahendamiseks. Kliendi teenindamiseks v\u00f5ib t\u00f6\u00f6delda olenevalt teenindussituatsioonist k\u00f5iki Kliendi isikuandmeid;<\/li>\n<li>Nekmar Pet Nutrition uudiskirjade ja muude Nekmar Pet Nutrition\u2019i poolt saadetud informatsiooni edastamiseks e-posti teel. Kliendil on \u00f5igus nendest loobuda, kasutades selleks uudiskirjas v\u00f5i pakkumises toodud h\u00fcperlinki;<\/li>\n<li>Registreeritud Kliendi loomiseks. T\u00f6\u00f6tleme lisaks j\u00e4rgnevaid Kliendi isikuandmeid: ostuajalugu ja soovikorv;<\/li>\n<li>Kliendi poolt saadetud fotode kodulehele, Facebooki v\u00f5i instagrammi \u00fclespanek, millisel juhul t\u00f6\u00f6tleb Nekmar Pet Nutrition\u2019i volitatud t\u00f6\u00f6tleja Kliendi poolt edastatud fotomaterjali. Kliendil on \u00f5igus paluda vastava fotomaterjali maha v\u00f5tmist, saates e-kiri aadressile\u00a0<a href=\"mailto:jaana@lakebrook.eu\">jaana@lakebrook.eu<\/a><\/li>\n<li>V\u00f5imaldamaks Kliendil kasutada Nekmar Pet Nutrition\u2019i e-poodi;<\/li>\n<li>Nekmar Pet Nutrition kasutab oma kodulehel k\u00fcpsiseid, mille funktsiooniks on statistika kogumine kodulehe liikluse kohta, kodulehe kasutamise kiirendamine ja mugavamaks muutmine kasutajate jaoks.<\/li>\n<\/ul>\n<p>&nbsp;<\/p>\n<p><strong>Isikuandmete edastamine volitatud t\u00f6\u00f6tlejatele<\/strong><\/p>\n<p>&nbsp;<\/p>\n<p>Nekmar Pet Nutrition hoiab Kliendi isikuandmeid, mida Klient on n\u00f5ustunud jagama kasutajakonto registreerimise ja kasutamise k\u00e4igus, saladuses ning avaldab neid kolmandatele osapooltele \u00fcksnes kliendi n\u00f5usolekul, v.a. kui andmete avaldamise kohustus v\u00f5i \u00f5igus tuleneb \u00f5igusaktidest.<\/p>\n<p>E-poe kasutaja n\u00f5ustub sellega, et Nekmar Pet Nutrition\u2019il on \u00f5igus kliendile sobivate teenuste osutamiseks t\u00f6\u00f6delda tema andmeid, sh edastada kliendi andmeid isikutele, kes on seotud Nekmar Pet Nutrition\u2019i poolt kliendile teenuse osutamisega.<\/p>\n<p>&nbsp;<\/p>\n<p><strong>Turvalisus ja andmetele ligip\u00e4\u00e4s<\/strong><\/p>\n<p>&nbsp;<\/p>\n<p>Isikuandmeid hoitakse serverites, mis asuvad Euroopa Liidu liikmesriigi v\u00f5i Euroopa Liidu majanduspiirkonnaga liitunud riikide territooriumil.<\/p>\n<p>E-pood rakendab asjakohaseid f\u00fc\u00fcsilisi, organisatsioonilisi ja infotehnilisi turvameetmeid, et kaitsta isikuandmeid juhusliku v\u00f5i ebaseadusliku h\u00e4vitamise, kaotsimineku, muutmise v\u00f5i loata juurdep\u00e4\u00e4su ja avalikustamise eest.<\/p>\n<p>&nbsp;<\/p>\n<p><strong>Kliendi <\/strong><strong>\u00f5<\/strong><strong>igused isikuandmete t\u00f6\u00f6tlemisel<\/strong><\/p>\n<p>&nbsp;<\/p>\n<p>Eraisikust Kliendil on isikuandmete t\u00f6\u00f6tlemisega seoses j\u00e4rgnevad \u00f5igused:<\/p>\n<ul>\n<li>Esitada taotlus oma eba\u00f5igete isikuandmete parandamiseks, kui need on ebapiisavad, v\u00e4\u00e4rad v\u00f5i puudulikud<\/li>\n<li>V\u00f5tta osaliselt v\u00f5i t\u00e4ielikult tagasi oma n\u00f5usolek Isikuandmete t\u00f6\u00f6tlemiseks (nt n\u00f5usolek otseturunduspakkumuste saamiseks).<\/li>\n<li>Piirata oma Isikuandmete t\u00f6\u00f6tlemist vastavalt kehtivale \u00f5igusele.<\/li>\n<li>Saada oma isikuandmed, mida ta on ise esitanud ning mida t\u00f6\u00f6deldakse n\u00f5usoleku alusel v\u00f5i lepingu t\u00e4itmiseks, kirjalikult v\u00f5i elektroonselt;<\/li>\n<li>N\u00f5uda oma andmete kustutamist;<\/li>\n<li>\u00d5igus esitada vastuv\u00e4iteid. Nekmar Pet Nutrition vastab Kliendi taotlusele esimesel v\u00f5imalusel, kuid mitte hiljem kui \u00fche kuu jooksul p\u00e4rast Kliendi taotluse saamist. Kui Klient esitab taotluse elektrooniliselt, esitatakse ka teave v\u00f5imaluse korral elektrooniliselt, kui Klient ei taotle teisiti. Kliendil on lisaks \u00f5igus igal ajal p\u00f6\u00f6rduda Andmekaitse Inspektsiooni v\u00f5i kohtu poole, kui leiab, et tema \u00f5igusi on rikutud.<\/li>\n<\/ul>\n<p>&nbsp;<\/p>\n<p><strong>Andmete s\u00e4ilitamine ja kustutamine<\/strong><\/p>\n<p>&nbsp;<\/p>\n<p>E-poe p\u00fcsikliendina sooritatud ostude puhul s\u00e4ilitatakse andmeid v\u00e4hemalt 5 aastat.<\/p>\n<p>Maksetega ja tarbijavaidlustega seotud vaidluste korral s\u00e4ilitatakse isikuandmed kuni n\u00f5ude t\u00e4itmiseni v\u00f5i aegumist\u00e4htaja l\u00f5puni kuni kolm aastat.<\/p>\n<p>Raamatupidamise jaoks vajalikud isikuandmed s\u00e4ilitatakse 7 aastat.<\/p>\n<p>E-poe kliendikonto sulgemisel kustutatakse isikuandmed, v\u00e4lja arvatud juhul kui selliseid andmeid on vaja s\u00e4ilitada raamatupidamise jaoks v\u00f5i tarbijavaidluste lahendamiseks.<\/p>\n<p>&nbsp;<\/p>\n<p><strong>Otsepostitus ja turundus<\/strong><\/p>\n<p>&nbsp;<\/p>\n<p>E-posti aadressi ja telefoninumbrit kasutatakse otseturundusteadete saatmiseks, kui klient on andnud vastava n\u00f5usoleku.<\/p>\n<p>Kui klient ei soovi saada otseturustusteateid, siis tuleb loobuda sellest e-mailis oleva h\u00fcperlingi kaudu.<\/p>\n<p>&nbsp;<\/p>\n<p><strong>K\u00fcpsiste kasutamine<\/strong><\/p>\n<p>&nbsp;<\/p>\n<p>K\u00fcpsiste abil anal\u00fc\u00fcsitakse e-keskkondade kasutuseelistusi, mis annab v\u00f5imaluse kujundada kasutust mugavamaks.<\/p>\n<p>K\u00fcpsised on v\u00e4ikesed andmefailid, mis salvestatakse Teie arvutisse veebilehte k\u00fclastades. K\u00fcpsised aitavad Teie veebilehitsejat Nekmar Pet Nutrition serveris automaatselt identifitseerida.<\/p>\n<p>Klient v\u00f5ib soovi korral enda veebilehitsejas k\u00fcpsiste salvestamise blokeerida, kuid see v\u00f5ib tekitada probleeme lehe kasutamisel.<\/p>\n<p>&nbsp;<\/p>\n<p><strong>Kehtivus ja muudatused<\/strong><\/p>\n<p>&nbsp;<\/p>\n<p>Andmekaitse tingimused on Klientidele k\u00e4ttesaadavad Nekmar Pet Nutrition kodulehel.<\/p>\n<p>Nekmar Pet Nutrition\u2019il on \u00f5igus Andmekaitse tingimusi igal ajal \u00fchepoolselt ajakohastada, t\u00e4psustada ja t\u00e4iendada koosk\u00f5las kohalduva \u00f5igusega, teavitades Klienti muudatustest Nekmar Pet Nutrition kodulehe kaudu ja\/v\u00f5i e-posti teel.<\/p>\n<p>Juhul, kui Klient v\u00f5tab tagasi isikuandmete t\u00f6\u00f6tlemise n\u00f5usoleku, ei ole v\u00f5imalik P\u00fcsikliendi kontot kasutada kuni uue n\u00f5usoleku andmiseni. Andmete kustutamise n\u00f5uet k\u00e4sitleme P\u00fcsikliendi korral kui P\u00fcsikliendi konto l\u00f5petamise soovi.<\/p>\n<p>&nbsp;<\/p>\n<p><strong>Vaidluste lahendamine<\/strong><\/p>\n<p>&nbsp;<\/p>\n<p>Isikuandmete t\u00f6\u00f6tlemisega seotud vaidluste lahendamine Nekmar Pet Nutrition teeninduse vahendusel ning J\u00e4relevalveasutus on Eesti Andmekaitse Inspektsioon (<a href=\"mailto:info@aki.ee\">info@aki.ee<\/a>).[\/vc_column_text][\/vc_column][\/vc_row]<\/p>\n<\/div>","protected":false},"excerpt":{"rendered":"<p>[vc_row css_animation=&#8221;&#8221; row_type=&#8221;row&#8221; use_row_as_full_screen_section=&#8221;no&#8221; type=&#8221;grid&#8221; angled_section=&#8221;no&#8221; text_align=&#8221;left&#8221; background_image_as_pattern=&#8221;without_pattern&#8221; z_index=&#8221;&#8221; css=&#8221;.vc_custom_1676098681222{padding-top: 100px !important;padding-bottom: 100px !important;}&#8221;][vc_column][vc_column_text]Nekmar Pet Nutrition isikuandmete t\u00f6\u00f6tlemise p\u00f5him\u00f5tted &nbsp; \u00dcldine Isikuandmete t\u00f6\u00f6tlemise tingimused on v\u00e4lja t\u00f6\u00f6tatud klientide privaatsuse kaitsmiseks. Sellest l\u00e4htuvalt on allpool toodud v\u00e4lja p\u00f5him\u00f5tted, mis k\u00e4sitlevad Kliendiandmete kogumist, kasutamist, avaldamist, edastamist ja&#8230;<\/p>\n","protected":false},"author":1,"featured_media":0,"parent":0,"menu_order":0,"comment_status":"closed","ping_status":"closed","template":"full_width.php","meta":{"footnotes":""},"class_list":["post-803","page","type-page","status-publish","hentry"],"yoast_head":"<!-- This site is optimized with the Yoast SEO plugin v27.1.1 - https:\/\/yoast.com\/product\/yoast-seo-wordpress\/ -->\n<title>Privaatsuspoliitika | Nekmar<\/title>\n<meta name=\"robots\" content=\"noindex, follow\" \/>\n<meta property=\"og:locale\" content=\"et_EE\" \/>\n<meta property=\"og:type\" content=\"article\" \/>\n<meta property=\"og:title\" content=\"Privaatsuspoliitika | Nekmar\" \/>\n<meta property=\"og:description\" content=\"[vc_row css_animation=&#8221;&#8221; row_type=&#8221;row&#8221; use_row_as_full_screen_section=&#8221;no&#8221; type=&#8221;grid&#8221; angled_section=&#8221;no&#8221; text_align=&#8221;left&#8221; background_image_as_pattern=&#8221;without_pattern&#8221; z_index=&#8221;&#8221; css=&#8221;.vc_custom_1676098681222{padding-top: 100px !important;padding-bottom: 100px !important;}&#8221;][vc_column][vc_column_text]Nekmar Pet Nutrition isikuandmete t\u00f6\u00f6tlemise p\u00f5him\u00f5tted &nbsp; \u00dcldine Isikuandmete t\u00f6\u00f6tlemise tingimused on v\u00e4lja t\u00f6\u00f6tatud klientide privaatsuse kaitsmiseks. Sellest l\u00e4htuvalt on allpool toodud v\u00e4lja p\u00f5him\u00f5tted, mis k\u00e4sitlevad Kliendiandmete kogumist, kasutamist, avaldamist, edastamist ja...\" \/>\n<meta property=\"og:url\" content=\"https:\/\/nekmar.eu\/ee\/privaatsuspoliitika\/\" \/>\n<meta property=\"og:site_name\" content=\"Nekmar\" \/>\n<meta property=\"article:publisher\" content=\"https:\/\/www.facebook.com\/nekmarpetnutrition\/\" \/>\n<meta property=\"article:modified_time\" content=\"2023-02-11T06:58:05+00:00\" \/>\n<meta property=\"og:image\" content=\"https:\/\/nekmar.eu\/ee\/wp-content\/uploads\/2019\/08\/nekmar-f.jpg\" \/>\n\t<meta property=\"og:image:width\" content=\"1200\" \/>\n\t<meta property=\"og:image:height\" content=\"630\" \/>\n\t<meta property=\"og:image:type\" content=\"image\/jpeg\" \/>\n<meta name=\"twitter:card\" content=\"summary_large_image\" \/>\n<meta name=\"twitter:label1\" content=\"Est. reading time\" \/>\n\t<meta name=\"twitter:data1\" content=\"6 minutit\" \/>\n<script type=\"application\/ld+json\" class=\"yoast-schema-graph\">{\"@context\":\"https:\/\/schema.org\",\"@graph\":[{\"@type\":\"WebPage\",\"@id\":\"https:\/\/nekmar.eu\/ee\/privaatsuspoliitika\/\",\"url\":\"https:\/\/nekmar.eu\/ee\/privaatsuspoliitika\/\",\"name\":\"Privaatsuspoliitika | Nekmar\",\"isPartOf\":{\"@id\":\"https:\/\/nekmar.eu\/ee\/#website\"},\"datePublished\":\"2019-10-16T12:15:17+00:00\",\"dateModified\":\"2023-02-11T06:58:05+00:00\",\"breadcrumb\":{\"@id\":\"https:\/\/nekmar.eu\/ee\/privaatsuspoliitika\/#breadcrumb\"},\"inLanguage\":\"et\",\"potentialAction\":[{\"@type\":\"ReadAction\",\"target\":[\"https:\/\/nekmar.eu\/ee\/privaatsuspoliitika\/\"]}]},{\"@type\":\"BreadcrumbList\",\"@id\":\"https:\/\/nekmar.eu\/ee\/privaatsuspoliitika\/#breadcrumb\",\"itemListElement\":[{\"@type\":\"ListItem\",\"position\":1,\"name\":\"Home\",\"item\":\"https:\/\/nekmar.eu\/ee\/\"},{\"@type\":\"ListItem\",\"position\":2,\"name\":\"Privaatsuspoliitika\"}]},{\"@type\":\"WebSite\",\"@id\":\"https:\/\/nekmar.eu\/ee\/#website\",\"url\":\"https:\/\/nekmar.eu\/ee\/\",\"name\":\"Nekmar\",\"description\":\"Pet Nutrition\",\"publisher\":{\"@id\":\"https:\/\/nekmar.eu\/ee\/#organization\"},\"potentialAction\":[{\"@type\":\"SearchAction\",\"target\":{\"@type\":\"EntryPoint\",\"urlTemplate\":\"https:\/\/nekmar.eu\/ee\/?s={search_term_string}\"},\"query-input\":{\"@type\":\"PropertyValueSpecification\",\"valueRequired\":true,\"valueName\":\"search_term_string\"}}],\"inLanguage\":\"et\"},{\"@type\":\"Organization\",\"@id\":\"https:\/\/nekmar.eu\/ee\/#organization\",\"name\":\"Nekmar Pet Nutrition\",\"url\":\"https:\/\/nekmar.eu\/ee\/\",\"logo\":{\"@type\":\"ImageObject\",\"inLanguage\":\"et\",\"@id\":\"https:\/\/nekmar.eu\/ee\/#\/schema\/logo\/image\/\",\"url\":\"https:\/\/nekmar.eu\/ee\/wp-content\/uploads\/2019\/08\/Nekmar-contact.jpg\",\"contentUrl\":\"https:\/\/nekmar.eu\/ee\/wp-content\/uploads\/2019\/08\/Nekmar-contact.jpg\",\"width\":600,\"height\":142,\"caption\":\"Nekmar Pet Nutrition\"},\"image\":{\"@id\":\"https:\/\/nekmar.eu\/ee\/#\/schema\/logo\/image\/\"},\"sameAs\":[\"https:\/\/www.facebook.com\/nekmarpetnutrition\/\",\"https:\/\/www.instagram.com\/nekmarpetnutrition\/\"]}]}<\/script>\n<!-- \/ Yoast SEO plugin. -->","yoast_head_json":{"title":"Privaatsuspoliitika | Nekmar","robots":{"index":"noindex","follow":"follow"},"og_locale":"et_EE","og_type":"article","og_title":"Privaatsuspoliitika | Nekmar","og_description":"[vc_row css_animation=&#8221;&#8221; row_type=&#8221;row&#8221; use_row_as_full_screen_section=&#8221;no&#8221; type=&#8221;grid&#8221; angled_section=&#8221;no&#8221; text_align=&#8221;left&#8221; background_image_as_pattern=&#8221;without_pattern&#8221; z_index=&#8221;&#8221; css=&#8221;.vc_custom_1676098681222{padding-top: 100px !important;padding-bottom: 100px !important;}&#8221;][vc_column][vc_column_text]Nekmar Pet Nutrition isikuandmete t\u00f6\u00f6tlemise p\u00f5him\u00f5tted &nbsp; \u00dcldine Isikuandmete t\u00f6\u00f6tlemise tingimused on v\u00e4lja t\u00f6\u00f6tatud klientide privaatsuse kaitsmiseks. Sellest l\u00e4htuvalt on allpool toodud v\u00e4lja p\u00f5him\u00f5tted, mis k\u00e4sitlevad Kliendiandmete kogumist, kasutamist, avaldamist, edastamist ja...","og_url":"https:\/\/nekmar.eu\/ee\/privaatsuspoliitika\/","og_site_name":"Nekmar","article_publisher":"https:\/\/www.facebook.com\/nekmarpetnutrition\/","article_modified_time":"2023-02-11T06:58:05+00:00","og_image":[{"width":1200,"height":630,"url":"https:\/\/nekmar.eu\/ee\/wp-content\/uploads\/2019\/08\/nekmar-f.jpg","type":"image\/jpeg"}],"twitter_card":"summary_large_image","twitter_misc":{"Est. reading time":"6 minutit"},"schema":{"@context":"https:\/\/schema.org","@graph":[{"@type":"WebPage","@id":"https:\/\/nekmar.eu\/ee\/privaatsuspoliitika\/","url":"https:\/\/nekmar.eu\/ee\/privaatsuspoliitika\/","name":"Privaatsuspoliitika | Nekmar","isPartOf":{"@id":"https:\/\/nekmar.eu\/ee\/#website"},"datePublished":"2019-10-16T12:15:17+00:00","dateModified":"2023-02-11T06:58:05+00:00","breadcrumb":{"@id":"https:\/\/nekmar.eu\/ee\/privaatsuspoliitika\/#breadcrumb"},"inLanguage":"et","potentialAction":[{"@type":"ReadAction","target":["https:\/\/nekmar.eu\/ee\/privaatsuspoliitika\/"]}]},{"@type":"BreadcrumbList","@id":"https:\/\/nekmar.eu\/ee\/privaatsuspoliitika\/#breadcrumb","itemListElement":[{"@type":"ListItem","position":1,"name":"Home","item":"https:\/\/nekmar.eu\/ee\/"},{"@type":"ListItem","position":2,"name":"Privaatsuspoliitika"}]},{"@type":"WebSite","@id":"https:\/\/nekmar.eu\/ee\/#website","url":"https:\/\/nekmar.eu\/ee\/","name":"Nekmar","description":"Pet Nutrition","publisher":{"@id":"https:\/\/nekmar.eu\/ee\/#organization"},"potentialAction":[{"@type":"SearchAction","target":{"@type":"EntryPoint","urlTemplate":"https:\/\/nekmar.eu\/ee\/?s={search_term_string}"},"query-input":{"@type":"PropertyValueSpecification","valueRequired":true,"valueName":"search_term_string"}}],"inLanguage":"et"},{"@type":"Organization","@id":"https:\/\/nekmar.eu\/ee\/#organization","name":"Nekmar Pet Nutrition","url":"https:\/\/nekmar.eu\/ee\/","logo":{"@type":"ImageObject","inLanguage":"et","@id":"https:\/\/nekmar.eu\/ee\/#\/schema\/logo\/image\/","url":"https:\/\/nekmar.eu\/ee\/wp-content\/uploads\/2019\/08\/Nekmar-contact.jpg","contentUrl":"https:\/\/nekmar.eu\/ee\/wp-content\/uploads\/2019\/08\/Nekmar-contact.jpg","width":600,"height":142,"caption":"Nekmar Pet Nutrition"},"image":{"@id":"https:\/\/nekmar.eu\/ee\/#\/schema\/logo\/image\/"},"sameAs":["https:\/\/www.facebook.com\/nekmarpetnutrition\/","https:\/\/www.instagram.com\/nekmarpetnutrition\/"]}]}},"_links":{"self":[{"href":"https:\/\/nekmar.eu\/ee\/wp-json\/wp\/v2\/pages\/803","targetHints":{"allow":["GET"]}}],"collection":[{"href":"https:\/\/nekmar.eu\/ee\/wp-json\/wp\/v2\/pages"}],"about":[{"href":"https:\/\/nekmar.eu\/ee\/wp-json\/wp\/v2\/types\/page"}],"author":[{"embeddable":true,"href":"https:\/\/nekmar.eu\/ee\/wp-json\/wp\/v2\/users\/1"}],"replies":[{"embeddable":true,"href":"https:\/\/nekmar.eu\/ee\/wp-json\/wp\/v2\/comments?post=803"}],"version-history":[{"count":0,"href":"https:\/\/nekmar.eu\/ee\/wp-json\/wp\/v2\/pages\/803\/revisions"}],"wp:attachment":[{"href":"https:\/\/nekmar.eu\/ee\/wp-json\/wp\/v2\/media?parent=803"}],"curies":[{"name":"wp","href":"https:\/\/api.w.org\/{rel}","templated":true}]}}