{"id":2659,"date":"2021-03-14T09:22:56","date_gmt":"2021-03-14T07:22:56","guid":{"rendered":"https:\/\/nekmar.eu\/ee\/?post_type=product&#038;p=2659"},"modified":"2026-03-19T19:14:29","modified_gmt":"2026-03-19T17:14:29","slug":"aston-supreme-adult-ocean-country-koeratoit","status":"publish","type":"product","link":"https:\/\/nekmar.eu\/ee\/toode\/aston-supreme-adult-ocean-country-koeratoit\/","title":{"rendered":"Aston Supreme Adult Ocean &#038; Country Koeratoit"},"content":{"rendered":"<div class=\"wpb-content-wrapper\"><p>[vc_row css_animation=&#8221;&#8221; row_type=&#8221;row&#8221; use_row_as_full_screen_section=&#8221;no&#8221; type=&#8221;full_width&#8221; angled_section=&#8221;no&#8221; text_align=&#8221;left&#8221; background_image_as_pattern=&#8221;without_pattern&#8221;][vc_column][vc_column_text]<strong>KOOSTIS:<\/strong> deh\u00fcdreeritud liha 40% (millest kana 15%, veiseliha 10%, sealiha 9%, l\u00f5he 6%), ehtne mais, kanarasv, herned, linaseemned, kuivatatud peedi viljaliha, p\u00e4rmid, mineraalid, vitamiinid.<\/p>\n<p>&nbsp;<\/p>\n<p><strong>ANAL\u00dc\u00dcTILISED KOOSTISOSAD:<\/strong> toorproteiin 28%, toor\u00f5lid ja -rasvad 18%, toorkiud 2,6%, tuhk 8%, niiskus 8%.<\/p>\n<p>&nbsp;<\/p>\n<p><strong>TOITELISANDID 1 kg kohta:<\/strong> A-vitamiin 13500 UI, D3-vitamiin 950 UI, E-vitamiin 115mg, E4 vask 47mg, E1 raud 50 mg, E5 mangaan 62 mg, tsink 148mg, jood 1,2 mg, E8 seleen 0,27mg.<\/p>\n<p>&nbsp;<\/p>\n<p><strong>TEHNOLOOGILISED LISANDID:<\/strong> antioks\u00fcdandid.<\/p>\n<p>&nbsp;<\/p>\n<p><strong>METABOLISEERUV ENERGIA:<\/strong> 3960 Kcal\/kg.[\/vc_column_text][\/vc_column][\/vc_row][vc_row css_animation=&#8221;&#8221; row_type=&#8221;row&#8221; use_row_as_full_screen_section=&#8221;no&#8221; type=&#8221;full_width&#8221; angled_section=&#8221;no&#8221; text_align=&#8221;left&#8221; background_image_as_pattern=&#8221;without_pattern&#8221;][vc_column][vc_empty_space][vc_column_text]P\u00e4evaseks tarbimiseks soovitatav kogus (g\/p\u00e4evas)[\/vc_column_text][vc_empty_space height=&#8221;10px&#8221;][vc_column_text]<\/p>\n<table class=\"gridtable\">\n<tbody>\n<tr>\n<th class=\"table-first-row\">T\u00e4iskasvanud koera kaal<\/th>\n<th class=\"table-first-row\">5kg<\/th>\n<th class=\"table-first-row\">8kg<\/th>\n<th class=\"table-first-row\">12kg<\/th>\n<th class=\"table-first-row\">16kg<\/th>\n<th class=\"table-first-row\">20kg<\/th>\n<th class=\"table-first-row\">25kg<\/th>\n<th class=\"table-first-row\">30kg<\/th>\n<th class=\"table-first-row\">35kg<\/th>\n<th class=\"table-first-row\">40kg<\/th>\n<th class=\"table-first-row\">45kg<\/th>\n<th class=\"table-first-row\">50kg<\/th>\n<th class=\"table-first-row\">60kg<\/th>\n<th class=\"table-first-row\">70kg<\/th>\n<th class=\"table-first-row\">80kg<\/th>\n<\/tr>\n<tr>\n<td class=\"table-first-row\">Normaalne aktiivsus<\/td>\n<td>90g<\/td>\n<td>125g<\/td>\n<td>165g<\/td>\n<td>205g<\/td>\n<td>240g<\/td>\n<td>280g<\/td>\n<td>320g<\/td>\n<td>360g<\/td>\n<td>405g<\/td>\n<td>440g<\/td>\n<td>490g<\/td>\n<td>570g<\/td>\n<td>650g<\/td>\n<td>730g<\/td>\n<\/tr>\n<tr>\n<td class=\"table-first-row\">Keskmine aktiivsus<\/td>\n<td>110g<\/td>\n<td>150g<\/td>\n<td>200g<\/td>\n<td>245g<\/td>\n<td>285g<\/td>\n<td>335g<\/td>\n<td>390g<\/td>\n<td>435g<\/td>\n<td>485g<\/td>\n<td>535g<\/td>\n<td>590g<\/td>\n<td>680g<\/td>\n<td>780g<\/td>\n<td>875g<\/td>\n<\/tr>\n<tr>\n<td class=\"table-first-row\">K\u00f5rge aktiivsus<\/td>\n<td>130g<\/td>\n<td>180g<\/td>\n<td>235g<\/td>\n<td>295g<\/td>\n<td>345g<\/td>\n<td>400g<\/td>\n<td>465g<\/td>\n<td>520g<\/td>\n<td>580g<\/td>\n<td>635g<\/td>\n<td>710g<\/td>\n<td>815g<\/td>\n<td>930g<\/td>\n<td>1050g<\/td>\n<\/tr>\n<\/tbody>\n<\/table>\n<p>[\/vc_column_text][vc_empty_space height=&#8221;22px&#8221;][vc_column_text]<strong>TIINED JA IMETAVAD EMASED:<\/strong> tutvustage tiinetele emasloomadele toitu p\u00e4rast 35. tiinusp\u00e4eva, asendades j\u00e4rk-j\u00e4rgult tema praeguse toidu 5 p\u00e4eva jooksul, kuni see on t\u00e4ielikult asendatud. Seitsmendal tiinusn\u00e4dalal suurendage \u00f6\u00f6p\u00e4evast annust 50%, suurendades seda j\u00e4rk-j\u00e4rgult 5 p\u00e4eva jooksul kuni soovitud koguseni. Sel hetkel peaks emane s\u00f6\u00f6ma 3 korda p\u00e4evas. Viimasel rasedusn\u00e4dalal suurendage j\u00e4rk-j\u00e4rgult \u00f6\u00f6p\u00e4evast annust t\u00e4iendavalt 15-20% ja s\u00f6\u00f6tke kogu imetamise ajal samas koguses.[\/vc_column_text][\/vc_column][\/vc_row]<\/p>\n<\/div>","protected":false},"excerpt":{"rendered":"<p>Superpremium koeratoit t\u00e4iskasvanud koertele<\/p>\n","protected":false},"featured_media":5164,"template":"","meta":[],"product_brand":[],"product_cat":[100,99,103],"product_tag":[97,108],"class_list":{"0":"post-2659","1":"product","2":"type-product","3":"status-publish","4":"has-post-thumbnail","6":"product_cat-aston","7":"product_cat-koeratoit","8":"product_cat-superpremium","9":"product_tag-aston","10":"product_tag-superpremium","12":"first","13":"instock","14":"taxable","15":"shipping-taxable","16":"purchasable","17":"product-type-variable"},"yoast_head":"<!-- This site is optimized with the Yoast SEO plugin v27.1.1 - https:\/\/yoast.com\/product\/yoast-seo-wordpress\/ -->\n<title>Aston | Supreme Adult Ocean &amp; Country koeratoit<\/title>\n<meta name=\"description\" content=\"Superpremium koeratoit t\u00e4iskasvanud koertele\" \/>\n<meta name=\"robots\" content=\"index, follow, max-snippet:-1, max-image-preview:large, max-video-preview:-1\" \/>\n<link rel=\"canonical\" href=\"https:\/\/nekmar.eu\/ee\/toode\/aston-supreme-adult-ocean-country-koeratoit\/\" \/>\n<meta property=\"og:locale\" content=\"et_EE\" \/>\n<meta property=\"og:type\" content=\"article\" \/>\n<meta property=\"og:title\" content=\"Aston\" \/>\n<meta property=\"og:description\" content=\"Supreme Adult Ocean &amp; Country\" \/>\n<meta property=\"og:url\" content=\"https:\/\/nekmar.eu\/ee\/toode\/aston-supreme-adult-ocean-country-koeratoit\/\" \/>\n<meta property=\"og:site_name\" content=\"Nekmar\" \/>\n<meta property=\"article:publisher\" content=\"https:\/\/www.facebook.com\/nekmarpetnutrition\/\" \/>\n<meta property=\"article:modified_time\" content=\"2026-03-19T17:14:29+00:00\" \/>\n<meta property=\"og:image\" content=\"https:\/\/nekmar.eu\/ee\/wp-content\/uploads\/2019\/08\/aston-f-nekmar.jpg\" \/>\n\t<meta property=\"og:image:width\" content=\"1200\" \/>\n\t<meta property=\"og:image:height\" content=\"630\" \/>\n\t<meta property=\"og:image:type\" content=\"image\/jpeg\" \/>\n<meta name=\"twitter:card\" content=\"summary_large_image\" \/>\n<meta name=\"twitter:label1\" content=\"Est. reading time\" \/>\n\t<meta name=\"twitter:data1\" content=\"2 minutit\" \/>\n<script type=\"application\/ld+json\" class=\"yoast-schema-graph\">{\"@context\":\"https:\/\/schema.org\",\"@graph\":[{\"@type\":\"WebPage\",\"@id\":\"https:\/\/nekmar.eu\/ee\/toode\/aston-supreme-adult-ocean-country-koeratoit\/\",\"url\":\"https:\/\/nekmar.eu\/ee\/toode\/aston-supreme-adult-ocean-country-koeratoit\/\",\"name\":\"Aston | Supreme Adult Ocean & Country koeratoit\",\"isPartOf\":{\"@id\":\"https:\/\/nekmar.eu\/ee\/#website\"},\"primaryImageOfPage\":{\"@id\":\"https:\/\/nekmar.eu\/ee\/toode\/aston-supreme-adult-ocean-country-koeratoit\/#primaryimage\"},\"image\":{\"@id\":\"https:\/\/nekmar.eu\/ee\/toode\/aston-supreme-adult-ocean-country-koeratoit\/#primaryimage\"},\"thumbnailUrl\":\"https:\/\/nekmar.eu\/ee\/wp-content\/uploads\/2021\/03\/aston_supreme_adult_ocean_country.jpg\",\"datePublished\":\"2021-03-14T07:22:56+00:00\",\"dateModified\":\"2026-03-19T17:14:29+00:00\",\"description\":\"Superpremium koeratoit t\u00e4iskasvanud koertele\",\"breadcrumb\":{\"@id\":\"https:\/\/nekmar.eu\/ee\/toode\/aston-supreme-adult-ocean-country-koeratoit\/#breadcrumb\"},\"inLanguage\":\"et\",\"potentialAction\":[{\"@type\":\"ReadAction\",\"target\":[\"https:\/\/nekmar.eu\/ee\/toode\/aston-supreme-adult-ocean-country-koeratoit\/\"]}]},{\"@type\":\"ImageObject\",\"inLanguage\":\"et\",\"@id\":\"https:\/\/nekmar.eu\/ee\/toode\/aston-supreme-adult-ocean-country-koeratoit\/#primaryimage\",\"url\":\"https:\/\/nekmar.eu\/ee\/wp-content\/uploads\/2021\/03\/aston_supreme_adult_ocean_country.jpg\",\"contentUrl\":\"https:\/\/nekmar.eu\/ee\/wp-content\/uploads\/2021\/03\/aston_supreme_adult_ocean_country.jpg\",\"width\":1000,\"height\":1000},{\"@type\":\"BreadcrumbList\",\"@id\":\"https:\/\/nekmar.eu\/ee\/toode\/aston-supreme-adult-ocean-country-koeratoit\/#breadcrumb\",\"itemListElement\":[{\"@type\":\"ListItem\",\"position\":1,\"name\":\"Home\",\"item\":\"https:\/\/nekmar.eu\/ee\/\"},{\"@type\":\"ListItem\",\"position\":2,\"name\":\"Pood\",\"item\":\"https:\/\/nekmar.eu\/ee\/pood\/\"},{\"@type\":\"ListItem\",\"position\":3,\"name\":\"Aston Supreme Adult Ocean &#038; Country Koeratoit\"}]},{\"@type\":\"WebSite\",\"@id\":\"https:\/\/nekmar.eu\/ee\/#website\",\"url\":\"https:\/\/nekmar.eu\/ee\/\",\"name\":\"Nekmar\",\"description\":\"Pet Nutrition\",\"publisher\":{\"@id\":\"https:\/\/nekmar.eu\/ee\/#organization\"},\"potentialAction\":[{\"@type\":\"SearchAction\",\"target\":{\"@type\":\"EntryPoint\",\"urlTemplate\":\"https:\/\/nekmar.eu\/ee\/?s={search_term_string}\"},\"query-input\":{\"@type\":\"PropertyValueSpecification\",\"valueRequired\":true,\"valueName\":\"search_term_string\"}}],\"inLanguage\":\"et\"},{\"@type\":\"Organization\",\"@id\":\"https:\/\/nekmar.eu\/ee\/#organization\",\"name\":\"Nekmar Pet Nutrition\",\"url\":\"https:\/\/nekmar.eu\/ee\/\",\"logo\":{\"@type\":\"ImageObject\",\"inLanguage\":\"et\",\"@id\":\"https:\/\/nekmar.eu\/ee\/#\/schema\/logo\/image\/\",\"url\":\"https:\/\/nekmar.eu\/ee\/wp-content\/uploads\/2019\/08\/Nekmar-contact.jpg\",\"contentUrl\":\"https:\/\/nekmar.eu\/ee\/wp-content\/uploads\/2019\/08\/Nekmar-contact.jpg\",\"width\":600,\"height\":142,\"caption\":\"Nekmar Pet Nutrition\"},\"image\":{\"@id\":\"https:\/\/nekmar.eu\/ee\/#\/schema\/logo\/image\/\"},\"sameAs\":[\"https:\/\/www.facebook.com\/nekmarpetnutrition\/\",\"https:\/\/www.instagram.com\/nekmarpetnutrition\/\"]}]}<\/script>\n<!-- \/ Yoast SEO plugin. -->","yoast_head_json":{"title":"Aston | Supreme Adult Ocean & Country koeratoit","description":"Superpremium koeratoit t\u00e4iskasvanud koertele","robots":{"index":"index","follow":"follow","max-snippet":"max-snippet:-1","max-image-preview":"max-image-preview:large","max-video-preview":"max-video-preview:-1"},"canonical":"https:\/\/nekmar.eu\/ee\/toode\/aston-supreme-adult-ocean-country-koeratoit\/","og_locale":"et_EE","og_type":"article","og_title":"Aston","og_description":"Supreme Adult Ocean & Country","og_url":"https:\/\/nekmar.eu\/ee\/toode\/aston-supreme-adult-ocean-country-koeratoit\/","og_site_name":"Nekmar","article_publisher":"https:\/\/www.facebook.com\/nekmarpetnutrition\/","article_modified_time":"2026-03-19T17:14:29+00:00","og_image":[{"width":1200,"height":630,"url":"https:\/\/nekmar.eu\/ee\/wp-content\/uploads\/2019\/08\/aston-f-nekmar.jpg","type":"image\/jpeg"}],"twitter_card":"summary_large_image","twitter_misc":{"Est. reading time":"2 minutit"},"schema":{"@context":"https:\/\/schema.org","@graph":[{"@type":"WebPage","@id":"https:\/\/nekmar.eu\/ee\/toode\/aston-supreme-adult-ocean-country-koeratoit\/","url":"https:\/\/nekmar.eu\/ee\/toode\/aston-supreme-adult-ocean-country-koeratoit\/","name":"Aston | Supreme Adult Ocean & Country koeratoit","isPartOf":{"@id":"https:\/\/nekmar.eu\/ee\/#website"},"primaryImageOfPage":{"@id":"https:\/\/nekmar.eu\/ee\/toode\/aston-supreme-adult-ocean-country-koeratoit\/#primaryimage"},"image":{"@id":"https:\/\/nekmar.eu\/ee\/toode\/aston-supreme-adult-ocean-country-koeratoit\/#primaryimage"},"thumbnailUrl":"https:\/\/nekmar.eu\/ee\/wp-content\/uploads\/2021\/03\/aston_supreme_adult_ocean_country.jpg","datePublished":"2021-03-14T07:22:56+00:00","dateModified":"2026-03-19T17:14:29+00:00","description":"Superpremium koeratoit t\u00e4iskasvanud koertele","breadcrumb":{"@id":"https:\/\/nekmar.eu\/ee\/toode\/aston-supreme-adult-ocean-country-koeratoit\/#breadcrumb"},"inLanguage":"et","potentialAction":[{"@type":"ReadAction","target":["https:\/\/nekmar.eu\/ee\/toode\/aston-supreme-adult-ocean-country-koeratoit\/"]}]},{"@type":"ImageObject","inLanguage":"et","@id":"https:\/\/nekmar.eu\/ee\/toode\/aston-supreme-adult-ocean-country-koeratoit\/#primaryimage","url":"https:\/\/nekmar.eu\/ee\/wp-content\/uploads\/2021\/03\/aston_supreme_adult_ocean_country.jpg","contentUrl":"https:\/\/nekmar.eu\/ee\/wp-content\/uploads\/2021\/03\/aston_supreme_adult_ocean_country.jpg","width":1000,"height":1000},{"@type":"BreadcrumbList","@id":"https:\/\/nekmar.eu\/ee\/toode\/aston-supreme-adult-ocean-country-koeratoit\/#breadcrumb","itemListElement":[{"@type":"ListItem","position":1,"name":"Home","item":"https:\/\/nekmar.eu\/ee\/"},{"@type":"ListItem","position":2,"name":"Pood","item":"https:\/\/nekmar.eu\/ee\/pood\/"},{"@type":"ListItem","position":3,"name":"Aston Supreme Adult Ocean &#038; Country Koeratoit"}]},{"@type":"WebSite","@id":"https:\/\/nekmar.eu\/ee\/#website","url":"https:\/\/nekmar.eu\/ee\/","name":"Nekmar","description":"Pet Nutrition","publisher":{"@id":"https:\/\/nekmar.eu\/ee\/#organization"},"potentialAction":[{"@type":"SearchAction","target":{"@type":"EntryPoint","urlTemplate":"https:\/\/nekmar.eu\/ee\/?s={search_term_string}"},"query-input":{"@type":"PropertyValueSpecification","valueRequired":true,"valueName":"search_term_string"}}],"inLanguage":"et"},{"@type":"Organization","@id":"https:\/\/nekmar.eu\/ee\/#organization","name":"Nekmar Pet Nutrition","url":"https:\/\/nekmar.eu\/ee\/","logo":{"@type":"ImageObject","inLanguage":"et","@id":"https:\/\/nekmar.eu\/ee\/#\/schema\/logo\/image\/","url":"https:\/\/nekmar.eu\/ee\/wp-content\/uploads\/2019\/08\/Nekmar-contact.jpg","contentUrl":"https:\/\/nekmar.eu\/ee\/wp-content\/uploads\/2019\/08\/Nekmar-contact.jpg","width":600,"height":142,"caption":"Nekmar Pet Nutrition"},"image":{"@id":"https:\/\/nekmar.eu\/ee\/#\/schema\/logo\/image\/"},"sameAs":["https:\/\/www.facebook.com\/nekmarpetnutrition\/","https:\/\/www.instagram.com\/nekmarpetnutrition\/"]}]}},"_links":{"self":[{"href":"https:\/\/nekmar.eu\/ee\/wp-json\/wp\/v2\/product\/2659","targetHints":{"allow":["GET"]}}],"collection":[{"href":"https:\/\/nekmar.eu\/ee\/wp-json\/wp\/v2\/product"}],"about":[{"href":"https:\/\/nekmar.eu\/ee\/wp-json\/wp\/v2\/types\/product"}],"wp:featuredmedia":[{"embeddable":true,"href":"https:\/\/nekmar.eu\/ee\/wp-json\/wp\/v2\/media\/5164"}],"wp:attachment":[{"href":"https:\/\/nekmar.eu\/ee\/wp-json\/wp\/v2\/media?parent=2659"}],"wp:term":[{"taxonomy":"product_brand","embeddable":true,"href":"https:\/\/nekmar.eu\/ee\/wp-json\/wp\/v2\/product_brand?post=2659"},{"taxonomy":"product_cat","embeddable":true,"href":"https:\/\/nekmar.eu\/ee\/wp-json\/wp\/v2\/product_cat?post=2659"},{"taxonomy":"product_tag","embeddable":true,"href":"https:\/\/nekmar.eu\/ee\/wp-json\/wp\/v2\/product_tag?post=2659"}],"curies":[{"name":"wp","href":"https:\/\/api.w.org\/{rel}","templated":true}]}}