{"id":2945,"date":"2023-02-03T11:38:56","date_gmt":"2023-02-03T09:38:56","guid":{"rendered":"https:\/\/nekmar.eu\/ee\/?post_type=product&#038;p=2945"},"modified":"2026-04-20T21:37:53","modified_gmt":"2026-04-20T19:37:53","slug":"nekmar-low-grain-puppy-royale-monoproteiin-koeratoit-kutsikale","status":"publish","type":"product","link":"https:\/\/nekmar.eu\/ee\/toode\/nekmar-low-grain-puppy-royale-monoproteiin-koeratoit-kutsikale\/","title":{"rendered":"NEKMAR LOW GRAIN PUPPY ROYALE Monoproteiin Koeratoit Kutsikale"},"content":{"rendered":"<div class=\"wpb-content-wrapper\"><p>[vc_row css_animation=&#8221;&#8221; row_type=&#8221;row&#8221; use_row_as_full_screen_section=&#8221;no&#8221; type=&#8221;full_width&#8221; angled_section=&#8221;no&#8221; text_align=&#8221;left&#8221; background_image_as_pattern=&#8221;without_pattern&#8221;][vc_column][vc_column_text]<strong>KOOSTIS:<\/strong> sealiha 42% (sellest v\u00e4rske sealiha 14%), pruun riis 20%, hernet\u00e4rklis, herned, looma rasv, aedoad, linaseemned, kuivatatud peedi viljaliha, p\u00e4rm, merevetikajahu 0,3%, mannanoligosahhariidid (MOS 0,2%), deh\u00fcdreeritud v\u00f5ilill (Taraxacum officinale W.), deh\u00fcdreeritud granaat\u00f5unakoor (Punica granatum L.), yucca schidigera, gl\u00fckoosamiin (100mg\/kg), kondroitiinsulfaat 50mg\/kg.<\/p>\n<p>&nbsp;<\/p>\n<p><strong>ANAL\u00dc\u00dcTILISED KOOSTISOSAD:<\/strong> toorproteiin 30%, toor\u00f5lid ja -rasvad 18%, toorkiud 2,8%, tuhk 7,3%, niiskus 8%, kaltsium 1,20%, fosfor 0,95%.<\/p>\n<p>&nbsp;<\/p>\n<p><strong>LISANDID KG kohta:<\/strong> Toitev\u00e4\u00e4rtuslikud lisandid: A-vitamiin 18500 UI, D3-vitamiin 1200 UI, E-vitamiin 150mg, E4 vask 14,5 mg, E1 raud 29 mg, E5 mangaan 58 mg, tsink 65 mg, jood 3,14 mg, E8 seleen 0,152 mg. Organoleptilised lisandid: Botaaniliselt m\u00e4\u00e4ratletud looduslik toode.<\/p>\n<p>&nbsp;<\/p>\n<p><strong>METABOLISEERUV ENERGIA:<\/strong> 3910 Kcal\/kg.[\/vc_column_text][\/vc_column][\/vc_row][vc_row css_animation=&#8221;&#8221; row_type=&#8221;row&#8221; use_row_as_full_screen_section=&#8221;no&#8221; type=&#8221;full_width&#8221; angled_section=&#8221;no&#8221; text_align=&#8221;left&#8221; background_image_as_pattern=&#8221;without_pattern&#8221;][vc_column][vc_empty_space][vc_column_text]P\u00e4evaseks tarbimiseks soovitatav kogus (g\/p\u00e4evas)[\/vc_column_text][vc_empty_space height=&#8221;12px&#8221;][vc_column_text]<\/p>\n<table class=\"gridtable\">\n<tbody>\n<tr>\n<th class=\"table-first-row\">T\u00e4iskasvanud koera kaal<\/th>\n<th class=\"table-first-row\">1-3kg<\/th>\n<th class=\"table-first-row\">4-5kg<\/th>\n<th class=\"table-first-row\">7kg<\/th>\n<th class=\"table-first-row\">10kg<\/th>\n<th class=\"table-first-row\">15kg<\/th>\n<th class=\"table-first-row\">20kg<\/th>\n<th class=\"table-first-row\">25kg<\/th>\n<th class=\"table-first-row\">30kg<\/th>\n<th class=\"table-first-row\">35kg<\/th>\n<th class=\"table-first-row\">40kg<\/th>\n<th class=\"table-first-row\">45kg<\/th>\n<th class=\"table-first-row\">50kg<\/th>\n<th class=\"table-first-row\">60kg<\/th>\n<th class=\"table-first-row\">70kg<\/th>\n<th class=\"table-first-row\">80kg<\/th>\n<\/tr>\n<tr>\n<td class=\"table-first-row\">4-5 n\u00e4dalat<\/td>\n<td>&#8211;<\/td>\n<td>&#8211;<\/td>\n<td>&#8211;<\/td>\n<td>&#8211;<\/td>\n<td>&#8211;<\/td>\n<td>&#8211;<\/td>\n<td>&#8211;<\/td>\n<td>&#8211;<\/td>\n<td>&#8211;<\/td>\n<td>30g<\/td>\n<td>30g<\/td>\n<td>30g<\/td>\n<td>40g<\/td>\n<td>40g<\/td>\n<td>40g<\/td>\n<\/tr>\n<tr>\n<td class=\"table-first-row\">2 kuud<\/td>\n<td>&#8211;<\/td>\n<td>&#8211;<\/td>\n<td>&#8211;<\/td>\n<td>150g<\/td>\n<td>205g<\/td>\n<td>240g<\/td>\n<td>270g<\/td>\n<td>310g<\/td>\n<td>315g<\/td>\n<td>320g<\/td>\n<td>335g<\/td>\n<td>350g<\/td>\n<td>400g<\/td>\n<td>450g<\/td>\n<td>500g<\/td>\n<\/tr>\n<tr>\n<td class=\"table-first-row\">3 kuud<\/td>\n<td>&#8211;<\/td>\n<td>&#8211;<\/td>\n<td>&#8211;<\/td>\n<td>165g<\/td>\n<td>240g<\/td>\n<td>300g<\/td>\n<td>330g<\/td>\n<td>380g<\/td>\n<td>390g<\/td>\n<td>400g<\/td>\n<td>415g<\/td>\n<td>425g<\/td>\n<td>500g<\/td>\n<td>550g<\/td>\n<td>600g<\/td>\n<\/tr>\n<tr>\n<td class=\"table-first-row\">4 kuud<\/td>\n<td>&#8211;<\/td>\n<td>&#8211;<\/td>\n<td>&#8211;<\/td>\n<td>175g<\/td>\n<td>255g<\/td>\n<td>310g<\/td>\n<td>345g<\/td>\n<td>390g<\/td>\n<td>400g<\/td>\n<td>415g<\/td>\n<td>450g<\/td>\n<td>500g<\/td>\n<td>580g<\/td>\n<td>660g<\/td>\n<td>730g<\/td>\n<\/tr>\n<tr>\n<td class=\"table-first-row\">6 kuud<\/td>\n<td>70g<\/td>\n<td>110g<\/td>\n<td>150g<\/td>\n<td>185g<\/td>\n<td>260g<\/td>\n<td>330g<\/td>\n<td>370g<\/td>\n<td>420g<\/td>\n<td>480g<\/td>\n<td>550g<\/td>\n<td>600g<\/td>\n<td>670g<\/td>\n<td>770g<\/td>\n<td>880g<\/td>\n<td>980g<\/td>\n<\/tr>\n<tr>\n<td class=\"table-first-row\">8 kuud<\/td>\n<td>70g<\/td>\n<td>110g<\/td>\n<td>130g<\/td>\n<td>185g<\/td>\n<td>250g<\/td>\n<td>330g<\/td>\n<td>370g<\/td>\n<td>420g<\/td>\n<td>490g<\/td>\n<td>540g<\/td>\n<td>590g<\/td>\n<td>680g<\/td>\n<td>760g<\/td>\n<td>870g<\/td>\n<td>980g<\/td>\n<\/tr>\n<tr>\n<td class=\"table-first-row\">10 kuud<\/td>\n<td>70g<\/td>\n<td>105g<\/td>\n<td>120g<\/td>\n<td>180g<\/td>\n<td>250g<\/td>\n<td>310g<\/td>\n<td>360g<\/td>\n<td>400g<\/td>\n<td>480g<\/td>\n<td>530g<\/td>\n<td>580g<\/td>\n<td>650g<\/td>\n<td>740g<\/td>\n<td>860g<\/td>\n<td>950g<\/td>\n<\/tr>\n<tr>\n<td class=\"table-first-row\">12 kuud<\/td>\n<td>70g<\/td>\n<td>100g<\/td>\n<td>120g<\/td>\n<td>180g<\/td>\n<td>240g<\/td>\n<td>310g<\/td>\n<td>345g<\/td>\n<td>400g<\/td>\n<td>470g<\/td>\n<td>520g<\/td>\n<td>570g<\/td>\n<td>640g<\/td>\n<td>720g<\/td>\n<td>840g<\/td>\n<td>900g<\/td>\n<\/tr>\n<\/tbody>\n<\/table>\n<p>[\/vc_column_text][vc_empty_space height=&#8221;22px&#8221;][vc_column_text]<strong>KASUTUSJUHEND:<\/strong> toodet v\u00f5ib anda kuivana v\u00f5i niisutatult (soovitame vahetult enne koerale pakkumist lisada toidule v\u00e4ike kogus leiget vett, kuna koeral on seda nii lihtsam seedida ja usume, et see lisab ka maitset ). Annused v\u00f5ivad varieeruda s\u00f5ltuvalt koera konkreetsest vajadusest. Koeral peaks alati olema v\u00e4rske joogivesi k\u00e4ep\u00e4rast. Hoida jahedas ja kuivas kohas, eemal k\u00f5igist soojusallikatest.[\/vc_column_text][\/vc_column][\/vc_row]<\/p>\n<\/div>","protected":false},"excerpt":{"rendered":"<p>Ultrapremium madala teraviljasisaldusega sealihaga monoproteiin koeratoit kutsikatele ja juunioridele<\/p>\n","protected":false},"featured_media":3832,"template":"","meta":[],"product_brand":[],"product_cat":[99,101,106],"product_tag":[111,109],"class_list":{"0":"post-2945","1":"product","2":"type-product","3":"status-publish","4":"has-post-thumbnail","6":"product_cat-koeratoit","7":"product_cat-nekmar-kuivtoit","8":"product_cat-vaheseteraviljagamonoproteiin","9":"product_tag-lowgrain-monoprotein","10":"product_tag-nekmar","12":"first","13":"instock","14":"taxable","15":"shipping-taxable","16":"purchasable","17":"product-type-variable"},"yoast_head":"<!-- This site is optimized with the Yoast SEO plugin v27.1.1 - https:\/\/yoast.com\/product\/yoast-seo-wordpress\/ -->\n<title>Nekmar | Low Grain Puppy Royale Monoproteiin Koeratoit Kutsikale<\/title>\n<meta name=\"description\" content=\"Ultrapremium madala teraviljasisaldusega sealihaga monoproteiin koeratoit kutsikatele ja juunioridele\" \/>\n<meta name=\"robots\" content=\"index, follow, max-snippet:-1, max-image-preview:large, max-video-preview:-1\" \/>\n<link rel=\"canonical\" href=\"https:\/\/nekmar.eu\/ee\/toode\/nekmar-low-grain-puppy-royale-monoproteiin-koeratoit-kutsikale\/\" \/>\n<meta property=\"og:locale\" content=\"et_EE\" \/>\n<meta property=\"og:type\" content=\"article\" \/>\n<meta property=\"og:title\" content=\"Nekmar\" \/>\n<meta property=\"og:description\" content=\"Puppy Royale\" \/>\n<meta property=\"og:url\" content=\"https:\/\/nekmar.eu\/ee\/toode\/nekmar-low-grain-puppy-royale-monoproteiin-koeratoit-kutsikale\/\" \/>\n<meta property=\"og:site_name\" content=\"Nekmar\" \/>\n<meta property=\"article:publisher\" content=\"https:\/\/www.facebook.com\/nekmarpetnutrition\/\" \/>\n<meta property=\"article:modified_time\" content=\"2026-04-20T19:37:53+00:00\" \/>\n<meta property=\"og:image\" content=\"https:\/\/nekmar.eu\/ee\/wp-content\/uploads\/2019\/08\/nekmar-holistic.jpg\" \/>\n\t<meta property=\"og:image:width\" content=\"1200\" \/>\n\t<meta property=\"og:image:height\" content=\"630\" \/>\n\t<meta property=\"og:image:type\" content=\"image\/jpeg\" \/>\n<meta name=\"twitter:card\" content=\"summary_large_image\" \/>\n<meta name=\"twitter:label1\" content=\"Est. reading time\" \/>\n\t<meta name=\"twitter:data1\" content=\"2 minutit\" \/>\n<script type=\"application\/ld+json\" class=\"yoast-schema-graph\">{\"@context\":\"https:\/\/schema.org\",\"@graph\":[{\"@type\":\"WebPage\",\"@id\":\"https:\/\/nekmar.eu\/ee\/toode\/nekmar-low-grain-puppy-royale-monoproteiin-koeratoit-kutsikale\/\",\"url\":\"https:\/\/nekmar.eu\/ee\/toode\/nekmar-low-grain-puppy-royale-monoproteiin-koeratoit-kutsikale\/\",\"name\":\"Nekmar | Low Grain Puppy Royale Monoproteiin Koeratoit Kutsikale\",\"isPartOf\":{\"@id\":\"https:\/\/nekmar.eu\/ee\/#website\"},\"primaryImageOfPage\":{\"@id\":\"https:\/\/nekmar.eu\/ee\/toode\/nekmar-low-grain-puppy-royale-monoproteiin-koeratoit-kutsikale\/#primaryimage\"},\"image\":{\"@id\":\"https:\/\/nekmar.eu\/ee\/toode\/nekmar-low-grain-puppy-royale-monoproteiin-koeratoit-kutsikale\/#primaryimage\"},\"thumbnailUrl\":\"https:\/\/nekmar.eu\/ee\/wp-content\/uploads\/2023\/02\/nekmar_low_grain_monoprotein_puppy_royale.jpg\",\"datePublished\":\"2023-02-03T09:38:56+00:00\",\"dateModified\":\"2026-04-20T19:37:53+00:00\",\"description\":\"Ultrapremium madala teraviljasisaldusega sealihaga monoproteiin koeratoit kutsikatele ja juunioridele\",\"breadcrumb\":{\"@id\":\"https:\/\/nekmar.eu\/ee\/toode\/nekmar-low-grain-puppy-royale-monoproteiin-koeratoit-kutsikale\/#breadcrumb\"},\"inLanguage\":\"et\",\"potentialAction\":[{\"@type\":\"ReadAction\",\"target\":[\"https:\/\/nekmar.eu\/ee\/toode\/nekmar-low-grain-puppy-royale-monoproteiin-koeratoit-kutsikale\/\"]}]},{\"@type\":\"ImageObject\",\"inLanguage\":\"et\",\"@id\":\"https:\/\/nekmar.eu\/ee\/toode\/nekmar-low-grain-puppy-royale-monoproteiin-koeratoit-kutsikale\/#primaryimage\",\"url\":\"https:\/\/nekmar.eu\/ee\/wp-content\/uploads\/2023\/02\/nekmar_low_grain_monoprotein_puppy_royale.jpg\",\"contentUrl\":\"https:\/\/nekmar.eu\/ee\/wp-content\/uploads\/2023\/02\/nekmar_low_grain_monoprotein_puppy_royale.jpg\",\"width\":1000,\"height\":1000},{\"@type\":\"BreadcrumbList\",\"@id\":\"https:\/\/nekmar.eu\/ee\/toode\/nekmar-low-grain-puppy-royale-monoproteiin-koeratoit-kutsikale\/#breadcrumb\",\"itemListElement\":[{\"@type\":\"ListItem\",\"position\":1,\"name\":\"Home\",\"item\":\"https:\/\/nekmar.eu\/ee\/\"},{\"@type\":\"ListItem\",\"position\":2,\"name\":\"Pood\",\"item\":\"https:\/\/nekmar.eu\/ee\/pood\/\"},{\"@type\":\"ListItem\",\"position\":3,\"name\":\"NEKMAR LOW GRAIN PUPPY ROYALE Monoproteiin Koeratoit Kutsikale\"}]},{\"@type\":\"WebSite\",\"@id\":\"https:\/\/nekmar.eu\/ee\/#website\",\"url\":\"https:\/\/nekmar.eu\/ee\/\",\"name\":\"Nekmar\",\"description\":\"Pet Nutrition\",\"publisher\":{\"@id\":\"https:\/\/nekmar.eu\/ee\/#organization\"},\"potentialAction\":[{\"@type\":\"SearchAction\",\"target\":{\"@type\":\"EntryPoint\",\"urlTemplate\":\"https:\/\/nekmar.eu\/ee\/?s={search_term_string}\"},\"query-input\":{\"@type\":\"PropertyValueSpecification\",\"valueRequired\":true,\"valueName\":\"search_term_string\"}}],\"inLanguage\":\"et\"},{\"@type\":\"Organization\",\"@id\":\"https:\/\/nekmar.eu\/ee\/#organization\",\"name\":\"Nekmar Pet Nutrition\",\"url\":\"https:\/\/nekmar.eu\/ee\/\",\"logo\":{\"@type\":\"ImageObject\",\"inLanguage\":\"et\",\"@id\":\"https:\/\/nekmar.eu\/ee\/#\/schema\/logo\/image\/\",\"url\":\"https:\/\/nekmar.eu\/ee\/wp-content\/uploads\/2019\/08\/Nekmar-contact.jpg\",\"contentUrl\":\"https:\/\/nekmar.eu\/ee\/wp-content\/uploads\/2019\/08\/Nekmar-contact.jpg\",\"width\":600,\"height\":142,\"caption\":\"Nekmar Pet Nutrition\"},\"image\":{\"@id\":\"https:\/\/nekmar.eu\/ee\/#\/schema\/logo\/image\/\"},\"sameAs\":[\"https:\/\/www.facebook.com\/nekmarpetnutrition\/\",\"https:\/\/www.instagram.com\/nekmarpetnutrition\/\"]}]}<\/script>\n<!-- \/ Yoast SEO plugin. -->","yoast_head_json":{"title":"Nekmar | Low Grain Puppy Royale Monoproteiin Koeratoit Kutsikale","description":"Ultrapremium madala teraviljasisaldusega sealihaga monoproteiin koeratoit kutsikatele ja juunioridele","robots":{"index":"index","follow":"follow","max-snippet":"max-snippet:-1","max-image-preview":"max-image-preview:large","max-video-preview":"max-video-preview:-1"},"canonical":"https:\/\/nekmar.eu\/ee\/toode\/nekmar-low-grain-puppy-royale-monoproteiin-koeratoit-kutsikale\/","og_locale":"et_EE","og_type":"article","og_title":"Nekmar","og_description":"Puppy Royale","og_url":"https:\/\/nekmar.eu\/ee\/toode\/nekmar-low-grain-puppy-royale-monoproteiin-koeratoit-kutsikale\/","og_site_name":"Nekmar","article_publisher":"https:\/\/www.facebook.com\/nekmarpetnutrition\/","article_modified_time":"2026-04-20T19:37:53+00:00","og_image":[{"width":1200,"height":630,"url":"https:\/\/nekmar.eu\/ee\/wp-content\/uploads\/2019\/08\/nekmar-holistic.jpg","type":"image\/jpeg"}],"twitter_card":"summary_large_image","twitter_misc":{"Est. reading time":"2 minutit"},"schema":{"@context":"https:\/\/schema.org","@graph":[{"@type":"WebPage","@id":"https:\/\/nekmar.eu\/ee\/toode\/nekmar-low-grain-puppy-royale-monoproteiin-koeratoit-kutsikale\/","url":"https:\/\/nekmar.eu\/ee\/toode\/nekmar-low-grain-puppy-royale-monoproteiin-koeratoit-kutsikale\/","name":"Nekmar | Low Grain Puppy Royale Monoproteiin Koeratoit Kutsikale","isPartOf":{"@id":"https:\/\/nekmar.eu\/ee\/#website"},"primaryImageOfPage":{"@id":"https:\/\/nekmar.eu\/ee\/toode\/nekmar-low-grain-puppy-royale-monoproteiin-koeratoit-kutsikale\/#primaryimage"},"image":{"@id":"https:\/\/nekmar.eu\/ee\/toode\/nekmar-low-grain-puppy-royale-monoproteiin-koeratoit-kutsikale\/#primaryimage"},"thumbnailUrl":"https:\/\/nekmar.eu\/ee\/wp-content\/uploads\/2023\/02\/nekmar_low_grain_monoprotein_puppy_royale.jpg","datePublished":"2023-02-03T09:38:56+00:00","dateModified":"2026-04-20T19:37:53+00:00","description":"Ultrapremium madala teraviljasisaldusega sealihaga monoproteiin koeratoit kutsikatele ja juunioridele","breadcrumb":{"@id":"https:\/\/nekmar.eu\/ee\/toode\/nekmar-low-grain-puppy-royale-monoproteiin-koeratoit-kutsikale\/#breadcrumb"},"inLanguage":"et","potentialAction":[{"@type":"ReadAction","target":["https:\/\/nekmar.eu\/ee\/toode\/nekmar-low-grain-puppy-royale-monoproteiin-koeratoit-kutsikale\/"]}]},{"@type":"ImageObject","inLanguage":"et","@id":"https:\/\/nekmar.eu\/ee\/toode\/nekmar-low-grain-puppy-royale-monoproteiin-koeratoit-kutsikale\/#primaryimage","url":"https:\/\/nekmar.eu\/ee\/wp-content\/uploads\/2023\/02\/nekmar_low_grain_monoprotein_puppy_royale.jpg","contentUrl":"https:\/\/nekmar.eu\/ee\/wp-content\/uploads\/2023\/02\/nekmar_low_grain_monoprotein_puppy_royale.jpg","width":1000,"height":1000},{"@type":"BreadcrumbList","@id":"https:\/\/nekmar.eu\/ee\/toode\/nekmar-low-grain-puppy-royale-monoproteiin-koeratoit-kutsikale\/#breadcrumb","itemListElement":[{"@type":"ListItem","position":1,"name":"Home","item":"https:\/\/nekmar.eu\/ee\/"},{"@type":"ListItem","position":2,"name":"Pood","item":"https:\/\/nekmar.eu\/ee\/pood\/"},{"@type":"ListItem","position":3,"name":"NEKMAR LOW GRAIN PUPPY ROYALE Monoproteiin Koeratoit Kutsikale"}]},{"@type":"WebSite","@id":"https:\/\/nekmar.eu\/ee\/#website","url":"https:\/\/nekmar.eu\/ee\/","name":"Nekmar","description":"Pet Nutrition","publisher":{"@id":"https:\/\/nekmar.eu\/ee\/#organization"},"potentialAction":[{"@type":"SearchAction","target":{"@type":"EntryPoint","urlTemplate":"https:\/\/nekmar.eu\/ee\/?s={search_term_string}"},"query-input":{"@type":"PropertyValueSpecification","valueRequired":true,"valueName":"search_term_string"}}],"inLanguage":"et"},{"@type":"Organization","@id":"https:\/\/nekmar.eu\/ee\/#organization","name":"Nekmar Pet Nutrition","url":"https:\/\/nekmar.eu\/ee\/","logo":{"@type":"ImageObject","inLanguage":"et","@id":"https:\/\/nekmar.eu\/ee\/#\/schema\/logo\/image\/","url":"https:\/\/nekmar.eu\/ee\/wp-content\/uploads\/2019\/08\/Nekmar-contact.jpg","contentUrl":"https:\/\/nekmar.eu\/ee\/wp-content\/uploads\/2019\/08\/Nekmar-contact.jpg","width":600,"height":142,"caption":"Nekmar Pet Nutrition"},"image":{"@id":"https:\/\/nekmar.eu\/ee\/#\/schema\/logo\/image\/"},"sameAs":["https:\/\/www.facebook.com\/nekmarpetnutrition\/","https:\/\/www.instagram.com\/nekmarpetnutrition\/"]}]}},"_links":{"self":[{"href":"https:\/\/nekmar.eu\/ee\/wp-json\/wp\/v2\/product\/2945","targetHints":{"allow":["GET"]}}],"collection":[{"href":"https:\/\/nekmar.eu\/ee\/wp-json\/wp\/v2\/product"}],"about":[{"href":"https:\/\/nekmar.eu\/ee\/wp-json\/wp\/v2\/types\/product"}],"wp:featuredmedia":[{"embeddable":true,"href":"https:\/\/nekmar.eu\/ee\/wp-json\/wp\/v2\/media\/3832"}],"wp:attachment":[{"href":"https:\/\/nekmar.eu\/ee\/wp-json\/wp\/v2\/media?parent=2945"}],"wp:term":[{"taxonomy":"product_brand","embeddable":true,"href":"https:\/\/nekmar.eu\/ee\/wp-json\/wp\/v2\/product_brand?post=2945"},{"taxonomy":"product_cat","embeddable":true,"href":"https:\/\/nekmar.eu\/ee\/wp-json\/wp\/v2\/product_cat?post=2945"},{"taxonomy":"product_tag","embeddable":true,"href":"https:\/\/nekmar.eu\/ee\/wp-json\/wp\/v2\/product_tag?post=2945"}],"curies":[{"name":"wp","href":"https:\/\/api.w.org\/{rel}","templated":true}]}}