{"id":3159,"date":"2023-08-09T08:53:52","date_gmt":"2023-08-09T06:53:52","guid":{"rendered":"https:\/\/nekmar.eu\/ee\/?post_type=product&#038;p=3159"},"modified":"2026-04-26T14:06:55","modified_gmt":"2026-04-26T12:06:55","slug":"nekmar-salmon-oil-loheoli-koerale-ja-kassile","status":"publish","type":"product","link":"https:\/\/nekmar.eu\/ee\/toode\/nekmar-salmon-oil-loheoli-koerale-ja-kassile\/","title":{"rendered":"Nekmar L\u00f5he\u00f5li Koerale ja Kassile"},"content":{"rendered":"<div class=\"wpb-content-wrapper\"><p>[vc_row css_animation=&#8221;&#8221; row_type=&#8221;row&#8221; use_row_as_full_screen_section=&#8221;no&#8221; type=&#8221;full_width&#8221; angled_section=&#8221;no&#8221; text_align=&#8221;left&#8221; background_image_as_pattern=&#8221;without_pattern&#8221;][vc_column][vc_column_text]100% puhas k\u00f5rge kvaliteediga l\u00f5he\u00f5li, mis on saadud Euroopa l\u00f5hest, mida peetakse inimtoiduks sobivaks vastavalt CE reg. 1069\/2009.<\/p>\n<p>&nbsp;<\/p>\n<p><strong><b>Kasutamine<\/b>:<\/strong> L\u00f5he\u00f5li on koerte ja kasside s\u00f6\u00f6damaterjal, millel on suurep\u00e4rane positiivne m\u00f5ju nahale ja karvkattele ning samuti parandab see s\u00f6\u00f6giisu ja toetab immuuns\u00fcsteemi.<\/p>\n<p>&nbsp;<\/p>\n<p><strong><b>Koostis<\/b>:<\/strong> 100% l\u00f5he\u00f5li<\/p>\n<p>&nbsp;<\/p>\n<p><strong><b>S\u00e4ilitusained<\/b>:<\/strong> looduslik tokoferoolirikas ekstrakt.<\/p>\n<p>&nbsp;<\/p>\n<p><strong><b>Anal\u00fc\u00fctilised koostisosad<\/b>:<\/strong> valgud 0%, kiudained 0%, \u00f5lid ja rasvad 100%.<\/p>\n<p>&nbsp;<\/p>\n<p><strong><b>P\u00e4evane annus<\/b>:<\/strong><br \/>\nlisage p\u00e4evane kogus vastavalt lemmiku kehakaalule toidule<\/p>\n<p>&nbsp;<\/p>\n<table style=\"background-color: #ffffff; color: #000000; width: 600;\" border=\"1\" cellspacing=\"1\" cellpadding=\"1\">\n<tbody>\n<tr>\n<td>5kg<\/td>\n<td>10kg<\/td>\n<td>20kg<\/td>\n<td>30kg<\/td>\n<td>40kg<\/td>\n<td>50kg<\/td>\n<\/tr>\n<tr>\n<td>2ml<\/td>\n<td>4ml<\/td>\n<td>8ml<\/td>\n<td>12ml<\/td>\n<td>16ml<\/td>\n<td>20ml<\/td>\n<\/tr>\n<\/tbody>\n<\/table>\n<p>&nbsp;<\/p>\n<div>MITTE \u00fcle 20 ml.<\/div>\n<p>[\/vc_column_text][\/vc_column][\/vc_row]<\/p>\n<\/div>","protected":false},"excerpt":{"rendered":"<p>Nekmar l\u00f5he\u00f5li koerale ja kassile &#8211; 100% puhas k\u00f5rge kvaliteediga l\u00f5he\u00f5li lemmikloomale, mis on saadud Euroopa l\u00f5hest, mida peetakse inimtoiduks sobivaks vastavalt CE reg. 1069\/2009.<\/p>\n","protected":false},"featured_media":3282,"template":"","meta":[],"product_brand":[],"product_cat":[116],"product_tag":[117],"class_list":{"0":"post-3159","1":"product","2":"type-product","3":"status-publish","4":"has-post-thumbnail","6":"product_cat-olid","7":"product_tag-olid","9":"first","10":"instock","11":"taxable","12":"shipping-taxable","13":"purchasable","14":"product-type-variable"},"yoast_head":"<!-- This site is optimized with the Yoast SEO plugin v27.1.1 - https:\/\/yoast.com\/product\/yoast-seo-wordpress\/ -->\n<title>Nekmar | Salmon Oil L\u00f5he\u00f5li Koerale ja Kassile<\/title>\n<meta name=\"description\" content=\"100% puhas k\u00f5rge kvaliteediga l\u00f5he\u00f5li koerale ja kassile, mis on saadud Euroopa l\u00f5hest, mida peetakse inimtoiduks sobivaks vastavalt CE reg. 1069\/2009.\" \/>\n<meta name=\"robots\" content=\"index, follow, max-snippet:-1, max-image-preview:large, max-video-preview:-1\" \/>\n<link rel=\"canonical\" href=\"https:\/\/nekmar.eu\/ee\/toode\/nekmar-salmon-oil-loheoli-koerale-ja-kassile\/\" \/>\n<meta property=\"og:locale\" content=\"et_EE\" \/>\n<meta property=\"og:type\" content=\"article\" \/>\n<meta property=\"og:title\" content=\"Nekmar Salmon Oil\" \/>\n<meta property=\"og:description\" content=\"100% puhas k\u00f5rge kvaliteediga l\u00f5he\u00f5li, mis on saadud Euroopa l\u00f5hest, mida peetakse inimtoiduks sobivaks vastavalt CE reg. 1069\/2009.\" \/>\n<meta property=\"og:url\" content=\"https:\/\/nekmar.eu\/ee\/toode\/nekmar-salmon-oil-loheoli-koerale-ja-kassile\/\" \/>\n<meta property=\"og:site_name\" content=\"Nekmar\" \/>\n<meta property=\"article:publisher\" content=\"https:\/\/www.facebook.com\/nekmarpetnutrition\/\" \/>\n<meta property=\"article:modified_time\" content=\"2026-04-26T12:06:55+00:00\" \/>\n<meta property=\"og:image\" content=\"https:\/\/nekmar.eu\/ee\/wp-content\/uploads\/2019\/08\/nekmar-holistic.jpg\" \/>\n\t<meta property=\"og:image:width\" content=\"1200\" \/>\n\t<meta property=\"og:image:height\" content=\"630\" \/>\n\t<meta property=\"og:image:type\" content=\"image\/jpeg\" \/>\n<meta name=\"twitter:card\" content=\"summary_large_image\" \/>\n<meta name=\"twitter:label1\" content=\"Est. reading time\" \/>\n\t<meta name=\"twitter:data1\" content=\"1 minut\" \/>\n<script type=\"application\/ld+json\" class=\"yoast-schema-graph\">{\"@context\":\"https:\/\/schema.org\",\"@graph\":[{\"@type\":\"WebPage\",\"@id\":\"https:\/\/nekmar.eu\/ee\/toode\/nekmar-salmon-oil-loheoli-koerale-ja-kassile\/\",\"url\":\"https:\/\/nekmar.eu\/ee\/toode\/nekmar-salmon-oil-loheoli-koerale-ja-kassile\/\",\"name\":\"Nekmar | Salmon Oil L\u00f5he\u00f5li Koerale ja Kassile\",\"isPartOf\":{\"@id\":\"https:\/\/nekmar.eu\/ee\/#website\"},\"primaryImageOfPage\":{\"@id\":\"https:\/\/nekmar.eu\/ee\/toode\/nekmar-salmon-oil-loheoli-koerale-ja-kassile\/#primaryimage\"},\"image\":{\"@id\":\"https:\/\/nekmar.eu\/ee\/toode\/nekmar-salmon-oil-loheoli-koerale-ja-kassile\/#primaryimage\"},\"thumbnailUrl\":\"https:\/\/nekmar.eu\/ee\/wp-content\/uploads\/2023\/08\/Nekmar_Salmon_OIL.jpg\",\"datePublished\":\"2023-08-09T06:53:52+00:00\",\"dateModified\":\"2026-04-26T12:06:55+00:00\",\"description\":\"100% puhas k\u00f5rge kvaliteediga l\u00f5he\u00f5li koerale ja kassile, mis on saadud Euroopa l\u00f5hest, mida peetakse inimtoiduks sobivaks vastavalt CE reg. 1069\/2009.\",\"breadcrumb\":{\"@id\":\"https:\/\/nekmar.eu\/ee\/toode\/nekmar-salmon-oil-loheoli-koerale-ja-kassile\/#breadcrumb\"},\"inLanguage\":\"et\",\"potentialAction\":[{\"@type\":\"ReadAction\",\"target\":[\"https:\/\/nekmar.eu\/ee\/toode\/nekmar-salmon-oil-loheoli-koerale-ja-kassile\/\"]}]},{\"@type\":\"ImageObject\",\"inLanguage\":\"et\",\"@id\":\"https:\/\/nekmar.eu\/ee\/toode\/nekmar-salmon-oil-loheoli-koerale-ja-kassile\/#primaryimage\",\"url\":\"https:\/\/nekmar.eu\/ee\/wp-content\/uploads\/2023\/08\/Nekmar_Salmon_OIL.jpg\",\"contentUrl\":\"https:\/\/nekmar.eu\/ee\/wp-content\/uploads\/2023\/08\/Nekmar_Salmon_OIL.jpg\",\"width\":1000,\"height\":1000},{\"@type\":\"BreadcrumbList\",\"@id\":\"https:\/\/nekmar.eu\/ee\/toode\/nekmar-salmon-oil-loheoli-koerale-ja-kassile\/#breadcrumb\",\"itemListElement\":[{\"@type\":\"ListItem\",\"position\":1,\"name\":\"Home\",\"item\":\"https:\/\/nekmar.eu\/ee\/\"},{\"@type\":\"ListItem\",\"position\":2,\"name\":\"Pood\",\"item\":\"https:\/\/nekmar.eu\/ee\/pood\/\"},{\"@type\":\"ListItem\",\"position\":3,\"name\":\"Nekmar L\u00f5he\u00f5li Koerale ja Kassile\"}]},{\"@type\":\"WebSite\",\"@id\":\"https:\/\/nekmar.eu\/ee\/#website\",\"url\":\"https:\/\/nekmar.eu\/ee\/\",\"name\":\"Nekmar\",\"description\":\"Pet Nutrition\",\"publisher\":{\"@id\":\"https:\/\/nekmar.eu\/ee\/#organization\"},\"potentialAction\":[{\"@type\":\"SearchAction\",\"target\":{\"@type\":\"EntryPoint\",\"urlTemplate\":\"https:\/\/nekmar.eu\/ee\/?s={search_term_string}\"},\"query-input\":{\"@type\":\"PropertyValueSpecification\",\"valueRequired\":true,\"valueName\":\"search_term_string\"}}],\"inLanguage\":\"et\"},{\"@type\":\"Organization\",\"@id\":\"https:\/\/nekmar.eu\/ee\/#organization\",\"name\":\"Nekmar Pet Nutrition\",\"url\":\"https:\/\/nekmar.eu\/ee\/\",\"logo\":{\"@type\":\"ImageObject\",\"inLanguage\":\"et\",\"@id\":\"https:\/\/nekmar.eu\/ee\/#\/schema\/logo\/image\/\",\"url\":\"https:\/\/nekmar.eu\/ee\/wp-content\/uploads\/2019\/08\/Nekmar-contact.jpg\",\"contentUrl\":\"https:\/\/nekmar.eu\/ee\/wp-content\/uploads\/2019\/08\/Nekmar-contact.jpg\",\"width\":600,\"height\":142,\"caption\":\"Nekmar Pet Nutrition\"},\"image\":{\"@id\":\"https:\/\/nekmar.eu\/ee\/#\/schema\/logo\/image\/\"},\"sameAs\":[\"https:\/\/www.facebook.com\/nekmarpetnutrition\/\",\"https:\/\/www.instagram.com\/nekmarpetnutrition\/\"]}]}<\/script>\n<!-- \/ Yoast SEO plugin. -->","yoast_head_json":{"title":"Nekmar | Salmon Oil L\u00f5he\u00f5li Koerale ja Kassile","description":"100% puhas k\u00f5rge kvaliteediga l\u00f5he\u00f5li koerale ja kassile, mis on saadud Euroopa l\u00f5hest, mida peetakse inimtoiduks sobivaks vastavalt CE reg. 1069\/2009.","robots":{"index":"index","follow":"follow","max-snippet":"max-snippet:-1","max-image-preview":"max-image-preview:large","max-video-preview":"max-video-preview:-1"},"canonical":"https:\/\/nekmar.eu\/ee\/toode\/nekmar-salmon-oil-loheoli-koerale-ja-kassile\/","og_locale":"et_EE","og_type":"article","og_title":"Nekmar Salmon Oil","og_description":"100% puhas k\u00f5rge kvaliteediga l\u00f5he\u00f5li, mis on saadud Euroopa l\u00f5hest, mida peetakse inimtoiduks sobivaks vastavalt CE reg. 1069\/2009.","og_url":"https:\/\/nekmar.eu\/ee\/toode\/nekmar-salmon-oil-loheoli-koerale-ja-kassile\/","og_site_name":"Nekmar","article_publisher":"https:\/\/www.facebook.com\/nekmarpetnutrition\/","article_modified_time":"2026-04-26T12:06:55+00:00","og_image":[{"width":1200,"height":630,"url":"https:\/\/nekmar.eu\/ee\/wp-content\/uploads\/2019\/08\/nekmar-holistic.jpg","type":"image\/jpeg"}],"twitter_card":"summary_large_image","twitter_misc":{"Est. reading time":"1 minut"},"schema":{"@context":"https:\/\/schema.org","@graph":[{"@type":"WebPage","@id":"https:\/\/nekmar.eu\/ee\/toode\/nekmar-salmon-oil-loheoli-koerale-ja-kassile\/","url":"https:\/\/nekmar.eu\/ee\/toode\/nekmar-salmon-oil-loheoli-koerale-ja-kassile\/","name":"Nekmar | Salmon Oil L\u00f5he\u00f5li Koerale ja Kassile","isPartOf":{"@id":"https:\/\/nekmar.eu\/ee\/#website"},"primaryImageOfPage":{"@id":"https:\/\/nekmar.eu\/ee\/toode\/nekmar-salmon-oil-loheoli-koerale-ja-kassile\/#primaryimage"},"image":{"@id":"https:\/\/nekmar.eu\/ee\/toode\/nekmar-salmon-oil-loheoli-koerale-ja-kassile\/#primaryimage"},"thumbnailUrl":"https:\/\/nekmar.eu\/ee\/wp-content\/uploads\/2023\/08\/Nekmar_Salmon_OIL.jpg","datePublished":"2023-08-09T06:53:52+00:00","dateModified":"2026-04-26T12:06:55+00:00","description":"100% puhas k\u00f5rge kvaliteediga l\u00f5he\u00f5li koerale ja kassile, mis on saadud Euroopa l\u00f5hest, mida peetakse inimtoiduks sobivaks vastavalt CE reg. 1069\/2009.","breadcrumb":{"@id":"https:\/\/nekmar.eu\/ee\/toode\/nekmar-salmon-oil-loheoli-koerale-ja-kassile\/#breadcrumb"},"inLanguage":"et","potentialAction":[{"@type":"ReadAction","target":["https:\/\/nekmar.eu\/ee\/toode\/nekmar-salmon-oil-loheoli-koerale-ja-kassile\/"]}]},{"@type":"ImageObject","inLanguage":"et","@id":"https:\/\/nekmar.eu\/ee\/toode\/nekmar-salmon-oil-loheoli-koerale-ja-kassile\/#primaryimage","url":"https:\/\/nekmar.eu\/ee\/wp-content\/uploads\/2023\/08\/Nekmar_Salmon_OIL.jpg","contentUrl":"https:\/\/nekmar.eu\/ee\/wp-content\/uploads\/2023\/08\/Nekmar_Salmon_OIL.jpg","width":1000,"height":1000},{"@type":"BreadcrumbList","@id":"https:\/\/nekmar.eu\/ee\/toode\/nekmar-salmon-oil-loheoli-koerale-ja-kassile\/#breadcrumb","itemListElement":[{"@type":"ListItem","position":1,"name":"Home","item":"https:\/\/nekmar.eu\/ee\/"},{"@type":"ListItem","position":2,"name":"Pood","item":"https:\/\/nekmar.eu\/ee\/pood\/"},{"@type":"ListItem","position":3,"name":"Nekmar L\u00f5he\u00f5li Koerale ja Kassile"}]},{"@type":"WebSite","@id":"https:\/\/nekmar.eu\/ee\/#website","url":"https:\/\/nekmar.eu\/ee\/","name":"Nekmar","description":"Pet Nutrition","publisher":{"@id":"https:\/\/nekmar.eu\/ee\/#organization"},"potentialAction":[{"@type":"SearchAction","target":{"@type":"EntryPoint","urlTemplate":"https:\/\/nekmar.eu\/ee\/?s={search_term_string}"},"query-input":{"@type":"PropertyValueSpecification","valueRequired":true,"valueName":"search_term_string"}}],"inLanguage":"et"},{"@type":"Organization","@id":"https:\/\/nekmar.eu\/ee\/#organization","name":"Nekmar Pet Nutrition","url":"https:\/\/nekmar.eu\/ee\/","logo":{"@type":"ImageObject","inLanguage":"et","@id":"https:\/\/nekmar.eu\/ee\/#\/schema\/logo\/image\/","url":"https:\/\/nekmar.eu\/ee\/wp-content\/uploads\/2019\/08\/Nekmar-contact.jpg","contentUrl":"https:\/\/nekmar.eu\/ee\/wp-content\/uploads\/2019\/08\/Nekmar-contact.jpg","width":600,"height":142,"caption":"Nekmar Pet Nutrition"},"image":{"@id":"https:\/\/nekmar.eu\/ee\/#\/schema\/logo\/image\/"},"sameAs":["https:\/\/www.facebook.com\/nekmarpetnutrition\/","https:\/\/www.instagram.com\/nekmarpetnutrition\/"]}]}},"_links":{"self":[{"href":"https:\/\/nekmar.eu\/ee\/wp-json\/wp\/v2\/product\/3159","targetHints":{"allow":["GET"]}}],"collection":[{"href":"https:\/\/nekmar.eu\/ee\/wp-json\/wp\/v2\/product"}],"about":[{"href":"https:\/\/nekmar.eu\/ee\/wp-json\/wp\/v2\/types\/product"}],"wp:featuredmedia":[{"embeddable":true,"href":"https:\/\/nekmar.eu\/ee\/wp-json\/wp\/v2\/media\/3282"}],"wp:attachment":[{"href":"https:\/\/nekmar.eu\/ee\/wp-json\/wp\/v2\/media?parent=3159"}],"wp:term":[{"taxonomy":"product_brand","embeddable":true,"href":"https:\/\/nekmar.eu\/ee\/wp-json\/wp\/v2\/product_brand?post=3159"},{"taxonomy":"product_cat","embeddable":true,"href":"https:\/\/nekmar.eu\/ee\/wp-json\/wp\/v2\/product_cat?post=3159"},{"taxonomy":"product_tag","embeddable":true,"href":"https:\/\/nekmar.eu\/ee\/wp-json\/wp\/v2\/product_tag?post=3159"}],"curies":[{"name":"wp","href":"https:\/\/api.w.org\/{rel}","templated":true}]}}