{"id":3443,"date":"2024-01-08T15:52:39","date_gmt":"2024-01-08T13:52:39","guid":{"rendered":"https:\/\/nekmar.eu\/ee\/?post_type=product&#038;p=3443"},"modified":"2026-04-26T12:03:22","modified_gmt":"2026-04-26T10:03:22","slug":"aston-lamb-adult-complete-lambalihaga-koeratoit","status":"publish","type":"product","link":"https:\/\/nekmar.eu\/ee\/toode\/aston-lamb-adult-complete-lambalihaga-koeratoit\/","title":{"rendered":"Aston Lamb Adult Complete Lambalihaga Koeratoit"},"content":{"rendered":"<div class=\"wpb-content-wrapper\"><p>[vc_row css_animation=&#8221;&#8221; row_type=&#8221;row&#8221; use_row_as_full_screen_section=&#8221;no&#8221; type=&#8221;full_width&#8221; angled_section=&#8221;no&#8221; text_align=&#8221;left&#8221; background_image_as_pattern=&#8221;without_pattern&#8221;][vc_column][vc_column_text]<strong>KOOSTIS:<\/strong> deh\u00fcdreeritud liha 30%, ehtne mais, ehtne riis (15%), ehtne nisu, ka-narasv, maisijahu, kuivatatud peedi viljaliha, p\u00e4rmid, mineraalid, vitami-inid.<\/p>\n<p>&nbsp;<\/p>\n<p><strong>ANAL\u00dc\u00dcTILISED KOOSTISOSAD:<\/strong> toorproteiin 23%, toor\u00f5lid ja -rasvad 14%, toorkiud 2,6%, tuhk 7,4%, niiskus 8%.<\/p>\n<p>&nbsp;<\/p>\n<p><strong>TOITELISANDID 1 kg kohta: <\/strong> A-vitamiin 13500 UI, D3-vitamiin 950 UI, E-vitamiin 115mg, E4 vask 47mg, E1 raud 50 mg, E5 mangaan 62 mg, tsink 148mg, jood 1,2 mg, E8 seleen 0,27mg.<\/p>\n<p>&nbsp;<\/p>\n<p><strong>TEHNOLOOGILISED LISANDID:<\/strong> antioks\u00fcdandid.<\/p>\n<p>&nbsp;<\/p>\n<p><strong>METABOLISEERUV ENERGIA:<\/strong> 3750 Kcal\/KG.[\/vc_column_text][\/vc_column][\/vc_row][vc_row css_animation=&#8221;&#8221; row_type=&#8221;row&#8221; use_row_as_full_screen_section=&#8221;no&#8221; type=&#8221;full_width&#8221; angled_section=&#8221;no&#8221; text_align=&#8221;left&#8221; background_image_as_pattern=&#8221;without_pattern&#8221;][vc_column][vc_empty_space][vc_column_text]P\u00e4evaseks tarbimiseks soovitatav kogus ( g \/ p\u00e4evas )[\/vc_column_text][vc_empty_space height=&#8221;10px&#8221;][vc_column_text]<\/p>\n<table class=\"gridtable\">\n<tbody>\n<tr>\n<th class=\"table-first-row\">T\u00e4iskasvanud koera kaal<\/th>\n<th class=\"table-first-row\">5kg<\/th>\n<th class=\"table-first-row\">8kg<\/th>\n<th class=\"table-first-row\">12kg<\/th>\n<th class=\"table-first-row\">16kg<\/th>\n<th class=\"table-first-row\">20kg<\/th>\n<th class=\"table-first-row\">25kg<\/th>\n<th class=\"table-first-row\">30kg<\/th>\n<th class=\"table-first-row\">35kg<\/th>\n<th class=\"table-first-row\">40kg<\/th>\n<th class=\"table-first-row\">45kg<\/th>\n<th class=\"table-first-row\">50kg<\/th>\n<th class=\"table-first-row\">60kg<\/th>\n<th class=\"table-first-row\">70kg<\/th>\n<th class=\"table-first-row\">80kg<\/th>\n<\/tr>\n<tr>\n<td class=\"table-first-row\">Normaalne aktiivsus<\/td>\n<td>95g<\/td>\n<td>130g<\/td>\n<td>175g<\/td>\n<td>215g<\/td>\n<td>255g<\/td>\n<td>300g<\/td>\n<td>340g<\/td>\n<td>385g<\/td>\n<td>425g<\/td>\n<td>465g<\/td>\n<td>505g<\/td>\n<td>585g<\/td>\n<td>665g<\/td>\n<td>745g<\/td>\n<\/tr>\n<tr>\n<td class=\"table-first-row\">Keskmine aktiivsus<\/td>\n<td>115g<\/td>\n<td>155g<\/td>\n<td>210g<\/td>\n<td>260g<\/td>\n<td>305g<\/td>\n<td>360g<\/td>\n<td>410g<\/td>\n<td>460g<\/td>\n<td>510g<\/td>\n<td>555g<\/td>\n<td>605g<\/td>\n<td>700g<\/td>\n<td>800g<\/td>\n<td>895g<\/td>\n<\/tr>\n<tr>\n<td class=\"table-first-row\">K\u00f5rge aktiivsus<\/td>\n<td>138g<\/td>\n<td>185g<\/td>\n<td>255g<\/td>\n<td>310g<\/td>\n<td>365g<\/td>\n<td>430g<\/td>\n<td>490g<\/td>\n<td>550g<\/td>\n<td>610g<\/td>\n<td>670g<\/td>\n<td>725g<\/td>\n<td>840g<\/td>\n<td>955g<\/td>\n<td>1070g<\/td>\n<\/tr>\n<\/tbody>\n<\/table>\n<p>[\/vc_column_text][vc_empty_space height=&#8221;22px&#8221;][vc_column_text]<strong>KASUTUSJUHEND:<\/strong> toodet v\u00f5ib anda kuivana v\u00f5i niisutatult (soovitame vahetult enne koerale pakkumist lisada toidule v\u00e4ike kogus leiget vett, kuna koeral on seda nii lihtsam seedida ja usume, et see lisab ka maitset ). Annused v\u00f5ivad varieeruda s\u00f5ltuvalt koera konkreetsest vajadusest. Koeral peaks alati olema v\u00e4rske joogivesi k\u00e4ep\u00e4rast. Hoida jahedas ja kuivas kohas, eemal k\u00f5igist soojusallikatest.[\/vc_column_text][\/vc_column][\/vc_row]<\/p>\n<\/div>","protected":false},"excerpt":{"rendered":"<p>Highpremium koeratoit lambalihaga t\u00e4iskasvanud koertele<\/p>\n","protected":false},"featured_media":444,"template":"","meta":[],"product_brand":[],"product_cat":[100,102,99],"product_tag":[97,98],"class_list":{"0":"post-3443","1":"product","2":"type-product","3":"status-publish","4":"has-post-thumbnail","6":"product_cat-aston","7":"product_cat-highpremium","8":"product_cat-koeratoit","9":"product_tag-aston","10":"product_tag-highpremium","12":"first","13":"instock","14":"taxable","15":"shipping-taxable","16":"purchasable","17":"product-type-simple"},"yoast_head":"<!-- This site is optimized with the Yoast SEO plugin v27.1.1 - https:\/\/yoast.com\/product\/yoast-seo-wordpress\/ -->\n<title>Aston | Lambalihaga koeratoit<\/title>\n<meta name=\"description\" content=\"Highpremium koeratoit lambalihaga t\u00e4iskasvanud koertele\" \/>\n<meta name=\"robots\" content=\"index, follow, max-snippet:-1, max-image-preview:large, max-video-preview:-1\" \/>\n<link rel=\"canonical\" href=\"https:\/\/nekmar.eu\/ee\/toode\/aston-lamb-adult-complete-lambalihaga-koeratoit\/\" \/>\n<meta property=\"og:locale\" content=\"et_EE\" \/>\n<meta property=\"og:type\" content=\"article\" \/>\n<meta property=\"og:title\" content=\"Aston\" \/>\n<meta property=\"og:description\" content=\"Lamb Adult COmplete\" \/>\n<meta property=\"og:url\" content=\"https:\/\/nekmar.eu\/ee\/toode\/aston-lamb-adult-complete-lambalihaga-koeratoit\/\" \/>\n<meta property=\"og:site_name\" content=\"Nekmar\" \/>\n<meta property=\"article:publisher\" content=\"https:\/\/www.facebook.com\/nekmarpetnutrition\/\" \/>\n<meta property=\"article:modified_time\" content=\"2026-04-26T10:03:22+00:00\" \/>\n<meta property=\"og:image\" content=\"https:\/\/nekmar.eu\/ee\/wp-content\/uploads\/2019\/08\/aston-f-nekmar.jpg\" \/>\n\t<meta property=\"og:image:width\" content=\"1200\" \/>\n\t<meta property=\"og:image:height\" content=\"630\" \/>\n\t<meta property=\"og:image:type\" content=\"image\/jpeg\" \/>\n<meta name=\"twitter:card\" content=\"summary_large_image\" \/>\n<meta name=\"twitter:label1\" content=\"Est. reading time\" \/>\n\t<meta name=\"twitter:data1\" content=\"2 minutit\" \/>\n<script type=\"application\/ld+json\" class=\"yoast-schema-graph\">{\"@context\":\"https:\/\/schema.org\",\"@graph\":[{\"@type\":\"WebPage\",\"@id\":\"https:\/\/nekmar.eu\/ee\/toode\/aston-lamb-adult-complete-lambalihaga-koeratoit\/\",\"url\":\"https:\/\/nekmar.eu\/ee\/toode\/aston-lamb-adult-complete-lambalihaga-koeratoit\/\",\"name\":\"Aston | Lambalihaga koeratoit\",\"isPartOf\":{\"@id\":\"https:\/\/nekmar.eu\/ee\/#website\"},\"primaryImageOfPage\":{\"@id\":\"https:\/\/nekmar.eu\/ee\/toode\/aston-lamb-adult-complete-lambalihaga-koeratoit\/#primaryimage\"},\"image\":{\"@id\":\"https:\/\/nekmar.eu\/ee\/toode\/aston-lamb-adult-complete-lambalihaga-koeratoit\/#primaryimage\"},\"thumbnailUrl\":\"https:\/\/nekmar.eu\/ee\/wp-content\/uploads\/2019\/08\/aston_lamb_adult_complete.jpg\",\"datePublished\":\"2024-01-08T13:52:39+00:00\",\"dateModified\":\"2026-04-26T10:03:22+00:00\",\"description\":\"Highpremium koeratoit lambalihaga t\u00e4iskasvanud koertele\",\"breadcrumb\":{\"@id\":\"https:\/\/nekmar.eu\/ee\/toode\/aston-lamb-adult-complete-lambalihaga-koeratoit\/#breadcrumb\"},\"inLanguage\":\"et\",\"potentialAction\":[{\"@type\":\"ReadAction\",\"target\":[\"https:\/\/nekmar.eu\/ee\/toode\/aston-lamb-adult-complete-lambalihaga-koeratoit\/\"]}]},{\"@type\":\"ImageObject\",\"inLanguage\":\"et\",\"@id\":\"https:\/\/nekmar.eu\/ee\/toode\/aston-lamb-adult-complete-lambalihaga-koeratoit\/#primaryimage\",\"url\":\"https:\/\/nekmar.eu\/ee\/wp-content\/uploads\/2019\/08\/aston_lamb_adult_complete.jpg\",\"contentUrl\":\"https:\/\/nekmar.eu\/ee\/wp-content\/uploads\/2019\/08\/aston_lamb_adult_complete.jpg\",\"width\":1000,\"height\":1000},{\"@type\":\"BreadcrumbList\",\"@id\":\"https:\/\/nekmar.eu\/ee\/toode\/aston-lamb-adult-complete-lambalihaga-koeratoit\/#breadcrumb\",\"itemListElement\":[{\"@type\":\"ListItem\",\"position\":1,\"name\":\"Home\",\"item\":\"https:\/\/nekmar.eu\/ee\/\"},{\"@type\":\"ListItem\",\"position\":2,\"name\":\"Pood\",\"item\":\"https:\/\/nekmar.eu\/ee\/pood\/\"},{\"@type\":\"ListItem\",\"position\":3,\"name\":\"Aston Lamb Adult Complete Lambalihaga Koeratoit\"}]},{\"@type\":\"WebSite\",\"@id\":\"https:\/\/nekmar.eu\/ee\/#website\",\"url\":\"https:\/\/nekmar.eu\/ee\/\",\"name\":\"Nekmar\",\"description\":\"Pet Nutrition\",\"publisher\":{\"@id\":\"https:\/\/nekmar.eu\/ee\/#organization\"},\"potentialAction\":[{\"@type\":\"SearchAction\",\"target\":{\"@type\":\"EntryPoint\",\"urlTemplate\":\"https:\/\/nekmar.eu\/ee\/?s={search_term_string}\"},\"query-input\":{\"@type\":\"PropertyValueSpecification\",\"valueRequired\":true,\"valueName\":\"search_term_string\"}}],\"inLanguage\":\"et\"},{\"@type\":\"Organization\",\"@id\":\"https:\/\/nekmar.eu\/ee\/#organization\",\"name\":\"Nekmar Pet Nutrition\",\"url\":\"https:\/\/nekmar.eu\/ee\/\",\"logo\":{\"@type\":\"ImageObject\",\"inLanguage\":\"et\",\"@id\":\"https:\/\/nekmar.eu\/ee\/#\/schema\/logo\/image\/\",\"url\":\"https:\/\/nekmar.eu\/ee\/wp-content\/uploads\/2019\/08\/Nekmar-contact.jpg\",\"contentUrl\":\"https:\/\/nekmar.eu\/ee\/wp-content\/uploads\/2019\/08\/Nekmar-contact.jpg\",\"width\":600,\"height\":142,\"caption\":\"Nekmar Pet Nutrition\"},\"image\":{\"@id\":\"https:\/\/nekmar.eu\/ee\/#\/schema\/logo\/image\/\"},\"sameAs\":[\"https:\/\/www.facebook.com\/nekmarpetnutrition\/\",\"https:\/\/www.instagram.com\/nekmarpetnutrition\/\"]}]}<\/script>\n<!-- \/ Yoast SEO plugin. -->","yoast_head_json":{"title":"Aston | Lambalihaga koeratoit","description":"Highpremium koeratoit lambalihaga t\u00e4iskasvanud koertele","robots":{"index":"index","follow":"follow","max-snippet":"max-snippet:-1","max-image-preview":"max-image-preview:large","max-video-preview":"max-video-preview:-1"},"canonical":"https:\/\/nekmar.eu\/ee\/toode\/aston-lamb-adult-complete-lambalihaga-koeratoit\/","og_locale":"et_EE","og_type":"article","og_title":"Aston","og_description":"Lamb Adult COmplete","og_url":"https:\/\/nekmar.eu\/ee\/toode\/aston-lamb-adult-complete-lambalihaga-koeratoit\/","og_site_name":"Nekmar","article_publisher":"https:\/\/www.facebook.com\/nekmarpetnutrition\/","article_modified_time":"2026-04-26T10:03:22+00:00","og_image":[{"width":1200,"height":630,"url":"https:\/\/nekmar.eu\/ee\/wp-content\/uploads\/2019\/08\/aston-f-nekmar.jpg","type":"image\/jpeg"}],"twitter_card":"summary_large_image","twitter_misc":{"Est. reading time":"2 minutit"},"schema":{"@context":"https:\/\/schema.org","@graph":[{"@type":"WebPage","@id":"https:\/\/nekmar.eu\/ee\/toode\/aston-lamb-adult-complete-lambalihaga-koeratoit\/","url":"https:\/\/nekmar.eu\/ee\/toode\/aston-lamb-adult-complete-lambalihaga-koeratoit\/","name":"Aston | Lambalihaga koeratoit","isPartOf":{"@id":"https:\/\/nekmar.eu\/ee\/#website"},"primaryImageOfPage":{"@id":"https:\/\/nekmar.eu\/ee\/toode\/aston-lamb-adult-complete-lambalihaga-koeratoit\/#primaryimage"},"image":{"@id":"https:\/\/nekmar.eu\/ee\/toode\/aston-lamb-adult-complete-lambalihaga-koeratoit\/#primaryimage"},"thumbnailUrl":"https:\/\/nekmar.eu\/ee\/wp-content\/uploads\/2019\/08\/aston_lamb_adult_complete.jpg","datePublished":"2024-01-08T13:52:39+00:00","dateModified":"2026-04-26T10:03:22+00:00","description":"Highpremium koeratoit lambalihaga t\u00e4iskasvanud koertele","breadcrumb":{"@id":"https:\/\/nekmar.eu\/ee\/toode\/aston-lamb-adult-complete-lambalihaga-koeratoit\/#breadcrumb"},"inLanguage":"et","potentialAction":[{"@type":"ReadAction","target":["https:\/\/nekmar.eu\/ee\/toode\/aston-lamb-adult-complete-lambalihaga-koeratoit\/"]}]},{"@type":"ImageObject","inLanguage":"et","@id":"https:\/\/nekmar.eu\/ee\/toode\/aston-lamb-adult-complete-lambalihaga-koeratoit\/#primaryimage","url":"https:\/\/nekmar.eu\/ee\/wp-content\/uploads\/2019\/08\/aston_lamb_adult_complete.jpg","contentUrl":"https:\/\/nekmar.eu\/ee\/wp-content\/uploads\/2019\/08\/aston_lamb_adult_complete.jpg","width":1000,"height":1000},{"@type":"BreadcrumbList","@id":"https:\/\/nekmar.eu\/ee\/toode\/aston-lamb-adult-complete-lambalihaga-koeratoit\/#breadcrumb","itemListElement":[{"@type":"ListItem","position":1,"name":"Home","item":"https:\/\/nekmar.eu\/ee\/"},{"@type":"ListItem","position":2,"name":"Pood","item":"https:\/\/nekmar.eu\/ee\/pood\/"},{"@type":"ListItem","position":3,"name":"Aston Lamb Adult Complete Lambalihaga Koeratoit"}]},{"@type":"WebSite","@id":"https:\/\/nekmar.eu\/ee\/#website","url":"https:\/\/nekmar.eu\/ee\/","name":"Nekmar","description":"Pet Nutrition","publisher":{"@id":"https:\/\/nekmar.eu\/ee\/#organization"},"potentialAction":[{"@type":"SearchAction","target":{"@type":"EntryPoint","urlTemplate":"https:\/\/nekmar.eu\/ee\/?s={search_term_string}"},"query-input":{"@type":"PropertyValueSpecification","valueRequired":true,"valueName":"search_term_string"}}],"inLanguage":"et"},{"@type":"Organization","@id":"https:\/\/nekmar.eu\/ee\/#organization","name":"Nekmar Pet Nutrition","url":"https:\/\/nekmar.eu\/ee\/","logo":{"@type":"ImageObject","inLanguage":"et","@id":"https:\/\/nekmar.eu\/ee\/#\/schema\/logo\/image\/","url":"https:\/\/nekmar.eu\/ee\/wp-content\/uploads\/2019\/08\/Nekmar-contact.jpg","contentUrl":"https:\/\/nekmar.eu\/ee\/wp-content\/uploads\/2019\/08\/Nekmar-contact.jpg","width":600,"height":142,"caption":"Nekmar Pet Nutrition"},"image":{"@id":"https:\/\/nekmar.eu\/ee\/#\/schema\/logo\/image\/"},"sameAs":["https:\/\/www.facebook.com\/nekmarpetnutrition\/","https:\/\/www.instagram.com\/nekmarpetnutrition\/"]}]}},"_links":{"self":[{"href":"https:\/\/nekmar.eu\/ee\/wp-json\/wp\/v2\/product\/3443","targetHints":{"allow":["GET"]}}],"collection":[{"href":"https:\/\/nekmar.eu\/ee\/wp-json\/wp\/v2\/product"}],"about":[{"href":"https:\/\/nekmar.eu\/ee\/wp-json\/wp\/v2\/types\/product"}],"wp:featuredmedia":[{"embeddable":true,"href":"https:\/\/nekmar.eu\/ee\/wp-json\/wp\/v2\/media\/444"}],"wp:attachment":[{"href":"https:\/\/nekmar.eu\/ee\/wp-json\/wp\/v2\/media?parent=3443"}],"wp:term":[{"taxonomy":"product_brand","embeddable":true,"href":"https:\/\/nekmar.eu\/ee\/wp-json\/wp\/v2\/product_brand?post=3443"},{"taxonomy":"product_cat","embeddable":true,"href":"https:\/\/nekmar.eu\/ee\/wp-json\/wp\/v2\/product_cat?post=3443"},{"taxonomy":"product_tag","embeddable":true,"href":"https:\/\/nekmar.eu\/ee\/wp-json\/wp\/v2\/product_tag?post=3443"}],"curies":[{"name":"wp","href":"https:\/\/api.w.org\/{rel}","templated":true}]}}