{"id":4164,"date":"2024-11-26T08:25:07","date_gmt":"2024-11-26T06:25:07","guid":{"rendered":"https:\/\/nekmar.eu\/ee\/?post_type=product&#038;p=4164"},"modified":"2026-04-24T10:26:37","modified_gmt":"2026-04-24T08:26:37","slug":"nekmar-muscle-dpr","status":"publish","type":"product","link":"https:\/\/nekmar.eu\/ee\/toode\/nekmar-muscle-dpr\/","title":{"rendered":"Nekmar Muscle DPR"},"content":{"rendered":"<div class=\"wpb-content-wrapper\"><p>[vc_row css_animation=&#8221;&#8221; row_type=&#8221;row&#8221; use_row_as_full_screen_section=&#8221;no&#8221; type=&#8221;full_width&#8221; angled_section=&#8221;no&#8221; text_align=&#8221;left&#8221; background_image_as_pattern=&#8221;without_pattern&#8221;][vc_column][vc_column_text css=&#8221;&#8221;]Muscle DPR on rafineeritud riisiklii\u00f5list valmistatud s\u00f6\u00f6damaterjal koertele ja hobustele, mis maksimeerib gamma-or\u00fctsanooli kontsentratsiooni loomade toidus, et edendada lihaste arengut, j\u00f5udlust ja taastumist.<\/p>\n<p>&nbsp;<\/p>\n<p><strong>Kasutamine:<\/strong> Gamma Oryzanol (leidub riisiklii\u00f5lis) on looduslik antioks\u00fcdant, mis soodustab lihaste arengut ja kasvu ning toetab koerte ja hobuste j\u00f5udlust ja vastupidavust.<\/p>\n<p>&nbsp;<\/p>\n<p>Sobib toitmiseks j\u00e4rgmistes olukordades:<br \/>\n&#8211; n\u00e4itusekoerad ja -hobused<br \/>\n&#8211; t\u00f6\u00f6koerad ja -hobused<br \/>\n\u2013 noored kiiresti kasvavad loomad &#8211; lihaste struktuuri toetamiseks<br \/>\n&#8211; vanemad loomad &#8211; virgutuseks<br \/>\n\u2013 operatsioonieelsed ja -j\u00e4rgsed loomad taastusravis<\/p>\n<p>&nbsp;<\/p>\n<p><strong>Koostis:<\/strong> 100% riisiklii\u00f5li.<\/p>\n<p>&nbsp;<\/p>\n<p><strong>Anal\u00fc\u00fctilised koostisosad:<\/strong> valgud 0%, kiudained 0%, \u00f5lid ja rasvad 100%.<\/p>\n<p>&nbsp;<\/p>\n<p><strong>Annustamine koertele p\u00e4evas:<\/strong><br \/>\nToodet tuleks tutvustada j\u00e4rk-j\u00e4rgult mitme p\u00e4eva jooksul. Lisage p\u00e4evane kogus koeratoidule.<\/p>\n<p>&nbsp;<\/p>\n<p><strong>Regulaarne konditsioneerimine:<\/strong> 2-2,5ml\/10kg<\/p>\n<p>&nbsp;<\/p>\n<p><strong>T\u00f6\u00f6loomad, taastumine, m\u00e4rkimisv\u00e4\u00e4rne edasiminek:<\/strong> 4-5ml\/10kg, mitte \u00fcle 20ml\/p\u00e4evas<\/p>\n<p>&nbsp;<\/p>\n<p><strong>Annustamine hobustele p\u00e4evas:<\/strong><br \/>\nToodet tuleks tutvustada j\u00e4rk-j\u00e4rgult mitme p\u00e4eva jooksul. Lisage p\u00e4evane kogus toidule.<\/p>\n<p>&nbsp;<\/p>\n<p><strong>Kogus umbes 450 kg kaaluva hobuse kohta:<\/strong><\/p>\n<p>Hooldus: 60ml\/p\u00e4ev<\/p>\n<p>Progress: 120ml\/p\u00e4evas<\/p>\n<p>M\u00e4rkimisv\u00e4\u00e4rne edasiminek: 240ml\/p\u00e4evas[\/vc_column_text][\/vc_column][\/vc_row]<\/p>\n<\/div>","protected":false},"excerpt":{"rendered":"<p>Muscle DPR on rafineeritud riisiklii\u00f5list valmistatud s\u00f6\u00f6damaterjal koertele ja hobustele, mis maksimeerib gamma-or\u00fctsanooli kontsentratsiooni loomade toidus, et edendada lihaste arengut, j\u00f5udlust ja taastumist.<\/p>\n","protected":false},"featured_media":4167,"template":"","meta":[],"product_brand":[],"product_cat":[116],"product_tag":[117],"class_list":{"0":"post-4164","1":"product","2":"type-product","3":"status-publish","4":"has-post-thumbnail","6":"product_cat-olid","7":"product_tag-olid","9":"first","10":"instock","11":"taxable","12":"shipping-taxable","13":"purchasable","14":"product-type-variable"},"yoast_head":"<!-- This site is optimized with the Yoast SEO plugin v27.1.1 - https:\/\/yoast.com\/product\/yoast-seo-wordpress\/ -->\n<title>Nekmar | Muscle DPR<\/title>\n<meta name=\"description\" content=\"Muscle DPR on rafineeritud riisiklii\u00f5list valmistatud s\u00f6\u00f6damaterjal koertele ja hobustele, mis maksimeerib gamma-or\u00fctsanooli kontsentratsiooni loomade toidus.\" \/>\n<meta name=\"robots\" content=\"index, follow, max-snippet:-1, max-image-preview:large, max-video-preview:-1\" \/>\n<link rel=\"canonical\" href=\"https:\/\/nekmar.eu\/ee\/toode\/nekmar-muscle-dpr\/\" \/>\n<meta property=\"og:locale\" content=\"et_EE\" \/>\n<meta property=\"og:type\" content=\"article\" \/>\n<meta property=\"og:title\" content=\"Nekmar Salmon Oil\" \/>\n<meta property=\"og:description\" content=\"100% puhas k\u00f5rge kvaliteediga l\u00f5he\u00f5li, mis on saadud Euroopa l\u00f5hest, mida peetakse inimtoiduks sobivaks vastavalt CE reg. 1069\/2009.\" \/>\n<meta property=\"og:url\" content=\"https:\/\/nekmar.eu\/ee\/toode\/nekmar-muscle-dpr\/\" \/>\n<meta property=\"og:site_name\" content=\"Nekmar\" \/>\n<meta property=\"article:publisher\" content=\"https:\/\/www.facebook.com\/nekmarpetnutrition\/\" \/>\n<meta property=\"article:modified_time\" content=\"2026-04-24T08:26:37+00:00\" \/>\n<meta property=\"og:image\" content=\"https:\/\/nekmar.eu\/ee\/wp-content\/uploads\/2019\/08\/nekmar-holistic.jpg\" \/>\n\t<meta property=\"og:image:width\" content=\"1200\" \/>\n\t<meta property=\"og:image:height\" content=\"630\" \/>\n\t<meta property=\"og:image:type\" content=\"image\/jpeg\" \/>\n<meta name=\"twitter:card\" content=\"summary_large_image\" \/>\n<meta name=\"twitter:label1\" content=\"Est. reading time\" \/>\n\t<meta name=\"twitter:data1\" content=\"1 minut\" \/>\n<script type=\"application\/ld+json\" class=\"yoast-schema-graph\">{\"@context\":\"https:\/\/schema.org\",\"@graph\":[{\"@type\":\"WebPage\",\"@id\":\"https:\/\/nekmar.eu\/ee\/toode\/nekmar-muscle-dpr\/\",\"url\":\"https:\/\/nekmar.eu\/ee\/toode\/nekmar-muscle-dpr\/\",\"name\":\"Nekmar | Muscle DPR\",\"isPartOf\":{\"@id\":\"https:\/\/nekmar.eu\/ee\/#website\"},\"primaryImageOfPage\":{\"@id\":\"https:\/\/nekmar.eu\/ee\/toode\/nekmar-muscle-dpr\/#primaryimage\"},\"image\":{\"@id\":\"https:\/\/nekmar.eu\/ee\/toode\/nekmar-muscle-dpr\/#primaryimage\"},\"thumbnailUrl\":\"https:\/\/nekmar.eu\/ee\/wp-content\/uploads\/2024\/11\/Nekmar_Muscle_DPR.jpg\",\"datePublished\":\"2024-11-26T06:25:07+00:00\",\"dateModified\":\"2026-04-24T08:26:37+00:00\",\"description\":\"Muscle DPR on rafineeritud riisiklii\u00f5list valmistatud s\u00f6\u00f6damaterjal koertele ja hobustele, mis maksimeerib gamma-or\u00fctsanooli kontsentratsiooni loomade toidus.\",\"breadcrumb\":{\"@id\":\"https:\/\/nekmar.eu\/ee\/toode\/nekmar-muscle-dpr\/#breadcrumb\"},\"inLanguage\":\"et\",\"potentialAction\":[{\"@type\":\"ReadAction\",\"target\":[\"https:\/\/nekmar.eu\/ee\/toode\/nekmar-muscle-dpr\/\"]}]},{\"@type\":\"ImageObject\",\"inLanguage\":\"et\",\"@id\":\"https:\/\/nekmar.eu\/ee\/toode\/nekmar-muscle-dpr\/#primaryimage\",\"url\":\"https:\/\/nekmar.eu\/ee\/wp-content\/uploads\/2024\/11\/Nekmar_Muscle_DPR.jpg\",\"contentUrl\":\"https:\/\/nekmar.eu\/ee\/wp-content\/uploads\/2024\/11\/Nekmar_Muscle_DPR.jpg\",\"width\":1000,\"height\":1000},{\"@type\":\"BreadcrumbList\",\"@id\":\"https:\/\/nekmar.eu\/ee\/toode\/nekmar-muscle-dpr\/#breadcrumb\",\"itemListElement\":[{\"@type\":\"ListItem\",\"position\":1,\"name\":\"Home\",\"item\":\"https:\/\/nekmar.eu\/ee\/\"},{\"@type\":\"ListItem\",\"position\":2,\"name\":\"Pood\",\"item\":\"https:\/\/nekmar.eu\/ee\/pood\/\"},{\"@type\":\"ListItem\",\"position\":3,\"name\":\"Nekmar Muscle DPR\"}]},{\"@type\":\"WebSite\",\"@id\":\"https:\/\/nekmar.eu\/ee\/#website\",\"url\":\"https:\/\/nekmar.eu\/ee\/\",\"name\":\"Nekmar\",\"description\":\"Pet Nutrition\",\"publisher\":{\"@id\":\"https:\/\/nekmar.eu\/ee\/#organization\"},\"potentialAction\":[{\"@type\":\"SearchAction\",\"target\":{\"@type\":\"EntryPoint\",\"urlTemplate\":\"https:\/\/nekmar.eu\/ee\/?s={search_term_string}\"},\"query-input\":{\"@type\":\"PropertyValueSpecification\",\"valueRequired\":true,\"valueName\":\"search_term_string\"}}],\"inLanguage\":\"et\"},{\"@type\":\"Organization\",\"@id\":\"https:\/\/nekmar.eu\/ee\/#organization\",\"name\":\"Nekmar Pet Nutrition\",\"url\":\"https:\/\/nekmar.eu\/ee\/\",\"logo\":{\"@type\":\"ImageObject\",\"inLanguage\":\"et\",\"@id\":\"https:\/\/nekmar.eu\/ee\/#\/schema\/logo\/image\/\",\"url\":\"https:\/\/nekmar.eu\/ee\/wp-content\/uploads\/2019\/08\/Nekmar-contact.jpg\",\"contentUrl\":\"https:\/\/nekmar.eu\/ee\/wp-content\/uploads\/2019\/08\/Nekmar-contact.jpg\",\"width\":600,\"height\":142,\"caption\":\"Nekmar Pet Nutrition\"},\"image\":{\"@id\":\"https:\/\/nekmar.eu\/ee\/#\/schema\/logo\/image\/\"},\"sameAs\":[\"https:\/\/www.facebook.com\/nekmarpetnutrition\/\",\"https:\/\/www.instagram.com\/nekmarpetnutrition\/\"]}]}<\/script>\n<!-- \/ Yoast SEO plugin. -->","yoast_head_json":{"title":"Nekmar | Muscle DPR","description":"Muscle DPR on rafineeritud riisiklii\u00f5list valmistatud s\u00f6\u00f6damaterjal koertele ja hobustele, mis maksimeerib gamma-or\u00fctsanooli kontsentratsiooni loomade toidus.","robots":{"index":"index","follow":"follow","max-snippet":"max-snippet:-1","max-image-preview":"max-image-preview:large","max-video-preview":"max-video-preview:-1"},"canonical":"https:\/\/nekmar.eu\/ee\/toode\/nekmar-muscle-dpr\/","og_locale":"et_EE","og_type":"article","og_title":"Nekmar Salmon Oil","og_description":"100% puhas k\u00f5rge kvaliteediga l\u00f5he\u00f5li, mis on saadud Euroopa l\u00f5hest, mida peetakse inimtoiduks sobivaks vastavalt CE reg. 1069\/2009.","og_url":"https:\/\/nekmar.eu\/ee\/toode\/nekmar-muscle-dpr\/","og_site_name":"Nekmar","article_publisher":"https:\/\/www.facebook.com\/nekmarpetnutrition\/","article_modified_time":"2026-04-24T08:26:37+00:00","og_image":[{"width":1200,"height":630,"url":"https:\/\/nekmar.eu\/ee\/wp-content\/uploads\/2019\/08\/nekmar-holistic.jpg","type":"image\/jpeg"}],"twitter_card":"summary_large_image","twitter_misc":{"Est. reading time":"1 minut"},"schema":{"@context":"https:\/\/schema.org","@graph":[{"@type":"WebPage","@id":"https:\/\/nekmar.eu\/ee\/toode\/nekmar-muscle-dpr\/","url":"https:\/\/nekmar.eu\/ee\/toode\/nekmar-muscle-dpr\/","name":"Nekmar | Muscle DPR","isPartOf":{"@id":"https:\/\/nekmar.eu\/ee\/#website"},"primaryImageOfPage":{"@id":"https:\/\/nekmar.eu\/ee\/toode\/nekmar-muscle-dpr\/#primaryimage"},"image":{"@id":"https:\/\/nekmar.eu\/ee\/toode\/nekmar-muscle-dpr\/#primaryimage"},"thumbnailUrl":"https:\/\/nekmar.eu\/ee\/wp-content\/uploads\/2024\/11\/Nekmar_Muscle_DPR.jpg","datePublished":"2024-11-26T06:25:07+00:00","dateModified":"2026-04-24T08:26:37+00:00","description":"Muscle DPR on rafineeritud riisiklii\u00f5list valmistatud s\u00f6\u00f6damaterjal koertele ja hobustele, mis maksimeerib gamma-or\u00fctsanooli kontsentratsiooni loomade toidus.","breadcrumb":{"@id":"https:\/\/nekmar.eu\/ee\/toode\/nekmar-muscle-dpr\/#breadcrumb"},"inLanguage":"et","potentialAction":[{"@type":"ReadAction","target":["https:\/\/nekmar.eu\/ee\/toode\/nekmar-muscle-dpr\/"]}]},{"@type":"ImageObject","inLanguage":"et","@id":"https:\/\/nekmar.eu\/ee\/toode\/nekmar-muscle-dpr\/#primaryimage","url":"https:\/\/nekmar.eu\/ee\/wp-content\/uploads\/2024\/11\/Nekmar_Muscle_DPR.jpg","contentUrl":"https:\/\/nekmar.eu\/ee\/wp-content\/uploads\/2024\/11\/Nekmar_Muscle_DPR.jpg","width":1000,"height":1000},{"@type":"BreadcrumbList","@id":"https:\/\/nekmar.eu\/ee\/toode\/nekmar-muscle-dpr\/#breadcrumb","itemListElement":[{"@type":"ListItem","position":1,"name":"Home","item":"https:\/\/nekmar.eu\/ee\/"},{"@type":"ListItem","position":2,"name":"Pood","item":"https:\/\/nekmar.eu\/ee\/pood\/"},{"@type":"ListItem","position":3,"name":"Nekmar Muscle DPR"}]},{"@type":"WebSite","@id":"https:\/\/nekmar.eu\/ee\/#website","url":"https:\/\/nekmar.eu\/ee\/","name":"Nekmar","description":"Pet Nutrition","publisher":{"@id":"https:\/\/nekmar.eu\/ee\/#organization"},"potentialAction":[{"@type":"SearchAction","target":{"@type":"EntryPoint","urlTemplate":"https:\/\/nekmar.eu\/ee\/?s={search_term_string}"},"query-input":{"@type":"PropertyValueSpecification","valueRequired":true,"valueName":"search_term_string"}}],"inLanguage":"et"},{"@type":"Organization","@id":"https:\/\/nekmar.eu\/ee\/#organization","name":"Nekmar Pet Nutrition","url":"https:\/\/nekmar.eu\/ee\/","logo":{"@type":"ImageObject","inLanguage":"et","@id":"https:\/\/nekmar.eu\/ee\/#\/schema\/logo\/image\/","url":"https:\/\/nekmar.eu\/ee\/wp-content\/uploads\/2019\/08\/Nekmar-contact.jpg","contentUrl":"https:\/\/nekmar.eu\/ee\/wp-content\/uploads\/2019\/08\/Nekmar-contact.jpg","width":600,"height":142,"caption":"Nekmar Pet Nutrition"},"image":{"@id":"https:\/\/nekmar.eu\/ee\/#\/schema\/logo\/image\/"},"sameAs":["https:\/\/www.facebook.com\/nekmarpetnutrition\/","https:\/\/www.instagram.com\/nekmarpetnutrition\/"]}]}},"_links":{"self":[{"href":"https:\/\/nekmar.eu\/ee\/wp-json\/wp\/v2\/product\/4164","targetHints":{"allow":["GET"]}}],"collection":[{"href":"https:\/\/nekmar.eu\/ee\/wp-json\/wp\/v2\/product"}],"about":[{"href":"https:\/\/nekmar.eu\/ee\/wp-json\/wp\/v2\/types\/product"}],"wp:featuredmedia":[{"embeddable":true,"href":"https:\/\/nekmar.eu\/ee\/wp-json\/wp\/v2\/media\/4167"}],"wp:attachment":[{"href":"https:\/\/nekmar.eu\/ee\/wp-json\/wp\/v2\/media?parent=4164"}],"wp:term":[{"taxonomy":"product_brand","embeddable":true,"href":"https:\/\/nekmar.eu\/ee\/wp-json\/wp\/v2\/product_brand?post=4164"},{"taxonomy":"product_cat","embeddable":true,"href":"https:\/\/nekmar.eu\/ee\/wp-json\/wp\/v2\/product_cat?post=4164"},{"taxonomy":"product_tag","embeddable":true,"href":"https:\/\/nekmar.eu\/ee\/wp-json\/wp\/v2\/product_tag?post=4164"}],"curies":[{"name":"wp","href":"https:\/\/api.w.org\/{rel}","templated":true}]}}