{"id":4778,"date":"2025-08-07T11:30:44","date_gmt":"2025-08-07T09:30:44","guid":{"rendered":"https:\/\/nekmar.eu\/ee\/?post_type=product&#038;p=4778"},"modified":"2026-04-24T10:25:53","modified_gmt":"2026-04-24T08:25:53","slug":"nekmar-low-grain-puppy-baby-0-6-months","status":"publish","type":"product","link":"https:\/\/nekmar.eu\/ee\/toode\/nekmar-low-grain-puppy-baby-0-6-months\/","title":{"rendered":"Nekmar Low Grain Puppy &#038; Baby 0-6 months"},"content":{"rendered":"<div class=\"wpb-content-wrapper\"><p>[vc_row css_animation=&#8221;&#8221; row_type=&#8221;row&#8221; use_row_as_full_screen_section=&#8221;no&#8221; type=&#8221;full_width&#8221; angled_section=&#8221;no&#8221; text_align=&#8221;left&#8221; background_image_as_pattern=&#8221;without_pattern&#8221;][vc_column][vc_column_text css=&#8221;&#8221;]<strong>KOOSTIS:<\/strong> kanaliha 37% (sellest v\u00e4rske kanaliha 15%), pruun riis 22%, herned, kanarasv 10%, kartul, deh\u00fcdreeritud kala 4%, veisek\u00f5rned 3,5%, oad, linaseemned, kuivatatud peedi viljaliha, h\u00fcdrol\u00fc\u00fcsitud maks 2%, p\u00e4rm, deh\u00fcdreeritud merevetikajahu 0,3%, frukto-oligosahhariidid (FOS 0,2%), mannanoligosahhariidid (MOS 0,2%), yucca schidigera, deh\u00fcdreeritud ananassi vars (Ananas comusus), deh\u00fcdreeritud \u00f5un (Malus pumila), piimaohakas (Silybum marianum L.), gl\u00fckoosamiin, kondroitiinsulfaat.<\/p>\n<p>&nbsp;<\/p>\n<p><strong>ANAL\u00dc\u00dcTILISED KOOSTISOSAD:<\/strong> toorproteiin 30%, toor\u00f5lid ja -rasvad 20%, toorkiud 2,4%, tuhk 7,5%, niiskus 8%.<\/p>\n<p>&nbsp;<\/p>\n<p><strong>LISANDID KG kohta:<\/strong> Toiteainelised lisandid: A-vitamiin 24000 UI, D3-vitamiin 1600 UI, E-vitamiin 200mg, E4 vask 19mg, E1 raud 38mg, E5 mangaan 76 mg, tsink 84 mg, jood 4,0 mg, E8 seleen 0,2 mg. Organoleptilised lisandid: Botaaniliselt m\u00e4\u00e4ratletud looduslik toode.<\/p>\n<p>&nbsp;<\/p>\n<p><strong>METABOLISEERUV ENERGIA:<\/strong> 4070 Kcal \/ kg.[\/vc_column_text][\/vc_column][\/vc_row][vc_row css_animation=&#8221;&#8221; row_type=&#8221;row&#8221; use_row_as_full_screen_section=&#8221;no&#8221; type=&#8221;full_width&#8221; angled_section=&#8221;no&#8221; text_align=&#8221;left&#8221; background_image_as_pattern=&#8221;without_pattern&#8221;][vc_column][vc_empty_space][vc_column_text]P\u00e4evaseks tarbimiseks soovitatav kogus (g\/p\u00e4evas)[\/vc_column_text][vc_empty_space height=&#8221;12px&#8221;][vc_column_text css=&#8221;&#8221;]<\/p>\n<table class=\"gridtable\">\n<tbody>\n<tr>\n<th class=\"table-first-row\">T\u00e4iskasvanud koera kaal<\/th>\n<th class=\"table-first-row\">1-3kg<\/th>\n<th class=\"table-first-row\">4-5kg<\/th>\n<th class=\"table-first-row\">7kg<\/th>\n<th class=\"table-first-row\">10kg<\/th>\n<th class=\"table-first-row\">15kg<\/th>\n<th class=\"table-first-row\">20kg<\/th>\n<th class=\"table-first-row\">25kg<\/th>\n<th class=\"table-first-row\">30kg<\/th>\n<th class=\"table-first-row\">35kg<\/th>\n<th class=\"table-first-row\">40kg<\/th>\n<th class=\"table-first-row\">45kg<\/th>\n<th class=\"table-first-row\">50kg<\/th>\n<th class=\"table-first-row\">60kg<\/th>\n<th class=\"table-first-row\">70kg<\/th>\n<th class=\"table-first-row\">80kg<\/th>\n<\/tr>\n<tr>\n<td class=\"table-first-row\">3 n\u00e4dalat<\/td>\n<td>&#8211;<\/td>\n<td>&#8211;<\/td>\n<td>&#8211;<\/td>\n<td>&#8211;<\/td>\n<td>&#8211;<\/td>\n<td>&#8211;<\/td>\n<td>30g<\/td>\n<td>30g<\/td>\n<td>30g<\/td>\n<td>30g<\/td>\n<td>30g<\/td>\n<td>30g<\/td>\n<td>30g<\/td>\n<td>40g<\/td>\n<td>50g<\/td>\n<\/tr>\n<tr>\n<td class=\"table-first-row\">3-4 n\u00e4dalat<\/td>\n<td>10g<\/td>\n<td>10g<\/td>\n<td>10g<\/td>\n<td>10g<\/td>\n<td>50g<\/td>\n<td>60g<\/td>\n<td>90g<\/td>\n<td>90g<\/td>\n<td>110g<\/td>\n<td>110g<\/td>\n<td>120g<\/td>\n<td>120g<\/td>\n<td>130g<\/td>\n<td>145g<\/td>\n<td>160g<\/td>\n<\/tr>\n<tr>\n<td class=\"table-first-row\">4-5 n\u00e4dalat<\/td>\n<td>30g<\/td>\n<td>30g<\/td>\n<td>45g<\/td>\n<td>50g<\/td>\n<td>70g<\/td>\n<td>100g<\/td>\n<td>155g<\/td>\n<td>160g<\/td>\n<td>170g<\/td>\n<td>180g<\/td>\n<td>180g<\/td>\n<td>190g<\/td>\n<td>195g<\/td>\n<td>210g<\/td>\n<td>220g<\/td>\n<\/tr>\n<tr>\n<td class=\"table-first-row\">5-6 n\u00e4dalat<\/td>\n<td>30g<\/td>\n<td>60g<\/td>\n<td>90g<\/td>\n<td>100g<\/td>\n<td>120g<\/td>\n<td>140g<\/td>\n<td>170g<\/td>\n<td>175g<\/td>\n<td>190g<\/td>\n<td>190g<\/td>\n<td>190g<\/td>\n<td>200g<\/td>\n<td>220g<\/td>\n<td>235g<\/td>\n<td>250g<\/td>\n<\/tr>\n<tr>\n<td class=\"table-first-row\">6-7 n\u00e4dalat<\/td>\n<td>40g<\/td>\n<td>70g<\/td>\n<td>100g<\/td>\n<td>120g<\/td>\n<td>150g<\/td>\n<td>190g<\/td>\n<td>225g<\/td>\n<td>235g<\/td>\n<td>245g<\/td>\n<td>245g<\/td>\n<td>245g<\/td>\n<td>250g<\/td>\n<td>275g<\/td>\n<td>290g<\/td>\n<td>300g<\/td>\n<\/tr>\n<tr>\n<td class=\"table-first-row\">7-8 n\u00e4dalat<\/td>\n<td>50g<\/td>\n<td>75g<\/td>\n<td>115g<\/td>\n<td>145g<\/td>\n<td>190g<\/td>\n<td>220g<\/td>\n<td>250g<\/td>\n<td>260g<\/td>\n<td>265g<\/td>\n<td>270g<\/td>\n<td>320g<\/td>\n<td>340g<\/td>\n<td>360g<\/td>\n<td>380g<\/td>\n<td>400g<\/td>\n<\/tr>\n<tr>\n<td class=\"table-first-row\">2 kuud<\/td>\n<td>60g<\/td>\n<td>80g<\/td>\n<td>120g<\/td>\n<td>150g<\/td>\n<td>205g<\/td>\n<td>240g<\/td>\n<td>270g<\/td>\n<td>300g<\/td>\n<td>310g<\/td>\n<td>320g<\/td>\n<td>&#8211;<\/td>\n<td>&#8211;<\/td>\n<td>&#8211;<\/td>\n<td>&#8211;<\/td>\n<td>&#8211;<\/td>\n<\/tr>\n<tr>\n<td class=\"table-first-row\">3 kuud<\/td>\n<td>65g<\/td>\n<td>90g<\/td>\n<td>130g<\/td>\n<td>165g<\/td>\n<td>240g<\/td>\n<td>285g<\/td>\n<td>330g<\/td>\n<td>380g<\/td>\n<td>390g<\/td>\n<td>400g<\/td>\n<td>&#8211;<\/td>\n<td>&#8211;<\/td>\n<td>&#8211;<\/td>\n<td>&#8211;<\/td>\n<td>&#8211;<\/td>\n<\/tr>\n<tr>\n<td class=\"table-first-row\">4 kuud<\/td>\n<td>70g<\/td>\n<td>100g<\/td>\n<td>140g<\/td>\n<td>175g<\/td>\n<td>250g<\/td>\n<td>290g<\/td>\n<td>345g<\/td>\n<td>&#8211;<\/td>\n<td>&#8211;<\/td>\n<td>&#8211;<\/td>\n<td>&#8211;<\/td>\n<td>&#8211;<\/td>\n<td>&#8211;<\/td>\n<td>&#8211;<\/td>\n<td>&#8211;<\/td>\n<\/tr>\n<tr>\n<td class=\"table-first-row\">5 kuud<\/td>\n<td>75g<\/td>\n<td>110g<\/td>\n<td>150g<\/td>\n<td>185g<\/td>\n<td>260g<\/td>\n<td>305g<\/td>\n<td>360g<\/td>\n<td>&#8211;<\/td>\n<td>&#8211;<\/td>\n<td>&#8211;<\/td>\n<td>&#8211;<\/td>\n<td>&#8211;<\/td>\n<td>&#8211;<\/td>\n<td>&#8211;<\/td>\n<td>&#8211;<\/td>\n<\/tr>\n<tr>\n<td class=\"table-first-row\">6 kuud<\/td>\n<td>70g<\/td>\n<td>110g<\/td>\n<td>145g<\/td>\n<td>180g<\/td>\n<td>250g<\/td>\n<td>310g<\/td>\n<td>370g<\/td>\n<td>&#8211;<\/td>\n<td>&#8211;<\/td>\n<td>&#8211;<\/td>\n<td>&#8211;<\/td>\n<td>&#8211;<\/td>\n<td>&#8211;<\/td>\n<td>&#8211;<\/td>\n<td>&#8211;<\/td>\n<\/tr>\n<\/tbody>\n<\/table>\n<p>[\/vc_column_text][vc_empty_space height=&#8221;22px&#8221;][vc_column_text css=&#8221;&#8221;]<strong>TIINED JA IMETAVAD EMASED KOERAD:<\/strong> alates tiinuse 35. p\u00e4evast hakake j\u00e4rk-j\u00e4rgult sisse viima spetsiaalset toitu 5-p\u00e4evase perioodi jooksul. Seitsmendal tiinusen\u00e4dalal suurendage toidukogust j\u00e4rk-j\u00e4rgult kuni 50% v\u00f5rreldes enne tiinust antud p\u00e4evase kogusega (sel ajal peaks emane koer saama 3 toidukorda p\u00e4evas). Viimasel tiinusen\u00e4dalal suurendage toidukogust veel 15\u201320% ning j\u00e4tkake sama kogusega kuni imetamise l\u00f5puni.[\/vc_column_text][vc_empty_space height=&#8221;12px&#8221;][vc_column_text]<strong>KASUTUSJUHEND:<\/strong> toodet v\u00f5ib anda kuivana v\u00f5i niisutatult (soovitame vahetult enne koerale pakkumist lisada toidule v\u00e4ike kogus leiget vett, kuna koeral on seda nii lihtsam seedida ja usume, et see lisab ka maitset ). Annused v\u00f5ivad varieeruda s\u00f5ltuvalt koera konkreetsest vajadusest. Koeral peaks alati olema v\u00e4rske joogivesi k\u00e4ep\u00e4rast. Hoida jahedas ja kuivas kohas, eemal k\u00f5igist soojusallikatest.[\/vc_column_text][\/vc_column][\/vc_row]<\/p>\n<\/div>","protected":false},"excerpt":{"rendered":"<p>Ultrapreemiatoit kuni 6 kuu vanustele kutsikatele ning tiinuse ja laktatsiooni ajal olevatele emastele koertele.<\/p>\n","protected":false},"featured_media":5153,"template":"","meta":[],"product_brand":[],"product_cat":[99,105,101],"product_tag":[110,109],"class_list":{"0":"post-4778","1":"product","2":"type-product","3":"status-publish","4":"has-post-thumbnail","6":"product_cat-koeratoit","7":"product_cat-lowgrain","8":"product_cat-nekmar-kuivtoit","9":"product_tag-lowgrain","10":"product_tag-nekmar","12":"first","13":"instock","14":"taxable","15":"shipping-taxable","16":"purchasable","17":"product-type-variable"},"yoast_head":"<!-- This site is optimized with the Yoast SEO plugin v27.1.1 - https:\/\/yoast.com\/product\/yoast-seo-wordpress\/ -->\n<title>Nekmar | Low Grain Puppy &amp; Baby 0-6 months<\/title>\n<meta name=\"description\" content=\"Ultrapreemiatoit kuni 6 kuu vanustele kutsikatele ning tiinuse ja laktatsiooni ajal olevatele emastele koertele.\" \/>\n<meta name=\"robots\" content=\"index, follow, max-snippet:-1, max-image-preview:large, max-video-preview:-1\" \/>\n<link rel=\"canonical\" href=\"https:\/\/nekmar.eu\/ee\/toode\/nekmar-low-grain-puppy-baby-0-6-months\/\" \/>\n<meta property=\"og:locale\" content=\"et_EE\" \/>\n<meta property=\"og:type\" content=\"article\" \/>\n<meta property=\"og:title\" content=\"Nekmar\" \/>\n<meta property=\"og:description\" content=\"Low Grain Puppy &amp; Baby 0-6 months\" \/>\n<meta property=\"og:url\" content=\"https:\/\/nekmar.eu\/ee\/toode\/nekmar-low-grain-puppy-baby-0-6-months\/\" \/>\n<meta property=\"og:site_name\" content=\"Nekmar\" \/>\n<meta property=\"article:publisher\" content=\"https:\/\/www.facebook.com\/nekmarpetnutrition\/\" \/>\n<meta property=\"article:modified_time\" content=\"2026-04-24T08:25:53+00:00\" \/>\n<meta property=\"og:image\" content=\"https:\/\/nekmar.eu\/ee\/wp-content\/uploads\/2019\/08\/nekmar-holistic.jpg\" \/>\n\t<meta property=\"og:image:width\" content=\"1200\" \/>\n\t<meta property=\"og:image:height\" content=\"630\" \/>\n\t<meta property=\"og:image:type\" content=\"image\/jpeg\" \/>\n<meta name=\"twitter:card\" content=\"summary_large_image\" \/>\n<meta name=\"twitter:label1\" content=\"Est. reading time\" \/>\n\t<meta name=\"twitter:data1\" content=\"3 minutit\" \/>\n<script type=\"application\/ld+json\" class=\"yoast-schema-graph\">{\"@context\":\"https:\/\/schema.org\",\"@graph\":[{\"@type\":\"WebPage\",\"@id\":\"https:\/\/nekmar.eu\/ee\/toode\/nekmar-low-grain-puppy-baby-0-6-months\/\",\"url\":\"https:\/\/nekmar.eu\/ee\/toode\/nekmar-low-grain-puppy-baby-0-6-months\/\",\"name\":\"Nekmar | Low Grain Puppy & Baby 0-6 months\",\"isPartOf\":{\"@id\":\"https:\/\/nekmar.eu\/ee\/#website\"},\"primaryImageOfPage\":{\"@id\":\"https:\/\/nekmar.eu\/ee\/toode\/nekmar-low-grain-puppy-baby-0-6-months\/#primaryimage\"},\"image\":{\"@id\":\"https:\/\/nekmar.eu\/ee\/toode\/nekmar-low-grain-puppy-baby-0-6-months\/#primaryimage\"},\"thumbnailUrl\":\"https:\/\/nekmar.eu\/ee\/wp-content\/uploads\/2025\/08\/nekmar_lowgrain_puppy_baby_0-6.jpg\",\"datePublished\":\"2025-08-07T09:30:44+00:00\",\"dateModified\":\"2026-04-24T08:25:53+00:00\",\"description\":\"Ultrapreemiatoit kuni 6 kuu vanustele kutsikatele ning tiinuse ja laktatsiooni ajal olevatele emastele koertele.\",\"breadcrumb\":{\"@id\":\"https:\/\/nekmar.eu\/ee\/toode\/nekmar-low-grain-puppy-baby-0-6-months\/#breadcrumb\"},\"inLanguage\":\"et\",\"potentialAction\":[{\"@type\":\"ReadAction\",\"target\":[\"https:\/\/nekmar.eu\/ee\/toode\/nekmar-low-grain-puppy-baby-0-6-months\/\"]}]},{\"@type\":\"ImageObject\",\"inLanguage\":\"et\",\"@id\":\"https:\/\/nekmar.eu\/ee\/toode\/nekmar-low-grain-puppy-baby-0-6-months\/#primaryimage\",\"url\":\"https:\/\/nekmar.eu\/ee\/wp-content\/uploads\/2025\/08\/nekmar_lowgrain_puppy_baby_0-6.jpg\",\"contentUrl\":\"https:\/\/nekmar.eu\/ee\/wp-content\/uploads\/2025\/08\/nekmar_lowgrain_puppy_baby_0-6.jpg\",\"width\":1000,\"height\":1000},{\"@type\":\"BreadcrumbList\",\"@id\":\"https:\/\/nekmar.eu\/ee\/toode\/nekmar-low-grain-puppy-baby-0-6-months\/#breadcrumb\",\"itemListElement\":[{\"@type\":\"ListItem\",\"position\":1,\"name\":\"Home\",\"item\":\"https:\/\/nekmar.eu\/ee\/\"},{\"@type\":\"ListItem\",\"position\":2,\"name\":\"Pood\",\"item\":\"https:\/\/nekmar.eu\/ee\/pood\/\"},{\"@type\":\"ListItem\",\"position\":3,\"name\":\"Nekmar Low Grain Puppy &#038; Baby 0-6 months\"}]},{\"@type\":\"WebSite\",\"@id\":\"https:\/\/nekmar.eu\/ee\/#website\",\"url\":\"https:\/\/nekmar.eu\/ee\/\",\"name\":\"Nekmar\",\"description\":\"Pet Nutrition\",\"publisher\":{\"@id\":\"https:\/\/nekmar.eu\/ee\/#organization\"},\"potentialAction\":[{\"@type\":\"SearchAction\",\"target\":{\"@type\":\"EntryPoint\",\"urlTemplate\":\"https:\/\/nekmar.eu\/ee\/?s={search_term_string}\"},\"query-input\":{\"@type\":\"PropertyValueSpecification\",\"valueRequired\":true,\"valueName\":\"search_term_string\"}}],\"inLanguage\":\"et\"},{\"@type\":\"Organization\",\"@id\":\"https:\/\/nekmar.eu\/ee\/#organization\",\"name\":\"Nekmar Pet Nutrition\",\"url\":\"https:\/\/nekmar.eu\/ee\/\",\"logo\":{\"@type\":\"ImageObject\",\"inLanguage\":\"et\",\"@id\":\"https:\/\/nekmar.eu\/ee\/#\/schema\/logo\/image\/\",\"url\":\"https:\/\/nekmar.eu\/ee\/wp-content\/uploads\/2019\/08\/Nekmar-contact.jpg\",\"contentUrl\":\"https:\/\/nekmar.eu\/ee\/wp-content\/uploads\/2019\/08\/Nekmar-contact.jpg\",\"width\":600,\"height\":142,\"caption\":\"Nekmar Pet Nutrition\"},\"image\":{\"@id\":\"https:\/\/nekmar.eu\/ee\/#\/schema\/logo\/image\/\"},\"sameAs\":[\"https:\/\/www.facebook.com\/nekmarpetnutrition\/\",\"https:\/\/www.instagram.com\/nekmarpetnutrition\/\"]}]}<\/script>\n<!-- \/ Yoast SEO plugin. -->","yoast_head_json":{"title":"Nekmar | Low Grain Puppy & Baby 0-6 months","description":"Ultrapreemiatoit kuni 6 kuu vanustele kutsikatele ning tiinuse ja laktatsiooni ajal olevatele emastele koertele.","robots":{"index":"index","follow":"follow","max-snippet":"max-snippet:-1","max-image-preview":"max-image-preview:large","max-video-preview":"max-video-preview:-1"},"canonical":"https:\/\/nekmar.eu\/ee\/toode\/nekmar-low-grain-puppy-baby-0-6-months\/","og_locale":"et_EE","og_type":"article","og_title":"Nekmar","og_description":"Low Grain Puppy & Baby 0-6 months","og_url":"https:\/\/nekmar.eu\/ee\/toode\/nekmar-low-grain-puppy-baby-0-6-months\/","og_site_name":"Nekmar","article_publisher":"https:\/\/www.facebook.com\/nekmarpetnutrition\/","article_modified_time":"2026-04-24T08:25:53+00:00","og_image":[{"width":1200,"height":630,"url":"https:\/\/nekmar.eu\/ee\/wp-content\/uploads\/2019\/08\/nekmar-holistic.jpg","type":"image\/jpeg"}],"twitter_card":"summary_large_image","twitter_misc":{"Est. reading time":"3 minutit"},"schema":{"@context":"https:\/\/schema.org","@graph":[{"@type":"WebPage","@id":"https:\/\/nekmar.eu\/ee\/toode\/nekmar-low-grain-puppy-baby-0-6-months\/","url":"https:\/\/nekmar.eu\/ee\/toode\/nekmar-low-grain-puppy-baby-0-6-months\/","name":"Nekmar | Low Grain Puppy & Baby 0-6 months","isPartOf":{"@id":"https:\/\/nekmar.eu\/ee\/#website"},"primaryImageOfPage":{"@id":"https:\/\/nekmar.eu\/ee\/toode\/nekmar-low-grain-puppy-baby-0-6-months\/#primaryimage"},"image":{"@id":"https:\/\/nekmar.eu\/ee\/toode\/nekmar-low-grain-puppy-baby-0-6-months\/#primaryimage"},"thumbnailUrl":"https:\/\/nekmar.eu\/ee\/wp-content\/uploads\/2025\/08\/nekmar_lowgrain_puppy_baby_0-6.jpg","datePublished":"2025-08-07T09:30:44+00:00","dateModified":"2026-04-24T08:25:53+00:00","description":"Ultrapreemiatoit kuni 6 kuu vanustele kutsikatele ning tiinuse ja laktatsiooni ajal olevatele emastele koertele.","breadcrumb":{"@id":"https:\/\/nekmar.eu\/ee\/toode\/nekmar-low-grain-puppy-baby-0-6-months\/#breadcrumb"},"inLanguage":"et","potentialAction":[{"@type":"ReadAction","target":["https:\/\/nekmar.eu\/ee\/toode\/nekmar-low-grain-puppy-baby-0-6-months\/"]}]},{"@type":"ImageObject","inLanguage":"et","@id":"https:\/\/nekmar.eu\/ee\/toode\/nekmar-low-grain-puppy-baby-0-6-months\/#primaryimage","url":"https:\/\/nekmar.eu\/ee\/wp-content\/uploads\/2025\/08\/nekmar_lowgrain_puppy_baby_0-6.jpg","contentUrl":"https:\/\/nekmar.eu\/ee\/wp-content\/uploads\/2025\/08\/nekmar_lowgrain_puppy_baby_0-6.jpg","width":1000,"height":1000},{"@type":"BreadcrumbList","@id":"https:\/\/nekmar.eu\/ee\/toode\/nekmar-low-grain-puppy-baby-0-6-months\/#breadcrumb","itemListElement":[{"@type":"ListItem","position":1,"name":"Home","item":"https:\/\/nekmar.eu\/ee\/"},{"@type":"ListItem","position":2,"name":"Pood","item":"https:\/\/nekmar.eu\/ee\/pood\/"},{"@type":"ListItem","position":3,"name":"Nekmar Low Grain Puppy &#038; Baby 0-6 months"}]},{"@type":"WebSite","@id":"https:\/\/nekmar.eu\/ee\/#website","url":"https:\/\/nekmar.eu\/ee\/","name":"Nekmar","description":"Pet Nutrition","publisher":{"@id":"https:\/\/nekmar.eu\/ee\/#organization"},"potentialAction":[{"@type":"SearchAction","target":{"@type":"EntryPoint","urlTemplate":"https:\/\/nekmar.eu\/ee\/?s={search_term_string}"},"query-input":{"@type":"PropertyValueSpecification","valueRequired":true,"valueName":"search_term_string"}}],"inLanguage":"et"},{"@type":"Organization","@id":"https:\/\/nekmar.eu\/ee\/#organization","name":"Nekmar Pet Nutrition","url":"https:\/\/nekmar.eu\/ee\/","logo":{"@type":"ImageObject","inLanguage":"et","@id":"https:\/\/nekmar.eu\/ee\/#\/schema\/logo\/image\/","url":"https:\/\/nekmar.eu\/ee\/wp-content\/uploads\/2019\/08\/Nekmar-contact.jpg","contentUrl":"https:\/\/nekmar.eu\/ee\/wp-content\/uploads\/2019\/08\/Nekmar-contact.jpg","width":600,"height":142,"caption":"Nekmar Pet Nutrition"},"image":{"@id":"https:\/\/nekmar.eu\/ee\/#\/schema\/logo\/image\/"},"sameAs":["https:\/\/www.facebook.com\/nekmarpetnutrition\/","https:\/\/www.instagram.com\/nekmarpetnutrition\/"]}]}},"_links":{"self":[{"href":"https:\/\/nekmar.eu\/ee\/wp-json\/wp\/v2\/product\/4778","targetHints":{"allow":["GET"]}}],"collection":[{"href":"https:\/\/nekmar.eu\/ee\/wp-json\/wp\/v2\/product"}],"about":[{"href":"https:\/\/nekmar.eu\/ee\/wp-json\/wp\/v2\/types\/product"}],"wp:featuredmedia":[{"embeddable":true,"href":"https:\/\/nekmar.eu\/ee\/wp-json\/wp\/v2\/media\/5153"}],"wp:attachment":[{"href":"https:\/\/nekmar.eu\/ee\/wp-json\/wp\/v2\/media?parent=4778"}],"wp:term":[{"taxonomy":"product_brand","embeddable":true,"href":"https:\/\/nekmar.eu\/ee\/wp-json\/wp\/v2\/product_brand?post=4778"},{"taxonomy":"product_cat","embeddable":true,"href":"https:\/\/nekmar.eu\/ee\/wp-json\/wp\/v2\/product_cat?post=4778"},{"taxonomy":"product_tag","embeddable":true,"href":"https:\/\/nekmar.eu\/ee\/wp-json\/wp\/v2\/product_tag?post=4778"}],"curies":[{"name":"wp","href":"https:\/\/api.w.org\/{rel}","templated":true}]}}