{"id":4787,"date":"2025-08-07T11:53:20","date_gmt":"2025-08-07T09:53:20","guid":{"rendered":"https:\/\/nekmar.eu\/ee\/?post_type=product&#038;p=4787"},"modified":"2026-04-01T07:57:17","modified_gmt":"2026-04-01T05:57:17","slug":"nekmar-grain-free-adult-rabbit-iberico-teraviljavaba-janeseliha-ibericosealiha","status":"publish","type":"product","link":"https:\/\/nekmar.eu\/ee\/toode\/nekmar-grain-free-adult-rabbit-iberico-teraviljavaba-janeseliha-ibericosealiha\/","title":{"rendered":"Nekmar Grain Free Adult Rabbit &#038; Iberico Teraviljavaba Koeratoit J\u00e4neseliha ja Iberico Sealihaga"},"content":{"rendered":"<div class=\"wpb-content-wrapper\"><p>[vc_row css_animation=&#8221;&#8221; row_type=&#8221;row&#8221; use_row_as_full_screen_section=&#8221;no&#8221; type=&#8221;full_width&#8221; angled_section=&#8221;no&#8221; text_align=&#8221;left&#8221; background_image_as_pattern=&#8221;without_pattern&#8221;][vc_column][vc_column_text css=&#8221;&#8221;]<strong>KOOSTIS:<\/strong> v\u00e4rske j\u00e4neseliha 30%, deh\u00fcdreeritud sealiha 20%, kartulid 15%, kanarasv, deh\u00fcdreeritud kala 5%, oad, linaseemned, kuivatatud peedi viljaliha, p\u00e4rm, merevetikajahu 0,3%, frukto-oligosahhariidid (FOS 0,2%), mannanoligosahhariidid (MOS 0,2%), yucca schidigera, piimaohakas (Siy-bum marianum L.), deh\u00fcdreeritud granaat\u00f5unakoor (Punica granatum L.), kuivatatud kibuvitsa vili (Rosa Canina R., PendulinaL), gl\u00fckoosamiin, kondroitiinsulfaat.<\/p>\n<p>&nbsp;<\/p>\n<p><strong>ANAL\u00dc\u00dcTILISED KOOSTISOSAD:<\/strong> toorproteiin 31%, toor\u00f5lid jarasvad 19%, toorkiud 2,5%, tuhk 8,2%, niiskus 8%.<\/p>\n<p>&nbsp;<\/p>\n<p><strong>LISANDID KG kohta:<\/strong> Toiteainelised lisandid: A-vitamiin 21000 UI, D3-vitamiin 1400 UI, E-vitamiin 180mg, E4 vask 15mg, E1 raud 30mg, E5 mangaan 60 mg, tsink 68 mg, jood 3,7 mg, E8 seleen 0,16 mg. Organoleptilised lisandid: Botaaniliselt m\u00e4\u00e4ratletud looduslik toode.<\/p>\n<p>&nbsp;<\/p>\n<p><strong>METABOLISEERUV ENERGIA:<\/strong> 4000 Kcal \/ kg.[\/vc_column_text][\/vc_column][\/vc_row][vc_row css_animation=&#8221;&#8221; row_type=&#8221;row&#8221; use_row_as_full_screen_section=&#8221;no&#8221; type=&#8221;full_width&#8221; angled_section=&#8221;no&#8221; text_align=&#8221;left&#8221; background_image_as_pattern=&#8221;without_pattern&#8221;][vc_column][vc_empty_space][vc_column_text]P\u00e4evaseks tarbimiseks soovitatav kogus (g\/p\u00e4evas)[\/vc_column_text][vc_empty_space height=&#8221;12px&#8221;][vc_column_text css=&#8221;&#8221;]<\/p>\n<table class=\"gridtable\">\n<tbody>\n<tr>\n<th class=\"table-first-row\">Kaal<\/th>\n<th class=\"table-first-row\">2,5kg<\/th>\n<th class=\"table-first-row\">5kg<\/th>\n<th class=\"table-first-row\">7kg<\/th>\n<th class=\"table-first-row\">10kg<\/th>\n<th class=\"table-first-row\">15kg<\/th>\n<th class=\"table-first-row\">20kg<\/th>\n<th class=\"table-first-row\">25kg<\/th>\n<th class=\"table-first-row\">30kg<\/th>\n<th class=\"table-first-row\">35kg<\/th>\n<th class=\"table-first-row\">40kg<\/th>\n<th class=\"table-first-row\">45kg<\/th>\n<th class=\"table-first-row\">50kg<\/th>\n<th class=\"table-first-row\">60kg<\/th>\n<th class=\"table-first-row\">70kg<\/th>\n<th class=\"table-first-row\">80kg<\/th>\n<\/tr>\n<tr>\n<td class=\"table-first-row\">Tavaline aktiivsus<\/td>\n<td>45g<\/td>\n<td>70g<\/td>\n<td>105g<\/td>\n<td>135g<\/td>\n<td>180g<\/td>\n<td>235g<\/td>\n<td>280g<\/td>\n<td>320g<\/td>\n<td>360g<\/td>\n<td>400g<\/td>\n<td>435g<\/td>\n<td>470g<\/td>\n<td>540g<\/td>\n<td>610g<\/td>\n<td>680g<\/td>\n<\/tr>\n<tr>\n<td class=\"table-first-row\">Keskmine aktiivsus<\/td>\n<td>55g<\/td>\n<td>84g<\/td>\n<td>125g<\/td>\n<td>160g<\/td>\n<td>215g<\/td>\n<td>280g<\/td>\n<td>335g<\/td>\n<td>385g<\/td>\n<td>430g<\/td>\n<td>480g<\/td>\n<td>520g<\/td>\n<td>565g<\/td>\n<td>645g<\/td>\n<td>730g<\/td>\n<td>810g<\/td>\n<\/tr>\n<tr>\n<td class=\"table-first-row\">K\u00f5rge aktiivsus<\/td>\n<td>65g<\/td>\n<td>100g<\/td>\n<td>150g<\/td>\n<td>190g<\/td>\n<td>260g<\/td>\n<td>335g<\/td>\n<td>400g<\/td>\n<td>460g<\/td>\n<td>515g<\/td>\n<td>575g<\/td>\n<td>620g<\/td>\n<td>675g<\/td>\n<td>770g<\/td>\n<td>870g<\/td>\n<td>970g<\/td>\n<\/tr>\n<\/tbody>\n<\/table>\n<p>[\/vc_column_text][vc_empty_space height=&#8221;22px&#8221;][vc_column_text]<strong>KASUTUSJUHEND:<\/strong> toodet v\u00f5ib anda kuivana v\u00f5i niisutatult (soovitame vahetult enne koerale pakkumist lisada toidule v\u00e4ike kogus leiget vett, kuna koeral on seda nii lihtsam seedida ja usume, et see lisab ka maitset ). Annused v\u00f5ivad varieeruda s\u00f5ltuvalt koera konkreetsest vajadusest. Koeral peaks alati olema v\u00e4rske joogivesi k\u00e4ep\u00e4rast. Hoida jahedas ja kuivas kohas, eemal k\u00f5igist soojusallikatest.[\/vc_column_text][\/vc_column][\/vc_row]<\/p>\n<\/div>","protected":false},"excerpt":{"rendered":"<p>Teraviljavaba ultrapremium toit t\u00e4iskasvanud koertele.<\/p>\n<p><strong>2 kg<\/strong><\/p>\n","protected":false},"featured_media":4781,"template":"","meta":[],"product_brand":[],"product_cat":[107,99,101],"product_tag":[124,109,125],"class_list":{"0":"post-4787","1":"product","2":"type-product","3":"status-publish","4":"has-post-thumbnail","6":"product_cat-grainfree","7":"product_cat-koeratoit","8":"product_cat-nekmar-kuivtoit","9":"product_tag-grain-free","10":"product_tag-nekmar","11":"product_tag-teraviljavaba","13":"first","14":"instock","15":"taxable","16":"shipping-taxable","17":"purchasable","18":"product-type-simple"},"yoast_head":"<!-- This site is optimized with the Yoast SEO plugin v27.1.1 - https:\/\/yoast.com\/product\/yoast-seo-wordpress\/ -->\n<title>Nekmar | Teraviljavaba Koeratoit J\u00e4neseliha ja Iberico Sealihaga<\/title>\n<meta name=\"description\" content=\"Teraviljavaba ultrapremium koeratoit t\u00e4iskasvanud koertele J\u00e4neseliha ja Iberico Sealihaga\" \/>\n<meta name=\"robots\" content=\"index, follow, max-snippet:-1, max-image-preview:large, max-video-preview:-1\" \/>\n<link rel=\"canonical\" href=\"https:\/\/nekmar.eu\/ee\/toode\/nekmar-grain-free-adult-rabbit-iberico-teraviljavaba-janeseliha-ibericosealiha\/\" \/>\n<meta property=\"og:locale\" content=\"et_EE\" \/>\n<meta property=\"og:type\" content=\"article\" \/>\n<meta property=\"og:title\" content=\"Nekmar\" \/>\n<meta property=\"og:description\" content=\"Grain Free Adult Rabbit &amp; Iberico\" \/>\n<meta property=\"og:url\" content=\"https:\/\/nekmar.eu\/ee\/toode\/nekmar-grain-free-adult-rabbit-iberico-teraviljavaba-janeseliha-ibericosealiha\/\" \/>\n<meta property=\"og:site_name\" content=\"Nekmar\" \/>\n<meta property=\"article:publisher\" content=\"https:\/\/www.facebook.com\/nekmarpetnutrition\/\" \/>\n<meta property=\"article:modified_time\" content=\"2026-04-01T05:57:17+00:00\" \/>\n<meta property=\"og:image\" content=\"https:\/\/nekmar.eu\/ee\/wp-content\/uploads\/2019\/08\/nekmar-holistic.jpg\" \/>\n\t<meta property=\"og:image:width\" content=\"1200\" \/>\n\t<meta property=\"og:image:height\" content=\"630\" \/>\n\t<meta property=\"og:image:type\" content=\"image\/jpeg\" \/>\n<meta name=\"twitter:card\" content=\"summary_large_image\" \/>\n<meta name=\"twitter:label1\" content=\"Est. reading time\" \/>\n\t<meta name=\"twitter:data1\" content=\"2 minutit\" \/>\n<script type=\"application\/ld+json\" class=\"yoast-schema-graph\">{\"@context\":\"https:\/\/schema.org\",\"@graph\":[{\"@type\":\"WebPage\",\"@id\":\"https:\/\/nekmar.eu\/ee\/toode\/nekmar-grain-free-adult-rabbit-iberico-teraviljavaba-janeseliha-ibericosealiha\/\",\"url\":\"https:\/\/nekmar.eu\/ee\/toode\/nekmar-grain-free-adult-rabbit-iberico-teraviljavaba-janeseliha-ibericosealiha\/\",\"name\":\"Nekmar | Teraviljavaba Koeratoit J\u00e4neseliha ja Iberico Sealihaga\",\"isPartOf\":{\"@id\":\"https:\/\/nekmar.eu\/ee\/#website\"},\"primaryImageOfPage\":{\"@id\":\"https:\/\/nekmar.eu\/ee\/toode\/nekmar-grain-free-adult-rabbit-iberico-teraviljavaba-janeseliha-ibericosealiha\/#primaryimage\"},\"image\":{\"@id\":\"https:\/\/nekmar.eu\/ee\/toode\/nekmar-grain-free-adult-rabbit-iberico-teraviljavaba-janeseliha-ibericosealiha\/#primaryimage\"},\"thumbnailUrl\":\"https:\/\/nekmar.eu\/ee\/wp-content\/uploads\/2025\/08\/nekmar_grainfree_adult_rabbit_iberico_2kg.jpg\",\"datePublished\":\"2025-08-07T09:53:20+00:00\",\"dateModified\":\"2026-04-01T05:57:17+00:00\",\"description\":\"Teraviljavaba ultrapremium koeratoit t\u00e4iskasvanud koertele J\u00e4neseliha ja Iberico Sealihaga\",\"breadcrumb\":{\"@id\":\"https:\/\/nekmar.eu\/ee\/toode\/nekmar-grain-free-adult-rabbit-iberico-teraviljavaba-janeseliha-ibericosealiha\/#breadcrumb\"},\"inLanguage\":\"et\",\"potentialAction\":[{\"@type\":\"ReadAction\",\"target\":[\"https:\/\/nekmar.eu\/ee\/toode\/nekmar-grain-free-adult-rabbit-iberico-teraviljavaba-janeseliha-ibericosealiha\/\"]}]},{\"@type\":\"ImageObject\",\"inLanguage\":\"et\",\"@id\":\"https:\/\/nekmar.eu\/ee\/toode\/nekmar-grain-free-adult-rabbit-iberico-teraviljavaba-janeseliha-ibericosealiha\/#primaryimage\",\"url\":\"https:\/\/nekmar.eu\/ee\/wp-content\/uploads\/2025\/08\/nekmar_grainfree_adult_rabbit_iberico_2kg.jpg\",\"contentUrl\":\"https:\/\/nekmar.eu\/ee\/wp-content\/uploads\/2025\/08\/nekmar_grainfree_adult_rabbit_iberico_2kg.jpg\",\"width\":1000,\"height\":1000},{\"@type\":\"BreadcrumbList\",\"@id\":\"https:\/\/nekmar.eu\/ee\/toode\/nekmar-grain-free-adult-rabbit-iberico-teraviljavaba-janeseliha-ibericosealiha\/#breadcrumb\",\"itemListElement\":[{\"@type\":\"ListItem\",\"position\":1,\"name\":\"Home\",\"item\":\"https:\/\/nekmar.eu\/ee\/\"},{\"@type\":\"ListItem\",\"position\":2,\"name\":\"Pood\",\"item\":\"https:\/\/nekmar.eu\/ee\/pood\/\"},{\"@type\":\"ListItem\",\"position\":3,\"name\":\"Nekmar Grain Free Adult Rabbit &#038; Iberico Teraviljavaba Koeratoit J\u00e4neseliha ja Iberico Sealihaga\"}]},{\"@type\":\"WebSite\",\"@id\":\"https:\/\/nekmar.eu\/ee\/#website\",\"url\":\"https:\/\/nekmar.eu\/ee\/\",\"name\":\"Nekmar\",\"description\":\"Pet Nutrition\",\"publisher\":{\"@id\":\"https:\/\/nekmar.eu\/ee\/#organization\"},\"potentialAction\":[{\"@type\":\"SearchAction\",\"target\":{\"@type\":\"EntryPoint\",\"urlTemplate\":\"https:\/\/nekmar.eu\/ee\/?s={search_term_string}\"},\"query-input\":{\"@type\":\"PropertyValueSpecification\",\"valueRequired\":true,\"valueName\":\"search_term_string\"}}],\"inLanguage\":\"et\"},{\"@type\":\"Organization\",\"@id\":\"https:\/\/nekmar.eu\/ee\/#organization\",\"name\":\"Nekmar Pet Nutrition\",\"url\":\"https:\/\/nekmar.eu\/ee\/\",\"logo\":{\"@type\":\"ImageObject\",\"inLanguage\":\"et\",\"@id\":\"https:\/\/nekmar.eu\/ee\/#\/schema\/logo\/image\/\",\"url\":\"https:\/\/nekmar.eu\/ee\/wp-content\/uploads\/2019\/08\/Nekmar-contact.jpg\",\"contentUrl\":\"https:\/\/nekmar.eu\/ee\/wp-content\/uploads\/2019\/08\/Nekmar-contact.jpg\",\"width\":600,\"height\":142,\"caption\":\"Nekmar Pet Nutrition\"},\"image\":{\"@id\":\"https:\/\/nekmar.eu\/ee\/#\/schema\/logo\/image\/\"},\"sameAs\":[\"https:\/\/www.facebook.com\/nekmarpetnutrition\/\",\"https:\/\/www.instagram.com\/nekmarpetnutrition\/\"]}]}<\/script>\n<!-- \/ Yoast SEO plugin. -->","yoast_head_json":{"title":"Nekmar | Teraviljavaba Koeratoit J\u00e4neseliha ja Iberico Sealihaga","description":"Teraviljavaba ultrapremium koeratoit t\u00e4iskasvanud koertele J\u00e4neseliha ja Iberico Sealihaga","robots":{"index":"index","follow":"follow","max-snippet":"max-snippet:-1","max-image-preview":"max-image-preview:large","max-video-preview":"max-video-preview:-1"},"canonical":"https:\/\/nekmar.eu\/ee\/toode\/nekmar-grain-free-adult-rabbit-iberico-teraviljavaba-janeseliha-ibericosealiha\/","og_locale":"et_EE","og_type":"article","og_title":"Nekmar","og_description":"Grain Free Adult Rabbit & Iberico","og_url":"https:\/\/nekmar.eu\/ee\/toode\/nekmar-grain-free-adult-rabbit-iberico-teraviljavaba-janeseliha-ibericosealiha\/","og_site_name":"Nekmar","article_publisher":"https:\/\/www.facebook.com\/nekmarpetnutrition\/","article_modified_time":"2026-04-01T05:57:17+00:00","og_image":[{"width":1200,"height":630,"url":"https:\/\/nekmar.eu\/ee\/wp-content\/uploads\/2019\/08\/nekmar-holistic.jpg","type":"image\/jpeg"}],"twitter_card":"summary_large_image","twitter_misc":{"Est. reading time":"2 minutit"},"schema":{"@context":"https:\/\/schema.org","@graph":[{"@type":"WebPage","@id":"https:\/\/nekmar.eu\/ee\/toode\/nekmar-grain-free-adult-rabbit-iberico-teraviljavaba-janeseliha-ibericosealiha\/","url":"https:\/\/nekmar.eu\/ee\/toode\/nekmar-grain-free-adult-rabbit-iberico-teraviljavaba-janeseliha-ibericosealiha\/","name":"Nekmar | Teraviljavaba Koeratoit J\u00e4neseliha ja Iberico Sealihaga","isPartOf":{"@id":"https:\/\/nekmar.eu\/ee\/#website"},"primaryImageOfPage":{"@id":"https:\/\/nekmar.eu\/ee\/toode\/nekmar-grain-free-adult-rabbit-iberico-teraviljavaba-janeseliha-ibericosealiha\/#primaryimage"},"image":{"@id":"https:\/\/nekmar.eu\/ee\/toode\/nekmar-grain-free-adult-rabbit-iberico-teraviljavaba-janeseliha-ibericosealiha\/#primaryimage"},"thumbnailUrl":"https:\/\/nekmar.eu\/ee\/wp-content\/uploads\/2025\/08\/nekmar_grainfree_adult_rabbit_iberico_2kg.jpg","datePublished":"2025-08-07T09:53:20+00:00","dateModified":"2026-04-01T05:57:17+00:00","description":"Teraviljavaba ultrapremium koeratoit t\u00e4iskasvanud koertele J\u00e4neseliha ja Iberico Sealihaga","breadcrumb":{"@id":"https:\/\/nekmar.eu\/ee\/toode\/nekmar-grain-free-adult-rabbit-iberico-teraviljavaba-janeseliha-ibericosealiha\/#breadcrumb"},"inLanguage":"et","potentialAction":[{"@type":"ReadAction","target":["https:\/\/nekmar.eu\/ee\/toode\/nekmar-grain-free-adult-rabbit-iberico-teraviljavaba-janeseliha-ibericosealiha\/"]}]},{"@type":"ImageObject","inLanguage":"et","@id":"https:\/\/nekmar.eu\/ee\/toode\/nekmar-grain-free-adult-rabbit-iberico-teraviljavaba-janeseliha-ibericosealiha\/#primaryimage","url":"https:\/\/nekmar.eu\/ee\/wp-content\/uploads\/2025\/08\/nekmar_grainfree_adult_rabbit_iberico_2kg.jpg","contentUrl":"https:\/\/nekmar.eu\/ee\/wp-content\/uploads\/2025\/08\/nekmar_grainfree_adult_rabbit_iberico_2kg.jpg","width":1000,"height":1000},{"@type":"BreadcrumbList","@id":"https:\/\/nekmar.eu\/ee\/toode\/nekmar-grain-free-adult-rabbit-iberico-teraviljavaba-janeseliha-ibericosealiha\/#breadcrumb","itemListElement":[{"@type":"ListItem","position":1,"name":"Home","item":"https:\/\/nekmar.eu\/ee\/"},{"@type":"ListItem","position":2,"name":"Pood","item":"https:\/\/nekmar.eu\/ee\/pood\/"},{"@type":"ListItem","position":3,"name":"Nekmar Grain Free Adult Rabbit &#038; Iberico Teraviljavaba Koeratoit J\u00e4neseliha ja Iberico Sealihaga"}]},{"@type":"WebSite","@id":"https:\/\/nekmar.eu\/ee\/#website","url":"https:\/\/nekmar.eu\/ee\/","name":"Nekmar","description":"Pet Nutrition","publisher":{"@id":"https:\/\/nekmar.eu\/ee\/#organization"},"potentialAction":[{"@type":"SearchAction","target":{"@type":"EntryPoint","urlTemplate":"https:\/\/nekmar.eu\/ee\/?s={search_term_string}"},"query-input":{"@type":"PropertyValueSpecification","valueRequired":true,"valueName":"search_term_string"}}],"inLanguage":"et"},{"@type":"Organization","@id":"https:\/\/nekmar.eu\/ee\/#organization","name":"Nekmar Pet Nutrition","url":"https:\/\/nekmar.eu\/ee\/","logo":{"@type":"ImageObject","inLanguage":"et","@id":"https:\/\/nekmar.eu\/ee\/#\/schema\/logo\/image\/","url":"https:\/\/nekmar.eu\/ee\/wp-content\/uploads\/2019\/08\/Nekmar-contact.jpg","contentUrl":"https:\/\/nekmar.eu\/ee\/wp-content\/uploads\/2019\/08\/Nekmar-contact.jpg","width":600,"height":142,"caption":"Nekmar Pet Nutrition"},"image":{"@id":"https:\/\/nekmar.eu\/ee\/#\/schema\/logo\/image\/"},"sameAs":["https:\/\/www.facebook.com\/nekmarpetnutrition\/","https:\/\/www.instagram.com\/nekmarpetnutrition\/"]}]}},"_links":{"self":[{"href":"https:\/\/nekmar.eu\/ee\/wp-json\/wp\/v2\/product\/4787","targetHints":{"allow":["GET"]}}],"collection":[{"href":"https:\/\/nekmar.eu\/ee\/wp-json\/wp\/v2\/product"}],"about":[{"href":"https:\/\/nekmar.eu\/ee\/wp-json\/wp\/v2\/types\/product"}],"wp:featuredmedia":[{"embeddable":true,"href":"https:\/\/nekmar.eu\/ee\/wp-json\/wp\/v2\/media\/4781"}],"wp:attachment":[{"href":"https:\/\/nekmar.eu\/ee\/wp-json\/wp\/v2\/media?parent=4787"}],"wp:term":[{"taxonomy":"product_brand","embeddable":true,"href":"https:\/\/nekmar.eu\/ee\/wp-json\/wp\/v2\/product_brand?post=4787"},{"taxonomy":"product_cat","embeddable":true,"href":"https:\/\/nekmar.eu\/ee\/wp-json\/wp\/v2\/product_cat?post=4787"},{"taxonomy":"product_tag","embeddable":true,"href":"https:\/\/nekmar.eu\/ee\/wp-json\/wp\/v2\/product_tag?post=4787"}],"curies":[{"name":"wp","href":"https:\/\/api.w.org\/{rel}","templated":true}]}}