{"id":803,"date":"2019-10-16T12:15:17","date_gmt":"2019-10-16T12:15:17","guid":{"rendered":"https:\/\/nekmar.eu\/hr\/?page_id=803"},"modified":"2023-01-12T08:56:49","modified_gmt":"2023-01-12T07:56:49","slug":"zastita-osobnih-podataka","status":"publish","type":"page","link":"https:\/\/nekmar.eu\/hr\/zastita-osobnih-podataka\/","title":{"rendered":"Za\u0161tita osobnih podataka"},"content":{"rendered":"<div class=\"wpb-content-wrapper\"><p>[vc_row css_animation=&#8221;&#8221; row_type=&#8221;row&#8221; use_row_as_full_screen_section=&#8221;no&#8221; type=&#8221;full_width&#8221; angled_section=&#8221;no&#8221; text_align=&#8221;left&#8221; background_image_as_pattern=&#8221;without_pattern&#8221;][vc_column][vc_empty_space height=&#8221;100px&#8221;][\/vc_column][\/vc_row][vc_row css_animation=&#8221;&#8221; row_type=&#8221;row&#8221; use_row_as_full_screen_section=&#8221;no&#8221; type=&#8221;grid&#8221; angled_section=&#8221;no&#8221; text_align=&#8221;left&#8221; background_image_as_pattern=&#8221;without_pattern&#8221; z_index=&#8221;&#8221;][vc_column][vc_column_text]<\/p>\n<h3><strong>Za\u0161tita osobnih podataka<\/strong><\/h3>\n<p>&nbsp;<\/p>\n<p><strong>Pristanak<\/strong><\/p>\n<p>&nbsp;<\/p>\n<p>Kori\u0161tenjem online trgovine pristajete na postupanje s podacima \u00a0na na\u010din opisan u Izjavi o prikupljanju osobnih podataka.<\/p>\n<p>&nbsp;<\/p>\n<p>Registracijom u online trgovinu dopu\u0161tate stranici za prodaju NEKMAR.EU\/HR\u00a0 i tvrtci <strong>NEKMAR PET NUTRITION D.O.O.<\/strong> administraciju baze podataka dostavljene od strane korisnika, te da informacije o sadr\u017eaju kupnje prikuplja i obra\u0111uje u skladu sa Zakonom o za\u0161titi osobnih podataka.<\/p>\n<p>&nbsp;<\/p>\n<p>Prodavatelj se obavezuje, da \u0107e va\u0161e osobne i ostale podatke, prikupljene u postupku registracije, \u0161tititi u skladu sa ZOZP, da ih ne\u0107e objavljivati tre\u0107im osobama i da \u0107e ih koristiti isklju\u010divo za potrebe ispunjenja narud\u017ebe, ispostavljanja ra\u010duna i eventualno rje\u0161avanje pritu\u017ebi i ostale potrebe komunikacije. Prodavatelj se obvezuje da \u0107e trajno \u0161tititi va\u0161e osobne podatke.<\/p>\n<p>&nbsp;<\/p>\n<p>Za za\u0161titu osobnih podataka odgovorni ste i sami te se trebate pobrinuti za sigurnost korisni\u010dkog imena i lozinke.<\/p>\n<p>&nbsp;<\/p>\n<p><strong>Prikupljanje osobnih podataka<\/strong><\/p>\n<p>&nbsp;<\/p>\n<p>Za kupnju u online trgovini morate unijeti osobne podatke i to :<\/p>\n<p>&nbsp;<\/p>\n<p>&nbsp;<\/p>\n<p><strong><u>Podaci za obradu naru\u0111\u017ebe :<\/u><\/strong><\/p>\n<p>&nbsp;<\/p>\n<ul>\n<li>Ime(*)<\/li>\n<li>Prezime(*)<\/li>\n<li>E-mail adresa (*) (Adresa mora biti validna kako biste primili potvrdu naru\u0111\u017ebe.)<\/li>\n<li>Telefon(*)<\/li>\n<li>ID br. za PDV<\/li>\n<li>Adresa dostave :<\/li>\n<li>Adresa za ra\u010dun ukoliko je razli\u010dita od adrese dostave<\/li>\n<\/ul>\n<p>&nbsp;<\/p>\n<p>&nbsp;<\/p>\n<p><strong><u>Podaci za pla\u0107anje<\/u><\/strong><\/p>\n<p>&nbsp;<\/p>\n<ul>\n<li>Ime(*)<\/li>\n<li>Prezime (*)<\/li>\n<li>Telefon(*)<\/li>\n<li>Tvrtka<\/li>\n<li>Vrsta adrese<\/li>\n<li>Adresa 1(*)<\/li>\n<li>Adresa 2<\/li>\n<li>Mjesto(*)<\/li>\n<li>Dr\u017eava(*)<\/li>\n<li>Po\u0161tanski broj(*)<\/li>\n<\/ul>\n<p>&nbsp;<\/p>\n<p>Podaci une\u0161eni u polje za isporuku po\u0161iljke ne moraju biti jednaki podacima za izdavanje ra\u010duna. Mo\u017eete izabrati ukoliko \u017eelite koristiti iste podatke za dostavu i izdavanje ra\u010duna.<\/p>\n<p>&nbsp;<\/p>\n<p>Online trgovina automatski prikuplja neke informacije s va\u0161eg ra\u010dunala. Ove informacije mogu sadr\u017eavati; va\u0161u IP adresu, vrstu preglednika, nazive domena, vrijeme pristupa i adrese web stranica koje ste posjetili u na\u0161oj online trgovini. Prodavatelj ove podatke isklju\u010divo koristi za statistiku o kori\u0161tenju online trgovine i optimizaciju stranica.<\/p>\n<p>&nbsp;<\/p>\n<p>&nbsp;<\/p>\n<p><strong>Kori\u0161tenje osobnih podataka<\/strong><\/p>\n<p>&nbsp;<\/p>\n<p>Prodavatelj prikuplja podatke u online trgovini kako bi osigurao pravilno funkcioniranje trgovine i pru\u017eanje tra\u017eenih usluga. Prodavatelj mo\u017ee korisni\u010dke podatke koristiti za potrebe internog marketin\u0161kog istra\u017eivanja i obavijesti korisnika o novostima u online trgovini, novosti vezane uz proizvode ili usluge koje nudi tvrtka <strong>NEKMAR PET NUTRITION d.o.o \u00a0<\/strong> \u00a0koja je vlasnik trgovine NEKMAR.EU\/HR<\/p>\n<p>&nbsp;<\/p>\n<p>Prijenos podataka se obavlja isklju\u010divo u svrhu dostave robe kupcima i ne smije se koristiti u druge svrhe.<\/p>\n<p>&nbsp;<\/p>\n<p>&nbsp;<\/p>\n<p><strong>Informacije vezane za va\u0161a prava<\/strong><\/p>\n<p>&nbsp;<\/p>\n<p>U skladu s primjenjivim propisima o za\u0161titi privatnosti podataka pripadaju Vam sljede\u0107a prava:<\/p>\n<p>&nbsp;<\/p>\n<ul>\n<li>Pravo na informacije o Va\u0161im osobnim podacima koje smo pohranili<\/li>\n<li>Pravo na tra\u017eenje ispravka, brisanje ili ograni\u010davanje obrade Va\u0161ih osobnih podataka<\/li>\n<li>Pravo na prigovor na obradu podataka za razloge iz na\u0161eg vlastitog legitimnog interesa, javnog interesa, ili profiliranja, osim ako ne mo\u017eemo dokazati da postoje uvjerljivi, opravdani razlozi koji nadilaze Va\u0161e interese, prava i slobodu, ili da se takva obrada provodi u svrhu potvrde, primjene ili obrane pravnih zahtjeva<\/li>\n<li>Pravo na prijenos podataka<\/li>\n<li>Pravo na podno\u0161enje prigovora Agenciji za za\u0161titu osobnih podataka.<\/li>\n<li>Mo\u017eete u bilo kojem trenutku s budu\u0107im u\u010dinkom opozvati Va\u0161u privolu vezanu uz prikupljanje, obradu i kori\u0161tenje Va\u0161ih osobnih podataka. Za daljnje informacije pogledajte poglavlja iznad koja opisuju obradu podataka na temelju Va\u0161e privole.<\/li>\n<\/ul>\n<p>&nbsp;<\/p>\n<p>Za svako od ovih Va\u0161ih prava mo\u017eete se obratiti na\u0161em slu\u017ebeniku za za\u0161titu podataka na mail :\u00a0 hrvatska@nekmar.eu<\/p>\n<p>&nbsp;<\/p>\n<p>Na\u0161 odgovor dobiti \u0107ete najkasnije u roku od 30 dana od dana podno\u0161enja zahtjeva.<\/p>\n<p>&nbsp;<\/p>\n<p>&nbsp;<\/p>\n<p><strong>Ostali podaci\u00a0<\/strong><\/p>\n<p>&nbsp;<\/p>\n<p>Prema zakonu Europske unije, <strong>NEKMAR PET NUTRITION D.O.O.<\/strong> \u00a0obavje\u0161tava korisnike da web stranica <a href=\"http:\/\/www.nekmar.eu\/hr\">www.nekmar.eu\/hr<\/a> koristi <strong>kola\u010di\u0107e (Cookies) <\/strong>kako bi mogla osigurati najvi\u0161u kvalitetu usluge.<\/p>\n<p>&nbsp;<\/p>\n<p>Kola\u010di\u0107i u pregledniku korisnika omogu\u0107uju <strong>stranici <\/strong>\u00a0da osigura rad svih funkcija internetskog portala, da odre\u0111ene sadr\u017eaje prilagodi posebno za pojedinog korisnika i analizom posjeta stalno pobolj\u0161ava internetski portal.<\/p>\n<p>&nbsp;<\/p>\n<p>Kako se kola\u010di\u0107i (Cookie) pohranjuju korisnik mo\u017ee podesiti u postavkama preglednika.<\/p>\n<p>&nbsp;<\/p>\n<p>Preko 90 % svih web stranica koristi ovu praksu, no prema regulacijama Europske unije od 25.03.2011. <strong>tvrtka NEKMAR PET NUTRITION d.o.o \u00a0<\/strong>je obvezan prije spremanja kola\u010di\u0107a zatra\u017eiti pristanak korisnika.<\/p>\n<p>&nbsp;<\/p>\n<p>Kori\u0161tenjem web stranice <a href=\"http:\/\/www.nekmar.eu\/hr\">www.nekmar.eu\/hr<\/a> korisnik pristaje na uporabu kola\u010di\u0107a. Blokiranjem kola\u010di\u0107a korisnik i dalje mo\u017ee pregledavati web stranicu, no neke njezine mogu\u0107nosti mu mogu biti nedostupne.<\/p>\n<p>&nbsp;<\/p>\n<p>&nbsp;<\/p>\n<p><strong>\u0160to je kola\u010di\u0107?<\/strong><\/p>\n<p>&nbsp;<\/p>\n<p>Kola\u010di\u0107 je informacija spremljena na ra\u010dunalo korisnika od strane web stranice koju je posjetio. Kola\u010di\u0107i obi\u010dno spremaju postavke korisnika, postavke za web stranicu, kao \u0161to su preferirani jezik ili adresa. Kasnije, kada korisnik ponovno otvoriti istu web stranicu internet preglednik \u0161alje natrag kola\u010di\u0107e koji pripadaju toj stranici.<\/p>\n<p>&nbsp;<\/p>\n<p>Navedeno omogu\u0107ava da prika\u017ee informacije prilago\u0111ene potrebama svakog pojedinog korisnika. Kola\u010di\u0107i mogu spremati \u0161irok pojas informacija uklju\u010duju\u0107i osobne informacije (kao \u0161to je \u00a0ime ili adresa e-po\u0161te korisnika). Ipak, ova informacija mo\u017ee biti spremljena jedino ako korisnik \u00a0navedeno omogu\u0107i \u2013 web stranice ne mogu dobiti pristup informacijama za koje im korisnik nije dao dozvolu i ne mogu pristupiti drugim datotekama na ra\u010dunalu korisnika.<\/p>\n<p>&nbsp;<\/p>\n<p>Zadane aktivnosti spremanja i slanja kola\u010di\u0107a korisnicima nisu vidljive. Ipak, korisnik mo\u017ee promijeniti svoje postavke internet preglednika na na\u010din da isti mo\u017ee sam birati \u017eeli li zahtjeve za spremanje kola\u010di\u0107a odobriti ili odbiti na na\u010din da obri\u0161e spremljene kola\u010di\u0107e automatski pri zatvaranju internet preglednika i sli\u010dno.<\/p>\n<p>&nbsp;<\/p>\n<p>Osim osobnih podataka, mo\u017ee od korisnika zatra\u017eiti i druge podatke kojima se iste ne mo\u017ee identificirati, te se ne smatraju osobnim podacima (primjerice podatke o na\u010dinu kori\u0161tenja stranica, ra\u010dunalu, internetskom poslu\u017eitelju, preferencijama, hobijima, interesima, aktivnostima), a koje omogu\u0107uju kvalitetnije, preciznije i osobnije odabiranje podataka za korisnike, unapre\u0111enje web stranice te dodatno usmjeravanje i prilago\u0111avanje njezinih sadr\u017eaja korisnicima. Na temelju tih podataka<strong> NEKMAR PET NUTRITION d.o.o \u00a0<\/strong>\u00a0saznaje informacije o tome koji su sadr\u017eaji najpopularniji me\u0111u kojim korisnicima.<\/p>\n<p>&nbsp;<\/p>\n<p><strong>Koristimo razli\u010dite vrste kola\u010di\u0107a:<\/strong><\/p>\n<p>&nbsp;<\/p>\n<p>Neophodni kola\u010di\u0107i \u2013 oni su nu\u017eni za funkcioniranje web stranice, a koja bez njih ne mo\u017ee funkcionirati. To zna\u010di da se internetska stranica bez tih kola\u010di\u0107a ne mo\u017ee otvoriti niti prikazati. Ovi kola\u010di\u0107i se koriste za svrhu transmisije komunikacije ili su nu\u017eni za pru\u017eanje usluge informacijskog dru\u0161tva koja je izrijekom zahtijevana od korisnika takve usluge. Tako\u0111er, ovi kola\u010di\u0107i \u0107e nam omogu\u0107iti bazi\u010dnu analizu web stranica s ciljem pobolj\u0161anja rada web stranica putem podataka koji su u potpunosti anonimizirani, odnosno nisu bazirani na va\u0161im osobnim podacima ili podacima koje je mogu\u0107e na bilo koji na\u010din povezati s vama. Za ove kola\u010di\u0107e nije potrebna i ne tra\u017eimo Va\u0161u privolu.<\/p>\n<p>&nbsp;<\/p>\n<p>Funkcionalni kola\u010di\u0107i \u2013 pomo\u0107u njih provodimo napredniju analizu rada web stranica. Ovi kola\u010di\u0107i slu\u017ee analizi pona\u0161anja korisnika te na temelju dobivenih anonimnih podataka mo\u017eemo utvrditi \u0161to posjetitelji internetske stranice najvi\u0161e \u017eele i pregledavaju, pa smo onda u mogu\u0107nosti prilagoditi internetsku stranicu i u\u010diniti njezin sadr\u017eaj i funkcionalnost \u0161to jednostavnijem za kori\u0161tenje. Za ove kola\u010di\u0107e tra\u017eimo Va\u0161u privolu.<\/p>\n<p>&nbsp;<\/p>\n<p>Ogla\u0161iva\u010dki kola\u010di\u0107i \u2013 pomo\u0107u njih analiziramo Va\u0161e interese i \u017eelje, a oni nam slu\u017ee kako bismo Vam plasirali informacije koje su Vama zanimljive i kreirali ponude prilago\u0111ene Va\u0161em kori\u0161tenju internetskih stranica te tra\u017eimo Va\u0161u privolu.<\/p>\n<p>&nbsp;<\/p>\n<p>&nbsp;<\/p>\n<p><strong>Promjene Informacije o za\u0161titi osobnih podataka<\/strong><\/p>\n<p>&nbsp;<\/p>\n<p><strong>NEKMAR PET NUTRITION d.o.o \u00a0 <\/strong>mo\u017ee izmijeniti ovu Informaciju o za\u0161tite osobnih podataka u bilo kojem trenutku objavljivanjem izmijenjenog teksta na web stranici www.nekmar.eu\/hr. Izmjene i dopune Op\u0107ih uvjeta za\u0161tite osobnih podataka stupaju na snagu odmah po objavi na web stranici <a href=\"http:\/\/www.leiloubyalex.com\">www.nekmar.eu\/hr<\/a> te se stoga preporu\u010duje da se korisnici informiraju o va\u017ee\u0107oj politici privatnosti u trenutku posjete stranici.<\/p>\n<p>&nbsp;<\/p>\n<p>&nbsp;<\/p>\n<p><strong>\u00a0TRA\u017dITE BRISANJE SVOJIH PODATAKA<\/strong><\/p>\n<p>&nbsp;<\/p>\n<p>Ako \u017eelite da uklonimo va\u0161e osobne podatke iz na\u0161e online baze podataka, to mo\u017eete u\u010diniti preko email: hrvatska@nekmar.eu<\/p>\n<p>&nbsp;<\/p>\n<p><strong>\u00a0<\/strong><\/p>\n<p>\u017delimo vam ugodnu kupnju u na\u0161oj online trgovini.[\/vc_column_text][\/vc_column][\/vc_row][vc_row css_animation=&#8221;&#8221; row_type=&#8221;row&#8221; use_row_as_full_screen_section=&#8221;no&#8221; type=&#8221;full_width&#8221; angled_section=&#8221;no&#8221; text_align=&#8221;left&#8221; background_image_as_pattern=&#8221;without_pattern&#8221;][vc_column][vc_empty_space height=&#8221;100px&#8221;][\/vc_column][\/vc_row]<\/p>\n<\/div>","protected":false},"excerpt":{"rendered":"<p>[vc_row css_animation=&#8221;&#8221; row_type=&#8221;row&#8221; use_row_as_full_screen_section=&#8221;no&#8221; type=&#8221;full_width&#8221; angled_section=&#8221;no&#8221; text_align=&#8221;left&#8221; background_image_as_pattern=&#8221;without_pattern&#8221;][vc_column][vc_empty_space height=&#8221;100px&#8221;][\/vc_column][\/vc_row][vc_row css_animation=&#8221;&#8221; row_type=&#8221;row&#8221; use_row_as_full_screen_section=&#8221;no&#8221; type=&#8221;grid&#8221; angled_section=&#8221;no&#8221; text_align=&#8221;left&#8221; background_image_as_pattern=&#8221;without_pattern&#8221; z_index=&#8221;&#8221;][vc_column][vc_column_text] Za\u0161tita osobnih podataka &nbsp; Pristanak &nbsp; Kori\u0161tenjem online trgovine pristajete na postupanje s podacima \u00a0na na\u010din opisan u Izjavi o prikupljanju osobnih podataka. &nbsp; Registracijom u online trgovinu&#8230;<\/p>\n","protected":false},"author":1,"featured_media":0,"parent":0,"menu_order":0,"comment_status":"closed","ping_status":"closed","template":"full_width.php","meta":{"footnotes":""},"class_list":["post-803","page","type-page","status-publish","hentry"],"yoast_head":"<!-- This site is optimized with the Yoast SEO plugin v27.4 - https:\/\/yoast.com\/product\/yoast-seo-wordpress\/ -->\n<title>Za\u0161tita osobnih podataka - Nekmar<\/title>\n<meta name=\"robots\" content=\"noindex, follow\" \/>\n<meta property=\"og:locale\" content=\"hr_HR\" \/>\n<meta property=\"og:type\" content=\"article\" \/>\n<meta property=\"og:title\" content=\"Za\u0161tita osobnih podataka - Nekmar\" \/>\n<meta property=\"og:description\" content=\"[vc_row css_animation=&#8221;&#8221; row_type=&#8221;row&#8221; use_row_as_full_screen_section=&#8221;no&#8221; type=&#8221;full_width&#8221; angled_section=&#8221;no&#8221; text_align=&#8221;left&#8221; background_image_as_pattern=&#8221;without_pattern&#8221;][vc_column][vc_empty_space height=&#8221;100px&#8221;][\/vc_column][\/vc_row][vc_row css_animation=&#8221;&#8221; row_type=&#8221;row&#8221; use_row_as_full_screen_section=&#8221;no&#8221; type=&#8221;grid&#8221; angled_section=&#8221;no&#8221; text_align=&#8221;left&#8221; background_image_as_pattern=&#8221;without_pattern&#8221; z_index=&#8221;&#8221;][vc_column][vc_column_text] Za\u0161tita osobnih podataka &nbsp; Pristanak &nbsp; Kori\u0161tenjem online trgovine pristajete na postupanje s podacima \u00a0na na\u010din opisan u Izjavi o prikupljanju osobnih podataka. &nbsp; Registracijom u online trgovinu...\" \/>\n<meta property=\"og:url\" content=\"https:\/\/nekmar.eu\/hr\/zastita-osobnih-podataka\/\" \/>\n<meta property=\"og:site_name\" content=\"Nekmar\" \/>\n<meta property=\"article:publisher\" content=\"https:\/\/www.facebook.com\/nekmarpetnutritionHR\/\" \/>\n<meta property=\"article:modified_time\" content=\"2023-01-12T07:56:49+00:00\" \/>\n<meta property=\"og:image\" content=\"https:\/\/nekmar.eu\/hr\/wp-content\/uploads\/2019\/08\/nekmar-f.jpg\" \/>\n\t<meta property=\"og:image:width\" content=\"1200\" \/>\n\t<meta property=\"og:image:height\" content=\"630\" \/>\n\t<meta property=\"og:image:type\" content=\"image\/jpeg\" \/>\n<meta name=\"twitter:card\" content=\"summary_large_image\" \/>\n<meta name=\"twitter:label1\" content=\"Procijenjeno vrijeme \u010ditanja\" \/>\n\t<meta name=\"twitter:data1\" content=\"7 minuta\" \/>\n<script type=\"application\/ld+json\" class=\"yoast-schema-graph\">{\"@context\":\"https:\\\/\\\/schema.org\",\"@graph\":[{\"@type\":\"WebPage\",\"@id\":\"https:\\\/\\\/nekmar.eu\\\/hr\\\/zastita-osobnih-podataka\\\/\",\"url\":\"https:\\\/\\\/nekmar.eu\\\/hr\\\/zastita-osobnih-podataka\\\/\",\"name\":\"Za\u0161tita osobnih podataka - Nekmar\",\"isPartOf\":{\"@id\":\"https:\\\/\\\/nekmar.eu\\\/hr\\\/#website\"},\"datePublished\":\"2019-10-16T12:15:17+00:00\",\"dateModified\":\"2023-01-12T07:56:49+00:00\",\"breadcrumb\":{\"@id\":\"https:\\\/\\\/nekmar.eu\\\/hr\\\/zastita-osobnih-podataka\\\/#breadcrumb\"},\"inLanguage\":\"hr\",\"potentialAction\":[{\"@type\":\"ReadAction\",\"target\":[\"https:\\\/\\\/nekmar.eu\\\/hr\\\/zastita-osobnih-podataka\\\/\"]}]},{\"@type\":\"BreadcrumbList\",\"@id\":\"https:\\\/\\\/nekmar.eu\\\/hr\\\/zastita-osobnih-podataka\\\/#breadcrumb\",\"itemListElement\":[{\"@type\":\"ListItem\",\"position\":1,\"name\":\"Home\",\"item\":\"https:\\\/\\\/nekmar.eu\\\/hr\\\/\"},{\"@type\":\"ListItem\",\"position\":2,\"name\":\"Za\u0161tita osobnih podataka\"}]},{\"@type\":\"WebSite\",\"@id\":\"https:\\\/\\\/nekmar.eu\\\/hr\\\/#website\",\"url\":\"https:\\\/\\\/nekmar.eu\\\/hr\\\/\",\"name\":\"Nekmar\",\"description\":\"Pet Nutrition\",\"publisher\":{\"@id\":\"https:\\\/\\\/nekmar.eu\\\/hr\\\/#organization\"},\"potentialAction\":[{\"@type\":\"SearchAction\",\"target\":{\"@type\":\"EntryPoint\",\"urlTemplate\":\"https:\\\/\\\/nekmar.eu\\\/hr\\\/?s={search_term_string}\"},\"query-input\":{\"@type\":\"PropertyValueSpecification\",\"valueRequired\":true,\"valueName\":\"search_term_string\"}}],\"inLanguage\":\"hr\"},{\"@type\":\"Organization\",\"@id\":\"https:\\\/\\\/nekmar.eu\\\/hr\\\/#organization\",\"name\":\"Nekmar Pet Nutrition\",\"url\":\"https:\\\/\\\/nekmar.eu\\\/hr\\\/\",\"logo\":{\"@type\":\"ImageObject\",\"inLanguage\":\"hr\",\"@id\":\"https:\\\/\\\/nekmar.eu\\\/hr\\\/#\\\/schema\\\/logo\\\/image\\\/\",\"url\":\"https:\\\/\\\/nekmar.eu\\\/hr\\\/wp-content\\\/uploads\\\/2019\\\/08\\\/Nekmar-contact.jpg\",\"contentUrl\":\"https:\\\/\\\/nekmar.eu\\\/hr\\\/wp-content\\\/uploads\\\/2019\\\/08\\\/Nekmar-contact.jpg\",\"width\":600,\"height\":142,\"caption\":\"Nekmar Pet Nutrition\"},\"image\":{\"@id\":\"https:\\\/\\\/nekmar.eu\\\/hr\\\/#\\\/schema\\\/logo\\\/image\\\/\"},\"sameAs\":[\"https:\\\/\\\/www.facebook.com\\\/nekmarpetnutritionHR\\\/\",\"https:\\\/\\\/www.instagram.com\\\/nekmar_hr\\\/\"]}]}<\/script>\n<!-- \/ Yoast SEO plugin. -->","yoast_head_json":{"title":"Za\u0161tita osobnih podataka - Nekmar","robots":{"index":"noindex","follow":"follow"},"og_locale":"hr_HR","og_type":"article","og_title":"Za\u0161tita osobnih podataka - Nekmar","og_description":"[vc_row css_animation=&#8221;&#8221; row_type=&#8221;row&#8221; use_row_as_full_screen_section=&#8221;no&#8221; type=&#8221;full_width&#8221; angled_section=&#8221;no&#8221; text_align=&#8221;left&#8221; background_image_as_pattern=&#8221;without_pattern&#8221;][vc_column][vc_empty_space height=&#8221;100px&#8221;][\/vc_column][\/vc_row][vc_row css_animation=&#8221;&#8221; row_type=&#8221;row&#8221; use_row_as_full_screen_section=&#8221;no&#8221; type=&#8221;grid&#8221; angled_section=&#8221;no&#8221; text_align=&#8221;left&#8221; background_image_as_pattern=&#8221;without_pattern&#8221; z_index=&#8221;&#8221;][vc_column][vc_column_text] Za\u0161tita osobnih podataka &nbsp; Pristanak &nbsp; Kori\u0161tenjem online trgovine pristajete na postupanje s podacima \u00a0na na\u010din opisan u Izjavi o prikupljanju osobnih podataka. &nbsp; Registracijom u online trgovinu...","og_url":"https:\/\/nekmar.eu\/hr\/zastita-osobnih-podataka\/","og_site_name":"Nekmar","article_publisher":"https:\/\/www.facebook.com\/nekmarpetnutritionHR\/","article_modified_time":"2023-01-12T07:56:49+00:00","og_image":[{"width":1200,"height":630,"url":"https:\/\/nekmar.eu\/hr\/wp-content\/uploads\/2019\/08\/nekmar-f.jpg","type":"image\/jpeg"}],"twitter_card":"summary_large_image","twitter_misc":{"Procijenjeno vrijeme \u010ditanja":"7 minuta"},"schema":{"@context":"https:\/\/schema.org","@graph":[{"@type":"WebPage","@id":"https:\/\/nekmar.eu\/hr\/zastita-osobnih-podataka\/","url":"https:\/\/nekmar.eu\/hr\/zastita-osobnih-podataka\/","name":"Za\u0161tita osobnih podataka - Nekmar","isPartOf":{"@id":"https:\/\/nekmar.eu\/hr\/#website"},"datePublished":"2019-10-16T12:15:17+00:00","dateModified":"2023-01-12T07:56:49+00:00","breadcrumb":{"@id":"https:\/\/nekmar.eu\/hr\/zastita-osobnih-podataka\/#breadcrumb"},"inLanguage":"hr","potentialAction":[{"@type":"ReadAction","target":["https:\/\/nekmar.eu\/hr\/zastita-osobnih-podataka\/"]}]},{"@type":"BreadcrumbList","@id":"https:\/\/nekmar.eu\/hr\/zastita-osobnih-podataka\/#breadcrumb","itemListElement":[{"@type":"ListItem","position":1,"name":"Home","item":"https:\/\/nekmar.eu\/hr\/"},{"@type":"ListItem","position":2,"name":"Za\u0161tita osobnih podataka"}]},{"@type":"WebSite","@id":"https:\/\/nekmar.eu\/hr\/#website","url":"https:\/\/nekmar.eu\/hr\/","name":"Nekmar","description":"Pet Nutrition","publisher":{"@id":"https:\/\/nekmar.eu\/hr\/#organization"},"potentialAction":[{"@type":"SearchAction","target":{"@type":"EntryPoint","urlTemplate":"https:\/\/nekmar.eu\/hr\/?s={search_term_string}"},"query-input":{"@type":"PropertyValueSpecification","valueRequired":true,"valueName":"search_term_string"}}],"inLanguage":"hr"},{"@type":"Organization","@id":"https:\/\/nekmar.eu\/hr\/#organization","name":"Nekmar Pet Nutrition","url":"https:\/\/nekmar.eu\/hr\/","logo":{"@type":"ImageObject","inLanguage":"hr","@id":"https:\/\/nekmar.eu\/hr\/#\/schema\/logo\/image\/","url":"https:\/\/nekmar.eu\/hr\/wp-content\/uploads\/2019\/08\/Nekmar-contact.jpg","contentUrl":"https:\/\/nekmar.eu\/hr\/wp-content\/uploads\/2019\/08\/Nekmar-contact.jpg","width":600,"height":142,"caption":"Nekmar Pet Nutrition"},"image":{"@id":"https:\/\/nekmar.eu\/hr\/#\/schema\/logo\/image\/"},"sameAs":["https:\/\/www.facebook.com\/nekmarpetnutritionHR\/","https:\/\/www.instagram.com\/nekmar_hr\/"]}]}},"_links":{"self":[{"href":"https:\/\/nekmar.eu\/hr\/wp-json\/wp\/v2\/pages\/803","targetHints":{"allow":["GET"]}}],"collection":[{"href":"https:\/\/nekmar.eu\/hr\/wp-json\/wp\/v2\/pages"}],"about":[{"href":"https:\/\/nekmar.eu\/hr\/wp-json\/wp\/v2\/types\/page"}],"author":[{"embeddable":true,"href":"https:\/\/nekmar.eu\/hr\/wp-json\/wp\/v2\/users\/1"}],"replies":[{"embeddable":true,"href":"https:\/\/nekmar.eu\/hr\/wp-json\/wp\/v2\/comments?post=803"}],"version-history":[{"count":0,"href":"https:\/\/nekmar.eu\/hr\/wp-json\/wp\/v2\/pages\/803\/revisions"}],"wp:attachment":[{"href":"https:\/\/nekmar.eu\/hr\/wp-json\/wp\/v2\/media?parent=803"}],"curies":[{"name":"wp","href":"https:\/\/api.w.org\/{rel}","templated":true}]}}