{"id":805,"date":"2019-10-16T12:17:40","date_gmt":"2019-10-16T12:17:40","guid":{"rendered":"https:\/\/nekmar.eu\/hr\/?page_id=805"},"modified":"2023-04-06T05:59:42","modified_gmt":"2023-04-06T04:59:42","slug":"placanje","status":"publish","type":"page","link":"https:\/\/nekmar.eu\/hr\/placanje\/","title":{"rendered":"Pla\u0107anje"},"content":{"rendered":"<div class=\"wpb-content-wrapper\"><p>[vc_row css_animation=&#8221;&#8221; row_type=&#8221;row&#8221; use_row_as_full_screen_section=&#8221;no&#8221; type=&#8221;full_width&#8221; angled_section=&#8221;no&#8221; text_align=&#8221;left&#8221; background_image_as_pattern=&#8221;without_pattern&#8221;][vc_column][vc_empty_space height=&#8221;100px&#8221;][\/vc_column][\/vc_row][vc_row css_animation=&#8221;&#8221; row_type=&#8221;row&#8221; use_row_as_full_screen_section=&#8221;no&#8221; type=&#8221;grid&#8221; angled_section=&#8221;no&#8221; text_align=&#8221;left&#8221; background_image_as_pattern=&#8221;without_pattern&#8221; z_index=&#8221;&#8221;][vc_column][vc_column_text]<strong><span lang=\"HR\">NA\u010cINI PLA\u0106ANJA<\/span><\/strong><\/p>\n<p>&nbsp;<\/p>\n<p><span lang=\"HR\">Pla\u0107anje je mogu\u0107e izvr\u0161iti:<\/span><\/p>\n<p>&nbsp;<\/p>\n<ul>\n<li><span lang=\"HR\">op\u0107om uplatnicom<\/span><\/li>\n<li><span lang=\"HR\">virmanom<\/span><\/li>\n<li><span lang=\"HR\">putem internet bankarstva doznakom na ra\u010dun prodavatelja<\/span><\/li>\n<li>gotovinom prilikom preuzimanja<\/li>\n<li>kreditnim karticama<\/li>\n<\/ul>\n<p><img decoding=\"async\" class=\"alignnone wp-image-1058\" src=\"https:\/\/nekmar.eu\/hr\/wp-content\/uploads\/2023\/02\/kartice.jpg\" \/><\/p>\n<h4><strong>SIGURNOST ONLINE PLA\u0106ANJA<\/strong><\/h4>\n<p><a href=\"http:\/\/www.wspay.info\" target=\"_blank\" rel=\"noopener noreferrer\"><span lang=\"HR\"> <img loading=\"lazy\" decoding=\"async\" class=\"size-full wp-image-1046 alignleft\" src=\"https:\/\/nekmar.eu\/hr\/wp-content\/uploads\/2019\/12\/wsPayWebSecureLogo-118x50-transparent.png\" alt=\"\" width=\"118\" height=\"50\" \/><\/span><\/a><\/p>\n<p>&nbsp;<\/p>\n<p>&nbsp;<\/p>\n<p>&nbsp;<\/p>\n<p>&nbsp;<\/p>\n<p style=\"text-align: left;\">Tvrtka NEKMAR PET NUTRITION i online prodajno mjesto nekmar.eu\/hr koristi <strong>WS Pay<\/strong> za pla\u0107anje kreditnim karticama.<\/p>\n<p>&nbsp;<\/p>\n<h4><strong>IZJAVA O KORI\u0160TENJU WSPay-a<\/strong><\/h4>\n<p>&nbsp;<\/p>\n<p><strong>NEKMAR.EU\/HR koristi WSPay za online pla\u0107anja.<\/strong><\/p>\n<p>WSPay je siguran sustav za online pla\u0107anje, pla\u0107anje u realnom vremenu, kreditnim i debitnim karticama te drugim na\u010dinima pla\u0107anja. WSPay kupcu i trgovcu osiguravaju siguran upis i prijenos upisanih podataka o karticama \u0161to podvr\u0111uje i PCI DSS certifikat koji WSPay ima. WSPay koristi SSL certifikat 256 bitne enkripcije te TLS 1.2 kriptografski protokol kao najvi\u0161e stupnjeve za\u0161tite kod upisa i prijenosa podataka.<\/p>\n<p>&nbsp;<\/p>\n<p><strong>IZJAVA O ZA\u0160TITI PRIJENOSA OSOBNIH PODATAKA<br \/>\n<\/strong><\/p>\n<p>Za\u0161tita osobnih podataka u skladu sa Op\u0107om uredbom o za\u0161titi podataka Europskog parlamenta i Vije\u0107a broj 2016\/679-Uredba te provedbe Op\u0107e uredbe o za\u0161titi podataka<\/p>\n<p><strong>WSPay<\/strong> kao izvr\u0161itelj provo\u0111enja autorizacije i naplate kreditnih kartica postupa s osobnim podacima u svojstvu izvr\u0161itelja obrade te sa osobnim podacima postupa u skladu sa Op\u0107om uredbom o za\u0161titi podataka Europskog parlamenta i Vije\u0107a broj 2016\/679 te prema strogim pravilima PCI DSS L1 regulative o za\u0161tititi upisa i prijenosa podataka.<\/p>\n<p>&nbsp;<\/p>\n<p><strong>WSPay koristi SSL certifikat 256 bitne enkripcije te TLS 1.2 kriptografski protokol kao najvi\u0161e stupnjeve za\u0161tite kod upisa i prijenosa podataka.<\/strong><\/p>\n<p>Osobni podaci koji se koriste u svrhu autorizacije i naplate odnosno u izvr\u0161avanja obveza iz Ugovora ili temeljem Ugovora, smatraju se povjerljivim podacima.<\/p>\n<p>Za izvr\u0161enje Ugovora (autorizacije i naplate) potrebni su sljede\u0107i osobni podaci kupca:<\/p>\n<p>Ime i prezime<br \/>\nE-mail<br \/>\nTelefon<br \/>\nAdresa<br \/>\nMjesto<br \/>\nPo\u0161tanski broj<br \/>\nDr\u017eava<br \/>\nVrsta kartice<br \/>\nBroj kartice<br \/>\nVrijeme trajanja kartice<br \/>\nCVV kod kartice<\/p>\n<p>&nbsp;<\/p>\n<p><strong>WSPay ove osobne podatke ne obra\u0111uje niti koristi osim u svrhe izvr\u0161enja ugovora autorizacije i naplate.<\/strong><\/p>\n<p>WSPay jam\u010di ispunjavanje svih uvjeta odre\u0111enih va\u017ee\u0107im propisima o za\u0161titi osobnih podataka za izvr\u0161itelje obrade osobnih podataka, a osobito poduzimanje svih potrebnih tehni\u010dkih, organizacijskih i sigurnosnih mjera a to naro\u010dito potvr\u0111uje i PCI DSS L1 certifikatom.<\/p>\n<p>&nbsp;<\/p>\n<h4><strong>MasterCard\u00ae SecureCode\u2122<\/strong><\/h4>\n<p>&nbsp;<\/p>\n<p><a href=\"http:\/\/www.mastercardsecurecode.com.\" target=\"_blank\" rel=\"noopener noreferrer\"><img loading=\"lazy\" decoding=\"async\" class=\"size-full wp-image-1047 alignleft\" src=\"https:\/\/nekmar.eu\/hr\/wp-content\/uploads\/2019\/12\/secureCode_logo.gif\" alt=\"\" width=\"116\" height=\"44\" \/><\/a><\/p>\n<p>&nbsp;<\/p>\n<p>&nbsp;<\/p>\n<p>&nbsp;<\/p>\n<p>MasterCard\u00ae SecureCode\u2122 je nova usluga MasterCarda i izdavatelja Va\u0161e kartice koja Vam pru\u017ea dodatnu sigurnost prilikom online kupovine. Za kori\u0161tenje ove usluge nije Vam potrebna nova MasterCard ili Maestro\u00ae kartica. Vi birate svoj osobni MasterCard SecureCode i nikada ga ne dijelite s bilo kojim internet trgovcem. Privatni kod zna\u010di dodatnu sigurnost protiv neautorizirane upotrebe Va\u0161e kreditne ili debitne kartice kada kupujete online.<\/p>\n<p>Svaki puta kada pla\u0107ate online Va\u0161om MasterCard ili Maestro karticom, otvara se prozor izdavatelja Va\u0161e kartice i tra\u017ei Vas da unesete osobni SecureCode, jednako kao \u0161to vas tra\u017ei da unesete PIN na bankomatu. U samo nekoliko sekundi izdavatelj kartice potvr\u0111uje Va\u0161e podatke i omogu\u0107ava Vam da zavr\u0161ite svoju online kupovinu.<br \/>\nZa detaljnije informacije ..<a href=\"http:\/\/www.mastercardsecurecode.com.\" target=\"_blank\" rel=\"noopener noreferrer\">.vi\u0161e<\/a><\/p>\n<p>&nbsp;<\/p>\n<p>&nbsp;<\/p>\n<p>&nbsp;<\/p>\n<h4><strong>Verified by Visa<\/strong><\/h4>\n<h3><a href=\"http:\/\/www.visaeu.com\" target=\"_blank\" rel=\"noopener noreferrer\"><strong><img loading=\"lazy\" decoding=\"async\" class=\"size-full wp-image-1049 alignleft\" src=\"https:\/\/nekmar.eu\/hr\/wp-content\/uploads\/2019\/12\/VerifiedbyVisa.jpg\" alt=\"\" width=\"116\" height=\"52\" \/><\/strong><\/a><\/h3>\n<p>&nbsp;<\/p>\n<p>&nbsp;<\/p>\n<p>&nbsp;<\/p>\n<p><strong>Ista kartica, dodatna online sigurnost.<\/strong><\/p>\n<p>Verified by Visa je nova uslugu koja Vam omogu\u0107ava online kupovinu uz dodatnu sigurnost.<\/p>\n<p>Jednostavnim postupkom Verified by Visa Va\u0161 identitet se potvr\u0111uje prilikom kupovine u online trgovinama uklju\u010denima u program. Ovaj pogodan na\u010din kupovine mogu\u0107 je putem Va\u0161e postoje\u0107e Visa kartice.<\/p>\n<p>Osim toga, Verified by Visa je brz postupak. Potrebno je samo jednom registrirati svoju karticu i sastaviti svoju vlastitu lozinku. Potom, nakon obavljene kupnje u trgovinama uklju\u010denima u program, pojavit \u0107e se Verified by Visa prozor. Jednostavno unesite svoju lozinku i kliknite na &#8220;submit&#8221;. Va\u0161 je identitet potvr\u0111en, a kupovina sigurna.<\/p>\n<p>Kako biste aktivirali Verified by Visa na svojoj Visa kartici ili saznali vi\u0161e o ovome, kontaktirajte svoju financijsku ustanovu koja Vam je izdala Va\u0161u Visa karticu..<a href=\"http:\/\/www.visaeu.com\" target=\"_blank\" rel=\"noopener noreferrer\">vi\u0161e informacija<\/a>.<\/p>\n<p>&nbsp;<\/p>\n<p><span lang=\"HR\">Kada kliknete Plati, vidjet \u0107ete potvrdu o va\u0161oj narud\u017ebi koja \u0107e vam biti poslana na va\u0161u e-mail adresu.<\/span><\/p>\n<p><span lang=\"HR\">Nakon \u0161to je uplata evidentirana, kupac dobiva obavijest u elektronskom obliku sa naznakom o isporuci. Obavijest \u0107e dobiti tijekom prvog radnog dana od trenutka kupnje (ponedjeljak petak od 8-16). Papirnati ra\u010dun bit \u0107e poslan kupcu, ne nu\u017eno zajedno s po\u0161iljkom.<\/span><\/p>\n<p>&nbsp;<\/p>\n<p><span lang=\"HR\">Potvrda narud\u017ebe zajedno s ovim Uvjetima poslovanja predstavlja Prethodnu obavijest u smislu \u010clanka 43. ZZP. Potvrdu prethodne obavijesti (\u010clanak 44. ZZP) kupac \u0107e primiti zajedno s ra\u010dunom za kupljenu robu.<\/span>[\/vc_column_text][\/vc_column][\/vc_row][vc_row css_animation=&#8221;&#8221; row_type=&#8221;row&#8221; use_row_as_full_screen_section=&#8221;no&#8221; type=&#8221;full_width&#8221; angled_section=&#8221;no&#8221; text_align=&#8221;left&#8221; background_image_as_pattern=&#8221;without_pattern&#8221;][vc_column][vc_empty_space height=&#8221;100px&#8221;][\/vc_column][\/vc_row]<\/p>\n<\/div>","protected":false},"excerpt":{"rendered":"<p>[vc_row css_animation=&#8221;&#8221; row_type=&#8221;row&#8221; use_row_as_full_screen_section=&#8221;no&#8221; type=&#8221;full_width&#8221; angled_section=&#8221;no&#8221; text_align=&#8221;left&#8221; background_image_as_pattern=&#8221;without_pattern&#8221;][vc_column][vc_empty_space height=&#8221;100px&#8221;][\/vc_column][\/vc_row][vc_row css_animation=&#8221;&#8221; row_type=&#8221;row&#8221; use_row_as_full_screen_section=&#8221;no&#8221; type=&#8221;grid&#8221; angled_section=&#8221;no&#8221; text_align=&#8221;left&#8221; background_image_as_pattern=&#8221;without_pattern&#8221; z_index=&#8221;&#8221;][vc_column][vc_column_text]NA\u010cINI PLA\u0106ANJA &nbsp; Pla\u0107anje je mogu\u0107e izvr\u0161iti: &nbsp; op\u0107om uplatnicom virmanom putem internet bankarstva doznakom na ra\u010dun prodavatelja gotovinom prilikom preuzimanja kreditnim karticama SIGURNOST ONLINE PLA\u0106ANJA &nbsp; &nbsp; &nbsp;&#8230;<\/p>\n","protected":false},"author":1,"featured_media":0,"parent":0,"menu_order":0,"comment_status":"closed","ping_status":"closed","template":"full_width.php","meta":{"footnotes":""},"class_list":["post-805","page","type-page","status-publish","hentry"],"yoast_head":"<!-- This site is optimized with the Yoast SEO plugin v27.4 - https:\/\/yoast.com\/product\/yoast-seo-wordpress\/ -->\n<title>Pla\u0107anje - Nekmar<\/title>\n<meta name=\"robots\" content=\"noindex, follow\" \/>\n<meta property=\"og:locale\" content=\"hr_HR\" \/>\n<meta property=\"og:type\" content=\"article\" \/>\n<meta property=\"og:title\" content=\"Pla\u0107anje - Nekmar\" \/>\n<meta property=\"og:description\" content=\"[vc_row css_animation=&#8221;&#8221; row_type=&#8221;row&#8221; use_row_as_full_screen_section=&#8221;no&#8221; type=&#8221;full_width&#8221; angled_section=&#8221;no&#8221; text_align=&#8221;left&#8221; background_image_as_pattern=&#8221;without_pattern&#8221;][vc_column][vc_empty_space height=&#8221;100px&#8221;][\/vc_column][\/vc_row][vc_row css_animation=&#8221;&#8221; row_type=&#8221;row&#8221; use_row_as_full_screen_section=&#8221;no&#8221; type=&#8221;grid&#8221; angled_section=&#8221;no&#8221; text_align=&#8221;left&#8221; background_image_as_pattern=&#8221;without_pattern&#8221; z_index=&#8221;&#8221;][vc_column][vc_column_text]NA\u010cINI PLA\u0106ANJA &nbsp; Pla\u0107anje je mogu\u0107e izvr\u0161iti: &nbsp; op\u0107om uplatnicom virmanom putem internet bankarstva doznakom na ra\u010dun prodavatelja gotovinom prilikom preuzimanja kreditnim karticama SIGURNOST ONLINE PLA\u0106ANJA &nbsp; &nbsp; &nbsp;...\" \/>\n<meta property=\"og:url\" content=\"https:\/\/nekmar.eu\/hr\/placanje\/\" \/>\n<meta property=\"og:site_name\" content=\"Nekmar\" \/>\n<meta property=\"article:publisher\" content=\"https:\/\/www.facebook.com\/nekmarpetnutritionHR\/\" \/>\n<meta property=\"article:modified_time\" content=\"2023-04-06T04:59:42+00:00\" \/>\n<meta property=\"og:image\" content=\"https:\/\/nekmar.eu\/hr\/wp-content\/uploads\/2023\/02\/kartice.jpg\" \/>\n<meta name=\"twitter:card\" content=\"summary_large_image\" \/>\n<meta name=\"twitter:label1\" content=\"Procijenjeno vrijeme \u010ditanja\" \/>\n\t<meta name=\"twitter:data1\" content=\"5 minuta\" \/>\n<script type=\"application\/ld+json\" class=\"yoast-schema-graph\">{\"@context\":\"https:\\\/\\\/schema.org\",\"@graph\":[{\"@type\":\"WebPage\",\"@id\":\"https:\\\/\\\/nekmar.eu\\\/hr\\\/placanje\\\/\",\"url\":\"https:\\\/\\\/nekmar.eu\\\/hr\\\/placanje\\\/\",\"name\":\"Pla\u0107anje - Nekmar\",\"isPartOf\":{\"@id\":\"https:\\\/\\\/nekmar.eu\\\/hr\\\/#website\"},\"primaryImageOfPage\":{\"@id\":\"https:\\\/\\\/nekmar.eu\\\/hr\\\/placanje\\\/#primaryimage\"},\"image\":{\"@id\":\"https:\\\/\\\/nekmar.eu\\\/hr\\\/placanje\\\/#primaryimage\"},\"thumbnailUrl\":\"https:\\\/\\\/nekmar.eu\\\/hr\\\/wp-content\\\/uploads\\\/2023\\\/02\\\/kartice.jpg\",\"datePublished\":\"2019-10-16T12:17:40+00:00\",\"dateModified\":\"2023-04-06T04:59:42+00:00\",\"breadcrumb\":{\"@id\":\"https:\\\/\\\/nekmar.eu\\\/hr\\\/placanje\\\/#breadcrumb\"},\"inLanguage\":\"hr\",\"potentialAction\":[{\"@type\":\"ReadAction\",\"target\":[\"https:\\\/\\\/nekmar.eu\\\/hr\\\/placanje\\\/\"]}]},{\"@type\":\"ImageObject\",\"inLanguage\":\"hr\",\"@id\":\"https:\\\/\\\/nekmar.eu\\\/hr\\\/placanje\\\/#primaryimage\",\"url\":\"https:\\\/\\\/nekmar.eu\\\/hr\\\/wp-content\\\/uploads\\\/2023\\\/02\\\/kartice.jpg\",\"contentUrl\":\"https:\\\/\\\/nekmar.eu\\\/hr\\\/wp-content\\\/uploads\\\/2023\\\/02\\\/kartice.jpg\",\"width\":617,\"height\":98},{\"@type\":\"BreadcrumbList\",\"@id\":\"https:\\\/\\\/nekmar.eu\\\/hr\\\/placanje\\\/#breadcrumb\",\"itemListElement\":[{\"@type\":\"ListItem\",\"position\":1,\"name\":\"Home\",\"item\":\"https:\\\/\\\/nekmar.eu\\\/hr\\\/\"},{\"@type\":\"ListItem\",\"position\":2,\"name\":\"Pla\u0107anje\"}]},{\"@type\":\"WebSite\",\"@id\":\"https:\\\/\\\/nekmar.eu\\\/hr\\\/#website\",\"url\":\"https:\\\/\\\/nekmar.eu\\\/hr\\\/\",\"name\":\"Nekmar\",\"description\":\"Pet Nutrition\",\"publisher\":{\"@id\":\"https:\\\/\\\/nekmar.eu\\\/hr\\\/#organization\"},\"potentialAction\":[{\"@type\":\"SearchAction\",\"target\":{\"@type\":\"EntryPoint\",\"urlTemplate\":\"https:\\\/\\\/nekmar.eu\\\/hr\\\/?s={search_term_string}\"},\"query-input\":{\"@type\":\"PropertyValueSpecification\",\"valueRequired\":true,\"valueName\":\"search_term_string\"}}],\"inLanguage\":\"hr\"},{\"@type\":\"Organization\",\"@id\":\"https:\\\/\\\/nekmar.eu\\\/hr\\\/#organization\",\"name\":\"Nekmar Pet Nutrition\",\"url\":\"https:\\\/\\\/nekmar.eu\\\/hr\\\/\",\"logo\":{\"@type\":\"ImageObject\",\"inLanguage\":\"hr\",\"@id\":\"https:\\\/\\\/nekmar.eu\\\/hr\\\/#\\\/schema\\\/logo\\\/image\\\/\",\"url\":\"https:\\\/\\\/nekmar.eu\\\/hr\\\/wp-content\\\/uploads\\\/2019\\\/08\\\/Nekmar-contact.jpg\",\"contentUrl\":\"https:\\\/\\\/nekmar.eu\\\/hr\\\/wp-content\\\/uploads\\\/2019\\\/08\\\/Nekmar-contact.jpg\",\"width\":600,\"height\":142,\"caption\":\"Nekmar Pet Nutrition\"},\"image\":{\"@id\":\"https:\\\/\\\/nekmar.eu\\\/hr\\\/#\\\/schema\\\/logo\\\/image\\\/\"},\"sameAs\":[\"https:\\\/\\\/www.facebook.com\\\/nekmarpetnutritionHR\\\/\",\"https:\\\/\\\/www.instagram.com\\\/nekmar_hr\\\/\"]}]}<\/script>\n<!-- \/ Yoast SEO plugin. -->","yoast_head_json":{"title":"Pla\u0107anje - Nekmar","robots":{"index":"noindex","follow":"follow"},"og_locale":"hr_HR","og_type":"article","og_title":"Pla\u0107anje - Nekmar","og_description":"[vc_row css_animation=&#8221;&#8221; row_type=&#8221;row&#8221; use_row_as_full_screen_section=&#8221;no&#8221; type=&#8221;full_width&#8221; angled_section=&#8221;no&#8221; text_align=&#8221;left&#8221; background_image_as_pattern=&#8221;without_pattern&#8221;][vc_column][vc_empty_space height=&#8221;100px&#8221;][\/vc_column][\/vc_row][vc_row css_animation=&#8221;&#8221; row_type=&#8221;row&#8221; use_row_as_full_screen_section=&#8221;no&#8221; type=&#8221;grid&#8221; angled_section=&#8221;no&#8221; text_align=&#8221;left&#8221; background_image_as_pattern=&#8221;without_pattern&#8221; z_index=&#8221;&#8221;][vc_column][vc_column_text]NA\u010cINI PLA\u0106ANJA &nbsp; Pla\u0107anje je mogu\u0107e izvr\u0161iti: &nbsp; op\u0107om uplatnicom virmanom putem internet bankarstva doznakom na ra\u010dun prodavatelja gotovinom prilikom preuzimanja kreditnim karticama SIGURNOST ONLINE PLA\u0106ANJA &nbsp; &nbsp; &nbsp;...","og_url":"https:\/\/nekmar.eu\/hr\/placanje\/","og_site_name":"Nekmar","article_publisher":"https:\/\/www.facebook.com\/nekmarpetnutritionHR\/","article_modified_time":"2023-04-06T04:59:42+00:00","og_image":[{"url":"https:\/\/nekmar.eu\/hr\/wp-content\/uploads\/2023\/02\/kartice.jpg","type":"","width":"","height":""}],"twitter_card":"summary_large_image","twitter_misc":{"Procijenjeno vrijeme \u010ditanja":"5 minuta"},"schema":{"@context":"https:\/\/schema.org","@graph":[{"@type":"WebPage","@id":"https:\/\/nekmar.eu\/hr\/placanje\/","url":"https:\/\/nekmar.eu\/hr\/placanje\/","name":"Pla\u0107anje - Nekmar","isPartOf":{"@id":"https:\/\/nekmar.eu\/hr\/#website"},"primaryImageOfPage":{"@id":"https:\/\/nekmar.eu\/hr\/placanje\/#primaryimage"},"image":{"@id":"https:\/\/nekmar.eu\/hr\/placanje\/#primaryimage"},"thumbnailUrl":"https:\/\/nekmar.eu\/hr\/wp-content\/uploads\/2023\/02\/kartice.jpg","datePublished":"2019-10-16T12:17:40+00:00","dateModified":"2023-04-06T04:59:42+00:00","breadcrumb":{"@id":"https:\/\/nekmar.eu\/hr\/placanje\/#breadcrumb"},"inLanguage":"hr","potentialAction":[{"@type":"ReadAction","target":["https:\/\/nekmar.eu\/hr\/placanje\/"]}]},{"@type":"ImageObject","inLanguage":"hr","@id":"https:\/\/nekmar.eu\/hr\/placanje\/#primaryimage","url":"https:\/\/nekmar.eu\/hr\/wp-content\/uploads\/2023\/02\/kartice.jpg","contentUrl":"https:\/\/nekmar.eu\/hr\/wp-content\/uploads\/2023\/02\/kartice.jpg","width":617,"height":98},{"@type":"BreadcrumbList","@id":"https:\/\/nekmar.eu\/hr\/placanje\/#breadcrumb","itemListElement":[{"@type":"ListItem","position":1,"name":"Home","item":"https:\/\/nekmar.eu\/hr\/"},{"@type":"ListItem","position":2,"name":"Pla\u0107anje"}]},{"@type":"WebSite","@id":"https:\/\/nekmar.eu\/hr\/#website","url":"https:\/\/nekmar.eu\/hr\/","name":"Nekmar","description":"Pet Nutrition","publisher":{"@id":"https:\/\/nekmar.eu\/hr\/#organization"},"potentialAction":[{"@type":"SearchAction","target":{"@type":"EntryPoint","urlTemplate":"https:\/\/nekmar.eu\/hr\/?s={search_term_string}"},"query-input":{"@type":"PropertyValueSpecification","valueRequired":true,"valueName":"search_term_string"}}],"inLanguage":"hr"},{"@type":"Organization","@id":"https:\/\/nekmar.eu\/hr\/#organization","name":"Nekmar Pet Nutrition","url":"https:\/\/nekmar.eu\/hr\/","logo":{"@type":"ImageObject","inLanguage":"hr","@id":"https:\/\/nekmar.eu\/hr\/#\/schema\/logo\/image\/","url":"https:\/\/nekmar.eu\/hr\/wp-content\/uploads\/2019\/08\/Nekmar-contact.jpg","contentUrl":"https:\/\/nekmar.eu\/hr\/wp-content\/uploads\/2019\/08\/Nekmar-contact.jpg","width":600,"height":142,"caption":"Nekmar Pet Nutrition"},"image":{"@id":"https:\/\/nekmar.eu\/hr\/#\/schema\/logo\/image\/"},"sameAs":["https:\/\/www.facebook.com\/nekmarpetnutritionHR\/","https:\/\/www.instagram.com\/nekmar_hr\/"]}]}},"_links":{"self":[{"href":"https:\/\/nekmar.eu\/hr\/wp-json\/wp\/v2\/pages\/805","targetHints":{"allow":["GET"]}}],"collection":[{"href":"https:\/\/nekmar.eu\/hr\/wp-json\/wp\/v2\/pages"}],"about":[{"href":"https:\/\/nekmar.eu\/hr\/wp-json\/wp\/v2\/types\/page"}],"author":[{"embeddable":true,"href":"https:\/\/nekmar.eu\/hr\/wp-json\/wp\/v2\/users\/1"}],"replies":[{"embeddable":true,"href":"https:\/\/nekmar.eu\/hr\/wp-json\/wp\/v2\/comments?post=805"}],"version-history":[{"count":0,"href":"https:\/\/nekmar.eu\/hr\/wp-json\/wp\/v2\/pages\/805\/revisions"}],"wp:attachment":[{"href":"https:\/\/nekmar.eu\/hr\/wp-json\/wp\/v2\/media?parent=805"}],"curies":[{"name":"wp","href":"https:\/\/api.w.org\/{rel}","templated":true}]}}