{"id":807,"date":"2019-10-16T12:19:02","date_gmt":"2019-10-16T12:19:02","guid":{"rendered":"https:\/\/nekmar.eu\/hr\/?page_id=807"},"modified":"2019-12-13T18:17:32","modified_gmt":"2019-12-13T18:17:32","slug":"reklamacije","status":"publish","type":"page","link":"https:\/\/nekmar.eu\/hr\/reklamacije\/","title":{"rendered":"Reklamacije"},"content":{"rendered":"<div class=\"wpb-content-wrapper\"><p>[vc_row css_animation=&#8221;&#8221; row_type=&#8221;row&#8221; use_row_as_full_screen_section=&#8221;no&#8221; type=&#8221;full_width&#8221; angled_section=&#8221;no&#8221; text_align=&#8221;left&#8221; background_image_as_pattern=&#8221;without_pattern&#8221;][vc_column][vc_empty_space height=&#8221;100px&#8221;][\/vc_column][\/vc_row][vc_row css_animation=&#8221;&#8221; row_type=&#8221;row&#8221; use_row_as_full_screen_section=&#8221;no&#8221; type=&#8221;grid&#8221; angled_section=&#8221;no&#8221; text_align=&#8221;left&#8221; background_image_as_pattern=&#8221;without_pattern&#8221; z_index=&#8221;&#8221;][vc_column][vc_column_text]<strong>Reklamacije<\/strong><\/p>\n<p>&nbsp;<\/p>\n<p>Kupac je du\u017ean prilikom preuzimanja robe provjeriti eventualna o\u0161te\u0107enja i odmah reklamirati dostavlja\u010du koji je robu dostavio, odnosno odbiti preuzeti po\u0161iljku na kojoj su vidljiva o\u0161te\u0107enja. Kada isporu\u010dimo originalno zapakiran paket na Va\u0161a vrata i Vi preuzimate robu uz obavezan potpis na dostavnici, time potvr\u0111ujete da je roba uredno isporu\u010dena.<\/p>\n<p>&nbsp;<\/p>\n<p>&nbsp;<\/p>\n<p><strong>Primjedbe i prigovori<\/strong><\/p>\n<p>&nbsp;<\/p>\n<p>Sukladno Zakonu o za\u0161titi potro\u0161a\u010da, \u010dlanak 8., kupac mo\u017ee svoje pisane prigovore poslati elektronskom po\u0161tom na hrvatska@nekmar.eu . Na sve primjedbe i prigovore tvrtka\u00a0<strong>NEKMAR PET NUTRITION d.o.o\u00a0<\/strong>odgovorit \u0107e u roku od maksimalno 15 dana.<\/p>\n<p>&nbsp;<\/p>\n<p>&nbsp;<\/p>\n<p><strong>Rje\u0161avanje sporova<\/strong><\/p>\n<p>&nbsp;<\/p>\n<p>Eventualne sporove Prodavatelj i Kupac nastojat \u0107e rije\u0161iti dogovorom i mirnim putem, a u suprotnom nadle\u017ean je sud u mjestu sjedi\u0161ta prodavatelja.[\/vc_column_text][\/vc_column][\/vc_row][vc_row css_animation=&#8221;&#8221; row_type=&#8221;row&#8221; use_row_as_full_screen_section=&#8221;no&#8221; type=&#8221;full_width&#8221; angled_section=&#8221;no&#8221; text_align=&#8221;left&#8221; background_image_as_pattern=&#8221;without_pattern&#8221;][vc_column][vc_empty_space height=&#8221;100px&#8221;][\/vc_column][\/vc_row]<\/p>\n<\/div>","protected":false},"excerpt":{"rendered":"<p>[vc_row css_animation=&#8221;&#8221; row_type=&#8221;row&#8221; use_row_as_full_screen_section=&#8221;no&#8221; type=&#8221;full_width&#8221; angled_section=&#8221;no&#8221; text_align=&#8221;left&#8221; background_image_as_pattern=&#8221;without_pattern&#8221;][vc_column][vc_empty_space height=&#8221;100px&#8221;][\/vc_column][\/vc_row][vc_row css_animation=&#8221;&#8221; row_type=&#8221;row&#8221; use_row_as_full_screen_section=&#8221;no&#8221; type=&#8221;grid&#8221; angled_section=&#8221;no&#8221; text_align=&#8221;left&#8221; background_image_as_pattern=&#8221;without_pattern&#8221; z_index=&#8221;&#8221;][vc_column][vc_column_text]Reklamacije &nbsp; Kupac je du\u017ean prilikom preuzimanja robe provjeriti eventualna o\u0161te\u0107enja i odmah reklamirati dostavlja\u010du koji je robu dostavio, odnosno odbiti preuzeti po\u0161iljku na kojoj su vidljiva o\u0161te\u0107enja. Kada&#8230;<\/p>\n","protected":false},"author":1,"featured_media":0,"parent":0,"menu_order":0,"comment_status":"closed","ping_status":"closed","template":"full_width.php","meta":{"footnotes":""},"class_list":["post-807","page","type-page","status-publish","hentry"],"yoast_head":"<!-- This site is optimized with the Yoast SEO plugin v27.2 - https:\/\/yoast.com\/product\/yoast-seo-wordpress\/ -->\n<title>Reklamacije - Nekmar<\/title>\n<meta name=\"robots\" content=\"noindex, follow\" \/>\n<meta property=\"og:locale\" content=\"hr_HR\" \/>\n<meta property=\"og:type\" content=\"article\" \/>\n<meta property=\"og:title\" content=\"Reklamacije - Nekmar\" \/>\n<meta property=\"og:description\" content=\"[vc_row css_animation=&#8221;&#8221; row_type=&#8221;row&#8221; use_row_as_full_screen_section=&#8221;no&#8221; type=&#8221;full_width&#8221; angled_section=&#8221;no&#8221; text_align=&#8221;left&#8221; background_image_as_pattern=&#8221;without_pattern&#8221;][vc_column][vc_empty_space height=&#8221;100px&#8221;][\/vc_column][\/vc_row][vc_row css_animation=&#8221;&#8221; row_type=&#8221;row&#8221; use_row_as_full_screen_section=&#8221;no&#8221; type=&#8221;grid&#8221; angled_section=&#8221;no&#8221; text_align=&#8221;left&#8221; background_image_as_pattern=&#8221;without_pattern&#8221; z_index=&#8221;&#8221;][vc_column][vc_column_text]Reklamacije &nbsp; Kupac je du\u017ean prilikom preuzimanja robe provjeriti eventualna o\u0161te\u0107enja i odmah reklamirati dostavlja\u010du koji je robu dostavio, odnosno odbiti preuzeti po\u0161iljku na kojoj su vidljiva o\u0161te\u0107enja. Kada...\" \/>\n<meta property=\"og:url\" content=\"https:\/\/nekmar.eu\/hr\/reklamacije\/\" \/>\n<meta property=\"og:site_name\" content=\"Nekmar\" \/>\n<meta property=\"article:publisher\" content=\"https:\/\/www.facebook.com\/nekmarpetnutritionHR\/\" \/>\n<meta property=\"article:modified_time\" content=\"2019-12-13T18:17:32+00:00\" \/>\n<meta property=\"og:image\" content=\"https:\/\/nekmar.eu\/hr\/wp-content\/uploads\/2019\/08\/nekmar-f.jpg\" \/>\n\t<meta property=\"og:image:width\" content=\"1200\" \/>\n\t<meta property=\"og:image:height\" content=\"630\" \/>\n\t<meta property=\"og:image:type\" content=\"image\/jpeg\" \/>\n<meta name=\"twitter:card\" content=\"summary_large_image\" \/>\n<meta name=\"twitter:label1\" content=\"Procijenjeno vrijeme \u010ditanja\" \/>\n\t<meta name=\"twitter:data1\" content=\"1 minuta\" \/>\n<script type=\"application\/ld+json\" class=\"yoast-schema-graph\">{\"@context\":\"https:\/\/schema.org\",\"@graph\":[{\"@type\":\"WebPage\",\"@id\":\"https:\/\/nekmar.eu\/hr\/reklamacije\/\",\"url\":\"https:\/\/nekmar.eu\/hr\/reklamacije\/\",\"name\":\"Reklamacije - Nekmar\",\"isPartOf\":{\"@id\":\"https:\/\/nekmar.eu\/hr\/#website\"},\"datePublished\":\"2019-10-16T12:19:02+00:00\",\"dateModified\":\"2019-12-13T18:17:32+00:00\",\"breadcrumb\":{\"@id\":\"https:\/\/nekmar.eu\/hr\/reklamacije\/#breadcrumb\"},\"inLanguage\":\"hr\",\"potentialAction\":[{\"@type\":\"ReadAction\",\"target\":[\"https:\/\/nekmar.eu\/hr\/reklamacije\/\"]}]},{\"@type\":\"BreadcrumbList\",\"@id\":\"https:\/\/nekmar.eu\/hr\/reklamacije\/#breadcrumb\",\"itemListElement\":[{\"@type\":\"ListItem\",\"position\":1,\"name\":\"Home\",\"item\":\"https:\/\/nekmar.eu\/hr\/\"},{\"@type\":\"ListItem\",\"position\":2,\"name\":\"Reklamacije\"}]},{\"@type\":\"WebSite\",\"@id\":\"https:\/\/nekmar.eu\/hr\/#website\",\"url\":\"https:\/\/nekmar.eu\/hr\/\",\"name\":\"Nekmar\",\"description\":\"Pet Nutrition\",\"publisher\":{\"@id\":\"https:\/\/nekmar.eu\/hr\/#organization\"},\"potentialAction\":[{\"@type\":\"SearchAction\",\"target\":{\"@type\":\"EntryPoint\",\"urlTemplate\":\"https:\/\/nekmar.eu\/hr\/?s={search_term_string}\"},\"query-input\":{\"@type\":\"PropertyValueSpecification\",\"valueRequired\":true,\"valueName\":\"search_term_string\"}}],\"inLanguage\":\"hr\"},{\"@type\":\"Organization\",\"@id\":\"https:\/\/nekmar.eu\/hr\/#organization\",\"name\":\"Nekmar Pet Nutrition\",\"url\":\"https:\/\/nekmar.eu\/hr\/\",\"logo\":{\"@type\":\"ImageObject\",\"inLanguage\":\"hr\",\"@id\":\"https:\/\/nekmar.eu\/hr\/#\/schema\/logo\/image\/\",\"url\":\"https:\/\/nekmar.eu\/hr\/wp-content\/uploads\/2019\/08\/Nekmar-contact.jpg\",\"contentUrl\":\"https:\/\/nekmar.eu\/hr\/wp-content\/uploads\/2019\/08\/Nekmar-contact.jpg\",\"width\":600,\"height\":142,\"caption\":\"Nekmar Pet Nutrition\"},\"image\":{\"@id\":\"https:\/\/nekmar.eu\/hr\/#\/schema\/logo\/image\/\"},\"sameAs\":[\"https:\/\/www.facebook.com\/nekmarpetnutritionHR\/\",\"https:\/\/www.instagram.com\/nekmar_hr\/\"]}]}<\/script>\n<!-- \/ Yoast SEO plugin. -->","yoast_head_json":{"title":"Reklamacije - Nekmar","robots":{"index":"noindex","follow":"follow"},"og_locale":"hr_HR","og_type":"article","og_title":"Reklamacije - Nekmar","og_description":"[vc_row css_animation=&#8221;&#8221; row_type=&#8221;row&#8221; use_row_as_full_screen_section=&#8221;no&#8221; type=&#8221;full_width&#8221; angled_section=&#8221;no&#8221; text_align=&#8221;left&#8221; background_image_as_pattern=&#8221;without_pattern&#8221;][vc_column][vc_empty_space height=&#8221;100px&#8221;][\/vc_column][\/vc_row][vc_row css_animation=&#8221;&#8221; row_type=&#8221;row&#8221; use_row_as_full_screen_section=&#8221;no&#8221; type=&#8221;grid&#8221; angled_section=&#8221;no&#8221; text_align=&#8221;left&#8221; background_image_as_pattern=&#8221;without_pattern&#8221; z_index=&#8221;&#8221;][vc_column][vc_column_text]Reklamacije &nbsp; Kupac je du\u017ean prilikom preuzimanja robe provjeriti eventualna o\u0161te\u0107enja i odmah reklamirati dostavlja\u010du koji je robu dostavio, odnosno odbiti preuzeti po\u0161iljku na kojoj su vidljiva o\u0161te\u0107enja. Kada...","og_url":"https:\/\/nekmar.eu\/hr\/reklamacije\/","og_site_name":"Nekmar","article_publisher":"https:\/\/www.facebook.com\/nekmarpetnutritionHR\/","article_modified_time":"2019-12-13T18:17:32+00:00","og_image":[{"width":1200,"height":630,"url":"https:\/\/nekmar.eu\/hr\/wp-content\/uploads\/2019\/08\/nekmar-f.jpg","type":"image\/jpeg"}],"twitter_card":"summary_large_image","twitter_misc":{"Procijenjeno vrijeme \u010ditanja":"1 minuta"},"schema":{"@context":"https:\/\/schema.org","@graph":[{"@type":"WebPage","@id":"https:\/\/nekmar.eu\/hr\/reklamacije\/","url":"https:\/\/nekmar.eu\/hr\/reklamacije\/","name":"Reklamacije - Nekmar","isPartOf":{"@id":"https:\/\/nekmar.eu\/hr\/#website"},"datePublished":"2019-10-16T12:19:02+00:00","dateModified":"2019-12-13T18:17:32+00:00","breadcrumb":{"@id":"https:\/\/nekmar.eu\/hr\/reklamacije\/#breadcrumb"},"inLanguage":"hr","potentialAction":[{"@type":"ReadAction","target":["https:\/\/nekmar.eu\/hr\/reklamacije\/"]}]},{"@type":"BreadcrumbList","@id":"https:\/\/nekmar.eu\/hr\/reklamacije\/#breadcrumb","itemListElement":[{"@type":"ListItem","position":1,"name":"Home","item":"https:\/\/nekmar.eu\/hr\/"},{"@type":"ListItem","position":2,"name":"Reklamacije"}]},{"@type":"WebSite","@id":"https:\/\/nekmar.eu\/hr\/#website","url":"https:\/\/nekmar.eu\/hr\/","name":"Nekmar","description":"Pet Nutrition","publisher":{"@id":"https:\/\/nekmar.eu\/hr\/#organization"},"potentialAction":[{"@type":"SearchAction","target":{"@type":"EntryPoint","urlTemplate":"https:\/\/nekmar.eu\/hr\/?s={search_term_string}"},"query-input":{"@type":"PropertyValueSpecification","valueRequired":true,"valueName":"search_term_string"}}],"inLanguage":"hr"},{"@type":"Organization","@id":"https:\/\/nekmar.eu\/hr\/#organization","name":"Nekmar Pet Nutrition","url":"https:\/\/nekmar.eu\/hr\/","logo":{"@type":"ImageObject","inLanguage":"hr","@id":"https:\/\/nekmar.eu\/hr\/#\/schema\/logo\/image\/","url":"https:\/\/nekmar.eu\/hr\/wp-content\/uploads\/2019\/08\/Nekmar-contact.jpg","contentUrl":"https:\/\/nekmar.eu\/hr\/wp-content\/uploads\/2019\/08\/Nekmar-contact.jpg","width":600,"height":142,"caption":"Nekmar Pet Nutrition"},"image":{"@id":"https:\/\/nekmar.eu\/hr\/#\/schema\/logo\/image\/"},"sameAs":["https:\/\/www.facebook.com\/nekmarpetnutritionHR\/","https:\/\/www.instagram.com\/nekmar_hr\/"]}]}},"_links":{"self":[{"href":"https:\/\/nekmar.eu\/hr\/wp-json\/wp\/v2\/pages\/807","targetHints":{"allow":["GET"]}}],"collection":[{"href":"https:\/\/nekmar.eu\/hr\/wp-json\/wp\/v2\/pages"}],"about":[{"href":"https:\/\/nekmar.eu\/hr\/wp-json\/wp\/v2\/types\/page"}],"author":[{"embeddable":true,"href":"https:\/\/nekmar.eu\/hr\/wp-json\/wp\/v2\/users\/1"}],"replies":[{"embeddable":true,"href":"https:\/\/nekmar.eu\/hr\/wp-json\/wp\/v2\/comments?post=807"}],"version-history":[{"count":0,"href":"https:\/\/nekmar.eu\/hr\/wp-json\/wp\/v2\/pages\/807\/revisions"}],"wp:attachment":[{"href":"https:\/\/nekmar.eu\/hr\/wp-json\/wp\/v2\/media?parent=807"}],"curies":[{"name":"wp","href":"https:\/\/api.w.org\/{rel}","templated":true}]}}