{"id":1180,"date":"2020-01-15T13:20:48","date_gmt":"2020-01-15T12:20:48","guid":{"rendered":"https:\/\/nekmar.eu\/hr\/?post_type=product&#038;p=1180"},"modified":"2026-02-01T00:15:48","modified_gmt":"2026-01-31T23:15:48","slug":"aston-supreme-puppy-taste-of-country","status":"publish","type":"product","link":"https:\/\/nekmar.eu\/hr\/proizvod\/aston-supreme-puppy-taste-of-country\/","title":{"rendered":"Aston Supreme Puppy Taste of Country"},"content":{"rendered":"<div class=\"wpb-content-wrapper\"><p>[vc_row css_animation=&#8221;&#8221; row_type=&#8221;row&#8221; use_row_as_full_screen_section=&#8221;no&#8221; type=&#8221;full_width&#8221; angled_section=&#8221;no&#8221; text_align=&#8221;left&#8221; background_image_as_pattern=&#8221;without_pattern&#8221;][vc_column][vc_column_text]<strong>SASTAV:<\/strong> dehidrirano meso 40% (od \u010dega piletina 16%, govedina 12%, svinjetina 12%), kukuruz, pile\u0107a masno\u0107a, gra\u0161ak, sjeme lana, su\u0161ena repina pulpa, kvasci, minerali, vitamini.<\/p>\n<p>&nbsp;<\/p>\n<p><strong>ANALITI\u010cKI SASTAV:<\/strong> sirovi proteini 29,5%, sirova ulja i masno\u0107e 21%, sirova vlakna 2,6%, pepeo 8%, vlaga 8%.<\/p>\n<p>&nbsp;<\/p>\n<p><strong>PREHRAMBENI DODACI po KG:<\/strong> 3a672a Vitamin A 13500 IJ, E671 Vitamin D3 950 IJ, 3a700 Vitamin E 115 mg, E4 bakar 47mg, E1 \u017eeljezo 50mg, E5 mangan 62 mg, 3b605 cink 148 mg, 3b201 jod 1,2 mg, E8 selen 0,27 mg .<\/p>\n<p>&nbsp;<\/p>\n<p><strong>TEHNOLO\u0160KI DODACI:<\/strong> antioksidanti.<\/p>\n<p>&nbsp;<\/p>\n<p><strong>METABOLIZIRANA ENERGIJA:<\/strong> 4180 Kcal\/kg.[\/vc_column_text][\/vc_column][\/vc_row][vc_row css_animation=&#8221;&#8221; row_type=&#8221;row&#8221; use_row_as_full_screen_section=&#8221;no&#8221; type=&#8221;full_width&#8221; angled_section=&#8221;no&#8221; text_align=&#8221;left&#8221; background_image_as_pattern=&#8221;without_pattern&#8221;][vc_column][vc_empty_space][vc_column_text]Preporu\u010dena dnevna koli\u010dina (g\/dan)[\/vc_column_text][vc_empty_space height=&#8221;10px&#8221;][vc_column_text]<\/p>\n<table class=\"gridtable\">\n<tbody>\n<tr>\n<th class=\"table-first-row\">Te\u017eina odraslog psa<\/th>\n<th class=\"table-first-row\">1-3kg<\/th>\n<th class=\"table-first-row\">4-5kg<\/th>\n<th class=\"table-first-row\">7kg<\/th>\n<th class=\"table-first-row\">10kg<\/th>\n<th class=\"table-first-row\">15kg<\/th>\n<th class=\"table-first-row\">20kg<\/th>\n<th class=\"table-first-row\">25kg<\/th>\n<th class=\"table-first-row\">30kg<\/th>\n<th class=\"table-first-row\">35kg<\/th>\n<th class=\"table-first-row\">40kg<\/th>\n<th class=\"table-first-row\">45kg<\/th>\n<th class=\"table-first-row\">50kg<\/th>\n<th class=\"table-first-row\">60kg<\/th>\n<th class=\"table-first-row\">70kg<\/th>\n<th class=\"table-first-row\">80kg<\/th>\n<\/tr>\n<tr>\n<td class=\"table-first-row\">1-2 mj.<\/td>\n<td>&gt;60g<\/td>\n<td>&gt;80g<\/td>\n<td>&gt;120g<\/td>\n<td>&gt;150<\/td>\n<td>&gt;200<\/td>\n<td>&gt;240<\/td>\n<td>&gt;270<\/td>\n<td>&gt;310<\/td>\n<td>&gt;315<\/td>\n<td>&gt;320<\/td>\n<td>&gt;335<\/td>\n<td>&gt;350<\/td>\n<td>&gt;400<\/td>\n<td>&gt;450<\/td>\n<td>&gt;500<\/td>\n<\/tr>\n<tr>\n<td class=\"table-first-row\">2 mjeseca<\/td>\n<td>60g<\/td>\n<td>80g<\/td>\n<td>120g<\/td>\n<td>150g<\/td>\n<td>200g<\/td>\n<td>240g<\/td>\n<td>270g<\/td>\n<td>310g<\/td>\n<td>315g<\/td>\n<td>320g<\/td>\n<td>335g<\/td>\n<td>350g<\/td>\n<td>400g<\/td>\n<td>450g<\/td>\n<td>500g<\/td>\n<\/tr>\n<tr>\n<td class=\"table-first-row\">3 mjeseca<\/td>\n<td>65g<\/td>\n<td>90g<\/td>\n<td>130g<\/td>\n<td>165g<\/td>\n<td>240g<\/td>\n<td>300g<\/td>\n<td>330g<\/td>\n<td>380g<\/td>\n<td>390g<\/td>\n<td>400g<\/td>\n<td>415g<\/td>\n<td>425g<\/td>\n<td>500g<\/td>\n<td>550g<\/td>\n<td>600g<\/td>\n<\/tr>\n<tr>\n<td class=\"table-first-row\">4 mjeseca<\/td>\n<td>70g<\/td>\n<td>100g<\/td>\n<td>140g<\/td>\n<td>175g<\/td>\n<td>265g<\/td>\n<td>310g<\/td>\n<td>345g<\/td>\n<td>390g<\/td>\n<td>400g<\/td>\n<td>410g<\/td>\n<td>450g<\/td>\n<td>500g<\/td>\n<td>580g<\/td>\n<td>660g<\/td>\n<td>730g<\/td>\n<\/tr>\n<tr>\n<td class=\"table-first-row\">6 mjeseci<\/td>\n<td>70g<\/td>\n<td>110g<\/td>\n<td>150g<\/td>\n<td>185g<\/td>\n<td>260g<\/td>\n<td>330g<\/td>\n<td>370g<\/td>\n<td>420g<\/td>\n<td>480g<\/td>\n<td>550g<\/td>\n<td>600g<\/td>\n<td>670g<\/td>\n<td>770g<\/td>\n<td>880g<\/td>\n<td>980g<\/td>\n<\/tr>\n<tr>\n<td class=\"table-first-row\">8 mjeseci<\/td>\n<td>&#8211;<\/td>\n<td>&#8211;<\/td>\n<td>130g<\/td>\n<td>185g<\/td>\n<td>250g<\/td>\n<td>330g<\/td>\n<td>370g<\/td>\n<td>420g<\/td>\n<td>490g<\/td>\n<td>540g<\/td>\n<td>590g<\/td>\n<td>680g<\/td>\n<td>760g<\/td>\n<td>870g<\/td>\n<td>980g<\/td>\n<\/tr>\n<tr>\n<td class=\"table-first-row\">10 mjeseci<\/td>\n<td>&#8211;<\/td>\n<td>&#8211;<\/td>\n<td>120g<\/td>\n<td>180g<\/td>\n<td>250g<\/td>\n<td>310g<\/td>\n<td>360g<\/td>\n<td>400g<\/td>\n<td>480g<\/td>\n<td>530g<\/td>\n<td>580g<\/td>\n<td>650g<\/td>\n<td>740g<\/td>\n<td>860g<\/td>\n<td>950g<\/td>\n<\/tr>\n<tr>\n<td class=\"table-first-row\">12 mjeseci<\/td>\n<td>&#8211;<\/td>\n<td>&#8211;<\/td>\n<td>120g<\/td>\n<td>180g<\/td>\n<td>240g<\/td>\n<td>300g<\/td>\n<td>345g<\/td>\n<td>390g<\/td>\n<td>470g<\/td>\n<td>520g<\/td>\n<td>570g<\/td>\n<td>640g<\/td>\n<td>720g<\/td>\n<td>840g<\/td>\n<td>900g<\/td>\n<\/tr>\n<\/tbody>\n<\/table>\n<p>[\/vc_column_text][vc_empty_space height=&#8221;22px&#8221;][vc_column_text]<strong>\u017dENKE U SKOTNOSTI ILI LAKTACIJI <\/strong><strong>:<\/strong> Skotnoj \u017eenki postepeno uvedite hranu nakon 35. dana skotnosti kroz period od 5 dana. U sedmom tjednu skotnosti postepeno pove\u0107avajte koli\u010dinu hrane dok ne dosegnete 50% ve\u0107u koli\u010dinu dnevnog unosa hrane u odnosu na period prije skotnosti (\u017eenka sada treba dobivati 3 obroka dnevno).U zadnjem tjednu skotnosti pove\u0107ajte koli\u010dinu hrane za dodatnih 15-20% te hranite istu koli\u010dinu do kraja laktacije.[\/vc_column_text][vc_empty_space height=&#8221;22px&#8221;][vc_column_text]<strong>PREPORUKA ZA HRANJENJE:<\/strong> hranu mo\u017eete psu dati suhu ili namo\u010denu (mi preporu\u010damo da se prilikom hranjenja preko hrane uvijek doda mala koli\u010dina mla\u010dne vode neposredno prije hranjenja radi olak\u0161anog probavljanja i intenzivnijeg okusa). Koli\u010dine mogu varirati ovisno o specifi\u010dnim potrebama nekih pasa. Pas treba uvijek imati dostupnu svje\u017eu pitku vodu. \u010cuvati na suhom i hladnom mjestu udaljeno od izvora topline.[\/vc_column_text][\/vc_column][\/vc_row][vc_row css_animation=&#8221;&#8221; row_type=&#8221;row&#8221; use_row_as_full_screen_section=&#8221;no&#8221; type=&#8221;full_width&#8221; angled_section=&#8221;no&#8221; text_align=&#8221;left&#8221; background_image_as_pattern=&#8221;without_pattern&#8221;][vc_column css=&#8221;.vc_custom_1574268599849{padding-top: 20px !important;padding-bottom: 20px !important;}&#8221;]<a  itemprop=\"url\" href=\"\/hr\/uzorci\/\" target=\"_self\" data-hover-background-color=\"#dddddd\" class=\"qbutton  medium center default\" style=\"color: #2e3d5c; border-color: #2e3d5c; \">Naru\u010dite probni uzorak<\/a>[\/vc_column][\/vc_row]<\/p>\n<\/div>","protected":false},"excerpt":{"rendered":"<p>Superpremium hrana za \u0161tence i mlade pse<\/p>\n","protected":false},"featured_media":14150,"template":"","meta":[],"product_brand":[],"product_cat":[100,99,103],"product_tag":[97,108],"class_list":{"0":"post-1180","1":"product","2":"type-product","3":"status-publish","4":"has-post-thumbnail","6":"product_cat-aston","7":"product_cat-dog-food","8":"product_cat-superpremium","9":"product_tag-aston","10":"product_tag-superpremium","12":"first","13":"instock","14":"taxable","15":"shipping-taxable","16":"purchasable","17":"product-type-variable"},"yoast_head":"<!-- This site is optimized with the Yoast SEO plugin v27.2 - https:\/\/yoast.com\/product\/yoast-seo-wordpress\/ -->\n<title>Aston - Supreme Puppy Taste of Country<\/title>\n<meta name=\"description\" content=\"Superpremium hrana za \u0161tence i mlade pse. Posjetite na\u0161u web trgovinu.\" \/>\n<meta name=\"robots\" content=\"index, follow, max-snippet:-1, max-image-preview:large, max-video-preview:-1\" \/>\n<link rel=\"canonical\" href=\"https:\/\/nekmar.eu\/hr\/proizvod\/aston-supreme-puppy-taste-of-country\/\" \/>\n<meta property=\"og:locale\" content=\"hr_HR\" \/>\n<meta property=\"og:type\" content=\"article\" \/>\n<meta property=\"og:title\" content=\"Aston Supreme Puppy Taste of Country\" \/>\n<meta property=\"og:description\" content=\"Posjetite web trgovinu\" \/>\n<meta property=\"og:url\" content=\"https:\/\/nekmar.eu\/hr\/proizvod\/aston-supreme-puppy-taste-of-country\/\" \/>\n<meta property=\"og:site_name\" content=\"Nekmar\" \/>\n<meta property=\"article:publisher\" content=\"https:\/\/www.facebook.com\/nekmarpetnutritionHR\/\" \/>\n<meta property=\"article:modified_time\" content=\"2026-01-31T23:15:48+00:00\" \/>\n<meta property=\"og:image\" content=\"https:\/\/nekmar.eu\/hr\/wp-content\/uploads\/2019\/08\/aston-f-nekmar.jpg\" \/>\n\t<meta property=\"og:image:width\" content=\"1200\" \/>\n\t<meta property=\"og:image:height\" content=\"630\" \/>\n\t<meta property=\"og:image:type\" content=\"image\/jpeg\" \/>\n<meta name=\"twitter:card\" content=\"summary_large_image\" \/>\n<meta name=\"twitter:label1\" content=\"Procijenjeno vrijeme \u010ditanja\" \/>\n\t<meta name=\"twitter:data1\" content=\"3 minute\" \/>\n<script type=\"application\/ld+json\" class=\"yoast-schema-graph\">{\"@context\":\"https:\/\/schema.org\",\"@graph\":[{\"@type\":\"WebPage\",\"@id\":\"https:\/\/nekmar.eu\/hr\/proizvod\/aston-supreme-puppy-taste-of-country\/\",\"url\":\"https:\/\/nekmar.eu\/hr\/proizvod\/aston-supreme-puppy-taste-of-country\/\",\"name\":\"Aston - Supreme Puppy Taste of Country\",\"isPartOf\":{\"@id\":\"https:\/\/nekmar.eu\/hr\/#website\"},\"primaryImageOfPage\":{\"@id\":\"https:\/\/nekmar.eu\/hr\/proizvod\/aston-supreme-puppy-taste-of-country\/#primaryimage\"},\"image\":{\"@id\":\"https:\/\/nekmar.eu\/hr\/proizvod\/aston-supreme-puppy-taste-of-country\/#primaryimage\"},\"thumbnailUrl\":\"https:\/\/nekmar.eu\/hr\/wp-content\/uploads\/2024\/04\/aston_supreme_puppy_taste_of_country.jpg\",\"datePublished\":\"2020-01-15T12:20:48+00:00\",\"dateModified\":\"2026-01-31T23:15:48+00:00\",\"description\":\"Superpremium hrana za \u0161tence i mlade pse. Posjetite na\u0161u web trgovinu.\",\"breadcrumb\":{\"@id\":\"https:\/\/nekmar.eu\/hr\/proizvod\/aston-supreme-puppy-taste-of-country\/#breadcrumb\"},\"inLanguage\":\"hr\",\"potentialAction\":[{\"@type\":\"ReadAction\",\"target\":[\"https:\/\/nekmar.eu\/hr\/proizvod\/aston-supreme-puppy-taste-of-country\/\"]}]},{\"@type\":\"ImageObject\",\"inLanguage\":\"hr\",\"@id\":\"https:\/\/nekmar.eu\/hr\/proizvod\/aston-supreme-puppy-taste-of-country\/#primaryimage\",\"url\":\"https:\/\/nekmar.eu\/hr\/wp-content\/uploads\/2024\/04\/aston_supreme_puppy_taste_of_country.jpg\",\"contentUrl\":\"https:\/\/nekmar.eu\/hr\/wp-content\/uploads\/2024\/04\/aston_supreme_puppy_taste_of_country.jpg\",\"width\":1000,\"height\":1000},{\"@type\":\"BreadcrumbList\",\"@id\":\"https:\/\/nekmar.eu\/hr\/proizvod\/aston-supreme-puppy-taste-of-country\/#breadcrumb\",\"itemListElement\":[{\"@type\":\"ListItem\",\"position\":1,\"name\":\"Home\",\"item\":\"https:\/\/nekmar.eu\/hr\/\"},{\"@type\":\"ListItem\",\"position\":2,\"name\":\"Trgovina\",\"item\":\"https:\/\/nekmar.eu\/hr\/trgovina\/\"},{\"@type\":\"ListItem\",\"position\":3,\"name\":\"Aston Supreme Puppy Taste of Country\"}]},{\"@type\":\"WebSite\",\"@id\":\"https:\/\/nekmar.eu\/hr\/#website\",\"url\":\"https:\/\/nekmar.eu\/hr\/\",\"name\":\"Nekmar\",\"description\":\"Pet Nutrition\",\"publisher\":{\"@id\":\"https:\/\/nekmar.eu\/hr\/#organization\"},\"potentialAction\":[{\"@type\":\"SearchAction\",\"target\":{\"@type\":\"EntryPoint\",\"urlTemplate\":\"https:\/\/nekmar.eu\/hr\/?s={search_term_string}\"},\"query-input\":{\"@type\":\"PropertyValueSpecification\",\"valueRequired\":true,\"valueName\":\"search_term_string\"}}],\"inLanguage\":\"hr\"},{\"@type\":\"Organization\",\"@id\":\"https:\/\/nekmar.eu\/hr\/#organization\",\"name\":\"Nekmar Pet Nutrition\",\"url\":\"https:\/\/nekmar.eu\/hr\/\",\"logo\":{\"@type\":\"ImageObject\",\"inLanguage\":\"hr\",\"@id\":\"https:\/\/nekmar.eu\/hr\/#\/schema\/logo\/image\/\",\"url\":\"https:\/\/nekmar.eu\/hr\/wp-content\/uploads\/2019\/08\/Nekmar-contact.jpg\",\"contentUrl\":\"https:\/\/nekmar.eu\/hr\/wp-content\/uploads\/2019\/08\/Nekmar-contact.jpg\",\"width\":600,\"height\":142,\"caption\":\"Nekmar Pet Nutrition\"},\"image\":{\"@id\":\"https:\/\/nekmar.eu\/hr\/#\/schema\/logo\/image\/\"},\"sameAs\":[\"https:\/\/www.facebook.com\/nekmarpetnutritionHR\/\",\"https:\/\/www.instagram.com\/nekmar_hr\/\"]}]}<\/script>\n<!-- \/ Yoast SEO plugin. -->","yoast_head_json":{"title":"Aston - Supreme Puppy Taste of Country","description":"Superpremium hrana za \u0161tence i mlade pse. Posjetite na\u0161u web trgovinu.","robots":{"index":"index","follow":"follow","max-snippet":"max-snippet:-1","max-image-preview":"max-image-preview:large","max-video-preview":"max-video-preview:-1"},"canonical":"https:\/\/nekmar.eu\/hr\/proizvod\/aston-supreme-puppy-taste-of-country\/","og_locale":"hr_HR","og_type":"article","og_title":"Aston Supreme Puppy Taste of Country","og_description":"Posjetite web trgovinu","og_url":"https:\/\/nekmar.eu\/hr\/proizvod\/aston-supreme-puppy-taste-of-country\/","og_site_name":"Nekmar","article_publisher":"https:\/\/www.facebook.com\/nekmarpetnutritionHR\/","article_modified_time":"2026-01-31T23:15:48+00:00","og_image":[{"width":1200,"height":630,"url":"https:\/\/nekmar.eu\/hr\/wp-content\/uploads\/2019\/08\/aston-f-nekmar.jpg","type":"image\/jpeg"}],"twitter_card":"summary_large_image","twitter_misc":{"Procijenjeno vrijeme \u010ditanja":"3 minute"},"schema":{"@context":"https:\/\/schema.org","@graph":[{"@type":"WebPage","@id":"https:\/\/nekmar.eu\/hr\/proizvod\/aston-supreme-puppy-taste-of-country\/","url":"https:\/\/nekmar.eu\/hr\/proizvod\/aston-supreme-puppy-taste-of-country\/","name":"Aston - Supreme Puppy Taste of Country","isPartOf":{"@id":"https:\/\/nekmar.eu\/hr\/#website"},"primaryImageOfPage":{"@id":"https:\/\/nekmar.eu\/hr\/proizvod\/aston-supreme-puppy-taste-of-country\/#primaryimage"},"image":{"@id":"https:\/\/nekmar.eu\/hr\/proizvod\/aston-supreme-puppy-taste-of-country\/#primaryimage"},"thumbnailUrl":"https:\/\/nekmar.eu\/hr\/wp-content\/uploads\/2024\/04\/aston_supreme_puppy_taste_of_country.jpg","datePublished":"2020-01-15T12:20:48+00:00","dateModified":"2026-01-31T23:15:48+00:00","description":"Superpremium hrana za \u0161tence i mlade pse. Posjetite na\u0161u web trgovinu.","breadcrumb":{"@id":"https:\/\/nekmar.eu\/hr\/proizvod\/aston-supreme-puppy-taste-of-country\/#breadcrumb"},"inLanguage":"hr","potentialAction":[{"@type":"ReadAction","target":["https:\/\/nekmar.eu\/hr\/proizvod\/aston-supreme-puppy-taste-of-country\/"]}]},{"@type":"ImageObject","inLanguage":"hr","@id":"https:\/\/nekmar.eu\/hr\/proizvod\/aston-supreme-puppy-taste-of-country\/#primaryimage","url":"https:\/\/nekmar.eu\/hr\/wp-content\/uploads\/2024\/04\/aston_supreme_puppy_taste_of_country.jpg","contentUrl":"https:\/\/nekmar.eu\/hr\/wp-content\/uploads\/2024\/04\/aston_supreme_puppy_taste_of_country.jpg","width":1000,"height":1000},{"@type":"BreadcrumbList","@id":"https:\/\/nekmar.eu\/hr\/proizvod\/aston-supreme-puppy-taste-of-country\/#breadcrumb","itemListElement":[{"@type":"ListItem","position":1,"name":"Home","item":"https:\/\/nekmar.eu\/hr\/"},{"@type":"ListItem","position":2,"name":"Trgovina","item":"https:\/\/nekmar.eu\/hr\/trgovina\/"},{"@type":"ListItem","position":3,"name":"Aston Supreme Puppy Taste of Country"}]},{"@type":"WebSite","@id":"https:\/\/nekmar.eu\/hr\/#website","url":"https:\/\/nekmar.eu\/hr\/","name":"Nekmar","description":"Pet Nutrition","publisher":{"@id":"https:\/\/nekmar.eu\/hr\/#organization"},"potentialAction":[{"@type":"SearchAction","target":{"@type":"EntryPoint","urlTemplate":"https:\/\/nekmar.eu\/hr\/?s={search_term_string}"},"query-input":{"@type":"PropertyValueSpecification","valueRequired":true,"valueName":"search_term_string"}}],"inLanguage":"hr"},{"@type":"Organization","@id":"https:\/\/nekmar.eu\/hr\/#organization","name":"Nekmar Pet Nutrition","url":"https:\/\/nekmar.eu\/hr\/","logo":{"@type":"ImageObject","inLanguage":"hr","@id":"https:\/\/nekmar.eu\/hr\/#\/schema\/logo\/image\/","url":"https:\/\/nekmar.eu\/hr\/wp-content\/uploads\/2019\/08\/Nekmar-contact.jpg","contentUrl":"https:\/\/nekmar.eu\/hr\/wp-content\/uploads\/2019\/08\/Nekmar-contact.jpg","width":600,"height":142,"caption":"Nekmar Pet Nutrition"},"image":{"@id":"https:\/\/nekmar.eu\/hr\/#\/schema\/logo\/image\/"},"sameAs":["https:\/\/www.facebook.com\/nekmarpetnutritionHR\/","https:\/\/www.instagram.com\/nekmar_hr\/"]}]}},"_links":{"self":[{"href":"https:\/\/nekmar.eu\/hr\/wp-json\/wp\/v2\/product\/1180","targetHints":{"allow":["GET"]}}],"collection":[{"href":"https:\/\/nekmar.eu\/hr\/wp-json\/wp\/v2\/product"}],"about":[{"href":"https:\/\/nekmar.eu\/hr\/wp-json\/wp\/v2\/types\/product"}],"wp:featuredmedia":[{"embeddable":true,"href":"https:\/\/nekmar.eu\/hr\/wp-json\/wp\/v2\/media\/14150"}],"wp:attachment":[{"href":"https:\/\/nekmar.eu\/hr\/wp-json\/wp\/v2\/media?parent=1180"}],"wp:term":[{"taxonomy":"product_brand","embeddable":true,"href":"https:\/\/nekmar.eu\/hr\/wp-json\/wp\/v2\/product_brand?post=1180"},{"taxonomy":"product_cat","embeddable":true,"href":"https:\/\/nekmar.eu\/hr\/wp-json\/wp\/v2\/product_cat?post=1180"},{"taxonomy":"product_tag","embeddable":true,"href":"https:\/\/nekmar.eu\/hr\/wp-json\/wp\/v2\/product_tag?post=1180"}],"curies":[{"name":"wp","href":"https:\/\/api.w.org\/{rel}","templated":true}]}}