{"id":21049,"date":"2026-01-07T12:11:08","date_gmt":"2026-01-07T11:11:08","guid":{"rendered":"https:\/\/nekmar.eu\/hr\/?post_type=product&#038;p=21049"},"modified":"2026-01-07T18:07:27","modified_gmt":"2026-01-07T17:07:27","slug":"nekmar-white-bright-professional-shampoo","status":"publish","type":"product","link":"https:\/\/nekmar.eu\/hr\/proizvod\/nekmar-white-bright-professional-shampoo\/","title":{"rendered":"Nekmar White&#038;Bright Professional Shampoo"},"content":{"rendered":"<div class=\"wpb-content-wrapper\"><p>[vc_row css_animation=&#8221;&#8221; row_type=&#8221;row&#8221; use_row_as_full_screen_section=&#8221;no&#8221; type=&#8221;full_width&#8221; angled_section=&#8221;no&#8221; text_align=&#8221;left&#8221; background_image_as_pattern=&#8221;without_pattern&#8221;][vc_column][vc_column_text css=&#8221;&#8221;]<strong>SASTAV:<\/strong> voda, natrij lauret sulfat, kokamidopropil betain, glicerin, natrij bikarbonat, miris, natrij klorid, sok lista aloe vere (*), hidrolizirani protein p\u0161enice, ekstrakt hmelja, ekstrakt lista\/stapke zobi(*), mlije\u010dna kiselina, fenoksietanol, polikvaternij-7, propilen glikol, Laureth-3, limunska kiselina, tetranatrij glutamat diacetat, etilheksilglicerin, CI60730, natrij hidroksid, lauril glukozid, terpineol.<br \/>\n(*) iz organskog uzgoja<\/p>\n<p>&nbsp;<\/p>\n<p><strong>SASTOJCI POTJE\u010cU IZ ORGANSKOG UZGOJA<\/strong><\/p>\n<p>&nbsp;<\/p>\n<p>\u2022 Izbjeljuje<br \/>\n\u2022 Uklanja mrlje<br \/>\n\u2022 Daje sjaj<br \/>\n\u2022 Nagla\u0161ava sve boje i pigment dlake<br \/>\n\u2022 Neutralizira neugodne mirise<\/p>\n<p>&nbsp;<\/p>\n<p><strong>1:25 koncentrirana formula<\/strong><\/p>\n<p>&nbsp;<\/p>\n<p><strong>UPUTE ZA UPOTREBU:<\/strong> Ovo je koncentrirana formula i prije upotrebe treba se razrijediti s vodom u omjeru 1:15 do 1:25, ovisno o stanju dlake. Nanesite \u0161ampon ravnomjerno na prethodno namo\u010denu dlaku te nje\u017eno masirajte dok se ne stvori bogata pjena. Ostavite da djeluje 2\u20133 minute za maksimalan u\u010dinak, zatim temeljito isperite mlakom vodom. Ako je potrebno, ponovite postupak.[\/vc_column_text][\/vc_column][\/vc_row]<\/p>\n<\/div>","protected":false},"excerpt":{"rendered":"<p>Nekmar White &amp; Bright je profesionalna grooming formula stvorena da naglasi prirodnu boju i pigmentaciju dlake, dok istovremeno obnavlja i daje sjaj. U\u010dinkovito poma\u017ee kod uklanjanja mrlja i \u017eutila s dlake. Posebno isti\u010de prirodnu boju krzna \u2014 bijelu dlaku \u010dini blistavijom, dok tamnoj daje ja\u010di intenzitet i dubinu. Oboga\u0107en je prirodnim sastojcima poput ekstrakta hmelja, aloe vere i p\u0161eni\u010dnih proteina, koji dlaku i ko\u017eu \u010dine hidratiziranom i njegovanom.<\/p>\n","protected":false},"featured_media":21054,"template":"","meta":[],"product_brand":[],"product_cat":[152],"product_tag":[],"class_list":{"0":"post-21049","1":"product","2":"type-product","3":"status-publish","4":"has-post-thumbnail","6":"product_cat-grooming","8":"first","9":"instock","10":"taxable","11":"shipping-taxable","12":"purchasable","13":"product-type-variable"},"yoast_head":"<!-- This site is optimized with the Yoast SEO plugin v27.2 - https:\/\/yoast.com\/product\/yoast-seo-wordpress\/ -->\n<title>Nekmar White&amp;Bright Professional Shampoo - Nekmar<\/title>\n<meta name=\"description\" content=\"Nekmar White &amp; Bright je profesionalna grooming formula stvorena da naglasi prirodnu boju i pigmentaciju dlake, dok istovremeno obnavlja i daje sjaj.\" \/>\n<meta name=\"robots\" content=\"index, follow, max-snippet:-1, max-image-preview:large, max-video-preview:-1\" \/>\n<link rel=\"canonical\" href=\"https:\/\/nekmar.eu\/hr\/proizvod\/nekmar-white-bright-professional-shampoo\/\" \/>\n<meta property=\"og:locale\" content=\"hr_HR\" \/>\n<meta property=\"og:type\" content=\"article\" \/>\n<meta property=\"og:title\" content=\"Nekmar White&amp;Bright Professional Shampoo - Nekmar\" \/>\n<meta property=\"og:description\" content=\"Nekmar White &amp; Bright je profesionalna grooming formula stvorena da naglasi prirodnu boju i pigmentaciju dlake, dok istovremeno obnavlja i daje sjaj.\" \/>\n<meta property=\"og:url\" content=\"https:\/\/nekmar.eu\/hr\/proizvod\/nekmar-white-bright-professional-shampoo\/\" \/>\n<meta property=\"og:site_name\" content=\"Nekmar\" \/>\n<meta property=\"article:publisher\" content=\"https:\/\/www.facebook.com\/nekmarpetnutritionHR\/\" \/>\n<meta property=\"article:modified_time\" content=\"2026-01-07T17:07:27+00:00\" \/>\n<meta property=\"og:image\" content=\"https:\/\/nekmar.eu\/hr\/wp-content\/uploads\/2026\/01\/Nekmar-WhiteBright-3l-50ml.jpg\" \/>\n\t<meta property=\"og:image:width\" content=\"1400\" \/>\n\t<meta property=\"og:image:height\" content=\"1400\" \/>\n\t<meta property=\"og:image:type\" content=\"image\/jpeg\" \/>\n<meta name=\"twitter:card\" content=\"summary_large_image\" \/>\n<meta name=\"twitter:label1\" content=\"Procijenjeno vrijeme \u010ditanja\" \/>\n\t<meta name=\"twitter:data1\" content=\"1 minuta\" \/>\n<script type=\"application\/ld+json\" class=\"yoast-schema-graph\">{\"@context\":\"https:\/\/schema.org\",\"@graph\":[{\"@type\":\"WebPage\",\"@id\":\"https:\/\/nekmar.eu\/hr\/proizvod\/nekmar-white-bright-professional-shampoo\/\",\"url\":\"https:\/\/nekmar.eu\/hr\/proizvod\/nekmar-white-bright-professional-shampoo\/\",\"name\":\"Nekmar White&Bright Professional Shampoo - Nekmar\",\"isPartOf\":{\"@id\":\"https:\/\/nekmar.eu\/hr\/#website\"},\"primaryImageOfPage\":{\"@id\":\"https:\/\/nekmar.eu\/hr\/proizvod\/nekmar-white-bright-professional-shampoo\/#primaryimage\"},\"image\":{\"@id\":\"https:\/\/nekmar.eu\/hr\/proizvod\/nekmar-white-bright-professional-shampoo\/#primaryimage\"},\"thumbnailUrl\":\"https:\/\/nekmar.eu\/hr\/wp-content\/uploads\/2026\/01\/Nekmar-WhiteBright-3l-50ml.jpg\",\"datePublished\":\"2026-01-07T11:11:08+00:00\",\"dateModified\":\"2026-01-07T17:07:27+00:00\",\"description\":\"Nekmar White & Bright je profesionalna grooming formula stvorena da naglasi prirodnu boju i pigmentaciju dlake, dok istovremeno obnavlja i daje sjaj.\",\"breadcrumb\":{\"@id\":\"https:\/\/nekmar.eu\/hr\/proizvod\/nekmar-white-bright-professional-shampoo\/#breadcrumb\"},\"inLanguage\":\"hr\",\"potentialAction\":[{\"@type\":\"ReadAction\",\"target\":[\"https:\/\/nekmar.eu\/hr\/proizvod\/nekmar-white-bright-professional-shampoo\/\"]}]},{\"@type\":\"ImageObject\",\"inLanguage\":\"hr\",\"@id\":\"https:\/\/nekmar.eu\/hr\/proizvod\/nekmar-white-bright-professional-shampoo\/#primaryimage\",\"url\":\"https:\/\/nekmar.eu\/hr\/wp-content\/uploads\/2026\/01\/Nekmar-WhiteBright-3l-50ml.jpg\",\"contentUrl\":\"https:\/\/nekmar.eu\/hr\/wp-content\/uploads\/2026\/01\/Nekmar-WhiteBright-3l-50ml.jpg\",\"width\":1400,\"height\":1400},{\"@type\":\"BreadcrumbList\",\"@id\":\"https:\/\/nekmar.eu\/hr\/proizvod\/nekmar-white-bright-professional-shampoo\/#breadcrumb\",\"itemListElement\":[{\"@type\":\"ListItem\",\"position\":1,\"name\":\"Home\",\"item\":\"https:\/\/nekmar.eu\/hr\/\"},{\"@type\":\"ListItem\",\"position\":2,\"name\":\"Trgovina\",\"item\":\"https:\/\/nekmar.eu\/hr\/trgovina\/\"},{\"@type\":\"ListItem\",\"position\":3,\"name\":\"Nekmar White&#038;Bright Professional Shampoo\"}]},{\"@type\":\"WebSite\",\"@id\":\"https:\/\/nekmar.eu\/hr\/#website\",\"url\":\"https:\/\/nekmar.eu\/hr\/\",\"name\":\"Nekmar\",\"description\":\"Pet Nutrition\",\"publisher\":{\"@id\":\"https:\/\/nekmar.eu\/hr\/#organization\"},\"potentialAction\":[{\"@type\":\"SearchAction\",\"target\":{\"@type\":\"EntryPoint\",\"urlTemplate\":\"https:\/\/nekmar.eu\/hr\/?s={search_term_string}\"},\"query-input\":{\"@type\":\"PropertyValueSpecification\",\"valueRequired\":true,\"valueName\":\"search_term_string\"}}],\"inLanguage\":\"hr\"},{\"@type\":\"Organization\",\"@id\":\"https:\/\/nekmar.eu\/hr\/#organization\",\"name\":\"Nekmar Pet Nutrition\",\"url\":\"https:\/\/nekmar.eu\/hr\/\",\"logo\":{\"@type\":\"ImageObject\",\"inLanguage\":\"hr\",\"@id\":\"https:\/\/nekmar.eu\/hr\/#\/schema\/logo\/image\/\",\"url\":\"https:\/\/nekmar.eu\/hr\/wp-content\/uploads\/2019\/08\/Nekmar-contact.jpg\",\"contentUrl\":\"https:\/\/nekmar.eu\/hr\/wp-content\/uploads\/2019\/08\/Nekmar-contact.jpg\",\"width\":600,\"height\":142,\"caption\":\"Nekmar Pet Nutrition\"},\"image\":{\"@id\":\"https:\/\/nekmar.eu\/hr\/#\/schema\/logo\/image\/\"},\"sameAs\":[\"https:\/\/www.facebook.com\/nekmarpetnutritionHR\/\",\"https:\/\/www.instagram.com\/nekmar_hr\/\"]}]}<\/script>\n<!-- \/ Yoast SEO plugin. -->","yoast_head_json":{"title":"Nekmar White&Bright Professional Shampoo - Nekmar","description":"Nekmar White & Bright je profesionalna grooming formula stvorena da naglasi prirodnu boju i pigmentaciju dlake, dok istovremeno obnavlja i daje sjaj.","robots":{"index":"index","follow":"follow","max-snippet":"max-snippet:-1","max-image-preview":"max-image-preview:large","max-video-preview":"max-video-preview:-1"},"canonical":"https:\/\/nekmar.eu\/hr\/proizvod\/nekmar-white-bright-professional-shampoo\/","og_locale":"hr_HR","og_type":"article","og_title":"Nekmar White&Bright Professional Shampoo - Nekmar","og_description":"Nekmar White & Bright je profesionalna grooming formula stvorena da naglasi prirodnu boju i pigmentaciju dlake, dok istovremeno obnavlja i daje sjaj.","og_url":"https:\/\/nekmar.eu\/hr\/proizvod\/nekmar-white-bright-professional-shampoo\/","og_site_name":"Nekmar","article_publisher":"https:\/\/www.facebook.com\/nekmarpetnutritionHR\/","article_modified_time":"2026-01-07T17:07:27+00:00","og_image":[{"width":1400,"height":1400,"url":"https:\/\/nekmar.eu\/hr\/wp-content\/uploads\/2026\/01\/Nekmar-WhiteBright-3l-50ml.jpg","type":"image\/jpeg"}],"twitter_card":"summary_large_image","twitter_misc":{"Procijenjeno vrijeme \u010ditanja":"1 minuta"},"schema":{"@context":"https:\/\/schema.org","@graph":[{"@type":"WebPage","@id":"https:\/\/nekmar.eu\/hr\/proizvod\/nekmar-white-bright-professional-shampoo\/","url":"https:\/\/nekmar.eu\/hr\/proizvod\/nekmar-white-bright-professional-shampoo\/","name":"Nekmar White&Bright Professional Shampoo - Nekmar","isPartOf":{"@id":"https:\/\/nekmar.eu\/hr\/#website"},"primaryImageOfPage":{"@id":"https:\/\/nekmar.eu\/hr\/proizvod\/nekmar-white-bright-professional-shampoo\/#primaryimage"},"image":{"@id":"https:\/\/nekmar.eu\/hr\/proizvod\/nekmar-white-bright-professional-shampoo\/#primaryimage"},"thumbnailUrl":"https:\/\/nekmar.eu\/hr\/wp-content\/uploads\/2026\/01\/Nekmar-WhiteBright-3l-50ml.jpg","datePublished":"2026-01-07T11:11:08+00:00","dateModified":"2026-01-07T17:07:27+00:00","description":"Nekmar White & Bright je profesionalna grooming formula stvorena da naglasi prirodnu boju i pigmentaciju dlake, dok istovremeno obnavlja i daje sjaj.","breadcrumb":{"@id":"https:\/\/nekmar.eu\/hr\/proizvod\/nekmar-white-bright-professional-shampoo\/#breadcrumb"},"inLanguage":"hr","potentialAction":[{"@type":"ReadAction","target":["https:\/\/nekmar.eu\/hr\/proizvod\/nekmar-white-bright-professional-shampoo\/"]}]},{"@type":"ImageObject","inLanguage":"hr","@id":"https:\/\/nekmar.eu\/hr\/proizvod\/nekmar-white-bright-professional-shampoo\/#primaryimage","url":"https:\/\/nekmar.eu\/hr\/wp-content\/uploads\/2026\/01\/Nekmar-WhiteBright-3l-50ml.jpg","contentUrl":"https:\/\/nekmar.eu\/hr\/wp-content\/uploads\/2026\/01\/Nekmar-WhiteBright-3l-50ml.jpg","width":1400,"height":1400},{"@type":"BreadcrumbList","@id":"https:\/\/nekmar.eu\/hr\/proizvod\/nekmar-white-bright-professional-shampoo\/#breadcrumb","itemListElement":[{"@type":"ListItem","position":1,"name":"Home","item":"https:\/\/nekmar.eu\/hr\/"},{"@type":"ListItem","position":2,"name":"Trgovina","item":"https:\/\/nekmar.eu\/hr\/trgovina\/"},{"@type":"ListItem","position":3,"name":"Nekmar White&#038;Bright Professional Shampoo"}]},{"@type":"WebSite","@id":"https:\/\/nekmar.eu\/hr\/#website","url":"https:\/\/nekmar.eu\/hr\/","name":"Nekmar","description":"Pet Nutrition","publisher":{"@id":"https:\/\/nekmar.eu\/hr\/#organization"},"potentialAction":[{"@type":"SearchAction","target":{"@type":"EntryPoint","urlTemplate":"https:\/\/nekmar.eu\/hr\/?s={search_term_string}"},"query-input":{"@type":"PropertyValueSpecification","valueRequired":true,"valueName":"search_term_string"}}],"inLanguage":"hr"},{"@type":"Organization","@id":"https:\/\/nekmar.eu\/hr\/#organization","name":"Nekmar Pet Nutrition","url":"https:\/\/nekmar.eu\/hr\/","logo":{"@type":"ImageObject","inLanguage":"hr","@id":"https:\/\/nekmar.eu\/hr\/#\/schema\/logo\/image\/","url":"https:\/\/nekmar.eu\/hr\/wp-content\/uploads\/2019\/08\/Nekmar-contact.jpg","contentUrl":"https:\/\/nekmar.eu\/hr\/wp-content\/uploads\/2019\/08\/Nekmar-contact.jpg","width":600,"height":142,"caption":"Nekmar Pet Nutrition"},"image":{"@id":"https:\/\/nekmar.eu\/hr\/#\/schema\/logo\/image\/"},"sameAs":["https:\/\/www.facebook.com\/nekmarpetnutritionHR\/","https:\/\/www.instagram.com\/nekmar_hr\/"]}]}},"_links":{"self":[{"href":"https:\/\/nekmar.eu\/hr\/wp-json\/wp\/v2\/product\/21049","targetHints":{"allow":["GET"]}}],"collection":[{"href":"https:\/\/nekmar.eu\/hr\/wp-json\/wp\/v2\/product"}],"about":[{"href":"https:\/\/nekmar.eu\/hr\/wp-json\/wp\/v2\/types\/product"}],"wp:featuredmedia":[{"embeddable":true,"href":"https:\/\/nekmar.eu\/hr\/wp-json\/wp\/v2\/media\/21054"}],"wp:attachment":[{"href":"https:\/\/nekmar.eu\/hr\/wp-json\/wp\/v2\/media?parent=21049"}],"wp:term":[{"taxonomy":"product_brand","embeddable":true,"href":"https:\/\/nekmar.eu\/hr\/wp-json\/wp\/v2\/product_brand?post=21049"},{"taxonomy":"product_cat","embeddable":true,"href":"https:\/\/nekmar.eu\/hr\/wp-json\/wp\/v2\/product_cat?post=21049"},{"taxonomy":"product_tag","embeddable":true,"href":"https:\/\/nekmar.eu\/hr\/wp-json\/wp\/v2\/product_tag?post=21049"}],"curies":[{"name":"wp","href":"https:\/\/api.w.org\/{rel}","templated":true}]}}