{"id":21055,"date":"2026-01-07T12:18:45","date_gmt":"2026-01-07T11:18:45","guid":{"rendered":"https:\/\/nekmar.eu\/hr\/?post_type=product&#038;p=21055"},"modified":"2026-01-07T18:07:27","modified_gmt":"2026-01-07T17:07:27","slug":"nekmar-moisturizing-nourishing-professional-shampoo","status":"publish","type":"product","link":"https:\/\/nekmar.eu\/hr\/proizvod\/nekmar-moisturizing-nourishing-professional-shampoo\/","title":{"rendered":"Nekmar Moisturizing &#038; Nourishing Professional Shampoo"},"content":{"rendered":"<div class=\"wpb-content-wrapper\"><p>[vc_row css_animation=&#8221;&#8221; row_type=&#8221;row&#8221; use_row_as_full_screen_section=&#8221;no&#8221; type=&#8221;full_width&#8221; angled_section=&#8221;no&#8221; text_align=&#8221;left&#8221; background_image_as_pattern=&#8221;without_pattern&#8221;][vc_column][vc_column_text css=&#8221;&#8221;]<strong>SASTAV:<\/strong> voda, natrij lauret sulfat, kokamidopropil betain, glicerin, natrij klorid, miris, PEG-40 hidrogenizirano ricinusovo ulje, kokosovo ulje (*), ulje makadamije, ekstrakt lista\/stapke zobi (*), hidrolizirani protein p\u0161enice, fenoksietanol, Laureth-3, polikvaternij-7, limunska kiselina, tetranatrij glutamat diacetat, etilheksilglicerin, natrij hidroksid, vanilin.<br \/>\n(*) iz organskog uzgoja<\/p>\n<p>&nbsp;<\/p>\n<p><strong>SASTOJCI POTJE\u010cU IZ ORGANSKOG UZGOJA<\/strong><\/p>\n<p>&nbsp;<\/p>\n<p>\u2022 Pru\u017ea maksimalnu hidrataciju dlake<br \/>\n\u2022 Hrani i revitalizira sve tipove dlake<br \/>\n\u2022 Olak\u0161ava ra\u0161\u010de\u0161ljavanje i oblikovanje<br \/>\n\u2022 Daje sjaj<br \/>\n\u2022 Antistati\u010dki u\u010dinak<br \/>\n\u2022 Uklanja neugodne mirise<\/p>\n<p>&nbsp;<\/p>\n<p><strong>1:25 koncentrirana formula<\/strong><\/p>\n<p>&nbsp;<\/p>\n<p><strong>UPUTE ZA UPOTREBU:<\/strong> Ovaj je \u0161ampon visoko koncentriran i prije upotrebe potrebno ga je razrijediti s vodom u omjeru 1:15 do 1:25 ovisno o stanju dlake. Nanesite \u0161ampon ravnomjerno na prethodno namo\u010denu dlaku te nje\u017eno masirajte dok se ne stvori bogata pjena. Temeljito isperite mlakom vodom. Ako je potrebno, ponovite postupak.[\/vc_column_text][\/vc_column][\/vc_row]<\/p>\n<\/div>","protected":false},"excerpt":{"rendered":"<p>Moisturizing &amp; Nourishing \u0161ampon profesionalni je grooming proizvod stvoren za maksimalnu hidrataciju i dubinsku njegu dlake i ko\u017ee. Vra\u0107a prirodan sjaj, meko\u0107u i vitalnost svih tipova dlake, a posebno je koristan za suhu, be\u017eivotnu i o\u0161te\u0107enu dlaku. Oboga\u0107en je uljem makadamije, kokosovim uljem i glicerinom, koji ja\u010daju dlaku, sprje\u010davaju lomljenje, olak\u0161avaju ra\u0161\u010de\u0161ljavanje i uklanjaju stati\u010dki elektricitet, bez ote\u017eavanja dlake. Za maksimalan u\u010dinak preporu\u010dujemo nakon upotrebe Moisturizing &amp; Nourishing \u0161ampona nastaviti s kori\u0161tenjem Nekmar MagicRepair Profesionalne maske, koja \u0107e savr\u0161eno nadopuniti djelovanje \u0161ampona i dodatno unaprijediti njegovu funkciju.<\/p>\n","protected":false},"featured_media":21059,"template":"","meta":[],"product_brand":[],"product_cat":[152],"product_tag":[],"class_list":{"0":"post-21055","1":"product","2":"type-product","3":"status-publish","4":"has-post-thumbnail","6":"product_cat-grooming","8":"first","9":"instock","10":"taxable","11":"shipping-taxable","12":"purchasable","13":"product-type-variable"},"yoast_head":"<!-- This site is optimized with the Yoast SEO plugin v27.4 - https:\/\/yoast.com\/product\/yoast-seo-wordpress\/ -->\n<title>Nekmar Moisturizing &amp; Nourishing Professional Shampoo - Nekmar<\/title>\n<meta name=\"description\" content=\"Moisturizing &amp; Nourishing \u0161ampon profesionalni je grooming proizvod stvoren za maksimalnu hidrataciju i dubinsku njegu dlake i ko\u017ee.\" \/>\n<meta name=\"robots\" content=\"index, follow, max-snippet:-1, max-image-preview:large, max-video-preview:-1\" \/>\n<link rel=\"canonical\" href=\"https:\/\/nekmar.eu\/hr\/proizvod\/nekmar-moisturizing-nourishing-professional-shampoo\/\" \/>\n<meta property=\"og:locale\" content=\"hr_HR\" \/>\n<meta property=\"og:type\" content=\"article\" \/>\n<meta property=\"og:title\" content=\"Nekmar Moisturizing &amp; Nourishing Professional Shampoo - Nekmar\" \/>\n<meta property=\"og:description\" content=\"Moisturizing &amp; Nourishing \u0161ampon profesionalni je grooming proizvod stvoren za maksimalnu hidrataciju i dubinsku njegu dlake i ko\u017ee.\" \/>\n<meta property=\"og:url\" content=\"https:\/\/nekmar.eu\/hr\/proizvod\/nekmar-moisturizing-nourishing-professional-shampoo\/\" \/>\n<meta property=\"og:site_name\" content=\"Nekmar\" \/>\n<meta property=\"article:publisher\" content=\"https:\/\/www.facebook.com\/nekmarpetnutritionHR\/\" \/>\n<meta property=\"article:modified_time\" content=\"2026-01-07T17:07:27+00:00\" \/>\n<meta property=\"og:image\" content=\"https:\/\/nekmar.eu\/hr\/wp-content\/uploads\/2026\/01\/Nekmar-MoisturizingNourishing-3l-50ml.jpg\" \/>\n\t<meta property=\"og:image:width\" content=\"1400\" \/>\n\t<meta property=\"og:image:height\" content=\"1400\" \/>\n\t<meta property=\"og:image:type\" content=\"image\/jpeg\" \/>\n<meta name=\"twitter:card\" content=\"summary_large_image\" \/>\n<meta name=\"twitter:label1\" content=\"Procijenjeno vrijeme \u010ditanja\" \/>\n\t<meta name=\"twitter:data1\" content=\"1 minuta\" \/>\n<script type=\"application\/ld+json\" class=\"yoast-schema-graph\">{\"@context\":\"https:\\\/\\\/schema.org\",\"@graph\":[{\"@type\":\"WebPage\",\"@id\":\"https:\\\/\\\/nekmar.eu\\\/hr\\\/proizvod\\\/nekmar-moisturizing-nourishing-professional-shampoo\\\/\",\"url\":\"https:\\\/\\\/nekmar.eu\\\/hr\\\/proizvod\\\/nekmar-moisturizing-nourishing-professional-shampoo\\\/\",\"name\":\"Nekmar Moisturizing & Nourishing Professional Shampoo - Nekmar\",\"isPartOf\":{\"@id\":\"https:\\\/\\\/nekmar.eu\\\/hr\\\/#website\"},\"primaryImageOfPage\":{\"@id\":\"https:\\\/\\\/nekmar.eu\\\/hr\\\/proizvod\\\/nekmar-moisturizing-nourishing-professional-shampoo\\\/#primaryimage\"},\"image\":{\"@id\":\"https:\\\/\\\/nekmar.eu\\\/hr\\\/proizvod\\\/nekmar-moisturizing-nourishing-professional-shampoo\\\/#primaryimage\"},\"thumbnailUrl\":\"https:\\\/\\\/nekmar.eu\\\/hr\\\/wp-content\\\/uploads\\\/2026\\\/01\\\/Nekmar-MoisturizingNourishing-3l-50ml.jpg\",\"datePublished\":\"2026-01-07T11:18:45+00:00\",\"dateModified\":\"2026-01-07T17:07:27+00:00\",\"description\":\"Moisturizing & Nourishing \u0161ampon profesionalni je grooming proizvod stvoren za maksimalnu hidrataciju i dubinsku njegu dlake i ko\u017ee.\",\"breadcrumb\":{\"@id\":\"https:\\\/\\\/nekmar.eu\\\/hr\\\/proizvod\\\/nekmar-moisturizing-nourishing-professional-shampoo\\\/#breadcrumb\"},\"inLanguage\":\"hr\",\"potentialAction\":[{\"@type\":\"ReadAction\",\"target\":[\"https:\\\/\\\/nekmar.eu\\\/hr\\\/proizvod\\\/nekmar-moisturizing-nourishing-professional-shampoo\\\/\"]}]},{\"@type\":\"ImageObject\",\"inLanguage\":\"hr\",\"@id\":\"https:\\\/\\\/nekmar.eu\\\/hr\\\/proizvod\\\/nekmar-moisturizing-nourishing-professional-shampoo\\\/#primaryimage\",\"url\":\"https:\\\/\\\/nekmar.eu\\\/hr\\\/wp-content\\\/uploads\\\/2026\\\/01\\\/Nekmar-MoisturizingNourishing-3l-50ml.jpg\",\"contentUrl\":\"https:\\\/\\\/nekmar.eu\\\/hr\\\/wp-content\\\/uploads\\\/2026\\\/01\\\/Nekmar-MoisturizingNourishing-3l-50ml.jpg\",\"width\":1400,\"height\":1400},{\"@type\":\"BreadcrumbList\",\"@id\":\"https:\\\/\\\/nekmar.eu\\\/hr\\\/proizvod\\\/nekmar-moisturizing-nourishing-professional-shampoo\\\/#breadcrumb\",\"itemListElement\":[{\"@type\":\"ListItem\",\"position\":1,\"name\":\"Home\",\"item\":\"https:\\\/\\\/nekmar.eu\\\/hr\\\/\"},{\"@type\":\"ListItem\",\"position\":2,\"name\":\"Trgovina\",\"item\":\"https:\\\/\\\/nekmar.eu\\\/hr\\\/trgovina\\\/\"},{\"@type\":\"ListItem\",\"position\":3,\"name\":\"Nekmar Moisturizing &#038; Nourishing Professional Shampoo\"}]},{\"@type\":\"WebSite\",\"@id\":\"https:\\\/\\\/nekmar.eu\\\/hr\\\/#website\",\"url\":\"https:\\\/\\\/nekmar.eu\\\/hr\\\/\",\"name\":\"Nekmar\",\"description\":\"Pet Nutrition\",\"publisher\":{\"@id\":\"https:\\\/\\\/nekmar.eu\\\/hr\\\/#organization\"},\"potentialAction\":[{\"@type\":\"SearchAction\",\"target\":{\"@type\":\"EntryPoint\",\"urlTemplate\":\"https:\\\/\\\/nekmar.eu\\\/hr\\\/?s={search_term_string}\"},\"query-input\":{\"@type\":\"PropertyValueSpecification\",\"valueRequired\":true,\"valueName\":\"search_term_string\"}}],\"inLanguage\":\"hr\"},{\"@type\":\"Organization\",\"@id\":\"https:\\\/\\\/nekmar.eu\\\/hr\\\/#organization\",\"name\":\"Nekmar Pet Nutrition\",\"url\":\"https:\\\/\\\/nekmar.eu\\\/hr\\\/\",\"logo\":{\"@type\":\"ImageObject\",\"inLanguage\":\"hr\",\"@id\":\"https:\\\/\\\/nekmar.eu\\\/hr\\\/#\\\/schema\\\/logo\\\/image\\\/\",\"url\":\"https:\\\/\\\/nekmar.eu\\\/hr\\\/wp-content\\\/uploads\\\/2019\\\/08\\\/Nekmar-contact.jpg\",\"contentUrl\":\"https:\\\/\\\/nekmar.eu\\\/hr\\\/wp-content\\\/uploads\\\/2019\\\/08\\\/Nekmar-contact.jpg\",\"width\":600,\"height\":142,\"caption\":\"Nekmar Pet Nutrition\"},\"image\":{\"@id\":\"https:\\\/\\\/nekmar.eu\\\/hr\\\/#\\\/schema\\\/logo\\\/image\\\/\"},\"sameAs\":[\"https:\\\/\\\/www.facebook.com\\\/nekmarpetnutritionHR\\\/\",\"https:\\\/\\\/www.instagram.com\\\/nekmar_hr\\\/\"]}]}<\/script>\n<!-- \/ Yoast SEO plugin. -->","yoast_head_json":{"title":"Nekmar Moisturizing & Nourishing Professional Shampoo - Nekmar","description":"Moisturizing & Nourishing \u0161ampon profesionalni je grooming proizvod stvoren za maksimalnu hidrataciju i dubinsku njegu dlake i ko\u017ee.","robots":{"index":"index","follow":"follow","max-snippet":"max-snippet:-1","max-image-preview":"max-image-preview:large","max-video-preview":"max-video-preview:-1"},"canonical":"https:\/\/nekmar.eu\/hr\/proizvod\/nekmar-moisturizing-nourishing-professional-shampoo\/","og_locale":"hr_HR","og_type":"article","og_title":"Nekmar Moisturizing & Nourishing Professional Shampoo - Nekmar","og_description":"Moisturizing & Nourishing \u0161ampon profesionalni je grooming proizvod stvoren za maksimalnu hidrataciju i dubinsku njegu dlake i ko\u017ee.","og_url":"https:\/\/nekmar.eu\/hr\/proizvod\/nekmar-moisturizing-nourishing-professional-shampoo\/","og_site_name":"Nekmar","article_publisher":"https:\/\/www.facebook.com\/nekmarpetnutritionHR\/","article_modified_time":"2026-01-07T17:07:27+00:00","og_image":[{"width":1400,"height":1400,"url":"https:\/\/nekmar.eu\/hr\/wp-content\/uploads\/2026\/01\/Nekmar-MoisturizingNourishing-3l-50ml.jpg","type":"image\/jpeg"}],"twitter_card":"summary_large_image","twitter_misc":{"Procijenjeno vrijeme \u010ditanja":"1 minuta"},"schema":{"@context":"https:\/\/schema.org","@graph":[{"@type":"WebPage","@id":"https:\/\/nekmar.eu\/hr\/proizvod\/nekmar-moisturizing-nourishing-professional-shampoo\/","url":"https:\/\/nekmar.eu\/hr\/proizvod\/nekmar-moisturizing-nourishing-professional-shampoo\/","name":"Nekmar Moisturizing & Nourishing Professional Shampoo - Nekmar","isPartOf":{"@id":"https:\/\/nekmar.eu\/hr\/#website"},"primaryImageOfPage":{"@id":"https:\/\/nekmar.eu\/hr\/proizvod\/nekmar-moisturizing-nourishing-professional-shampoo\/#primaryimage"},"image":{"@id":"https:\/\/nekmar.eu\/hr\/proizvod\/nekmar-moisturizing-nourishing-professional-shampoo\/#primaryimage"},"thumbnailUrl":"https:\/\/nekmar.eu\/hr\/wp-content\/uploads\/2026\/01\/Nekmar-MoisturizingNourishing-3l-50ml.jpg","datePublished":"2026-01-07T11:18:45+00:00","dateModified":"2026-01-07T17:07:27+00:00","description":"Moisturizing & Nourishing \u0161ampon profesionalni je grooming proizvod stvoren za maksimalnu hidrataciju i dubinsku njegu dlake i ko\u017ee.","breadcrumb":{"@id":"https:\/\/nekmar.eu\/hr\/proizvod\/nekmar-moisturizing-nourishing-professional-shampoo\/#breadcrumb"},"inLanguage":"hr","potentialAction":[{"@type":"ReadAction","target":["https:\/\/nekmar.eu\/hr\/proizvod\/nekmar-moisturizing-nourishing-professional-shampoo\/"]}]},{"@type":"ImageObject","inLanguage":"hr","@id":"https:\/\/nekmar.eu\/hr\/proizvod\/nekmar-moisturizing-nourishing-professional-shampoo\/#primaryimage","url":"https:\/\/nekmar.eu\/hr\/wp-content\/uploads\/2026\/01\/Nekmar-MoisturizingNourishing-3l-50ml.jpg","contentUrl":"https:\/\/nekmar.eu\/hr\/wp-content\/uploads\/2026\/01\/Nekmar-MoisturizingNourishing-3l-50ml.jpg","width":1400,"height":1400},{"@type":"BreadcrumbList","@id":"https:\/\/nekmar.eu\/hr\/proizvod\/nekmar-moisturizing-nourishing-professional-shampoo\/#breadcrumb","itemListElement":[{"@type":"ListItem","position":1,"name":"Home","item":"https:\/\/nekmar.eu\/hr\/"},{"@type":"ListItem","position":2,"name":"Trgovina","item":"https:\/\/nekmar.eu\/hr\/trgovina\/"},{"@type":"ListItem","position":3,"name":"Nekmar Moisturizing &#038; Nourishing Professional Shampoo"}]},{"@type":"WebSite","@id":"https:\/\/nekmar.eu\/hr\/#website","url":"https:\/\/nekmar.eu\/hr\/","name":"Nekmar","description":"Pet Nutrition","publisher":{"@id":"https:\/\/nekmar.eu\/hr\/#organization"},"potentialAction":[{"@type":"SearchAction","target":{"@type":"EntryPoint","urlTemplate":"https:\/\/nekmar.eu\/hr\/?s={search_term_string}"},"query-input":{"@type":"PropertyValueSpecification","valueRequired":true,"valueName":"search_term_string"}}],"inLanguage":"hr"},{"@type":"Organization","@id":"https:\/\/nekmar.eu\/hr\/#organization","name":"Nekmar Pet Nutrition","url":"https:\/\/nekmar.eu\/hr\/","logo":{"@type":"ImageObject","inLanguage":"hr","@id":"https:\/\/nekmar.eu\/hr\/#\/schema\/logo\/image\/","url":"https:\/\/nekmar.eu\/hr\/wp-content\/uploads\/2019\/08\/Nekmar-contact.jpg","contentUrl":"https:\/\/nekmar.eu\/hr\/wp-content\/uploads\/2019\/08\/Nekmar-contact.jpg","width":600,"height":142,"caption":"Nekmar Pet Nutrition"},"image":{"@id":"https:\/\/nekmar.eu\/hr\/#\/schema\/logo\/image\/"},"sameAs":["https:\/\/www.facebook.com\/nekmarpetnutritionHR\/","https:\/\/www.instagram.com\/nekmar_hr\/"]}]}},"_links":{"self":[{"href":"https:\/\/nekmar.eu\/hr\/wp-json\/wp\/v2\/product\/21055","targetHints":{"allow":["GET"]}}],"collection":[{"href":"https:\/\/nekmar.eu\/hr\/wp-json\/wp\/v2\/product"}],"about":[{"href":"https:\/\/nekmar.eu\/hr\/wp-json\/wp\/v2\/types\/product"}],"wp:featuredmedia":[{"embeddable":true,"href":"https:\/\/nekmar.eu\/hr\/wp-json\/wp\/v2\/media\/21059"}],"wp:attachment":[{"href":"https:\/\/nekmar.eu\/hr\/wp-json\/wp\/v2\/media?parent=21055"}],"wp:term":[{"taxonomy":"product_brand","embeddable":true,"href":"https:\/\/nekmar.eu\/hr\/wp-json\/wp\/v2\/product_brand?post=21055"},{"taxonomy":"product_cat","embeddable":true,"href":"https:\/\/nekmar.eu\/hr\/wp-json\/wp\/v2\/product_cat?post=21055"},{"taxonomy":"product_tag","embeddable":true,"href":"https:\/\/nekmar.eu\/hr\/wp-json\/wp\/v2\/product_tag?post=21055"}],"curies":[{"name":"wp","href":"https:\/\/api.w.org\/{rel}","templated":true}]}}