{"id":21061,"date":"2026-01-07T12:30:36","date_gmt":"2026-01-07T11:30:36","guid":{"rendered":"https:\/\/nekmar.eu\/hr\/?post_type=product&#038;p=21061"},"modified":"2026-01-07T18:07:26","modified_gmt":"2026-01-07T17:07:26","slug":"nekmar-magic-repair-professional-mask","status":"publish","type":"product","link":"https:\/\/nekmar.eu\/hr\/proizvod\/nekmar-magic-repair-professional-mask\/","title":{"rendered":"Nekmar Magic Repair Professional Mask"},"content":{"rendered":"<div class=\"wpb-content-wrapper\"><p>[vc_row css_animation=&#8221;&#8221; row_type=&#8221;row&#8221; use_row_as_full_screen_section=&#8221;no&#8221; type=&#8221;full_width&#8221; angled_section=&#8221;no&#8221; text_align=&#8221;left&#8221; background_image_as_pattern=&#8221;without_pattern&#8221;][vc_column][vc_column_text css=&#8221;&#8221;]<strong>SASTAV:<\/strong> voda, cetearilni alkohol, glicerin, etilheksil stearat, miristil alkohol, behenamidopropil dimetilamin, shea maslac, kokosovo ulje (*), hidrolizirani keratin, pantenol, tokoferil acetat, sok lista aloe vere (*), maslinovo ulje (*), hidrolizirani protein p\u0161enice, ekstrakt lista moringe, polikvaternij-7, fenoksietanol, miris, guar hidroksipropiltrimonij klorid, ksantan guma, limunska kiselina, mlije\u010dna kiselina, silicijev dioksid, natrij benzoat, kalij sorbat, dinatrijum EDTA, benzilni alkohol.<br \/>\n(*) iz organskog uzgoja<\/p>\n<p>&nbsp;<\/p>\n<p><strong>SASTOJCI POTJE\u010cU IZ ORGANSKOG UZGOJA<\/strong><\/p>\n<p>&nbsp;<\/p>\n<p>\u2022 Intenzivan profesionalni tretman dlake<br \/>\n\u2022 Dubinski obnavlja i hidratizira<br \/>\n\u2022 Uklanja zapetljaje i olak\u0161ava ra\u0161\u010de\u0161ljavanje<br \/>\n\u2022 Daje sjaj i puno\u0107u dlaci<br \/>\n\u2022 Ostavlja prekrasan, dugotrajan miris<\/p>\n<p>&nbsp;<\/p>\n<p><strong>UPUTE ZA UPOTREBU:<\/strong> Masku nanesite na prethodno opranu i namo\u010denu dlaku. Ravnomjerno je rasporedite i ostavite 5\u201310 minuta da u potpunosti djeluje, zatim temeljito isperite mlakom vodom.<\/p>\n<p>&nbsp;<\/p>\n<p><strong>Savjet:<\/strong> Maska se mo\u017ee koristiti i kao regenerator razrije\u0111ena u omjeru 1:10 s vodom. Nakon upotrebe temeljito isperite mlakom vodom.[\/vc_column_text][\/vc_column][\/vc_row]<\/p>\n<\/div>","protected":false},"excerpt":{"rendered":"<p>Magic Repair maska profesionalni je tretman za dlaku koji dubinski obnavlja, revitalizira i vra\u0107a u \u017eivot o\u0161te\u0107enu ili suhu dlaku. Mo\u017ee se koristiti kao intenzivna kura kod ja\u010dih o\u0161te\u0107enja ili kao redoviti tretman za kondicioniranje dlake koju \u017eelimo dovesti ili odr\u017eati u vrhunskoj formi. Bogata formula osigurava dubinsku hidrataciju te omogu\u0107ava lako ra\u0161\u010de\u0161ljavanje i najzapetljanijih dijelova. Sastojci poput keratina, shea maslaca, pantenola, glicerina, provitamina B5 i aloe vere dubinski obnavljaju, ja\u010daju i hidratiziraju dlaku. Nakon tretmana dlaka ostaje svje\u017ea, njegovana, mirisna i sjajna.<\/p>\n","protected":false},"featured_media":21065,"template":"","meta":[],"product_brand":[],"product_cat":[152],"product_tag":[],"class_list":{"0":"post-21061","1":"product","2":"type-product","3":"status-publish","4":"has-post-thumbnail","6":"product_cat-grooming","8":"first","9":"instock","10":"taxable","11":"shipping-taxable","12":"purchasable","13":"product-type-variable"},"yoast_head":"<!-- This site is optimized with the Yoast SEO plugin v27.2 - https:\/\/yoast.com\/product\/yoast-seo-wordpress\/ -->\n<title>Nekmar Magic Repair Professional Mask - Nekmar<\/title>\n<meta name=\"description\" content=\"Magic Repair maska profesionalni je tretman za dlaku koji dubinski obnavlja, revitalizira i vra\u0107a u \u017eivot o\u0161te\u0107enu ili suhu dlaku.\" \/>\n<meta name=\"robots\" content=\"index, follow, max-snippet:-1, max-image-preview:large, max-video-preview:-1\" \/>\n<link rel=\"canonical\" href=\"https:\/\/nekmar.eu\/hr\/proizvod\/nekmar-magic-repair-professional-mask\/\" \/>\n<meta property=\"og:locale\" content=\"hr_HR\" \/>\n<meta property=\"og:type\" content=\"article\" \/>\n<meta property=\"og:title\" content=\"Nekmar Magic Repair Professional Mask - Nekmar\" \/>\n<meta property=\"og:description\" content=\"Magic Repair maska profesionalni je tretman za dlaku koji dubinski obnavlja, revitalizira i vra\u0107a u \u017eivot o\u0161te\u0107enu ili suhu dlaku.\" \/>\n<meta property=\"og:url\" content=\"https:\/\/nekmar.eu\/hr\/proizvod\/nekmar-magic-repair-professional-mask\/\" \/>\n<meta property=\"og:site_name\" content=\"Nekmar\" \/>\n<meta property=\"article:publisher\" content=\"https:\/\/www.facebook.com\/nekmarpetnutritionHR\/\" \/>\n<meta property=\"article:modified_time\" content=\"2026-01-07T17:07:26+00:00\" \/>\n<meta property=\"og:image\" content=\"https:\/\/nekmar.eu\/hr\/wp-content\/uploads\/2026\/01\/Nekmar-Magic-Repair-1l-50ml.jpg\" \/>\n\t<meta property=\"og:image:width\" content=\"1400\" \/>\n\t<meta property=\"og:image:height\" content=\"1400\" \/>\n\t<meta property=\"og:image:type\" content=\"image\/jpeg\" \/>\n<meta name=\"twitter:card\" content=\"summary_large_image\" \/>\n<meta name=\"twitter:label1\" content=\"Procijenjeno vrijeme \u010ditanja\" \/>\n\t<meta name=\"twitter:data1\" content=\"2 minute\" \/>\n<script type=\"application\/ld+json\" class=\"yoast-schema-graph\">{\"@context\":\"https:\/\/schema.org\",\"@graph\":[{\"@type\":\"WebPage\",\"@id\":\"https:\/\/nekmar.eu\/hr\/proizvod\/nekmar-magic-repair-professional-mask\/\",\"url\":\"https:\/\/nekmar.eu\/hr\/proizvod\/nekmar-magic-repair-professional-mask\/\",\"name\":\"Nekmar Magic Repair Professional Mask - Nekmar\",\"isPartOf\":{\"@id\":\"https:\/\/nekmar.eu\/hr\/#website\"},\"primaryImageOfPage\":{\"@id\":\"https:\/\/nekmar.eu\/hr\/proizvod\/nekmar-magic-repair-professional-mask\/#primaryimage\"},\"image\":{\"@id\":\"https:\/\/nekmar.eu\/hr\/proizvod\/nekmar-magic-repair-professional-mask\/#primaryimage\"},\"thumbnailUrl\":\"https:\/\/nekmar.eu\/hr\/wp-content\/uploads\/2026\/01\/Nekmar-Magic-Repair-1l-50ml.jpg\",\"datePublished\":\"2026-01-07T11:30:36+00:00\",\"dateModified\":\"2026-01-07T17:07:26+00:00\",\"description\":\"Magic Repair maska profesionalni je tretman za dlaku koji dubinski obnavlja, revitalizira i vra\u0107a u \u017eivot o\u0161te\u0107enu ili suhu dlaku.\",\"breadcrumb\":{\"@id\":\"https:\/\/nekmar.eu\/hr\/proizvod\/nekmar-magic-repair-professional-mask\/#breadcrumb\"},\"inLanguage\":\"hr\",\"potentialAction\":[{\"@type\":\"ReadAction\",\"target\":[\"https:\/\/nekmar.eu\/hr\/proizvod\/nekmar-magic-repair-professional-mask\/\"]}]},{\"@type\":\"ImageObject\",\"inLanguage\":\"hr\",\"@id\":\"https:\/\/nekmar.eu\/hr\/proizvod\/nekmar-magic-repair-professional-mask\/#primaryimage\",\"url\":\"https:\/\/nekmar.eu\/hr\/wp-content\/uploads\/2026\/01\/Nekmar-Magic-Repair-1l-50ml.jpg\",\"contentUrl\":\"https:\/\/nekmar.eu\/hr\/wp-content\/uploads\/2026\/01\/Nekmar-Magic-Repair-1l-50ml.jpg\",\"width\":1400,\"height\":1400},{\"@type\":\"BreadcrumbList\",\"@id\":\"https:\/\/nekmar.eu\/hr\/proizvod\/nekmar-magic-repair-professional-mask\/#breadcrumb\",\"itemListElement\":[{\"@type\":\"ListItem\",\"position\":1,\"name\":\"Home\",\"item\":\"https:\/\/nekmar.eu\/hr\/\"},{\"@type\":\"ListItem\",\"position\":2,\"name\":\"Trgovina\",\"item\":\"https:\/\/nekmar.eu\/hr\/trgovina\/\"},{\"@type\":\"ListItem\",\"position\":3,\"name\":\"Nekmar Magic Repair Professional Mask\"}]},{\"@type\":\"WebSite\",\"@id\":\"https:\/\/nekmar.eu\/hr\/#website\",\"url\":\"https:\/\/nekmar.eu\/hr\/\",\"name\":\"Nekmar\",\"description\":\"Pet Nutrition\",\"publisher\":{\"@id\":\"https:\/\/nekmar.eu\/hr\/#organization\"},\"potentialAction\":[{\"@type\":\"SearchAction\",\"target\":{\"@type\":\"EntryPoint\",\"urlTemplate\":\"https:\/\/nekmar.eu\/hr\/?s={search_term_string}\"},\"query-input\":{\"@type\":\"PropertyValueSpecification\",\"valueRequired\":true,\"valueName\":\"search_term_string\"}}],\"inLanguage\":\"hr\"},{\"@type\":\"Organization\",\"@id\":\"https:\/\/nekmar.eu\/hr\/#organization\",\"name\":\"Nekmar Pet Nutrition\",\"url\":\"https:\/\/nekmar.eu\/hr\/\",\"logo\":{\"@type\":\"ImageObject\",\"inLanguage\":\"hr\",\"@id\":\"https:\/\/nekmar.eu\/hr\/#\/schema\/logo\/image\/\",\"url\":\"https:\/\/nekmar.eu\/hr\/wp-content\/uploads\/2019\/08\/Nekmar-contact.jpg\",\"contentUrl\":\"https:\/\/nekmar.eu\/hr\/wp-content\/uploads\/2019\/08\/Nekmar-contact.jpg\",\"width\":600,\"height\":142,\"caption\":\"Nekmar Pet Nutrition\"},\"image\":{\"@id\":\"https:\/\/nekmar.eu\/hr\/#\/schema\/logo\/image\/\"},\"sameAs\":[\"https:\/\/www.facebook.com\/nekmarpetnutritionHR\/\",\"https:\/\/www.instagram.com\/nekmar_hr\/\"]}]}<\/script>\n<!-- \/ Yoast SEO plugin. -->","yoast_head_json":{"title":"Nekmar Magic Repair Professional Mask - Nekmar","description":"Magic Repair maska profesionalni je tretman za dlaku koji dubinski obnavlja, revitalizira i vra\u0107a u \u017eivot o\u0161te\u0107enu ili suhu dlaku.","robots":{"index":"index","follow":"follow","max-snippet":"max-snippet:-1","max-image-preview":"max-image-preview:large","max-video-preview":"max-video-preview:-1"},"canonical":"https:\/\/nekmar.eu\/hr\/proizvod\/nekmar-magic-repair-professional-mask\/","og_locale":"hr_HR","og_type":"article","og_title":"Nekmar Magic Repair Professional Mask - Nekmar","og_description":"Magic Repair maska profesionalni je tretman za dlaku koji dubinski obnavlja, revitalizira i vra\u0107a u \u017eivot o\u0161te\u0107enu ili suhu dlaku.","og_url":"https:\/\/nekmar.eu\/hr\/proizvod\/nekmar-magic-repair-professional-mask\/","og_site_name":"Nekmar","article_publisher":"https:\/\/www.facebook.com\/nekmarpetnutritionHR\/","article_modified_time":"2026-01-07T17:07:26+00:00","og_image":[{"width":1400,"height":1400,"url":"https:\/\/nekmar.eu\/hr\/wp-content\/uploads\/2026\/01\/Nekmar-Magic-Repair-1l-50ml.jpg","type":"image\/jpeg"}],"twitter_card":"summary_large_image","twitter_misc":{"Procijenjeno vrijeme \u010ditanja":"2 minute"},"schema":{"@context":"https:\/\/schema.org","@graph":[{"@type":"WebPage","@id":"https:\/\/nekmar.eu\/hr\/proizvod\/nekmar-magic-repair-professional-mask\/","url":"https:\/\/nekmar.eu\/hr\/proizvod\/nekmar-magic-repair-professional-mask\/","name":"Nekmar Magic Repair Professional Mask - Nekmar","isPartOf":{"@id":"https:\/\/nekmar.eu\/hr\/#website"},"primaryImageOfPage":{"@id":"https:\/\/nekmar.eu\/hr\/proizvod\/nekmar-magic-repair-professional-mask\/#primaryimage"},"image":{"@id":"https:\/\/nekmar.eu\/hr\/proizvod\/nekmar-magic-repair-professional-mask\/#primaryimage"},"thumbnailUrl":"https:\/\/nekmar.eu\/hr\/wp-content\/uploads\/2026\/01\/Nekmar-Magic-Repair-1l-50ml.jpg","datePublished":"2026-01-07T11:30:36+00:00","dateModified":"2026-01-07T17:07:26+00:00","description":"Magic Repair maska profesionalni je tretman za dlaku koji dubinski obnavlja, revitalizira i vra\u0107a u \u017eivot o\u0161te\u0107enu ili suhu dlaku.","breadcrumb":{"@id":"https:\/\/nekmar.eu\/hr\/proizvod\/nekmar-magic-repair-professional-mask\/#breadcrumb"},"inLanguage":"hr","potentialAction":[{"@type":"ReadAction","target":["https:\/\/nekmar.eu\/hr\/proizvod\/nekmar-magic-repair-professional-mask\/"]}]},{"@type":"ImageObject","inLanguage":"hr","@id":"https:\/\/nekmar.eu\/hr\/proizvod\/nekmar-magic-repair-professional-mask\/#primaryimage","url":"https:\/\/nekmar.eu\/hr\/wp-content\/uploads\/2026\/01\/Nekmar-Magic-Repair-1l-50ml.jpg","contentUrl":"https:\/\/nekmar.eu\/hr\/wp-content\/uploads\/2026\/01\/Nekmar-Magic-Repair-1l-50ml.jpg","width":1400,"height":1400},{"@type":"BreadcrumbList","@id":"https:\/\/nekmar.eu\/hr\/proizvod\/nekmar-magic-repair-professional-mask\/#breadcrumb","itemListElement":[{"@type":"ListItem","position":1,"name":"Home","item":"https:\/\/nekmar.eu\/hr\/"},{"@type":"ListItem","position":2,"name":"Trgovina","item":"https:\/\/nekmar.eu\/hr\/trgovina\/"},{"@type":"ListItem","position":3,"name":"Nekmar Magic Repair Professional Mask"}]},{"@type":"WebSite","@id":"https:\/\/nekmar.eu\/hr\/#website","url":"https:\/\/nekmar.eu\/hr\/","name":"Nekmar","description":"Pet Nutrition","publisher":{"@id":"https:\/\/nekmar.eu\/hr\/#organization"},"potentialAction":[{"@type":"SearchAction","target":{"@type":"EntryPoint","urlTemplate":"https:\/\/nekmar.eu\/hr\/?s={search_term_string}"},"query-input":{"@type":"PropertyValueSpecification","valueRequired":true,"valueName":"search_term_string"}}],"inLanguage":"hr"},{"@type":"Organization","@id":"https:\/\/nekmar.eu\/hr\/#organization","name":"Nekmar Pet Nutrition","url":"https:\/\/nekmar.eu\/hr\/","logo":{"@type":"ImageObject","inLanguage":"hr","@id":"https:\/\/nekmar.eu\/hr\/#\/schema\/logo\/image\/","url":"https:\/\/nekmar.eu\/hr\/wp-content\/uploads\/2019\/08\/Nekmar-contact.jpg","contentUrl":"https:\/\/nekmar.eu\/hr\/wp-content\/uploads\/2019\/08\/Nekmar-contact.jpg","width":600,"height":142,"caption":"Nekmar Pet Nutrition"},"image":{"@id":"https:\/\/nekmar.eu\/hr\/#\/schema\/logo\/image\/"},"sameAs":["https:\/\/www.facebook.com\/nekmarpetnutritionHR\/","https:\/\/www.instagram.com\/nekmar_hr\/"]}]}},"_links":{"self":[{"href":"https:\/\/nekmar.eu\/hr\/wp-json\/wp\/v2\/product\/21061","targetHints":{"allow":["GET"]}}],"collection":[{"href":"https:\/\/nekmar.eu\/hr\/wp-json\/wp\/v2\/product"}],"about":[{"href":"https:\/\/nekmar.eu\/hr\/wp-json\/wp\/v2\/types\/product"}],"wp:featuredmedia":[{"embeddable":true,"href":"https:\/\/nekmar.eu\/hr\/wp-json\/wp\/v2\/media\/21065"}],"wp:attachment":[{"href":"https:\/\/nekmar.eu\/hr\/wp-json\/wp\/v2\/media?parent=21061"}],"wp:term":[{"taxonomy":"product_brand","embeddable":true,"href":"https:\/\/nekmar.eu\/hr\/wp-json\/wp\/v2\/product_brand?post=21061"},{"taxonomy":"product_cat","embeddable":true,"href":"https:\/\/nekmar.eu\/hr\/wp-json\/wp\/v2\/product_cat?post=21061"},{"taxonomy":"product_tag","embeddable":true,"href":"https:\/\/nekmar.eu\/hr\/wp-json\/wp\/v2\/product_tag?post=21061"}],"curies":[{"name":"wp","href":"https:\/\/api.w.org\/{rel}","templated":true}]}}