{"id":21067,"date":"2026-01-07T12:38:18","date_gmt":"2026-01-07T11:38:18","guid":{"rendered":"https:\/\/nekmar.eu\/hr\/?post_type=product&#038;p=21067"},"modified":"2026-01-07T18:07:26","modified_gmt":"2026-01-07T17:07:26","slug":"nekmar-volume-coat-professional-shampoo","status":"publish","type":"product","link":"https:\/\/nekmar.eu\/hr\/proizvod\/nekmar-volume-coat-professional-shampoo\/","title":{"rendered":"Nekmar Volume Coat Professional Shampoo"},"content":{"rendered":"<div class=\"wpb-content-wrapper\"><p>[vc_row css_animation=&#8221;&#8221; row_type=&#8221;row&#8221; use_row_as_full_screen_section=&#8221;no&#8221; type=&#8221;full_width&#8221; angled_section=&#8221;no&#8221; text_align=&#8221;left&#8221; background_image_as_pattern=&#8221;without_pattern&#8221;][vc_column][vc_column_text css=&#8221;&#8221;]<strong>SASTAV:<\/strong> voda, natrij lauret sulfat, kokamidopropil betain, natrij klorid, miris, glicerin, kokosovo ulje (*), sok lista aloe vere (*), ulje sjemenki gro\u017e\u0111a, ekstrakt hmelja, hidrolizirani protein p\u0161enice, ekstrakt lista\/stapke zobi (*), PEG-40 hidrogenizirano ricinusovo ulje, fenoksietanol, polikvaternij-7, propilen glikol, Laureth-3, silicijev dioksid, lauril glukozid, limunska kiselina, tetranatrij glutamat diacetat, etilheksilglicerin, natrij hidroksid, kumarin, linalool, heksametilindanopiran, linalil acetat, ulje kore gorke naran\u010de, limonen.<br \/>\n(*) iz organskog uzgoja<\/p>\n<p>&nbsp;<\/p>\n<p><strong>SASTOJCI POTJE\u010cU IZ ORGANSKOG UZGOJA<\/strong><\/p>\n<p>&nbsp;<\/p>\n<p>\u2022 Pove\u0107ava volumen i gusto\u0107u dlake<br \/>\n\u2022 Nje\u017eno i u\u010dinkovito \u010disti<br \/>\n\u2022 Njeguje<br \/>\n\u2022 Uklanja neugodne mirise<br \/>\n\u2022 Lagana formula<br \/>\n\u2022 Pogodno za sve tipove dlake<\/p>\n<p>&nbsp;<\/p>\n<p><strong>1:30 koncentrirana formula<\/strong><\/p>\n<p>&nbsp;<\/p>\n<p><strong>UPUTE ZA UPOTREBU:<\/strong> Ovaj je \u0161ampon visoko koncentriran i prije upotrebe potrebno ga je razrijediti s vodom u omjeru 1:20 do 1:30 ovisno o \u017eeljenom rezultatu i stanju dlake. Nanesite \u0161ampon ravnomjerno na prethodno namo\u010denu dlaku te nje\u017eno masirajte dok se ne stvori bogata pjena. Temeljito isperite mlakom vodom. Ako je potrebno, ponovite postupak.[\/vc_column_text][\/vc_column][\/vc_row]<\/p>\n<\/div>","protected":false},"excerpt":{"rendered":"<p>Volume coat \u0161ampon profesionalni je proizvod specijaliziran za stvaranje i dodavanje volumena svim tipovima dlake. Formula pru\u017ea lako\u0107u, puno\u0107u i \u010dvrsto\u0107u, dok dlaku istovremeno dubinski \u010disti i njeguje. Proizvod pobolj\u0161ava mogu\u0107nost ra\u0161\u010de\u0161ljavanja bez ote\u017eavanja dlake. Nakon tretmana dlaka ostaje zdrava i nahranjena zahvaljuju\u0107i prirodnim sastojcima poput ulja sjemenki gro\u017e\u0111a, aloe vere, kokosova ulja i p\u0161eni\u010dnih proteina.<\/p>\n","protected":false},"featured_media":21070,"template":"","meta":[],"product_brand":[],"product_cat":[152],"product_tag":[],"class_list":{"0":"post-21067","1":"product","2":"type-product","3":"status-publish","4":"has-post-thumbnail","6":"product_cat-grooming","8":"first","9":"instock","10":"taxable","11":"shipping-taxable","12":"purchasable","13":"product-type-simple"},"yoast_head":"<!-- This site is optimized with the Yoast SEO plugin v27.2 - https:\/\/yoast.com\/product\/yoast-seo-wordpress\/ -->\n<title>Nekmar Volume Coat Professional Shampoo - Nekmar<\/title>\n<meta name=\"description\" content=\"Volume coat \u0161ampon profesionalni je proizvod specijaliziran za stvaranje i dodavanje volumena svim tipovima dlake.\" \/>\n<meta name=\"robots\" content=\"index, follow, max-snippet:-1, max-image-preview:large, max-video-preview:-1\" \/>\n<link rel=\"canonical\" href=\"https:\/\/nekmar.eu\/hr\/proizvod\/nekmar-volume-coat-professional-shampoo\/\" \/>\n<meta property=\"og:locale\" content=\"hr_HR\" \/>\n<meta property=\"og:type\" content=\"article\" \/>\n<meta property=\"og:title\" content=\"Nekmar Volume Coat Professional Shampoo - Nekmar\" \/>\n<meta property=\"og:description\" content=\"Volume coat \u0161ampon profesionalni je proizvod specijaliziran za stvaranje i dodavanje volumena svim tipovima dlake.\" \/>\n<meta property=\"og:url\" content=\"https:\/\/nekmar.eu\/hr\/proizvod\/nekmar-volume-coat-professional-shampoo\/\" \/>\n<meta property=\"og:site_name\" content=\"Nekmar\" \/>\n<meta property=\"article:publisher\" content=\"https:\/\/www.facebook.com\/nekmarpetnutritionHR\/\" \/>\n<meta property=\"article:modified_time\" content=\"2026-01-07T17:07:26+00:00\" \/>\n<meta property=\"og:image\" content=\"https:\/\/nekmar.eu\/hr\/wp-content\/uploads\/2026\/01\/Nekmar-Volume-Coat-3l.jpg\" \/>\n\t<meta property=\"og:image:width\" content=\"1400\" \/>\n\t<meta property=\"og:image:height\" content=\"1400\" \/>\n\t<meta property=\"og:image:type\" content=\"image\/jpeg\" \/>\n<meta name=\"twitter:card\" content=\"summary_large_image\" \/>\n<meta name=\"twitter:label1\" content=\"Procijenjeno vrijeme \u010ditanja\" \/>\n\t<meta name=\"twitter:data1\" content=\"2 minute\" \/>\n<script type=\"application\/ld+json\" class=\"yoast-schema-graph\">{\"@context\":\"https:\/\/schema.org\",\"@graph\":[{\"@type\":\"WebPage\",\"@id\":\"https:\/\/nekmar.eu\/hr\/proizvod\/nekmar-volume-coat-professional-shampoo\/\",\"url\":\"https:\/\/nekmar.eu\/hr\/proizvod\/nekmar-volume-coat-professional-shampoo\/\",\"name\":\"Nekmar Volume Coat Professional Shampoo - Nekmar\",\"isPartOf\":{\"@id\":\"https:\/\/nekmar.eu\/hr\/#website\"},\"primaryImageOfPage\":{\"@id\":\"https:\/\/nekmar.eu\/hr\/proizvod\/nekmar-volume-coat-professional-shampoo\/#primaryimage\"},\"image\":{\"@id\":\"https:\/\/nekmar.eu\/hr\/proizvod\/nekmar-volume-coat-professional-shampoo\/#primaryimage\"},\"thumbnailUrl\":\"https:\/\/nekmar.eu\/hr\/wp-content\/uploads\/2026\/01\/Nekmar-Volume-Coat-3l.jpg\",\"datePublished\":\"2026-01-07T11:38:18+00:00\",\"dateModified\":\"2026-01-07T17:07:26+00:00\",\"description\":\"Volume coat \u0161ampon profesionalni je proizvod specijaliziran za stvaranje i dodavanje volumena svim tipovima dlake.\",\"breadcrumb\":{\"@id\":\"https:\/\/nekmar.eu\/hr\/proizvod\/nekmar-volume-coat-professional-shampoo\/#breadcrumb\"},\"inLanguage\":\"hr\",\"potentialAction\":[{\"@type\":\"ReadAction\",\"target\":[\"https:\/\/nekmar.eu\/hr\/proizvod\/nekmar-volume-coat-professional-shampoo\/\"]}]},{\"@type\":\"ImageObject\",\"inLanguage\":\"hr\",\"@id\":\"https:\/\/nekmar.eu\/hr\/proizvod\/nekmar-volume-coat-professional-shampoo\/#primaryimage\",\"url\":\"https:\/\/nekmar.eu\/hr\/wp-content\/uploads\/2026\/01\/Nekmar-Volume-Coat-3l.jpg\",\"contentUrl\":\"https:\/\/nekmar.eu\/hr\/wp-content\/uploads\/2026\/01\/Nekmar-Volume-Coat-3l.jpg\",\"width\":1400,\"height\":1400},{\"@type\":\"BreadcrumbList\",\"@id\":\"https:\/\/nekmar.eu\/hr\/proizvod\/nekmar-volume-coat-professional-shampoo\/#breadcrumb\",\"itemListElement\":[{\"@type\":\"ListItem\",\"position\":1,\"name\":\"Home\",\"item\":\"https:\/\/nekmar.eu\/hr\/\"},{\"@type\":\"ListItem\",\"position\":2,\"name\":\"Trgovina\",\"item\":\"https:\/\/nekmar.eu\/hr\/trgovina\/\"},{\"@type\":\"ListItem\",\"position\":3,\"name\":\"Nekmar Volume Coat Professional Shampoo\"}]},{\"@type\":\"WebSite\",\"@id\":\"https:\/\/nekmar.eu\/hr\/#website\",\"url\":\"https:\/\/nekmar.eu\/hr\/\",\"name\":\"Nekmar\",\"description\":\"Pet Nutrition\",\"publisher\":{\"@id\":\"https:\/\/nekmar.eu\/hr\/#organization\"},\"potentialAction\":[{\"@type\":\"SearchAction\",\"target\":{\"@type\":\"EntryPoint\",\"urlTemplate\":\"https:\/\/nekmar.eu\/hr\/?s={search_term_string}\"},\"query-input\":{\"@type\":\"PropertyValueSpecification\",\"valueRequired\":true,\"valueName\":\"search_term_string\"}}],\"inLanguage\":\"hr\"},{\"@type\":\"Organization\",\"@id\":\"https:\/\/nekmar.eu\/hr\/#organization\",\"name\":\"Nekmar Pet Nutrition\",\"url\":\"https:\/\/nekmar.eu\/hr\/\",\"logo\":{\"@type\":\"ImageObject\",\"inLanguage\":\"hr\",\"@id\":\"https:\/\/nekmar.eu\/hr\/#\/schema\/logo\/image\/\",\"url\":\"https:\/\/nekmar.eu\/hr\/wp-content\/uploads\/2019\/08\/Nekmar-contact.jpg\",\"contentUrl\":\"https:\/\/nekmar.eu\/hr\/wp-content\/uploads\/2019\/08\/Nekmar-contact.jpg\",\"width\":600,\"height\":142,\"caption\":\"Nekmar Pet Nutrition\"},\"image\":{\"@id\":\"https:\/\/nekmar.eu\/hr\/#\/schema\/logo\/image\/\"},\"sameAs\":[\"https:\/\/www.facebook.com\/nekmarpetnutritionHR\/\",\"https:\/\/www.instagram.com\/nekmar_hr\/\"]}]}<\/script>\n<!-- \/ Yoast SEO plugin. -->","yoast_head_json":{"title":"Nekmar Volume Coat Professional Shampoo - Nekmar","description":"Volume coat \u0161ampon profesionalni je proizvod specijaliziran za stvaranje i dodavanje volumena svim tipovima dlake.","robots":{"index":"index","follow":"follow","max-snippet":"max-snippet:-1","max-image-preview":"max-image-preview:large","max-video-preview":"max-video-preview:-1"},"canonical":"https:\/\/nekmar.eu\/hr\/proizvod\/nekmar-volume-coat-professional-shampoo\/","og_locale":"hr_HR","og_type":"article","og_title":"Nekmar Volume Coat Professional Shampoo - Nekmar","og_description":"Volume coat \u0161ampon profesionalni je proizvod specijaliziran za stvaranje i dodavanje volumena svim tipovima dlake.","og_url":"https:\/\/nekmar.eu\/hr\/proizvod\/nekmar-volume-coat-professional-shampoo\/","og_site_name":"Nekmar","article_publisher":"https:\/\/www.facebook.com\/nekmarpetnutritionHR\/","article_modified_time":"2026-01-07T17:07:26+00:00","og_image":[{"width":1400,"height":1400,"url":"https:\/\/nekmar.eu\/hr\/wp-content\/uploads\/2026\/01\/Nekmar-Volume-Coat-3l.jpg","type":"image\/jpeg"}],"twitter_card":"summary_large_image","twitter_misc":{"Procijenjeno vrijeme \u010ditanja":"2 minute"},"schema":{"@context":"https:\/\/schema.org","@graph":[{"@type":"WebPage","@id":"https:\/\/nekmar.eu\/hr\/proizvod\/nekmar-volume-coat-professional-shampoo\/","url":"https:\/\/nekmar.eu\/hr\/proizvod\/nekmar-volume-coat-professional-shampoo\/","name":"Nekmar Volume Coat Professional Shampoo - Nekmar","isPartOf":{"@id":"https:\/\/nekmar.eu\/hr\/#website"},"primaryImageOfPage":{"@id":"https:\/\/nekmar.eu\/hr\/proizvod\/nekmar-volume-coat-professional-shampoo\/#primaryimage"},"image":{"@id":"https:\/\/nekmar.eu\/hr\/proizvod\/nekmar-volume-coat-professional-shampoo\/#primaryimage"},"thumbnailUrl":"https:\/\/nekmar.eu\/hr\/wp-content\/uploads\/2026\/01\/Nekmar-Volume-Coat-3l.jpg","datePublished":"2026-01-07T11:38:18+00:00","dateModified":"2026-01-07T17:07:26+00:00","description":"Volume coat \u0161ampon profesionalni je proizvod specijaliziran za stvaranje i dodavanje volumena svim tipovima dlake.","breadcrumb":{"@id":"https:\/\/nekmar.eu\/hr\/proizvod\/nekmar-volume-coat-professional-shampoo\/#breadcrumb"},"inLanguage":"hr","potentialAction":[{"@type":"ReadAction","target":["https:\/\/nekmar.eu\/hr\/proizvod\/nekmar-volume-coat-professional-shampoo\/"]}]},{"@type":"ImageObject","inLanguage":"hr","@id":"https:\/\/nekmar.eu\/hr\/proizvod\/nekmar-volume-coat-professional-shampoo\/#primaryimage","url":"https:\/\/nekmar.eu\/hr\/wp-content\/uploads\/2026\/01\/Nekmar-Volume-Coat-3l.jpg","contentUrl":"https:\/\/nekmar.eu\/hr\/wp-content\/uploads\/2026\/01\/Nekmar-Volume-Coat-3l.jpg","width":1400,"height":1400},{"@type":"BreadcrumbList","@id":"https:\/\/nekmar.eu\/hr\/proizvod\/nekmar-volume-coat-professional-shampoo\/#breadcrumb","itemListElement":[{"@type":"ListItem","position":1,"name":"Home","item":"https:\/\/nekmar.eu\/hr\/"},{"@type":"ListItem","position":2,"name":"Trgovina","item":"https:\/\/nekmar.eu\/hr\/trgovina\/"},{"@type":"ListItem","position":3,"name":"Nekmar Volume Coat Professional Shampoo"}]},{"@type":"WebSite","@id":"https:\/\/nekmar.eu\/hr\/#website","url":"https:\/\/nekmar.eu\/hr\/","name":"Nekmar","description":"Pet Nutrition","publisher":{"@id":"https:\/\/nekmar.eu\/hr\/#organization"},"potentialAction":[{"@type":"SearchAction","target":{"@type":"EntryPoint","urlTemplate":"https:\/\/nekmar.eu\/hr\/?s={search_term_string}"},"query-input":{"@type":"PropertyValueSpecification","valueRequired":true,"valueName":"search_term_string"}}],"inLanguage":"hr"},{"@type":"Organization","@id":"https:\/\/nekmar.eu\/hr\/#organization","name":"Nekmar Pet Nutrition","url":"https:\/\/nekmar.eu\/hr\/","logo":{"@type":"ImageObject","inLanguage":"hr","@id":"https:\/\/nekmar.eu\/hr\/#\/schema\/logo\/image\/","url":"https:\/\/nekmar.eu\/hr\/wp-content\/uploads\/2019\/08\/Nekmar-contact.jpg","contentUrl":"https:\/\/nekmar.eu\/hr\/wp-content\/uploads\/2019\/08\/Nekmar-contact.jpg","width":600,"height":142,"caption":"Nekmar Pet Nutrition"},"image":{"@id":"https:\/\/nekmar.eu\/hr\/#\/schema\/logo\/image\/"},"sameAs":["https:\/\/www.facebook.com\/nekmarpetnutritionHR\/","https:\/\/www.instagram.com\/nekmar_hr\/"]}]}},"_links":{"self":[{"href":"https:\/\/nekmar.eu\/hr\/wp-json\/wp\/v2\/product\/21067","targetHints":{"allow":["GET"]}}],"collection":[{"href":"https:\/\/nekmar.eu\/hr\/wp-json\/wp\/v2\/product"}],"about":[{"href":"https:\/\/nekmar.eu\/hr\/wp-json\/wp\/v2\/types\/product"}],"wp:featuredmedia":[{"embeddable":true,"href":"https:\/\/nekmar.eu\/hr\/wp-json\/wp\/v2\/media\/21070"}],"wp:attachment":[{"href":"https:\/\/nekmar.eu\/hr\/wp-json\/wp\/v2\/media?parent=21067"}],"wp:term":[{"taxonomy":"product_brand","embeddable":true,"href":"https:\/\/nekmar.eu\/hr\/wp-json\/wp\/v2\/product_brand?post=21067"},{"taxonomy":"product_cat","embeddable":true,"href":"https:\/\/nekmar.eu\/hr\/wp-json\/wp\/v2\/product_cat?post=21067"},{"taxonomy":"product_tag","embeddable":true,"href":"https:\/\/nekmar.eu\/hr\/wp-json\/wp\/v2\/product_tag?post=21067"}],"curies":[{"name":"wp","href":"https:\/\/api.w.org\/{rel}","templated":true}]}}