{"id":5255,"date":"2022-05-02T13:40:43","date_gmt":"2022-05-02T12:40:43","guid":{"rendered":"https:\/\/nekmar.eu\/hr\/?post_type=product&#038;p=5255"},"modified":"2026-02-01T00:20:58","modified_gmt":"2026-01-31T23:20:58","slug":"nekmar-muscle-dpr","status":"publish","type":"product","link":"https:\/\/nekmar.eu\/hr\/proizvod\/nekmar-muscle-dpr\/","title":{"rendered":"Nekmar Muscle DPR"},"content":{"rendered":"<div class=\"wpb-content-wrapper\"><p>[vc_row css_animation=&#8221;&#8221; row_type=&#8221;row&#8221; use_row_as_full_screen_section=&#8221;no&#8221; type=&#8221;full_width&#8221; angled_section=&#8221;no&#8221; text_align=&#8221;left&#8221; background_image_as_pattern=&#8221;without_pattern&#8221;][vc_column][vc_column_text]Muscle DPR je hrana za pse i konje na bazi rafiniranog ulja ri\u017einih mekinja koje pove\u0107ava koncentraciju gama orizanola u prehrani \u017eivotinje kako bi se promovirao razvoj, radni u\u010dinak i oporavak mi\u0161i\u0107nog tkiva.<\/p>\n<p>&nbsp;<\/p>\n<p><strong>Upotreba:<\/strong> Gama orizanol (dobiven iz ulja ri\u017einih mekinja) je prirodni antioksidant koji stimulira razvoj i rast mi\u0161i\u0107nog tkiva te pove\u0107ava radni u\u010dinak i izdr\u017eljivost kod pasa i konja.<\/p>\n<p>&nbsp;<\/p>\n<p>Prikladan u sljede\u0107im slu\u010dajevima:<br \/>\n&#8211; izlo\u017ebeni psi i konji<br \/>\n&#8211; radni psi i konji<br \/>\n&#8211; mlade \u017eivotinje u razvoju kao potpora mi\u0161i\u0107nom tkivu<br \/>\n&#8211; stariji psi i konji za revitalizaciju<br \/>\n&#8211; pre i post operativno u rehabilitaciji ili kod smanjene mobilnosti<\/p>\n<p>&nbsp;<\/p>\n<p><strong>Sastav:<\/strong> ulje ri\u017einih mekinja 100%.<\/p>\n<p>&nbsp;<\/p>\n<p><strong>Analiti\u010dki sastav:<\/strong> proteini 0%, vlakna 0%, ulja i masti 100%.<\/p>\n<p>&nbsp;<\/p>\n<p><strong>Doziranje po danu &#8211; psi:<\/strong><br \/>\nDodajte ulje preko hrane va\u0161eg ljubimca. Proizvod treba uvoditi postepeno tijekom nekoliko dana.<\/p>\n<p>&nbsp;<\/p>\n<p>Odr\u017eavanje: 2-2,5ml \/ 10kg<br \/>\nRadni psi, oporavak, revitalizacija: 4-5ml\/10kg, ne vi\u0161e od 20ml\/dan.<\/p>\n<p>&nbsp;<\/p>\n<p><strong>Doziranje po danu &#8211; konji:<\/strong><br \/>\nDodajte ulje preko hrane. Proizvod treba uvoditi postepeno tijekom nekoliko dana.<\/p>\n<p>&nbsp;<\/p>\n<p>Koli\u010dina za konja te\u017eine 450kg:<br \/>\nOdr\u017eavanje: 60ml\/dan<br \/>\nNapredak: 120ml\/dan<br \/>\nZna\u010dajan napredak: 240ml\/dan[\/vc_column_text][\/vc_column][\/vc_row]<\/p>\n<\/div>","protected":false},"excerpt":{"rendered":"<p>Muscle DPR je hrana za pse i konje na bazi rafiniranog ulja ri\u017einih mekinja koje pove\u0107ava koncentraciju gama orizanola u prehrani \u017eivotinje kako bi se promovirao razvoj, radni u\u010dinak i oporavak mi\u0161i\u0107nog tkiva.<\/p>\n","protected":false},"featured_media":5272,"template":"","meta":[],"product_brand":[],"product_cat":[119],"product_tag":[],"class_list":{"0":"post-5255","1":"product","2":"type-product","3":"status-publish","4":"has-post-thumbnail","6":"product_cat-ulja","8":"first","9":"instock","10":"taxable","11":"shipping-taxable","12":"purchasable","13":"product-type-variable"},"yoast_head":"<!-- This site is optimized with the Yoast SEO plugin v27.2 - https:\/\/yoast.com\/product\/yoast-seo-wordpress\/ -->\n<title>Nekmar Muscle DPR - Nekmar<\/title>\n<meta name=\"description\" content=\"Muscle DPR je hrana za pse i konje sa\u010dinjena od rafiniranog ulja ri\u017einih mekinja koje pove\u0107ava koncentraciju gama orizanola.\" \/>\n<meta name=\"robots\" content=\"index, follow, max-snippet:-1, max-image-preview:large, max-video-preview:-1\" \/>\n<link rel=\"canonical\" href=\"https:\/\/nekmar.eu\/hr\/proizvod\/nekmar-muscle-dpr\/\" \/>\n<meta property=\"og:locale\" content=\"hr_HR\" \/>\n<meta property=\"og:type\" content=\"article\" \/>\n<meta property=\"og:title\" content=\"Nekmar Muscle DPR\" \/>\n<meta property=\"og:description\" content=\"Muscle DPR je sa\u010dinjen od rafiniranog ulja ri\u017einih mekinja koje pove\u0107ava koncentraciju gama orizanola u prehrani \u017eivotinje.\" \/>\n<meta property=\"og:url\" content=\"https:\/\/nekmar.eu\/hr\/proizvod\/nekmar-muscle-dpr\/\" \/>\n<meta property=\"og:site_name\" content=\"Nekmar\" \/>\n<meta property=\"article:publisher\" content=\"https:\/\/www.facebook.com\/nekmarpetnutritionHR\/\" \/>\n<meta property=\"article:modified_time\" content=\"2026-01-31T23:20:58+00:00\" \/>\n<meta property=\"og:image\" content=\"https:\/\/nekmar.eu\/hr\/wp-content\/uploads\/2022\/05\/Nekmar_Muscle_DPR.jpg\" \/>\n\t<meta property=\"og:image:width\" content=\"1000\" \/>\n\t<meta property=\"og:image:height\" content=\"1000\" \/>\n\t<meta property=\"og:image:type\" content=\"image\/jpeg\" \/>\n<meta name=\"twitter:card\" content=\"summary_large_image\" \/>\n<meta name=\"twitter:label1\" content=\"Procijenjeno vrijeme \u010ditanja\" \/>\n\t<meta name=\"twitter:data1\" content=\"2 minute\" \/>\n<script type=\"application\/ld+json\" class=\"yoast-schema-graph\">{\"@context\":\"https:\/\/schema.org\",\"@graph\":[{\"@type\":\"WebPage\",\"@id\":\"https:\/\/nekmar.eu\/hr\/proizvod\/nekmar-muscle-dpr\/\",\"url\":\"https:\/\/nekmar.eu\/hr\/proizvod\/nekmar-muscle-dpr\/\",\"name\":\"Nekmar Muscle DPR - Nekmar\",\"isPartOf\":{\"@id\":\"https:\/\/nekmar.eu\/hr\/#website\"},\"primaryImageOfPage\":{\"@id\":\"https:\/\/nekmar.eu\/hr\/proizvod\/nekmar-muscle-dpr\/#primaryimage\"},\"image\":{\"@id\":\"https:\/\/nekmar.eu\/hr\/proizvod\/nekmar-muscle-dpr\/#primaryimage\"},\"thumbnailUrl\":\"https:\/\/nekmar.eu\/hr\/wp-content\/uploads\/2022\/05\/Nekmar_Muscle_DPR.jpg\",\"datePublished\":\"2022-05-02T12:40:43+00:00\",\"dateModified\":\"2026-01-31T23:20:58+00:00\",\"description\":\"Muscle DPR je hrana za pse i konje sa\u010dinjena od rafiniranog ulja ri\u017einih mekinja koje pove\u0107ava koncentraciju gama orizanola.\",\"breadcrumb\":{\"@id\":\"https:\/\/nekmar.eu\/hr\/proizvod\/nekmar-muscle-dpr\/#breadcrumb\"},\"inLanguage\":\"hr\",\"potentialAction\":[{\"@type\":\"ReadAction\",\"target\":[\"https:\/\/nekmar.eu\/hr\/proizvod\/nekmar-muscle-dpr\/\"]}]},{\"@type\":\"ImageObject\",\"inLanguage\":\"hr\",\"@id\":\"https:\/\/nekmar.eu\/hr\/proizvod\/nekmar-muscle-dpr\/#primaryimage\",\"url\":\"https:\/\/nekmar.eu\/hr\/wp-content\/uploads\/2022\/05\/Nekmar_Muscle_DPR.jpg\",\"contentUrl\":\"https:\/\/nekmar.eu\/hr\/wp-content\/uploads\/2022\/05\/Nekmar_Muscle_DPR.jpg\",\"width\":1000,\"height\":1000},{\"@type\":\"BreadcrumbList\",\"@id\":\"https:\/\/nekmar.eu\/hr\/proizvod\/nekmar-muscle-dpr\/#breadcrumb\",\"itemListElement\":[{\"@type\":\"ListItem\",\"position\":1,\"name\":\"Home\",\"item\":\"https:\/\/nekmar.eu\/hr\/\"},{\"@type\":\"ListItem\",\"position\":2,\"name\":\"Trgovina\",\"item\":\"https:\/\/nekmar.eu\/hr\/trgovina\/\"},{\"@type\":\"ListItem\",\"position\":3,\"name\":\"Nekmar Muscle DPR\"}]},{\"@type\":\"WebSite\",\"@id\":\"https:\/\/nekmar.eu\/hr\/#website\",\"url\":\"https:\/\/nekmar.eu\/hr\/\",\"name\":\"Nekmar\",\"description\":\"Pet Nutrition\",\"publisher\":{\"@id\":\"https:\/\/nekmar.eu\/hr\/#organization\"},\"potentialAction\":[{\"@type\":\"SearchAction\",\"target\":{\"@type\":\"EntryPoint\",\"urlTemplate\":\"https:\/\/nekmar.eu\/hr\/?s={search_term_string}\"},\"query-input\":{\"@type\":\"PropertyValueSpecification\",\"valueRequired\":true,\"valueName\":\"search_term_string\"}}],\"inLanguage\":\"hr\"},{\"@type\":\"Organization\",\"@id\":\"https:\/\/nekmar.eu\/hr\/#organization\",\"name\":\"Nekmar Pet Nutrition\",\"url\":\"https:\/\/nekmar.eu\/hr\/\",\"logo\":{\"@type\":\"ImageObject\",\"inLanguage\":\"hr\",\"@id\":\"https:\/\/nekmar.eu\/hr\/#\/schema\/logo\/image\/\",\"url\":\"https:\/\/nekmar.eu\/hr\/wp-content\/uploads\/2019\/08\/Nekmar-contact.jpg\",\"contentUrl\":\"https:\/\/nekmar.eu\/hr\/wp-content\/uploads\/2019\/08\/Nekmar-contact.jpg\",\"width\":600,\"height\":142,\"caption\":\"Nekmar Pet Nutrition\"},\"image\":{\"@id\":\"https:\/\/nekmar.eu\/hr\/#\/schema\/logo\/image\/\"},\"sameAs\":[\"https:\/\/www.facebook.com\/nekmarpetnutritionHR\/\",\"https:\/\/www.instagram.com\/nekmar_hr\/\"]}]}<\/script>\n<!-- \/ Yoast SEO plugin. -->","yoast_head_json":{"title":"Nekmar Muscle DPR - Nekmar","description":"Muscle DPR je hrana za pse i konje sa\u010dinjena od rafiniranog ulja ri\u017einih mekinja koje pove\u0107ava koncentraciju gama orizanola.","robots":{"index":"index","follow":"follow","max-snippet":"max-snippet:-1","max-image-preview":"max-image-preview:large","max-video-preview":"max-video-preview:-1"},"canonical":"https:\/\/nekmar.eu\/hr\/proizvod\/nekmar-muscle-dpr\/","og_locale":"hr_HR","og_type":"article","og_title":"Nekmar Muscle DPR","og_description":"Muscle DPR je sa\u010dinjen od rafiniranog ulja ri\u017einih mekinja koje pove\u0107ava koncentraciju gama orizanola u prehrani \u017eivotinje.","og_url":"https:\/\/nekmar.eu\/hr\/proizvod\/nekmar-muscle-dpr\/","og_site_name":"Nekmar","article_publisher":"https:\/\/www.facebook.com\/nekmarpetnutritionHR\/","article_modified_time":"2026-01-31T23:20:58+00:00","og_image":[{"width":1000,"height":1000,"url":"https:\/\/nekmar.eu\/hr\/wp-content\/uploads\/2022\/05\/Nekmar_Muscle_DPR.jpg","type":"image\/jpeg"}],"twitter_card":"summary_large_image","twitter_misc":{"Procijenjeno vrijeme \u010ditanja":"2 minute"},"schema":{"@context":"https:\/\/schema.org","@graph":[{"@type":"WebPage","@id":"https:\/\/nekmar.eu\/hr\/proizvod\/nekmar-muscle-dpr\/","url":"https:\/\/nekmar.eu\/hr\/proizvod\/nekmar-muscle-dpr\/","name":"Nekmar Muscle DPR - Nekmar","isPartOf":{"@id":"https:\/\/nekmar.eu\/hr\/#website"},"primaryImageOfPage":{"@id":"https:\/\/nekmar.eu\/hr\/proizvod\/nekmar-muscle-dpr\/#primaryimage"},"image":{"@id":"https:\/\/nekmar.eu\/hr\/proizvod\/nekmar-muscle-dpr\/#primaryimage"},"thumbnailUrl":"https:\/\/nekmar.eu\/hr\/wp-content\/uploads\/2022\/05\/Nekmar_Muscle_DPR.jpg","datePublished":"2022-05-02T12:40:43+00:00","dateModified":"2026-01-31T23:20:58+00:00","description":"Muscle DPR je hrana za pse i konje sa\u010dinjena od rafiniranog ulja ri\u017einih mekinja koje pove\u0107ava koncentraciju gama orizanola.","breadcrumb":{"@id":"https:\/\/nekmar.eu\/hr\/proizvod\/nekmar-muscle-dpr\/#breadcrumb"},"inLanguage":"hr","potentialAction":[{"@type":"ReadAction","target":["https:\/\/nekmar.eu\/hr\/proizvod\/nekmar-muscle-dpr\/"]}]},{"@type":"ImageObject","inLanguage":"hr","@id":"https:\/\/nekmar.eu\/hr\/proizvod\/nekmar-muscle-dpr\/#primaryimage","url":"https:\/\/nekmar.eu\/hr\/wp-content\/uploads\/2022\/05\/Nekmar_Muscle_DPR.jpg","contentUrl":"https:\/\/nekmar.eu\/hr\/wp-content\/uploads\/2022\/05\/Nekmar_Muscle_DPR.jpg","width":1000,"height":1000},{"@type":"BreadcrumbList","@id":"https:\/\/nekmar.eu\/hr\/proizvod\/nekmar-muscle-dpr\/#breadcrumb","itemListElement":[{"@type":"ListItem","position":1,"name":"Home","item":"https:\/\/nekmar.eu\/hr\/"},{"@type":"ListItem","position":2,"name":"Trgovina","item":"https:\/\/nekmar.eu\/hr\/trgovina\/"},{"@type":"ListItem","position":3,"name":"Nekmar Muscle DPR"}]},{"@type":"WebSite","@id":"https:\/\/nekmar.eu\/hr\/#website","url":"https:\/\/nekmar.eu\/hr\/","name":"Nekmar","description":"Pet Nutrition","publisher":{"@id":"https:\/\/nekmar.eu\/hr\/#organization"},"potentialAction":[{"@type":"SearchAction","target":{"@type":"EntryPoint","urlTemplate":"https:\/\/nekmar.eu\/hr\/?s={search_term_string}"},"query-input":{"@type":"PropertyValueSpecification","valueRequired":true,"valueName":"search_term_string"}}],"inLanguage":"hr"},{"@type":"Organization","@id":"https:\/\/nekmar.eu\/hr\/#organization","name":"Nekmar Pet Nutrition","url":"https:\/\/nekmar.eu\/hr\/","logo":{"@type":"ImageObject","inLanguage":"hr","@id":"https:\/\/nekmar.eu\/hr\/#\/schema\/logo\/image\/","url":"https:\/\/nekmar.eu\/hr\/wp-content\/uploads\/2019\/08\/Nekmar-contact.jpg","contentUrl":"https:\/\/nekmar.eu\/hr\/wp-content\/uploads\/2019\/08\/Nekmar-contact.jpg","width":600,"height":142,"caption":"Nekmar Pet Nutrition"},"image":{"@id":"https:\/\/nekmar.eu\/hr\/#\/schema\/logo\/image\/"},"sameAs":["https:\/\/www.facebook.com\/nekmarpetnutritionHR\/","https:\/\/www.instagram.com\/nekmar_hr\/"]}]}},"_links":{"self":[{"href":"https:\/\/nekmar.eu\/hr\/wp-json\/wp\/v2\/product\/5255","targetHints":{"allow":["GET"]}}],"collection":[{"href":"https:\/\/nekmar.eu\/hr\/wp-json\/wp\/v2\/product"}],"about":[{"href":"https:\/\/nekmar.eu\/hr\/wp-json\/wp\/v2\/types\/product"}],"wp:featuredmedia":[{"embeddable":true,"href":"https:\/\/nekmar.eu\/hr\/wp-json\/wp\/v2\/media\/5272"}],"wp:attachment":[{"href":"https:\/\/nekmar.eu\/hr\/wp-json\/wp\/v2\/media?parent=5255"}],"wp:term":[{"taxonomy":"product_brand","embeddable":true,"href":"https:\/\/nekmar.eu\/hr\/wp-json\/wp\/v2\/product_brand?post=5255"},{"taxonomy":"product_cat","embeddable":true,"href":"https:\/\/nekmar.eu\/hr\/wp-json\/wp\/v2\/product_cat?post=5255"},{"taxonomy":"product_tag","embeddable":true,"href":"https:\/\/nekmar.eu\/hr\/wp-json\/wp\/v2\/product_tag?post=5255"}],"curies":[{"name":"wp","href":"https:\/\/api.w.org\/{rel}","templated":true}]}}