{"id":654,"date":"2019-09-05T08:23:17","date_gmt":"2019-09-05T07:23:17","guid":{"rendered":"https:\/\/nekmar.eu\/hr\/?post_type=product&#038;p=654"},"modified":"2026-04-20T22:40:58","modified_gmt":"2026-04-20T21:40:58","slug":"aston-lamb-adult-complete","status":"publish","type":"product","link":"https:\/\/nekmar.eu\/hr\/proizvod\/aston-lamb-adult-complete\/","title":{"rendered":"Aston Lamb Adult Complete"},"content":{"rendered":"<div class=\"wpb-content-wrapper\"><p>[vc_row css_animation=&#8221;&#8221; row_type=&#8221;row&#8221; use_row_as_full_screen_section=&#8221;no&#8221; type=&#8221;full_width&#8221; angled_section=&#8221;no&#8221; text_align=&#8221;left&#8221; background_image_as_pattern=&#8221;without_pattern&#8221;][vc_column][vc_column_text]<strong>SASTAV:<\/strong> dehidrirano meso 30%, kukuruz, ri\u017ea(15%), p\u0161enica, pile\u0107a masno\u0107a, kukuruzno bra\u0161no, su\u0161ena repina pulpa, kvasci, minerali, vitamini.<\/p>\n<p>&nbsp;<\/p>\n<p><strong>ANALITI\u010cKI SASTAV:<\/strong> sirovi proteini 23% , sirova ulja i masti 14% , sirova vlakna 2,6% ,pepeo 7,4% , vlaga 8%.<\/p>\n<p>&nbsp;<\/p>\n<p><strong>PREHRAMBENI DODACI po KG:<\/strong> 3a672a Vitamin A 13500 IJ, E671 Vitamin D3 950 IJ ,3a700 Vitamin E 115 mg , E4 bakar 47mg, E1 \u017eeljezo 50mg , E5 mangan 62 mg , 3b605 cink 148 mg , 3b201 jod 1,2 mg , E8 selen 0,27 mg.<\/p>\n<p>&nbsp;<\/p>\n<p><strong>TEHNOLO\u0160KI DODACI:<\/strong> antioksidanti.<\/p>\n<p>&nbsp;<\/p>\n<p><strong>METABOLIZIRANA ENERGIJA:<\/strong> 3750 Kcal\/kg.[\/vc_column_text][\/vc_column][\/vc_row][vc_row css_animation=&#8221;&#8221; row_type=&#8221;row&#8221; use_row_as_full_screen_section=&#8221;no&#8221; type=&#8221;full_width&#8221; angled_section=&#8221;no&#8221; text_align=&#8221;left&#8221; background_image_as_pattern=&#8221;without_pattern&#8221;][vc_column][vc_empty_space][vc_column_text]Preporu\u010dena dnevna koli\u010dina (g\/dan)[\/vc_column_text][vc_empty_space height=&#8221;10px&#8221;][vc_column_text]<\/p>\n<table class=\"gridtable\">\n<tbody>\n<tr>\n<th class=\"table-first-row\">Te\u017eina<\/th>\n<th class=\"table-first-row\">5kg<\/th>\n<th class=\"table-first-row\">8kg<\/th>\n<th class=\"table-first-row\">12kg<\/th>\n<th class=\"table-first-row\">16kg<\/th>\n<th class=\"table-first-row\">20kg<\/th>\n<th class=\"table-first-row\">25kg<\/th>\n<th class=\"table-first-row\">30kg<\/th>\n<th class=\"table-first-row\">35kg<\/th>\n<th class=\"table-first-row\">40kg<\/th>\n<th class=\"table-first-row\">45kg<\/th>\n<th class=\"table-first-row\">50kg<\/th>\n<th class=\"table-first-row\">60kg<\/th>\n<th class=\"table-first-row\">70kg<\/th>\n<th class=\"table-first-row\">80kg<\/th>\n<\/tr>\n<tr>\n<td class=\"table-first-row\">Normalna aktivnost<\/td>\n<td>95g<\/td>\n<td>130g<\/td>\n<td>175g<\/td>\n<td>215g<\/td>\n<td>255g<\/td>\n<td>300g<\/td>\n<td>340g<\/td>\n<td>385g<\/td>\n<td>425g<\/td>\n<td>465g<\/td>\n<td>505g<\/td>\n<td>585g<\/td>\n<td>665g<\/td>\n<td>745g<\/td>\n<\/tr>\n<tr>\n<td class=\"table-first-row\">Srednja aktivnost<\/td>\n<td>115g<\/td>\n<td>155g<\/td>\n<td>210g<\/td>\n<td>260g<\/td>\n<td>305g<\/td>\n<td>360g<\/td>\n<td>410g<\/td>\n<td>460g<\/td>\n<td>510g<\/td>\n<td>555g<\/td>\n<td>605g<\/td>\n<td>700g<\/td>\n<td>800g<\/td>\n<td>895g<\/td>\n<\/tr>\n<tr>\n<td class=\"table-first-row\">Visoka aktivnost<\/td>\n<td>138g<\/td>\n<td>185g<\/td>\n<td>255g<\/td>\n<td>310g<\/td>\n<td>365g<\/td>\n<td>430g<\/td>\n<td>490g<\/td>\n<td>550g<\/td>\n<td>610g<\/td>\n<td>670g<\/td>\n<td>725g<\/td>\n<td>840g<\/td>\n<td>955g<\/td>\n<td>1070g<\/td>\n<\/tr>\n<\/tbody>\n<\/table>\n<p>[\/vc_column_text][vc_empty_space height=&#8221;22px&#8221;][vc_column_text]<strong>PREPORUKA ZA HRANJENJE:<\/strong> hranu mo\u017eete psu dati suhu ili namo\u010denu (mi preporu\u010damo da se prilikom hranjenja preko hrane uvijek doda mala koli\u010dina mla\u010dne vode neposredno prije hranjenja radi olak\u0161anog probavljanja i intenzivnijeg okusa). Koli\u010dine mogu varirati ovisno o specifi\u010dnim potrebama nekih pasa. Pas treba uvijek imati dostupnu svje\u017eu pitku vodu. \u010cuvati na suhom i hladnom mjestu udaljeno od izvora topline.[\/vc_column_text][\/vc_column][\/vc_row][vc_row css_animation=&#8221;&#8221; row_type=&#8221;row&#8221; use_row_as_full_screen_section=&#8221;no&#8221; type=&#8221;full_width&#8221; angled_section=&#8221;no&#8221; text_align=&#8221;left&#8221; background_image_as_pattern=&#8221;without_pattern&#8221;][vc_column css=&#8221;.vc_custom_1574268599849{padding-top: 20px !important;padding-bottom: 20px !important;}&#8221;]<a  itemprop=\"url\" href=\"\/hr\/uzorci\/\" target=\"_self\" data-hover-background-color=\"#dddddd\" class=\"qbutton  medium center default\" style=\"color: #2e3d5c; border-color: #2e3d5c; \">Naru\u010dite probni uzorak<\/a>[\/vc_column][\/vc_row]<\/p>\n<\/div>","protected":false},"excerpt":{"rendered":"<p>Highpremium hrana za odrasle pse<\/p>\n<p><strong>20 kg<\/strong><\/p>\n","protected":false},"featured_media":444,"template":"","meta":[],"product_brand":[],"product_cat":[100,102,99],"product_tag":[97,98],"class_list":{"0":"post-654","1":"product","2":"type-product","3":"status-publish","4":"has-post-thumbnail","6":"product_cat-aston","7":"product_cat-highpremium","8":"product_cat-dog-food","9":"product_tag-aston","10":"product_tag-highpremium","11":"product_shipping_class-ast","13":"first","14":"instock","15":"taxable","16":"shipping-taxable","17":"purchasable","18":"product-type-simple"},"yoast_head":"<!-- This site is optimized with the Yoast SEO plugin v27.4 - https:\/\/yoast.com\/product\/yoast-seo-wordpress\/ -->\n<title>Aston - Lamb Adult Complete<\/title>\n<meta name=\"description\" content=\"Highpremium hrana za odrasle pse. Posjetite na\u0161u web trgovinu.\" \/>\n<meta name=\"robots\" content=\"index, follow, max-snippet:-1, max-image-preview:large, max-video-preview:-1\" \/>\n<link rel=\"canonical\" href=\"https:\/\/nekmar.eu\/hr\/proizvod\/aston-lamb-adult-complete\/\" \/>\n<meta property=\"og:locale\" content=\"hr_HR\" \/>\n<meta property=\"og:type\" content=\"article\" \/>\n<meta property=\"og:title\" content=\"Aston Lamb Adult Complete\" \/>\n<meta property=\"og:description\" content=\"Posjetite web trgovinu\" \/>\n<meta property=\"og:url\" content=\"https:\/\/nekmar.eu\/hr\/proizvod\/aston-lamb-adult-complete\/\" \/>\n<meta property=\"og:site_name\" content=\"Nekmar\" \/>\n<meta property=\"article:publisher\" content=\"https:\/\/www.facebook.com\/nekmarpetnutritionHR\/\" \/>\n<meta property=\"article:modified_time\" content=\"2026-04-20T21:40:58+00:00\" \/>\n<meta property=\"og:image\" content=\"https:\/\/nekmar.eu\/hr\/wp-content\/uploads\/2019\/08\/aston-f-nekmar.jpg\" \/>\n\t<meta property=\"og:image:width\" content=\"1200\" \/>\n\t<meta property=\"og:image:height\" content=\"630\" \/>\n\t<meta property=\"og:image:type\" content=\"image\/jpeg\" \/>\n<meta name=\"twitter:card\" content=\"summary_large_image\" \/>\n<meta name=\"twitter:label1\" content=\"Procijenjeno vrijeme \u010ditanja\" \/>\n\t<meta name=\"twitter:data1\" content=\"2 minute\" \/>\n<script type=\"application\/ld+json\" class=\"yoast-schema-graph\">{\"@context\":\"https:\\\/\\\/schema.org\",\"@graph\":[{\"@type\":\"WebPage\",\"@id\":\"https:\\\/\\\/nekmar.eu\\\/hr\\\/proizvod\\\/aston-lamb-adult-complete\\\/\",\"url\":\"https:\\\/\\\/nekmar.eu\\\/hr\\\/proizvod\\\/aston-lamb-adult-complete\\\/\",\"name\":\"Aston - Lamb Adult Complete\",\"isPartOf\":{\"@id\":\"https:\\\/\\\/nekmar.eu\\\/hr\\\/#website\"},\"primaryImageOfPage\":{\"@id\":\"https:\\\/\\\/nekmar.eu\\\/hr\\\/proizvod\\\/aston-lamb-adult-complete\\\/#primaryimage\"},\"image\":{\"@id\":\"https:\\\/\\\/nekmar.eu\\\/hr\\\/proizvod\\\/aston-lamb-adult-complete\\\/#primaryimage\"},\"thumbnailUrl\":\"https:\\\/\\\/nekmar.eu\\\/hr\\\/wp-content\\\/uploads\\\/2019\\\/08\\\/aston_lamb_adult_complete.jpg\",\"datePublished\":\"2019-09-05T07:23:17+00:00\",\"dateModified\":\"2026-04-20T21:40:58+00:00\",\"description\":\"Highpremium hrana za odrasle pse. Posjetite na\u0161u web trgovinu.\",\"breadcrumb\":{\"@id\":\"https:\\\/\\\/nekmar.eu\\\/hr\\\/proizvod\\\/aston-lamb-adult-complete\\\/#breadcrumb\"},\"inLanguage\":\"hr\",\"potentialAction\":[{\"@type\":\"ReadAction\",\"target\":[\"https:\\\/\\\/nekmar.eu\\\/hr\\\/proizvod\\\/aston-lamb-adult-complete\\\/\"]}]},{\"@type\":\"ImageObject\",\"inLanguage\":\"hr\",\"@id\":\"https:\\\/\\\/nekmar.eu\\\/hr\\\/proizvod\\\/aston-lamb-adult-complete\\\/#primaryimage\",\"url\":\"https:\\\/\\\/nekmar.eu\\\/hr\\\/wp-content\\\/uploads\\\/2019\\\/08\\\/aston_lamb_adult_complete.jpg\",\"contentUrl\":\"https:\\\/\\\/nekmar.eu\\\/hr\\\/wp-content\\\/uploads\\\/2019\\\/08\\\/aston_lamb_adult_complete.jpg\",\"width\":1000,\"height\":1000},{\"@type\":\"BreadcrumbList\",\"@id\":\"https:\\\/\\\/nekmar.eu\\\/hr\\\/proizvod\\\/aston-lamb-adult-complete\\\/#breadcrumb\",\"itemListElement\":[{\"@type\":\"ListItem\",\"position\":1,\"name\":\"Home\",\"item\":\"https:\\\/\\\/nekmar.eu\\\/hr\\\/\"},{\"@type\":\"ListItem\",\"position\":2,\"name\":\"Trgovina\",\"item\":\"https:\\\/\\\/nekmar.eu\\\/hr\\\/trgovina\\\/\"},{\"@type\":\"ListItem\",\"position\":3,\"name\":\"Aston Lamb Adult Complete\"}]},{\"@type\":\"WebSite\",\"@id\":\"https:\\\/\\\/nekmar.eu\\\/hr\\\/#website\",\"url\":\"https:\\\/\\\/nekmar.eu\\\/hr\\\/\",\"name\":\"Nekmar\",\"description\":\"Pet Nutrition\",\"publisher\":{\"@id\":\"https:\\\/\\\/nekmar.eu\\\/hr\\\/#organization\"},\"potentialAction\":[{\"@type\":\"SearchAction\",\"target\":{\"@type\":\"EntryPoint\",\"urlTemplate\":\"https:\\\/\\\/nekmar.eu\\\/hr\\\/?s={search_term_string}\"},\"query-input\":{\"@type\":\"PropertyValueSpecification\",\"valueRequired\":true,\"valueName\":\"search_term_string\"}}],\"inLanguage\":\"hr\"},{\"@type\":\"Organization\",\"@id\":\"https:\\\/\\\/nekmar.eu\\\/hr\\\/#organization\",\"name\":\"Nekmar Pet Nutrition\",\"url\":\"https:\\\/\\\/nekmar.eu\\\/hr\\\/\",\"logo\":{\"@type\":\"ImageObject\",\"inLanguage\":\"hr\",\"@id\":\"https:\\\/\\\/nekmar.eu\\\/hr\\\/#\\\/schema\\\/logo\\\/image\\\/\",\"url\":\"https:\\\/\\\/nekmar.eu\\\/hr\\\/wp-content\\\/uploads\\\/2019\\\/08\\\/Nekmar-contact.jpg\",\"contentUrl\":\"https:\\\/\\\/nekmar.eu\\\/hr\\\/wp-content\\\/uploads\\\/2019\\\/08\\\/Nekmar-contact.jpg\",\"width\":600,\"height\":142,\"caption\":\"Nekmar Pet Nutrition\"},\"image\":{\"@id\":\"https:\\\/\\\/nekmar.eu\\\/hr\\\/#\\\/schema\\\/logo\\\/image\\\/\"},\"sameAs\":[\"https:\\\/\\\/www.facebook.com\\\/nekmarpetnutritionHR\\\/\",\"https:\\\/\\\/www.instagram.com\\\/nekmar_hr\\\/\"]}]}<\/script>\n<!-- \/ Yoast SEO plugin. -->","yoast_head_json":{"title":"Aston - Lamb Adult Complete","description":"Highpremium hrana za odrasle pse. Posjetite na\u0161u web trgovinu.","robots":{"index":"index","follow":"follow","max-snippet":"max-snippet:-1","max-image-preview":"max-image-preview:large","max-video-preview":"max-video-preview:-1"},"canonical":"https:\/\/nekmar.eu\/hr\/proizvod\/aston-lamb-adult-complete\/","og_locale":"hr_HR","og_type":"article","og_title":"Aston Lamb Adult Complete","og_description":"Posjetite web trgovinu","og_url":"https:\/\/nekmar.eu\/hr\/proizvod\/aston-lamb-adult-complete\/","og_site_name":"Nekmar","article_publisher":"https:\/\/www.facebook.com\/nekmarpetnutritionHR\/","article_modified_time":"2026-04-20T21:40:58+00:00","og_image":[{"width":1200,"height":630,"url":"https:\/\/nekmar.eu\/hr\/wp-content\/uploads\/2019\/08\/aston-f-nekmar.jpg","type":"image\/jpeg"}],"twitter_card":"summary_large_image","twitter_misc":{"Procijenjeno vrijeme \u010ditanja":"2 minute"},"schema":{"@context":"https:\/\/schema.org","@graph":[{"@type":"WebPage","@id":"https:\/\/nekmar.eu\/hr\/proizvod\/aston-lamb-adult-complete\/","url":"https:\/\/nekmar.eu\/hr\/proizvod\/aston-lamb-adult-complete\/","name":"Aston - Lamb Adult Complete","isPartOf":{"@id":"https:\/\/nekmar.eu\/hr\/#website"},"primaryImageOfPage":{"@id":"https:\/\/nekmar.eu\/hr\/proizvod\/aston-lamb-adult-complete\/#primaryimage"},"image":{"@id":"https:\/\/nekmar.eu\/hr\/proizvod\/aston-lamb-adult-complete\/#primaryimage"},"thumbnailUrl":"https:\/\/nekmar.eu\/hr\/wp-content\/uploads\/2019\/08\/aston_lamb_adult_complete.jpg","datePublished":"2019-09-05T07:23:17+00:00","dateModified":"2026-04-20T21:40:58+00:00","description":"Highpremium hrana za odrasle pse. Posjetite na\u0161u web trgovinu.","breadcrumb":{"@id":"https:\/\/nekmar.eu\/hr\/proizvod\/aston-lamb-adult-complete\/#breadcrumb"},"inLanguage":"hr","potentialAction":[{"@type":"ReadAction","target":["https:\/\/nekmar.eu\/hr\/proizvod\/aston-lamb-adult-complete\/"]}]},{"@type":"ImageObject","inLanguage":"hr","@id":"https:\/\/nekmar.eu\/hr\/proizvod\/aston-lamb-adult-complete\/#primaryimage","url":"https:\/\/nekmar.eu\/hr\/wp-content\/uploads\/2019\/08\/aston_lamb_adult_complete.jpg","contentUrl":"https:\/\/nekmar.eu\/hr\/wp-content\/uploads\/2019\/08\/aston_lamb_adult_complete.jpg","width":1000,"height":1000},{"@type":"BreadcrumbList","@id":"https:\/\/nekmar.eu\/hr\/proizvod\/aston-lamb-adult-complete\/#breadcrumb","itemListElement":[{"@type":"ListItem","position":1,"name":"Home","item":"https:\/\/nekmar.eu\/hr\/"},{"@type":"ListItem","position":2,"name":"Trgovina","item":"https:\/\/nekmar.eu\/hr\/trgovina\/"},{"@type":"ListItem","position":3,"name":"Aston Lamb Adult Complete"}]},{"@type":"WebSite","@id":"https:\/\/nekmar.eu\/hr\/#website","url":"https:\/\/nekmar.eu\/hr\/","name":"Nekmar","description":"Pet Nutrition","publisher":{"@id":"https:\/\/nekmar.eu\/hr\/#organization"},"potentialAction":[{"@type":"SearchAction","target":{"@type":"EntryPoint","urlTemplate":"https:\/\/nekmar.eu\/hr\/?s={search_term_string}"},"query-input":{"@type":"PropertyValueSpecification","valueRequired":true,"valueName":"search_term_string"}}],"inLanguage":"hr"},{"@type":"Organization","@id":"https:\/\/nekmar.eu\/hr\/#organization","name":"Nekmar Pet Nutrition","url":"https:\/\/nekmar.eu\/hr\/","logo":{"@type":"ImageObject","inLanguage":"hr","@id":"https:\/\/nekmar.eu\/hr\/#\/schema\/logo\/image\/","url":"https:\/\/nekmar.eu\/hr\/wp-content\/uploads\/2019\/08\/Nekmar-contact.jpg","contentUrl":"https:\/\/nekmar.eu\/hr\/wp-content\/uploads\/2019\/08\/Nekmar-contact.jpg","width":600,"height":142,"caption":"Nekmar Pet Nutrition"},"image":{"@id":"https:\/\/nekmar.eu\/hr\/#\/schema\/logo\/image\/"},"sameAs":["https:\/\/www.facebook.com\/nekmarpetnutritionHR\/","https:\/\/www.instagram.com\/nekmar_hr\/"]}]}},"_links":{"self":[{"href":"https:\/\/nekmar.eu\/hr\/wp-json\/wp\/v2\/product\/654","targetHints":{"allow":["GET"]}}],"collection":[{"href":"https:\/\/nekmar.eu\/hr\/wp-json\/wp\/v2\/product"}],"about":[{"href":"https:\/\/nekmar.eu\/hr\/wp-json\/wp\/v2\/types\/product"}],"wp:featuredmedia":[{"embeddable":true,"href":"https:\/\/nekmar.eu\/hr\/wp-json\/wp\/v2\/media\/444"}],"wp:attachment":[{"href":"https:\/\/nekmar.eu\/hr\/wp-json\/wp\/v2\/media?parent=654"}],"wp:term":[{"taxonomy":"product_brand","embeddable":true,"href":"https:\/\/nekmar.eu\/hr\/wp-json\/wp\/v2\/product_brand?post=654"},{"taxonomy":"product_cat","embeddable":true,"href":"https:\/\/nekmar.eu\/hr\/wp-json\/wp\/v2\/product_cat?post=654"},{"taxonomy":"product_tag","embeddable":true,"href":"https:\/\/nekmar.eu\/hr\/wp-json\/wp\/v2\/product_tag?post=654"}],"curies":[{"name":"wp","href":"https:\/\/api.w.org\/{rel}","templated":true}]}}