{"id":14,"date":"2016-02-23T13:24:53","date_gmt":"2016-02-23T13:24:53","guid":{"rendered":"http:\/\/bridge12.qodeinteractive.com\/?page_id=14"},"modified":"2026-03-03T16:45:00","modified_gmt":"2026-03-03T15:45:00","slug":"home","status":"publish","type":"page","link":"https:\/\/nekmar.eu\/hu\/","title":{"rendered":"Kezd\u0151lap"},"content":{"rendered":"<div class=\"wpb-content-wrapper\"><p>[vc_row css_animation=&#8221;&#8221; row_type=&#8221;row&#8221; use_row_as_full_screen_section=&#8221;no&#8221; type=&#8221;full_width&#8221; angled_section=&#8221;no&#8221; text_align=&#8221;left&#8221; background_image_as_pattern=&#8221;without_pattern&#8221;][vc_column]\n\t\t\t<!-- START Home groom REVOLUTION SLIDER 6.7.37 --><p class=\"rs-p-wp-fix\"><\/p>\n\t\t\t<rs-module-wrap id=\"rev_slider_41_1_wrapper\" data-source=\"gallery\" style=\"visibility:hidden;background:#f8f8f8;padding:0;\">\n\t\t\t\t<rs-module id=\"rev_slider_41_1\" style=\"\" data-version=\"6.7.37\">\n\t\t\t\t\t<rs-slides style=\"overflow: hidden; position: absolute;\">\n\t\t\t\t\t\t<rs-slide style=\"position: absolute;\" data-key=\"rs-184\" data-title=\"Slide\" data-in=\"o:0;\" data-out=\"a:false;\">\n\t\t\t\t\t\t\t<img decoding=\"async\" src=\"\/\/nekmar.eu\/hu\/wp-content\/plugins\/revslider\/sr6\/assets\/assets\/dummy.png\" alt=\"\" title=\"grooming_line.jpg\" width=\"1920\" height=\"1024\" class=\"rev-slidebg tp-rs-img rs-lazyload\" data-lazyload=\"\/\/nekmar.eu\/hu\/wp-content\/uploads\/revslider\/groom-1-1\/grooming_line.jpg\" data-bg=\"p:77% 0%;\" data-panzoom=\"d:6000ms;ss:90%;se:100%;oe:0px\/0px;\" data-no-retina>\n<!--\n\t\t\t\t\t\t\t--><rs-layer\n\t\t\t\t\t\t\t\tid=\"slider-41-slide-184-layer-0\" \n\t\t\t\t\t\t\t\tdata-type=\"text\"\n\t\t\t\t\t\t\t\tdata-color=\"#000000||#000000||#000000||#0c0c0c\"\n\t\t\t\t\t\t\t\tdata-rsp_ch=\"on\"\n\t\t\t\t\t\t\t\tdata-xy=\"x:l,l,l,c;xo:69px,69px,69px,2px;yo:661px,661px,661px,686px;\"\n\t\t\t\t\t\t\t\tdata-text=\"w:normal;s:116,116,116,69;l:108,108,108,61;fw:800;a:right;\"\n\t\t\t\t\t\t\t\tdata-dim=\"w:821,821,821,auto;h:112,112,112,auto;\"\n\t\t\t\t\t\t\t\tdata-frame_1=\"x:2px,2px,2px,0px;y:-2px,-2px,-2px,0px;e:default;st:3230;sp:1000;sR:3230;\"\n\t\t\t\t\t\t\t\tdata-frame_999=\"o:0;st:w;sR:4770;\"\n\t\t\t\t\t\t\t\tdata-loop_999=\"sX:1.1;sY:1.1;bri:100%;sp:2000;e:power4.inOut;yys:t;yyf:t;\"\n\t\t\t\t\t\t\t\tstyle=\"z-index:7;font-family:'Open Sans';\"\n\t\t\t\t\t\t\t>STANDARDET \n\t\t\t\t\t\t\t<\/rs-layer><!--\n\n\t\t\t\t\t\t\t--><rs-layer\n\t\t\t\t\t\t\t\tid=\"slider-41-slide-184-layer-1\" \n\t\t\t\t\t\t\t\tdata-type=\"text\"\n\t\t\t\t\t\t\t\tdata-color=\"#ee2a7b\"\n\t\t\t\t\t\t\t\tdata-rsp_ch=\"on\"\n\t\t\t\t\t\t\t\tdata-xy=\"xo:128px,128px,128px,52px;yo:559px,559px,559px,629px;\"\n\t\t\t\t\t\t\t\tdata-text=\"w:normal;s:75,75,75,43;l:92,92,92,52;fw:800;\"\n\t\t\t\t\t\t\t\tdata-dim=\"w:708,708,708,auto;\"\n\t\t\t\t\t\t\t\tdata-frame_1=\"st:2590;sp:1000;sR:2590;\"\n\t\t\t\t\t\t\t\tdata-frame_999=\"o:0;st:w;sR:5410;\"\n\t\t\t\t\t\t\t\tstyle=\"z-index:8;font-family:'Open Sans';\"\n\t\t\t\t\t\t\t>ISMERD MEG AZ \u00daJ \n\t\t\t\t\t\t\t<\/rs-layer><!--\n\n\t\t\t\t\t\t\t--><rs-layer\n\t\t\t\t\t\t\t\tid=\"slider-41-slide-184-layer-3\" \n\t\t\t\t\t\t\t\tdata-type=\"text\"\n\t\t\t\t\t\t\t\tdata-color=\"#ee2a7b\"\n\t\t\t\t\t\t\t\tdata-rsp_ch=\"on\"\n\t\t\t\t\t\t\t\tdata-xy=\"x:l,l,l,c;xo:116px,116px,116px,0;yo:789px,789px,789px,814px;\"\n\t\t\t\t\t\t\t\tdata-text=\"w:normal;s:19,19,19,15;l:37,37,37,18;ls:6,6,6,0px;fw:300,300,300,400;a:left,left,left,center;\"\n\t\t\t\t\t\t\t\tdata-dim=\"w:auto,auto,auto,800px;\"\n\t\t\t\t\t\t\t\tdata-frame_1=\"st:4030;sp:1010;sR:4030;\"\n\t\t\t\t\t\t\t\tdata-frame_999=\"o:0;st:w;sR:3960;\"\n\t\t\t\t\t\t\t\tstyle=\"z-index:6;font-family:'Open Sans';\"\n\t\t\t\t\t\t\t>a kuty\u00e1k \u00e9s macsk\u00e1k professzion\u00e1lis sz\u0151r\u00e1pol\u00e1s\u00e1ban \n\t\t\t\t\t\t\t<\/rs-layer><!--\n\n\t\t\t\t\t\t\t--><a\n\t\t\t\t\t\t\t\tid=\"slider-41-slide-184-layer-4\" \n\t\t\t\t\t\t\t\tclass=\"rs-layer rev-btn\"\n\t\t\t\t\t\t\t\thref=\"https:\/\/nekmar.eu\/hu\/grooming\/\" target=\"_self\"\n\t\t\t\t\t\t\t\tdata-type=\"button\"\n\t\t\t\t\t\t\t\tdata-rsp_ch=\"on\"\n\t\t\t\t\t\t\t\tdata-xy=\"x:l,l,l,c;xo:407px,407px,407px,0;y:t,t,t,m;yo:896px,896px,896px,415px;\"\n\t\t\t\t\t\t\t\tdata-text=\"w:normal;s:20,20,20,22;l:50,50,50,65;fw:700;\"\n\t\t\t\t\t\t\t\tdata-dim=\"minh:0px,0px,0px,none;\"\n\t\t\t\t\t\t\t\tdata-padding=\"r:20,20,20,27;l:20,20,20,27;\"\n\t\t\t\t\t\t\t\tdata-border=\"bor:25px,25px,25px,25px;\"\n\t\t\t\t\t\t\t\tdata-frame_0=\"x:0,0,0,0px;y:0,0,0,0px;\"\n\t\t\t\t\t\t\t\tdata-frame_1=\"x:0,0,0,0px;y:0,0,0,0px;st:2950;sp:1470;sR:2950;\"\n\t\t\t\t\t\t\t\tdata-frame_999=\"o:0;st:w;sR:4580;\"\n\t\t\t\t\t\t\t\tdata-frame_hover=\"c:#000;bgc:#fff;bor:25px,25px,25px,25px;sp:200;e:power1.inOut;\"\n\t\t\t\t\t\t\t\tstyle=\"z-index:13;background-color:rgba(0,0,0,1);font-family:'Open Sans';\"\n\t\t\t\t\t\t\t>Fedezd fel \n\t\t\t\t\t\t\t<\/a><!--\n\n\t\t\t\t\t\t\t--><rs-layer\n\t\t\t\t\t\t\t\tid=\"slider-41-slide-184-layer-7\" \n\t\t\t\t\t\t\t\tdata-type=\"text\"\n\t\t\t\t\t\t\t\tdata-color=\"#000000\"\n\t\t\t\t\t\t\t\tdata-rsp_ch=\"on\"\n\t\t\t\t\t\t\t\tdata-xy=\"x:c;xo:-488px,-488px,-488px,-2px;yo:201px,201px,201px,75px;\"\n\t\t\t\t\t\t\t\tdata-text=\"w:normal;s:38,38,38,26;l:108,108,108,77;ls:11,11,11,13;fw:300;a:center;\"\n\t\t\t\t\t\t\t\tdata-dim=\"w:456,456,456,401px;\"\n\t\t\t\t\t\t\t\tdata-frame_1=\"st:1320;sp:1220;sR:1320;\"\n\t\t\t\t\t\t\t\tdata-frame_999=\"o:0;st:w;sR:6460;\"\n\t\t\t\t\t\t\t\tstyle=\"z-index:9;font-family:'Open Sans';\"\n\t\t\t\t\t\t\t>GROOMING LINE \n\t\t\t\t\t\t\t<\/rs-layer><!--\n\n\t\t\t\t\t\t\t--><rs-layer\n\t\t\t\t\t\t\t\tid=\"slider-41-slide-184-layer-8\" \n\t\t\t\t\t\t\t\tdata-type=\"image\"\n\t\t\t\t\t\t\t\tdata-rsp_ch=\"on\"\n\t\t\t\t\t\t\t\tdata-xy=\"x:c;xo:-482px,-482px,-482px,0;yo:155px,155px,155px,41px;\"\n\t\t\t\t\t\t\t\tdata-text=\"w:normal;s:20,20,20,4;l:0,0,0,6;\"\n\t\t\t\t\t\t\t\tdata-dim=\"w:330px,330px,330px,208px;h:70px,70px,70px,44px;\"\n\t\t\t\t\t\t\t\tdata-vbility=\"t,f,f,t\"\n\t\t\t\t\t\t\t\tdata-frame_1=\"st:1340;sp:1220;sR:1340;\"\n\t\t\t\t\t\t\t\tdata-frame_999=\"o:0;st:w;sR:6440;\"\n\t\t\t\t\t\t\t\tstyle=\"z-index:10;\"\n\t\t\t\t\t\t\t><img decoding=\"async\" src=\"\/\/nekmar.eu\/hu\/wp-content\/plugins\/revslider\/sr6\/assets\/assets\/dummy.png\" alt=\"\" class=\"tp-rs-img rs-lazyload\" width=\"1000\" height=\"212\" data-lazyload=\"\/\/nekmar.eu\/hu\/wp-content\/uploads\/revslider\/groom-1-1\/nekmar_hero_black.png\" data-no-retina> \n\t\t\t\t\t\t\t<\/rs-layer><!--\n\n\t\t\t\t\t\t\t--><rs-layer\n\t\t\t\t\t\t\t\tid=\"slider-41-slide-184-layer-9\" \n\t\t\t\t\t\t\t\tdata-type=\"image\"\n\t\t\t\t\t\t\t\tdata-rsp_ch=\"on\"\n\t\t\t\t\t\t\t\tdata-xy=\"x:c;xo:-495px,-495px,-495px,0;yo:290px,290px,290px,148px;\"\n\t\t\t\t\t\t\t\tdata-text=\"w:normal;s:20,20,20,4;l:0,0,0,6;\"\n\t\t\t\t\t\t\t\tdata-dim=\"w:604px,604px,604px,466px;h:52px,52px,52px,40px;\"\n\t\t\t\t\t\t\t\tdata-frame_1=\"st:1990;sp:1130;sR:1990;\"\n\t\t\t\t\t\t\t\tdata-frame_999=\"o:0;st:w;sR:5880;\"\n\t\t\t\t\t\t\t\tstyle=\"z-index:11;\"\n\t\t\t\t\t\t\t><img decoding=\"async\" src=\"\/\/nekmar.eu\/hu\/wp-content\/plugins\/revslider\/sr6\/assets\/assets\/dummy.png\" alt=\"\" class=\"tp-rs-img rs-lazyload\" width=\"1500\" height=\"129\" data-lazyload=\"\/\/nekmar.eu\/hu\/wp-content\/uploads\/revslider\/groom-1-1\/Createdby.png\" data-no-retina> \n\t\t\t\t\t\t\t<\/rs-layer><!--\n-->\t\t\t\t\t<\/rs-slide>\n\t\t\t\t\t<\/rs-slides>\n\t\t\t\t<\/rs-module>\n\t\t\t\t<script>\n\t\t\t\t\tsetREVStartSize({c: 'rev_slider_41_1',rl:[1240,1240,1240,480],el:[1024,1024,1024,950],gw:[1920,1920,1920,500],gh:[1024,1024,1024,950],type:'hero',justify:'',layout:'fullscreen',offsetContainer:'',offset:'',mh:\"0\"});if (window.RS_MODULES!==undefined && window.RS_MODULES.modules!==undefined && window.RS_MODULES.modules[\"revslider411\"]!==undefined) {window.RS_MODULES.modules[\"revslider411\"].once = false;window.revapi41 = undefined;if (window.RS_MODULES.checkMinimal!==undefined) window.RS_MODULES.checkMinimal()}\n\t\t\t\t<\/script>\n\t\t\t<\/rs-module-wrap>\n\t\t\t<!-- END REVOLUTION SLIDER -->\n[\/vc_column][\/vc_row][vc_row css_animation=&#8221;&#8221; row_type=&#8221;row&#8221; use_row_as_full_screen_section=&#8221;no&#8221; type=&#8221;grid&#8221; angled_section=&#8221;no&#8221; text_align=&#8221;left&#8221; background_image_as_pattern=&#8221;without_pattern&#8221; padding_top=&#8221;84&#8243; z_index=&#8221;&#8221;][vc_column offset=&#8221;vc_col-md-5&#8243;][qode_elements_holder number_of_columns=&#8221;one_column&#8221;][qode_elements_holder_item vertical_alignment=&#8221;middle&#8221; advanced_animations=&#8221;no&#8221; item_padding_1024_1280=&#8221;72px 40px 0 0&#8243; item_padding_768_1024=&#8221;35px 40px 0 0&#8243; item_padding_600_768=&#8221;0px 40px 60px 0&#8243; item_padding_480_600=&#8221;0 0 60px 0&#8243; item_padding_480=&#8221;0 0 60px 0&#8243; item_padding=&#8221;30px 40px 0 8px&#8221;][vc_column_text]<\/p>\n<h3>KUTY\u00c1SOKT\u00d3L<\/h3>\n<p>[\/vc_column_text][vc_separator type=&#8221;small&#8221; position=&#8221;left&#8221; color=&#8221;#b7702e&#8221; thickness=&#8221;1&#8243; width=&#8221;63&#8243; up=&#8221;28&#8243; down=&#8221;28&#8243;][vc_column_text]A Nekmar Pet Nutrition nem a hagyom\u00e1nyos m\u00f3don sz\u00fcletett v\u00e1llalat. Nem egy \u00fczletember vagy egy befektet\u0151 d\u00f6nt\u00f6tt \u00fagy a p\u00e9nz\u00fcgyi tan\u00e1csad\u00f3ja javaslata alapj\u00e1n, hogy a kedvtel\u00e9sb\u0151l tartott \u00e1llatokba fektet, annak ellen\u00e9re, hogy sosem osztotta meg az \u00e9let\u00e9t egy kuty\u00e1val vagy macsk\u00e1val.<\/p>\n<p>&nbsp;<\/p>\n<p>A Nekmar Pet Nutritiont a vil\u00e1gszinten az egyik legelismertebbek k\u00f6z\u00e9 tartoz\u00f3 Ivana \u00e9s Marin Nekic alap\u00edtotta, akik \u00fagy d\u00f6nt\u00f6ttek a Nekmar amerikai akit\u00e1kkal sikereik \u00e9s h\u00edrnev\u00fck megszerz\u00e9se ut\u00e1n (t\u00f6bb Vil\u00e1g- \u00e9s Eur\u00f3pagy\u0151ztes lett k\u00f6z\u00fcl\u00fck), hogy visszaadnak nekik valamit. Ez\u00e9rt szeretj\u00fck azt mondani, hogy a receptjeink KUTY\u00c1SOKT\u00d3L A KUTY\u00c1KNAK \u00c9S AZ EMBEREIKNEK lettek megalkotva.[\/vc_column_text][\/qode_elements_holder_item][\/qode_elements_holder][\/vc_column][vc_column offset=&#8221;vc_col-md-7&#8243;][qode_elements_holder number_of_columns=&#8221;one_column&#8221;][qode_elements_holder_item advanced_animations=&#8221;no&#8221; item_padding=&#8221;0 0px 0 41px&#8221; item_padding_600_768=&#8221;0 0px 0 0px&#8221; item_padding_480_600=&#8221;0 0px 0 0px&#8221; item_padding_480=&#8221;0 0px 0 0px&#8221;][vc_single_image image=&#8221;870&#8243; img_size=&#8221;full&#8221; qode_css_animation=&#8221;&#8221;][\/qode_elements_holder_item][\/qode_elements_holder][\/vc_column][\/vc_row][vc_row css_animation=&#8221;&#8221; row_type=&#8221;row&#8221; use_row_as_full_screen_section=&#8221;no&#8221; type=&#8221;grid&#8221; angled_section=&#8221;no&#8221; text_align=&#8221;left&#8221; background_image_as_pattern=&#8221;without_pattern&#8221; padding_top=&#8221;84&#8243; z_index=&#8221;&#8221; el_id=&#8221;hide_on_mobiles&#8221;][vc_column offset=&#8221;vc_col-md-7&#8243;][qode_elements_holder number_of_columns=&#8221;one_column&#8221;][qode_elements_holder_item advanced_animations=&#8221;no&#8221; item_padding=&#8221;0px 9px 0 9px&#8221; item_padding_600_768=&#8221;0 0px 0 0px&#8221; item_padding_480_600=&#8221;0 0px 0 0px&#8221; item_padding_480=&#8221;0 0px 0 0px&#8221;][vc_single_image image=&#8221;872&#8243; img_size=&#8221;full&#8221; qode_css_animation=&#8221;&#8221;][\/qode_elements_holder_item][\/qode_elements_holder][\/vc_column][vc_column offset=&#8221;vc_col-md-5&#8243;][qode_elements_holder number_of_columns=&#8221;one_column&#8221;][qode_elements_holder_item advanced_animations=&#8221;no&#8221; item_padding=&#8221;108px 40px 0 8px&#8221; item_padding_1024_1280=&#8221;72px 40px 0 0&#8243; item_padding_768_1024=&#8221;35px 40px 0 0&#8243; item_padding_600_768=&#8221;60px 40px 0px 0&#8243;][vc_column_text]<\/p>\n<h3>A NEKMAR KONCEPCI\u00d3<\/h3>\n<p>[\/vc_column_text][vc_separator type=&#8221;small&#8221; position=&#8221;left&#8221; color=&#8221;#b7702e&#8221; thickness=&#8221;1&#8243; width=&#8221;63&#8243; up=&#8221;28&#8243; down=&#8221;28&#8243;][vc_column_text]Er\u0151sen hisz\u00fcnk a tud\u00e1s, valamint az oktat\u00e1s \u00e9s az aj\u00e1nl\u00e1s hatalm\u00e1ban. Ez\u00e9rt a Nekmar Pet Nutrition term\u00e9keket kiz\u00e1r\u00f3lag \u201egyakorlati\u201d szakemberek \u00e1rus\u00edthatj\u00e1k. Term\u00e9keinket nem tal\u00e1lja meg egy klasszikus kis\u00e1llat-\u00e1ruh\u00e1zban, kiv\u00e9ve, ha a kis\u00e1llat-\u00e1ruh\u00e1z akt\u00edvan r\u00e9szt vesz a kuty\u00e1s \u00e9letben.<\/p>\n<p>&nbsp;<\/p>\n<p>Ezt a koncepci\u00f3t annak biztos\u00edt\u00e1sa \u00e9rdek\u00e9ben hozt\u00e1k l\u00e9tre, hogy a megfelel\u0151 term\u00e9ket aj\u00e1nlj\u00e1k a megfelel\u0151 \u00e1llatnak, az \u00e1rr\u00e9st\u0151l, k\u00f6lts\u00e9gvet\u00e9st\u0151l vagy telev\u00edzi\u00f3s rekl\u00e1mokt\u00f3l f\u00fcggetlen\u00fcl.[\/vc_column_text][\/qode_elements_holder_item][\/qode_elements_holder][\/vc_column][\/vc_row][vc_row css_animation=&#8221;&#8221; row_type=&#8221;row&#8221; use_row_as_full_screen_section=&#8221;no&#8221; type=&#8221;grid&#8221; angled_section=&#8221;no&#8221; text_align=&#8221;left&#8221; background_image_as_pattern=&#8221;without_pattern&#8221; padding_top=&#8221;84&#8243; z_index=&#8221;&#8221; el_id=&#8221;hide_on_mobiles&#8221;][vc_column offset=&#8221;vc_col-md-5&#8243;][qode_elements_holder number_of_columns=&#8221;one_column&#8221;][qode_elements_holder_item advanced_animations=&#8221;no&#8221; item_padding=&#8221;102px 40px 0 10px&#8221; item_padding_1024_1280=&#8221;72px 40px 0 0&#8243; item_padding_768_1024=&#8221;35px 40px 0 0&#8243; item_padding_600_768=&#8221;0px 40px 60px 0&#8243; item_padding_480_600=&#8221;0 0 60px 0&#8243; item_padding_480=&#8221;0 0 60px 0&#8243;][vc_column_text]<\/p>\n<h3>C\u00c9LUNK<\/h3>\n<p>[\/vc_column_text][vc_separator type=&#8221;small&#8221; position=&#8221;left&#8221; color=&#8221;#b7702e&#8221; thickness=&#8221;1&#8243; width=&#8221;63&#8243; up=&#8221;28&#8243; down=&#8221;28&#8243;][vc_column_text]A h\u00e1zi\u00e1llatok sz\u00e1m\u00e1ra a legjobb t\u00e1pl\u00e1l\u00e1s biztos\u00edt\u00e1sa a vil\u00e1gon. Nem csak t\u00e1pl\u00e1lkoz\u00e1si ig\u00e9nyeik kiel\u00e9g\u00edt\u00e9s\u00e9re, hanem eg\u00e9szs\u00e9g\u00fck, megjelen\u00e9s\u00fck \u00e9s hossz\u00fa \u00e9lettartamuk t\u00e1mogat\u00e1s\u00e1ra is.[\/vc_column_text][\/qode_elements_holder_item][\/qode_elements_holder][\/vc_column][vc_column offset=&#8221;vc_col-md-7&#8243;][qode_elements_holder number_of_columns=&#8221;one_column&#8221;][qode_elements_holder_item advanced_animations=&#8221;no&#8221; item_padding=&#8221;0 0px 0 41px&#8221; item_padding_600_768=&#8221;0 0px 0 0px&#8221; item_padding_480_600=&#8221;0 0px 0 0px&#8221; item_padding_480=&#8221;0 0px 0 0px&#8221;][vc_single_image image=&#8221;871&#8243; img_size=&#8221;full&#8221; qode_css_animation=&#8221;&#8221;][\/qode_elements_holder_item][\/qode_elements_holder][\/vc_column][\/vc_row][vc_row css_animation=&#8221;&#8221; row_type=&#8221;row&#8221; use_row_as_full_screen_section=&#8221;no&#8221; type=&#8221;full_width&#8221; angled_section=&#8221;no&#8221; text_align=&#8221;left&#8221; background_image_as_pattern=&#8221;without_pattern&#8221; z_index=&#8221;&#8221;][vc_column][vc_empty_space height=&#8221;50px&#8221;][\/vc_column][\/vc_row]<\/p>\n<\/div>","protected":false},"excerpt":{"rendered":"<p>[vc_row css_animation=&#8221;&#8221; row_type=&#8221;row&#8221; use_row_as_full_screen_section=&#8221;no&#8221; type=&#8221;full_width&#8221; angled_section=&#8221;no&#8221; text_align=&#8221;left&#8221; background_image_as_pattern=&#8221;without_pattern&#8221;][vc_column][\/vc_column][\/vc_row][vc_row css_animation=&#8221;&#8221; row_type=&#8221;row&#8221; use_row_as_full_screen_section=&#8221;no&#8221; type=&#8221;grid&#8221; angled_section=&#8221;no&#8221; text_align=&#8221;left&#8221; background_image_as_pattern=&#8221;without_pattern&#8221; padding_top=&#8221;84&#8243; z_index=&#8221;&#8221;][vc_column offset=&#8221;vc_col-md-5&#8243;][qode_elements_holder number_of_columns=&#8221;one_column&#8221;][qode_elements_holder_item vertical_alignment=&#8221;middle&#8221; advanced_animations=&#8221;no&#8221; item_padding_1024_1280=&#8221;72px 40px 0 0&#8243; item_padding_768_1024=&#8221;35px 40px 0 0&#8243; item_padding_600_768=&#8221;0px 40px 60px 0&#8243; item_padding_480_600=&#8221;0 0 60px 0&#8243; item_padding_480=&#8221;0 0 60px 0&#8243; item_padding=&#8221;30px 40px 0 8px&#8221;][vc_column_text]&#8230;<\/p>\n","protected":false},"author":1,"featured_media":0,"parent":0,"menu_order":0,"comment_status":"closed","ping_status":"closed","template":"full_width.php","meta":{"footnotes":""},"class_list":["post-14","page","type-page","status-publish","hentry"],"yoast_head":"<!-- This site is optimized with the Yoast SEO plugin v27.4 - https:\/\/yoast.com\/product\/yoast-seo-wordpress\/ -->\n<title>NEKMAR PET NUTRITION MAGYARORSZ\u00c1G<\/title>\n<meta name=\"description\" content=\"A NEKMAR HOLISZTIKUS ULTRAPR\u00c9MIUM kutyat\u00e1p a legjobb eledel n\u00e9gyl\u00e1b\u00fa kedvenceinek, a tudom\u00e1ny \u00e9s a tapasztalatok mai \u00e1ll\u00e1sa szerint.\" \/>\n<meta name=\"robots\" content=\"index, follow, max-snippet:-1, max-image-preview:large, max-video-preview:-1\" \/>\n<link rel=\"canonical\" href=\"https:\/\/nekmar.eu\/hu\/\" \/>\n<meta property=\"og:locale\" content=\"hu_HU\" \/>\n<meta property=\"og:type\" content=\"article\" \/>\n<meta property=\"og:title\" content=\"NEKMAR PET NUTRITION MAGYARORSZ\u00c1G\" \/>\n<meta property=\"og:description\" content=\"Ultrapremium Kutyat\u00e1p\" \/>\n<meta property=\"og:url\" content=\"https:\/\/nekmar.eu\/hu\/\" \/>\n<meta property=\"og:site_name\" content=\"Nekmar\" \/>\n<meta property=\"article:publisher\" content=\"https:\/\/www.facebook.com\/nekmarpetnutritionHU\/\" \/>\n<meta property=\"article:modified_time\" content=\"2026-03-03T15:45:00+00:00\" \/>\n<meta property=\"og:image\" content=\"https:\/\/nekmar.eu\/hu\/wp-content\/uploads\/2019\/08\/nekmar-f.jpg\" \/>\n\t<meta property=\"og:image:width\" content=\"1200\" \/>\n\t<meta property=\"og:image:height\" content=\"630\" \/>\n\t<meta property=\"og:image:type\" content=\"image\/jpeg\" \/>\n<meta name=\"twitter:card\" content=\"summary_large_image\" \/>\n<meta name=\"twitter:label1\" content=\"Becs\u00fclt olvas\u00e1si id\u0151\" \/>\n\t<meta name=\"twitter:data1\" content=\"3 perc\" \/>\n<script type=\"application\/ld+json\" class=\"yoast-schema-graph\">{\"@context\":\"https:\\\/\\\/schema.org\",\"@graph\":[{\"@type\":\"WebPage\",\"@id\":\"https:\\\/\\\/nekmar.eu\\\/hu\\\/\",\"url\":\"https:\\\/\\\/nekmar.eu\\\/hu\\\/\",\"name\":\"NEKMAR PET NUTRITION MAGYARORSZ\u00c1G\",\"isPartOf\":{\"@id\":\"https:\\\/\\\/nekmar.eu\\\/hu\\\/#website\"},\"datePublished\":\"2016-02-23T13:24:53+00:00\",\"dateModified\":\"2026-03-03T15:45:00+00:00\",\"description\":\"A NEKMAR HOLISZTIKUS ULTRAPR\u00c9MIUM kutyat\u00e1p a legjobb eledel n\u00e9gyl\u00e1b\u00fa kedvenceinek, a tudom\u00e1ny \u00e9s a tapasztalatok mai \u00e1ll\u00e1sa szerint.\",\"breadcrumb\":{\"@id\":\"https:\\\/\\\/nekmar.eu\\\/hu\\\/#breadcrumb\"},\"inLanguage\":\"hu\",\"potentialAction\":[{\"@type\":\"ReadAction\",\"target\":[\"https:\\\/\\\/nekmar.eu\\\/hu\\\/\"]}]},{\"@type\":\"BreadcrumbList\",\"@id\":\"https:\\\/\\\/nekmar.eu\\\/hu\\\/#breadcrumb\",\"itemListElement\":[{\"@type\":\"ListItem\",\"position\":1,\"name\":\"Home\",\"item\":\"https:\\\/\\\/nekmar.eu\\\/hu\\\/\"},{\"@type\":\"ListItem\",\"position\":2,\"name\":\"Kezd\u0151lap\"}]},{\"@type\":\"WebSite\",\"@id\":\"https:\\\/\\\/nekmar.eu\\\/hu\\\/#website\",\"url\":\"https:\\\/\\\/nekmar.eu\\\/hu\\\/\",\"name\":\"Nekmar\",\"description\":\"Pet Nutrition\",\"publisher\":{\"@id\":\"https:\\\/\\\/nekmar.eu\\\/hu\\\/#organization\"},\"potentialAction\":[{\"@type\":\"SearchAction\",\"target\":{\"@type\":\"EntryPoint\",\"urlTemplate\":\"https:\\\/\\\/nekmar.eu\\\/hu\\\/?s={search_term_string}\"},\"query-input\":{\"@type\":\"PropertyValueSpecification\",\"valueRequired\":true,\"valueName\":\"search_term_string\"}}],\"inLanguage\":\"hu\"},{\"@type\":\"Organization\",\"@id\":\"https:\\\/\\\/nekmar.eu\\\/hu\\\/#organization\",\"name\":\"Nekmar Pet Nutrition Magyarorsz\u00e1g\",\"url\":\"https:\\\/\\\/nekmar.eu\\\/hu\\\/\",\"logo\":{\"@type\":\"ImageObject\",\"inLanguage\":\"hu\",\"@id\":\"https:\\\/\\\/nekmar.eu\\\/hu\\\/#\\\/schema\\\/logo\\\/image\\\/\",\"url\":\"https:\\\/\\\/nekmar.eu\\\/hu\\\/wp-content\\\/uploads\\\/2019\\\/08\\\/Nekmar-contact.jpg\",\"contentUrl\":\"https:\\\/\\\/nekmar.eu\\\/hu\\\/wp-content\\\/uploads\\\/2019\\\/08\\\/Nekmar-contact.jpg\",\"width\":600,\"height\":142,\"caption\":\"Nekmar Pet Nutrition Magyarorsz\u00e1g\"},\"image\":{\"@id\":\"https:\\\/\\\/nekmar.eu\\\/hu\\\/#\\\/schema\\\/logo\\\/image\\\/\"},\"sameAs\":[\"https:\\\/\\\/www.facebook.com\\\/nekmarpetnutritionHU\\\/\",\"https:\\\/\\\/instagram.com\\\/nekmar_magyarorszag\\\/\"]}]}<\/script>\n<!-- \/ Yoast SEO plugin. -->","yoast_head_json":{"title":"NEKMAR PET NUTRITION MAGYARORSZ\u00c1G","description":"A NEKMAR HOLISZTIKUS ULTRAPR\u00c9MIUM kutyat\u00e1p a legjobb eledel n\u00e9gyl\u00e1b\u00fa kedvenceinek, a tudom\u00e1ny \u00e9s a tapasztalatok mai \u00e1ll\u00e1sa szerint.","robots":{"index":"index","follow":"follow","max-snippet":"max-snippet:-1","max-image-preview":"max-image-preview:large","max-video-preview":"max-video-preview:-1"},"canonical":"https:\/\/nekmar.eu\/hu\/","og_locale":"hu_HU","og_type":"article","og_title":"NEKMAR PET NUTRITION MAGYARORSZ\u00c1G","og_description":"Ultrapremium Kutyat\u00e1p","og_url":"https:\/\/nekmar.eu\/hu\/","og_site_name":"Nekmar","article_publisher":"https:\/\/www.facebook.com\/nekmarpetnutritionHU\/","article_modified_time":"2026-03-03T15:45:00+00:00","og_image":[{"width":1200,"height":630,"url":"https:\/\/nekmar.eu\/hu\/wp-content\/uploads\/2019\/08\/nekmar-f.jpg","type":"image\/jpeg"}],"twitter_card":"summary_large_image","twitter_misc":{"Becs\u00fclt olvas\u00e1si id\u0151":"3 perc"},"schema":{"@context":"https:\/\/schema.org","@graph":[{"@type":"WebPage","@id":"https:\/\/nekmar.eu\/hu\/","url":"https:\/\/nekmar.eu\/hu\/","name":"NEKMAR PET NUTRITION MAGYARORSZ\u00c1G","isPartOf":{"@id":"https:\/\/nekmar.eu\/hu\/#website"},"datePublished":"2016-02-23T13:24:53+00:00","dateModified":"2026-03-03T15:45:00+00:00","description":"A NEKMAR HOLISZTIKUS ULTRAPR\u00c9MIUM kutyat\u00e1p a legjobb eledel n\u00e9gyl\u00e1b\u00fa kedvenceinek, a tudom\u00e1ny \u00e9s a tapasztalatok mai \u00e1ll\u00e1sa szerint.","breadcrumb":{"@id":"https:\/\/nekmar.eu\/hu\/#breadcrumb"},"inLanguage":"hu","potentialAction":[{"@type":"ReadAction","target":["https:\/\/nekmar.eu\/hu\/"]}]},{"@type":"BreadcrumbList","@id":"https:\/\/nekmar.eu\/hu\/#breadcrumb","itemListElement":[{"@type":"ListItem","position":1,"name":"Home","item":"https:\/\/nekmar.eu\/hu\/"},{"@type":"ListItem","position":2,"name":"Kezd\u0151lap"}]},{"@type":"WebSite","@id":"https:\/\/nekmar.eu\/hu\/#website","url":"https:\/\/nekmar.eu\/hu\/","name":"Nekmar","description":"Pet Nutrition","publisher":{"@id":"https:\/\/nekmar.eu\/hu\/#organization"},"potentialAction":[{"@type":"SearchAction","target":{"@type":"EntryPoint","urlTemplate":"https:\/\/nekmar.eu\/hu\/?s={search_term_string}"},"query-input":{"@type":"PropertyValueSpecification","valueRequired":true,"valueName":"search_term_string"}}],"inLanguage":"hu"},{"@type":"Organization","@id":"https:\/\/nekmar.eu\/hu\/#organization","name":"Nekmar Pet Nutrition Magyarorsz\u00e1g","url":"https:\/\/nekmar.eu\/hu\/","logo":{"@type":"ImageObject","inLanguage":"hu","@id":"https:\/\/nekmar.eu\/hu\/#\/schema\/logo\/image\/","url":"https:\/\/nekmar.eu\/hu\/wp-content\/uploads\/2019\/08\/Nekmar-contact.jpg","contentUrl":"https:\/\/nekmar.eu\/hu\/wp-content\/uploads\/2019\/08\/Nekmar-contact.jpg","width":600,"height":142,"caption":"Nekmar Pet Nutrition Magyarorsz\u00e1g"},"image":{"@id":"https:\/\/nekmar.eu\/hu\/#\/schema\/logo\/image\/"},"sameAs":["https:\/\/www.facebook.com\/nekmarpetnutritionHU\/","https:\/\/instagram.com\/nekmar_magyarorszag\/"]}]}},"_links":{"self":[{"href":"https:\/\/nekmar.eu\/hu\/wp-json\/wp\/v2\/pages\/14","targetHints":{"allow":["GET"]}}],"collection":[{"href":"https:\/\/nekmar.eu\/hu\/wp-json\/wp\/v2\/pages"}],"about":[{"href":"https:\/\/nekmar.eu\/hu\/wp-json\/wp\/v2\/types\/page"}],"author":[{"embeddable":true,"href":"https:\/\/nekmar.eu\/hu\/wp-json\/wp\/v2\/users\/1"}],"replies":[{"embeddable":true,"href":"https:\/\/nekmar.eu\/hu\/wp-json\/wp\/v2\/comments?post=14"}],"version-history":[{"count":1,"href":"https:\/\/nekmar.eu\/hu\/wp-json\/wp\/v2\/pages\/14\/revisions"}],"predecessor-version":[{"id":8192,"href":"https:\/\/nekmar.eu\/hu\/wp-json\/wp\/v2\/pages\/14\/revisions\/8192"}],"wp:attachment":[{"href":"https:\/\/nekmar.eu\/hu\/wp-json\/wp\/v2\/media?parent=14"}],"curies":[{"name":"wp","href":"https:\/\/api.w.org\/{rel}","templated":true}]}}