{"id":1400,"date":"2020-03-26T15:42:12","date_gmt":"2020-03-26T15:42:12","guid":{"rendered":"https:\/\/nekmar.eu\/hu\/?page_id=1400"},"modified":"2020-03-26T18:52:54","modified_gmt":"2020-03-26T18:52:54","slug":"jogi-tudnivalok","status":"publish","type":"page","link":"https:\/\/nekmar.eu\/hu\/jogi-tudnivalok\/","title":{"rendered":"Jogi tudnival\u00f3k"},"content":{"rendered":"<div class=\"wpb-content-wrapper\"><p>[vc_row css_animation=&#8221;&#8221; row_type=&#8221;row&#8221; use_row_as_full_screen_section=&#8221;no&#8221; type=&#8221;grid&#8221; angled_section=&#8221;no&#8221; text_align=&#8221;left&#8221; background_image_as_pattern=&#8221;without_pattern&#8221; z_index=&#8221;&#8221;][vc_column][vc_empty_space height=&#8221;20px&#8221;][vc_column_text]<strong>SZERZ\u0150I JOGOK<\/strong><br \/>\n<strong>AZ INFORM\u00c1CI\u00d3K TULAJDONJOGA<\/strong><\/p>\n<p>&nbsp;<\/p>\n<p>Kijelentj\u00fck, hogy a www.nekmar.eu\/hu &#8211; \u00e9s partnerei &#8211; birtokolj\u00e1k az oldalainkon l\u00e1that\u00f3 inform\u00e1ci\u00f3kat. A nekmar.eu oldalainak tartalm\u00e1t \u00e9s a kialak\u00edt\u00e1s\u00e1t nemzetk\u00f6zi \u00e9s magyar t\u00f6rv\u00e9nyek v\u00e9dik. Olvas\u00f3ink az interneten szabadon olvashatnak b\u00e1rmilyen oldalainkon megjelent inform\u00e1ci\u00f3t, k\u00e9s\u0151bbi megtekint\u00e9s \u00e9s \u00e9rtelmez\u00e9s c\u00e9lj\u00e1b\u00f3l b\u00e1rmit let\u00f6lthetnek vagy lementhetnek sz\u00e1m\u00edt\u00f3g\u00e9peikre, bar\u00e1tjuknak, rokonuknak, ismer\u0151s\u00fcknek szabadon megmutathatnak b\u00e1rmilyen inform\u00e1ci\u00f3t, b\u00e1rmit kinyomtathatnak \u00e9s felhaszn\u00e1lhatnak. Tilos azonban elt\u00e1vol\u00edtani a b\u00f6ng\u00e9szett \u00e9s a let\u00f6lt\u00f6tt oldalakon szerepl\u0151 jogi \u00e9s tulajdonjogi, illetve az esetleges szabadalomra vonatkoz\u00f3 inform\u00e1ci\u00f3kat, tilos tov\u00e1bb\u00e1 a t\u0151l\u00fcnk (nem csak internetes oldalainkr\u00f3l) sz\u00e1rmaz\u00f3 inform\u00e1ci\u00f3k \u00e1rus\u00edt\u00e1sa, b\u00e1rmilyen form\u00e1ban t\u00f6rt\u00e9n\u0151 megv\u00e1ltoztat\u00e1sa \u00e9s ism\u00e9telt megjelentet\u00e9se. A megjelent anyaggal kapcsolatos minden tov\u00e1bbi jogunkat fenntartjuk, \u00e9s sz\u00fcks\u00e9g eset\u00e9n ak\u00e1r b\u00edr\u00f3s\u00e1gi \u00faton is \u00e9rv\u00e9nyes\u00edtj\u00fck.<\/p>\n<p>&nbsp;<\/p>\n<p><strong>V\u00c9DJEGYEK, V\u00c9DETT NEVEK<\/strong><\/p>\n<p>&nbsp;<\/p>\n<p>Oldalainkon a l\u00e1togat\u00f3k gyakran tal\u00e1lkoznak term\u00e9kek v\u00e9dett neveivel. Saj\u00e1t v\u00e9djegyeink haszn\u00e1lat\u00e1hoz minden esetben ki kell k\u00e9rni \u00edr\u00e1sos beleegyez\u00e9s\u00fcnket. Saj\u00e1t bejegyzett neveinket \u00e9s dom\u00e9njeinket senki sem haszn\u00e1lhatja \u00fczleti c\u00e9llal, illetve m\u00e1sok megt\u00e9veszt\u00e9s\u00e9re vagy a nekmar.eu\/hu lej\u00e1rat\u00e1s\u00e1ra.<\/p>\n<p>&nbsp;<\/p>\n<p><strong>HIVATKOZ\u00c1SOK A NEKMAR.EU\/HU-RA<\/strong><\/p>\n<p>&nbsp;<\/p>\n<p>Rendszerint \u00f6r\u00fcl\u00fcnk annak, ha b\u00e1rki saj\u00e1t weboldalain a nekmar.eu\/hu -ra mutat\u00f3 internetes hivatkoz\u00e1st helyez el, de abban az esetben, ha valaki a nekmar.eu\/hu -t, oldalait, vagy b\u00e1rmelyik oldal\u00e1nak b\u00e1rmely r\u00e9sz\u00e9t saj\u00e1t webhely\u00e9n keretes alkalmaz\u00e1sk\u00e9nt &#8211; mintegy saj\u00e1t oldalainak r\u00e9szek\u00e9nt &#8211; akarja futtatni, akkor ki kell k\u00e9rnie az enged\u00e9ly\u00fcnket. Elhat\u00e1roljuk magunkat azokt\u00f3l az esetekt\u0151l, amikor a r\u00e1nk mutat\u00f3 internetes hivatkoz\u00e1sokat t\u00f6rv\u00e9nytelen\u00fcl m\u0171k\u00f6dtetett, obszc\u00e9n tartalmat hordoz\u00f3, illetve b\u00e1rkit s\u00e9rt\u0151 internetes oldalakon helyezik el. Minden olyan r\u00e1nk mutat\u00f3 hivatkoz\u00e1s alkalmaz\u00e1sa ellen fell\u00e9p\u00fcnk, amely \u00e1rt a nekmar.eu\/hu h\u00edrnev\u00e9nek \u00e9s \u00e9rdekeinek.<\/p>\n<p>&nbsp;<\/p>\n<p><strong>SZ\u00c1M\u00cdT\u00d3G\u00c9PES PROGRAMOK \u00c9S ALKALMAZ\u00c1SOK<\/strong><\/p>\n<p>&nbsp;<\/p>\n<p>Oldalainkon egyes esetekben szoftverterm\u00e9keket vagy azok le\u00edr\u00e1s\u00e1t is felk\u00edn\u00e1ljuk let\u00f6lt\u00e9sre. Ezek minden esetben a nekmar.eu\/hu vagy az adott term\u00e9k licencjog\u00e1t birtokl\u00f3 c\u00e9g illetve szervezet szellemi term\u00e9kei. A let\u00f6lt\u00e9s lehet\u0151s\u00e9g\u00e9nek biztos\u00edt\u00e1sa sohasem jelenti a tulajdonjogok \u00e1truh\u00e1z\u00e1s\u00e1t. A programokat \u00e9s dokument\u00e1ci\u00f3kat let\u00f6lt\u0151 szem\u00e9ly minden esetben csak a licencjogok adta keretek k\u00f6z\u00f6tt haszn\u00e1lhatja az adott alkalmaz\u00e1st. Felh\u00edvjuk Olvas\u00f3ink figyelm\u00e9t, hogy az egyes term\u00e9kekkel kapcsolatos jogi felt\u00e9teleket mindig mell\u00e9kelj\u00fck, \u00e9s elfogadhatatlannak tarjuk azt az \u00e9rvel\u00e9st, hogy valaki az\u00e9rt nincs tiszt\u00e1ban ezekkel, mert nem olvasta el \u0151ket. A licencfelt\u00e9telekt\u0151l f\u00fcggetlen\u00fcl minden esetben tilos az \u00edgy let\u00f6lt\u00f6tt term\u00e9kek \u00e9s dokumentumok visszafejt\u00e9se \u00e9s esetleges megv\u00e1ltoztat\u00e1sa vagy b\u00e1rmilyen c\u00e9l\u00fa felhaszn\u00e1l\u00e1sa.[\/vc_column_text][vc_empty_space height=&#8221;20px&#8221;][\/vc_column][\/vc_row]<\/p>\n<\/div>","protected":false},"excerpt":{"rendered":"<p>[vc_row css_animation=&#8221;&#8221; row_type=&#8221;row&#8221; use_row_as_full_screen_section=&#8221;no&#8221; type=&#8221;grid&#8221; angled_section=&#8221;no&#8221; text_align=&#8221;left&#8221; background_image_as_pattern=&#8221;without_pattern&#8221; z_index=&#8221;&#8221;][vc_column][vc_empty_space height=&#8221;20px&#8221;][vc_column_text]SZERZ\u0150I JOGOK AZ INFORM\u00c1CI\u00d3K TULAJDONJOGA &nbsp; Kijelentj\u00fck, hogy a www.nekmar.eu\/hu &#8211; \u00e9s partnerei &#8211; birtokolj\u00e1k az oldalainkon l\u00e1that\u00f3 inform\u00e1ci\u00f3kat. A nekmar.eu oldalainak tartalm\u00e1t \u00e9s a kialak\u00edt\u00e1s\u00e1t nemzetk\u00f6zi \u00e9s magyar t\u00f6rv\u00e9nyek v\u00e9dik. Olvas\u00f3ink az interneten szabadon olvashatnak&#8230;<\/p>\n","protected":false},"author":1,"featured_media":0,"parent":0,"menu_order":0,"comment_status":"closed","ping_status":"closed","template":"","meta":{"footnotes":""},"class_list":["post-1400","page","type-page","status-publish","hentry"],"yoast_head":"<!-- This site is optimized with the Yoast SEO plugin v27.4 - https:\/\/yoast.com\/product\/yoast-seo-wordpress\/ -->\n<title>Jogi tudnival\u00f3k | Nekmar<\/title>\n<meta name=\"robots\" content=\"noindex, follow\" \/>\n<meta property=\"og:locale\" content=\"hu_HU\" \/>\n<meta property=\"og:type\" content=\"article\" \/>\n<meta property=\"og:title\" content=\"Jogi tudnival\u00f3k | Nekmar\" \/>\n<meta property=\"og:description\" content=\"[vc_row css_animation=&#8221;&#8221; row_type=&#8221;row&#8221; use_row_as_full_screen_section=&#8221;no&#8221; type=&#8221;grid&#8221; angled_section=&#8221;no&#8221; text_align=&#8221;left&#8221; background_image_as_pattern=&#8221;without_pattern&#8221; z_index=&#8221;&#8221;][vc_column][vc_empty_space height=&#8221;20px&#8221;][vc_column_text]SZERZ\u0150I JOGOK AZ INFORM\u00c1CI\u00d3K TULAJDONJOGA &nbsp; Kijelentj\u00fck, hogy a www.nekmar.eu\/hu &#8211; \u00e9s partnerei &#8211; birtokolj\u00e1k az oldalainkon l\u00e1that\u00f3 inform\u00e1ci\u00f3kat. A nekmar.eu oldalainak tartalm\u00e1t \u00e9s a kialak\u00edt\u00e1s\u00e1t nemzetk\u00f6zi \u00e9s magyar t\u00f6rv\u00e9nyek v\u00e9dik. Olvas\u00f3ink az interneten szabadon olvashatnak...\" \/>\n<meta property=\"og:url\" content=\"https:\/\/nekmar.eu\/hu\/jogi-tudnivalok\/\" \/>\n<meta property=\"og:site_name\" content=\"Nekmar\" \/>\n<meta property=\"article:publisher\" content=\"https:\/\/www.facebook.com\/nekmarpetnutritionHU\/\" \/>\n<meta property=\"article:modified_time\" content=\"2020-03-26T18:52:54+00:00\" \/>\n<meta property=\"og:image\" content=\"https:\/\/nekmar.eu\/hu\/wp-content\/uploads\/2019\/08\/nekmar-f.jpg\" \/>\n\t<meta property=\"og:image:width\" content=\"1200\" \/>\n\t<meta property=\"og:image:height\" content=\"630\" \/>\n\t<meta property=\"og:image:type\" content=\"image\/jpeg\" \/>\n<meta name=\"twitter:card\" content=\"summary_large_image\" \/>\n<meta name=\"twitter:label1\" content=\"Becs\u00fclt olvas\u00e1si id\u0151\" \/>\n\t<meta name=\"twitter:data1\" content=\"3 perc\" \/>\n<script type=\"application\/ld+json\" class=\"yoast-schema-graph\">{\"@context\":\"https:\\\/\\\/schema.org\",\"@graph\":[{\"@type\":\"WebPage\",\"@id\":\"https:\\\/\\\/nekmar.eu\\\/hu\\\/jogi-tudnivalok\\\/\",\"url\":\"https:\\\/\\\/nekmar.eu\\\/hu\\\/jogi-tudnivalok\\\/\",\"name\":\"Jogi tudnival\u00f3k | Nekmar\",\"isPartOf\":{\"@id\":\"https:\\\/\\\/nekmar.eu\\\/hu\\\/#website\"},\"datePublished\":\"2020-03-26T15:42:12+00:00\",\"dateModified\":\"2020-03-26T18:52:54+00:00\",\"breadcrumb\":{\"@id\":\"https:\\\/\\\/nekmar.eu\\\/hu\\\/jogi-tudnivalok\\\/#breadcrumb\"},\"inLanguage\":\"hu\",\"potentialAction\":[{\"@type\":\"ReadAction\",\"target\":[\"https:\\\/\\\/nekmar.eu\\\/hu\\\/jogi-tudnivalok\\\/\"]}]},{\"@type\":\"BreadcrumbList\",\"@id\":\"https:\\\/\\\/nekmar.eu\\\/hu\\\/jogi-tudnivalok\\\/#breadcrumb\",\"itemListElement\":[{\"@type\":\"ListItem\",\"position\":1,\"name\":\"Home\",\"item\":\"https:\\\/\\\/nekmar.eu\\\/hu\\\/\"},{\"@type\":\"ListItem\",\"position\":2,\"name\":\"Jogi tudnival\u00f3k\"}]},{\"@type\":\"WebSite\",\"@id\":\"https:\\\/\\\/nekmar.eu\\\/hu\\\/#website\",\"url\":\"https:\\\/\\\/nekmar.eu\\\/hu\\\/\",\"name\":\"Nekmar\",\"description\":\"Pet Nutrition\",\"publisher\":{\"@id\":\"https:\\\/\\\/nekmar.eu\\\/hu\\\/#organization\"},\"potentialAction\":[{\"@type\":\"SearchAction\",\"target\":{\"@type\":\"EntryPoint\",\"urlTemplate\":\"https:\\\/\\\/nekmar.eu\\\/hu\\\/?s={search_term_string}\"},\"query-input\":{\"@type\":\"PropertyValueSpecification\",\"valueRequired\":true,\"valueName\":\"search_term_string\"}}],\"inLanguage\":\"hu\"},{\"@type\":\"Organization\",\"@id\":\"https:\\\/\\\/nekmar.eu\\\/hu\\\/#organization\",\"name\":\"Nekmar Pet Nutrition Magyarorsz\u00e1g\",\"url\":\"https:\\\/\\\/nekmar.eu\\\/hu\\\/\",\"logo\":{\"@type\":\"ImageObject\",\"inLanguage\":\"hu\",\"@id\":\"https:\\\/\\\/nekmar.eu\\\/hu\\\/#\\\/schema\\\/logo\\\/image\\\/\",\"url\":\"https:\\\/\\\/nekmar.eu\\\/hu\\\/wp-content\\\/uploads\\\/2019\\\/08\\\/Nekmar-contact.jpg\",\"contentUrl\":\"https:\\\/\\\/nekmar.eu\\\/hu\\\/wp-content\\\/uploads\\\/2019\\\/08\\\/Nekmar-contact.jpg\",\"width\":600,\"height\":142,\"caption\":\"Nekmar Pet Nutrition Magyarorsz\u00e1g\"},\"image\":{\"@id\":\"https:\\\/\\\/nekmar.eu\\\/hu\\\/#\\\/schema\\\/logo\\\/image\\\/\"},\"sameAs\":[\"https:\\\/\\\/www.facebook.com\\\/nekmarpetnutritionHU\\\/\",\"https:\\\/\\\/instagram.com\\\/nekmar_magyarorszag\\\/\"]}]}<\/script>\n<!-- \/ Yoast SEO plugin. -->","yoast_head_json":{"title":"Jogi tudnival\u00f3k | Nekmar","robots":{"index":"noindex","follow":"follow"},"og_locale":"hu_HU","og_type":"article","og_title":"Jogi tudnival\u00f3k | Nekmar","og_description":"[vc_row css_animation=&#8221;&#8221; row_type=&#8221;row&#8221; use_row_as_full_screen_section=&#8221;no&#8221; type=&#8221;grid&#8221; angled_section=&#8221;no&#8221; text_align=&#8221;left&#8221; background_image_as_pattern=&#8221;without_pattern&#8221; z_index=&#8221;&#8221;][vc_column][vc_empty_space height=&#8221;20px&#8221;][vc_column_text]SZERZ\u0150I JOGOK AZ INFORM\u00c1CI\u00d3K TULAJDONJOGA &nbsp; Kijelentj\u00fck, hogy a www.nekmar.eu\/hu &#8211; \u00e9s partnerei &#8211; birtokolj\u00e1k az oldalainkon l\u00e1that\u00f3 inform\u00e1ci\u00f3kat. A nekmar.eu oldalainak tartalm\u00e1t \u00e9s a kialak\u00edt\u00e1s\u00e1t nemzetk\u00f6zi \u00e9s magyar t\u00f6rv\u00e9nyek v\u00e9dik. Olvas\u00f3ink az interneten szabadon olvashatnak...","og_url":"https:\/\/nekmar.eu\/hu\/jogi-tudnivalok\/","og_site_name":"Nekmar","article_publisher":"https:\/\/www.facebook.com\/nekmarpetnutritionHU\/","article_modified_time":"2020-03-26T18:52:54+00:00","og_image":[{"width":1200,"height":630,"url":"https:\/\/nekmar.eu\/hu\/wp-content\/uploads\/2019\/08\/nekmar-f.jpg","type":"image\/jpeg"}],"twitter_card":"summary_large_image","twitter_misc":{"Becs\u00fclt olvas\u00e1si id\u0151":"3 perc"},"schema":{"@context":"https:\/\/schema.org","@graph":[{"@type":"WebPage","@id":"https:\/\/nekmar.eu\/hu\/jogi-tudnivalok\/","url":"https:\/\/nekmar.eu\/hu\/jogi-tudnivalok\/","name":"Jogi tudnival\u00f3k | Nekmar","isPartOf":{"@id":"https:\/\/nekmar.eu\/hu\/#website"},"datePublished":"2020-03-26T15:42:12+00:00","dateModified":"2020-03-26T18:52:54+00:00","breadcrumb":{"@id":"https:\/\/nekmar.eu\/hu\/jogi-tudnivalok\/#breadcrumb"},"inLanguage":"hu","potentialAction":[{"@type":"ReadAction","target":["https:\/\/nekmar.eu\/hu\/jogi-tudnivalok\/"]}]},{"@type":"BreadcrumbList","@id":"https:\/\/nekmar.eu\/hu\/jogi-tudnivalok\/#breadcrumb","itemListElement":[{"@type":"ListItem","position":1,"name":"Home","item":"https:\/\/nekmar.eu\/hu\/"},{"@type":"ListItem","position":2,"name":"Jogi tudnival\u00f3k"}]},{"@type":"WebSite","@id":"https:\/\/nekmar.eu\/hu\/#website","url":"https:\/\/nekmar.eu\/hu\/","name":"Nekmar","description":"Pet Nutrition","publisher":{"@id":"https:\/\/nekmar.eu\/hu\/#organization"},"potentialAction":[{"@type":"SearchAction","target":{"@type":"EntryPoint","urlTemplate":"https:\/\/nekmar.eu\/hu\/?s={search_term_string}"},"query-input":{"@type":"PropertyValueSpecification","valueRequired":true,"valueName":"search_term_string"}}],"inLanguage":"hu"},{"@type":"Organization","@id":"https:\/\/nekmar.eu\/hu\/#organization","name":"Nekmar Pet Nutrition Magyarorsz\u00e1g","url":"https:\/\/nekmar.eu\/hu\/","logo":{"@type":"ImageObject","inLanguage":"hu","@id":"https:\/\/nekmar.eu\/hu\/#\/schema\/logo\/image\/","url":"https:\/\/nekmar.eu\/hu\/wp-content\/uploads\/2019\/08\/Nekmar-contact.jpg","contentUrl":"https:\/\/nekmar.eu\/hu\/wp-content\/uploads\/2019\/08\/Nekmar-contact.jpg","width":600,"height":142,"caption":"Nekmar Pet Nutrition Magyarorsz\u00e1g"},"image":{"@id":"https:\/\/nekmar.eu\/hu\/#\/schema\/logo\/image\/"},"sameAs":["https:\/\/www.facebook.com\/nekmarpetnutritionHU\/","https:\/\/instagram.com\/nekmar_magyarorszag\/"]}]}},"_links":{"self":[{"href":"https:\/\/nekmar.eu\/hu\/wp-json\/wp\/v2\/pages\/1400","targetHints":{"allow":["GET"]}}],"collection":[{"href":"https:\/\/nekmar.eu\/hu\/wp-json\/wp\/v2\/pages"}],"about":[{"href":"https:\/\/nekmar.eu\/hu\/wp-json\/wp\/v2\/types\/page"}],"author":[{"embeddable":true,"href":"https:\/\/nekmar.eu\/hu\/wp-json\/wp\/v2\/users\/1"}],"replies":[{"embeddable":true,"href":"https:\/\/nekmar.eu\/hu\/wp-json\/wp\/v2\/comments?post=1400"}],"version-history":[{"count":0,"href":"https:\/\/nekmar.eu\/hu\/wp-json\/wp\/v2\/pages\/1400\/revisions"}],"wp:attachment":[{"href":"https:\/\/nekmar.eu\/hu\/wp-json\/wp\/v2\/media?parent=1400"}],"curies":[{"name":"wp","href":"https:\/\/api.w.org\/{rel}","templated":true}]}}