{"id":255,"date":"2019-08-22T08:18:41","date_gmt":"2019-08-22T08:18:41","guid":{"rendered":"http:\/\/nekmar.eu\/hu\/?page_id=255"},"modified":"2020-04-02T10:58:23","modified_gmt":"2020-04-02T10:58:23","slug":"partnerek","status":"publish","type":"page","link":"https:\/\/nekmar.eu\/hu\/partnerek\/","title":{"rendered":"Partnerek"},"content":{"rendered":"<div class=\"wpb-content-wrapper\"><p>[vc_row css_animation=&#8221;&#8221; row_type=&#8221;row&#8221; use_row_as_full_screen_section=&#8221;no&#8221; type=&#8221;full_width&#8221; angled_section=&#8221;no&#8221; text_align=&#8221;left&#8221; background_image_as_pattern=&#8221;without_pattern&#8221;][vc_column]\n\t\t\t<!-- START Distributors REVOLUTION SLIDER 6.7.37 --><p class=\"rs-p-wp-fix\"><\/p>\n\t\t\t<rs-module-wrap id=\"rev_slider_10_1_wrapper\" data-source=\"gallery\" style=\"visibility:hidden;background:transparent;padding:0;margin:0px auto;margin-top:0;margin-bottom:0;\">\n\t\t\t\t<rs-module id=\"rev_slider_10_1\" style=\"\" data-version=\"6.7.37\">\n\t\t\t\t\t<rs-slides style=\"overflow: hidden; position: absolute;\">\n\t\t\t\t\t\t<rs-slide style=\"position: absolute;\" data-key=\"rs-10\" data-title=\"Slide\" data-anim=\"ms:600;r:0;\" data-in=\"o:0;\" data-out=\"a:false;\">\n\t\t\t\t\t\t\t<img decoding=\"async\" src=\"\/\/nekmar.eu\/hu\/wp-content\/plugins\/revslider\/sr6\/assets\/assets\/dummy.png\" alt=\"\" title=\"Partnerek\" class=\"rev-slidebg tp-rs-img rs-lazyload\" data-lazyload=\"\/\/nekmar.eu\/hu\/wp-content\/uploads\/2019\/08\/Nekmar-distributors.jpg\" data-no-retina>\n<!--\n\t\t\t\t\t\t\t--><rs-layer\n\t\t\t\t\t\t\t\tid=\"slider-10-slide-10-layer-6\" \n\t\t\t\t\t\t\t\tdata-type=\"text\"\n\t\t\t\t\t\t\t\tdata-rsp_ch=\"on\"\n\t\t\t\t\t\t\t\tdata-xy=\"xo:1323px,1323px,22px,36px;yo:187px,187px,364px,362px;\"\n\t\t\t\t\t\t\t\tdata-text=\"s:60,60,40,40;l:60,60,40,40;fw:700;a:inherit;\"\n\t\t\t\t\t\t\t\tdata-frame_0=\"x:left;o:1;tp:600;\"\n\t\t\t\t\t\t\t\tdata-frame_1=\"tp:600;sp:2000;sR:10;\"\n\t\t\t\t\t\t\t\tdata-frame_999=\"o:0;tp:600;st:w;sR:6990;\"\n\t\t\t\t\t\t\t\tstyle=\"z-index:5;font-family:'Montserrat';\"\n\t\t\t\t\t\t\t>LEGYEN<\/br>\nNEKMAR<\/br>\nPARTNER \n\t\t\t\t\t\t\t<\/rs-layer><!--\n-->\t\t\t\t\t<\/rs-slide>\n\t\t\t\t\t<\/rs-slides>\n\t\t\t\t<\/rs-module>\n\t\t\t\t<script>\n\t\t\t\t\tsetREVStartSize({c: 'rev_slider_10_1',rl:[1240,1240,778,480],el:[522,522,500,500],gw:[1920,1920,778,480],gh:[522,522,500,500],type:'standard',justify:'',layout:'fullwidth',mh:\"0\"});if (window.RS_MODULES!==undefined && window.RS_MODULES.modules!==undefined && window.RS_MODULES.modules[\"revslider101\"]!==undefined) {window.RS_MODULES.modules[\"revslider101\"].once = false;window.revapi10 = undefined;if (window.RS_MODULES.checkMinimal!==undefined) window.RS_MODULES.checkMinimal()}\n\t\t\t\t<\/script>\n\t\t\t<\/rs-module-wrap>\n\t\t\t<!-- END REVOLUTION SLIDER -->\n[\/vc_column][\/vc_row][vc_row css_animation=&#8221;&#8221; row_type=&#8221;row&#8221; use_row_as_full_screen_section=&#8221;no&#8221; type=&#8221;grid&#8221; angled_section=&#8221;no&#8221; text_align=&#8221;center&#8221; background_image_as_pattern=&#8221;without_pattern&#8221; z_index=&#8221;&#8221;][vc_column][vc_empty_space height=&#8221;50px&#8221;][vc_column_text]<\/p>\n<h3 style=\"text-align: center;\">A NEKMAR CSAL\u00c1D TAGJA SZERETNE LENNI?<\/h3>\n<p>[\/vc_column_text][vc_empty_space height=&#8221;50px&#8221;][vc_column_text]<\/p>\n<p style=\"text-align: center;\">A Nekmar Pet Nutrition egyed\u00fcl\u00e1ll\u00f3 forgalmaz\u00e1si \u00e9s \u00e9rt\u00e9kes\u00edt\u00e9si koncepci\u00f3val rendelkezik, amely lehet\u0151v\u00e9 teszi partnereink sz\u00e1m\u00e1ra, hogy j\u00f6vedelmez\u0151 \u00fczleti tev\u00e9kenys\u00e9get \u00e9p\u00edtsenek fel. Koncepci\u00f3nk mag\u00e1ban foglalja az \u00f6sszes kedvtel\u00e9sb\u0151l tartott \u00e1llatokkal kapcsolatos ter\u00fcletet, p\u00e9ld\u00e1ul \u00e1llatorvosokkal, kozmetikusokkal, oktat\u00f3kkal, teny\u00e9szt\u0151kkel, \u00e1llatment\u0151kkel \u00e9s tulajdonosokkal folytatott munk\u00e1t, mik\u00f6zben kiz\u00e1rja a klasszikus forgalmaz\u00e1st a kis\u00e1llat-boltokban \u00e9s a szupermarketekben.<\/p>\n<p>&nbsp;<\/p>\n<h5 style=\"text-align: center;\">\u00c9rdekli ez \u00d6nt \u00e9s szeretne la Nekmar Pet Nutrition csal\u00e1d tagja lenni?<\/h5>\n<p>[\/vc_column_text][vc_empty_space height=&#8221;20px&#8221;]<a  itemprop=\"url\" href=\"\/hu\/forma\/\" target=\"_self\" data-hover-background-color=\"#dddddd\" class=\"qbutton  medium center default\" style=\"color: #2e3d5c; border-color: #2e3d5c; \">Ne habozzon, l\u00e9pjen vel\u00fcnk kapcsolatba tov\u00e1bbi inform\u00e1ci\u00f3k\u00e9rt!<\/a>[\/vc_column][\/vc_row][vc_row css_animation=&#8221;&#8221; row_type=&#8221;row&#8221; use_row_as_full_screen_section=&#8221;no&#8221; type=&#8221;grid&#8221; angled_section=&#8221;no&#8221; text_align=&#8221;center&#8221; background_image_as_pattern=&#8221;without_pattern&#8221; z_index=&#8221;&#8221;][vc_column][vc_empty_space height=&#8221;100px&#8221;][vc_separator css_animation=&#8221;bounceInUp&#8221; type=&#8221;normal&#8221; color=&#8221;#2e3d5c&#8221;][vc_empty_space height=&#8221;100px&#8221;][vc_column_text]<\/p>\n<h3 style=\"text-align: center;\">BEJELENTKEZ\u00c9S PARTNEREKNEK:<\/h3>\n<p>[\/vc_column_text][vc_column_text]<\/p>\n<p style=\"text-align: center;\"><div class=\"uap-login-form-wrap uap-login-template-7\"><form method=\"post\" id=\"uap_login_form\"><input type=\"hidden\" name=\"uapaction\" value=\"login\" \/><div class=\"uap-form-line-fr\"><span class=\"uap-form-label-fr uap-form-label-username\">Username:<\/span><input type=\"text\" value=\"\" id=\"uap_login_username\" name=\"log\" \/><\/div><div class=\"uap-form-line-fr\"><span class=\"uap-form-label-fr uap-form-label-pass\">Password:<\/span><input type=\"password\" id=\"uap_login_password\" value=\"\" name=\"pwd\" \/><\/div><div class=\"uap-temp5-row\"><div class=\"uap-temp5-row-left\"><div class=\"uap-remember-wrapper\"><input type=\"checkbox\" value=\"forever\" name=\"rememberme\" class=\"uap-form-input-remember\" \/><span class=\"uap-form-label-fr uap-form-label-remember\">Remember Me<\/span> <\/div><\/div><div class=\"uap-form-submit\"><input type=\"submit\" value=\"Log In\" name=\"Submit\" \/><\/div><div class=\"uap-clear\"><\/div><\/div><input type='hidden' value='b32ab8ac94' name='uap_login_nonce' \/><\/form>\r\r\n\t<span class=\"uap-js-login-form-details\"\r\r\n\tdata-username_selector=\"#uap_login_username\"\r\r\n\tdata-password_selector=\"#uap_login_password\"\r\r\n\tdata-error_message=\"Please complete all require fields!\"><\/span>\r\r\n\t<\/div>\n<p>[\/vc_column_text][vc_empty_space height=&#8221;20px&#8221;][\/vc_column][\/vc_row]<\/p>\n<\/div>","protected":false},"excerpt":{"rendered":"<p>[vc_row css_animation=&#8221;&#8221; row_type=&#8221;row&#8221; use_row_as_full_screen_section=&#8221;no&#8221; type=&#8221;full_width&#8221; angled_section=&#8221;no&#8221; text_align=&#8221;left&#8221; background_image_as_pattern=&#8221;without_pattern&#8221;][vc_column][\/vc_column][\/vc_row][vc_row css_animation=&#8221;&#8221; row_type=&#8221;row&#8221; use_row_as_full_screen_section=&#8221;no&#8221; type=&#8221;grid&#8221; angled_section=&#8221;no&#8221; text_align=&#8221;center&#8221; background_image_as_pattern=&#8221;without_pattern&#8221; z_index=&#8221;&#8221;][vc_column][vc_empty_space height=&#8221;50px&#8221;][vc_column_text] A NEKMAR CSAL\u00c1D TAGJA SZERETNE LENNI? [\/vc_column_text][vc_empty_space height=&#8221;50px&#8221;][vc_column_text] A Nekmar Pet Nutrition egyed\u00fcl\u00e1ll\u00f3 forgalmaz\u00e1si \u00e9s \u00e9rt\u00e9kes\u00edt\u00e9si koncepci\u00f3val rendelkezik, amely lehet\u0151v\u00e9 teszi partnereink sz\u00e1m\u00e1ra, hogy j\u00f6vedelmez\u0151 \u00fczleti tev\u00e9kenys\u00e9get \u00e9p\u00edtsenek&#8230;<\/p>\n","protected":false},"author":1,"featured_media":0,"parent":0,"menu_order":0,"comment_status":"closed","ping_status":"closed","template":"full_width.php","meta":{"footnotes":""},"class_list":["post-255","page","type-page","status-publish","hentry"],"yoast_head":"<!-- This site is optimized with the Yoast SEO plugin v27.4 - https:\/\/yoast.com\/product\/yoast-seo-wordpress\/ -->\n<title>Nekmar | Partnerek<\/title>\n<meta name=\"description\" content=\"A Nekmar Pet Nutrition egyed\u00fcl\u00e1ll\u00f3 forgalmaz\u00e1si \u00e9s \u00e9rt\u00e9kes\u00edt\u00e9si koncepci\u00f3val rendelkezik.\" \/>\n<meta name=\"robots\" content=\"index, follow, max-snippet:-1, max-image-preview:large, max-video-preview:-1\" \/>\n<link rel=\"canonical\" href=\"https:\/\/nekmar.eu\/hu\/partnerek\/\" \/>\n<meta property=\"og:locale\" content=\"hu_HU\" \/>\n<meta property=\"og:type\" content=\"article\" \/>\n<meta property=\"og:title\" content=\"NEKMAR\" \/>\n<meta property=\"og:description\" content=\"A Nekmar Pet Nutrition egyed\u00fcl\u00e1ll\u00f3 forgalmaz\u00e1si \u00e9s \u00e9rt\u00e9kes\u00edt\u00e9si koncepci\u00f3val rendelkezik.\" \/>\n<meta property=\"og:url\" content=\"https:\/\/nekmar.eu\/hu\/partnerek\/\" \/>\n<meta property=\"og:site_name\" content=\"Nekmar\" \/>\n<meta property=\"article:publisher\" content=\"https:\/\/www.facebook.com\/nekmarpetnutritionHU\/\" \/>\n<meta property=\"article:modified_time\" content=\"2020-04-02T10:58:23+00:00\" \/>\n<meta property=\"og:image\" content=\"https:\/\/nekmar.eu\/hu\/wp-content\/uploads\/2019\/08\/nekmar-f.jpg\" \/>\n\t<meta property=\"og:image:width\" content=\"1200\" \/>\n\t<meta property=\"og:image:height\" content=\"630\" \/>\n\t<meta property=\"og:image:type\" content=\"image\/jpeg\" \/>\n<meta name=\"twitter:card\" content=\"summary_large_image\" \/>\n<meta name=\"twitter:label1\" content=\"Becs\u00fclt olvas\u00e1si id\u0151\" \/>\n\t<meta name=\"twitter:data1\" content=\"2 perc\" \/>\n<script type=\"application\/ld+json\" class=\"yoast-schema-graph\">{\"@context\":\"https:\\\/\\\/schema.org\",\"@graph\":[{\"@type\":\"WebPage\",\"@id\":\"https:\\\/\\\/nekmar.eu\\\/hu\\\/partnerek\\\/\",\"url\":\"https:\\\/\\\/nekmar.eu\\\/hu\\\/partnerek\\\/\",\"name\":\"Nekmar | Partnerek\",\"isPartOf\":{\"@id\":\"https:\\\/\\\/nekmar.eu\\\/hu\\\/#website\"},\"datePublished\":\"2019-08-22T08:18:41+00:00\",\"dateModified\":\"2020-04-02T10:58:23+00:00\",\"description\":\"A Nekmar Pet Nutrition egyed\u00fcl\u00e1ll\u00f3 forgalmaz\u00e1si \u00e9s \u00e9rt\u00e9kes\u00edt\u00e9si koncepci\u00f3val rendelkezik.\",\"breadcrumb\":{\"@id\":\"https:\\\/\\\/nekmar.eu\\\/hu\\\/partnerek\\\/#breadcrumb\"},\"inLanguage\":\"hu\",\"potentialAction\":[{\"@type\":\"ReadAction\",\"target\":[\"https:\\\/\\\/nekmar.eu\\\/hu\\\/partnerek\\\/\"]}]},{\"@type\":\"BreadcrumbList\",\"@id\":\"https:\\\/\\\/nekmar.eu\\\/hu\\\/partnerek\\\/#breadcrumb\",\"itemListElement\":[{\"@type\":\"ListItem\",\"position\":1,\"name\":\"Home\",\"item\":\"https:\\\/\\\/nekmar.eu\\\/hu\\\/\"},{\"@type\":\"ListItem\",\"position\":2,\"name\":\"Partnerek\"}]},{\"@type\":\"WebSite\",\"@id\":\"https:\\\/\\\/nekmar.eu\\\/hu\\\/#website\",\"url\":\"https:\\\/\\\/nekmar.eu\\\/hu\\\/\",\"name\":\"Nekmar\",\"description\":\"Pet Nutrition\",\"publisher\":{\"@id\":\"https:\\\/\\\/nekmar.eu\\\/hu\\\/#organization\"},\"potentialAction\":[{\"@type\":\"SearchAction\",\"target\":{\"@type\":\"EntryPoint\",\"urlTemplate\":\"https:\\\/\\\/nekmar.eu\\\/hu\\\/?s={search_term_string}\"},\"query-input\":{\"@type\":\"PropertyValueSpecification\",\"valueRequired\":true,\"valueName\":\"search_term_string\"}}],\"inLanguage\":\"hu\"},{\"@type\":\"Organization\",\"@id\":\"https:\\\/\\\/nekmar.eu\\\/hu\\\/#organization\",\"name\":\"Nekmar Pet Nutrition Magyarorsz\u00e1g\",\"url\":\"https:\\\/\\\/nekmar.eu\\\/hu\\\/\",\"logo\":{\"@type\":\"ImageObject\",\"inLanguage\":\"hu\",\"@id\":\"https:\\\/\\\/nekmar.eu\\\/hu\\\/#\\\/schema\\\/logo\\\/image\\\/\",\"url\":\"https:\\\/\\\/nekmar.eu\\\/hu\\\/wp-content\\\/uploads\\\/2019\\\/08\\\/Nekmar-contact.jpg\",\"contentUrl\":\"https:\\\/\\\/nekmar.eu\\\/hu\\\/wp-content\\\/uploads\\\/2019\\\/08\\\/Nekmar-contact.jpg\",\"width\":600,\"height\":142,\"caption\":\"Nekmar Pet Nutrition Magyarorsz\u00e1g\"},\"image\":{\"@id\":\"https:\\\/\\\/nekmar.eu\\\/hu\\\/#\\\/schema\\\/logo\\\/image\\\/\"},\"sameAs\":[\"https:\\\/\\\/www.facebook.com\\\/nekmarpetnutritionHU\\\/\",\"https:\\\/\\\/instagram.com\\\/nekmar_magyarorszag\\\/\"]}]}<\/script>\n<!-- \/ Yoast SEO plugin. -->","yoast_head_json":{"title":"Nekmar | Partnerek","description":"A Nekmar Pet Nutrition egyed\u00fcl\u00e1ll\u00f3 forgalmaz\u00e1si \u00e9s \u00e9rt\u00e9kes\u00edt\u00e9si koncepci\u00f3val rendelkezik.","robots":{"index":"index","follow":"follow","max-snippet":"max-snippet:-1","max-image-preview":"max-image-preview:large","max-video-preview":"max-video-preview:-1"},"canonical":"https:\/\/nekmar.eu\/hu\/partnerek\/","og_locale":"hu_HU","og_type":"article","og_title":"NEKMAR","og_description":"A Nekmar Pet Nutrition egyed\u00fcl\u00e1ll\u00f3 forgalmaz\u00e1si \u00e9s \u00e9rt\u00e9kes\u00edt\u00e9si koncepci\u00f3val rendelkezik.","og_url":"https:\/\/nekmar.eu\/hu\/partnerek\/","og_site_name":"Nekmar","article_publisher":"https:\/\/www.facebook.com\/nekmarpetnutritionHU\/","article_modified_time":"2020-04-02T10:58:23+00:00","og_image":[{"width":1200,"height":630,"url":"https:\/\/nekmar.eu\/hu\/wp-content\/uploads\/2019\/08\/nekmar-f.jpg","type":"image\/jpeg"}],"twitter_card":"summary_large_image","twitter_misc":{"Becs\u00fclt olvas\u00e1si id\u0151":"2 perc"},"schema":{"@context":"https:\/\/schema.org","@graph":[{"@type":"WebPage","@id":"https:\/\/nekmar.eu\/hu\/partnerek\/","url":"https:\/\/nekmar.eu\/hu\/partnerek\/","name":"Nekmar | Partnerek","isPartOf":{"@id":"https:\/\/nekmar.eu\/hu\/#website"},"datePublished":"2019-08-22T08:18:41+00:00","dateModified":"2020-04-02T10:58:23+00:00","description":"A Nekmar Pet Nutrition egyed\u00fcl\u00e1ll\u00f3 forgalmaz\u00e1si \u00e9s \u00e9rt\u00e9kes\u00edt\u00e9si koncepci\u00f3val rendelkezik.","breadcrumb":{"@id":"https:\/\/nekmar.eu\/hu\/partnerek\/#breadcrumb"},"inLanguage":"hu","potentialAction":[{"@type":"ReadAction","target":["https:\/\/nekmar.eu\/hu\/partnerek\/"]}]},{"@type":"BreadcrumbList","@id":"https:\/\/nekmar.eu\/hu\/partnerek\/#breadcrumb","itemListElement":[{"@type":"ListItem","position":1,"name":"Home","item":"https:\/\/nekmar.eu\/hu\/"},{"@type":"ListItem","position":2,"name":"Partnerek"}]},{"@type":"WebSite","@id":"https:\/\/nekmar.eu\/hu\/#website","url":"https:\/\/nekmar.eu\/hu\/","name":"Nekmar","description":"Pet Nutrition","publisher":{"@id":"https:\/\/nekmar.eu\/hu\/#organization"},"potentialAction":[{"@type":"SearchAction","target":{"@type":"EntryPoint","urlTemplate":"https:\/\/nekmar.eu\/hu\/?s={search_term_string}"},"query-input":{"@type":"PropertyValueSpecification","valueRequired":true,"valueName":"search_term_string"}}],"inLanguage":"hu"},{"@type":"Organization","@id":"https:\/\/nekmar.eu\/hu\/#organization","name":"Nekmar Pet Nutrition Magyarorsz\u00e1g","url":"https:\/\/nekmar.eu\/hu\/","logo":{"@type":"ImageObject","inLanguage":"hu","@id":"https:\/\/nekmar.eu\/hu\/#\/schema\/logo\/image\/","url":"https:\/\/nekmar.eu\/hu\/wp-content\/uploads\/2019\/08\/Nekmar-contact.jpg","contentUrl":"https:\/\/nekmar.eu\/hu\/wp-content\/uploads\/2019\/08\/Nekmar-contact.jpg","width":600,"height":142,"caption":"Nekmar Pet Nutrition Magyarorsz\u00e1g"},"image":{"@id":"https:\/\/nekmar.eu\/hu\/#\/schema\/logo\/image\/"},"sameAs":["https:\/\/www.facebook.com\/nekmarpetnutritionHU\/","https:\/\/instagram.com\/nekmar_magyarorszag\/"]}]}},"_links":{"self":[{"href":"https:\/\/nekmar.eu\/hu\/wp-json\/wp\/v2\/pages\/255","targetHints":{"allow":["GET"]}}],"collection":[{"href":"https:\/\/nekmar.eu\/hu\/wp-json\/wp\/v2\/pages"}],"about":[{"href":"https:\/\/nekmar.eu\/hu\/wp-json\/wp\/v2\/types\/page"}],"author":[{"embeddable":true,"href":"https:\/\/nekmar.eu\/hu\/wp-json\/wp\/v2\/users\/1"}],"replies":[{"embeddable":true,"href":"https:\/\/nekmar.eu\/hu\/wp-json\/wp\/v2\/comments?post=255"}],"version-history":[{"count":0,"href":"https:\/\/nekmar.eu\/hu\/wp-json\/wp\/v2\/pages\/255\/revisions"}],"wp:attachment":[{"href":"https:\/\/nekmar.eu\/hu\/wp-json\/wp\/v2\/media?parent=255"}],"curies":[{"name":"wp","href":"https:\/\/api.w.org\/{rel}","templated":true}]}}