{"id":801,"date":"2019-10-16T12:13:17","date_gmt":"2019-10-16T12:13:17","guid":{"rendered":"http:\/\/nekmar.eu\/hu\/?page_id=801"},"modified":"2026-04-15T12:15:58","modified_gmt":"2026-04-15T11:15:58","slug":"szallitas","status":"publish","type":"page","link":"https:\/\/nekmar.eu\/hu\/szallitas\/","title":{"rendered":"Sz\u00e1ll\u00edt\u00e1s"},"content":{"rendered":"<div class=\"wpb-content-wrapper\"><p>[vc_row css_animation=&#8221;&#8221; row_type=&#8221;row&#8221; use_row_as_full_screen_section=&#8221;no&#8221; type=&#8221;full_width&#8221; angled_section=&#8221;no&#8221; text_align=&#8221;left&#8221; background_image_as_pattern=&#8221;without_pattern&#8221;][vc_column][vc_empty_space height=&#8221;100px&#8221;][\/vc_column][\/vc_row][vc_row css_animation=&#8221;&#8221; row_type=&#8221;row&#8221; use_row_as_full_screen_section=&#8221;no&#8221; type=&#8221;grid&#8221; angled_section=&#8221;no&#8221; text_align=&#8221;left&#8221; background_image_as_pattern=&#8221;without_pattern&#8221; z_index=&#8221;&#8221;][vc_column][vc_column_text css=&#8221;&#8221;]<strong>SZ\u00c1LL\u00cdT\u00c1SI INFORM\u00c1CI\u00d3K<\/strong><\/p>\n<p>&nbsp;<\/p>\n<p>A Web\u00e1ruh\u00e1zban megjelen\u00edtett term\u00e9kek kiz\u00e1r\u00f3lag on-line, h\u00e1zhoz kisz\u00e1ll\u00edt\u00e1ssal, h\u00e1zhoz kisz\u00e1ll\u00edt\u00e1ssal vagy szem\u00e9lyes \u00e1tv\u00e9tellel rendelhet\u0151ek meg.<\/p>\n<p>&nbsp;<\/p>\n<p>A Web\u00e1ruh\u00e1zban megjelen\u00edtett term\u00e9kek v\u00e9tel\u00e1ra az \u00e1ltal\u00e1nos forgalmi ad\u00f3t \u00e9s egy\u00e9b k\u00f6zterheket is tartalmaz\u00f3 m\u00f3don van felt\u00fcntetve. A term\u00e9kek v\u00e9tel\u00e1ra nem tartalmazza az esetleges kisz\u00e1ll\u00edt\u00e1s k\u00f6lts\u00e9g\u00e9t. A kisz\u00e1ll\u00edt\u00e1s k\u00f6lts\u00e9geir\u0151l az \u00c1SZF 2.9. pontj\u00e1ban t\u00e1j\u00e9koz\u00f3dhat. A term\u00e9kek \u00e1ra magyar forintban (Ft) ker\u00fcl felt\u00fcntet\u00e9sre.<\/p>\n<p>&nbsp;<\/p>\n<p><strong>H\u00c1ZHOZSZ\u00c1LL\u00cdT\u00c1S, INFORM\u00c1CI\u00d3K<\/strong><\/p>\n<p>&nbsp;<\/p>\n<p><strong>Kisz\u00e1ll\u00edt\u00e1si hat\u00e1rid\u0151<\/strong><\/p>\n<p>&nbsp;<\/p>\n<p>A sz\u00e1ll\u00edt\u00e1si hat\u00e1rid\u0151 \u00e1ltal\u00e1noss\u00e1gban v\u00e9ve a megrendel\u00e9s teljes\u00edt\u00e9s 2-10 munkanapon bel\u00fcl t\u00f6rt\u00e9nik. A rendel\u00e9s visszaigazol\u00e1sakor a v\u00e1rhat\u00f3 sz\u00e1ll\u00edt\u00e1si id\u0151pont t\u00e1j\u00e9koztat\u00f3 jelleg\u0171, pontos id\u0151pontot a kisz\u00e1ll\u00edt\u00e1sr\u00f3l lev\u00e9lben k\u00fcldj\u00fck, amint a fut\u00e1rszolg\u00e1lat rakt\u00e1runkban \u00e1tvette a csomagot.<\/p>\n<p>&nbsp;<\/p>\n<p>Amennyiben egy rendel\u00e9shez \u00d6n t\u00f6bb term\u00e9ket is v\u00e1laszt, minden esetben a kiv\u00e1lasztott term\u00e9kek adatlapj\u00e1n szerepl\u0151 leghosszabb sz\u00e1ll\u00edt\u00e1si hat\u00e1rid\u0151 a m\u00e9rvad\u00f3. A Nekmar Magyarorsz\u00e1g t\u00f6rekszik a sz\u00e1ll\u00edt\u00e1si hat\u00e1rid\u0151 betart\u00e1s\u00e1ra, azonban nem v\u00e1llal felel\u0151ss\u00e9get az\u00e9rt, ha a fenti szok\u00e1sos sz\u00e1ll\u00edt\u00e1si id\u0151 rajta k\u00edv\u00fcl \u00e1ll\u00f3 okok miatt (pl. besz\u00e1ll\u00edt\u00f3 k\u00e9sedelme) nem tarthat\u00f3. Az esetleges sz\u00e1ll\u00edt\u00e1si k\u00e9sedelemr\u0151l a Nekmar Magyarorsz\u00e1g \u00d6nt \u00e9rtes\u00edti a megrendel\u00e9s vagy a regisztr\u00e1ci\u00f3 sor\u00e1n megadott email c\u00edmen.<\/p>\n<p>&nbsp;<\/p>\n<p><strong>Kisz\u00e1ll\u00edt\u00e1s m\u00f3dja<\/strong><\/p>\n<p>&nbsp;<\/p>\n<p>Web\u00e1ruh\u00e1zunk megrendel\u00e9seit a GLS\u00a0 fut\u00e1rszolg\u00e1lat vagy az MPL, Magyar Posta Zrt. sz\u00e1ll\u00edtja h\u00e1zhoz. A csomagok k\u00e9zbes\u00edt\u00e9se munkanapokon t\u00f6rt\u00e9nik 8-17 \u00f3ra k\u00f6z\u00f6tti id\u0151szakban. Amennyiben ebben id\u0151szakban nem tart\u00f3zkodik otthon, sz\u00e1ll\u00edt\u00e1si c\u00edmk\u00e9nt c\u00e9lszer\u0171 (amennyiben van r\u00e1 lehet\u0151s\u00e9ge) munkahelyi c\u00edmet megadni. Ez esetben \u00d6n a megrendel\u00e9s\u00e9nek v\u00e9g\u00f6sszeg\u00e9t ut\u00e1nv\u00e9teles fizet\u00e9s v\u00e1laszt\u00e1sa eset\u00e9n a csomag \u00e1tv\u00e9telekor k\u00f6zvetlen\u00fcl a fut\u00e1rnak fizeti meg, bankk\u00e1rty\u00e1val vagy \u00e1tutal\u00e1ssal t\u00f6rt\u00e9n\u0151 fizet\u00e9s eset\u00e9n pedig a kisz\u00e1ll\u00edt\u00e1st megel\u0151z\u0151en teljes\u00edti a Nekmar Magyarorsz\u00e1g r\u00e9sz\u00e9re. A fizetend\u0151 v\u00e9g\u00f6sszeg a megrendel\u00e9s \u00f6sszes\u00edt\u0151je \u00e9s visszaigazol\u00f3 lev\u00e9l alapj\u00e1n minden k\u00f6lts\u00e9get tartalmaz.<\/p>\n<p>&nbsp;<\/p>\n<p>Amennyiben \u00d6n a kisz\u00e1ll\u00edt\u00e1st v\u00e9gz\u0151 szem\u00e9ly \u00e1ltal megjel\u00f6lt id\u0151pontban nem tart\u00f3zkodik az \u00d6n \u00e1ltal megadott sz\u00e1ll\u00edt\u00e1si c\u00edmen \u00e9s a csomag \u00e1tv\u00e9tele meghi\u00fasul, a fut\u00e1r \u00e9rtes\u00edt\u00e9st hagy a sz\u00e1ll\u00edt\u00e1si c\u00edmen.<\/p>\n<p>Az \u00e9rtes\u00edt\u0151n tal\u00e1lhat\u00f3 sz\u00e1m seg\u00edts\u00e9g\u00e9vel \u00d6nnek lehet\u0151s\u00e9ge van a megadott telefonsz\u00e1mon \u00faj sz\u00e1ll\u00edt\u00e1si c\u00edm \u00e9s id\u0151pont megad\u00e1s\u00e1ra illetve egyeztet\u00e9s\u00e9re. A fut\u00e1r tov\u00e1bbi 1 alkalommal k\u00eds\u00e9reli meg a megrendelt term\u00e9kek kisz\u00e1ll\u00edt\u00e1s\u00e1t. Amennyiben a 2. kisz\u00e1ll\u00edt\u00e1s is sikertelen, a fut\u00e1r visszasz\u00e1ll\u00edtja az \u00d6n csomagj\u00e1t a Nekmar Magyarorsz\u00e1g r\u00e9sz\u00e9re. A Nekmar Magyarorsz\u00e1g ez esetben felveszi \u00d6nnel a kapcsolatot a tov\u00e1bbi teend\u0151kkel kapcsolatban.<\/p>\n<p>&nbsp;<\/p>\n<p><strong>Felh\u00edv\u00e1s a csomagok \u00e1tv\u00e9tel\u00e9vel kapcsolatosan<\/strong><\/p>\n<p>&nbsp;<\/p>\n<p>K\u00e9rj\u00fck a csomagot k\u00e9zbes\u00edt\u00e9skor a fut\u00e1r el\u0151tt sz\u00edveskedj\u00e9k megvizsg\u00e1lni, \u00e9s esetlegesen a csomagol\u00e1son \u00e9szlelt s\u00e9r\u00fcl\u00e9s eset\u00e9n k\u00e9rje jegyz\u0151k\u00f6nyv felv\u00e9tel\u00e9t \u00e9s ne vegye \u00e1t a csomagot. Ut\u00f3lagos, jegyz\u0151k\u00f6nyv n\u00e9lk\u00fcli reklam\u00e1ci\u00f3t a Nekmar Magyarorsz\u00e1gnak nem \u00e1ll m\u00f3dj\u00e1ban elfogadni! A csomagnak a kisz\u00e1ll\u00edt\u00e1st v\u00e9gz\u0151 szem\u00e9lyt\u0151l val\u00f3 \u00e1tv\u00e9tel\u00e9vel illetve az \u00e1tv\u00e9telt igazol\u00f3 dokumentum al\u00e1\u00edr\u00e1s\u00e1val a csomag mennyis\u00e9gi \u00e9s min\u0151s\u00e9gi \u00e1tv\u00e9tele megt\u00f6rt\u00e9nik, ami azt jelenti, hogy az \u00e1tv\u00e9telt k\u00f6vet\u0151en \u00d6n kiz\u00e1r\u00f3lag el\u00e1ll\u00e1si jog\u00e1val \u00e9lhet, ez\u00e9rt a kisz\u00e1ll\u00edt\u00e1st v\u00e9gz\u0151 szem\u00e9ly t\u00e1voz\u00e1sa ut\u00e1n a Nekmar Magyarorsz\u00e1gnak ut\u00f3lag mennyis\u00e9gi \u00e9s min\u0151s\u00e9gi reklam\u00e1ci\u00f3t nem \u00e1ll m\u00f3dj\u00e1ban elfogadni.<\/p>\n<p>&nbsp;<\/p>\n<p><strong>H\u00e1zhoz sz\u00e1ll\u00edt\u00e1s d\u00edjszab\u00e1sa<\/strong><\/p>\n<p>&nbsp;<\/p>\n<p>Megrendel\u00e9s brutt\u00f3 t\u00f6mege:<\/p>\n<p>&nbsp;<\/p>\n<table class=\"gridtable\" style=\"height: 134px;\" width=\"350\">\n<tbody>\n<tr>\n<th><\/th>\n<th>Rendelt term\u00e9kek s\u00falya<\/th>\n<th>GLS kisz\u00e1ll\u00edt\u00e1s<\/th>\n<th>MPL kisz\u00e1ll\u00edt\u00e1s<\/th>\n<\/tr>\n<tr>\n<td><\/td>\n<td>0-10 kg<\/td>\n<td>1950<\/td>\n<td>1950<\/td>\n<\/tr>\n<tr>\n<td><\/td>\n<td>10,1-19,9 kg<\/td>\n<td>2500<\/td>\n<td>2500<\/td>\n<\/tr>\n<tr>\n<td><\/td>\n<td>20-29,9 kg<\/td>\n<td>2990<\/td>\n<td>3800<\/td>\n<\/tr>\n<tr>\n<td><\/td>\n<td>30,0-39,9<\/td>\n<td>3990<\/td>\n<td>6300<\/td>\n<\/tr>\n<tr>\n<td><\/td>\n<td>40,0-49,9<\/td>\n<td>3990<\/td>\n<td>7600<\/td>\n<\/tr>\n<tr>\n<td><\/td>\n<td>50,0-59,9<\/td>\n<td>3990<\/td>\n<td>10100<\/td>\n<\/tr>\n<tr>\n<td><\/td>\n<td>60,0-79,9<\/td>\n<td>4990<\/td>\n<td>11400<\/td>\n<\/tr>\n<tr>\n<td><\/td>\n<td>80,0-99,9<\/td>\n<td>7990<\/td>\n<td>15200<\/td>\n<\/tr>\n<tr>\n<td><\/td>\n<td>100,0-150<\/td>\n<td>12990<\/td>\n<td>22800<\/td>\n<\/tr>\n<tr>\n<td><\/td>\n<td>150,1 +<\/td>\n<td>0<\/td>\n<td>0<\/td>\n<\/tr>\n<tr>\n<td>ut\u00e1nv\u00e9t:<\/td>\n<td><\/td>\n<td>990<\/td>\n<td>990<\/td>\n<\/tr>\n<\/tbody>\n<\/table>\n<p>&nbsp;<\/p>\n<p>Az \u00e1rak forintban \u00e9rtend\u0151, brutt\u00f3 \u00e1rak.<br \/>\n4 zs\u00e1k b\u00e1rmely t\u00e1p rendel\u00e9se eset\u00e9n lehet\u0151s\u00e9g van ingyenes kisz\u00e1ll\u00edt\u00e1sra egyedi egyeztet\u00e9s alapj\u00e1n, amennyiben a sz\u00e1ll\u00edt\u00e1si c\u00edm beleesik saj\u00e1t sz\u00e1ll\u00edt\u00e1si \u00fatvonalainkba.<\/p>\n<p>&nbsp;<\/p>\n<p>* A h\u00e1zhoz sz\u00e1ll\u00edt\u00e1s d\u00edjszab\u00e1sa nem tartalmazza az esetlegesen felmer\u00fcl\u0151 kezel\u00e9si k\u00f6lts\u00e9geket, amir\u0151l a Fizet\u00e9si m\u00f3dok pontban t\u00e1j\u00e9koz\u00f3dhat r\u00e9szletesebben (ut\u00e1nv\u00e9t 990 Ft).<br \/>\nKiz\u00e1r\u00f3lag abban az esetben rendelje meg a k\u00edv\u00e1nt term\u00e9keket, amennyiben a csomag \u00e1tv\u00e9telekor ki tudja fizetni annak d\u00edj\u00e1t a fut\u00e1rnak, vagy el\u0151re \u00e1tutal\u00e1ssal vagy ut\u00e1nv\u00e9ttel rendezi az \u00f6sszeget!, Az \u00e1t nem vett, \u00e9s a fut\u00e1r \u00e1ltal visszahozott csomagok \u00fajra k\u00fcld\u00e9s\u00e9t ut\u00e1nv\u00e9teles fizet\u00e9s eset\u00e9n kiz\u00e1r\u00f3lag a csomag ellen\u00e9rt\u00e9k\u00e9nek el\u0151re t\u00f6rt\u00e9n\u0151 \u00e1tutal\u00e1sa eset\u00e9n \u00e1ll m\u00f3dunkban ism\u00e9telten elind\u00edtani! A v\u00e1s\u00e1rl\u00e1sakor \u00e9rv\u00e9nyes sz\u00e1ll\u00edt\u00e1si felt\u00e9telek a Nekmar Magyarorsz\u00e1g \u00c1ltal\u00e1nos Szerz\u0151d\u00e9si Felt\u00e9teleinek r\u00e9sze.<\/p>\n<p>&nbsp;<\/p>\n<p><strong>MEGRENDEL\u00c9S SZEM\u00c9LYES \u00c1TV\u00c9TELE<\/strong><\/p>\n<p>&nbsp;<\/p>\n<p>Lehet\u0151s\u00e9g van a megrendelt term\u00e9keket budapesti rakt\u00e1runkban (1155 Budapest, Bog\u00e1ncs utca 1.) vagy Budapesten a IV. ker\u00fcletben szem\u00e9lyesen is \u00e1tvenni. A szem\u00e9lyes \u00e1tv\u00e9teles rendel\u00e9sek \u00e1tv\u00e9teli ideje minden esetben el\u0151zetes telefonos egyeztet\u00e9st ig\u00e9nyel.<br \/>\nAmennyiben a megrendel\u00e9s felad\u00e1sakor \u00d6n ezt az \u00e1tv\u00e9teli m\u00f3dot v\u00e1lasztja, k\u00e9rj\u00fck, a rendel\u00e9s elk\u00fcld\u00e9se ut\u00e1n vegye fel vel\u00fcnk a kapcsolatot valamely el\u00e9rhet\u0151s\u00e9g\u00fcnk\u00f6n az \u00e1tv\u00e9tel hely\u00e9nek \u00e9s idej\u00e9nek egyeztet\u00e9se c\u00e9lj\u00e1b\u00f3l. A foglalt rendel\u00e9seket szem\u00e9lyes \u00e1tv\u00e9tel eset\u00e9n 10 napig tudja tartani a Nekmar Magyarorsz\u00e1g, azut\u00e1n t\u00f6rli, ez\u00e9rt k\u00e9rj\u00fck \u00d6nt, hogy min\u00e9l hamarabb vegye \u00e1t megrendel\u00e9s\u00e9t![\/vc_column_text][vc_empty_space height=&#8221;100px&#8221;][\/vc_column][\/vc_row]<\/p>\n<\/div>","protected":false},"excerpt":{"rendered":"<p>[vc_row css_animation=&#8221;&#8221; row_type=&#8221;row&#8221; use_row_as_full_screen_section=&#8221;no&#8221; type=&#8221;full_width&#8221; angled_section=&#8221;no&#8221; text_align=&#8221;left&#8221; background_image_as_pattern=&#8221;without_pattern&#8221;][vc_column][vc_empty_space height=&#8221;100px&#8221;][\/vc_column][\/vc_row][vc_row css_animation=&#8221;&#8221; row_type=&#8221;row&#8221; use_row_as_full_screen_section=&#8221;no&#8221; type=&#8221;grid&#8221; angled_section=&#8221;no&#8221; text_align=&#8221;left&#8221; background_image_as_pattern=&#8221;without_pattern&#8221; z_index=&#8221;&#8221;][vc_column][vc_column_text css=&#8221;&#8221;]SZ\u00c1LL\u00cdT\u00c1SI INFORM\u00c1CI\u00d3K &nbsp; A Web\u00e1ruh\u00e1zban megjelen\u00edtett term\u00e9kek kiz\u00e1r\u00f3lag on-line, h\u00e1zhoz kisz\u00e1ll\u00edt\u00e1ssal, h\u00e1zhoz kisz\u00e1ll\u00edt\u00e1ssal vagy szem\u00e9lyes \u00e1tv\u00e9tellel rendelhet\u0151ek meg. &nbsp; A Web\u00e1ruh\u00e1zban megjelen\u00edtett term\u00e9kek v\u00e9tel\u00e1ra az \u00e1ltal\u00e1nos forgalmi ad\u00f3t&#8230;<\/p>\n","protected":false},"author":1,"featured_media":0,"parent":0,"menu_order":0,"comment_status":"closed","ping_status":"closed","template":"full_width.php","meta":{"footnotes":""},"class_list":["post-801","page","type-page","status-publish","hentry"],"yoast_head":"<!-- This site is optimized with the Yoast SEO plugin v27.4 - https:\/\/yoast.com\/product\/yoast-seo-wordpress\/ -->\n<title>Sz\u00e1ll\u00edt\u00e1s | Nekmar<\/title>\n<meta name=\"robots\" content=\"noindex, follow\" \/>\n<meta property=\"og:locale\" content=\"hu_HU\" \/>\n<meta property=\"og:type\" content=\"article\" \/>\n<meta property=\"og:title\" content=\"Sz\u00e1ll\u00edt\u00e1s | Nekmar\" \/>\n<meta property=\"og:description\" content=\"[vc_row css_animation=&#8221;&#8221; row_type=&#8221;row&#8221; use_row_as_full_screen_section=&#8221;no&#8221; type=&#8221;full_width&#8221; angled_section=&#8221;no&#8221; text_align=&#8221;left&#8221; background_image_as_pattern=&#8221;without_pattern&#8221;][vc_column][vc_empty_space height=&#8221;100px&#8221;][\/vc_column][\/vc_row][vc_row css_animation=&#8221;&#8221; row_type=&#8221;row&#8221; use_row_as_full_screen_section=&#8221;no&#8221; type=&#8221;grid&#8221; angled_section=&#8221;no&#8221; text_align=&#8221;left&#8221; background_image_as_pattern=&#8221;without_pattern&#8221; z_index=&#8221;&#8221;][vc_column][vc_column_text css=&#8221;&#8221;]SZ\u00c1LL\u00cdT\u00c1SI INFORM\u00c1CI\u00d3K &nbsp; A Web\u00e1ruh\u00e1zban megjelen\u00edtett term\u00e9kek kiz\u00e1r\u00f3lag on-line, h\u00e1zhoz kisz\u00e1ll\u00edt\u00e1ssal, h\u00e1zhoz kisz\u00e1ll\u00edt\u00e1ssal vagy szem\u00e9lyes \u00e1tv\u00e9tellel rendelhet\u0151ek meg. &nbsp; A Web\u00e1ruh\u00e1zban megjelen\u00edtett term\u00e9kek v\u00e9tel\u00e1ra az \u00e1ltal\u00e1nos forgalmi ad\u00f3t...\" \/>\n<meta property=\"og:url\" content=\"https:\/\/nekmar.eu\/hu\/szallitas\/\" \/>\n<meta property=\"og:site_name\" content=\"Nekmar\" \/>\n<meta property=\"article:publisher\" content=\"https:\/\/www.facebook.com\/nekmarpetnutritionHU\/\" \/>\n<meta property=\"article:modified_time\" content=\"2026-04-15T11:15:58+00:00\" \/>\n<meta property=\"og:image\" content=\"https:\/\/nekmar.eu\/hu\/wp-content\/uploads\/2019\/08\/nekmar-f.jpg\" \/>\n\t<meta property=\"og:image:width\" content=\"1200\" \/>\n\t<meta property=\"og:image:height\" content=\"630\" \/>\n\t<meta property=\"og:image:type\" content=\"image\/jpeg\" \/>\n<meta name=\"twitter:card\" content=\"summary_large_image\" \/>\n<meta name=\"twitter:label1\" content=\"Becs\u00fclt olvas\u00e1si id\u0151\" \/>\n\t<meta name=\"twitter:data1\" content=\"4 perc\" \/>\n<script type=\"application\/ld+json\" class=\"yoast-schema-graph\">{\"@context\":\"https:\\\/\\\/schema.org\",\"@graph\":[{\"@type\":\"WebPage\",\"@id\":\"https:\\\/\\\/nekmar.eu\\\/hu\\\/szallitas\\\/\",\"url\":\"https:\\\/\\\/nekmar.eu\\\/hu\\\/szallitas\\\/\",\"name\":\"Sz\u00e1ll\u00edt\u00e1s | Nekmar\",\"isPartOf\":{\"@id\":\"https:\\\/\\\/nekmar.eu\\\/hu\\\/#website\"},\"datePublished\":\"2019-10-16T12:13:17+00:00\",\"dateModified\":\"2026-04-15T11:15:58+00:00\",\"breadcrumb\":{\"@id\":\"https:\\\/\\\/nekmar.eu\\\/hu\\\/szallitas\\\/#breadcrumb\"},\"inLanguage\":\"hu\",\"potentialAction\":[{\"@type\":\"ReadAction\",\"target\":[\"https:\\\/\\\/nekmar.eu\\\/hu\\\/szallitas\\\/\"]}]},{\"@type\":\"BreadcrumbList\",\"@id\":\"https:\\\/\\\/nekmar.eu\\\/hu\\\/szallitas\\\/#breadcrumb\",\"itemListElement\":[{\"@type\":\"ListItem\",\"position\":1,\"name\":\"Home\",\"item\":\"https:\\\/\\\/nekmar.eu\\\/hu\\\/\"},{\"@type\":\"ListItem\",\"position\":2,\"name\":\"Sz\u00e1ll\u00edt\u00e1s\"}]},{\"@type\":\"WebSite\",\"@id\":\"https:\\\/\\\/nekmar.eu\\\/hu\\\/#website\",\"url\":\"https:\\\/\\\/nekmar.eu\\\/hu\\\/\",\"name\":\"Nekmar\",\"description\":\"Pet Nutrition\",\"publisher\":{\"@id\":\"https:\\\/\\\/nekmar.eu\\\/hu\\\/#organization\"},\"potentialAction\":[{\"@type\":\"SearchAction\",\"target\":{\"@type\":\"EntryPoint\",\"urlTemplate\":\"https:\\\/\\\/nekmar.eu\\\/hu\\\/?s={search_term_string}\"},\"query-input\":{\"@type\":\"PropertyValueSpecification\",\"valueRequired\":true,\"valueName\":\"search_term_string\"}}],\"inLanguage\":\"hu\"},{\"@type\":\"Organization\",\"@id\":\"https:\\\/\\\/nekmar.eu\\\/hu\\\/#organization\",\"name\":\"Nekmar Pet Nutrition Magyarorsz\u00e1g\",\"url\":\"https:\\\/\\\/nekmar.eu\\\/hu\\\/\",\"logo\":{\"@type\":\"ImageObject\",\"inLanguage\":\"hu\",\"@id\":\"https:\\\/\\\/nekmar.eu\\\/hu\\\/#\\\/schema\\\/logo\\\/image\\\/\",\"url\":\"https:\\\/\\\/nekmar.eu\\\/hu\\\/wp-content\\\/uploads\\\/2019\\\/08\\\/Nekmar-contact.jpg\",\"contentUrl\":\"https:\\\/\\\/nekmar.eu\\\/hu\\\/wp-content\\\/uploads\\\/2019\\\/08\\\/Nekmar-contact.jpg\",\"width\":600,\"height\":142,\"caption\":\"Nekmar Pet Nutrition Magyarorsz\u00e1g\"},\"image\":{\"@id\":\"https:\\\/\\\/nekmar.eu\\\/hu\\\/#\\\/schema\\\/logo\\\/image\\\/\"},\"sameAs\":[\"https:\\\/\\\/www.facebook.com\\\/nekmarpetnutritionHU\\\/\",\"https:\\\/\\\/instagram.com\\\/nekmar_magyarorszag\\\/\"]}]}<\/script>\n<!-- \/ Yoast SEO plugin. -->","yoast_head_json":{"title":"Sz\u00e1ll\u00edt\u00e1s | Nekmar","robots":{"index":"noindex","follow":"follow"},"og_locale":"hu_HU","og_type":"article","og_title":"Sz\u00e1ll\u00edt\u00e1s | Nekmar","og_description":"[vc_row css_animation=&#8221;&#8221; row_type=&#8221;row&#8221; use_row_as_full_screen_section=&#8221;no&#8221; type=&#8221;full_width&#8221; angled_section=&#8221;no&#8221; text_align=&#8221;left&#8221; background_image_as_pattern=&#8221;without_pattern&#8221;][vc_column][vc_empty_space height=&#8221;100px&#8221;][\/vc_column][\/vc_row][vc_row css_animation=&#8221;&#8221; row_type=&#8221;row&#8221; use_row_as_full_screen_section=&#8221;no&#8221; type=&#8221;grid&#8221; angled_section=&#8221;no&#8221; text_align=&#8221;left&#8221; background_image_as_pattern=&#8221;without_pattern&#8221; z_index=&#8221;&#8221;][vc_column][vc_column_text css=&#8221;&#8221;]SZ\u00c1LL\u00cdT\u00c1SI INFORM\u00c1CI\u00d3K &nbsp; A Web\u00e1ruh\u00e1zban megjelen\u00edtett term\u00e9kek kiz\u00e1r\u00f3lag on-line, h\u00e1zhoz kisz\u00e1ll\u00edt\u00e1ssal, h\u00e1zhoz kisz\u00e1ll\u00edt\u00e1ssal vagy szem\u00e9lyes \u00e1tv\u00e9tellel rendelhet\u0151ek meg. &nbsp; A Web\u00e1ruh\u00e1zban megjelen\u00edtett term\u00e9kek v\u00e9tel\u00e1ra az \u00e1ltal\u00e1nos forgalmi ad\u00f3t...","og_url":"https:\/\/nekmar.eu\/hu\/szallitas\/","og_site_name":"Nekmar","article_publisher":"https:\/\/www.facebook.com\/nekmarpetnutritionHU\/","article_modified_time":"2026-04-15T11:15:58+00:00","og_image":[{"width":1200,"height":630,"url":"https:\/\/nekmar.eu\/hu\/wp-content\/uploads\/2019\/08\/nekmar-f.jpg","type":"image\/jpeg"}],"twitter_card":"summary_large_image","twitter_misc":{"Becs\u00fclt olvas\u00e1si id\u0151":"4 perc"},"schema":{"@context":"https:\/\/schema.org","@graph":[{"@type":"WebPage","@id":"https:\/\/nekmar.eu\/hu\/szallitas\/","url":"https:\/\/nekmar.eu\/hu\/szallitas\/","name":"Sz\u00e1ll\u00edt\u00e1s | Nekmar","isPartOf":{"@id":"https:\/\/nekmar.eu\/hu\/#website"},"datePublished":"2019-10-16T12:13:17+00:00","dateModified":"2026-04-15T11:15:58+00:00","breadcrumb":{"@id":"https:\/\/nekmar.eu\/hu\/szallitas\/#breadcrumb"},"inLanguage":"hu","potentialAction":[{"@type":"ReadAction","target":["https:\/\/nekmar.eu\/hu\/szallitas\/"]}]},{"@type":"BreadcrumbList","@id":"https:\/\/nekmar.eu\/hu\/szallitas\/#breadcrumb","itemListElement":[{"@type":"ListItem","position":1,"name":"Home","item":"https:\/\/nekmar.eu\/hu\/"},{"@type":"ListItem","position":2,"name":"Sz\u00e1ll\u00edt\u00e1s"}]},{"@type":"WebSite","@id":"https:\/\/nekmar.eu\/hu\/#website","url":"https:\/\/nekmar.eu\/hu\/","name":"Nekmar","description":"Pet Nutrition","publisher":{"@id":"https:\/\/nekmar.eu\/hu\/#organization"},"potentialAction":[{"@type":"SearchAction","target":{"@type":"EntryPoint","urlTemplate":"https:\/\/nekmar.eu\/hu\/?s={search_term_string}"},"query-input":{"@type":"PropertyValueSpecification","valueRequired":true,"valueName":"search_term_string"}}],"inLanguage":"hu"},{"@type":"Organization","@id":"https:\/\/nekmar.eu\/hu\/#organization","name":"Nekmar Pet Nutrition Magyarorsz\u00e1g","url":"https:\/\/nekmar.eu\/hu\/","logo":{"@type":"ImageObject","inLanguage":"hu","@id":"https:\/\/nekmar.eu\/hu\/#\/schema\/logo\/image\/","url":"https:\/\/nekmar.eu\/hu\/wp-content\/uploads\/2019\/08\/Nekmar-contact.jpg","contentUrl":"https:\/\/nekmar.eu\/hu\/wp-content\/uploads\/2019\/08\/Nekmar-contact.jpg","width":600,"height":142,"caption":"Nekmar Pet Nutrition Magyarorsz\u00e1g"},"image":{"@id":"https:\/\/nekmar.eu\/hu\/#\/schema\/logo\/image\/"},"sameAs":["https:\/\/www.facebook.com\/nekmarpetnutritionHU\/","https:\/\/instagram.com\/nekmar_magyarorszag\/"]}]}},"_links":{"self":[{"href":"https:\/\/nekmar.eu\/hu\/wp-json\/wp\/v2\/pages\/801","targetHints":{"allow":["GET"]}}],"collection":[{"href":"https:\/\/nekmar.eu\/hu\/wp-json\/wp\/v2\/pages"}],"about":[{"href":"https:\/\/nekmar.eu\/hu\/wp-json\/wp\/v2\/types\/page"}],"author":[{"embeddable":true,"href":"https:\/\/nekmar.eu\/hu\/wp-json\/wp\/v2\/users\/1"}],"replies":[{"embeddable":true,"href":"https:\/\/nekmar.eu\/hu\/wp-json\/wp\/v2\/comments?post=801"}],"version-history":[{"count":3,"href":"https:\/\/nekmar.eu\/hu\/wp-json\/wp\/v2\/pages\/801\/revisions"}],"predecessor-version":[{"id":8312,"href":"https:\/\/nekmar.eu\/hu\/wp-json\/wp\/v2\/pages\/801\/revisions\/8312"}],"wp:attachment":[{"href":"https:\/\/nekmar.eu\/hu\/wp-json\/wp\/v2\/media?parent=801"}],"curies":[{"name":"wp","href":"https:\/\/api.w.org\/{rel}","templated":true}]}}