{"id":805,"date":"2019-10-16T12:17:40","date_gmt":"2019-10-16T12:17:40","guid":{"rendered":"http:\/\/nekmar.eu\/hu\/?page_id=805"},"modified":"2024-03-26T09:13:06","modified_gmt":"2024-03-26T08:13:06","slug":"fizetesi-modok","status":"publish","type":"page","link":"https:\/\/nekmar.eu\/hu\/fizetesi-modok\/","title":{"rendered":"Fizet\u00e9si m\u00f3dok"},"content":{"rendered":"<div class=\"wpb-content-wrapper\"><p>[vc_row css_animation=&#8221;&#8221; row_type=&#8221;row&#8221; use_row_as_full_screen_section=&#8221;no&#8221; type=&#8221;full_width&#8221; angled_section=&#8221;no&#8221; text_align=&#8221;left&#8221; background_image_as_pattern=&#8221;without_pattern&#8221;][vc_column][vc_empty_space height=&#8221;100px&#8221;][\/vc_column][\/vc_row][vc_row css_animation=&#8221;&#8221; row_type=&#8221;row&#8221; use_row_as_full_screen_section=&#8221;no&#8221; type=&#8221;grid&#8221; angled_section=&#8221;no&#8221; text_align=&#8221;left&#8221; background_image_as_pattern=&#8221;without_pattern&#8221; z_index=&#8221;&#8221;][vc_column][vc_column_text]<strong>FIZET\u00c9SI M\u00d3DOK<\/strong><\/p>\n<p>&nbsp;<\/p>\n<p>A megrendelt term\u00e9kek v\u00e9tel\u00e1r\u00e1t \u00e9s az esetleges j\u00e1rul\u00e9kos k\u00f6lts\u00e9geket (amelyek minden esetben felt\u00fcntet\u00e9sre ker\u00fclnek a megrendel\u00e9skor) a v\u00e1s\u00e1rl\u00f3 el\u0151zetes banki utal\u00e1ssal, illetve a fut\u00e1rnak t\u00f6rt\u00e9n\u0151 k\u00e9szp\u00e9nzes vagy bankk\u00e1rty\u00e1s fizet\u00e9ssel teljes\u00edtheti (ut\u00e1nv\u00e9t). Ut\u00e1nv\u00e9tes fizet\u00e9si m\u00f3dn\u00e1l Web\u00e1ruh\u00e1zunk kezel\u00e9si k\u00f6lts\u00e9get sz\u00e1m\u00edthat fel, amelyr\u0151l a megrendel\u00e9s lead\u00e1sa sor\u00e1n, a weboldalon t\u00e1j\u00e9koztatja a v\u00e1s\u00e1rl\u00f3t.<\/p>\n<p>&nbsp;<\/p>\n<p><strong>Adatok az \u00e1tutal\u00e1shoz:<\/strong><\/p>\n<p>Nekmar Petfood Kft.<br \/>\nBanksz\u00e1mlasz\u00e1m: 11709002-25987322<br \/>\nOTP Bank NyRT.<\/p>\n<p>&nbsp;<\/p>\n<p>K\u00e9rj\u00fck, a megrendel\u0151 nev\u00e9t \u00e9s rendel\u00e9si azonos\u00edt\u00f3 sz\u00e1m\u00e1t t\u00fcntesse fel k\u00f6zlem\u00e9nyk\u00e9nt az \u00e1tutal\u00e1shoz. Megrendel\u00e9se a v\u00e1s\u00e1rl\u00e1s \u00f6sszeg\u00e9nek be\u00e9rkez\u00e9se ut\u00e1n lesz k\u00e9zbes\u00edtve \u00d6nnek.<\/p>\n<p>&nbsp;<\/p>\n<p>Web\u00e1ruh\u00e1zunk ut\u00e1nv\u00e9t-kezel\u00e9si k\u00f6lts\u00e9ge brutt\u00f3:<\/p>\n<p>&nbsp;<\/p>\n<table class=\"gridtable\">\n<tbody>\n<tr>\n<th class=\"table-first-row\">rendel\u00e9s \u00f6sszege<\/th>\n<th class=\"table-first-row\">Csomagpiac \/ DPD ut\u00e1nv\u00e9t d\u00edj<\/th>\n<th class=\"table-first-row\">MPL ut\u00e1nv\u00e9t d\u00edj<\/th>\n<\/tr>\n<tr>\n<td class=\"table-first-row\">0-100 ezer ft<\/td>\n<td>990<\/td>\n<td>990<\/td>\n<\/tr>\n<tr>\n<td class=\"table-first-row\">100-300 000 ft<\/td>\n<td>990<\/td>\n<td>3000<\/td>\n<\/tr>\n<\/tbody>\n<\/table>\n<p>&nbsp;<\/p>\n<p>amelyr\u0151l a v\u00e1s\u00e1rl\u00f3t t\u00e1j\u00e9koztatjuk a rendel\u00e9s felad\u00e1sa k\u00f6zben.[\/vc_column_text][\/vc_column][\/vc_row][vc_row css_animation=&#8221;&#8221; row_type=&#8221;row&#8221; use_row_as_full_screen_section=&#8221;no&#8221; type=&#8221;full_width&#8221; angled_section=&#8221;no&#8221; text_align=&#8221;left&#8221; background_image_as_pattern=&#8221;without_pattern&#8221;][vc_column][vc_empty_space height=&#8221;100px&#8221;][\/vc_column][\/vc_row]<\/p>\n<\/div>","protected":false},"excerpt":{"rendered":"<p>[vc_row css_animation=&#8221;&#8221; row_type=&#8221;row&#8221; use_row_as_full_screen_section=&#8221;no&#8221; type=&#8221;full_width&#8221; angled_section=&#8221;no&#8221; text_align=&#8221;left&#8221; background_image_as_pattern=&#8221;without_pattern&#8221;][vc_column][vc_empty_space height=&#8221;100px&#8221;][\/vc_column][\/vc_row][vc_row css_animation=&#8221;&#8221; row_type=&#8221;row&#8221; use_row_as_full_screen_section=&#8221;no&#8221; type=&#8221;grid&#8221; angled_section=&#8221;no&#8221; text_align=&#8221;left&#8221; background_image_as_pattern=&#8221;without_pattern&#8221; z_index=&#8221;&#8221;][vc_column][vc_column_text]FIZET\u00c9SI M\u00d3DOK &nbsp; A megrendelt term\u00e9kek v\u00e9tel\u00e1r\u00e1t \u00e9s az esetleges j\u00e1rul\u00e9kos k\u00f6lts\u00e9geket (amelyek minden esetben felt\u00fcntet\u00e9sre ker\u00fclnek a megrendel\u00e9skor) a v\u00e1s\u00e1rl\u00f3 el\u0151zetes banki utal\u00e1ssal, illetve a fut\u00e1rnak t\u00f6rt\u00e9n\u0151 k\u00e9szp\u00e9nzes&#8230;<\/p>\n","protected":false},"author":1,"featured_media":0,"parent":0,"menu_order":0,"comment_status":"closed","ping_status":"closed","template":"full_width.php","meta":{"footnotes":""},"class_list":["post-805","page","type-page","status-publish","hentry"],"yoast_head":"<!-- This site is optimized with the Yoast SEO plugin v27.4 - https:\/\/yoast.com\/product\/yoast-seo-wordpress\/ -->\n<title>Fizet\u00e9si m\u00f3dok | Nekmar<\/title>\n<meta name=\"robots\" content=\"noindex, follow\" \/>\n<meta property=\"og:locale\" content=\"hu_HU\" \/>\n<meta property=\"og:type\" content=\"article\" \/>\n<meta property=\"og:title\" content=\"Fizet\u00e9si m\u00f3dok | Nekmar\" \/>\n<meta property=\"og:description\" content=\"[vc_row css_animation=&#8221;&#8221; row_type=&#8221;row&#8221; use_row_as_full_screen_section=&#8221;no&#8221; type=&#8221;full_width&#8221; angled_section=&#8221;no&#8221; text_align=&#8221;left&#8221; background_image_as_pattern=&#8221;without_pattern&#8221;][vc_column][vc_empty_space height=&#8221;100px&#8221;][\/vc_column][\/vc_row][vc_row css_animation=&#8221;&#8221; row_type=&#8221;row&#8221; use_row_as_full_screen_section=&#8221;no&#8221; type=&#8221;grid&#8221; angled_section=&#8221;no&#8221; text_align=&#8221;left&#8221; background_image_as_pattern=&#8221;without_pattern&#8221; z_index=&#8221;&#8221;][vc_column][vc_column_text]FIZET\u00c9SI M\u00d3DOK &nbsp; A megrendelt term\u00e9kek v\u00e9tel\u00e1r\u00e1t \u00e9s az esetleges j\u00e1rul\u00e9kos k\u00f6lts\u00e9geket (amelyek minden esetben felt\u00fcntet\u00e9sre ker\u00fclnek a megrendel\u00e9skor) a v\u00e1s\u00e1rl\u00f3 el\u0151zetes banki utal\u00e1ssal, illetve a fut\u00e1rnak t\u00f6rt\u00e9n\u0151 k\u00e9szp\u00e9nzes...\" \/>\n<meta property=\"og:url\" content=\"https:\/\/nekmar.eu\/hu\/fizetesi-modok\/\" \/>\n<meta property=\"og:site_name\" content=\"Nekmar\" \/>\n<meta property=\"article:publisher\" content=\"https:\/\/www.facebook.com\/nekmarpetnutritionHU\/\" \/>\n<meta property=\"article:modified_time\" content=\"2024-03-26T08:13:06+00:00\" \/>\n<meta property=\"og:image\" content=\"https:\/\/nekmar.eu\/hu\/wp-content\/uploads\/2019\/08\/nekmar-f.jpg\" \/>\n\t<meta property=\"og:image:width\" content=\"1200\" \/>\n\t<meta property=\"og:image:height\" content=\"630\" \/>\n\t<meta property=\"og:image:type\" content=\"image\/jpeg\" \/>\n<meta name=\"twitter:card\" content=\"summary_large_image\" \/>\n<meta name=\"twitter:label1\" content=\"Becs\u00fclt olvas\u00e1si id\u0151\" \/>\n\t<meta name=\"twitter:data1\" content=\"1 perc\" \/>\n<script type=\"application\/ld+json\" class=\"yoast-schema-graph\">{\"@context\":\"https:\\\/\\\/schema.org\",\"@graph\":[{\"@type\":\"WebPage\",\"@id\":\"https:\\\/\\\/nekmar.eu\\\/hu\\\/fizetesi-modok\\\/\",\"url\":\"https:\\\/\\\/nekmar.eu\\\/hu\\\/fizetesi-modok\\\/\",\"name\":\"Fizet\u00e9si m\u00f3dok | Nekmar\",\"isPartOf\":{\"@id\":\"https:\\\/\\\/nekmar.eu\\\/hu\\\/#website\"},\"datePublished\":\"2019-10-16T12:17:40+00:00\",\"dateModified\":\"2024-03-26T08:13:06+00:00\",\"breadcrumb\":{\"@id\":\"https:\\\/\\\/nekmar.eu\\\/hu\\\/fizetesi-modok\\\/#breadcrumb\"},\"inLanguage\":\"hu\",\"potentialAction\":[{\"@type\":\"ReadAction\",\"target\":[\"https:\\\/\\\/nekmar.eu\\\/hu\\\/fizetesi-modok\\\/\"]}]},{\"@type\":\"BreadcrumbList\",\"@id\":\"https:\\\/\\\/nekmar.eu\\\/hu\\\/fizetesi-modok\\\/#breadcrumb\",\"itemListElement\":[{\"@type\":\"ListItem\",\"position\":1,\"name\":\"Home\",\"item\":\"https:\\\/\\\/nekmar.eu\\\/hu\\\/\"},{\"@type\":\"ListItem\",\"position\":2,\"name\":\"Fizet\u00e9si m\u00f3dok\"}]},{\"@type\":\"WebSite\",\"@id\":\"https:\\\/\\\/nekmar.eu\\\/hu\\\/#website\",\"url\":\"https:\\\/\\\/nekmar.eu\\\/hu\\\/\",\"name\":\"Nekmar\",\"description\":\"Pet Nutrition\",\"publisher\":{\"@id\":\"https:\\\/\\\/nekmar.eu\\\/hu\\\/#organization\"},\"potentialAction\":[{\"@type\":\"SearchAction\",\"target\":{\"@type\":\"EntryPoint\",\"urlTemplate\":\"https:\\\/\\\/nekmar.eu\\\/hu\\\/?s={search_term_string}\"},\"query-input\":{\"@type\":\"PropertyValueSpecification\",\"valueRequired\":true,\"valueName\":\"search_term_string\"}}],\"inLanguage\":\"hu\"},{\"@type\":\"Organization\",\"@id\":\"https:\\\/\\\/nekmar.eu\\\/hu\\\/#organization\",\"name\":\"Nekmar Pet Nutrition Magyarorsz\u00e1g\",\"url\":\"https:\\\/\\\/nekmar.eu\\\/hu\\\/\",\"logo\":{\"@type\":\"ImageObject\",\"inLanguage\":\"hu\",\"@id\":\"https:\\\/\\\/nekmar.eu\\\/hu\\\/#\\\/schema\\\/logo\\\/image\\\/\",\"url\":\"https:\\\/\\\/nekmar.eu\\\/hu\\\/wp-content\\\/uploads\\\/2019\\\/08\\\/Nekmar-contact.jpg\",\"contentUrl\":\"https:\\\/\\\/nekmar.eu\\\/hu\\\/wp-content\\\/uploads\\\/2019\\\/08\\\/Nekmar-contact.jpg\",\"width\":600,\"height\":142,\"caption\":\"Nekmar Pet Nutrition Magyarorsz\u00e1g\"},\"image\":{\"@id\":\"https:\\\/\\\/nekmar.eu\\\/hu\\\/#\\\/schema\\\/logo\\\/image\\\/\"},\"sameAs\":[\"https:\\\/\\\/www.facebook.com\\\/nekmarpetnutritionHU\\\/\",\"https:\\\/\\\/instagram.com\\\/nekmar_magyarorszag\\\/\"]}]}<\/script>\n<!-- \/ Yoast SEO plugin. -->","yoast_head_json":{"title":"Fizet\u00e9si m\u00f3dok | Nekmar","robots":{"index":"noindex","follow":"follow"},"og_locale":"hu_HU","og_type":"article","og_title":"Fizet\u00e9si m\u00f3dok | Nekmar","og_description":"[vc_row css_animation=&#8221;&#8221; row_type=&#8221;row&#8221; use_row_as_full_screen_section=&#8221;no&#8221; type=&#8221;full_width&#8221; angled_section=&#8221;no&#8221; text_align=&#8221;left&#8221; background_image_as_pattern=&#8221;without_pattern&#8221;][vc_column][vc_empty_space height=&#8221;100px&#8221;][\/vc_column][\/vc_row][vc_row css_animation=&#8221;&#8221; row_type=&#8221;row&#8221; use_row_as_full_screen_section=&#8221;no&#8221; type=&#8221;grid&#8221; angled_section=&#8221;no&#8221; text_align=&#8221;left&#8221; background_image_as_pattern=&#8221;without_pattern&#8221; z_index=&#8221;&#8221;][vc_column][vc_column_text]FIZET\u00c9SI M\u00d3DOK &nbsp; A megrendelt term\u00e9kek v\u00e9tel\u00e1r\u00e1t \u00e9s az esetleges j\u00e1rul\u00e9kos k\u00f6lts\u00e9geket (amelyek minden esetben felt\u00fcntet\u00e9sre ker\u00fclnek a megrendel\u00e9skor) a v\u00e1s\u00e1rl\u00f3 el\u0151zetes banki utal\u00e1ssal, illetve a fut\u00e1rnak t\u00f6rt\u00e9n\u0151 k\u00e9szp\u00e9nzes...","og_url":"https:\/\/nekmar.eu\/hu\/fizetesi-modok\/","og_site_name":"Nekmar","article_publisher":"https:\/\/www.facebook.com\/nekmarpetnutritionHU\/","article_modified_time":"2024-03-26T08:13:06+00:00","og_image":[{"width":1200,"height":630,"url":"https:\/\/nekmar.eu\/hu\/wp-content\/uploads\/2019\/08\/nekmar-f.jpg","type":"image\/jpeg"}],"twitter_card":"summary_large_image","twitter_misc":{"Becs\u00fclt olvas\u00e1si id\u0151":"1 perc"},"schema":{"@context":"https:\/\/schema.org","@graph":[{"@type":"WebPage","@id":"https:\/\/nekmar.eu\/hu\/fizetesi-modok\/","url":"https:\/\/nekmar.eu\/hu\/fizetesi-modok\/","name":"Fizet\u00e9si m\u00f3dok | Nekmar","isPartOf":{"@id":"https:\/\/nekmar.eu\/hu\/#website"},"datePublished":"2019-10-16T12:17:40+00:00","dateModified":"2024-03-26T08:13:06+00:00","breadcrumb":{"@id":"https:\/\/nekmar.eu\/hu\/fizetesi-modok\/#breadcrumb"},"inLanguage":"hu","potentialAction":[{"@type":"ReadAction","target":["https:\/\/nekmar.eu\/hu\/fizetesi-modok\/"]}]},{"@type":"BreadcrumbList","@id":"https:\/\/nekmar.eu\/hu\/fizetesi-modok\/#breadcrumb","itemListElement":[{"@type":"ListItem","position":1,"name":"Home","item":"https:\/\/nekmar.eu\/hu\/"},{"@type":"ListItem","position":2,"name":"Fizet\u00e9si m\u00f3dok"}]},{"@type":"WebSite","@id":"https:\/\/nekmar.eu\/hu\/#website","url":"https:\/\/nekmar.eu\/hu\/","name":"Nekmar","description":"Pet Nutrition","publisher":{"@id":"https:\/\/nekmar.eu\/hu\/#organization"},"potentialAction":[{"@type":"SearchAction","target":{"@type":"EntryPoint","urlTemplate":"https:\/\/nekmar.eu\/hu\/?s={search_term_string}"},"query-input":{"@type":"PropertyValueSpecification","valueRequired":true,"valueName":"search_term_string"}}],"inLanguage":"hu"},{"@type":"Organization","@id":"https:\/\/nekmar.eu\/hu\/#organization","name":"Nekmar Pet Nutrition Magyarorsz\u00e1g","url":"https:\/\/nekmar.eu\/hu\/","logo":{"@type":"ImageObject","inLanguage":"hu","@id":"https:\/\/nekmar.eu\/hu\/#\/schema\/logo\/image\/","url":"https:\/\/nekmar.eu\/hu\/wp-content\/uploads\/2019\/08\/Nekmar-contact.jpg","contentUrl":"https:\/\/nekmar.eu\/hu\/wp-content\/uploads\/2019\/08\/Nekmar-contact.jpg","width":600,"height":142,"caption":"Nekmar Pet Nutrition Magyarorsz\u00e1g"},"image":{"@id":"https:\/\/nekmar.eu\/hu\/#\/schema\/logo\/image\/"},"sameAs":["https:\/\/www.facebook.com\/nekmarpetnutritionHU\/","https:\/\/instagram.com\/nekmar_magyarorszag\/"]}]}},"_links":{"self":[{"href":"https:\/\/nekmar.eu\/hu\/wp-json\/wp\/v2\/pages\/805","targetHints":{"allow":["GET"]}}],"collection":[{"href":"https:\/\/nekmar.eu\/hu\/wp-json\/wp\/v2\/pages"}],"about":[{"href":"https:\/\/nekmar.eu\/hu\/wp-json\/wp\/v2\/types\/page"}],"author":[{"embeddable":true,"href":"https:\/\/nekmar.eu\/hu\/wp-json\/wp\/v2\/users\/1"}],"replies":[{"embeddable":true,"href":"https:\/\/nekmar.eu\/hu\/wp-json\/wp\/v2\/comments?post=805"}],"version-history":[{"count":0,"href":"https:\/\/nekmar.eu\/hu\/wp-json\/wp\/v2\/pages\/805\/revisions"}],"wp:attachment":[{"href":"https:\/\/nekmar.eu\/hu\/wp-json\/wp\/v2\/media?parent=805"}],"curies":[{"name":"wp","href":"https:\/\/api.w.org\/{rel}","templated":true}]}}