{"id":3009,"date":"2022-06-01T06:03:39","date_gmt":"2022-06-01T06:03:39","guid":{"rendered":"https:\/\/nekmar.eu\/hu\/?post_type=product&#038;p=3009"},"modified":"2026-03-26T10:32:47","modified_gmt":"2026-03-26T09:32:47","slug":"nekmar-salmon-oil","status":"publish","type":"product","link":"https:\/\/nekmar.eu\/hu\/termek\/nekmar-salmon-oil\/","title":{"rendered":"Nekmar Salmon Oil"},"content":{"rendered":"<div class=\"wpb-content-wrapper\"><p>[vc_row css_animation=&#8221;&#8221; row_type=&#8221;row&#8221; use_row_as_full_screen_section=&#8221;no&#8221; type=&#8221;full_width&#8221; angled_section=&#8221;no&#8221; text_align=&#8221;left&#8221; background_image_as_pattern=&#8221;without_pattern&#8221;][vc_column][vc_column_text]100%-os tisztas\u00e1g\u00fa, hidegen sajtolt, Eur\u00f3p\u00e1b\u00f3l sz\u00e1rmaz\u00f3 lazacb\u00f3l nyert kiv\u00e1l\u00f3 min\u0151s\u00e9g\u0171, emberi fogyaszt\u00e1sra alkalmas lazacolaj a CE 1069\/2009 el\u0151\u00edr\u00e1sai szerint.<\/p>\n<p>&nbsp;<\/p>\n<p><strong>Haszn\u00e1lata:<\/strong> A lazacolaj kuty\u00e1k \u00e9s macsk\u00e1k sz\u00e1m\u00e1ra k\u00e9sz\u00fclt t\u00e1pl\u00e1l\u00e9kkieg\u00e9sz\u00edt\u0151, amely a b\u0151rre \u00e9s sz\u0151rre gyakorolt pozit\u00edv hat\u00e1s\u00e1n t\u00fal \u00e9tv\u00e1gyat is jav\u00edt, \u00e9s t\u00e1mogatja az immunrendszert.<\/p>\n<p>&nbsp;<\/p>\n<p><strong>\u00d6sszetev\u0151k:<\/strong> 100% lazacolaj.<\/p>\n<p>&nbsp;<\/p>\n<p><strong>Antioxid\u00e1nsok:<\/strong> term\u00e9szetes tokoferolokban gazdag kivonat.<\/p>\n<p>&nbsp;<\/p>\n<p><strong>Analitikai \u00f6sszet\u00e9tel:<\/strong> 0% feh\u00e9rje, 0% rost, 100% olaj \u00e9s zs\u00edr.<\/p>\n<p>&nbsp;<\/p>\n<p><strong>Napi adagol\u00e1s:<\/strong><br \/>\nAdjon lazacolajat kedvence eledel\u00e9hez.<\/p>\n<p>&nbsp;<\/p>\n<table style=\"background-color: #ffffff; color: #000000; width: 600;\" border=\"1\" cellspacing=\"1\" cellpadding=\"1\">\n<tbody>\n<tr>\n<td>5kg<\/td>\n<td>10kg<\/td>\n<td>20kg<\/td>\n<td>30kg<\/td>\n<td>40kg<\/td>\n<td>50kg<\/td>\n<\/tr>\n<tr>\n<td>2ml<\/td>\n<td>4ml<\/td>\n<td>8ml<\/td>\n<td>12ml<\/td>\n<td>16ml<\/td>\n<td>20ml<\/td>\n<\/tr>\n<\/tbody>\n<\/table>\n<p>&nbsp;<\/p>\n<p>Legfeljebb napi 20 ml.[\/vc_column_text][\/vc_column][\/vc_row]<\/p>\n<\/div>","protected":false},"excerpt":{"rendered":"<p>100%-os tisztas\u00e1g\u00fa, Eur\u00f3p\u00e1b\u00f3l sz\u00e1rmaz\u00f3 lazacb\u00f3l nyert kiv\u00e1l\u00f3 min\u0151s\u00e9g\u0171, emberi fogyaszt\u00e1sra alkalmas lazacolaj a CE 1069\/2009 el\u0151\u00edr\u00e1sai szerint.<\/p>\n","protected":false},"featured_media":3005,"template":"","meta":[],"product_brand":[],"product_cat":[116],"product_tag":[],"class_list":{"0":"post-3009","1":"product","2":"type-product","3":"status-publish","4":"has-post-thumbnail","6":"product_cat-olajok","8":"first","9":"instock","10":"taxable","11":"shipping-taxable","12":"purchasable","13":"product-type-variable"},"yoast_head":"<!-- This site is optimized with the Yoast SEO plugin v27.5 - https:\/\/yoast.com\/product\/yoast-seo-wordpress\/ -->\n<title>Nekmar | LAZACOLAJ<\/title>\n<meta name=\"description\" content=\"100%-os tisztas\u00e1g\u00fa, hidegen sajtolt, Eur\u00f3p\u00e1b\u00f3l sz\u00e1rmaz\u00f3 lazacb\u00f3l nyert kiv\u00e1l\u00f3 min\u0151s\u00e9g\u0171, emberi fogyaszt\u00e1sra alkalmas lazacolaj a CE 1069\/2009 el\u0151\u00edr\u00e1sai szerint.\" \/>\n<meta name=\"robots\" content=\"index, follow, max-snippet:-1, max-image-preview:large, max-video-preview:-1\" \/>\n<link rel=\"canonical\" href=\"https:\/\/nekmar.eu\/hu\/termek\/nekmar-salmon-oil\/\" \/>\n<meta property=\"og:locale\" content=\"hu_HU\" \/>\n<meta property=\"og:type\" content=\"article\" \/>\n<meta property=\"og:title\" content=\"NEKMAR LAZACOLAJ\" \/>\n<meta property=\"og:description\" content=\"100%-os tisztas\u00e1g\u00fa, hidegen sajtolt, Eur\u00f3p\u00e1b\u00f3l sz\u00e1rmaz\u00f3 lazacb\u00f3l nyert kiv\u00e1l\u00f3 min\u0151s\u00e9g\u0171, emberi fogyaszt\u00e1sra alkalmas lazacolaj a CE 1069\/2009 el\u0151\u00edr\u00e1sai szerint.\" \/>\n<meta property=\"og:url\" content=\"https:\/\/nekmar.eu\/hu\/termek\/nekmar-salmon-oil\/\" \/>\n<meta property=\"og:site_name\" content=\"Nekmar\" \/>\n<meta property=\"article:publisher\" content=\"https:\/\/www.facebook.com\/nekmarpetnutritionHU\/\" \/>\n<meta property=\"article:modified_time\" content=\"2026-03-26T09:32:47+00:00\" \/>\n<meta property=\"og:image\" content=\"https:\/\/nekmar.eu\/hu\/wp-content\/uploads\/2022\/06\/Nekmar_Salmon_OIL.jpg\" \/>\n\t<meta property=\"og:image:width\" content=\"1000\" \/>\n\t<meta property=\"og:image:height\" content=\"1000\" \/>\n\t<meta property=\"og:image:type\" content=\"image\/jpeg\" \/>\n<meta name=\"twitter:card\" content=\"summary_large_image\" \/>\n<meta name=\"twitter:label1\" content=\"Becs\u00fclt olvas\u00e1si id\u0151\" \/>\n\t<meta name=\"twitter:data1\" content=\"1 perc\" \/>\n<script type=\"application\/ld+json\" class=\"yoast-schema-graph\">{\"@context\":\"https:\\\/\\\/schema.org\",\"@graph\":[{\"@type\":\"WebPage\",\"@id\":\"https:\\\/\\\/nekmar.eu\\\/hu\\\/termek\\\/nekmar-salmon-oil\\\/\",\"url\":\"https:\\\/\\\/nekmar.eu\\\/hu\\\/termek\\\/nekmar-salmon-oil\\\/\",\"name\":\"Nekmar | LAZACOLAJ\",\"isPartOf\":{\"@id\":\"https:\\\/\\\/nekmar.eu\\\/hu\\\/#website\"},\"primaryImageOfPage\":{\"@id\":\"https:\\\/\\\/nekmar.eu\\\/hu\\\/termek\\\/nekmar-salmon-oil\\\/#primaryimage\"},\"image\":{\"@id\":\"https:\\\/\\\/nekmar.eu\\\/hu\\\/termek\\\/nekmar-salmon-oil\\\/#primaryimage\"},\"thumbnailUrl\":\"https:\\\/\\\/nekmar.eu\\\/hu\\\/wp-content\\\/uploads\\\/2022\\\/06\\\/Nekmar_Salmon_OIL.jpg\",\"datePublished\":\"2022-06-01T06:03:39+00:00\",\"dateModified\":\"2026-03-26T09:32:47+00:00\",\"description\":\"100%-os tisztas\u00e1g\u00fa, hidegen sajtolt, Eur\u00f3p\u00e1b\u00f3l sz\u00e1rmaz\u00f3 lazacb\u00f3l nyert kiv\u00e1l\u00f3 min\u0151s\u00e9g\u0171, emberi fogyaszt\u00e1sra alkalmas lazacolaj a CE 1069\\\/2009 el\u0151\u00edr\u00e1sai szerint.\",\"breadcrumb\":{\"@id\":\"https:\\\/\\\/nekmar.eu\\\/hu\\\/termek\\\/nekmar-salmon-oil\\\/#breadcrumb\"},\"inLanguage\":\"hu\",\"potentialAction\":[{\"@type\":\"ReadAction\",\"target\":[\"https:\\\/\\\/nekmar.eu\\\/hu\\\/termek\\\/nekmar-salmon-oil\\\/\"]}]},{\"@type\":\"ImageObject\",\"inLanguage\":\"hu\",\"@id\":\"https:\\\/\\\/nekmar.eu\\\/hu\\\/termek\\\/nekmar-salmon-oil\\\/#primaryimage\",\"url\":\"https:\\\/\\\/nekmar.eu\\\/hu\\\/wp-content\\\/uploads\\\/2022\\\/06\\\/Nekmar_Salmon_OIL.jpg\",\"contentUrl\":\"https:\\\/\\\/nekmar.eu\\\/hu\\\/wp-content\\\/uploads\\\/2022\\\/06\\\/Nekmar_Salmon_OIL.jpg\",\"width\":1000,\"height\":1000},{\"@type\":\"BreadcrumbList\",\"@id\":\"https:\\\/\\\/nekmar.eu\\\/hu\\\/termek\\\/nekmar-salmon-oil\\\/#breadcrumb\",\"itemListElement\":[{\"@type\":\"ListItem\",\"position\":1,\"name\":\"Home\",\"item\":\"https:\\\/\\\/nekmar.eu\\\/hu\\\/\"},{\"@type\":\"ListItem\",\"position\":2,\"name\":\"WEB\u00c1RUH\u00c1Z\",\"item\":\"https:\\\/\\\/nekmar.eu\\\/hu\\\/webaruhaz\\\/\"},{\"@type\":\"ListItem\",\"position\":3,\"name\":\"Nekmar Salmon Oil\"}]},{\"@type\":\"WebSite\",\"@id\":\"https:\\\/\\\/nekmar.eu\\\/hu\\\/#website\",\"url\":\"https:\\\/\\\/nekmar.eu\\\/hu\\\/\",\"name\":\"Nekmar\",\"description\":\"Pet Nutrition\",\"publisher\":{\"@id\":\"https:\\\/\\\/nekmar.eu\\\/hu\\\/#organization\"},\"potentialAction\":[{\"@type\":\"SearchAction\",\"target\":{\"@type\":\"EntryPoint\",\"urlTemplate\":\"https:\\\/\\\/nekmar.eu\\\/hu\\\/?s={search_term_string}\"},\"query-input\":{\"@type\":\"PropertyValueSpecification\",\"valueRequired\":true,\"valueName\":\"search_term_string\"}}],\"inLanguage\":\"hu\"},{\"@type\":\"Organization\",\"@id\":\"https:\\\/\\\/nekmar.eu\\\/hu\\\/#organization\",\"name\":\"Nekmar Pet Nutrition Magyarorsz\u00e1g\",\"url\":\"https:\\\/\\\/nekmar.eu\\\/hu\\\/\",\"logo\":{\"@type\":\"ImageObject\",\"inLanguage\":\"hu\",\"@id\":\"https:\\\/\\\/nekmar.eu\\\/hu\\\/#\\\/schema\\\/logo\\\/image\\\/\",\"url\":\"https:\\\/\\\/nekmar.eu\\\/hu\\\/wp-content\\\/uploads\\\/2019\\\/08\\\/Nekmar-contact.jpg\",\"contentUrl\":\"https:\\\/\\\/nekmar.eu\\\/hu\\\/wp-content\\\/uploads\\\/2019\\\/08\\\/Nekmar-contact.jpg\",\"width\":600,\"height\":142,\"caption\":\"Nekmar Pet Nutrition Magyarorsz\u00e1g\"},\"image\":{\"@id\":\"https:\\\/\\\/nekmar.eu\\\/hu\\\/#\\\/schema\\\/logo\\\/image\\\/\"},\"sameAs\":[\"https:\\\/\\\/www.facebook.com\\\/nekmarpetnutritionHU\\\/\",\"https:\\\/\\\/instagram.com\\\/nekmar_magyarorszag\\\/\"]}]}<\/script>\n<!-- \/ Yoast SEO plugin. -->","yoast_head_json":{"title":"Nekmar | LAZACOLAJ","description":"100%-os tisztas\u00e1g\u00fa, hidegen sajtolt, Eur\u00f3p\u00e1b\u00f3l sz\u00e1rmaz\u00f3 lazacb\u00f3l nyert kiv\u00e1l\u00f3 min\u0151s\u00e9g\u0171, emberi fogyaszt\u00e1sra alkalmas lazacolaj a CE 1069\/2009 el\u0151\u00edr\u00e1sai szerint.","robots":{"index":"index","follow":"follow","max-snippet":"max-snippet:-1","max-image-preview":"max-image-preview:large","max-video-preview":"max-video-preview:-1"},"canonical":"https:\/\/nekmar.eu\/hu\/termek\/nekmar-salmon-oil\/","og_locale":"hu_HU","og_type":"article","og_title":"NEKMAR LAZACOLAJ","og_description":"100%-os tisztas\u00e1g\u00fa, hidegen sajtolt, Eur\u00f3p\u00e1b\u00f3l sz\u00e1rmaz\u00f3 lazacb\u00f3l nyert kiv\u00e1l\u00f3 min\u0151s\u00e9g\u0171, emberi fogyaszt\u00e1sra alkalmas lazacolaj a CE 1069\/2009 el\u0151\u00edr\u00e1sai szerint.","og_url":"https:\/\/nekmar.eu\/hu\/termek\/nekmar-salmon-oil\/","og_site_name":"Nekmar","article_publisher":"https:\/\/www.facebook.com\/nekmarpetnutritionHU\/","article_modified_time":"2026-03-26T09:32:47+00:00","og_image":[{"width":1000,"height":1000,"url":"https:\/\/nekmar.eu\/hu\/wp-content\/uploads\/2022\/06\/Nekmar_Salmon_OIL.jpg","type":"image\/jpeg"}],"twitter_card":"summary_large_image","twitter_misc":{"Becs\u00fclt olvas\u00e1si id\u0151":"1 perc"},"schema":{"@context":"https:\/\/schema.org","@graph":[{"@type":"WebPage","@id":"https:\/\/nekmar.eu\/hu\/termek\/nekmar-salmon-oil\/","url":"https:\/\/nekmar.eu\/hu\/termek\/nekmar-salmon-oil\/","name":"Nekmar | LAZACOLAJ","isPartOf":{"@id":"https:\/\/nekmar.eu\/hu\/#website"},"primaryImageOfPage":{"@id":"https:\/\/nekmar.eu\/hu\/termek\/nekmar-salmon-oil\/#primaryimage"},"image":{"@id":"https:\/\/nekmar.eu\/hu\/termek\/nekmar-salmon-oil\/#primaryimage"},"thumbnailUrl":"https:\/\/nekmar.eu\/hu\/wp-content\/uploads\/2022\/06\/Nekmar_Salmon_OIL.jpg","datePublished":"2022-06-01T06:03:39+00:00","dateModified":"2026-03-26T09:32:47+00:00","description":"100%-os tisztas\u00e1g\u00fa, hidegen sajtolt, Eur\u00f3p\u00e1b\u00f3l sz\u00e1rmaz\u00f3 lazacb\u00f3l nyert kiv\u00e1l\u00f3 min\u0151s\u00e9g\u0171, emberi fogyaszt\u00e1sra alkalmas lazacolaj a CE 1069\/2009 el\u0151\u00edr\u00e1sai szerint.","breadcrumb":{"@id":"https:\/\/nekmar.eu\/hu\/termek\/nekmar-salmon-oil\/#breadcrumb"},"inLanguage":"hu","potentialAction":[{"@type":"ReadAction","target":["https:\/\/nekmar.eu\/hu\/termek\/nekmar-salmon-oil\/"]}]},{"@type":"ImageObject","inLanguage":"hu","@id":"https:\/\/nekmar.eu\/hu\/termek\/nekmar-salmon-oil\/#primaryimage","url":"https:\/\/nekmar.eu\/hu\/wp-content\/uploads\/2022\/06\/Nekmar_Salmon_OIL.jpg","contentUrl":"https:\/\/nekmar.eu\/hu\/wp-content\/uploads\/2022\/06\/Nekmar_Salmon_OIL.jpg","width":1000,"height":1000},{"@type":"BreadcrumbList","@id":"https:\/\/nekmar.eu\/hu\/termek\/nekmar-salmon-oil\/#breadcrumb","itemListElement":[{"@type":"ListItem","position":1,"name":"Home","item":"https:\/\/nekmar.eu\/hu\/"},{"@type":"ListItem","position":2,"name":"WEB\u00c1RUH\u00c1Z","item":"https:\/\/nekmar.eu\/hu\/webaruhaz\/"},{"@type":"ListItem","position":3,"name":"Nekmar Salmon Oil"}]},{"@type":"WebSite","@id":"https:\/\/nekmar.eu\/hu\/#website","url":"https:\/\/nekmar.eu\/hu\/","name":"Nekmar","description":"Pet Nutrition","publisher":{"@id":"https:\/\/nekmar.eu\/hu\/#organization"},"potentialAction":[{"@type":"SearchAction","target":{"@type":"EntryPoint","urlTemplate":"https:\/\/nekmar.eu\/hu\/?s={search_term_string}"},"query-input":{"@type":"PropertyValueSpecification","valueRequired":true,"valueName":"search_term_string"}}],"inLanguage":"hu"},{"@type":"Organization","@id":"https:\/\/nekmar.eu\/hu\/#organization","name":"Nekmar Pet Nutrition Magyarorsz\u00e1g","url":"https:\/\/nekmar.eu\/hu\/","logo":{"@type":"ImageObject","inLanguage":"hu","@id":"https:\/\/nekmar.eu\/hu\/#\/schema\/logo\/image\/","url":"https:\/\/nekmar.eu\/hu\/wp-content\/uploads\/2019\/08\/Nekmar-contact.jpg","contentUrl":"https:\/\/nekmar.eu\/hu\/wp-content\/uploads\/2019\/08\/Nekmar-contact.jpg","width":600,"height":142,"caption":"Nekmar Pet Nutrition Magyarorsz\u00e1g"},"image":{"@id":"https:\/\/nekmar.eu\/hu\/#\/schema\/logo\/image\/"},"sameAs":["https:\/\/www.facebook.com\/nekmarpetnutritionHU\/","https:\/\/instagram.com\/nekmar_magyarorszag\/"]}]}},"_links":{"self":[{"href":"https:\/\/nekmar.eu\/hu\/wp-json\/wp\/v2\/product\/3009","targetHints":{"allow":["GET"]}}],"collection":[{"href":"https:\/\/nekmar.eu\/hu\/wp-json\/wp\/v2\/product"}],"about":[{"href":"https:\/\/nekmar.eu\/hu\/wp-json\/wp\/v2\/types\/product"}],"wp:featuredmedia":[{"embeddable":true,"href":"https:\/\/nekmar.eu\/hu\/wp-json\/wp\/v2\/media\/3005"}],"wp:attachment":[{"href":"https:\/\/nekmar.eu\/hu\/wp-json\/wp\/v2\/media?parent=3009"}],"wp:term":[{"taxonomy":"product_brand","embeddable":true,"href":"https:\/\/nekmar.eu\/hu\/wp-json\/wp\/v2\/product_brand?post=3009"},{"taxonomy":"product_cat","embeddable":true,"href":"https:\/\/nekmar.eu\/hu\/wp-json\/wp\/v2\/product_cat?post=3009"},{"taxonomy":"product_tag","embeddable":true,"href":"https:\/\/nekmar.eu\/hu\/wp-json\/wp\/v2\/product_tag?post=3009"}],"curies":[{"name":"wp","href":"https:\/\/api.w.org\/{rel}","templated":true}]}}