{"id":3013,"date":"2022-06-01T06:42:59","date_gmt":"2022-06-01T06:42:59","guid":{"rendered":"https:\/\/nekmar.eu\/hu\/?post_type=product&#038;p=3013"},"modified":"2026-04-06T21:17:06","modified_gmt":"2026-04-06T20:17:06","slug":"nekmar-muscle-dpr","status":"publish","type":"product","link":"https:\/\/nekmar.eu\/hu\/termek\/nekmar-muscle-dpr\/","title":{"rendered":"Nekmar Muscle DPR"},"content":{"rendered":"<div class=\"wpb-content-wrapper\"><p>[vc_row css_animation=&#8221;&#8221; row_type=&#8221;row&#8221; use_row_as_full_screen_section=&#8221;no&#8221; type=&#8221;full_width&#8221; angled_section=&#8221;no&#8221; text_align=&#8221;left&#8221; background_image_as_pattern=&#8221;without_pattern&#8221;][vc_column][vc_column_text]A Muscle DPR egy finom\u00edtott rizskorpaolajon alapul\u00f3 kieg\u00e9sz\u00edt\u0151 kuty\u00e1knak \u00e9s lovaknak, amely n\u00f6veli a gamma-oryzanol koncentr\u00e1ci\u00f3j\u00e1t az \u00e1llatok takarm\u00e1ny\u00e1ban, ez\u00e1ltal el\u0151seg\u00edtve az izomsz\u00f6vet fejl\u0151d\u00e9s\u00e9t, teljes\u00edtm\u00e9ny\u00e9t \u00e9s regener\u00e1l\u00f3d\u00e1s\u00e1t.<\/p>\n<p>&nbsp;<\/p>\n<p><strong>Haszn\u00e1lat:<\/strong> A gamma oryzanol (rizskorpaolajb\u00f3l nyert) egy term\u00e9szetes antioxid\u00e1ns, mely serkenti az izomsz\u00f6vetek fejl\u0151d\u00e9s\u00e9t \u00e9s n\u00f6veked\u00e9s\u00e9t, valamint n\u00f6veli a kuty\u00e1k \u00e9s lovak teljes\u00edtm\u00e9ny\u00e9t \u00e9s \u00e1ll\u00f3k\u00e9pess\u00e9g\u00e9t.<\/p>\n<p>&nbsp;<\/p>\n<p><strong>Alkalmaz\u00e1sa javasolt a k\u00f6vetkez\u0151 esetekben:<\/strong><\/p>\n<p>&#8211; ki\u00e1ll\u00edt\u00e1si kuty\u00e1k \u00e9s lovak izomt\u00f6meg\u00e9nek t\u00e1mogat\u00e1s\u00e1ra,<br \/>\n&#8211; munkakuty\u00e1k \u00e9s lovak izomerej\u00e9nek t\u00e1mogat\u00e1s\u00e1ra,<br \/>\n&#8211; fiatal, fejl\u0151d\u0151 \u00e1llatok eset\u00e9n az izomsz\u00f6vet t\u00e1mogat\u00e1s\u00e1ra,<br \/>\n&#8211; id\u0151sebb kuty\u00e1k \u00e9s lovak revitaliz\u00e1l\u00e1s\u00e1ra,<br \/>\n&#8211; m\u0171t\u00e9t el\u0151tt \u00e9s ut\u00e1n rehabilit\u00e1ci\u00f3ban vagy cs\u00f6kkent mozg\u00e1sk\u00e9pess\u00e9g eset\u00e9n.<\/p>\n<p>&nbsp;<\/p>\n<p><strong>\u00d6sszetev\u0151k:<\/strong> 100% rizskorpaolaj.<\/p>\n<p>&nbsp;<\/p>\n<p><strong>Analitikai \u00f6sszet\u00e9tel:<\/strong> 0% feh\u00e9rje, 0% rost, 100% olaj \u00e9s zs\u00edr.<\/p>\n<p>&nbsp;<\/p>\n<p><strong>Napi adagol\u00e1s &#8211; kuty\u00e1k:<\/strong><\/p>\n<p>Adjon olajat kedvence eledel\u00e9hez. A term\u00e9ket fokozatosan, t\u00f6bb napon kereszt\u00fcl aj\u00e1nlott bevezetni, a k\u00edv\u00e1nt adag fokozatos n\u00f6vel\u00e9s\u00e9vel.<\/p>\n<p>&nbsp;<\/p>\n<p>Fenntart\u00e1s: 2-2,5ml \/ 10kg<br \/>\nMunkakuty\u00e1k, fel\u00e9p\u00fcl\u00e9s, revitaliz\u00e1ci\u00f3: 4-5ml\/10kg, legfeljebb 20ml\/nap.<\/p>\n<p>&nbsp;<\/p>\n<p><strong>Napi adagol\u00e1s &#8211; lovak:<\/strong><\/p>\n<p>Adjon hozz\u00e1 olajat az \u00e9telhez. A term\u00e9ket fokozatosan, t\u00f6bb napon kereszt\u00fcl aj\u00e1nlott bevezetni, a k\u00edv\u00e1nt adag fokozatos n\u00f6vel\u00e9s\u00e9vel.<\/p>\n<p>&nbsp;<\/p>\n<p>Adagol\u00e1s 450 kg s\u00faly\u00fa l\u00f3ra:<\/p>\n<p>Fenntart\u00e1s: 60ml\/nap<br \/>\nIzomsz\u00f6vet t\u00e1mogat\u00e1s, revitaliz\u00e1l\u00e1s: 120 ml \/ nap<\/p>\n<p>Rehabilit\u00e1ci\u00f3, er\u0151teljes verseny felk\u00e9sz\u00fcl\u00e9s: 240ml \/ nap[\/vc_column_text][\/vc_column][\/vc_row]<\/p>\n<\/div>","protected":false},"excerpt":{"rendered":"<p>A Muscle DPR egy finom\u00edtott rizskorpaolajon alapul\u00f3 kieg\u00e9sz\u00edt\u0151 kuty\u00e1knak \u00e9s lovaknak, amely n\u00f6veli a gamma-oryzanol koncentr\u00e1ci\u00f3j\u00e1t az \u00e1llatok takarm\u00e1ny\u00e1ban, ez\u00e1ltal el\u0151seg\u00edtve az izomsz\u00f6vet fejl\u0151d\u00e9s\u00e9t, teljes\u00edtm\u00e9ny\u00e9t \u00e9s regener\u00e1l\u00f3d\u00e1s\u00e1t.<\/p>\n","protected":false},"featured_media":3001,"template":"","meta":[],"product_brand":[],"product_cat":[116],"product_tag":[],"class_list":{"0":"post-3013","1":"product","2":"type-product","3":"status-publish","4":"has-post-thumbnail","6":"product_cat-olajok","8":"first","9":"instock","10":"taxable","11":"shipping-taxable","12":"purchasable","13":"product-type-variable"},"yoast_head":"<!-- This site is optimized with the Yoast SEO plugin v27.1.1 - https:\/\/yoast.com\/product\/yoast-seo-wordpress\/ -->\n<title>Nekmar | Muscle DPR<\/title>\n<meta name=\"description\" content=\"A Muscle DPR egy finom\u00edtott rizskorpaolajon alapul\u00f3 kieg\u00e9sz\u00edt\u0151 kuty\u00e1knak \u00e9s lovaknak, amely n\u00f6veli a gamma-oryzanol koncentr\u00e1ci\u00f3j\u00e1t az \u00e1llatok takarm\u00e1ny\u00e1ban, ez\u00e1ltal el\u0151seg\u00edtve az izomsz\u00f6vet fejl\u0151d\u00e9s\u00e9t, teljes\u00edtm\u00e9ny\u00e9t \u00e9s regener\u00e1l\u00f3d\u00e1s\u00e1t.\" \/>\n<meta name=\"robots\" content=\"index, follow, max-snippet:-1, max-image-preview:large, max-video-preview:-1\" \/>\n<link rel=\"canonical\" href=\"https:\/\/nekmar.eu\/hu\/termek\/nekmar-muscle-dpr\/\" \/>\n<meta property=\"og:locale\" content=\"hu_HU\" \/>\n<meta property=\"og:type\" content=\"article\" \/>\n<meta property=\"og:title\" content=\"NEKMAR Muscle DPR\" \/>\n<meta property=\"og:description\" content=\"A Muscle DPR egy finom\u00edtott rizskorpaolajon alapul\u00f3 kieg\u00e9sz\u00edt\u0151 kuty\u00e1knak \u00e9s lovaknak, amely n\u00f6veli a gamma-oryzanol koncentr\u00e1ci\u00f3j\u00e1t az \u00e1llatok takarm\u00e1ny\u00e1ban, ez\u00e1ltal el\u0151seg\u00edtve az izomsz\u00f6vet fejl\u0151d\u00e9s\u00e9t, teljes\u00edtm\u00e9ny\u00e9t \u00e9s regener\u00e1l\u00f3d\u00e1s\u00e1t.\" \/>\n<meta property=\"og:url\" content=\"https:\/\/nekmar.eu\/hu\/termek\/nekmar-muscle-dpr\/\" \/>\n<meta property=\"og:site_name\" content=\"Nekmar\" \/>\n<meta property=\"article:publisher\" content=\"https:\/\/www.facebook.com\/nekmarpetnutritionHU\/\" \/>\n<meta property=\"article:modified_time\" content=\"2026-04-06T20:17:06+00:00\" \/>\n<meta property=\"og:image\" content=\"https:\/\/nekmar.eu\/hu\/wp-content\/uploads\/2022\/06\/Nekmar_Muscle_DPR.jpg\" \/>\n\t<meta property=\"og:image:width\" content=\"1000\" \/>\n\t<meta property=\"og:image:height\" content=\"1000\" \/>\n\t<meta property=\"og:image:type\" content=\"image\/jpeg\" \/>\n<meta name=\"twitter:card\" content=\"summary_large_image\" \/>\n<meta name=\"twitter:label1\" content=\"Becs\u00fclt olvas\u00e1si id\u0151\" \/>\n\t<meta name=\"twitter:data1\" content=\"2 perc\" \/>\n<script type=\"application\/ld+json\" class=\"yoast-schema-graph\">{\"@context\":\"https:\/\/schema.org\",\"@graph\":[{\"@type\":\"WebPage\",\"@id\":\"https:\/\/nekmar.eu\/hu\/termek\/nekmar-muscle-dpr\/\",\"url\":\"https:\/\/nekmar.eu\/hu\/termek\/nekmar-muscle-dpr\/\",\"name\":\"Nekmar | Muscle DPR\",\"isPartOf\":{\"@id\":\"https:\/\/nekmar.eu\/hu\/#website\"},\"primaryImageOfPage\":{\"@id\":\"https:\/\/nekmar.eu\/hu\/termek\/nekmar-muscle-dpr\/#primaryimage\"},\"image\":{\"@id\":\"https:\/\/nekmar.eu\/hu\/termek\/nekmar-muscle-dpr\/#primaryimage\"},\"thumbnailUrl\":\"https:\/\/nekmar.eu\/hu\/wp-content\/uploads\/2022\/06\/Nekmar_Muscle_DPR.jpg\",\"datePublished\":\"2022-06-01T06:42:59+00:00\",\"dateModified\":\"2026-04-06T20:17:06+00:00\",\"description\":\"A Muscle DPR egy finom\u00edtott rizskorpaolajon alapul\u00f3 kieg\u00e9sz\u00edt\u0151 kuty\u00e1knak \u00e9s lovaknak, amely n\u00f6veli a gamma-oryzanol koncentr\u00e1ci\u00f3j\u00e1t az \u00e1llatok takarm\u00e1ny\u00e1ban, ez\u00e1ltal el\u0151seg\u00edtve az izomsz\u00f6vet fejl\u0151d\u00e9s\u00e9t, teljes\u00edtm\u00e9ny\u00e9t \u00e9s regener\u00e1l\u00f3d\u00e1s\u00e1t.\",\"breadcrumb\":{\"@id\":\"https:\/\/nekmar.eu\/hu\/termek\/nekmar-muscle-dpr\/#breadcrumb\"},\"inLanguage\":\"hu\",\"potentialAction\":[{\"@type\":\"ReadAction\",\"target\":[\"https:\/\/nekmar.eu\/hu\/termek\/nekmar-muscle-dpr\/\"]}]},{\"@type\":\"ImageObject\",\"inLanguage\":\"hu\",\"@id\":\"https:\/\/nekmar.eu\/hu\/termek\/nekmar-muscle-dpr\/#primaryimage\",\"url\":\"https:\/\/nekmar.eu\/hu\/wp-content\/uploads\/2022\/06\/Nekmar_Muscle_DPR.jpg\",\"contentUrl\":\"https:\/\/nekmar.eu\/hu\/wp-content\/uploads\/2022\/06\/Nekmar_Muscle_DPR.jpg\",\"width\":1000,\"height\":1000},{\"@type\":\"BreadcrumbList\",\"@id\":\"https:\/\/nekmar.eu\/hu\/termek\/nekmar-muscle-dpr\/#breadcrumb\",\"itemListElement\":[{\"@type\":\"ListItem\",\"position\":1,\"name\":\"Home\",\"item\":\"https:\/\/nekmar.eu\/hu\/\"},{\"@type\":\"ListItem\",\"position\":2,\"name\":\"WEB\u00c1RUH\u00c1Z\",\"item\":\"https:\/\/nekmar.eu\/hu\/webaruhaz\/\"},{\"@type\":\"ListItem\",\"position\":3,\"name\":\"Nekmar Muscle DPR\"}]},{\"@type\":\"WebSite\",\"@id\":\"https:\/\/nekmar.eu\/hu\/#website\",\"url\":\"https:\/\/nekmar.eu\/hu\/\",\"name\":\"Nekmar\",\"description\":\"Pet Nutrition\",\"publisher\":{\"@id\":\"https:\/\/nekmar.eu\/hu\/#organization\"},\"potentialAction\":[{\"@type\":\"SearchAction\",\"target\":{\"@type\":\"EntryPoint\",\"urlTemplate\":\"https:\/\/nekmar.eu\/hu\/?s={search_term_string}\"},\"query-input\":{\"@type\":\"PropertyValueSpecification\",\"valueRequired\":true,\"valueName\":\"search_term_string\"}}],\"inLanguage\":\"hu\"},{\"@type\":\"Organization\",\"@id\":\"https:\/\/nekmar.eu\/hu\/#organization\",\"name\":\"Nekmar Pet Nutrition Magyarorsz\u00e1g\",\"url\":\"https:\/\/nekmar.eu\/hu\/\",\"logo\":{\"@type\":\"ImageObject\",\"inLanguage\":\"hu\",\"@id\":\"https:\/\/nekmar.eu\/hu\/#\/schema\/logo\/image\/\",\"url\":\"https:\/\/nekmar.eu\/hu\/wp-content\/uploads\/2019\/08\/Nekmar-contact.jpg\",\"contentUrl\":\"https:\/\/nekmar.eu\/hu\/wp-content\/uploads\/2019\/08\/Nekmar-contact.jpg\",\"width\":600,\"height\":142,\"caption\":\"Nekmar Pet Nutrition Magyarorsz\u00e1g\"},\"image\":{\"@id\":\"https:\/\/nekmar.eu\/hu\/#\/schema\/logo\/image\/\"},\"sameAs\":[\"https:\/\/www.facebook.com\/nekmarpetnutritionHU\/\",\"https:\/\/instagram.com\/nekmar_magyarorszag\/\"]}]}<\/script>\n<!-- \/ Yoast SEO plugin. -->","yoast_head_json":{"title":"Nekmar | Muscle DPR","description":"A Muscle DPR egy finom\u00edtott rizskorpaolajon alapul\u00f3 kieg\u00e9sz\u00edt\u0151 kuty\u00e1knak \u00e9s lovaknak, amely n\u00f6veli a gamma-oryzanol koncentr\u00e1ci\u00f3j\u00e1t az \u00e1llatok takarm\u00e1ny\u00e1ban, ez\u00e1ltal el\u0151seg\u00edtve az izomsz\u00f6vet fejl\u0151d\u00e9s\u00e9t, teljes\u00edtm\u00e9ny\u00e9t \u00e9s regener\u00e1l\u00f3d\u00e1s\u00e1t.","robots":{"index":"index","follow":"follow","max-snippet":"max-snippet:-1","max-image-preview":"max-image-preview:large","max-video-preview":"max-video-preview:-1"},"canonical":"https:\/\/nekmar.eu\/hu\/termek\/nekmar-muscle-dpr\/","og_locale":"hu_HU","og_type":"article","og_title":"NEKMAR Muscle DPR","og_description":"A Muscle DPR egy finom\u00edtott rizskorpaolajon alapul\u00f3 kieg\u00e9sz\u00edt\u0151 kuty\u00e1knak \u00e9s lovaknak, amely n\u00f6veli a gamma-oryzanol koncentr\u00e1ci\u00f3j\u00e1t az \u00e1llatok takarm\u00e1ny\u00e1ban, ez\u00e1ltal el\u0151seg\u00edtve az izomsz\u00f6vet fejl\u0151d\u00e9s\u00e9t, teljes\u00edtm\u00e9ny\u00e9t \u00e9s regener\u00e1l\u00f3d\u00e1s\u00e1t.","og_url":"https:\/\/nekmar.eu\/hu\/termek\/nekmar-muscle-dpr\/","og_site_name":"Nekmar","article_publisher":"https:\/\/www.facebook.com\/nekmarpetnutritionHU\/","article_modified_time":"2026-04-06T20:17:06+00:00","og_image":[{"width":1000,"height":1000,"url":"https:\/\/nekmar.eu\/hu\/wp-content\/uploads\/2022\/06\/Nekmar_Muscle_DPR.jpg","type":"image\/jpeg"}],"twitter_card":"summary_large_image","twitter_misc":{"Becs\u00fclt olvas\u00e1si id\u0151":"2 perc"},"schema":{"@context":"https:\/\/schema.org","@graph":[{"@type":"WebPage","@id":"https:\/\/nekmar.eu\/hu\/termek\/nekmar-muscle-dpr\/","url":"https:\/\/nekmar.eu\/hu\/termek\/nekmar-muscle-dpr\/","name":"Nekmar | Muscle DPR","isPartOf":{"@id":"https:\/\/nekmar.eu\/hu\/#website"},"primaryImageOfPage":{"@id":"https:\/\/nekmar.eu\/hu\/termek\/nekmar-muscle-dpr\/#primaryimage"},"image":{"@id":"https:\/\/nekmar.eu\/hu\/termek\/nekmar-muscle-dpr\/#primaryimage"},"thumbnailUrl":"https:\/\/nekmar.eu\/hu\/wp-content\/uploads\/2022\/06\/Nekmar_Muscle_DPR.jpg","datePublished":"2022-06-01T06:42:59+00:00","dateModified":"2026-04-06T20:17:06+00:00","description":"A Muscle DPR egy finom\u00edtott rizskorpaolajon alapul\u00f3 kieg\u00e9sz\u00edt\u0151 kuty\u00e1knak \u00e9s lovaknak, amely n\u00f6veli a gamma-oryzanol koncentr\u00e1ci\u00f3j\u00e1t az \u00e1llatok takarm\u00e1ny\u00e1ban, ez\u00e1ltal el\u0151seg\u00edtve az izomsz\u00f6vet fejl\u0151d\u00e9s\u00e9t, teljes\u00edtm\u00e9ny\u00e9t \u00e9s regener\u00e1l\u00f3d\u00e1s\u00e1t.","breadcrumb":{"@id":"https:\/\/nekmar.eu\/hu\/termek\/nekmar-muscle-dpr\/#breadcrumb"},"inLanguage":"hu","potentialAction":[{"@type":"ReadAction","target":["https:\/\/nekmar.eu\/hu\/termek\/nekmar-muscle-dpr\/"]}]},{"@type":"ImageObject","inLanguage":"hu","@id":"https:\/\/nekmar.eu\/hu\/termek\/nekmar-muscle-dpr\/#primaryimage","url":"https:\/\/nekmar.eu\/hu\/wp-content\/uploads\/2022\/06\/Nekmar_Muscle_DPR.jpg","contentUrl":"https:\/\/nekmar.eu\/hu\/wp-content\/uploads\/2022\/06\/Nekmar_Muscle_DPR.jpg","width":1000,"height":1000},{"@type":"BreadcrumbList","@id":"https:\/\/nekmar.eu\/hu\/termek\/nekmar-muscle-dpr\/#breadcrumb","itemListElement":[{"@type":"ListItem","position":1,"name":"Home","item":"https:\/\/nekmar.eu\/hu\/"},{"@type":"ListItem","position":2,"name":"WEB\u00c1RUH\u00c1Z","item":"https:\/\/nekmar.eu\/hu\/webaruhaz\/"},{"@type":"ListItem","position":3,"name":"Nekmar Muscle DPR"}]},{"@type":"WebSite","@id":"https:\/\/nekmar.eu\/hu\/#website","url":"https:\/\/nekmar.eu\/hu\/","name":"Nekmar","description":"Pet Nutrition","publisher":{"@id":"https:\/\/nekmar.eu\/hu\/#organization"},"potentialAction":[{"@type":"SearchAction","target":{"@type":"EntryPoint","urlTemplate":"https:\/\/nekmar.eu\/hu\/?s={search_term_string}"},"query-input":{"@type":"PropertyValueSpecification","valueRequired":true,"valueName":"search_term_string"}}],"inLanguage":"hu"},{"@type":"Organization","@id":"https:\/\/nekmar.eu\/hu\/#organization","name":"Nekmar Pet Nutrition Magyarorsz\u00e1g","url":"https:\/\/nekmar.eu\/hu\/","logo":{"@type":"ImageObject","inLanguage":"hu","@id":"https:\/\/nekmar.eu\/hu\/#\/schema\/logo\/image\/","url":"https:\/\/nekmar.eu\/hu\/wp-content\/uploads\/2019\/08\/Nekmar-contact.jpg","contentUrl":"https:\/\/nekmar.eu\/hu\/wp-content\/uploads\/2019\/08\/Nekmar-contact.jpg","width":600,"height":142,"caption":"Nekmar Pet Nutrition Magyarorsz\u00e1g"},"image":{"@id":"https:\/\/nekmar.eu\/hu\/#\/schema\/logo\/image\/"},"sameAs":["https:\/\/www.facebook.com\/nekmarpetnutritionHU\/","https:\/\/instagram.com\/nekmar_magyarorszag\/"]}]}},"_links":{"self":[{"href":"https:\/\/nekmar.eu\/hu\/wp-json\/wp\/v2\/product\/3013","targetHints":{"allow":["GET"]}}],"collection":[{"href":"https:\/\/nekmar.eu\/hu\/wp-json\/wp\/v2\/product"}],"about":[{"href":"https:\/\/nekmar.eu\/hu\/wp-json\/wp\/v2\/types\/product"}],"wp:featuredmedia":[{"embeddable":true,"href":"https:\/\/nekmar.eu\/hu\/wp-json\/wp\/v2\/media\/3001"}],"wp:attachment":[{"href":"https:\/\/nekmar.eu\/hu\/wp-json\/wp\/v2\/media?parent=3013"}],"wp:term":[{"taxonomy":"product_brand","embeddable":true,"href":"https:\/\/nekmar.eu\/hu\/wp-json\/wp\/v2\/product_brand?post=3013"},{"taxonomy":"product_cat","embeddable":true,"href":"https:\/\/nekmar.eu\/hu\/wp-json\/wp\/v2\/product_cat?post=3013"},{"taxonomy":"product_tag","embeddable":true,"href":"https:\/\/nekmar.eu\/hu\/wp-json\/wp\/v2\/product_tag?post=3013"}],"curies":[{"name":"wp","href":"https:\/\/api.w.org\/{rel}","templated":true}]}}