{"id":3924,"date":"2023-01-31T06:38:10","date_gmt":"2023-01-31T06:38:10","guid":{"rendered":"https:\/\/nekmar.eu\/hu\/?post_type=product&#038;p=3924"},"modified":"2026-02-16T14:04:03","modified_gmt":"2026-02-16T13:04:03","slug":"aston-adult-cat","status":"publish","type":"product","link":"https:\/\/nekmar.eu\/hu\/termek\/aston-adult-cat\/","title":{"rendered":"Aston Adult Cat"},"content":{"rendered":"<div class=\"wpb-content-wrapper\"><p>[vc_row css_animation=&#8221;&#8221; row_type=&#8221;row&#8221; use_row_as_full_screen_section=&#8221;no&#8221; type=&#8221;full_width&#8221; angled_section=&#8221;no&#8221; text_align=&#8221;left&#8221; background_image_as_pattern=&#8221;without_pattern&#8221;][vc_column][vc_column_text]<strong>\u00d6sszet\u00e9tel:<\/strong> dehidrat\u00e1lt h\u00fas 40% (ebb\u0151l csirke 18%, sert\u00e9s 12%, marha 10%), kukorica, csirkezs\u00edr, bors\u00f3, lenmag, sz\u00e1r\u00edtott r\u00e9pap\u00e9p, \u00e9leszt\u0151k, \u00e1sv\u00e1nyi anyagok, vitaminok.<\/p>\n<p>&nbsp;<\/p>\n<p><strong>Analitikai \u00f6sszetev\u0151k:<\/strong> nyers feh\u00e9rje 29%, nyers olajok \u00e9s zs\u00edrok 19%, nyers rost 2,7%, hamu 8%, nedvess\u00e9g 8%.<\/p>\n<p>&nbsp;<\/p>\n<p><strong>Adal\u00e9kanyagok kg-onk\u00e9nt:<\/strong> 3a672a A-vitamin 13500 U1, 3a671 D3-vitamin 950 UI, 3a700 E-vitamin (t.r. alfa toc Acet.) 115 mg, E4 r\u00e9z (r\u00e9z-szulf\u00e1t-pentahidr\u00e1t) 12 mg, E1 vas (ferrous-karbon\u00e1t) 24 mg, E5 mang\u00e1n (mang\u00e1n-oxid) 48 mg, 3b605 cink (cink-szulf\u00e1t-monohidr\u00e1t) 54 mg, 3b201 j\u00f3d (k\u00e1lium-jodid) 0,9 mg, E8 szel\u00e9n (n\u00e1trium-szelenit) 0,12 mg, 3a370 taurin 100 mg.<\/p>\n<p>&nbsp;<\/p>\n<p><strong>Technol\u00f3giai adal\u00e9kok:<\/strong> antioxid\u00e1nsok.<\/p>\n<p>&nbsp;<\/p>\n<p><strong>Metaboliz\u00e1lhat\u00f3 energia:<\/strong> 3970 kCal\/kg[\/vc_column_text][vc_empty_space][vc_column_text]<\/p>\n<div class=\"wpb_text_column wpb_content_element \">\n<div class=\"wpb_wrapper\">\n<div class=\"wpb_text_column wpb_content_element \">\n<div class=\"wpb_wrapper\">\n<p>Aj\u00e1nlott napi mennyis\u00e9g (g\/nap)<\/p>\n<\/div>\n<\/div>\n<\/div>\n<\/div>\n<p>[\/vc_column_text][vc_empty_space height=&#8221;10px&#8221;][vc_column_text]<\/p>\n<table class=\"gridtable\">\n<tbody>\n<tr>\n<th class=\"table-first-row\" style=\"text-align: left;\">Feln\u0151ttkori s\u00faly<\/th>\n<th class=\"table-first-row\" style=\"text-align: center;\">2kg<\/th>\n<th class=\"table-first-row\" style=\"text-align: center;\">3kg<\/th>\n<th class=\"table-first-row\" style=\"text-align: center;\">4kg<\/th>\n<th class=\"table-first-row\" style=\"text-align: center;\">5kg<\/th>\n<th class=\"table-first-row\" style=\"text-align: center;\">6kg<\/th>\n<th class=\"table-first-row\" style=\"text-align: center;\">7kg<\/th>\n<th class=\"table-first-row\" style=\"text-align: center;\">8kg<\/th>\n<th class=\"table-first-row\" style=\"text-align: center;\">10kg<\/th>\n<th class=\"table-first-row\" style=\"text-align: center;\">12kg<\/th>\n<\/tr>\n<tr>\n<td class=\"table-first-row\" style=\"text-align: left;\">Napi adag<\/td>\n<td style=\"text-align: center;\">25g<\/td>\n<td style=\"text-align: center;\">40g<\/td>\n<td style=\"text-align: center;\">50g<\/td>\n<td style=\"text-align: center;\">65g<\/td>\n<td style=\"text-align: center;\">75g<\/td>\n<td style=\"text-align: center;\">90g<\/td>\n<td style=\"text-align: center;\">100g<\/td>\n<td style=\"text-align: center;\">125g<\/td>\n<td style=\"text-align: center;\">150g<\/td>\n<\/tr>\n<\/tbody>\n<\/table>\n<p>[\/vc_column_text][vc_empty_space height=&#8221;22px&#8221;][vc_column_text]<strong>Haszn\u00e1lati utas\u00edt\u00e1s:<\/strong> az eles\u00e9get sz\u00e1razon vagy megnedves\u00edtve k\u00edn\u00e1lhatja macsk\u00e1j\u00e1nak. A macsk\u00e1j\u00e1nak mindig friss iv\u00f3v\u00edznek kell rendelkez\u00e9sre \u00e1llnia. T\u00e1rolja h\u0171v\u00f6s \u00e9s sz\u00e1raz helyen, t\u00e1vol minden h\u0151forr\u00e1st\u00f3l.[\/vc_column_text][\/vc_column][\/vc_row]<\/p>\n<\/div>","protected":false},"excerpt":{"rendered":"<p>Szuperpr\u00e9mium macskat\u00e1p feln\u0151tteknek<\/p>\n","protected":false},"featured_media":3944,"template":"","meta":[],"product_brand":[],"product_cat":[127,125],"product_tag":[],"class_list":{"0":"post-3924","1":"product","2":"type-product","3":"status-publish","4":"has-post-thumbnail","6":"product_cat-aston-macskatap","7":"product_cat-macskatap","9":"first","10":"instock","11":"taxable","12":"shipping-taxable","13":"purchasable","14":"product-type-variable"},"yoast_head":"<!-- This site is optimized with the Yoast SEO plugin v27.1.1 - https:\/\/yoast.com\/product\/yoast-seo-wordpress\/ -->\n<title>Aston Adult Cat | Nekmar<\/title>\n<meta name=\"description\" content=\"Szuperpr\u00e9mium macskat\u00e1p feln\u0151tteknek\" \/>\n<meta name=\"robots\" content=\"index, follow, max-snippet:-1, max-image-preview:large, max-video-preview:-1\" \/>\n<link rel=\"canonical\" href=\"https:\/\/nekmar.eu\/hu\/termek\/aston-adult-cat\/\" \/>\n<meta property=\"og:locale\" content=\"hu_HU\" \/>\n<meta property=\"og:type\" content=\"article\" \/>\n<meta property=\"og:title\" content=\"Aston Adult Cat\" \/>\n<meta property=\"og:description\" content=\"Szuperpr\u00e9mium macskat\u00e1p feln\u0151tteknek\" \/>\n<meta property=\"og:url\" content=\"https:\/\/nekmar.eu\/hu\/termek\/aston-adult-cat\/\" \/>\n<meta property=\"og:site_name\" content=\"Nekmar\" \/>\n<meta property=\"article:publisher\" content=\"https:\/\/www.facebook.com\/nekmarpetnutritionHU\/\" \/>\n<meta property=\"article:modified_time\" content=\"2026-02-16T13:04:03+00:00\" \/>\n<meta property=\"og:image\" content=\"https:\/\/nekmar.eu\/hu\/wp-content\/uploads\/2023\/01\/aston_cat_adult_supreme.jpg\" \/>\n\t<meta property=\"og:image:width\" content=\"1000\" \/>\n\t<meta property=\"og:image:height\" content=\"1000\" \/>\n\t<meta property=\"og:image:type\" content=\"image\/jpeg\" \/>\n<meta name=\"twitter:card\" content=\"summary_large_image\" \/>\n<meta name=\"twitter:label1\" content=\"Becs\u00fclt olvas\u00e1si id\u0151\" \/>\n\t<meta name=\"twitter:data1\" content=\"2 perc\" \/>\n<script type=\"application\/ld+json\" class=\"yoast-schema-graph\">{\"@context\":\"https:\/\/schema.org\",\"@graph\":[{\"@type\":\"WebPage\",\"@id\":\"https:\/\/nekmar.eu\/hu\/termek\/aston-adult-cat\/\",\"url\":\"https:\/\/nekmar.eu\/hu\/termek\/aston-adult-cat\/\",\"name\":\"Aston Adult Cat | Nekmar\",\"isPartOf\":{\"@id\":\"https:\/\/nekmar.eu\/hu\/#website\"},\"primaryImageOfPage\":{\"@id\":\"https:\/\/nekmar.eu\/hu\/termek\/aston-adult-cat\/#primaryimage\"},\"image\":{\"@id\":\"https:\/\/nekmar.eu\/hu\/termek\/aston-adult-cat\/#primaryimage\"},\"thumbnailUrl\":\"https:\/\/nekmar.eu\/hu\/wp-content\/uploads\/2023\/01\/aston_cat_adult_supreme.jpg\",\"datePublished\":\"2023-01-31T06:38:10+00:00\",\"dateModified\":\"2026-02-16T13:04:03+00:00\",\"description\":\"Szuperpr\u00e9mium macskat\u00e1p feln\u0151tteknek\",\"breadcrumb\":{\"@id\":\"https:\/\/nekmar.eu\/hu\/termek\/aston-adult-cat\/#breadcrumb\"},\"inLanguage\":\"hu\",\"potentialAction\":[{\"@type\":\"ReadAction\",\"target\":[\"https:\/\/nekmar.eu\/hu\/termek\/aston-adult-cat\/\"]}]},{\"@type\":\"ImageObject\",\"inLanguage\":\"hu\",\"@id\":\"https:\/\/nekmar.eu\/hu\/termek\/aston-adult-cat\/#primaryimage\",\"url\":\"https:\/\/nekmar.eu\/hu\/wp-content\/uploads\/2023\/01\/aston_cat_adult_supreme.jpg\",\"contentUrl\":\"https:\/\/nekmar.eu\/hu\/wp-content\/uploads\/2023\/01\/aston_cat_adult_supreme.jpg\",\"width\":1000,\"height\":1000},{\"@type\":\"BreadcrumbList\",\"@id\":\"https:\/\/nekmar.eu\/hu\/termek\/aston-adult-cat\/#breadcrumb\",\"itemListElement\":[{\"@type\":\"ListItem\",\"position\":1,\"name\":\"Home\",\"item\":\"https:\/\/nekmar.eu\/hu\/\"},{\"@type\":\"ListItem\",\"position\":2,\"name\":\"WEB\u00c1RUH\u00c1Z\",\"item\":\"https:\/\/nekmar.eu\/hu\/webaruhaz\/\"},{\"@type\":\"ListItem\",\"position\":3,\"name\":\"Aston Adult Cat\"}]},{\"@type\":\"WebSite\",\"@id\":\"https:\/\/nekmar.eu\/hu\/#website\",\"url\":\"https:\/\/nekmar.eu\/hu\/\",\"name\":\"Nekmar\",\"description\":\"Pet Nutrition\",\"publisher\":{\"@id\":\"https:\/\/nekmar.eu\/hu\/#organization\"},\"potentialAction\":[{\"@type\":\"SearchAction\",\"target\":{\"@type\":\"EntryPoint\",\"urlTemplate\":\"https:\/\/nekmar.eu\/hu\/?s={search_term_string}\"},\"query-input\":{\"@type\":\"PropertyValueSpecification\",\"valueRequired\":true,\"valueName\":\"search_term_string\"}}],\"inLanguage\":\"hu\"},{\"@type\":\"Organization\",\"@id\":\"https:\/\/nekmar.eu\/hu\/#organization\",\"name\":\"Nekmar Pet Nutrition Magyarorsz\u00e1g\",\"url\":\"https:\/\/nekmar.eu\/hu\/\",\"logo\":{\"@type\":\"ImageObject\",\"inLanguage\":\"hu\",\"@id\":\"https:\/\/nekmar.eu\/hu\/#\/schema\/logo\/image\/\",\"url\":\"https:\/\/nekmar.eu\/hu\/wp-content\/uploads\/2019\/08\/Nekmar-contact.jpg\",\"contentUrl\":\"https:\/\/nekmar.eu\/hu\/wp-content\/uploads\/2019\/08\/Nekmar-contact.jpg\",\"width\":600,\"height\":142,\"caption\":\"Nekmar Pet Nutrition Magyarorsz\u00e1g\"},\"image\":{\"@id\":\"https:\/\/nekmar.eu\/hu\/#\/schema\/logo\/image\/\"},\"sameAs\":[\"https:\/\/www.facebook.com\/nekmarpetnutritionHU\/\",\"https:\/\/instagram.com\/nekmar_magyarorszag\/\"]}]}<\/script>\n<!-- \/ Yoast SEO plugin. -->","yoast_head_json":{"title":"Aston Adult Cat | Nekmar","description":"Szuperpr\u00e9mium macskat\u00e1p feln\u0151tteknek","robots":{"index":"index","follow":"follow","max-snippet":"max-snippet:-1","max-image-preview":"max-image-preview:large","max-video-preview":"max-video-preview:-1"},"canonical":"https:\/\/nekmar.eu\/hu\/termek\/aston-adult-cat\/","og_locale":"hu_HU","og_type":"article","og_title":"Aston Adult Cat","og_description":"Szuperpr\u00e9mium macskat\u00e1p feln\u0151tteknek","og_url":"https:\/\/nekmar.eu\/hu\/termek\/aston-adult-cat\/","og_site_name":"Nekmar","article_publisher":"https:\/\/www.facebook.com\/nekmarpetnutritionHU\/","article_modified_time":"2026-02-16T13:04:03+00:00","og_image":[{"width":1000,"height":1000,"url":"https:\/\/nekmar.eu\/hu\/wp-content\/uploads\/2023\/01\/aston_cat_adult_supreme.jpg","type":"image\/jpeg"}],"twitter_card":"summary_large_image","twitter_misc":{"Becs\u00fclt olvas\u00e1si id\u0151":"2 perc"},"schema":{"@context":"https:\/\/schema.org","@graph":[{"@type":"WebPage","@id":"https:\/\/nekmar.eu\/hu\/termek\/aston-adult-cat\/","url":"https:\/\/nekmar.eu\/hu\/termek\/aston-adult-cat\/","name":"Aston Adult Cat | Nekmar","isPartOf":{"@id":"https:\/\/nekmar.eu\/hu\/#website"},"primaryImageOfPage":{"@id":"https:\/\/nekmar.eu\/hu\/termek\/aston-adult-cat\/#primaryimage"},"image":{"@id":"https:\/\/nekmar.eu\/hu\/termek\/aston-adult-cat\/#primaryimage"},"thumbnailUrl":"https:\/\/nekmar.eu\/hu\/wp-content\/uploads\/2023\/01\/aston_cat_adult_supreme.jpg","datePublished":"2023-01-31T06:38:10+00:00","dateModified":"2026-02-16T13:04:03+00:00","description":"Szuperpr\u00e9mium macskat\u00e1p feln\u0151tteknek","breadcrumb":{"@id":"https:\/\/nekmar.eu\/hu\/termek\/aston-adult-cat\/#breadcrumb"},"inLanguage":"hu","potentialAction":[{"@type":"ReadAction","target":["https:\/\/nekmar.eu\/hu\/termek\/aston-adult-cat\/"]}]},{"@type":"ImageObject","inLanguage":"hu","@id":"https:\/\/nekmar.eu\/hu\/termek\/aston-adult-cat\/#primaryimage","url":"https:\/\/nekmar.eu\/hu\/wp-content\/uploads\/2023\/01\/aston_cat_adult_supreme.jpg","contentUrl":"https:\/\/nekmar.eu\/hu\/wp-content\/uploads\/2023\/01\/aston_cat_adult_supreme.jpg","width":1000,"height":1000},{"@type":"BreadcrumbList","@id":"https:\/\/nekmar.eu\/hu\/termek\/aston-adult-cat\/#breadcrumb","itemListElement":[{"@type":"ListItem","position":1,"name":"Home","item":"https:\/\/nekmar.eu\/hu\/"},{"@type":"ListItem","position":2,"name":"WEB\u00c1RUH\u00c1Z","item":"https:\/\/nekmar.eu\/hu\/webaruhaz\/"},{"@type":"ListItem","position":3,"name":"Aston Adult Cat"}]},{"@type":"WebSite","@id":"https:\/\/nekmar.eu\/hu\/#website","url":"https:\/\/nekmar.eu\/hu\/","name":"Nekmar","description":"Pet Nutrition","publisher":{"@id":"https:\/\/nekmar.eu\/hu\/#organization"},"potentialAction":[{"@type":"SearchAction","target":{"@type":"EntryPoint","urlTemplate":"https:\/\/nekmar.eu\/hu\/?s={search_term_string}"},"query-input":{"@type":"PropertyValueSpecification","valueRequired":true,"valueName":"search_term_string"}}],"inLanguage":"hu"},{"@type":"Organization","@id":"https:\/\/nekmar.eu\/hu\/#organization","name":"Nekmar Pet Nutrition Magyarorsz\u00e1g","url":"https:\/\/nekmar.eu\/hu\/","logo":{"@type":"ImageObject","inLanguage":"hu","@id":"https:\/\/nekmar.eu\/hu\/#\/schema\/logo\/image\/","url":"https:\/\/nekmar.eu\/hu\/wp-content\/uploads\/2019\/08\/Nekmar-contact.jpg","contentUrl":"https:\/\/nekmar.eu\/hu\/wp-content\/uploads\/2019\/08\/Nekmar-contact.jpg","width":600,"height":142,"caption":"Nekmar Pet Nutrition Magyarorsz\u00e1g"},"image":{"@id":"https:\/\/nekmar.eu\/hu\/#\/schema\/logo\/image\/"},"sameAs":["https:\/\/www.facebook.com\/nekmarpetnutritionHU\/","https:\/\/instagram.com\/nekmar_magyarorszag\/"]}]}},"_links":{"self":[{"href":"https:\/\/nekmar.eu\/hu\/wp-json\/wp\/v2\/product\/3924","targetHints":{"allow":["GET"]}}],"collection":[{"href":"https:\/\/nekmar.eu\/hu\/wp-json\/wp\/v2\/product"}],"about":[{"href":"https:\/\/nekmar.eu\/hu\/wp-json\/wp\/v2\/types\/product"}],"wp:featuredmedia":[{"embeddable":true,"href":"https:\/\/nekmar.eu\/hu\/wp-json\/wp\/v2\/media\/3944"}],"wp:attachment":[{"href":"https:\/\/nekmar.eu\/hu\/wp-json\/wp\/v2\/media?parent=3924"}],"wp:term":[{"taxonomy":"product_brand","embeddable":true,"href":"https:\/\/nekmar.eu\/hu\/wp-json\/wp\/v2\/product_brand?post=3924"},{"taxonomy":"product_cat","embeddable":true,"href":"https:\/\/nekmar.eu\/hu\/wp-json\/wp\/v2\/product_cat?post=3924"},{"taxonomy":"product_tag","embeddable":true,"href":"https:\/\/nekmar.eu\/hu\/wp-json\/wp\/v2\/product_tag?post=3924"}],"curies":[{"name":"wp","href":"https:\/\/api.w.org\/{rel}","templated":true}]}}