{"id":4178,"date":"2023-03-25T08:24:35","date_gmt":"2023-03-25T07:24:35","guid":{"rendered":"https:\/\/nekmar.eu\/hu\/?post_type=product&#038;p=4178"},"modified":"2026-04-28T12:16:53","modified_gmt":"2026-04-28T11:16:53","slug":"nekmar-low-grain-mini-adult-fresh-lamb","status":"publish","type":"product","link":"https:\/\/nekmar.eu\/hu\/termek\/nekmar-low-grain-mini-adult-fresh-lamb\/","title":{"rendered":"Nekmar Low Grain Mini Adult Fresh Lamb"},"content":{"rendered":"<div class=\"wpb-content-wrapper\"><p>[vc_row css_animation=&#8221;&#8221; row_type=&#8221;row&#8221; use_row_as_full_screen_section=&#8221;no&#8221; type=&#8221;full_width&#8221; angled_section=&#8221;no&#8221; text_align=&#8221;left&#8221; background_image_as_pattern=&#8221;without_pattern&#8221;][vc_column][vc_column_text]<strong>\u00d6SSZET\u00c9TEL:<\/strong> b\u00e1r\u00e1nyh\u00fas 37% (ebb\u0151l friss b\u00e1r\u00e1nyh\u00fas 14%), barna rizs 22%, bors\u00f3kem\u00e9ny\u00edt\u0151, bors\u00f3, \u00e1llati zs\u00edr, l\u00f3bab, lenmag, sz\u00e1r\u00edtott r\u00e9pap\u00e9p, \u00e9leszt\u0151, tengeri moszat 0,3%, sz\u00e1r\u00edtott cik\u00f3riap\u00e9p, mannanoligoszacharidok (MOS 0,2%), yucca schidigera, dehidrat\u00e1lt gyermekl\u00e1ncf\u0171 (Taraxacum officina W.) dehidrat\u00e1lt gr\u00e1n\u00e1talma h\u00e9ja (Punica granatum L.), yucca schidigera.<\/p>\n<p>&nbsp;<\/p>\n<p><strong>ANAL\u00cdTIKAI \u00d6SSZET\u00c9TEL:<\/strong> 27% nyersfeh\u00e9rje, 15% nyersolajok \u00e9s zs\u00edrok, 2,8% nyers rostok, hamu 7,8%, nedvess\u00e9gtartalom 8%.<\/p>\n<p>&nbsp;<\/p>\n<p><strong>ADAL\u00c9KANYAGOK KG-ONK\u00c9NT:<\/strong> Adal\u00e9kanyagok KG-nk\u00e9nt: t\u00e1pl\u00e1l\u00e9k-adal\u00e9kanyagok: 3a672a A-vitamin 18500 UI, E671 D3-vitamin 1200 UI, 3a700 E-vitamin (t.r.alfa-toc. sav) 150 mg, E4 r\u00e9z (r\u00e9z-szulf\u00e1t-pentahidr\u00e1t) 14,5 mg, E1 vas (vas-karbon\u00e1t) 29 mg, E5-mang\u00e1n (mang\u00e1n-oxid) 58 mg, 3b605 cink (cink-szulf\u00e1t-monohidr\u00e1t) 65 mg, 3b201 j\u00f3d (k\u00e1lium-jodid) 3,14 mg, E8 szel\u00e9n (n\u00e1trium-szelenit) 0,152 mg. \u00c9rz\u00e9kszervi adal\u00e9kok: Botanikusan meghat\u00e1rozott term\u00e9szetes term\u00e9k.<\/p>\n<p>&nbsp;<\/p>\n<p><strong>METABOLIZ\u00c1LHAT\u00d3 ENERGIA:<\/strong> 3810 Kcal\/kg.[\/vc_column_text][\/vc_column][\/vc_row][vc_row css_animation=&#8221;&#8221; row_type=&#8221;row&#8221; use_row_as_full_screen_section=&#8221;no&#8221; type=&#8221;full_width&#8221; angled_section=&#8221;no&#8221; text_align=&#8221;left&#8221; background_image_as_pattern=&#8221;without_pattern&#8221;][vc_column][vc_empty_space][vc_column_text]Aj\u00e1nlott napi mennyis\u00e9g (g\/nap)[\/vc_column_text][vc_empty_space height=&#8221;12px&#8221;][vc_column_text]<\/p>\n<table class=\"gridtable\">\n<tbody>\n<tr>\n<th class=\"table-first-row\">S\u00faly<\/th>\n<th class=\"table-first-row\">1kg<\/th>\n<th class=\"table-first-row\">2kg<\/th>\n<th class=\"table-first-row\">3kg<\/th>\n<th class=\"table-first-row\">4kg<\/th>\n<th class=\"table-first-row\">5kg<\/th>\n<th class=\"table-first-row\">6kg<\/th>\n<th class=\"table-first-row\">7kg<\/th>\n<th class=\"table-first-row\">8kg<\/th>\n<th class=\"table-first-row\">10<\/th>\n<th class=\"table-first-row\">12kg<\/th>\n<th class=\"table-first-row\">15kg<\/th>\n<th class=\"table-first-row\">20kg<\/th>\n<th class=\"table-first-row\">25kg<\/th>\n<\/tr>\n<tr>\n<td class=\"table-first-row\">Norm\u00e1l aktivit\u00e1s<\/td>\n<td>25g<\/td>\n<td>45g<\/td>\n<td>60g<\/td>\n<td>75g<\/td>\n<td>90g<\/td>\n<td>100g<\/td>\n<td>115g<\/td>\n<td>125g<\/td>\n<td>140g<\/td>\n<td>160g<\/td>\n<td>200g<\/td>\n<td>240g<\/td>\n<td>285g<\/td>\n<\/tr>\n<tr>\n<td class=\"table-first-row\">K\u00f6zepes aktivit\u00e1s<\/td>\n<td>30g<\/td>\n<td>55g<\/td>\n<td>72g<\/td>\n<td>90g<\/td>\n<td>105g<\/td>\n<td>120g<\/td>\n<td>135g<\/td>\n<td>150g<\/td>\n<td>168g<\/td>\n<td>190g<\/td>\n<td>240g<\/td>\n<td>285g<\/td>\n<td>340g<\/td>\n<\/tr>\n<tr>\n<td class=\"table-first-row\">Magas aktivit\u00e1s<\/td>\n<td>35g<\/td>\n<td>65g<\/td>\n<td>85g<\/td>\n<td>105g<\/td>\n<td>130g<\/td>\n<td>140g<\/td>\n<td>160g<\/td>\n<td>180g<\/td>\n<td>200g<\/td>\n<td>230g<\/td>\n<td>285g<\/td>\n<td>340g<\/td>\n<td>410g<\/td>\n<\/tr>\n<\/tbody>\n<\/table>\n<p>[\/vc_column_text][vc_empty_space height=&#8221;22px&#8221;][vc_column_text]<strong>HASZN\u00c1LATI UTAS\u00cdT\u00c1SOK:<\/strong> a term\u00e9ket adhatja sz\u00e1razon vagy nedves\u00edtve(javasoljuk, hogy adjon az \u00e9telhez kis mennyis\u00e9g\u0171 langyos vizet, miel\u0151tt a kuty\u00e1nakadn\u00e1, ez a kutya em\u00e9szt\u00e9s\u00e9t is k\u00f6nny\u00edti \u00e9s \u00fagy gondoljuk, hogy ez jav\u00edtja a term\u00e9k\u00edzletess\u00e9g\u00e9t is). Az adagok az egyes kuty\u00e1k ig\u00e9nyei szerint v\u00e1ltozhatnak. Kuty\u00e1ja sz\u00e1m\u00e1ra mindig biztos\u00edtson friss iv\u00f3vizet. T\u00e1rolja h\u0171v\u00f6s \u00e9s sz\u00e1raz helyen, minden h\u0151forr\u00e1st\u00f3l t\u00e1vol.[\/vc_column_text][vc_empty_space height=&#8221;22px&#8221;][\/vc_column][\/vc_row]<\/p>\n<\/div>","protected":false},"excerpt":{"rendered":"<p>Ultrapr\u00e9mium monoproteines kutyat\u00e1p feln\u0151tt kistest\u0171\u00a0kuty\u00e1knak<\/p>\n","protected":false},"featured_media":6458,"template":"","meta":[],"product_brand":[],"product_cat":[99,106,101],"product_tag":[111,109],"class_list":{"0":"post-4178","1":"product","2":"type-product","3":"status-publish","4":"has-post-thumbnail","6":"product_cat-kutyatap","7":"product_cat-lowgrainmonoprotein","8":"product_cat-nekmar","9":"product_tag-lowgrain-monoprotein","10":"product_tag-nekmar","11":"product_shipping_class-nek","13":"first","14":"instock","15":"taxable","16":"shipping-taxable","17":"purchasable","18":"product-type-variable"},"yoast_head":"<!-- This site is optimized with the Yoast SEO plugin v27.5 - https:\/\/yoast.com\/product\/yoast-seo-wordpress\/ -->\n<title>Nekmar | Low Grain Mini Adult Fresh Lamb<\/title>\n<meta name=\"description\" content=\"Ultrapr\u00e9mium monoproteines kutyat\u00e1p feln\u0151tt kistest\u0171\u00a0kuty\u00e1knak. F\u0151 \u00f6sszetev\u0151k: b\u00e1r\u00e1nyh\u00fas 37%, barna rizs 22%.\" \/>\n<meta name=\"robots\" content=\"index, follow, max-snippet:-1, max-image-preview:large, max-video-preview:-1\" \/>\n<link rel=\"canonical\" href=\"https:\/\/nekmar.eu\/hu\/termek\/nekmar-low-grain-mini-adult-fresh-lamb\/\" \/>\n<meta property=\"og:locale\" content=\"hu_HU\" \/>\n<meta property=\"og:type\" content=\"article\" \/>\n<meta property=\"og:title\" content=\"Nekmar Low Grain Mini Adult Fresh Lamb\" \/>\n<meta property=\"og:description\" content=\"Ultrapr\u00e9mium holisztikus kutyat\u00e1p feln\u0151tt kuty\u00e1knak.\" \/>\n<meta property=\"og:url\" content=\"https:\/\/nekmar.eu\/hu\/termek\/nekmar-low-grain-mini-adult-fresh-lamb\/\" \/>\n<meta property=\"og:site_name\" content=\"Nekmar\" \/>\n<meta property=\"article:publisher\" content=\"https:\/\/www.facebook.com\/nekmarpetnutritionHU\/\" \/>\n<meta property=\"article:modified_time\" content=\"2026-04-28T11:16:53+00:00\" \/>\n<meta property=\"og:image\" content=\"https:\/\/nekmar.eu\/hu\/wp-content\/uploads\/2019\/08\/nekmar-holistic.jpg\" \/>\n\t<meta property=\"og:image:width\" content=\"1200\" \/>\n\t<meta property=\"og:image:height\" content=\"630\" \/>\n\t<meta property=\"og:image:type\" content=\"image\/jpeg\" \/>\n<meta name=\"twitter:card\" content=\"summary_large_image\" \/>\n<meta name=\"twitter:label1\" content=\"Becs\u00fclt olvas\u00e1si id\u0151\" \/>\n\t<meta name=\"twitter:data1\" content=\"2 perc\" \/>\n<script type=\"application\/ld+json\" class=\"yoast-schema-graph\">{\"@context\":\"https:\\\/\\\/schema.org\",\"@graph\":[{\"@type\":\"WebPage\",\"@id\":\"https:\\\/\\\/nekmar.eu\\\/hu\\\/termek\\\/nekmar-low-grain-mini-adult-fresh-lamb\\\/\",\"url\":\"https:\\\/\\\/nekmar.eu\\\/hu\\\/termek\\\/nekmar-low-grain-mini-adult-fresh-lamb\\\/\",\"name\":\"Nekmar | Low Grain Mini Adult Fresh Lamb\",\"isPartOf\":{\"@id\":\"https:\\\/\\\/nekmar.eu\\\/hu\\\/#website\"},\"primaryImageOfPage\":{\"@id\":\"https:\\\/\\\/nekmar.eu\\\/hu\\\/termek\\\/nekmar-low-grain-mini-adult-fresh-lamb\\\/#primaryimage\"},\"image\":{\"@id\":\"https:\\\/\\\/nekmar.eu\\\/hu\\\/termek\\\/nekmar-low-grain-mini-adult-fresh-lamb\\\/#primaryimage\"},\"thumbnailUrl\":\"https:\\\/\\\/nekmar.eu\\\/hu\\\/wp-content\\\/uploads\\\/2023\\\/03\\\/nekmar_low_grain_monoprotein_mini_adult_fresh_lamb.jpg\",\"datePublished\":\"2023-03-25T07:24:35+00:00\",\"dateModified\":\"2026-04-28T11:16:53+00:00\",\"description\":\"Ultrapr\u00e9mium monoproteines kutyat\u00e1p feln\u0151tt kistest\u0171\u00a0kuty\u00e1knak. F\u0151 \u00f6sszetev\u0151k: b\u00e1r\u00e1nyh\u00fas 37%, barna rizs 22%.\",\"breadcrumb\":{\"@id\":\"https:\\\/\\\/nekmar.eu\\\/hu\\\/termek\\\/nekmar-low-grain-mini-adult-fresh-lamb\\\/#breadcrumb\"},\"inLanguage\":\"hu\",\"potentialAction\":[{\"@type\":\"ReadAction\",\"target\":[\"https:\\\/\\\/nekmar.eu\\\/hu\\\/termek\\\/nekmar-low-grain-mini-adult-fresh-lamb\\\/\"]}]},{\"@type\":\"ImageObject\",\"inLanguage\":\"hu\",\"@id\":\"https:\\\/\\\/nekmar.eu\\\/hu\\\/termek\\\/nekmar-low-grain-mini-adult-fresh-lamb\\\/#primaryimage\",\"url\":\"https:\\\/\\\/nekmar.eu\\\/hu\\\/wp-content\\\/uploads\\\/2023\\\/03\\\/nekmar_low_grain_monoprotein_mini_adult_fresh_lamb.jpg\",\"contentUrl\":\"https:\\\/\\\/nekmar.eu\\\/hu\\\/wp-content\\\/uploads\\\/2023\\\/03\\\/nekmar_low_grain_monoprotein_mini_adult_fresh_lamb.jpg\",\"width\":1000,\"height\":1000},{\"@type\":\"BreadcrumbList\",\"@id\":\"https:\\\/\\\/nekmar.eu\\\/hu\\\/termek\\\/nekmar-low-grain-mini-adult-fresh-lamb\\\/#breadcrumb\",\"itemListElement\":[{\"@type\":\"ListItem\",\"position\":1,\"name\":\"Home\",\"item\":\"https:\\\/\\\/nekmar.eu\\\/hu\\\/\"},{\"@type\":\"ListItem\",\"position\":2,\"name\":\"WEB\u00c1RUH\u00c1Z\",\"item\":\"https:\\\/\\\/nekmar.eu\\\/hu\\\/webaruhaz\\\/\"},{\"@type\":\"ListItem\",\"position\":3,\"name\":\"Nekmar Low Grain Mini Adult Fresh Lamb\"}]},{\"@type\":\"WebSite\",\"@id\":\"https:\\\/\\\/nekmar.eu\\\/hu\\\/#website\",\"url\":\"https:\\\/\\\/nekmar.eu\\\/hu\\\/\",\"name\":\"Nekmar\",\"description\":\"Pet Nutrition\",\"publisher\":{\"@id\":\"https:\\\/\\\/nekmar.eu\\\/hu\\\/#organization\"},\"potentialAction\":[{\"@type\":\"SearchAction\",\"target\":{\"@type\":\"EntryPoint\",\"urlTemplate\":\"https:\\\/\\\/nekmar.eu\\\/hu\\\/?s={search_term_string}\"},\"query-input\":{\"@type\":\"PropertyValueSpecification\",\"valueRequired\":true,\"valueName\":\"search_term_string\"}}],\"inLanguage\":\"hu\"},{\"@type\":\"Organization\",\"@id\":\"https:\\\/\\\/nekmar.eu\\\/hu\\\/#organization\",\"name\":\"Nekmar Pet Nutrition Magyarorsz\u00e1g\",\"url\":\"https:\\\/\\\/nekmar.eu\\\/hu\\\/\",\"logo\":{\"@type\":\"ImageObject\",\"inLanguage\":\"hu\",\"@id\":\"https:\\\/\\\/nekmar.eu\\\/hu\\\/#\\\/schema\\\/logo\\\/image\\\/\",\"url\":\"https:\\\/\\\/nekmar.eu\\\/hu\\\/wp-content\\\/uploads\\\/2019\\\/08\\\/Nekmar-contact.jpg\",\"contentUrl\":\"https:\\\/\\\/nekmar.eu\\\/hu\\\/wp-content\\\/uploads\\\/2019\\\/08\\\/Nekmar-contact.jpg\",\"width\":600,\"height\":142,\"caption\":\"Nekmar Pet Nutrition Magyarorsz\u00e1g\"},\"image\":{\"@id\":\"https:\\\/\\\/nekmar.eu\\\/hu\\\/#\\\/schema\\\/logo\\\/image\\\/\"},\"sameAs\":[\"https:\\\/\\\/www.facebook.com\\\/nekmarpetnutritionHU\\\/\",\"https:\\\/\\\/instagram.com\\\/nekmar_magyarorszag\\\/\"]}]}<\/script>\n<!-- \/ Yoast SEO plugin. -->","yoast_head_json":{"title":"Nekmar | Low Grain Mini Adult Fresh Lamb","description":"Ultrapr\u00e9mium monoproteines kutyat\u00e1p feln\u0151tt kistest\u0171\u00a0kuty\u00e1knak. F\u0151 \u00f6sszetev\u0151k: b\u00e1r\u00e1nyh\u00fas 37%, barna rizs 22%.","robots":{"index":"index","follow":"follow","max-snippet":"max-snippet:-1","max-image-preview":"max-image-preview:large","max-video-preview":"max-video-preview:-1"},"canonical":"https:\/\/nekmar.eu\/hu\/termek\/nekmar-low-grain-mini-adult-fresh-lamb\/","og_locale":"hu_HU","og_type":"article","og_title":"Nekmar Low Grain Mini Adult Fresh Lamb","og_description":"Ultrapr\u00e9mium holisztikus kutyat\u00e1p feln\u0151tt kuty\u00e1knak.","og_url":"https:\/\/nekmar.eu\/hu\/termek\/nekmar-low-grain-mini-adult-fresh-lamb\/","og_site_name":"Nekmar","article_publisher":"https:\/\/www.facebook.com\/nekmarpetnutritionHU\/","article_modified_time":"2026-04-28T11:16:53+00:00","og_image":[{"width":1200,"height":630,"url":"https:\/\/nekmar.eu\/hu\/wp-content\/uploads\/2019\/08\/nekmar-holistic.jpg","type":"image\/jpeg"}],"twitter_card":"summary_large_image","twitter_misc":{"Becs\u00fclt olvas\u00e1si id\u0151":"2 perc"},"schema":{"@context":"https:\/\/schema.org","@graph":[{"@type":"WebPage","@id":"https:\/\/nekmar.eu\/hu\/termek\/nekmar-low-grain-mini-adult-fresh-lamb\/","url":"https:\/\/nekmar.eu\/hu\/termek\/nekmar-low-grain-mini-adult-fresh-lamb\/","name":"Nekmar | Low Grain Mini Adult Fresh Lamb","isPartOf":{"@id":"https:\/\/nekmar.eu\/hu\/#website"},"primaryImageOfPage":{"@id":"https:\/\/nekmar.eu\/hu\/termek\/nekmar-low-grain-mini-adult-fresh-lamb\/#primaryimage"},"image":{"@id":"https:\/\/nekmar.eu\/hu\/termek\/nekmar-low-grain-mini-adult-fresh-lamb\/#primaryimage"},"thumbnailUrl":"https:\/\/nekmar.eu\/hu\/wp-content\/uploads\/2023\/03\/nekmar_low_grain_monoprotein_mini_adult_fresh_lamb.jpg","datePublished":"2023-03-25T07:24:35+00:00","dateModified":"2026-04-28T11:16:53+00:00","description":"Ultrapr\u00e9mium monoproteines kutyat\u00e1p feln\u0151tt kistest\u0171\u00a0kuty\u00e1knak. F\u0151 \u00f6sszetev\u0151k: b\u00e1r\u00e1nyh\u00fas 37%, barna rizs 22%.","breadcrumb":{"@id":"https:\/\/nekmar.eu\/hu\/termek\/nekmar-low-grain-mini-adult-fresh-lamb\/#breadcrumb"},"inLanguage":"hu","potentialAction":[{"@type":"ReadAction","target":["https:\/\/nekmar.eu\/hu\/termek\/nekmar-low-grain-mini-adult-fresh-lamb\/"]}]},{"@type":"ImageObject","inLanguage":"hu","@id":"https:\/\/nekmar.eu\/hu\/termek\/nekmar-low-grain-mini-adult-fresh-lamb\/#primaryimage","url":"https:\/\/nekmar.eu\/hu\/wp-content\/uploads\/2023\/03\/nekmar_low_grain_monoprotein_mini_adult_fresh_lamb.jpg","contentUrl":"https:\/\/nekmar.eu\/hu\/wp-content\/uploads\/2023\/03\/nekmar_low_grain_monoprotein_mini_adult_fresh_lamb.jpg","width":1000,"height":1000},{"@type":"BreadcrumbList","@id":"https:\/\/nekmar.eu\/hu\/termek\/nekmar-low-grain-mini-adult-fresh-lamb\/#breadcrumb","itemListElement":[{"@type":"ListItem","position":1,"name":"Home","item":"https:\/\/nekmar.eu\/hu\/"},{"@type":"ListItem","position":2,"name":"WEB\u00c1RUH\u00c1Z","item":"https:\/\/nekmar.eu\/hu\/webaruhaz\/"},{"@type":"ListItem","position":3,"name":"Nekmar Low Grain Mini Adult Fresh Lamb"}]},{"@type":"WebSite","@id":"https:\/\/nekmar.eu\/hu\/#website","url":"https:\/\/nekmar.eu\/hu\/","name":"Nekmar","description":"Pet Nutrition","publisher":{"@id":"https:\/\/nekmar.eu\/hu\/#organization"},"potentialAction":[{"@type":"SearchAction","target":{"@type":"EntryPoint","urlTemplate":"https:\/\/nekmar.eu\/hu\/?s={search_term_string}"},"query-input":{"@type":"PropertyValueSpecification","valueRequired":true,"valueName":"search_term_string"}}],"inLanguage":"hu"},{"@type":"Organization","@id":"https:\/\/nekmar.eu\/hu\/#organization","name":"Nekmar Pet Nutrition Magyarorsz\u00e1g","url":"https:\/\/nekmar.eu\/hu\/","logo":{"@type":"ImageObject","inLanguage":"hu","@id":"https:\/\/nekmar.eu\/hu\/#\/schema\/logo\/image\/","url":"https:\/\/nekmar.eu\/hu\/wp-content\/uploads\/2019\/08\/Nekmar-contact.jpg","contentUrl":"https:\/\/nekmar.eu\/hu\/wp-content\/uploads\/2019\/08\/Nekmar-contact.jpg","width":600,"height":142,"caption":"Nekmar Pet Nutrition Magyarorsz\u00e1g"},"image":{"@id":"https:\/\/nekmar.eu\/hu\/#\/schema\/logo\/image\/"},"sameAs":["https:\/\/www.facebook.com\/nekmarpetnutritionHU\/","https:\/\/instagram.com\/nekmar_magyarorszag\/"]}]}},"_links":{"self":[{"href":"https:\/\/nekmar.eu\/hu\/wp-json\/wp\/v2\/product\/4178","targetHints":{"allow":["GET"]}}],"collection":[{"href":"https:\/\/nekmar.eu\/hu\/wp-json\/wp\/v2\/product"}],"about":[{"href":"https:\/\/nekmar.eu\/hu\/wp-json\/wp\/v2\/types\/product"}],"wp:featuredmedia":[{"embeddable":true,"href":"https:\/\/nekmar.eu\/hu\/wp-json\/wp\/v2\/media\/6458"}],"wp:attachment":[{"href":"https:\/\/nekmar.eu\/hu\/wp-json\/wp\/v2\/media?parent=4178"}],"wp:term":[{"taxonomy":"product_brand","embeddable":true,"href":"https:\/\/nekmar.eu\/hu\/wp-json\/wp\/v2\/product_brand?post=4178"},{"taxonomy":"product_cat","embeddable":true,"href":"https:\/\/nekmar.eu\/hu\/wp-json\/wp\/v2\/product_cat?post=4178"},{"taxonomy":"product_tag","embeddable":true,"href":"https:\/\/nekmar.eu\/hu\/wp-json\/wp\/v2\/product_tag?post=4178"}],"curies":[{"name":"wp","href":"https:\/\/api.w.org\/{rel}","templated":true}]}}