{"id":657,"date":"2019-09-08T07:44:46","date_gmt":"2019-09-08T06:44:46","guid":{"rendered":"http:\/\/nekmar.eu\/hu\/?post_type=product&#038;p=657"},"modified":"2026-05-05T04:57:23","modified_gmt":"2026-05-05T03:57:23","slug":"aston-supreme-adult","status":"publish","type":"product","link":"https:\/\/nekmar.eu\/hu\/termek\/aston-supreme-adult\/","title":{"rendered":"Aston Supreme Adult Taste of Country"},"content":{"rendered":"<div class=\"wpb-content-wrapper\"><p>[vc_row css_animation=&#8221;&#8221; row_type=&#8221;row&#8221; use_row_as_full_screen_section=&#8221;no&#8221; type=&#8221;full_width&#8221; angled_section=&#8221;no&#8221; text_align=&#8221;left&#8221; background_image_as_pattern=&#8221;without_pattern&#8221;][vc_column][vc_column_text]<strong>\u00d6SSZET\u00c9TEL:<\/strong> dehidrat\u00e1lt h\u00fas 40% ( ebb\u0151l csirke 16%, marhah\u00fas 12%, sert\u00e9sh\u00fas 12%), val\u00f3di kukorica, csirkezs\u00edr, bors\u00f3, lenmag, sz\u00e1r\u00edtott r\u00e9pap\u00e9p, \u00e9leszt\u0151k, \u00e1sv\u00e1nyi anyagok, vitaminok.<\/p>\n<p>&nbsp;<\/p>\n<p><strong>ANAL\u00cdTIKAI \u00d6SSZET\u00c9TEL:<\/strong> 29% nyersfeh\u00e9rje, 20% nyersolajok \u00e9s zs\u00edrok, 2,6% nyers rostok, hamu 8%, nedvess\u00e9gtartalom 8%.<\/p>\n<p>&nbsp;<\/p>\n<p><strong>ADAL\u00c9KANYAGOK KG-ONK\u00c9NT:<\/strong> t\u00e1pl\u00e1l\u00e9k-adal\u00e9kanyagok: 3a672a A-vitamin 13500 UI, E671 D3-vitamin 950 UI, 3a700 E-vitamin (t.r.alfa-toc. sav) 115 mg, E4 r\u00e9z (r\u00e9z-szulf\u00e1t-pentahidr\u00e1t) 47 mg, E1 vas (vas-karbon\u00e1t) 50 mg, E5-mang\u00e1n (mang\u00e1n-oxid) 62 mg, 3b605 cink (cink-szulf\u00e1t-monohidr\u00e1t) 148 mg, 3b201 j\u00f3d (k\u00e1lium-jodid) 1,2 mg, E8 szel\u00e9n (n\u00e1trium-szelenit) 0,27 mg.<\/p>\n<p>&nbsp;<\/p>\n<p><strong>TECHNOL\u00d3GIAI ADAL\u00c9KANYAGOK:<\/strong> antioxid\u00e1nsok.<\/p>\n<p>&nbsp;<\/p>\n<p><strong>METABOLIZ\u00c1LHAT\u00d3 ENERGIA:<\/strong> 4050 Kcal\/kg.[\/vc_column_text][\/vc_column][\/vc_row][vc_row css_animation=&#8221;&#8221; row_type=&#8221;row&#8221; use_row_as_full_screen_section=&#8221;no&#8221; type=&#8221;full_width&#8221; angled_section=&#8221;no&#8221; text_align=&#8221;left&#8221; background_image_as_pattern=&#8221;without_pattern&#8221;][vc_column][vc_empty_space][vc_column_text]Aj\u00e1nlott napi mennyis\u00e9g (g\/nap)[\/vc_column_text][vc_empty_space height=&#8221;10px&#8221;][vc_column_text]<\/p>\n<table class=\"gridtable\">\n<tbody>\n<tr>\n<th class=\"table-first-row\">S\u00faly<\/th>\n<th class=\"table-first-row\">5kg<\/th>\n<th class=\"table-first-row\">8kg<\/th>\n<th class=\"table-first-row\">12kg<\/th>\n<th class=\"table-first-row\">16kg<\/th>\n<th class=\"table-first-row\">20kg<\/th>\n<th class=\"table-first-row\">25kg<\/th>\n<th class=\"table-first-row\">30kg<\/th>\n<th class=\"table-first-row\">35kg<\/th>\n<th class=\"table-first-row\">40kg<\/th>\n<th class=\"table-first-row\">45kg<\/th>\n<th class=\"table-first-row\">50kg<\/th>\n<th class=\"table-first-row\">60kg<\/th>\n<th class=\"table-first-row\">70kg<\/th>\n<th class=\"table-first-row\">80kg<\/th>\n<\/tr>\n<tr>\n<td class=\"table-first-row\">Norm\u00e1l aktivit\u00e1s<\/td>\n<td>85g<\/td>\n<td>120g<\/td>\n<td>160g<\/td>\n<td>200g<\/td>\n<td>235g<\/td>\n<td>275g<\/td>\n<td>315g<\/td>\n<td>355g<\/td>\n<td>395g<\/td>\n<td>435g<\/td>\n<td>485g<\/td>\n<td>560g<\/td>\n<td>640g<\/td>\n<td>720g<\/td>\n<\/tr>\n<tr>\n<td class=\"table-first-row\">K\u00f6zepes aktivit\u00e1s<\/td>\n<td>105g<\/td>\n<td>145g<\/td>\n<td>195g<\/td>\n<td>240g<\/td>\n<td>280g<\/td>\n<td>330g<\/td>\n<td>380g<\/td>\n<td>425g<\/td>\n<td>475g<\/td>\n<td>525g<\/td>\n<td>580g<\/td>\n<td>670g<\/td>\n<td>770g<\/td>\n<td>865g<\/td>\n<\/tr>\n<tr>\n<td class=\"table-first-row\">Magas aktivit\u00e1s<\/td>\n<td>125g<\/td>\n<td>175g<\/td>\n<td>230g<\/td>\n<td>290g<\/td>\n<td>340g<\/td>\n<td>395g<\/td>\n<td>455g<\/td>\n<td>510g<\/td>\n<td>570g<\/td>\n<td>625g<\/td>\n<td>700g<\/td>\n<td>805g<\/td>\n<td>920g<\/td>\n<td>1040g<\/td>\n<\/tr>\n<\/tbody>\n<\/table>\n<p>[\/vc_column_text][vc_empty_space height=&#8221;22px&#8221;][vc_column_text]<strong>HASZN\u00c1LATI UTAS\u00cdT\u00c1SOK:<\/strong> a term\u00e9ket adhatja sz\u00e1razon vagy nedves\u00edtve(javasoljuk, hogy adjon az \u00e9telhez kis mennyis\u00e9g\u0171 langyos vizet, miel\u0151tt a kuty\u00e1nakadn\u00e1, ez a kutya em\u00e9szt\u00e9s\u00e9t is k\u00f6nny\u00edti \u00e9s \u00fagy gondoljuk, hogy ez jav\u00edtja a term\u00e9k\u00edzletess\u00e9g\u00e9t is). Az adagok az egyes kuty\u00e1k ig\u00e9nyei szerint v\u00e1ltozhatnak. Kuty\u00e1ja sz\u00e1m\u00e1ra mindig biztos\u00edtson friss iv\u00f3vizet. T\u00e1rolja h\u0171v\u00f6s \u00e9s sz\u00e1raz helyen, minden h\u0151forr\u00e1st\u00f3l t\u00e1vol.[\/vc_column_text][vc_empty_space height=&#8221;22px&#8221;][\/vc_column][\/vc_row]<\/p>\n<\/div>","protected":false},"excerpt":{"rendered":"<p>Szuperpr\u00e9mium kutyat\u00e1p feln\u0151tt kuty\u00e1knak<\/p>\n","protected":false},"featured_media":5691,"template":"","meta":[],"product_brand":[],"product_cat":[100,99,103],"product_tag":[97,108],"class_list":{"0":"post-657","1":"product","2":"type-product","3":"status-publish","4":"has-post-thumbnail","6":"product_cat-aston","7":"product_cat-kutyatap","8":"product_cat-superpremium","9":"product_tag-aston","10":"product_tag-superpremium","12":"first","13":"instock","14":"taxable","15":"shipping-taxable","16":"purchasable","17":"product-type-variable"},"yoast_head":"<!-- This site is optimized with the Yoast SEO plugin v27.5 - https:\/\/yoast.com\/product\/yoast-seo-wordpress\/ -->\n<title>Aston | Supreme Adult Taste of Country<\/title>\n<meta name=\"description\" content=\"Szuperpr\u00e9mium kutyat\u00e1p feln\u0151tt kuty\u00e1knak. L\u00e1togasson el web\u00e1ruh\u00e1zunkba.\" \/>\n<meta name=\"robots\" content=\"index, follow, max-snippet:-1, max-image-preview:large, max-video-preview:-1\" \/>\n<link rel=\"canonical\" href=\"https:\/\/nekmar.eu\/hu\/termek\/aston-supreme-adult\/\" \/>\n<meta property=\"og:locale\" content=\"hu_HU\" \/>\n<meta property=\"og:type\" content=\"article\" \/>\n<meta property=\"og:title\" content=\"Aston Supreme Adult Taste of Country\" \/>\n<meta property=\"og:description\" content=\"Szuperpr\u00e9mium kutyat\u00e1p feln\u0151tt kuty\u00e1knak.\" \/>\n<meta property=\"og:url\" content=\"https:\/\/nekmar.eu\/hu\/termek\/aston-supreme-adult\/\" \/>\n<meta property=\"og:site_name\" content=\"Nekmar\" \/>\n<meta property=\"article:publisher\" content=\"https:\/\/www.facebook.com\/nekmarpetnutritionHU\/\" \/>\n<meta property=\"article:modified_time\" content=\"2026-05-05T03:57:23+00:00\" \/>\n<meta property=\"og:image\" content=\"https:\/\/nekmar.eu\/hu\/wp-content\/uploads\/2019\/08\/aston-f-nekmar.jpg\" \/>\n\t<meta property=\"og:image:width\" content=\"1200\" \/>\n\t<meta property=\"og:image:height\" content=\"630\" \/>\n\t<meta property=\"og:image:type\" content=\"image\/jpeg\" \/>\n<meta name=\"twitter:card\" content=\"summary_large_image\" \/>\n<meta name=\"twitter:label1\" content=\"Becs\u00fclt olvas\u00e1si id\u0151\" \/>\n\t<meta name=\"twitter:data1\" content=\"2 perc\" \/>\n<script type=\"application\/ld+json\" class=\"yoast-schema-graph\">{\"@context\":\"https:\\\/\\\/schema.org\",\"@graph\":[{\"@type\":\"WebPage\",\"@id\":\"https:\\\/\\\/nekmar.eu\\\/hu\\\/termek\\\/aston-supreme-adult\\\/\",\"url\":\"https:\\\/\\\/nekmar.eu\\\/hu\\\/termek\\\/aston-supreme-adult\\\/\",\"name\":\"Aston | Supreme Adult Taste of Country\",\"isPartOf\":{\"@id\":\"https:\\\/\\\/nekmar.eu\\\/hu\\\/#website\"},\"primaryImageOfPage\":{\"@id\":\"https:\\\/\\\/nekmar.eu\\\/hu\\\/termek\\\/aston-supreme-adult\\\/#primaryimage\"},\"image\":{\"@id\":\"https:\\\/\\\/nekmar.eu\\\/hu\\\/termek\\\/aston-supreme-adult\\\/#primaryimage\"},\"thumbnailUrl\":\"https:\\\/\\\/nekmar.eu\\\/hu\\\/wp-content\\\/uploads\\\/2024\\\/04\\\/aston_supreme_adult_taste_of_country.jpg\",\"datePublished\":\"2019-09-08T06:44:46+00:00\",\"dateModified\":\"2026-05-05T03:57:23+00:00\",\"description\":\"Szuperpr\u00e9mium kutyat\u00e1p feln\u0151tt kuty\u00e1knak. L\u00e1togasson el web\u00e1ruh\u00e1zunkba.\",\"breadcrumb\":{\"@id\":\"https:\\\/\\\/nekmar.eu\\\/hu\\\/termek\\\/aston-supreme-adult\\\/#breadcrumb\"},\"inLanguage\":\"hu\",\"potentialAction\":[{\"@type\":\"ReadAction\",\"target\":[\"https:\\\/\\\/nekmar.eu\\\/hu\\\/termek\\\/aston-supreme-adult\\\/\"]}]},{\"@type\":\"ImageObject\",\"inLanguage\":\"hu\",\"@id\":\"https:\\\/\\\/nekmar.eu\\\/hu\\\/termek\\\/aston-supreme-adult\\\/#primaryimage\",\"url\":\"https:\\\/\\\/nekmar.eu\\\/hu\\\/wp-content\\\/uploads\\\/2024\\\/04\\\/aston_supreme_adult_taste_of_country.jpg\",\"contentUrl\":\"https:\\\/\\\/nekmar.eu\\\/hu\\\/wp-content\\\/uploads\\\/2024\\\/04\\\/aston_supreme_adult_taste_of_country.jpg\",\"width\":1000,\"height\":1000},{\"@type\":\"BreadcrumbList\",\"@id\":\"https:\\\/\\\/nekmar.eu\\\/hu\\\/termek\\\/aston-supreme-adult\\\/#breadcrumb\",\"itemListElement\":[{\"@type\":\"ListItem\",\"position\":1,\"name\":\"Home\",\"item\":\"https:\\\/\\\/nekmar.eu\\\/hu\\\/\"},{\"@type\":\"ListItem\",\"position\":2,\"name\":\"WEB\u00c1RUH\u00c1Z\",\"item\":\"https:\\\/\\\/nekmar.eu\\\/hu\\\/webaruhaz\\\/\"},{\"@type\":\"ListItem\",\"position\":3,\"name\":\"Aston Supreme Adult Taste of Country\"}]},{\"@type\":\"WebSite\",\"@id\":\"https:\\\/\\\/nekmar.eu\\\/hu\\\/#website\",\"url\":\"https:\\\/\\\/nekmar.eu\\\/hu\\\/\",\"name\":\"Nekmar\",\"description\":\"Pet Nutrition\",\"publisher\":{\"@id\":\"https:\\\/\\\/nekmar.eu\\\/hu\\\/#organization\"},\"potentialAction\":[{\"@type\":\"SearchAction\",\"target\":{\"@type\":\"EntryPoint\",\"urlTemplate\":\"https:\\\/\\\/nekmar.eu\\\/hu\\\/?s={search_term_string}\"},\"query-input\":{\"@type\":\"PropertyValueSpecification\",\"valueRequired\":true,\"valueName\":\"search_term_string\"}}],\"inLanguage\":\"hu\"},{\"@type\":\"Organization\",\"@id\":\"https:\\\/\\\/nekmar.eu\\\/hu\\\/#organization\",\"name\":\"Nekmar Pet Nutrition Magyarorsz\u00e1g\",\"url\":\"https:\\\/\\\/nekmar.eu\\\/hu\\\/\",\"logo\":{\"@type\":\"ImageObject\",\"inLanguage\":\"hu\",\"@id\":\"https:\\\/\\\/nekmar.eu\\\/hu\\\/#\\\/schema\\\/logo\\\/image\\\/\",\"url\":\"https:\\\/\\\/nekmar.eu\\\/hu\\\/wp-content\\\/uploads\\\/2019\\\/08\\\/Nekmar-contact.jpg\",\"contentUrl\":\"https:\\\/\\\/nekmar.eu\\\/hu\\\/wp-content\\\/uploads\\\/2019\\\/08\\\/Nekmar-contact.jpg\",\"width\":600,\"height\":142,\"caption\":\"Nekmar Pet Nutrition Magyarorsz\u00e1g\"},\"image\":{\"@id\":\"https:\\\/\\\/nekmar.eu\\\/hu\\\/#\\\/schema\\\/logo\\\/image\\\/\"},\"sameAs\":[\"https:\\\/\\\/www.facebook.com\\\/nekmarpetnutritionHU\\\/\",\"https:\\\/\\\/instagram.com\\\/nekmar_magyarorszag\\\/\"]}]}<\/script>\n<!-- \/ Yoast SEO plugin. -->","yoast_head_json":{"title":"Aston | Supreme Adult Taste of Country","description":"Szuperpr\u00e9mium kutyat\u00e1p feln\u0151tt kuty\u00e1knak. L\u00e1togasson el web\u00e1ruh\u00e1zunkba.","robots":{"index":"index","follow":"follow","max-snippet":"max-snippet:-1","max-image-preview":"max-image-preview:large","max-video-preview":"max-video-preview:-1"},"canonical":"https:\/\/nekmar.eu\/hu\/termek\/aston-supreme-adult\/","og_locale":"hu_HU","og_type":"article","og_title":"Aston Supreme Adult Taste of Country","og_description":"Szuperpr\u00e9mium kutyat\u00e1p feln\u0151tt kuty\u00e1knak.","og_url":"https:\/\/nekmar.eu\/hu\/termek\/aston-supreme-adult\/","og_site_name":"Nekmar","article_publisher":"https:\/\/www.facebook.com\/nekmarpetnutritionHU\/","article_modified_time":"2026-05-05T03:57:23+00:00","og_image":[{"width":1200,"height":630,"url":"https:\/\/nekmar.eu\/hu\/wp-content\/uploads\/2019\/08\/aston-f-nekmar.jpg","type":"image\/jpeg"}],"twitter_card":"summary_large_image","twitter_misc":{"Becs\u00fclt olvas\u00e1si id\u0151":"2 perc"},"schema":{"@context":"https:\/\/schema.org","@graph":[{"@type":"WebPage","@id":"https:\/\/nekmar.eu\/hu\/termek\/aston-supreme-adult\/","url":"https:\/\/nekmar.eu\/hu\/termek\/aston-supreme-adult\/","name":"Aston | Supreme Adult Taste of Country","isPartOf":{"@id":"https:\/\/nekmar.eu\/hu\/#website"},"primaryImageOfPage":{"@id":"https:\/\/nekmar.eu\/hu\/termek\/aston-supreme-adult\/#primaryimage"},"image":{"@id":"https:\/\/nekmar.eu\/hu\/termek\/aston-supreme-adult\/#primaryimage"},"thumbnailUrl":"https:\/\/nekmar.eu\/hu\/wp-content\/uploads\/2024\/04\/aston_supreme_adult_taste_of_country.jpg","datePublished":"2019-09-08T06:44:46+00:00","dateModified":"2026-05-05T03:57:23+00:00","description":"Szuperpr\u00e9mium kutyat\u00e1p feln\u0151tt kuty\u00e1knak. L\u00e1togasson el web\u00e1ruh\u00e1zunkba.","breadcrumb":{"@id":"https:\/\/nekmar.eu\/hu\/termek\/aston-supreme-adult\/#breadcrumb"},"inLanguage":"hu","potentialAction":[{"@type":"ReadAction","target":["https:\/\/nekmar.eu\/hu\/termek\/aston-supreme-adult\/"]}]},{"@type":"ImageObject","inLanguage":"hu","@id":"https:\/\/nekmar.eu\/hu\/termek\/aston-supreme-adult\/#primaryimage","url":"https:\/\/nekmar.eu\/hu\/wp-content\/uploads\/2024\/04\/aston_supreme_adult_taste_of_country.jpg","contentUrl":"https:\/\/nekmar.eu\/hu\/wp-content\/uploads\/2024\/04\/aston_supreme_adult_taste_of_country.jpg","width":1000,"height":1000},{"@type":"BreadcrumbList","@id":"https:\/\/nekmar.eu\/hu\/termek\/aston-supreme-adult\/#breadcrumb","itemListElement":[{"@type":"ListItem","position":1,"name":"Home","item":"https:\/\/nekmar.eu\/hu\/"},{"@type":"ListItem","position":2,"name":"WEB\u00c1RUH\u00c1Z","item":"https:\/\/nekmar.eu\/hu\/webaruhaz\/"},{"@type":"ListItem","position":3,"name":"Aston Supreme Adult Taste of Country"}]},{"@type":"WebSite","@id":"https:\/\/nekmar.eu\/hu\/#website","url":"https:\/\/nekmar.eu\/hu\/","name":"Nekmar","description":"Pet Nutrition","publisher":{"@id":"https:\/\/nekmar.eu\/hu\/#organization"},"potentialAction":[{"@type":"SearchAction","target":{"@type":"EntryPoint","urlTemplate":"https:\/\/nekmar.eu\/hu\/?s={search_term_string}"},"query-input":{"@type":"PropertyValueSpecification","valueRequired":true,"valueName":"search_term_string"}}],"inLanguage":"hu"},{"@type":"Organization","@id":"https:\/\/nekmar.eu\/hu\/#organization","name":"Nekmar Pet Nutrition Magyarorsz\u00e1g","url":"https:\/\/nekmar.eu\/hu\/","logo":{"@type":"ImageObject","inLanguage":"hu","@id":"https:\/\/nekmar.eu\/hu\/#\/schema\/logo\/image\/","url":"https:\/\/nekmar.eu\/hu\/wp-content\/uploads\/2019\/08\/Nekmar-contact.jpg","contentUrl":"https:\/\/nekmar.eu\/hu\/wp-content\/uploads\/2019\/08\/Nekmar-contact.jpg","width":600,"height":142,"caption":"Nekmar Pet Nutrition Magyarorsz\u00e1g"},"image":{"@id":"https:\/\/nekmar.eu\/hu\/#\/schema\/logo\/image\/"},"sameAs":["https:\/\/www.facebook.com\/nekmarpetnutritionHU\/","https:\/\/instagram.com\/nekmar_magyarorszag\/"]}]}},"_links":{"self":[{"href":"https:\/\/nekmar.eu\/hu\/wp-json\/wp\/v2\/product\/657","targetHints":{"allow":["GET"]}}],"collection":[{"href":"https:\/\/nekmar.eu\/hu\/wp-json\/wp\/v2\/product"}],"about":[{"href":"https:\/\/nekmar.eu\/hu\/wp-json\/wp\/v2\/types\/product"}],"wp:featuredmedia":[{"embeddable":true,"href":"https:\/\/nekmar.eu\/hu\/wp-json\/wp\/v2\/media\/5691"}],"wp:attachment":[{"href":"https:\/\/nekmar.eu\/hu\/wp-json\/wp\/v2\/media?parent=657"}],"wp:term":[{"taxonomy":"product_brand","embeddable":true,"href":"https:\/\/nekmar.eu\/hu\/wp-json\/wp\/v2\/product_brand?post=657"},{"taxonomy":"product_cat","embeddable":true,"href":"https:\/\/nekmar.eu\/hu\/wp-json\/wp\/v2\/product_cat?post=657"},{"taxonomy":"product_tag","embeddable":true,"href":"https:\/\/nekmar.eu\/hu\/wp-json\/wp\/v2\/product_tag?post=657"}],"curies":[{"name":"wp","href":"https:\/\/api.w.org\/{rel}","templated":true}]}}