{"id":667,"date":"2019-09-08T08:26:31","date_gmt":"2019-09-08T07:26:31","guid":{"rendered":"http:\/\/nekmar.eu\/hu\/?post_type=product&#038;p=667"},"modified":"2026-04-09T13:11:02","modified_gmt":"2026-04-09T12:11:02","slug":"nekmar-puppy-junior-grainfree","status":"publish","type":"product","link":"https:\/\/nekmar.eu\/hu\/termek\/nekmar-puppy-junior-grainfree\/","title":{"rendered":"Nekmar Grain Free Puppy &#038; Junior"},"content":{"rendered":"<div class=\"wpb-content-wrapper\"><p>[vc_row css_animation=&#8221;&#8221; row_type=&#8221;row&#8221; use_row_as_full_screen_section=&#8221;no&#8221; type=&#8221;full_width&#8221; angled_section=&#8221;no&#8221; text_align=&#8221;left&#8221; background_image_as_pattern=&#8221;without_pattern&#8221;][vc_column][vc_column_text]<strong>\u00d6SSZET\u00c9TEL: <\/strong>friss kacsa h\u00fas 25%, dehidrat\u00e1lt csirkeh\u00fas 25% burgonya 13%, bors\u00f3kem\u00e9ny\u00edt\u0151, csirke zs\u00edr 8%, l\u00f3bab, bors\u00f3, lenmag, \u00e9leszt\u0151, sz\u00e1r\u00edtott r\u00e9pap\u00e9p, tengeri moszat 0,3%, sz\u00e1r\u00edtott cik\u00f3riap\u00e9p, frukto-oligoszacharidok (FOS0,2%), mannanoligoszacharidok (MOS 0,2%), yucca schidigera, m\u00e1riat\u00f6vis (Silybum marianum L.), dehidrat\u00e1lt gyermekl\u00e1ncf\u0171 (Taraxacum officinale W.), dehidrat\u00e1lt hibiszkuszvir\u00e1g (Hibiscus sadbariffa L.) dehidrat\u00e1lt csipkebogy\u00f3 (Rosa Canina R., PendulinaL)), gl\u00fckozamin, kondrotitin-szulf\u00e1t.<\/p>\n<p>&nbsp;<\/p>\n<p><strong>ANAL\u00cdTIKAI \u00d6SSZET\u00c9TEL: <\/strong>30% nyersfeh\u00e9rje, 19% nyersolajok \u00e9s zs\u00edrok, 2,6% nyers rostok, hamu 8,4%, nedvess\u00e9gtartalom 8%.<\/p>\n<p>&nbsp;<\/p>\n<p><strong>ADAL\u00c9KANYAGOK KG-ONK\u00c9NT: <\/strong>Adal\u00e9kanyagok KG-nk\u00e9nt: t\u00e1pl\u00e1l\u00e9k-adal\u00e9kanyagok: 3a672a A-vitamin 21000 UI, E671 D3-vitamin 1400 UI, 3a700 E-vitamin (t.r.alfa-toc. sav) 180 mg, E4 r\u00e9z (r\u00e9z-szulf\u00e1t-pentahidr\u00e1t) 15 mg, E1 vas (vas-karbon\u00e1t) 30 mg, E5-mang\u00e1n (mang\u00e1n-oxid) 60 mg, 3b605 cink (cink-szulf\u00e1t-monohidr\u00e1t) 68 mg, 3b201 j\u00f3d (k\u00e1lium-jodid) 3,7 mg, E8 szel\u00e9n (n\u00e1trium-szelenit) 0,16 mg. \u00c9rz\u00e9kszervi adal\u00e9kok: Term\u00e9szetes term\u00e9k, botanikailag meghat\u00e1rozott rozmaringkivonat 50 mg.<\/p>\n<p>&nbsp;<\/p>\n<p><strong>METABOLIZ\u00c1LHAT\u00d3 ENERGIA:<\/strong> 4000 Kcal\/kg.[\/vc_column_text][\/vc_column][\/vc_row][vc_row css_animation=&#8221;&#8221; row_type=&#8221;row&#8221; use_row_as_full_screen_section=&#8221;no&#8221; type=&#8221;full_width&#8221; angled_section=&#8221;no&#8221; text_align=&#8221;left&#8221; background_image_as_pattern=&#8221;without_pattern&#8221;][vc_column][vc_empty_space][vc_column_text]Aj\u00e1nlott napi mennyis\u00e9g (g\/nap)[\/vc_column_text][vc_empty_space height=&#8221;10px&#8221;][vc_column_text]<\/p>\n<table class=\"gridtable\">\n<tbody>\n<tr>\n<th class=\"table-first-row\">Feln\u0151ttkori s\u00faly<\/th>\n<th class=\"table-first-row\">1-3kg<\/th>\n<th class=\"table-first-row\">4-5kg<\/th>\n<th class=\"table-first-row\">7kg<\/th>\n<th class=\"table-first-row\">10kg<\/th>\n<th class=\"table-first-row\">15kg<\/th>\n<th class=\"table-first-row\">20kg<\/th>\n<th class=\"table-first-row\">25kg<\/th>\n<th class=\"table-first-row\">30kg<\/th>\n<th class=\"table-first-row\">35kg<\/th>\n<th class=\"table-first-row\">40kg<\/th>\n<th class=\"table-first-row\">45kg<\/th>\n<th class=\"table-first-row\">50kg<\/th>\n<th class=\"table-first-row\">60kg<\/th>\n<th class=\"table-first-row\">70kg<\/th>\n<th class=\"table-first-row\">80kg<\/th>\n<\/tr>\n<tr>\n<td class=\"table-first-row\">1-2 h\u00f3.<\/td>\n<td>&gt;60g<\/td>\n<td>&gt;80g<\/td>\n<td>&gt;120g<\/td>\n<td>&gt;150<\/td>\n<td>&gt;200<\/td>\n<td>&gt;240<\/td>\n<td>&gt;270<\/td>\n<td>&gt;310<\/td>\n<td>&gt;315<\/td>\n<td>&gt;320<\/td>\n<td>&gt;335<\/td>\n<td>&gt;350<\/td>\n<td>&gt;400<\/td>\n<td>&gt;450<\/td>\n<td>&gt;500<\/td>\n<\/tr>\n<tr>\n<td class=\"table-first-row\">2 h\u00f3napos<\/td>\n<td>60g<\/td>\n<td>80g<\/td>\n<td>120g<\/td>\n<td>150g<\/td>\n<td>200g<\/td>\n<td>240g<\/td>\n<td>270g<\/td>\n<td>310g<\/td>\n<td>315g<\/td>\n<td>320g<\/td>\n<td>335g<\/td>\n<td>350g<\/td>\n<td>400g<\/td>\n<td>450g<\/td>\n<td>500g<\/td>\n<\/tr>\n<tr>\n<td class=\"table-first-row\">3 h\u00f3napos<\/td>\n<td>65g<\/td>\n<td>90g<\/td>\n<td>130g<\/td>\n<td>165g<\/td>\n<td>240g<\/td>\n<td>300g<\/td>\n<td>330g<\/td>\n<td>380g<\/td>\n<td>390g<\/td>\n<td>400g<\/td>\n<td>415g<\/td>\n<td>425g<\/td>\n<td>500g<\/td>\n<td>550g<\/td>\n<td>600g<\/td>\n<\/tr>\n<tr>\n<td class=\"table-first-row\">4 h\u00f3napos<\/td>\n<td>70g<\/td>\n<td>100g<\/td>\n<td>140g<\/td>\n<td>175g<\/td>\n<td>265g<\/td>\n<td>310g<\/td>\n<td>345g<\/td>\n<td>390g<\/td>\n<td>400g<\/td>\n<td>410g<\/td>\n<td>450g<\/td>\n<td>500g<\/td>\n<td>580g<\/td>\n<td>660g<\/td>\n<td>730g<\/td>\n<\/tr>\n<tr>\n<td class=\"table-first-row\">6 h\u00f3napos<\/td>\n<td>70g<\/td>\n<td>110g<\/td>\n<td>150g<\/td>\n<td>185g<\/td>\n<td>260g<\/td>\n<td>330g<\/td>\n<td>370g<\/td>\n<td>420g<\/td>\n<td>480g<\/td>\n<td>550g<\/td>\n<td>600g<\/td>\n<td>670g<\/td>\n<td>770g<\/td>\n<td>880g<\/td>\n<td>980g<\/td>\n<\/tr>\n<tr>\n<td class=\"table-first-row\">8 h\u00f3napos<\/td>\n<td>&#8211;<\/td>\n<td>&#8211;<\/td>\n<td>130g<\/td>\n<td>185g<\/td>\n<td>250g<\/td>\n<td>330g<\/td>\n<td>370g<\/td>\n<td>420g<\/td>\n<td>490g<\/td>\n<td>540g<\/td>\n<td>590g<\/td>\n<td>680g<\/td>\n<td>760g<\/td>\n<td>870g<\/td>\n<td>980g<\/td>\n<\/tr>\n<tr>\n<td class=\"table-first-row\">10 h\u00f3napos<\/td>\n<td>&#8211;<\/td>\n<td>&#8211;<\/td>\n<td>120g<\/td>\n<td>180g<\/td>\n<td>250g<\/td>\n<td>310g<\/td>\n<td>360g<\/td>\n<td>400g<\/td>\n<td>480g<\/td>\n<td>530g<\/td>\n<td>580g<\/td>\n<td>650g<\/td>\n<td>740g<\/td>\n<td>860g<\/td>\n<td>950g<\/td>\n<\/tr>\n<tr>\n<td class=\"table-first-row\">12 h\u00f3napos<\/td>\n<td>&#8211;<\/td>\n<td>&#8211;<\/td>\n<td>120g<\/td>\n<td>180g<\/td>\n<td>240g<\/td>\n<td>300g<\/td>\n<td>345g<\/td>\n<td>390g<\/td>\n<td>470g<\/td>\n<td>520g<\/td>\n<td>570g<\/td>\n<td>640g<\/td>\n<td>720g<\/td>\n<td>840g<\/td>\n<td>900g<\/td>\n<\/tr>\n<\/tbody>\n<\/table>\n<p>[\/vc_column_text][vc_empty_space height=&#8221;22px&#8221;][vc_column_text]<strong>VEMHES \u00c9S SZOPTAT\u00d3 SZUK\u00c1K:<\/strong> a t\u00e1ppal a vemhess\u00e9g 35.napja ut\u00e1n k\u00edn\u00e1lja meg a szuk\u00e1t, \u00fagy, hogy fokozatosan keverje azt az el\u0151z\u0151 eledellel, n\u00f6velve az \u00faj t\u00e1p mennyis\u00e9g\u00e9t 5 napon \u00e1t, am\u00edg az teljesen \u00e1tv\u00e1lt\u00e1sra nem ker\u00fcl.A vemhess\u00e9g hetedik het\u00e9ben n\u00f6velje a napi adagot 50% -kal, fokozatosan n\u00f6velve 5 napos id\u0151szak alatt, am\u00edg el nem \u00e9ri a k\u00edv\u00e1nt mennyis\u00e9get. Ezen a ponton a szuk\u00e1knak napi 3 \u00e9tkez\u00e9sben kell r\u00e9szes\u00fclni\u00fck. A terhess\u00e9g utols\u00f3 het\u00e9ben fokozatosan n\u00f6velje a napi adagot tov\u00e1bbi 15- 20%, \u00e9s ugyanazt a mennyis\u00e9get t\u00e1pl\u00e1lja az eg\u00e9sz lakt\u00e1ci\u00f3 alatt.[\/vc_column_text][vc_empty_space height=&#8221;22px&#8221;][vc_column_text]<strong>HASZN\u00c1LATI UTAS\u00cdT\u00c1SOK:<\/strong> a term\u00e9ket adhatja sz\u00e1razon vagy nedves\u00edtve(javasoljuk, hogy adjon az \u00e9telhez kis mennyis\u00e9g\u0171 langyos vizet, miel\u0151tt a kuty\u00e1nakadn\u00e1, ez a kutya em\u00e9szt\u00e9s\u00e9t is k\u00f6nny\u00edti \u00e9s \u00fagy gondoljuk, hogy ez jav\u00edtja a term\u00e9k\u00edzletess\u00e9g\u00e9t is). Az adagok az egyes kuty\u00e1k ig\u00e9nyei szerint v\u00e1ltozhatnak. Kuty\u00e1ja sz\u00e1m\u00e1ra mindig biztos\u00edtson friss iv\u00f3vizet. T\u00e1rolja h\u0171v\u00f6s \u00e9s sz\u00e1raz helyen, minden h\u0151forr\u00e1st\u00f3l t\u00e1vol.[\/vc_column_text][vc_empty_space height=&#8221;22px&#8221;][\/vc_column][\/vc_row]<\/p>\n<\/div>","protected":false},"excerpt":{"rendered":"<p>Ultrapr\u00e9mium kutyat\u00e1p k\u00f6ly\u00f6k kuty\u00e1knak<\/p>\n","protected":false},"featured_media":6865,"template":"","meta":[],"product_brand":[],"product_cat":[107,99,101],"product_tag":[112,109],"class_list":{"0":"post-667","1":"product","2":"type-product","3":"status-publish","4":"has-post-thumbnail","6":"product_cat-grainfree","7":"product_cat-kutyatap","8":"product_cat-nekmar","9":"product_tag-grainfree","10":"product_tag-nekmar","12":"first","13":"instock","14":"taxable","15":"shipping-taxable","16":"purchasable","17":"product-type-variable"},"yoast_head":"<!-- This site is optimized with the Yoast SEO plugin v27.1.1 - https:\/\/yoast.com\/product\/yoast-seo-wordpress\/ -->\n<title>Nekmar | Grain Free Puppy &amp; Junior<\/title>\n<meta name=\"description\" content=\"Ultrapr\u00e9mium holisztikus gabonamentes kutyat\u00e1p k\u00f6ly\u00f6k \u00e9s n\u00f6vend\u00e9k kuty\u00e1knak. F\u0151 \u00f6sszetev\u0151k: friss kacsa h\u00fas 25%, dehidrat\u00e1lt csirkeh\u00fas 25%.\" \/>\n<meta name=\"robots\" content=\"index, follow, max-snippet:-1, max-image-preview:large, max-video-preview:-1\" \/>\n<link rel=\"canonical\" href=\"https:\/\/nekmar.eu\/hu\/termek\/nekmar-puppy-junior-grainfree\/\" \/>\n<meta property=\"og:locale\" content=\"hu_HU\" \/>\n<meta property=\"og:type\" content=\"article\" \/>\n<meta property=\"og:title\" content=\"Nekmar Grain Free Puppy &amp; Junior\" \/>\n<meta property=\"og:description\" content=\"Ultrapr\u00e9mium holisztikus gabonamentes kutyat\u00e1p k\u00f6ly\u00f6k \u00e9s n\u00f6vend\u00e9k kuty\u00e1knak.\" \/>\n<meta property=\"og:url\" content=\"https:\/\/nekmar.eu\/hu\/termek\/nekmar-puppy-junior-grainfree\/\" \/>\n<meta property=\"og:site_name\" content=\"Nekmar\" \/>\n<meta property=\"article:publisher\" content=\"https:\/\/www.facebook.com\/nekmarpetnutritionHU\/\" \/>\n<meta property=\"article:modified_time\" content=\"2026-04-09T12:11:02+00:00\" \/>\n<meta property=\"og:image\" content=\"https:\/\/nekmar.eu\/hu\/wp-content\/uploads\/2019\/08\/nekmar-holistic.jpg\" \/>\n\t<meta property=\"og:image:width\" content=\"1200\" \/>\n\t<meta property=\"og:image:height\" content=\"630\" \/>\n\t<meta property=\"og:image:type\" content=\"image\/jpeg\" \/>\n<meta name=\"twitter:card\" content=\"summary_large_image\" \/>\n<meta name=\"twitter:label1\" content=\"Becs\u00fclt olvas\u00e1si id\u0151\" \/>\n\t<meta name=\"twitter:data1\" content=\"3 perc\" \/>\n<script type=\"application\/ld+json\" class=\"yoast-schema-graph\">{\"@context\":\"https:\/\/schema.org\",\"@graph\":[{\"@type\":\"WebPage\",\"@id\":\"https:\/\/nekmar.eu\/hu\/termek\/nekmar-puppy-junior-grainfree\/\",\"url\":\"https:\/\/nekmar.eu\/hu\/termek\/nekmar-puppy-junior-grainfree\/\",\"name\":\"Nekmar | Grain Free Puppy & Junior\",\"isPartOf\":{\"@id\":\"https:\/\/nekmar.eu\/hu\/#website\"},\"primaryImageOfPage\":{\"@id\":\"https:\/\/nekmar.eu\/hu\/termek\/nekmar-puppy-junior-grainfree\/#primaryimage\"},\"image\":{\"@id\":\"https:\/\/nekmar.eu\/hu\/termek\/nekmar-puppy-junior-grainfree\/#primaryimage\"},\"thumbnailUrl\":\"https:\/\/nekmar.eu\/hu\/wp-content\/uploads\/2021\/08\/nekmar-puppy-junior-grainfree.jpg\",\"datePublished\":\"2019-09-08T07:26:31+00:00\",\"dateModified\":\"2026-04-09T12:11:02+00:00\",\"description\":\"Ultrapr\u00e9mium holisztikus gabonamentes kutyat\u00e1p k\u00f6ly\u00f6k \u00e9s n\u00f6vend\u00e9k kuty\u00e1knak. F\u0151 \u00f6sszetev\u0151k: friss kacsa h\u00fas 25%, dehidrat\u00e1lt csirkeh\u00fas 25%.\",\"breadcrumb\":{\"@id\":\"https:\/\/nekmar.eu\/hu\/termek\/nekmar-puppy-junior-grainfree\/#breadcrumb\"},\"inLanguage\":\"hu\",\"potentialAction\":[{\"@type\":\"ReadAction\",\"target\":[\"https:\/\/nekmar.eu\/hu\/termek\/nekmar-puppy-junior-grainfree\/\"]}]},{\"@type\":\"ImageObject\",\"inLanguage\":\"hu\",\"@id\":\"https:\/\/nekmar.eu\/hu\/termek\/nekmar-puppy-junior-grainfree\/#primaryimage\",\"url\":\"https:\/\/nekmar.eu\/hu\/wp-content\/uploads\/2021\/08\/nekmar-puppy-junior-grainfree.jpg\",\"contentUrl\":\"https:\/\/nekmar.eu\/hu\/wp-content\/uploads\/2021\/08\/nekmar-puppy-junior-grainfree.jpg\",\"width\":1000,\"height\":1000},{\"@type\":\"BreadcrumbList\",\"@id\":\"https:\/\/nekmar.eu\/hu\/termek\/nekmar-puppy-junior-grainfree\/#breadcrumb\",\"itemListElement\":[{\"@type\":\"ListItem\",\"position\":1,\"name\":\"Home\",\"item\":\"https:\/\/nekmar.eu\/hu\/\"},{\"@type\":\"ListItem\",\"position\":2,\"name\":\"WEB\u00c1RUH\u00c1Z\",\"item\":\"https:\/\/nekmar.eu\/hu\/webaruhaz\/\"},{\"@type\":\"ListItem\",\"position\":3,\"name\":\"Nekmar Grain Free Puppy &#038; Junior\"}]},{\"@type\":\"WebSite\",\"@id\":\"https:\/\/nekmar.eu\/hu\/#website\",\"url\":\"https:\/\/nekmar.eu\/hu\/\",\"name\":\"Nekmar\",\"description\":\"Pet Nutrition\",\"publisher\":{\"@id\":\"https:\/\/nekmar.eu\/hu\/#organization\"},\"potentialAction\":[{\"@type\":\"SearchAction\",\"target\":{\"@type\":\"EntryPoint\",\"urlTemplate\":\"https:\/\/nekmar.eu\/hu\/?s={search_term_string}\"},\"query-input\":{\"@type\":\"PropertyValueSpecification\",\"valueRequired\":true,\"valueName\":\"search_term_string\"}}],\"inLanguage\":\"hu\"},{\"@type\":\"Organization\",\"@id\":\"https:\/\/nekmar.eu\/hu\/#organization\",\"name\":\"Nekmar Pet Nutrition Magyarorsz\u00e1g\",\"url\":\"https:\/\/nekmar.eu\/hu\/\",\"logo\":{\"@type\":\"ImageObject\",\"inLanguage\":\"hu\",\"@id\":\"https:\/\/nekmar.eu\/hu\/#\/schema\/logo\/image\/\",\"url\":\"https:\/\/nekmar.eu\/hu\/wp-content\/uploads\/2019\/08\/Nekmar-contact.jpg\",\"contentUrl\":\"https:\/\/nekmar.eu\/hu\/wp-content\/uploads\/2019\/08\/Nekmar-contact.jpg\",\"width\":600,\"height\":142,\"caption\":\"Nekmar Pet Nutrition Magyarorsz\u00e1g\"},\"image\":{\"@id\":\"https:\/\/nekmar.eu\/hu\/#\/schema\/logo\/image\/\"},\"sameAs\":[\"https:\/\/www.facebook.com\/nekmarpetnutritionHU\/\",\"https:\/\/instagram.com\/nekmar_magyarorszag\/\"]}]}<\/script>\n<!-- \/ Yoast SEO plugin. -->","yoast_head_json":{"title":"Nekmar | Grain Free Puppy & Junior","description":"Ultrapr\u00e9mium holisztikus gabonamentes kutyat\u00e1p k\u00f6ly\u00f6k \u00e9s n\u00f6vend\u00e9k kuty\u00e1knak. F\u0151 \u00f6sszetev\u0151k: friss kacsa h\u00fas 25%, dehidrat\u00e1lt csirkeh\u00fas 25%.","robots":{"index":"index","follow":"follow","max-snippet":"max-snippet:-1","max-image-preview":"max-image-preview:large","max-video-preview":"max-video-preview:-1"},"canonical":"https:\/\/nekmar.eu\/hu\/termek\/nekmar-puppy-junior-grainfree\/","og_locale":"hu_HU","og_type":"article","og_title":"Nekmar Grain Free Puppy & Junior","og_description":"Ultrapr\u00e9mium holisztikus gabonamentes kutyat\u00e1p k\u00f6ly\u00f6k \u00e9s n\u00f6vend\u00e9k kuty\u00e1knak.","og_url":"https:\/\/nekmar.eu\/hu\/termek\/nekmar-puppy-junior-grainfree\/","og_site_name":"Nekmar","article_publisher":"https:\/\/www.facebook.com\/nekmarpetnutritionHU\/","article_modified_time":"2026-04-09T12:11:02+00:00","og_image":[{"width":1200,"height":630,"url":"https:\/\/nekmar.eu\/hu\/wp-content\/uploads\/2019\/08\/nekmar-holistic.jpg","type":"image\/jpeg"}],"twitter_card":"summary_large_image","twitter_misc":{"Becs\u00fclt olvas\u00e1si id\u0151":"3 perc"},"schema":{"@context":"https:\/\/schema.org","@graph":[{"@type":"WebPage","@id":"https:\/\/nekmar.eu\/hu\/termek\/nekmar-puppy-junior-grainfree\/","url":"https:\/\/nekmar.eu\/hu\/termek\/nekmar-puppy-junior-grainfree\/","name":"Nekmar | Grain Free Puppy & Junior","isPartOf":{"@id":"https:\/\/nekmar.eu\/hu\/#website"},"primaryImageOfPage":{"@id":"https:\/\/nekmar.eu\/hu\/termek\/nekmar-puppy-junior-grainfree\/#primaryimage"},"image":{"@id":"https:\/\/nekmar.eu\/hu\/termek\/nekmar-puppy-junior-grainfree\/#primaryimage"},"thumbnailUrl":"https:\/\/nekmar.eu\/hu\/wp-content\/uploads\/2021\/08\/nekmar-puppy-junior-grainfree.jpg","datePublished":"2019-09-08T07:26:31+00:00","dateModified":"2026-04-09T12:11:02+00:00","description":"Ultrapr\u00e9mium holisztikus gabonamentes kutyat\u00e1p k\u00f6ly\u00f6k \u00e9s n\u00f6vend\u00e9k kuty\u00e1knak. F\u0151 \u00f6sszetev\u0151k: friss kacsa h\u00fas 25%, dehidrat\u00e1lt csirkeh\u00fas 25%.","breadcrumb":{"@id":"https:\/\/nekmar.eu\/hu\/termek\/nekmar-puppy-junior-grainfree\/#breadcrumb"},"inLanguage":"hu","potentialAction":[{"@type":"ReadAction","target":["https:\/\/nekmar.eu\/hu\/termek\/nekmar-puppy-junior-grainfree\/"]}]},{"@type":"ImageObject","inLanguage":"hu","@id":"https:\/\/nekmar.eu\/hu\/termek\/nekmar-puppy-junior-grainfree\/#primaryimage","url":"https:\/\/nekmar.eu\/hu\/wp-content\/uploads\/2021\/08\/nekmar-puppy-junior-grainfree.jpg","contentUrl":"https:\/\/nekmar.eu\/hu\/wp-content\/uploads\/2021\/08\/nekmar-puppy-junior-grainfree.jpg","width":1000,"height":1000},{"@type":"BreadcrumbList","@id":"https:\/\/nekmar.eu\/hu\/termek\/nekmar-puppy-junior-grainfree\/#breadcrumb","itemListElement":[{"@type":"ListItem","position":1,"name":"Home","item":"https:\/\/nekmar.eu\/hu\/"},{"@type":"ListItem","position":2,"name":"WEB\u00c1RUH\u00c1Z","item":"https:\/\/nekmar.eu\/hu\/webaruhaz\/"},{"@type":"ListItem","position":3,"name":"Nekmar Grain Free Puppy &#038; Junior"}]},{"@type":"WebSite","@id":"https:\/\/nekmar.eu\/hu\/#website","url":"https:\/\/nekmar.eu\/hu\/","name":"Nekmar","description":"Pet Nutrition","publisher":{"@id":"https:\/\/nekmar.eu\/hu\/#organization"},"potentialAction":[{"@type":"SearchAction","target":{"@type":"EntryPoint","urlTemplate":"https:\/\/nekmar.eu\/hu\/?s={search_term_string}"},"query-input":{"@type":"PropertyValueSpecification","valueRequired":true,"valueName":"search_term_string"}}],"inLanguage":"hu"},{"@type":"Organization","@id":"https:\/\/nekmar.eu\/hu\/#organization","name":"Nekmar Pet Nutrition Magyarorsz\u00e1g","url":"https:\/\/nekmar.eu\/hu\/","logo":{"@type":"ImageObject","inLanguage":"hu","@id":"https:\/\/nekmar.eu\/hu\/#\/schema\/logo\/image\/","url":"https:\/\/nekmar.eu\/hu\/wp-content\/uploads\/2019\/08\/Nekmar-contact.jpg","contentUrl":"https:\/\/nekmar.eu\/hu\/wp-content\/uploads\/2019\/08\/Nekmar-contact.jpg","width":600,"height":142,"caption":"Nekmar Pet Nutrition Magyarorsz\u00e1g"},"image":{"@id":"https:\/\/nekmar.eu\/hu\/#\/schema\/logo\/image\/"},"sameAs":["https:\/\/www.facebook.com\/nekmarpetnutritionHU\/","https:\/\/instagram.com\/nekmar_magyarorszag\/"]}]}},"_links":{"self":[{"href":"https:\/\/nekmar.eu\/hu\/wp-json\/wp\/v2\/product\/667","targetHints":{"allow":["GET"]}}],"collection":[{"href":"https:\/\/nekmar.eu\/hu\/wp-json\/wp\/v2\/product"}],"about":[{"href":"https:\/\/nekmar.eu\/hu\/wp-json\/wp\/v2\/types\/product"}],"wp:featuredmedia":[{"embeddable":true,"href":"https:\/\/nekmar.eu\/hu\/wp-json\/wp\/v2\/media\/6865"}],"wp:attachment":[{"href":"https:\/\/nekmar.eu\/hu\/wp-json\/wp\/v2\/media?parent=667"}],"wp:term":[{"taxonomy":"product_brand","embeddable":true,"href":"https:\/\/nekmar.eu\/hu\/wp-json\/wp\/v2\/product_brand?post=667"},{"taxonomy":"product_cat","embeddable":true,"href":"https:\/\/nekmar.eu\/hu\/wp-json\/wp\/v2\/product_cat?post=667"},{"taxonomy":"product_tag","embeddable":true,"href":"https:\/\/nekmar.eu\/hu\/wp-json\/wp\/v2\/product_tag?post=667"}],"curies":[{"name":"wp","href":"https:\/\/api.w.org\/{rel}","templated":true}]}}