{"id":8110,"date":"2026-02-28T08:49:43","date_gmt":"2026-02-28T07:49:43","guid":{"rendered":"https:\/\/nekmar.eu\/hu\/?post_type=product&#038;p=8110"},"modified":"2026-03-23T18:43:09","modified_gmt":"2026-03-23T17:43:09","slug":"nekmar-magic-repair-professional-mask","status":"publish","type":"product","link":"https:\/\/nekmar.eu\/hu\/termek\/nekmar-magic-repair-professional-mask\/","title":{"rendered":"Nekmar Magic Repair Professional Mask"},"content":{"rendered":"<div class=\"wpb-content-wrapper\"><p>[vc_row css_animation=&#8221;&#8221; row_type=&#8221;row&#8221; use_row_as_full_screen_section=&#8221;no&#8221; type=&#8221;full_width&#8221; angled_section=&#8221;no&#8221; text_align=&#8221;left&#8221; background_image_as_pattern=&#8221;without_pattern&#8221;][vc_column][vc_column_text css=&#8221;&#8221;]<strong>\u00d6SSZET\u00c9TEL:<\/strong> v\u00edz, cetearil-alkohol, glicerin, etilhexil-sztear\u00e1t, mirisztil-alkohol, behenamidopropil-dimetilamin, shea vaj, k\u00f3kuszolaj (*), hidroliz\u00e1lt keratin, pantenol, tokoferil-acet\u00e1t, aloe vera lev\u00e9ll\u00e9 (*), ol\u00edvaolaj (*), hidroliz\u00e1lt b\u00fazafeh\u00e9rje, moringa lev\u00e9l kivonat, polikvaternium-7, fenoxietanol, illatanyag, guar-hidroxipropiltrimonium-klorid, xant\u00e1n gumi, citromsav, tejsav, szil\u00edcium-dioxid, n\u00e1trium-benzo\u00e1t, k\u00e1lium-szorb\u00e1t, din\u00e1trium-EDTA, benzil-alkohol.<br \/>\n(*) bio gazd\u00e1lkod\u00e1sb\u00f3l<\/p>\n<p>&nbsp;<\/p>\n<p><strong>\u00d6SSZETEV\u0150K BIO GAZD\u00c1LKOD\u00c1SB\u00d3L SZ\u00c1RMAZNAK<\/strong><\/p>\n<p>&nbsp;<\/p>\n<p>\u2022 Intenz\u00edv, professzion\u00e1lis sz\u0151rkezel\u00e9s<br \/>\n\u2022 M\u00e9lyen regener\u00e1l \u00e9s hidrat\u00e1l<br \/>\n\u2022 Elt\u00e1vol\u00edtja a gubancokat \u00e9s megk\u00f6nny\u00edti a kif\u00e9s\u00fcl\u00e9st<br \/>\n\u2022 F\u00e9nyt \u00e9s d\u00fas hat\u00e1st ad a sz\u0151rzetnek<br \/>\n\u2022 Kellemes, hosszan tart\u00f3 illatot hagy maga ut\u00e1n<\/p>\n<p>&nbsp;<\/p>\n<p><strong>HASZN\u00c1LATI UTAS\u00cdT\u00c1S:<\/strong> A maszkot vigye fel az el\u0151z\u0151leg megmosott \u00e9s benedves\u00edtett sz\u0151rzetre. Egyenletesen oszlassa el, majd hagyja hatni 5\u201310 percig, hogy teljes m\u00e9rt\u00e9kben kifejthesse hat\u00e1s\u00e1t, ezut\u00e1n alaposan \u00f6bl\u00edtse le langyos v\u00edzzel.<\/p>\n<p>&nbsp;<\/p>\n<p><strong>Tipp:<\/strong> A maszk balzsamk\u00e9nt is haszn\u00e1lhat\u00f3, 1:10 ar\u00e1nyban v\u00edzzel h\u00edg\u00edtva. Haszn\u00e1lat ut\u00e1n alaposan \u00f6bl\u00edtse le langyos v\u00edzzel.[\/vc_column_text][\/vc_column][\/vc_row]<\/p>\n<\/div>","protected":false},"excerpt":{"rendered":"<p>A Magic Repair maszk professzion\u00e1lis sz\u0151rkezel\u00e9s, amely m\u00e9lyen regener\u00e1lja, revitaliz\u00e1lja \u00e9s \u00faj \u00e9letre kelti a s\u00e9r\u00fclt vagy sz\u00e1raz sz\u0151rzetet. Haszn\u00e1lhat\u00f3 intenz\u00edv k\u00farak\u00e9nt er\u0151sen k\u00e1rosodott sz\u0151r eset\u00e9n, vagy rendszeres kondicion\u00e1l\u00f3 kezel\u00e9sk\u00e9nt, amikor a sz\u0151rzetet kiv\u00e1l\u00f3 \u00e1llapotba szeretn\u00e9nk hozni vagy fenntartani. Gazdag formul\u00e1ja m\u00e9ly hidrat\u00e1l\u00e1st biztos\u00edt, \u00e9s megk\u00f6nny\u00edti m\u00e9g a legink\u00e1bb \u00f6sszegubancol\u00f3dott r\u00e9szek kif\u00e9s\u00fcl\u00e9s\u00e9t is. Az olyan \u00f6sszetev\u0151k, mint a keratin, a shea vaj, a pantenol, a glicerin, a B5-provitamin \u00e9s az aloe vera m\u00e9lyen regener\u00e1lj\u00e1k, er\u0151s\u00edtik \u00e9s hidrat\u00e1lj\u00e1k a sz\u0151rzetet. A kezel\u00e9s ut\u00e1n a sz\u0151r friss, \u00e1polt, kellemes illat\u00fa \u00e9s f\u00e9nyes marad.<\/p>\n","protected":false},"featured_media":8126,"template":"","meta":[],"product_brand":[],"product_cat":[136],"product_tag":[],"class_list":{"0":"post-8110","1":"product","2":"type-product","3":"status-publish","4":"has-post-thumbnail","6":"product_cat-grooming","8":"first","9":"instock","10":"taxable","11":"shipping-taxable","12":"purchasable","13":"product-type-variable"},"yoast_head":"<!-- This site is optimized with the Yoast SEO plugin v27.4 - https:\/\/yoast.com\/product\/yoast-seo-wordpress\/ -->\n<title>Nekmar Magic Repair Professional Mask | Nekmar<\/title>\n<meta name=\"robots\" content=\"index, follow, max-snippet:-1, max-image-preview:large, max-video-preview:-1\" \/>\n<link rel=\"canonical\" href=\"https:\/\/nekmar.eu\/hu\/termek\/nekmar-magic-repair-professional-mask\/\" \/>\n<meta property=\"og:locale\" content=\"hu_HU\" \/>\n<meta property=\"og:type\" content=\"article\" \/>\n<meta property=\"og:title\" content=\"Nekmar Magic Repair Professional Mask | Nekmar\" \/>\n<meta property=\"og:description\" content=\"A Magic Repair maszk professzion\u00e1lis sz\u0151rkezel\u00e9s, amely m\u00e9lyen regener\u00e1lja, revitaliz\u00e1lja \u00e9s \u00faj \u00e9letre kelti a s\u00e9r\u00fclt vagy sz\u00e1raz sz\u0151rzetet. Haszn\u00e1lhat\u00f3 intenz\u00edv k\u00farak\u00e9nt er\u0151sen k\u00e1rosodott sz\u0151r eset\u00e9n, vagy rendszeres kondicion\u00e1l\u00f3 kezel\u00e9sk\u00e9nt, amikor a sz\u0151rzetet kiv\u00e1l\u00f3 \u00e1llapotba szeretn\u00e9nk hozni vagy fenntartani. Gazdag formul\u00e1ja m\u00e9ly hidrat\u00e1l\u00e1st biztos\u00edt, \u00e9s megk\u00f6nny\u00edti m\u00e9g a legink\u00e1bb \u00f6sszegubancol\u00f3dott r\u00e9szek kif\u00e9s\u00fcl\u00e9s\u00e9t is. Az olyan \u00f6sszetev\u0151k, mint a keratin, a shea vaj, a pantenol, a glicerin, a B5-provitamin \u00e9s az aloe vera m\u00e9lyen regener\u00e1lj\u00e1k, er\u0151s\u00edtik \u00e9s hidrat\u00e1lj\u00e1k a sz\u0151rzetet. A kezel\u00e9s ut\u00e1n a sz\u0151r friss, \u00e1polt, kellemes illat\u00fa \u00e9s f\u00e9nyes marad.\" \/>\n<meta property=\"og:url\" content=\"https:\/\/nekmar.eu\/hu\/termek\/nekmar-magic-repair-professional-mask\/\" \/>\n<meta property=\"og:site_name\" content=\"Nekmar\" \/>\n<meta property=\"article:publisher\" content=\"https:\/\/www.facebook.com\/nekmarpetnutritionHU\/\" \/>\n<meta property=\"article:modified_time\" content=\"2026-03-23T17:43:09+00:00\" \/>\n<meta property=\"og:image\" content=\"https:\/\/nekmar.eu\/hu\/wp-content\/uploads\/2026\/02\/Nekmar-Magic-Repair-1l-50ml.jpg\" \/>\n\t<meta property=\"og:image:width\" content=\"1400\" \/>\n\t<meta property=\"og:image:height\" content=\"1400\" \/>\n\t<meta property=\"og:image:type\" content=\"image\/jpeg\" \/>\n<meta name=\"twitter:card\" content=\"summary_large_image\" \/>\n<meta name=\"twitter:label1\" content=\"Becs\u00fclt olvas\u00e1si id\u0151\" \/>\n\t<meta name=\"twitter:data1\" content=\"2 perc\" \/>\n<script type=\"application\/ld+json\" class=\"yoast-schema-graph\">{\"@context\":\"https:\\\/\\\/schema.org\",\"@graph\":[{\"@type\":\"WebPage\",\"@id\":\"https:\\\/\\\/nekmar.eu\\\/hu\\\/termek\\\/nekmar-magic-repair-professional-mask\\\/\",\"url\":\"https:\\\/\\\/nekmar.eu\\\/hu\\\/termek\\\/nekmar-magic-repair-professional-mask\\\/\",\"name\":\"Nekmar Magic Repair Professional Mask | Nekmar\",\"isPartOf\":{\"@id\":\"https:\\\/\\\/nekmar.eu\\\/hu\\\/#website\"},\"primaryImageOfPage\":{\"@id\":\"https:\\\/\\\/nekmar.eu\\\/hu\\\/termek\\\/nekmar-magic-repair-professional-mask\\\/#primaryimage\"},\"image\":{\"@id\":\"https:\\\/\\\/nekmar.eu\\\/hu\\\/termek\\\/nekmar-magic-repair-professional-mask\\\/#primaryimage\"},\"thumbnailUrl\":\"https:\\\/\\\/nekmar.eu\\\/hu\\\/wp-content\\\/uploads\\\/2026\\\/02\\\/Nekmar-Magic-Repair-1l-50ml.jpg\",\"datePublished\":\"2026-02-28T07:49:43+00:00\",\"dateModified\":\"2026-03-23T17:43:09+00:00\",\"breadcrumb\":{\"@id\":\"https:\\\/\\\/nekmar.eu\\\/hu\\\/termek\\\/nekmar-magic-repair-professional-mask\\\/#breadcrumb\"},\"inLanguage\":\"hu\",\"potentialAction\":[{\"@type\":\"ReadAction\",\"target\":[\"https:\\\/\\\/nekmar.eu\\\/hu\\\/termek\\\/nekmar-magic-repair-professional-mask\\\/\"]}]},{\"@type\":\"ImageObject\",\"inLanguage\":\"hu\",\"@id\":\"https:\\\/\\\/nekmar.eu\\\/hu\\\/termek\\\/nekmar-magic-repair-professional-mask\\\/#primaryimage\",\"url\":\"https:\\\/\\\/nekmar.eu\\\/hu\\\/wp-content\\\/uploads\\\/2026\\\/02\\\/Nekmar-Magic-Repair-1l-50ml.jpg\",\"contentUrl\":\"https:\\\/\\\/nekmar.eu\\\/hu\\\/wp-content\\\/uploads\\\/2026\\\/02\\\/Nekmar-Magic-Repair-1l-50ml.jpg\",\"width\":1400,\"height\":1400},{\"@type\":\"BreadcrumbList\",\"@id\":\"https:\\\/\\\/nekmar.eu\\\/hu\\\/termek\\\/nekmar-magic-repair-professional-mask\\\/#breadcrumb\",\"itemListElement\":[{\"@type\":\"ListItem\",\"position\":1,\"name\":\"Home\",\"item\":\"https:\\\/\\\/nekmar.eu\\\/hu\\\/\"},{\"@type\":\"ListItem\",\"position\":2,\"name\":\"WEB\u00c1RUH\u00c1Z\",\"item\":\"https:\\\/\\\/nekmar.eu\\\/hu\\\/webaruhaz\\\/\"},{\"@type\":\"ListItem\",\"position\":3,\"name\":\"Nekmar Magic Repair Professional Mask\"}]},{\"@type\":\"WebSite\",\"@id\":\"https:\\\/\\\/nekmar.eu\\\/hu\\\/#website\",\"url\":\"https:\\\/\\\/nekmar.eu\\\/hu\\\/\",\"name\":\"Nekmar\",\"description\":\"Pet Nutrition\",\"publisher\":{\"@id\":\"https:\\\/\\\/nekmar.eu\\\/hu\\\/#organization\"},\"potentialAction\":[{\"@type\":\"SearchAction\",\"target\":{\"@type\":\"EntryPoint\",\"urlTemplate\":\"https:\\\/\\\/nekmar.eu\\\/hu\\\/?s={search_term_string}\"},\"query-input\":{\"@type\":\"PropertyValueSpecification\",\"valueRequired\":true,\"valueName\":\"search_term_string\"}}],\"inLanguage\":\"hu\"},{\"@type\":\"Organization\",\"@id\":\"https:\\\/\\\/nekmar.eu\\\/hu\\\/#organization\",\"name\":\"Nekmar Pet Nutrition Magyarorsz\u00e1g\",\"url\":\"https:\\\/\\\/nekmar.eu\\\/hu\\\/\",\"logo\":{\"@type\":\"ImageObject\",\"inLanguage\":\"hu\",\"@id\":\"https:\\\/\\\/nekmar.eu\\\/hu\\\/#\\\/schema\\\/logo\\\/image\\\/\",\"url\":\"https:\\\/\\\/nekmar.eu\\\/hu\\\/wp-content\\\/uploads\\\/2019\\\/08\\\/Nekmar-contact.jpg\",\"contentUrl\":\"https:\\\/\\\/nekmar.eu\\\/hu\\\/wp-content\\\/uploads\\\/2019\\\/08\\\/Nekmar-contact.jpg\",\"width\":600,\"height\":142,\"caption\":\"Nekmar Pet Nutrition Magyarorsz\u00e1g\"},\"image\":{\"@id\":\"https:\\\/\\\/nekmar.eu\\\/hu\\\/#\\\/schema\\\/logo\\\/image\\\/\"},\"sameAs\":[\"https:\\\/\\\/www.facebook.com\\\/nekmarpetnutritionHU\\\/\",\"https:\\\/\\\/instagram.com\\\/nekmar_magyarorszag\\\/\"]}]}<\/script>\n<!-- \/ Yoast SEO plugin. -->","yoast_head_json":{"title":"Nekmar Magic Repair Professional Mask | Nekmar","robots":{"index":"index","follow":"follow","max-snippet":"max-snippet:-1","max-image-preview":"max-image-preview:large","max-video-preview":"max-video-preview:-1"},"canonical":"https:\/\/nekmar.eu\/hu\/termek\/nekmar-magic-repair-professional-mask\/","og_locale":"hu_HU","og_type":"article","og_title":"Nekmar Magic Repair Professional Mask | Nekmar","og_description":"A Magic Repair maszk professzion\u00e1lis sz\u0151rkezel\u00e9s, amely m\u00e9lyen regener\u00e1lja, revitaliz\u00e1lja \u00e9s \u00faj \u00e9letre kelti a s\u00e9r\u00fclt vagy sz\u00e1raz sz\u0151rzetet. Haszn\u00e1lhat\u00f3 intenz\u00edv k\u00farak\u00e9nt er\u0151sen k\u00e1rosodott sz\u0151r eset\u00e9n, vagy rendszeres kondicion\u00e1l\u00f3 kezel\u00e9sk\u00e9nt, amikor a sz\u0151rzetet kiv\u00e1l\u00f3 \u00e1llapotba szeretn\u00e9nk hozni vagy fenntartani. Gazdag formul\u00e1ja m\u00e9ly hidrat\u00e1l\u00e1st biztos\u00edt, \u00e9s megk\u00f6nny\u00edti m\u00e9g a legink\u00e1bb \u00f6sszegubancol\u00f3dott r\u00e9szek kif\u00e9s\u00fcl\u00e9s\u00e9t is. Az olyan \u00f6sszetev\u0151k, mint a keratin, a shea vaj, a pantenol, a glicerin, a B5-provitamin \u00e9s az aloe vera m\u00e9lyen regener\u00e1lj\u00e1k, er\u0151s\u00edtik \u00e9s hidrat\u00e1lj\u00e1k a sz\u0151rzetet. A kezel\u00e9s ut\u00e1n a sz\u0151r friss, \u00e1polt, kellemes illat\u00fa \u00e9s f\u00e9nyes marad.","og_url":"https:\/\/nekmar.eu\/hu\/termek\/nekmar-magic-repair-professional-mask\/","og_site_name":"Nekmar","article_publisher":"https:\/\/www.facebook.com\/nekmarpetnutritionHU\/","article_modified_time":"2026-03-23T17:43:09+00:00","og_image":[{"width":1400,"height":1400,"url":"https:\/\/nekmar.eu\/hu\/wp-content\/uploads\/2026\/02\/Nekmar-Magic-Repair-1l-50ml.jpg","type":"image\/jpeg"}],"twitter_card":"summary_large_image","twitter_misc":{"Becs\u00fclt olvas\u00e1si id\u0151":"2 perc"},"schema":{"@context":"https:\/\/schema.org","@graph":[{"@type":"WebPage","@id":"https:\/\/nekmar.eu\/hu\/termek\/nekmar-magic-repair-professional-mask\/","url":"https:\/\/nekmar.eu\/hu\/termek\/nekmar-magic-repair-professional-mask\/","name":"Nekmar Magic Repair Professional Mask | Nekmar","isPartOf":{"@id":"https:\/\/nekmar.eu\/hu\/#website"},"primaryImageOfPage":{"@id":"https:\/\/nekmar.eu\/hu\/termek\/nekmar-magic-repair-professional-mask\/#primaryimage"},"image":{"@id":"https:\/\/nekmar.eu\/hu\/termek\/nekmar-magic-repair-professional-mask\/#primaryimage"},"thumbnailUrl":"https:\/\/nekmar.eu\/hu\/wp-content\/uploads\/2026\/02\/Nekmar-Magic-Repair-1l-50ml.jpg","datePublished":"2026-02-28T07:49:43+00:00","dateModified":"2026-03-23T17:43:09+00:00","breadcrumb":{"@id":"https:\/\/nekmar.eu\/hu\/termek\/nekmar-magic-repair-professional-mask\/#breadcrumb"},"inLanguage":"hu","potentialAction":[{"@type":"ReadAction","target":["https:\/\/nekmar.eu\/hu\/termek\/nekmar-magic-repair-professional-mask\/"]}]},{"@type":"ImageObject","inLanguage":"hu","@id":"https:\/\/nekmar.eu\/hu\/termek\/nekmar-magic-repair-professional-mask\/#primaryimage","url":"https:\/\/nekmar.eu\/hu\/wp-content\/uploads\/2026\/02\/Nekmar-Magic-Repair-1l-50ml.jpg","contentUrl":"https:\/\/nekmar.eu\/hu\/wp-content\/uploads\/2026\/02\/Nekmar-Magic-Repair-1l-50ml.jpg","width":1400,"height":1400},{"@type":"BreadcrumbList","@id":"https:\/\/nekmar.eu\/hu\/termek\/nekmar-magic-repair-professional-mask\/#breadcrumb","itemListElement":[{"@type":"ListItem","position":1,"name":"Home","item":"https:\/\/nekmar.eu\/hu\/"},{"@type":"ListItem","position":2,"name":"WEB\u00c1RUH\u00c1Z","item":"https:\/\/nekmar.eu\/hu\/webaruhaz\/"},{"@type":"ListItem","position":3,"name":"Nekmar Magic Repair Professional Mask"}]},{"@type":"WebSite","@id":"https:\/\/nekmar.eu\/hu\/#website","url":"https:\/\/nekmar.eu\/hu\/","name":"Nekmar","description":"Pet Nutrition","publisher":{"@id":"https:\/\/nekmar.eu\/hu\/#organization"},"potentialAction":[{"@type":"SearchAction","target":{"@type":"EntryPoint","urlTemplate":"https:\/\/nekmar.eu\/hu\/?s={search_term_string}"},"query-input":{"@type":"PropertyValueSpecification","valueRequired":true,"valueName":"search_term_string"}}],"inLanguage":"hu"},{"@type":"Organization","@id":"https:\/\/nekmar.eu\/hu\/#organization","name":"Nekmar Pet Nutrition Magyarorsz\u00e1g","url":"https:\/\/nekmar.eu\/hu\/","logo":{"@type":"ImageObject","inLanguage":"hu","@id":"https:\/\/nekmar.eu\/hu\/#\/schema\/logo\/image\/","url":"https:\/\/nekmar.eu\/hu\/wp-content\/uploads\/2019\/08\/Nekmar-contact.jpg","contentUrl":"https:\/\/nekmar.eu\/hu\/wp-content\/uploads\/2019\/08\/Nekmar-contact.jpg","width":600,"height":142,"caption":"Nekmar Pet Nutrition Magyarorsz\u00e1g"},"image":{"@id":"https:\/\/nekmar.eu\/hu\/#\/schema\/logo\/image\/"},"sameAs":["https:\/\/www.facebook.com\/nekmarpetnutritionHU\/","https:\/\/instagram.com\/nekmar_magyarorszag\/"]}]}},"_links":{"self":[{"href":"https:\/\/nekmar.eu\/hu\/wp-json\/wp\/v2\/product\/8110","targetHints":{"allow":["GET"]}}],"collection":[{"href":"https:\/\/nekmar.eu\/hu\/wp-json\/wp\/v2\/product"}],"about":[{"href":"https:\/\/nekmar.eu\/hu\/wp-json\/wp\/v2\/types\/product"}],"wp:featuredmedia":[{"embeddable":true,"href":"https:\/\/nekmar.eu\/hu\/wp-json\/wp\/v2\/media\/8126"}],"wp:attachment":[{"href":"https:\/\/nekmar.eu\/hu\/wp-json\/wp\/v2\/media?parent=8110"}],"wp:term":[{"taxonomy":"product_brand","embeddable":true,"href":"https:\/\/nekmar.eu\/hu\/wp-json\/wp\/v2\/product_brand?post=8110"},{"taxonomy":"product_cat","embeddable":true,"href":"https:\/\/nekmar.eu\/hu\/wp-json\/wp\/v2\/product_cat?post=8110"},{"taxonomy":"product_tag","embeddable":true,"href":"https:\/\/nekmar.eu\/hu\/wp-json\/wp\/v2\/product_tag?post=8110"}],"curies":[{"name":"wp","href":"https:\/\/api.w.org\/{rel}","templated":true}]}}