{"id":8113,"date":"2026-02-28T08:49:43","date_gmt":"2026-02-28T07:49:43","guid":{"rendered":"https:\/\/nekmar.eu\/hu\/?post_type=product&#038;p=8113"},"modified":"2026-04-16T20:43:08","modified_gmt":"2026-04-16T19:43:08","slug":"nekmar-volume-coat-professional-shampoo","status":"publish","type":"product","link":"https:\/\/nekmar.eu\/hu\/termek\/nekmar-volume-coat-professional-shampoo\/","title":{"rendered":"Nekmar Volume Coat Professional Shampoo"},"content":{"rendered":"<div class=\"wpb-content-wrapper\"><p>[vc_row css_animation=&#8221;&#8221; row_type=&#8221;row&#8221; use_row_as_full_screen_section=&#8221;no&#8221; type=&#8221;full_width&#8221; angled_section=&#8221;no&#8221; text_align=&#8221;left&#8221; background_image_as_pattern=&#8221;without_pattern&#8221;][vc_column][vc_column_text css=&#8221;&#8221;]<strong>\u00d6SSZET\u00c9TEL:<\/strong> v\u00edz, n\u00e1trium-lauret-szulf\u00e1t, kokamidopropil-betain, n\u00e1trium-klorid, illatanyag, glicerin, k\u00f3kuszolaj (*), aloe vera lev\u00e9ll\u00e9 (*), sz\u0151l\u0151magolaj, koml\u00f3kivonat, hidroliz\u00e1lt b\u00fazafeh\u00e9rje, zab lev\u00e9l\/sz\u00e1r kivonat (*), PEG-40 hidrog\u00e9nezett ricinusolaj, fenoxietanol, polikvaternium-7, propil\u00e9n-glikol, Laureth-3, szil\u00edcium-dioxid, lauril-gl\u00fckozid, citromsav, tetran\u00e1trium-glutam\u00e1t-diacet\u00e1t, etilhexilglicerin, n\u00e1trium-hidroxid, kumarin, linalool, hexametilindanopir\u00e1n, linalil-acet\u00e1t, keser\u0171narancs-h\u00e9j olaj, limon\u00e9n.<br \/>\n(*) bio gazd\u00e1lkod\u00e1sb\u00f3l<\/p>\n<p>&nbsp;<\/p>\n<p><strong>\u00d6SSZETEV\u0150K BIO GAZD\u00c1LKOD\u00c1SB\u00d3L SZ\u00c1RMAZNAK<\/strong><\/p>\n<p>&nbsp;<\/p>\n<p>\u2022 N\u00f6veli a sz\u0151rzet volumen\u00e9t \u00e9s s\u0171r\u0171s\u00e9g\u00e9t<br \/>\n\u2022 K\u00edm\u00e9letesen \u00e9s hat\u00e9konyan tiszt\u00edt<br \/>\n\u2022 \u00c1pol\u00f3 hat\u00e1s\u00fa<br \/>\n\u2022 Elt\u00e1vol\u00edtja a kellemetlen szagokat<br \/>\n\u2022 K\u00f6nny\u0171 formula<br \/>\n\u2022 Minden sz\u0151rt\u00edpushoz alkalmas<\/p>\n<p>&nbsp;<\/p>\n<p><strong>1:30 koncentr\u00e1lt formula<\/strong><\/p>\n<p>&nbsp;<\/p>\n<p><strong>HASZN\u00c1LATI UTAS\u00cdT\u00c1S:<\/strong> Ez a sampon magas koncentr\u00e1ci\u00f3j\u00fa, ez\u00e9rt haszn\u00e1lat el\u0151tt v\u00edzzel kell h\u00edg\u00edtani 1:20\u20131:30 ar\u00e1nyban, a k\u00edv\u00e1nt eredm\u00e9nyt\u0151l \u00e9s a sz\u0151r \u00e1llapot\u00e1t\u00f3l f\u00fcgg\u0151en. A sampont egyenletesen vigye fel az el\u0151zetesen benedves\u00edtett sz\u0151rre, majd gyeng\u00e9den massz\u00edrozza, am\u00edg gazdag hab k\u00e9pz\u0151dik. Alaposan \u00f6bl\u00edtse le langyos v\u00edzzel. Sz\u00fcks\u00e9g eset\u00e9n ism\u00e9telje meg a folyamatot.[\/vc_column_text][\/vc_column][\/vc_row]<\/p>\n<\/div>","protected":false},"excerpt":{"rendered":"<p>A Volume Coat sampon professzion\u00e1lis term\u00e9k, amelyet kifejezetten arra fejlesztettek ki, hogy volument adjon \u00e9s d\u00fas hat\u00e1st biztos\u00edtson minden sz\u0151rt\u00edpus sz\u00e1m\u00e1ra. Formul\u00e1ja k\u00f6nnyeds\u00e9get, telt megjelen\u00e9st \u00e9s tart\u00e1st ny\u00fajt, mik\u00f6zben m\u00e9lyen tiszt\u00edtja \u00e9s \u00e1polja a sz\u0151rzetet. A term\u00e9k jav\u00edtja a kif\u00e9s\u00fclhet\u0151s\u00e9get an\u00e9lk\u00fcl, hogy elnehez\u00edten\u00e9 a sz\u0151rt. A kezel\u00e9s ut\u00e1n a sz\u0151rzet eg\u00e9szs\u00e9ges \u00e9s t\u00e1pl\u00e1lt marad a term\u00e9szetes \u00f6sszetev\u0151knek, p\u00e9ld\u00e1ul a sz\u0151l\u0151magolajnak, aloe ver\u00e1nak, k\u00f3kuszolajnak \u00e9s b\u00fazafeh\u00e9rj\u00e9knek k\u00f6sz\u00f6nhet\u0151en.<\/p>\n","protected":false},"featured_media":8127,"template":"","meta":[],"product_brand":[],"product_cat":[136],"product_tag":[],"class_list":{"0":"post-8113","1":"product","2":"type-product","3":"status-publish","4":"has-post-thumbnail","6":"product_cat-grooming","8":"first","9":"instock","10":"taxable","11":"shipping-taxable","12":"purchasable","13":"product-type-simple"},"yoast_head":"<!-- This site is optimized with the Yoast SEO plugin v27.4 - https:\/\/yoast.com\/product\/yoast-seo-wordpress\/ -->\n<title>Nekmar Volume Coat Professional Shampoo | Nekmar<\/title>\n<meta name=\"robots\" content=\"index, follow, max-snippet:-1, max-image-preview:large, max-video-preview:-1\" \/>\n<link rel=\"canonical\" href=\"https:\/\/nekmar.eu\/hu\/termek\/nekmar-volume-coat-professional-shampoo\/\" \/>\n<meta property=\"og:locale\" content=\"hu_HU\" \/>\n<meta property=\"og:type\" content=\"article\" \/>\n<meta property=\"og:title\" content=\"Nekmar Volume Coat Professional Shampoo | Nekmar\" \/>\n<meta property=\"og:description\" content=\"A Volume Coat sampon professzion\u00e1lis term\u00e9k, amelyet kifejezetten arra fejlesztettek ki, hogy volument adjon \u00e9s d\u00fas hat\u00e1st biztos\u00edtson minden sz\u0151rt\u00edpus sz\u00e1m\u00e1ra. Formul\u00e1ja k\u00f6nnyeds\u00e9get, telt megjelen\u00e9st \u00e9s tart\u00e1st ny\u00fajt, mik\u00f6zben m\u00e9lyen tiszt\u00edtja \u00e9s \u00e1polja a sz\u0151rzetet. A term\u00e9k jav\u00edtja a kif\u00e9s\u00fclhet\u0151s\u00e9get an\u00e9lk\u00fcl, hogy elnehez\u00edten\u00e9 a sz\u0151rt. A kezel\u00e9s ut\u00e1n a sz\u0151rzet eg\u00e9szs\u00e9ges \u00e9s t\u00e1pl\u00e1lt marad a term\u00e9szetes \u00f6sszetev\u0151knek, p\u00e9ld\u00e1ul a sz\u0151l\u0151magolajnak, aloe ver\u00e1nak, k\u00f3kuszolajnak \u00e9s b\u00fazafeh\u00e9rj\u00e9knek k\u00f6sz\u00f6nhet\u0151en.\" \/>\n<meta property=\"og:url\" content=\"https:\/\/nekmar.eu\/hu\/termek\/nekmar-volume-coat-professional-shampoo\/\" \/>\n<meta property=\"og:site_name\" content=\"Nekmar\" \/>\n<meta property=\"article:publisher\" content=\"https:\/\/www.facebook.com\/nekmarpetnutritionHU\/\" \/>\n<meta property=\"article:modified_time\" content=\"2026-04-16T19:43:08+00:00\" \/>\n<meta property=\"og:image\" content=\"https:\/\/nekmar.eu\/hu\/wp-content\/uploads\/2026\/02\/Nekmar-Volume-Coat-3l.jpg\" \/>\n\t<meta property=\"og:image:width\" content=\"1400\" \/>\n\t<meta property=\"og:image:height\" content=\"1400\" \/>\n\t<meta property=\"og:image:type\" content=\"image\/jpeg\" \/>\n<meta name=\"twitter:card\" content=\"summary_large_image\" \/>\n<meta name=\"twitter:label1\" content=\"Becs\u00fclt olvas\u00e1si id\u0151\" \/>\n\t<meta name=\"twitter:data1\" content=\"1 perc\" \/>\n<script type=\"application\/ld+json\" class=\"yoast-schema-graph\">{\"@context\":\"https:\\\/\\\/schema.org\",\"@graph\":[{\"@type\":\"WebPage\",\"@id\":\"https:\\\/\\\/nekmar.eu\\\/hu\\\/termek\\\/nekmar-volume-coat-professional-shampoo\\\/\",\"url\":\"https:\\\/\\\/nekmar.eu\\\/hu\\\/termek\\\/nekmar-volume-coat-professional-shampoo\\\/\",\"name\":\"Nekmar Volume Coat Professional Shampoo | Nekmar\",\"isPartOf\":{\"@id\":\"https:\\\/\\\/nekmar.eu\\\/hu\\\/#website\"},\"primaryImageOfPage\":{\"@id\":\"https:\\\/\\\/nekmar.eu\\\/hu\\\/termek\\\/nekmar-volume-coat-professional-shampoo\\\/#primaryimage\"},\"image\":{\"@id\":\"https:\\\/\\\/nekmar.eu\\\/hu\\\/termek\\\/nekmar-volume-coat-professional-shampoo\\\/#primaryimage\"},\"thumbnailUrl\":\"https:\\\/\\\/nekmar.eu\\\/hu\\\/wp-content\\\/uploads\\\/2026\\\/02\\\/Nekmar-Volume-Coat-3l.jpg\",\"datePublished\":\"2026-02-28T07:49:43+00:00\",\"dateModified\":\"2026-04-16T19:43:08+00:00\",\"breadcrumb\":{\"@id\":\"https:\\\/\\\/nekmar.eu\\\/hu\\\/termek\\\/nekmar-volume-coat-professional-shampoo\\\/#breadcrumb\"},\"inLanguage\":\"hu\",\"potentialAction\":[{\"@type\":\"ReadAction\",\"target\":[\"https:\\\/\\\/nekmar.eu\\\/hu\\\/termek\\\/nekmar-volume-coat-professional-shampoo\\\/\"]}]},{\"@type\":\"ImageObject\",\"inLanguage\":\"hu\",\"@id\":\"https:\\\/\\\/nekmar.eu\\\/hu\\\/termek\\\/nekmar-volume-coat-professional-shampoo\\\/#primaryimage\",\"url\":\"https:\\\/\\\/nekmar.eu\\\/hu\\\/wp-content\\\/uploads\\\/2026\\\/02\\\/Nekmar-Volume-Coat-3l.jpg\",\"contentUrl\":\"https:\\\/\\\/nekmar.eu\\\/hu\\\/wp-content\\\/uploads\\\/2026\\\/02\\\/Nekmar-Volume-Coat-3l.jpg\",\"width\":1400,\"height\":1400},{\"@type\":\"BreadcrumbList\",\"@id\":\"https:\\\/\\\/nekmar.eu\\\/hu\\\/termek\\\/nekmar-volume-coat-professional-shampoo\\\/#breadcrumb\",\"itemListElement\":[{\"@type\":\"ListItem\",\"position\":1,\"name\":\"Home\",\"item\":\"https:\\\/\\\/nekmar.eu\\\/hu\\\/\"},{\"@type\":\"ListItem\",\"position\":2,\"name\":\"WEB\u00c1RUH\u00c1Z\",\"item\":\"https:\\\/\\\/nekmar.eu\\\/hu\\\/webaruhaz\\\/\"},{\"@type\":\"ListItem\",\"position\":3,\"name\":\"Nekmar Volume Coat Professional Shampoo\"}]},{\"@type\":\"WebSite\",\"@id\":\"https:\\\/\\\/nekmar.eu\\\/hu\\\/#website\",\"url\":\"https:\\\/\\\/nekmar.eu\\\/hu\\\/\",\"name\":\"Nekmar\",\"description\":\"Pet Nutrition\",\"publisher\":{\"@id\":\"https:\\\/\\\/nekmar.eu\\\/hu\\\/#organization\"},\"potentialAction\":[{\"@type\":\"SearchAction\",\"target\":{\"@type\":\"EntryPoint\",\"urlTemplate\":\"https:\\\/\\\/nekmar.eu\\\/hu\\\/?s={search_term_string}\"},\"query-input\":{\"@type\":\"PropertyValueSpecification\",\"valueRequired\":true,\"valueName\":\"search_term_string\"}}],\"inLanguage\":\"hu\"},{\"@type\":\"Organization\",\"@id\":\"https:\\\/\\\/nekmar.eu\\\/hu\\\/#organization\",\"name\":\"Nekmar Pet Nutrition Magyarorsz\u00e1g\",\"url\":\"https:\\\/\\\/nekmar.eu\\\/hu\\\/\",\"logo\":{\"@type\":\"ImageObject\",\"inLanguage\":\"hu\",\"@id\":\"https:\\\/\\\/nekmar.eu\\\/hu\\\/#\\\/schema\\\/logo\\\/image\\\/\",\"url\":\"https:\\\/\\\/nekmar.eu\\\/hu\\\/wp-content\\\/uploads\\\/2019\\\/08\\\/Nekmar-contact.jpg\",\"contentUrl\":\"https:\\\/\\\/nekmar.eu\\\/hu\\\/wp-content\\\/uploads\\\/2019\\\/08\\\/Nekmar-contact.jpg\",\"width\":600,\"height\":142,\"caption\":\"Nekmar Pet Nutrition Magyarorsz\u00e1g\"},\"image\":{\"@id\":\"https:\\\/\\\/nekmar.eu\\\/hu\\\/#\\\/schema\\\/logo\\\/image\\\/\"},\"sameAs\":[\"https:\\\/\\\/www.facebook.com\\\/nekmarpetnutritionHU\\\/\",\"https:\\\/\\\/instagram.com\\\/nekmar_magyarorszag\\\/\"]}]}<\/script>\n<!-- \/ Yoast SEO plugin. -->","yoast_head_json":{"title":"Nekmar Volume Coat Professional Shampoo | Nekmar","robots":{"index":"index","follow":"follow","max-snippet":"max-snippet:-1","max-image-preview":"max-image-preview:large","max-video-preview":"max-video-preview:-1"},"canonical":"https:\/\/nekmar.eu\/hu\/termek\/nekmar-volume-coat-professional-shampoo\/","og_locale":"hu_HU","og_type":"article","og_title":"Nekmar Volume Coat Professional Shampoo | Nekmar","og_description":"A Volume Coat sampon professzion\u00e1lis term\u00e9k, amelyet kifejezetten arra fejlesztettek ki, hogy volument adjon \u00e9s d\u00fas hat\u00e1st biztos\u00edtson minden sz\u0151rt\u00edpus sz\u00e1m\u00e1ra. Formul\u00e1ja k\u00f6nnyeds\u00e9get, telt megjelen\u00e9st \u00e9s tart\u00e1st ny\u00fajt, mik\u00f6zben m\u00e9lyen tiszt\u00edtja \u00e9s \u00e1polja a sz\u0151rzetet. A term\u00e9k jav\u00edtja a kif\u00e9s\u00fclhet\u0151s\u00e9get an\u00e9lk\u00fcl, hogy elnehez\u00edten\u00e9 a sz\u0151rt. A kezel\u00e9s ut\u00e1n a sz\u0151rzet eg\u00e9szs\u00e9ges \u00e9s t\u00e1pl\u00e1lt marad a term\u00e9szetes \u00f6sszetev\u0151knek, p\u00e9ld\u00e1ul a sz\u0151l\u0151magolajnak, aloe ver\u00e1nak, k\u00f3kuszolajnak \u00e9s b\u00fazafeh\u00e9rj\u00e9knek k\u00f6sz\u00f6nhet\u0151en.","og_url":"https:\/\/nekmar.eu\/hu\/termek\/nekmar-volume-coat-professional-shampoo\/","og_site_name":"Nekmar","article_publisher":"https:\/\/www.facebook.com\/nekmarpetnutritionHU\/","article_modified_time":"2026-04-16T19:43:08+00:00","og_image":[{"width":1400,"height":1400,"url":"https:\/\/nekmar.eu\/hu\/wp-content\/uploads\/2026\/02\/Nekmar-Volume-Coat-3l.jpg","type":"image\/jpeg"}],"twitter_card":"summary_large_image","twitter_misc":{"Becs\u00fclt olvas\u00e1si id\u0151":"1 perc"},"schema":{"@context":"https:\/\/schema.org","@graph":[{"@type":"WebPage","@id":"https:\/\/nekmar.eu\/hu\/termek\/nekmar-volume-coat-professional-shampoo\/","url":"https:\/\/nekmar.eu\/hu\/termek\/nekmar-volume-coat-professional-shampoo\/","name":"Nekmar Volume Coat Professional Shampoo | Nekmar","isPartOf":{"@id":"https:\/\/nekmar.eu\/hu\/#website"},"primaryImageOfPage":{"@id":"https:\/\/nekmar.eu\/hu\/termek\/nekmar-volume-coat-professional-shampoo\/#primaryimage"},"image":{"@id":"https:\/\/nekmar.eu\/hu\/termek\/nekmar-volume-coat-professional-shampoo\/#primaryimage"},"thumbnailUrl":"https:\/\/nekmar.eu\/hu\/wp-content\/uploads\/2026\/02\/Nekmar-Volume-Coat-3l.jpg","datePublished":"2026-02-28T07:49:43+00:00","dateModified":"2026-04-16T19:43:08+00:00","breadcrumb":{"@id":"https:\/\/nekmar.eu\/hu\/termek\/nekmar-volume-coat-professional-shampoo\/#breadcrumb"},"inLanguage":"hu","potentialAction":[{"@type":"ReadAction","target":["https:\/\/nekmar.eu\/hu\/termek\/nekmar-volume-coat-professional-shampoo\/"]}]},{"@type":"ImageObject","inLanguage":"hu","@id":"https:\/\/nekmar.eu\/hu\/termek\/nekmar-volume-coat-professional-shampoo\/#primaryimage","url":"https:\/\/nekmar.eu\/hu\/wp-content\/uploads\/2026\/02\/Nekmar-Volume-Coat-3l.jpg","contentUrl":"https:\/\/nekmar.eu\/hu\/wp-content\/uploads\/2026\/02\/Nekmar-Volume-Coat-3l.jpg","width":1400,"height":1400},{"@type":"BreadcrumbList","@id":"https:\/\/nekmar.eu\/hu\/termek\/nekmar-volume-coat-professional-shampoo\/#breadcrumb","itemListElement":[{"@type":"ListItem","position":1,"name":"Home","item":"https:\/\/nekmar.eu\/hu\/"},{"@type":"ListItem","position":2,"name":"WEB\u00c1RUH\u00c1Z","item":"https:\/\/nekmar.eu\/hu\/webaruhaz\/"},{"@type":"ListItem","position":3,"name":"Nekmar Volume Coat Professional Shampoo"}]},{"@type":"WebSite","@id":"https:\/\/nekmar.eu\/hu\/#website","url":"https:\/\/nekmar.eu\/hu\/","name":"Nekmar","description":"Pet Nutrition","publisher":{"@id":"https:\/\/nekmar.eu\/hu\/#organization"},"potentialAction":[{"@type":"SearchAction","target":{"@type":"EntryPoint","urlTemplate":"https:\/\/nekmar.eu\/hu\/?s={search_term_string}"},"query-input":{"@type":"PropertyValueSpecification","valueRequired":true,"valueName":"search_term_string"}}],"inLanguage":"hu"},{"@type":"Organization","@id":"https:\/\/nekmar.eu\/hu\/#organization","name":"Nekmar Pet Nutrition Magyarorsz\u00e1g","url":"https:\/\/nekmar.eu\/hu\/","logo":{"@type":"ImageObject","inLanguage":"hu","@id":"https:\/\/nekmar.eu\/hu\/#\/schema\/logo\/image\/","url":"https:\/\/nekmar.eu\/hu\/wp-content\/uploads\/2019\/08\/Nekmar-contact.jpg","contentUrl":"https:\/\/nekmar.eu\/hu\/wp-content\/uploads\/2019\/08\/Nekmar-contact.jpg","width":600,"height":142,"caption":"Nekmar Pet Nutrition Magyarorsz\u00e1g"},"image":{"@id":"https:\/\/nekmar.eu\/hu\/#\/schema\/logo\/image\/"},"sameAs":["https:\/\/www.facebook.com\/nekmarpetnutritionHU\/","https:\/\/instagram.com\/nekmar_magyarorszag\/"]}]}},"_links":{"self":[{"href":"https:\/\/nekmar.eu\/hu\/wp-json\/wp\/v2\/product\/8113","targetHints":{"allow":["GET"]}}],"collection":[{"href":"https:\/\/nekmar.eu\/hu\/wp-json\/wp\/v2\/product"}],"about":[{"href":"https:\/\/nekmar.eu\/hu\/wp-json\/wp\/v2\/types\/product"}],"wp:featuredmedia":[{"embeddable":true,"href":"https:\/\/nekmar.eu\/hu\/wp-json\/wp\/v2\/media\/8127"}],"wp:attachment":[{"href":"https:\/\/nekmar.eu\/hu\/wp-json\/wp\/v2\/media?parent=8113"}],"wp:term":[{"taxonomy":"product_brand","embeddable":true,"href":"https:\/\/nekmar.eu\/hu\/wp-json\/wp\/v2\/product_brand?post=8113"},{"taxonomy":"product_cat","embeddable":true,"href":"https:\/\/nekmar.eu\/hu\/wp-json\/wp\/v2\/product_cat?post=8113"},{"taxonomy":"product_tag","embeddable":true,"href":"https:\/\/nekmar.eu\/hu\/wp-json\/wp\/v2\/product_tag?post=8113"}],"curies":[{"name":"wp","href":"https:\/\/api.w.org\/{rel}","templated":true}]}}