{"id":8114,"date":"2026-02-28T08:49:43","date_gmt":"2026-02-28T07:49:43","guid":{"rendered":"https:\/\/nekmar.eu\/hu\/?post_type=product&#038;p=8114"},"modified":"2026-03-15T19:26:52","modified_gmt":"2026-03-15T18:26:52","slug":"nekmar-derma-relief-professional-formula","status":"publish","type":"product","link":"https:\/\/nekmar.eu\/hu\/termek\/nekmar-derma-relief-professional-formula\/","title":{"rendered":"Nekmar Derma Relief Professional Formula"},"content":{"rendered":"<div class=\"wpb-content-wrapper\"><p>[vc_row css_animation=&#8221;&#8221; row_type=&#8221;row&#8221; use_row_as_full_screen_section=&#8221;no&#8221; type=&#8221;full_width&#8221; angled_section=&#8221;no&#8221; text_align=&#8221;left&#8221; background_image_as_pattern=&#8221;without_pattern&#8221;][vc_column][vc_column_text css=&#8221;&#8221;]<strong>\u00d6SSZET\u00c9TEL:<\/strong> v\u00edz, n\u00e1trium-lauret-szulf\u00e1t, kokamidopropil-betain, glicerin, n\u00e1trium-klorid, PEG-40 hidrog\u00e9nezett ricinusolaj, kl\u00f3rhexidin-digl\u00fckon\u00e1t, teafaolaj, k\u00ednai bogy\u00f3olaj, fenoxietanol, polikvaternium-7, Laureth-3, propil\u00e9n-glikol, lauril-gl\u00fckozid, tetran\u00e1trium-glutam\u00e1t-diacet\u00e1t, etilhexilglicerin, n\u00e1trium-hidroxid, alfa-terpin\u00e9n, terpineol, pin\u00e9n.<\/p>\n<p>&nbsp;<\/p>\n<p>\u2022 S\u00e9r\u00fclt, fert\u0151z\u00f6tt \u00e9s gyulladt b\u0151r\u00f6n \u00e9s sz\u0151rzeten val\u00f3 haszn\u00e1latra alkalmas<br \/>\n\u2022 K\u00edm\u00e9letesen tiszt\u00edt \u00e9s nyugtat minden sz\u0151rt\u00edpust<br \/>\n\u2022 Term\u00e9szetes v\u00e9d\u0151 \u00e9s tiszt\u00edt\u00f3 tulajdons\u00e1gokat biztos\u00edt<\/p>\n<p>&nbsp;<\/p>\n<p><strong>HASZN\u00c1LATI UTAS\u00cdT\u00c1S:<\/strong> Vigye fel a sampont az el\u0151zetesen benedves\u00edtett sz\u0151rre, egyenletesen oszlassa el, majd gyeng\u00e9den massz\u00edrozza be. A maxim\u00e1lis hat\u00e1s \u00e9rdek\u00e9ben hagyja hatni 10 percig, majd alaposan \u00f6bl\u00edtse le langyos v\u00edzzel. Sz\u00fcks\u00e9g eset\u00e9n ism\u00e9telje meg a folyamatot.[\/vc_column_text][\/vc_column][\/vc_row]<\/p>\n<\/div>","protected":false},"excerpt":{"rendered":"<p>A Nekmar Derma Relief egy speci\u00e1lis formula, amely \u00e9rz\u00e9keny, s\u00e9r\u00fclt \u00e9s irrit\u00e1lt b\u0151r\u00f6n \u00e9s sz\u0151rzeten t\u00f6rt\u00e9n\u0151 haszn\u00e1latra alkalmas. Hat\u00e9konyan tiszt\u00edtja a sz\u0151rzetet, \u00e9s a gondosan kiv\u00e1lasztott term\u00e9szetes \u00f6sszetev\u0151k \u2013 p\u00e9ld\u00e1ul a neemolaj, a teafaolaj \u00e9s a ricinusolaj \u2013 kombin\u00e1ci\u00f3j\u00e1nak k\u00f6sz\u00f6nhet\u0151en nyugtat\u00f3 \u00e9s regener\u00e1l\u00f3 hat\u00e1s\u00fa, seg\u00edti a b\u0151r h\u00e1mlaszt\u00e1s\u00e1t, valamint revitaliz\u00e1lja a b\u0151rt \u00e9s a sz\u0151rzetet.<\/p>\n","protected":false},"featured_media":8128,"template":"","meta":[],"product_brand":[],"product_cat":[136],"product_tag":[],"class_list":{"0":"post-8114","1":"product","2":"type-product","3":"status-publish","4":"has-post-thumbnail","6":"product_cat-grooming","8":"first","9":"instock","10":"taxable","11":"shipping-taxable","12":"purchasable","13":"product-type-simple"},"yoast_head":"<!-- This site is optimized with the Yoast SEO plugin v27.4 - https:\/\/yoast.com\/product\/yoast-seo-wordpress\/ -->\n<title>Nekmar Derma Relief Professional Formula | Nekmar<\/title>\n<meta name=\"robots\" content=\"index, follow, max-snippet:-1, max-image-preview:large, max-video-preview:-1\" \/>\n<link rel=\"canonical\" href=\"https:\/\/nekmar.eu\/hu\/termek\/nekmar-derma-relief-professional-formula\/\" \/>\n<meta property=\"og:locale\" content=\"hu_HU\" \/>\n<meta property=\"og:type\" content=\"article\" \/>\n<meta property=\"og:title\" content=\"Nekmar Derma Relief Professional Formula | Nekmar\" \/>\n<meta property=\"og:description\" content=\"A Nekmar Derma Relief egy speci\u00e1lis formula, amely \u00e9rz\u00e9keny, s\u00e9r\u00fclt \u00e9s irrit\u00e1lt b\u0151r\u00f6n \u00e9s sz\u0151rzeten t\u00f6rt\u00e9n\u0151 haszn\u00e1latra alkalmas. Hat\u00e9konyan tiszt\u00edtja a sz\u0151rzetet, \u00e9s a gondosan kiv\u00e1lasztott term\u00e9szetes \u00f6sszetev\u0151k \u2013 p\u00e9ld\u00e1ul a neemolaj, a teafaolaj \u00e9s a ricinusolaj \u2013 kombin\u00e1ci\u00f3j\u00e1nak k\u00f6sz\u00f6nhet\u0151en nyugtat\u00f3 \u00e9s regener\u00e1l\u00f3 hat\u00e1s\u00fa, seg\u00edti a b\u0151r h\u00e1mlaszt\u00e1s\u00e1t, valamint revitaliz\u00e1lja a b\u0151rt \u00e9s a sz\u0151rzetet.\" \/>\n<meta property=\"og:url\" content=\"https:\/\/nekmar.eu\/hu\/termek\/nekmar-derma-relief-professional-formula\/\" \/>\n<meta property=\"og:site_name\" content=\"Nekmar\" \/>\n<meta property=\"article:publisher\" content=\"https:\/\/www.facebook.com\/nekmarpetnutritionHU\/\" \/>\n<meta property=\"article:modified_time\" content=\"2026-03-15T18:26:52+00:00\" \/>\n<meta property=\"og:image\" content=\"https:\/\/nekmar.eu\/hu\/wp-content\/uploads\/2026\/02\/Nekmar-Derma-Relief-3l.jpg\" \/>\n\t<meta property=\"og:image:width\" content=\"1400\" \/>\n\t<meta property=\"og:image:height\" content=\"1400\" \/>\n\t<meta property=\"og:image:type\" content=\"image\/jpeg\" \/>\n<meta name=\"twitter:card\" content=\"summary_large_image\" \/>\n<meta name=\"twitter:label1\" content=\"Becs\u00fclt olvas\u00e1si id\u0151\" \/>\n\t<meta name=\"twitter:data1\" content=\"1 perc\" \/>\n<script type=\"application\/ld+json\" class=\"yoast-schema-graph\">{\"@context\":\"https:\\\/\\\/schema.org\",\"@graph\":[{\"@type\":\"WebPage\",\"@id\":\"https:\\\/\\\/nekmar.eu\\\/hu\\\/termek\\\/nekmar-derma-relief-professional-formula\\\/\",\"url\":\"https:\\\/\\\/nekmar.eu\\\/hu\\\/termek\\\/nekmar-derma-relief-professional-formula\\\/\",\"name\":\"Nekmar Derma Relief Professional Formula | Nekmar\",\"isPartOf\":{\"@id\":\"https:\\\/\\\/nekmar.eu\\\/hu\\\/#website\"},\"primaryImageOfPage\":{\"@id\":\"https:\\\/\\\/nekmar.eu\\\/hu\\\/termek\\\/nekmar-derma-relief-professional-formula\\\/#primaryimage\"},\"image\":{\"@id\":\"https:\\\/\\\/nekmar.eu\\\/hu\\\/termek\\\/nekmar-derma-relief-professional-formula\\\/#primaryimage\"},\"thumbnailUrl\":\"https:\\\/\\\/nekmar.eu\\\/hu\\\/wp-content\\\/uploads\\\/2026\\\/02\\\/Nekmar-Derma-Relief-3l.jpg\",\"datePublished\":\"2026-02-28T07:49:43+00:00\",\"dateModified\":\"2026-03-15T18:26:52+00:00\",\"breadcrumb\":{\"@id\":\"https:\\\/\\\/nekmar.eu\\\/hu\\\/termek\\\/nekmar-derma-relief-professional-formula\\\/#breadcrumb\"},\"inLanguage\":\"hu\",\"potentialAction\":[{\"@type\":\"ReadAction\",\"target\":[\"https:\\\/\\\/nekmar.eu\\\/hu\\\/termek\\\/nekmar-derma-relief-professional-formula\\\/\"]}]},{\"@type\":\"ImageObject\",\"inLanguage\":\"hu\",\"@id\":\"https:\\\/\\\/nekmar.eu\\\/hu\\\/termek\\\/nekmar-derma-relief-professional-formula\\\/#primaryimage\",\"url\":\"https:\\\/\\\/nekmar.eu\\\/hu\\\/wp-content\\\/uploads\\\/2026\\\/02\\\/Nekmar-Derma-Relief-3l.jpg\",\"contentUrl\":\"https:\\\/\\\/nekmar.eu\\\/hu\\\/wp-content\\\/uploads\\\/2026\\\/02\\\/Nekmar-Derma-Relief-3l.jpg\",\"width\":1400,\"height\":1400},{\"@type\":\"BreadcrumbList\",\"@id\":\"https:\\\/\\\/nekmar.eu\\\/hu\\\/termek\\\/nekmar-derma-relief-professional-formula\\\/#breadcrumb\",\"itemListElement\":[{\"@type\":\"ListItem\",\"position\":1,\"name\":\"Home\",\"item\":\"https:\\\/\\\/nekmar.eu\\\/hu\\\/\"},{\"@type\":\"ListItem\",\"position\":2,\"name\":\"WEB\u00c1RUH\u00c1Z\",\"item\":\"https:\\\/\\\/nekmar.eu\\\/hu\\\/webaruhaz\\\/\"},{\"@type\":\"ListItem\",\"position\":3,\"name\":\"Nekmar Derma Relief Professional Formula\"}]},{\"@type\":\"WebSite\",\"@id\":\"https:\\\/\\\/nekmar.eu\\\/hu\\\/#website\",\"url\":\"https:\\\/\\\/nekmar.eu\\\/hu\\\/\",\"name\":\"Nekmar\",\"description\":\"Pet Nutrition\",\"publisher\":{\"@id\":\"https:\\\/\\\/nekmar.eu\\\/hu\\\/#organization\"},\"potentialAction\":[{\"@type\":\"SearchAction\",\"target\":{\"@type\":\"EntryPoint\",\"urlTemplate\":\"https:\\\/\\\/nekmar.eu\\\/hu\\\/?s={search_term_string}\"},\"query-input\":{\"@type\":\"PropertyValueSpecification\",\"valueRequired\":true,\"valueName\":\"search_term_string\"}}],\"inLanguage\":\"hu\"},{\"@type\":\"Organization\",\"@id\":\"https:\\\/\\\/nekmar.eu\\\/hu\\\/#organization\",\"name\":\"Nekmar Pet Nutrition Magyarorsz\u00e1g\",\"url\":\"https:\\\/\\\/nekmar.eu\\\/hu\\\/\",\"logo\":{\"@type\":\"ImageObject\",\"inLanguage\":\"hu\",\"@id\":\"https:\\\/\\\/nekmar.eu\\\/hu\\\/#\\\/schema\\\/logo\\\/image\\\/\",\"url\":\"https:\\\/\\\/nekmar.eu\\\/hu\\\/wp-content\\\/uploads\\\/2019\\\/08\\\/Nekmar-contact.jpg\",\"contentUrl\":\"https:\\\/\\\/nekmar.eu\\\/hu\\\/wp-content\\\/uploads\\\/2019\\\/08\\\/Nekmar-contact.jpg\",\"width\":600,\"height\":142,\"caption\":\"Nekmar Pet Nutrition Magyarorsz\u00e1g\"},\"image\":{\"@id\":\"https:\\\/\\\/nekmar.eu\\\/hu\\\/#\\\/schema\\\/logo\\\/image\\\/\"},\"sameAs\":[\"https:\\\/\\\/www.facebook.com\\\/nekmarpetnutritionHU\\\/\",\"https:\\\/\\\/instagram.com\\\/nekmar_magyarorszag\\\/\"]}]}<\/script>\n<!-- \/ Yoast SEO plugin. -->","yoast_head_json":{"title":"Nekmar Derma Relief Professional Formula | Nekmar","robots":{"index":"index","follow":"follow","max-snippet":"max-snippet:-1","max-image-preview":"max-image-preview:large","max-video-preview":"max-video-preview:-1"},"canonical":"https:\/\/nekmar.eu\/hu\/termek\/nekmar-derma-relief-professional-formula\/","og_locale":"hu_HU","og_type":"article","og_title":"Nekmar Derma Relief Professional Formula | Nekmar","og_description":"A Nekmar Derma Relief egy speci\u00e1lis formula, amely \u00e9rz\u00e9keny, s\u00e9r\u00fclt \u00e9s irrit\u00e1lt b\u0151r\u00f6n \u00e9s sz\u0151rzeten t\u00f6rt\u00e9n\u0151 haszn\u00e1latra alkalmas. Hat\u00e9konyan tiszt\u00edtja a sz\u0151rzetet, \u00e9s a gondosan kiv\u00e1lasztott term\u00e9szetes \u00f6sszetev\u0151k \u2013 p\u00e9ld\u00e1ul a neemolaj, a teafaolaj \u00e9s a ricinusolaj \u2013 kombin\u00e1ci\u00f3j\u00e1nak k\u00f6sz\u00f6nhet\u0151en nyugtat\u00f3 \u00e9s regener\u00e1l\u00f3 hat\u00e1s\u00fa, seg\u00edti a b\u0151r h\u00e1mlaszt\u00e1s\u00e1t, valamint revitaliz\u00e1lja a b\u0151rt \u00e9s a sz\u0151rzetet.","og_url":"https:\/\/nekmar.eu\/hu\/termek\/nekmar-derma-relief-professional-formula\/","og_site_name":"Nekmar","article_publisher":"https:\/\/www.facebook.com\/nekmarpetnutritionHU\/","article_modified_time":"2026-03-15T18:26:52+00:00","og_image":[{"width":1400,"height":1400,"url":"https:\/\/nekmar.eu\/hu\/wp-content\/uploads\/2026\/02\/Nekmar-Derma-Relief-3l.jpg","type":"image\/jpeg"}],"twitter_card":"summary_large_image","twitter_misc":{"Becs\u00fclt olvas\u00e1si id\u0151":"1 perc"},"schema":{"@context":"https:\/\/schema.org","@graph":[{"@type":"WebPage","@id":"https:\/\/nekmar.eu\/hu\/termek\/nekmar-derma-relief-professional-formula\/","url":"https:\/\/nekmar.eu\/hu\/termek\/nekmar-derma-relief-professional-formula\/","name":"Nekmar Derma Relief Professional Formula | Nekmar","isPartOf":{"@id":"https:\/\/nekmar.eu\/hu\/#website"},"primaryImageOfPage":{"@id":"https:\/\/nekmar.eu\/hu\/termek\/nekmar-derma-relief-professional-formula\/#primaryimage"},"image":{"@id":"https:\/\/nekmar.eu\/hu\/termek\/nekmar-derma-relief-professional-formula\/#primaryimage"},"thumbnailUrl":"https:\/\/nekmar.eu\/hu\/wp-content\/uploads\/2026\/02\/Nekmar-Derma-Relief-3l.jpg","datePublished":"2026-02-28T07:49:43+00:00","dateModified":"2026-03-15T18:26:52+00:00","breadcrumb":{"@id":"https:\/\/nekmar.eu\/hu\/termek\/nekmar-derma-relief-professional-formula\/#breadcrumb"},"inLanguage":"hu","potentialAction":[{"@type":"ReadAction","target":["https:\/\/nekmar.eu\/hu\/termek\/nekmar-derma-relief-professional-formula\/"]}]},{"@type":"ImageObject","inLanguage":"hu","@id":"https:\/\/nekmar.eu\/hu\/termek\/nekmar-derma-relief-professional-formula\/#primaryimage","url":"https:\/\/nekmar.eu\/hu\/wp-content\/uploads\/2026\/02\/Nekmar-Derma-Relief-3l.jpg","contentUrl":"https:\/\/nekmar.eu\/hu\/wp-content\/uploads\/2026\/02\/Nekmar-Derma-Relief-3l.jpg","width":1400,"height":1400},{"@type":"BreadcrumbList","@id":"https:\/\/nekmar.eu\/hu\/termek\/nekmar-derma-relief-professional-formula\/#breadcrumb","itemListElement":[{"@type":"ListItem","position":1,"name":"Home","item":"https:\/\/nekmar.eu\/hu\/"},{"@type":"ListItem","position":2,"name":"WEB\u00c1RUH\u00c1Z","item":"https:\/\/nekmar.eu\/hu\/webaruhaz\/"},{"@type":"ListItem","position":3,"name":"Nekmar Derma Relief Professional Formula"}]},{"@type":"WebSite","@id":"https:\/\/nekmar.eu\/hu\/#website","url":"https:\/\/nekmar.eu\/hu\/","name":"Nekmar","description":"Pet Nutrition","publisher":{"@id":"https:\/\/nekmar.eu\/hu\/#organization"},"potentialAction":[{"@type":"SearchAction","target":{"@type":"EntryPoint","urlTemplate":"https:\/\/nekmar.eu\/hu\/?s={search_term_string}"},"query-input":{"@type":"PropertyValueSpecification","valueRequired":true,"valueName":"search_term_string"}}],"inLanguage":"hu"},{"@type":"Organization","@id":"https:\/\/nekmar.eu\/hu\/#organization","name":"Nekmar Pet Nutrition Magyarorsz\u00e1g","url":"https:\/\/nekmar.eu\/hu\/","logo":{"@type":"ImageObject","inLanguage":"hu","@id":"https:\/\/nekmar.eu\/hu\/#\/schema\/logo\/image\/","url":"https:\/\/nekmar.eu\/hu\/wp-content\/uploads\/2019\/08\/Nekmar-contact.jpg","contentUrl":"https:\/\/nekmar.eu\/hu\/wp-content\/uploads\/2019\/08\/Nekmar-contact.jpg","width":600,"height":142,"caption":"Nekmar Pet Nutrition Magyarorsz\u00e1g"},"image":{"@id":"https:\/\/nekmar.eu\/hu\/#\/schema\/logo\/image\/"},"sameAs":["https:\/\/www.facebook.com\/nekmarpetnutritionHU\/","https:\/\/instagram.com\/nekmar_magyarorszag\/"]}]}},"_links":{"self":[{"href":"https:\/\/nekmar.eu\/hu\/wp-json\/wp\/v2\/product\/8114","targetHints":{"allow":["GET"]}}],"collection":[{"href":"https:\/\/nekmar.eu\/hu\/wp-json\/wp\/v2\/product"}],"about":[{"href":"https:\/\/nekmar.eu\/hu\/wp-json\/wp\/v2\/types\/product"}],"wp:featuredmedia":[{"embeddable":true,"href":"https:\/\/nekmar.eu\/hu\/wp-json\/wp\/v2\/media\/8128"}],"wp:attachment":[{"href":"https:\/\/nekmar.eu\/hu\/wp-json\/wp\/v2\/media?parent=8114"}],"wp:term":[{"taxonomy":"product_brand","embeddable":true,"href":"https:\/\/nekmar.eu\/hu\/wp-json\/wp\/v2\/product_brand?post=8114"},{"taxonomy":"product_cat","embeddable":true,"href":"https:\/\/nekmar.eu\/hu\/wp-json\/wp\/v2\/product_cat?post=8114"},{"taxonomy":"product_tag","embeddable":true,"href":"https:\/\/nekmar.eu\/hu\/wp-json\/wp\/v2\/product_tag?post=8114"}],"curies":[{"name":"wp","href":"https:\/\/api.w.org\/{rel}","templated":true}]}}