{"id":662,"date":"2019-09-08T08:07:25","date_gmt":"2019-09-08T08:07:25","guid":{"rendered":"https:\/\/nekmar.eu\/mk\/?post_type=product&#038;p=662"},"modified":"2026-03-08T18:04:45","modified_gmt":"2026-03-08T18:04:45","slug":"nekmar-adult-small-medium","status":"publish","type":"product","link":"https:\/\/nekmar.eu\/mk\/proizvod\/nekmar-adult-small-medium\/","title":{"rendered":"Nekmar Low Grain Adult Small &#038; Medium"},"content":{"rendered":"<div class=\"wpb-content-wrapper\"><p>[vc_row css_animation=&#8221;&#8221; row_type=&#8221;row&#8221; use_row_as_full_screen_section=&#8221;no&#8221; type=&#8221;full_width&#8221; angled_section=&#8221;no&#8221; text_align=&#8221;left&#8221; background_image_as_pattern=&#8221;without_pattern&#8221;][vc_column][vc_column_text]<strong>\u0421\u041e\u0421\u0422\u041e\u0408\u041a\u0418:<\/strong> \u043f\u0438\u043b\u0435\u0448\u043a\u043e \u043c\u0435\u0441\u043e 38% (\u043e\u0434 \u043a\u043e\u0438 \u0441\u0432\u0435\u0436\u043e \u043f\u0438\u043b\u0435\u0448\u043a\u043e \u043c\u0435\u0441\u043e 15%), \u043a\u0430\u0444\u0435\u0430\u0432 \u043e\u0440\u0438\u0437 23%, \u0433\u0440\u0430\u0448\u043e\u043a, \u043f\u0438\u043b\u0435\u0448\u043a\u0438 \u043c\u0430\u0441\u043d\u043e\u0442\u0438\u0438 10%, \u0433\u0440\u0430\u0432, \u043a\u043e\u043c\u043f\u0438\u0440\u0438, \u0441\u0435\u043c\u0435 \u043e\u0434 \u043b\u0435\u043d, \u0441\u0443\u0432\u043e \u043f\u0443\u043b\u043f\u0430 \u043e\u0434 \u0440\u0435\u043f\u043a\u0430, \u0445\u0438\u0434\u0440\u043e\u043b\u0438\u0437\u0438\u0440\u0430\u043d \u0446\u0440\u043d \u0434\u0440\u043e\u0431 2%, \u043a\u0432\u0430\u0441\u0435\u0446, \u0434\u0435\u0445\u0438\u0434\u0440\u0438\u0440\u0430\u043d\u0438 \u0430\u043b\u0433\u0438 0, 24%, \u043c\u0430\u043d\u0430\u043d-\u043e\u043b\u0438\u0433\u043e\u0441\u0430\u0445\u0430\u0440\u0438\u0434\u0438 (MOS 0,16%), \u0434\u0435\u0445\u0438\u0434\u0440\u0438\u0440\u0430\u043d\u043e \u0434\u0440\u0432\u043e \u043e\u0434 \u0430\u043d\u0430\u043d\u0430\u0441 (Ananas comusus), \u0434\u0435\u0445\u0438\u0434\u0440\u0438\u0440\u0430\u043d \u043a\u0430\u043b\u0438\u043d\u043a\u0430 (Punica granatum L.), \u0458\u0443\u043a\u0430 \u0448\u0438\u0434\u0438\u0433\u0435\u0440\u0430, \u0434\u0435\u0445\u0438\u0434\u0440\u0438\u0440\u0430\u043d \u0433\u043b\u0443\u0432\u0430\u0440\u0447\u0435 (Taraxacum officinale W.), \u0433\u043b\u0443\u043a\u043e\u0437\u0430\u043c\u0438\u043d, \u0445\u043e\u043d\u0434\u0440\u043e\u0438\u0442\u0438\u043d \u0441\u0443\u043b\u0444\u0430\u0442.<\/p>\n<p>&nbsp;<\/p>\n<p><strong>\u0410\u041d\u0410\u041b\u0418\u0422\u0418\u0427\u041a\u0418 \u0421\u041e\u0421\u0422\u0410\u0412:<\/strong> \u0441\u0443\u0440\u043e\u0432 \u043f\u0440\u043e\u0442\u0435\u0438\u043d 27%, \u0441\u0443\u0440\u043e\u0432\u0438 \u043c\u0430\u0441\u043b\u0430 \u0438 \u043c\u0430\u0441\u0442\u0438 15%, \u0441\u0443\u0440\u043e\u0432\u0438 \u0432\u043b\u0430\u043a\u043d\u0430 2,6%, \u043f\u0435\u043f\u0435\u043b 7,5%, \u0432\u043b\u0430\u0433\u0430 8%.<\/p>\n<p>&nbsp;<\/p>\n<p><strong>\u0414\u041e\u0414\u0410\u0422\u041e\u0426\u0418 \u043f\u043e \u041a\u0413:<\/strong> \u0414\u043e\u0434\u0430\u0442\u043e\u0446\u0438 \u0432\u043e \u0438\u0441\u0445\u0440\u0430\u043d\u0430\u0442\u0430: 3\u0430672\u0430 \u0412\u0438\u0442\u0430\u043c\u0438\u043d \u0410 19500 IJ, E671 \u0432\u0438\u0442\u0430\u043c\u0438\u043d D3 1300 \u0418\u0408, 3\u0430700 \u0432\u0438\u0442\u0430\u043c\u0438\u043d \u0415 170 \u043c\u0433, \u04154 \u0431\u0430\u043a\u0430\u0440 15,5 \u043c\u0433, \u04151 \u0436\u0435\u043b\u0435\u0437\u043e 31 \u043c\u0433, \u04155 \u043c\u0430\u043d\u0433\u0430\u043d 62 \u043c\u0433, 3\u0431605 \u0446\u0438\u043d\u043a 70 \u043c\u0433, 3\u0431201 \u0458\u043e\u0434 2,45 mg, E8 \u0441\u0435\u043b\u0435\u043d 0,16 mg. \u041e\u0440\u0433\u0430\u043d\u043e\u043b\u0435\u043f\u0442\u0438\u0447\u043a\u0438 \u0430\u0434\u0438\u0442\u0438\u0432\u0438: \u0411\u043e\u0442\u0430\u043d\u0438\u0447\u043a\u0438 \u0434\u0435\u0444\u0438\u043d\u0438\u0440\u0430\u043d \u043f\u0440\u0438\u0440\u043e\u0434\u0435\u043d \u043f\u0440\u043e\u0438\u0437\u0432\u043e\u0434.<\/p>\n<p>&nbsp;<\/p>\n<p><strong>\u041c\u0415\u0422\u0410\u0411\u041e\u041b\u0418\u0417\u0418\u0420\u0410\u041d\u0410 \u0415\u041d\u0415\u0420\u0413\u0418\u0408\u0410:<\/strong> 3810 Kcal \/ kg[\/vc_column_text][\/vc_column][\/vc_row][vc_row css_animation=&#8221;&#8221; row_type=&#8221;row&#8221; use_row_as_full_screen_section=&#8221;no&#8221; type=&#8221;full_width&#8221; angled_section=&#8221;no&#8221; text_align=&#8221;left&#8221; background_image_as_pattern=&#8221;without_pattern&#8221;][vc_column][vc_empty_space][vc_column_text]\u041f\u0440\u0435\u043f\u043e\u0440\u0430\u0447\u0430\u043d\u0430 \u0434\u043d\u0435\u0432\u043d\u0430 \u043a\u043e\u043b\u0438\u0447\u0438\u043d\u0430 (g \/ \u0434\u0435\u043d)[\/vc_column_text][vc_empty_space height=&#8221;12px&#8221;][vc_column_text]<\/p>\n<table class=\"gridtable\">\n<tbody>\n<tr>\n<th class=\"table-first-row\">\u0422\u0435\u0436\u0438\u043d\u0430<\/th>\n<th class=\"table-first-row\">1kg<\/th>\n<th class=\"table-first-row\">2kg<\/th>\n<th class=\"table-first-row\">3kg<\/th>\n<th class=\"table-first-row\">4kg<\/th>\n<th class=\"table-first-row\">5kg<\/th>\n<th class=\"table-first-row\">6kg<\/th>\n<th class=\"table-first-row\">7kg<\/th>\n<th class=\"table-first-row\">8kg<\/th>\n<th class=\"table-first-row\">10kg<\/th>\n<th class=\"table-first-row\">12kg<\/th>\n<th class=\"table-first-row\">15kg<\/th>\n<th class=\"table-first-row\">20kg<\/th>\n<th class=\"table-first-row\">25kg<\/th>\n<\/tr>\n<tr>\n<td class=\"table-first-row\">\u041d\u043e\u0440\u043c\u0430\u043b\u043d\u0430 \u0430\u043a\u0442\u0438\u0432\u043d\u043e\u0441\u0442<\/td>\n<td>25g<\/td>\n<td>45g<\/td>\n<td>60g<\/td>\n<td>75g<\/td>\n<td>90g<\/td>\n<td>100g<\/td>\n<td>115g<\/td>\n<td>125g<\/td>\n<td>140g<\/td>\n<td>160g<\/td>\n<td>200g<\/td>\n<td>240g<\/td>\n<td>285g<\/td>\n<\/tr>\n<tr>\n<td class=\"table-first-row\">\u0421\u0440\u0435\u0434\u043d\u0430 \u0430\u043a\u0442\u0438\u0432\u043d\u043e\u0441\u0442<\/td>\n<td>30g<\/td>\n<td>55g<\/td>\n<td>72g<\/td>\n<td>90g<\/td>\n<td>105g<\/td>\n<td>120g<\/td>\n<td>135g<\/td>\n<td>150g<\/td>\n<td>168g<\/td>\n<td>190g<\/td>\n<td>240g<\/td>\n<td>285g<\/td>\n<td>340g<\/td>\n<\/tr>\n<tr>\n<td class=\"table-first-row\">\u0412\u0438\u0441\u043e\u043a\u0430 \u0430\u043a\u0442\u0438\u0432\u043d\u043e\u0441\u0442<\/td>\n<td>35g<\/td>\n<td>65g<\/td>\n<td>85g<\/td>\n<td>105g<\/td>\n<td>130g<\/td>\n<td>140g<\/td>\n<td>160g<\/td>\n<td>180g<\/td>\n<td>200g<\/td>\n<td>230g<\/td>\n<td>285g<\/td>\n<td>340g<\/td>\n<td>410g<\/td>\n<\/tr>\n<\/tbody>\n<\/table>\n<p>[\/vc_column_text][vc_empty_space height=&#8221;22px&#8221;][vc_column_text]<strong>\u041f\u0420\u0415\u041f\u041e\u0420\u0410\u041a\u0410 \u0417\u0410 \u0425\u0420\u0410\u041d\u0410:<\/strong> \u043c\u043e\u0436\u0435 \u0434\u0430 \u043c\u0443 \u0434\u0430\u0434\u0435\u0442\u0435 \u043d\u0430 \u043a\u0443\u0447\u0435\u0442\u043e \u0441\u0443\u0432\u0430 \u0438\u043b\u0438 \u043d\u0430\u0442\u043e\u043f\u0435\u043d\u0430 \u0445\u0440\u0430\u043d\u0430 (\u043f\u0440\u0435\u043f\u043e\u0440\u0430\u0447\u0443\u0432\u0430\u043c\u0435 \u043a\u043e\u0433\u0430 \u0441\u0435 \u0445\u0440\u0430\u043d\u0430\u0442 \u043d\u0430\u0434 \u0445\u0440\u0430\u043d\u0430, \u0441\u0435\u043a\u043e\u0433\u0430\u0448 \u0434\u0430 \u0434\u043e\u0434\u0430\u0432\u0430\u0442\u0435 \u043c\u0430\u043b\u0430 \u043a\u043e\u043b\u0438\u0447\u0438\u043d\u0430 \u043d\u0430 \u043c\u043b\u0430\u043a\u0430 \u0432\u043e\u0434\u0430 \u043d\u0435\u043f\u043e\u0441\u0440\u0435\u0434\u043d\u043e \u043f\u0440\u0435\u0434 \u0445\u0440\u0430\u043d\u0435\u045a\u0435\u0442\u043e \u0437\u0430 \u043f\u043e\u043b\u0435\u0441\u043d\u043e \u0432\u0430\u0440\u0435\u045a\u0435 \u0438 \u043f\u043e\u0438\u043d\u0442\u0435\u043d\u0437\u0438\u0432\u0435\u043d \u0432\u043a\u0443\u0441). \u0418\u0437\u043d\u043e\u0441\u0438\u0442\u0435 \u043c\u043e\u0436\u0435 \u0434\u0430 \u0432\u0430\u0440\u0438\u0440\u0430\u0430\u0442 \u0432\u043e \u0437\u0430\u0432\u0438\u0441\u043d\u043e\u0441\u0442 \u043e\u0434 \u0441\u043f\u0435\u0446\u0438\u0444\u0438\u0447\u043d\u0438\u0442\u0435 \u043f\u043e\u0442\u0440\u0435\u0431\u0438 \u043d\u0430 \u043d\u0435\u043a\u043e\u0438 \u043a\u0443\u0447\u0438\u045a\u0430. \u041a\u0443\u0447\u0435\u0442\u043e \u0441\u0435\u043a\u043e\u0433\u0430\u0448 \u0442\u0440\u0435\u0431\u0430 \u0434\u0430 \u0438\u043c\u0430 \u043d\u0430 \u0440\u0430\u0441\u043f\u043e\u043b\u0430\u0433\u0430\u045a\u0435 \u0441\u0432\u0435\u0436\u0430 \u0432\u043e\u0434\u0430 \u0437\u0430 \u043f\u0438\u0435\u045a\u0435. \u0414\u0430 \u0441\u0435 \u0447\u0443\u0432\u0430 \u043d\u0430 \u0441\u0443\u0432\u043e \u0438 \u043b\u0430\u0434\u043d\u043e \u043c\u0435\u0441\u0442\u043e \u043f\u043e\u0434\u0430\u043b\u0435\u043a\u0443 \u043e\u0434 \u0438\u0437\u0432\u043e\u0440\u0438 \u043d\u0430 \u0442\u043e\u043f\u043b\u0438\u043d\u0430.[\/vc_column_text][\/vc_column][\/vc_row]<\/p>\n<\/div>","protected":false},"excerpt":{"rendered":"<p><strong>12 \u043a\u0433<\/strong><\/p>\n","protected":false},"featured_media":470,"template":"","meta":[],"product_brand":[],"product_cat":[105,101,99],"product_tag":[110,109],"class_list":{"0":"post-662","1":"product","2":"type-product","3":"status-publish","4":"has-post-thumbnail","6":"product_cat-lowgrain","7":"product_cat-nekmar","8":"product_cat-99","9":"product_tag-lowgrain","10":"product_tag-nekmar","11":"product_shipping_class-nek","13":"first","14":"instock","15":"taxable","16":"shipping-taxable","17":"purchasable","18":"product-type-simple"},"yoast_head":"<!-- This site is optimized with the Yoast SEO plugin v27.5 - https:\/\/yoast.com\/product\/yoast-seo-wordpress\/ -->\n<title>Nekmar | Low Grain Adult Small &amp; Medium<\/title>\n<meta name=\"description\" content=\"Ultrapremium Holistic hrana za odrasle pse malih i srednjih pasmina. Glavni sastojci: pile\u0107e meso 38%, sme\u0111a ri\u017ea 23%. Posjetite na\u0161u web trgovinu.\" \/>\n<meta name=\"robots\" content=\"index, follow, max-snippet:-1, max-image-preview:large, max-video-preview:-1\" \/>\n<link rel=\"canonical\" href=\"https:\/\/nekmar.eu\/mk\/proizvod\/nekmar-adult-small-medium\/\" \/>\n<meta property=\"og:locale\" content=\"mk_MK\" \/>\n<meta property=\"og:type\" content=\"article\" \/>\n<meta property=\"og:title\" content=\"Nekmar Low Grain Adult Small &amp; Medium\" \/>\n<meta property=\"og:description\" content=\"Posjetite web trgovinu\" \/>\n<meta property=\"og:url\" content=\"https:\/\/nekmar.eu\/mk\/proizvod\/nekmar-adult-small-medium\/\" \/>\n<meta property=\"og:site_name\" content=\"Nekmar\" \/>\n<meta property=\"article:publisher\" content=\"https:\/\/www.facebook.com\/nekmarpetnutrition\/\" \/>\n<meta property=\"article:modified_time\" content=\"2026-03-08T18:04:45+00:00\" \/>\n<meta property=\"og:image\" content=\"https:\/\/nekmar.eu\/mk\/wp-content\/uploads\/2019\/08\/nekmar-holistic.jpg\" \/>\n\t<meta property=\"og:image:width\" content=\"1200\" \/>\n\t<meta property=\"og:image:height\" content=\"630\" \/>\n\t<meta property=\"og:image:type\" content=\"image\/jpeg\" \/>\n<meta name=\"twitter:card\" content=\"summary_large_image\" \/>\n<meta name=\"twitter:label1\" content=\"Est. reading time\" \/>\n\t<meta name=\"twitter:data1\" content=\"2 \u043c\u0438\u043d\u0443\u0442\u0438\" \/>\n<script type=\"application\/ld+json\" class=\"yoast-schema-graph\">{\"@context\":\"https:\\\/\\\/schema.org\",\"@graph\":[{\"@type\":\"WebPage\",\"@id\":\"https:\\\/\\\/nekmar.eu\\\/mk\\\/proizvod\\\/nekmar-adult-small-medium\\\/\",\"url\":\"https:\\\/\\\/nekmar.eu\\\/mk\\\/proizvod\\\/nekmar-adult-small-medium\\\/\",\"name\":\"Nekmar | Low Grain Adult Small & Medium\",\"isPartOf\":{\"@id\":\"https:\\\/\\\/nekmar.eu\\\/mk\\\/#website\"},\"primaryImageOfPage\":{\"@id\":\"https:\\\/\\\/nekmar.eu\\\/mk\\\/proizvod\\\/nekmar-adult-small-medium\\\/#primaryimage\"},\"image\":{\"@id\":\"https:\\\/\\\/nekmar.eu\\\/mk\\\/proizvod\\\/nekmar-adult-small-medium\\\/#primaryimage\"},\"thumbnailUrl\":\"https:\\\/\\\/nekmar.eu\\\/mk\\\/wp-content\\\/uploads\\\/2019\\\/08\\\/nekmar_lowgrain_adult_small_medium.jpg\",\"datePublished\":\"2019-09-08T08:07:25+00:00\",\"dateModified\":\"2026-03-08T18:04:45+00:00\",\"description\":\"Ultrapremium Holistic hrana za odrasle pse malih i srednjih pasmina. Glavni sastojci: pile\u0107e meso 38%, sme\u0111a ri\u017ea 23%. Posjetite na\u0161u web trgovinu.\",\"breadcrumb\":{\"@id\":\"https:\\\/\\\/nekmar.eu\\\/mk\\\/proizvod\\\/nekmar-adult-small-medium\\\/#breadcrumb\"},\"inLanguage\":\"mk-MK\",\"potentialAction\":[{\"@type\":\"ReadAction\",\"target\":[\"https:\\\/\\\/nekmar.eu\\\/mk\\\/proizvod\\\/nekmar-adult-small-medium\\\/\"]}]},{\"@type\":\"ImageObject\",\"inLanguage\":\"mk-MK\",\"@id\":\"https:\\\/\\\/nekmar.eu\\\/mk\\\/proizvod\\\/nekmar-adult-small-medium\\\/#primaryimage\",\"url\":\"https:\\\/\\\/nekmar.eu\\\/mk\\\/wp-content\\\/uploads\\\/2019\\\/08\\\/nekmar_lowgrain_adult_small_medium.jpg\",\"contentUrl\":\"https:\\\/\\\/nekmar.eu\\\/mk\\\/wp-content\\\/uploads\\\/2019\\\/08\\\/nekmar_lowgrain_adult_small_medium.jpg\",\"width\":1000,\"height\":1000},{\"@type\":\"BreadcrumbList\",\"@id\":\"https:\\\/\\\/nekmar.eu\\\/mk\\\/proizvod\\\/nekmar-adult-small-medium\\\/#breadcrumb\",\"itemListElement\":[{\"@type\":\"ListItem\",\"position\":1,\"name\":\"Home\",\"item\":\"https:\\\/\\\/nekmar.eu\\\/mk\\\/\"},{\"@type\":\"ListItem\",\"position\":2,\"name\":\"Trgovina\",\"item\":\"https:\\\/\\\/nekmar.eu\\\/mk\\\/trgovina\\\/\"},{\"@type\":\"ListItem\",\"position\":3,\"name\":\"Nekmar Low Grain Adult Small &#038; Medium\"}]},{\"@type\":\"WebSite\",\"@id\":\"https:\\\/\\\/nekmar.eu\\\/mk\\\/#website\",\"url\":\"https:\\\/\\\/nekmar.eu\\\/mk\\\/\",\"name\":\"Nekmar\",\"description\":\"Pet Nutrition\",\"publisher\":{\"@id\":\"https:\\\/\\\/nekmar.eu\\\/mk\\\/#organization\"},\"potentialAction\":[{\"@type\":\"SearchAction\",\"target\":{\"@type\":\"EntryPoint\",\"urlTemplate\":\"https:\\\/\\\/nekmar.eu\\\/mk\\\/?s={search_term_string}\"},\"query-input\":{\"@type\":\"PropertyValueSpecification\",\"valueRequired\":true,\"valueName\":\"search_term_string\"}}],\"inLanguage\":\"mk-MK\"},{\"@type\":\"Organization\",\"@id\":\"https:\\\/\\\/nekmar.eu\\\/mk\\\/#organization\",\"name\":\"Nekmar Pet Nutrition\",\"url\":\"https:\\\/\\\/nekmar.eu\\\/mk\\\/\",\"logo\":{\"@type\":\"ImageObject\",\"inLanguage\":\"mk-MK\",\"@id\":\"https:\\\/\\\/nekmar.eu\\\/mk\\\/#\\\/schema\\\/logo\\\/image\\\/\",\"url\":\"https:\\\/\\\/nekmar.eu\\\/mk\\\/wp-content\\\/uploads\\\/2019\\\/08\\\/Nekmar-contact.jpg\",\"contentUrl\":\"https:\\\/\\\/nekmar.eu\\\/mk\\\/wp-content\\\/uploads\\\/2019\\\/08\\\/Nekmar-contact.jpg\",\"width\":600,\"height\":142,\"caption\":\"Nekmar Pet Nutrition\"},\"image\":{\"@id\":\"https:\\\/\\\/nekmar.eu\\\/mk\\\/#\\\/schema\\\/logo\\\/image\\\/\"},\"sameAs\":[\"https:\\\/\\\/www.facebook.com\\\/nekmarpetnutrition\\\/\",\"https:\\\/\\\/www.instagram.com\\\/nekmarpetnutrition\\\/\"]}]}<\/script>\n<!-- \/ Yoast SEO plugin. -->","yoast_head_json":{"title":"Nekmar | Low Grain Adult Small & Medium","description":"Ultrapremium Holistic hrana za odrasle pse malih i srednjih pasmina. Glavni sastojci: pile\u0107e meso 38%, sme\u0111a ri\u017ea 23%. Posjetite na\u0161u web trgovinu.","robots":{"index":"index","follow":"follow","max-snippet":"max-snippet:-1","max-image-preview":"max-image-preview:large","max-video-preview":"max-video-preview:-1"},"canonical":"https:\/\/nekmar.eu\/mk\/proizvod\/nekmar-adult-small-medium\/","og_locale":"mk_MK","og_type":"article","og_title":"Nekmar Low Grain Adult Small & Medium","og_description":"Posjetite web trgovinu","og_url":"https:\/\/nekmar.eu\/mk\/proizvod\/nekmar-adult-small-medium\/","og_site_name":"Nekmar","article_publisher":"https:\/\/www.facebook.com\/nekmarpetnutrition\/","article_modified_time":"2026-03-08T18:04:45+00:00","og_image":[{"width":1200,"height":630,"url":"https:\/\/nekmar.eu\/mk\/wp-content\/uploads\/2019\/08\/nekmar-holistic.jpg","type":"image\/jpeg"}],"twitter_card":"summary_large_image","twitter_misc":{"Est. reading time":"2 \u043c\u0438\u043d\u0443\u0442\u0438"},"schema":{"@context":"https:\/\/schema.org","@graph":[{"@type":"WebPage","@id":"https:\/\/nekmar.eu\/mk\/proizvod\/nekmar-adult-small-medium\/","url":"https:\/\/nekmar.eu\/mk\/proizvod\/nekmar-adult-small-medium\/","name":"Nekmar | Low Grain Adult Small & Medium","isPartOf":{"@id":"https:\/\/nekmar.eu\/mk\/#website"},"primaryImageOfPage":{"@id":"https:\/\/nekmar.eu\/mk\/proizvod\/nekmar-adult-small-medium\/#primaryimage"},"image":{"@id":"https:\/\/nekmar.eu\/mk\/proizvod\/nekmar-adult-small-medium\/#primaryimage"},"thumbnailUrl":"https:\/\/nekmar.eu\/mk\/wp-content\/uploads\/2019\/08\/nekmar_lowgrain_adult_small_medium.jpg","datePublished":"2019-09-08T08:07:25+00:00","dateModified":"2026-03-08T18:04:45+00:00","description":"Ultrapremium Holistic hrana za odrasle pse malih i srednjih pasmina. Glavni sastojci: pile\u0107e meso 38%, sme\u0111a ri\u017ea 23%. Posjetite na\u0161u web trgovinu.","breadcrumb":{"@id":"https:\/\/nekmar.eu\/mk\/proizvod\/nekmar-adult-small-medium\/#breadcrumb"},"inLanguage":"mk-MK","potentialAction":[{"@type":"ReadAction","target":["https:\/\/nekmar.eu\/mk\/proizvod\/nekmar-adult-small-medium\/"]}]},{"@type":"ImageObject","inLanguage":"mk-MK","@id":"https:\/\/nekmar.eu\/mk\/proizvod\/nekmar-adult-small-medium\/#primaryimage","url":"https:\/\/nekmar.eu\/mk\/wp-content\/uploads\/2019\/08\/nekmar_lowgrain_adult_small_medium.jpg","contentUrl":"https:\/\/nekmar.eu\/mk\/wp-content\/uploads\/2019\/08\/nekmar_lowgrain_adult_small_medium.jpg","width":1000,"height":1000},{"@type":"BreadcrumbList","@id":"https:\/\/nekmar.eu\/mk\/proizvod\/nekmar-adult-small-medium\/#breadcrumb","itemListElement":[{"@type":"ListItem","position":1,"name":"Home","item":"https:\/\/nekmar.eu\/mk\/"},{"@type":"ListItem","position":2,"name":"Trgovina","item":"https:\/\/nekmar.eu\/mk\/trgovina\/"},{"@type":"ListItem","position":3,"name":"Nekmar Low Grain Adult Small &#038; Medium"}]},{"@type":"WebSite","@id":"https:\/\/nekmar.eu\/mk\/#website","url":"https:\/\/nekmar.eu\/mk\/","name":"Nekmar","description":"Pet Nutrition","publisher":{"@id":"https:\/\/nekmar.eu\/mk\/#organization"},"potentialAction":[{"@type":"SearchAction","target":{"@type":"EntryPoint","urlTemplate":"https:\/\/nekmar.eu\/mk\/?s={search_term_string}"},"query-input":{"@type":"PropertyValueSpecification","valueRequired":true,"valueName":"search_term_string"}}],"inLanguage":"mk-MK"},{"@type":"Organization","@id":"https:\/\/nekmar.eu\/mk\/#organization","name":"Nekmar Pet Nutrition","url":"https:\/\/nekmar.eu\/mk\/","logo":{"@type":"ImageObject","inLanguage":"mk-MK","@id":"https:\/\/nekmar.eu\/mk\/#\/schema\/logo\/image\/","url":"https:\/\/nekmar.eu\/mk\/wp-content\/uploads\/2019\/08\/Nekmar-contact.jpg","contentUrl":"https:\/\/nekmar.eu\/mk\/wp-content\/uploads\/2019\/08\/Nekmar-contact.jpg","width":600,"height":142,"caption":"Nekmar Pet Nutrition"},"image":{"@id":"https:\/\/nekmar.eu\/mk\/#\/schema\/logo\/image\/"},"sameAs":["https:\/\/www.facebook.com\/nekmarpetnutrition\/","https:\/\/www.instagram.com\/nekmarpetnutrition\/"]}]}},"_links":{"self":[{"href":"https:\/\/nekmar.eu\/mk\/wp-json\/wp\/v2\/product\/662","targetHints":{"allow":["GET"]}}],"collection":[{"href":"https:\/\/nekmar.eu\/mk\/wp-json\/wp\/v2\/product"}],"about":[{"href":"https:\/\/nekmar.eu\/mk\/wp-json\/wp\/v2\/types\/product"}],"wp:featuredmedia":[{"embeddable":true,"href":"https:\/\/nekmar.eu\/mk\/wp-json\/wp\/v2\/media\/470"}],"wp:attachment":[{"href":"https:\/\/nekmar.eu\/mk\/wp-json\/wp\/v2\/media?parent=662"}],"wp:term":[{"taxonomy":"product_brand","embeddable":true,"href":"https:\/\/nekmar.eu\/mk\/wp-json\/wp\/v2\/product_brand?post=662"},{"taxonomy":"product_cat","embeddable":true,"href":"https:\/\/nekmar.eu\/mk\/wp-json\/wp\/v2\/product_cat?post=662"},{"taxonomy":"product_tag","embeddable":true,"href":"https:\/\/nekmar.eu\/mk\/wp-json\/wp\/v2\/product_tag?post=662"}],"curies":[{"name":"wp","href":"https:\/\/api.w.org\/{rel}","templated":true}]}}