{"id":667,"date":"2019-09-08T08:26:31","date_gmt":"2019-09-08T08:26:31","guid":{"rendered":"https:\/\/nekmar.eu\/mk\/?post_type=product&#038;p=667"},"modified":"2025-09-05T07:33:48","modified_gmt":"2025-09-05T07:33:48","slug":"nekmar-puppy-junior-grainfree","status":"publish","type":"product","link":"https:\/\/nekmar.eu\/mk\/proizvod\/nekmar-puppy-junior-grainfree\/","title":{"rendered":"Nekmar Grain Free Puppy &#038; Junior"},"content":{"rendered":"<div class=\"wpb-content-wrapper\"><p>[vc_row css_animation=&#8221;&#8221; row_type=&#8221;row&#8221; use_row_as_full_screen_section=&#8221;no&#8221; type=&#8221;full_width&#8221; angled_section=&#8221;no&#8221; text_align=&#8221;left&#8221; background_image_as_pattern=&#8221;without_pattern&#8221;][vc_column][vc_column_text]<strong>\u0421\u041e\u0421\u0422\u041e\u0408\u041a\u0418:<\/strong> \u0441\u0432\u0435\u0436\u043e \u043c\u0435\u0441\u043e \u043e\u0434 \u043f\u0430\u0442\u043a\u0430 25%, \u0434\u0435\u0445\u0438\u0434\u0440\u0438\u0440\u0430\u043d\u043e \u043f\u0438\u043b\u0435\u0448\u043a\u043e \u043c\u0435\u0441\u043e 25%, \u043a\u043e\u043c\u043f\u0438\u0440 13%, \u0441\u043a\u0440\u043e\u0431 \u043e\u0434 \u0433\u0440\u0430\u0448\u043e\u043a, \u043f\u0438\u043b\u0435\u0448\u043a\u043e \u043c\u0430\u0441\u043d\u043e\u0442\u0438\u0438, \u0433\u0440\u0430\u0432, \u0433\u0440\u0430\u0448\u043e\u043a, \u0441\u0435\u043c\u0435 \u043e\u0434 \u043b\u0435\u043d, \u043a\u0432\u0430\u0441\u0435\u0446, \u0441\u0443\u0432\u043e \u043f\u0443\u043b\u043f\u0430 \u043e\u0434 \u0440\u0435\u043f\u043a\u0430, \u0434\u0435\u0445\u0438\u0434\u0440\u0438\u0440\u0430\u043d\u0438 \u0430\u043b\u0433\u0438 0,3%, \u0441\u0443\u0432\u043e \u043f\u0443\u043b\u043f\u0430 \u043e\u0434 \u0446\u0438\u043a\u043e\u0440\u0438\u0458\u0430, \u0444\u0440\u0443\u043a\u0442\u043e- \u043e\u043b\u0438\u0433\u043e\u0441\u0430\u0445\u0430\u0440\u0438\u0434\u0438 (FOS 0,2%), \u043c\u0430\u043d\u0430\u043d-\u043e\u043b\u0438\u0433\u043e\u0441\u0430\u0445\u0430\u0440\u0438\u0434\u0438 (MOS 0,2%), \u0458\u0443\u043a\u0430 \u0448\u0438\u0434\u0438\u0433\u0435\u0440\u0430, \u0434\u0435\u0445\u0438\u0434\u0440\u0438\u0440\u0430\u043d \u0447\u0430\u0434\u043e\u0440 (Silybum marianum L.), \u0434\u0435\u0445\u0438\u0434\u0440\u0438\u0440\u0430\u043d \u0433\u043b\u0443\u0432\u0430\u0440\u0447\u0435 (Taraxacum officinale W.), \u0441\u0443\u0432\u0438 \u0446\u0432\u0435\u045c\u0438\u045a\u0430 \u043e\u0434 \u0445\u0438\u0431\u0438\u0441\u043a\u0443\u0441 (Hibiscus sabdariffa L.) , \u0434\u0435\u0445\u0438\u0434\u0440\u0438\u0440\u0430\u043d\u043e \u043e\u0432\u043e\u0448\u0458\u0435 \u043e\u0434 \u0434\u0438\u0432\u0430 \u0440\u043e\u0437\u0430 (Rosa Canina LR, Pendulina L.), \u0433\u043b\u0443\u043a\u043e\u0437\u0430\u043c\u0438\u043d, \u0445\u043e\u043d\u0434\u0440\u043e\u0438\u0442\u0438\u043d \u0441\u0443\u043b\u0444\u0430\u0442.<\/p>\n<p>&nbsp;<\/p>\n<p><strong>\u0410\u041d\u0410\u041b\u0418\u0422\u0418\u0427\u041a\u0418 \u0421\u041e\u0421\u0422\u0410\u0412:<\/strong> \u0441\u0443\u0440\u043e\u0432 \u043f\u0440\u043e\u0442\u0435\u0438\u043d 30%, \u0441\u0443\u0440\u043e\u0432\u0438 \u043c\u0430\u0441\u043b\u0430 \u0438 \u043c\u0430\u0441\u0442\u0438 19%, \u0441\u0443\u0440\u043e\u0432\u0438 \u0432\u043b\u0430\u043a\u043d\u0430 2,6%, \u043f\u0435\u043f\u0435\u043b 8,4%, \u0432\u043b\u0430\u0433\u0430 8%.<\/p>\n<p>&nbsp;<\/p>\n<p><strong>\u0414\u041e\u0414\u0410\u0422\u041e\u0426\u0418 \u043f\u043e \u043a\u0438\u043b\u043e\u0433\u0440\u0430\u043c:<\/strong> \u0414\u043e\u0434\u0430\u0442\u043e\u0446\u0438 \u0432\u043e \u0438\u0441\u0445\u0440\u0430\u043d\u0430\u0442\u0430: 3a672a \u0432\u0438\u0442\u0430\u043c\u0438\u043d \u0410 21000 IJ, E671 \u0432\u0438\u0442\u0430\u043c\u0438\u043d D3 1400 IJ, 3\u0430700 \u0432\u0438\u0442\u0430\u043c\u0438\u043d \u0415 180 \u043c\u0433, \u04154 \u0431\u0430\u043a\u0430\u0440 15 \u043c\u0433, \u04151 \u0436\u0435\u043b\u0435\u0437\u043e 30 \u043c\u0433, \u04155 \u043c\u0430\u043d\u0433\u0430\u043d 60 \u043c\u0433, 3\u0431605 \u0446\u0438\u043d\u043a 68 \u043c\u0433, 3\u0431201 \u0458\u043e\u0434 3,7 \u043c\u0433, \u04158 \u0441\u0435\u043b\u0435\u043d 0,16 \u043c\u0433. \u041e\u0440\u0433\u0430\u043d\u043e\u043b\u0435\u043f\u0442\u0438\u0447\u043a\u0438 \u0430\u0434\u0438\u0442\u0438\u0432\u0438: \u0411\u043e\u0442\u0430\u043d\u0438\u0447\u043a\u0438 \u0434\u0435\u0444\u0438\u043d\u0438\u0440\u0430\u043d \u043f\u0440\u0438\u0440\u043e\u0434\u0435\u043d \u043f\u0440\u043e\u0438\u0437\u0432\u043e\u0434. \u0415\u043a\u0441\u0442\u0440\u0430\u043a\u0442 \u043e\u0434 \u0440\u0443\u0437\u043c\u0430\u0440\u0438\u043d 50mg.<\/p>\n<p>&nbsp;<\/p>\n<p><strong>\u041c\u0415\u0422\u0410\u0411\u041e\u041b\u0418\u0417\u0418\u0420\u0410\u041d\u0410 \u0415\u041d\u0415\u0420\u0413\u0418\u0408\u0410:<\/strong> 4000 Kcal\/kg.[\/vc_column_text][\/vc_column][\/vc_row][vc_row css_animation=&#8221;&#8221; row_type=&#8221;row&#8221; use_row_as_full_screen_section=&#8221;no&#8221; type=&#8221;full_width&#8221; angled_section=&#8221;no&#8221; text_align=&#8221;left&#8221; background_image_as_pattern=&#8221;without_pattern&#8221;][vc_column][vc_empty_space][vc_column_text]\u041f\u0440\u0435\u043f\u043e\u0440\u0430\u0447\u0430\u043d\u0430 \u0434\u043d\u0435\u0432\u043d\u0430 \u043a\u043e\u043b\u0438\u0447\u0438\u043d\u0430 (g \/ \u0434\u0435\u043d)[\/vc_column_text][vc_empty_space height=&#8221;10px&#8221;][vc_column_text]<\/p>\n<table class=\"gridtable\">\n<tbody>\n<tr>\n<th class=\"table-first-row\">\u0422\u0435\u0436\u0438\u043d\u0430<\/th>\n<th class=\"table-first-row\">1-3kg<\/th>\n<th class=\"table-first-row\">4-5kg<\/th>\n<th class=\"table-first-row\">7kg<\/th>\n<th class=\"table-first-row\">10kg<\/th>\n<th class=\"table-first-row\">15kg<\/th>\n<th class=\"table-first-row\">20kg<\/th>\n<th class=\"table-first-row\">25kg<\/th>\n<th class=\"table-first-row\">30kg<\/th>\n<th class=\"table-first-row\">35kg<\/th>\n<th class=\"table-first-row\">40kg<\/th>\n<th class=\"table-first-row\">45kg<\/th>\n<th class=\"table-first-row\">50kg<\/th>\n<th class=\"table-first-row\">60kg<\/th>\n<th class=\"table-first-row\">70kg<\/th>\n<th class=\"table-first-row\">80kg<\/th>\n<\/tr>\n<tr>\n<td class=\"table-first-row\">1-2 \u043c\u0435\u0441\u0435\u0446\u0438<\/td>\n<td>&gt;60g<\/td>\n<td>&gt;80g<\/td>\n<td>&gt;120g<\/td>\n<td>&gt;150<\/td>\n<td>&gt;200<\/td>\n<td>&gt;240<\/td>\n<td>&gt;270<\/td>\n<td>&gt;310<\/td>\n<td>&gt;315<\/td>\n<td>&gt;320<\/td>\n<td>&gt;335<\/td>\n<td>&gt;350<\/td>\n<td>&gt;400<\/td>\n<td>&gt;450<\/td>\n<td>&gt;500<\/td>\n<\/tr>\n<tr>\n<td class=\"table-first-row\">2 \u043c\u0435\u0441\u0435\u0446\u0438<\/td>\n<td>60g<\/td>\n<td>80g<\/td>\n<td>120g<\/td>\n<td>150g<\/td>\n<td>200g<\/td>\n<td>240g<\/td>\n<td>270g<\/td>\n<td>310g<\/td>\n<td>315g<\/td>\n<td>320g<\/td>\n<td>335g<\/td>\n<td>350g<\/td>\n<td>400g<\/td>\n<td>450g<\/td>\n<td>500g<\/td>\n<\/tr>\n<tr>\n<td class=\"table-first-row\">3 \u043c\u0435\u0441\u0435\u0446\u0438<\/td>\n<td>65g<\/td>\n<td>90g<\/td>\n<td>130g<\/td>\n<td>165g<\/td>\n<td>240g<\/td>\n<td>300g<\/td>\n<td>330g<\/td>\n<td>380g<\/td>\n<td>390g<\/td>\n<td>400g<\/td>\n<td>415g<\/td>\n<td>425g<\/td>\n<td>500g<\/td>\n<td>550g<\/td>\n<td>600g<\/td>\n<\/tr>\n<tr>\n<td class=\"table-first-row\">4 \u043c\u0435\u0441\u0435\u0446\u0438<\/td>\n<td>70g<\/td>\n<td>100g<\/td>\n<td>140g<\/td>\n<td>175g<\/td>\n<td>265g<\/td>\n<td>310g<\/td>\n<td>345g<\/td>\n<td>390g<\/td>\n<td>400g<\/td>\n<td>410g<\/td>\n<td>450g<\/td>\n<td>500g<\/td>\n<td>580g<\/td>\n<td>660g<\/td>\n<td>730g<\/td>\n<\/tr>\n<tr>\n<td class=\"table-first-row\">6 \u043c\u0435\u0441\u0435\u0446\u0438<\/td>\n<td>70g<\/td>\n<td>110g<\/td>\n<td>150g<\/td>\n<td>185g<\/td>\n<td>260g<\/td>\n<td>330g<\/td>\n<td>370g<\/td>\n<td>420g<\/td>\n<td>480g<\/td>\n<td>550g<\/td>\n<td>600g<\/td>\n<td>670g<\/td>\n<td>770g<\/td>\n<td>880g<\/td>\n<td>980g<\/td>\n<\/tr>\n<tr>\n<td class=\"table-first-row\">8 \u043c\u0435\u0441\u0435\u0446\u0438<\/td>\n<td>&#8211;<\/td>\n<td>&#8211;<\/td>\n<td>130g<\/td>\n<td>185g<\/td>\n<td>250g<\/td>\n<td>330g<\/td>\n<td>370g<\/td>\n<td>420g<\/td>\n<td>490g<\/td>\n<td>540g<\/td>\n<td>590g<\/td>\n<td>680g<\/td>\n<td>760g<\/td>\n<td>870g<\/td>\n<td>980g<\/td>\n<\/tr>\n<tr>\n<td class=\"table-first-row\">10 \u043c\u0435\u0441\u0435\u0446\u0438<\/td>\n<td>&#8211;<\/td>\n<td>&#8211;<\/td>\n<td>120g<\/td>\n<td>180g<\/td>\n<td>250g<\/td>\n<td>310g<\/td>\n<td>360g<\/td>\n<td>400g<\/td>\n<td>480g<\/td>\n<td>530g<\/td>\n<td>580g<\/td>\n<td>650g<\/td>\n<td>740g<\/td>\n<td>860g<\/td>\n<td>950g<\/td>\n<\/tr>\n<tr>\n<td class=\"table-first-row\">12 \u043c\u0435\u0441\u0435\u0446\u0438<\/td>\n<td>&#8211;<\/td>\n<td>&#8211;<\/td>\n<td>120g<\/td>\n<td>180g<\/td>\n<td>240g<\/td>\n<td>300g<\/td>\n<td>345g<\/td>\n<td>390g<\/td>\n<td>470g<\/td>\n<td>520g<\/td>\n<td>570g<\/td>\n<td>640g<\/td>\n<td>720g<\/td>\n<td>840g<\/td>\n<td>900g<\/td>\n<\/tr>\n<\/tbody>\n<\/table>\n<p>[\/vc_column_text][vc_empty_space height=&#8221;22px&#8221;][vc_column_text]<\/p>\n<p align=\"justify\"><strong>\u0416\u0415\u041d\u041a\u0418 \u0412\u041e \u0411\u0420\u0415\u041c\u0415\u041d\u041e\u0421\u0422 \u0418\u041b\u0418 \u041b\u0410\u041a\u0422\u0410\u0426\u0418\u0408\u0410<\/strong><strong>:<\/strong> \u041f\u043e\u0441\u0442\u0435\u043f\u0435\u043d\u043e \u0432\u043e\u0432\u0435\u0434\u0443\u0432\u0430\u0458\u0442\u0435 \u0445\u0440\u0430\u043d\u0430 \u043d\u0430 \u0431\u0440\u0435\u043c\u0435\u043d\u0430 \u0436\u0435\u043d\u0430 \u043f\u043e 35 \u0434\u0435\u043d\u0430 \u043e\u0434 \u0431\u0440\u0435\u043c\u0435\u043d\u043e\u0441\u0442\u0430 \u0432\u043e \u043f\u0435\u0440\u0438\u043e\u0434 \u043e\u0434 5 \u0434\u0435\u043d\u0430. \u0412\u043e \u0441\u0435\u0434\u043c\u0430\u0442\u0430 \u043d\u0435\u0434\u0435\u043b\u0430 \u043e\u0434 \u0431\u0440\u0435\u043c\u0435\u043d\u043e\u0441\u0442\u0430, \u043f\u043e\u0441\u0442\u0435\u043f\u0435\u043d\u043e \u0437\u0433\u043e\u043b\u0435\u043c\u0443\u0432\u0430\u0458\u0442\u0435 \u0458\u0430 \u043a\u043e\u043b\u0438\u0447\u0438\u043d\u0430\u0442\u0430 \u043d\u0430 \u0445\u0440\u0430\u043d\u0430 \u0434\u043e\u0434\u0435\u043a\u0430 \u043d\u0435 \u0434\u043e\u0441\u0442\u0438\u0433\u043d\u0435\u0442\u0435 50% \u043f\u043e\u0433\u043e\u043b\u0435\u043c \u0434\u043d\u0435\u0432\u0435\u043d \u0432\u043d\u0435\u0441 \u043d\u0430 \u0445\u0440\u0430\u043d\u0430 \u0432\u043e \u0441\u043f\u043e\u0440\u0435\u0434\u0431\u0430 \u0441\u043e \u043f\u0435\u0440\u0438\u043e\u0434\u043e\u0442 \u043f\u0440\u0435\u0434 \u0431\u0440\u0435\u043c\u0435\u043d\u043e\u0441\u0442\u0430 (\u0436\u0435\u043d\u043a\u0430\u0442\u0430 \u0441\u0435\u0433\u0430 \u0442\u0440\u0435\u0431\u0430 \u0434\u0430 \u043f\u0440\u0438\u043c\u0430 3 \u043e\u0431\u0440\u043e\u0446\u0438 \u043d\u0430 \u0434\u0435\u043d) .\u0412\u043e \u043f\u043e\u0441\u043b\u0435\u0434\u043d\u0430\u0442\u0430 \u043d\u0435\u0434\u0435\u043b\u0430 \u043e\u0434 \u0431\u0440\u0435\u043c\u0435\u043d\u043e\u0441\u0442\u0430, \u0437\u0433\u043e\u043b\u0435\u043c\u0435\u0442\u0435 \u0458\u0430 \u043a\u043e\u043b\u0438\u0447\u0438\u043d\u0430\u0442\u0430 \u043d\u0430 \u0445\u0440\u0430\u043d\u0430 \u0437\u0430 \u0434\u043e\u043f\u043e\u043b\u043d\u0438\u0442\u0435\u043b\u043d\u0438 15-20% \u043a\u043e\u043b\u0438\u0447\u0438\u043d\u0430 \u0434\u043e \u043a\u0440\u0430\u0458\u043e\u0442 \u043d\u0430 \u043b\u0430\u043a\u0442\u0430\u0446\u0438\u0458\u0430\u0442\u0430.<\/p>\n<p>[\/vc_column_text][vc_empty_space height=&#8221;22px&#8221;][vc_column_text]<strong>\u041f\u0420\u0415\u041f\u041e\u0420\u0410\u041a\u0410 \u0417\u0410 \u0425\u0420\u0410\u041d\u0410:<\/strong> \u043c\u043e\u0436\u0435 \u0434\u0430 \u043c\u0443 \u0434\u0430\u0434\u0435\u0442\u0435 \u043d\u0430 \u043a\u0443\u0447\u0435\u0442\u043e \u0441\u0443\u0432\u0430 \u0438\u043b\u0438 \u043d\u0430\u0442\u043e\u043f\u0435\u043d\u0430 \u0445\u0440\u0430\u043d\u0430 (\u043f\u0440\u0435\u043f\u043e\u0440\u0430\u0447\u0443\u0432\u0430\u043c\u0435 \u043a\u043e\u0433\u0430 \u0441\u0435 \u0445\u0440\u0430\u043d\u0430\u0442 \u043d\u0430\u0434 \u0445\u0440\u0430\u043d\u0430, \u0441\u0435\u043a\u043e\u0433\u0430\u0448 \u0434\u0430 \u0434\u043e\u0434\u0430\u0432\u0430\u0442\u0435 \u043c\u0430\u043b\u0430 \u043a\u043e\u043b\u0438\u0447\u0438\u043d\u0430 \u043d\u0430 \u043c\u043b\u0430\u043a\u0430 \u0432\u043e\u0434\u0430 \u043d\u0435\u043f\u043e\u0441\u0440\u0435\u0434\u043d\u043e \u043f\u0440\u0435\u0434 \u0445\u0440\u0430\u043d\u0435\u045a\u0435\u0442\u043e \u0437\u0430 \u043f\u043e\u043b\u0435\u0441\u043d\u043e \u0432\u0430\u0440\u0435\u045a\u0435 \u0438 \u043f\u043e\u0438\u043d\u0442\u0435\u043d\u0437\u0438\u0432\u0435\u043d \u0432\u043a\u0443\u0441). \u0418\u0437\u043d\u043e\u0441\u0438\u0442\u0435 \u043c\u043e\u0436\u0435 \u0434\u0430 \u0432\u0430\u0440\u0438\u0440\u0430\u0430\u0442 \u0432\u043e \u0437\u0430\u0432\u0438\u0441\u043d\u043e\u0441\u0442 \u043e\u0434 \u0441\u043f\u0435\u0446\u0438\u0444\u0438\u0447\u043d\u0438\u0442\u0435 \u043f\u043e\u0442\u0440\u0435\u0431\u0438 \u043d\u0430 \u043d\u0435\u043a\u043e\u0438 \u043a\u0443\u0447\u0438\u045a\u0430. \u041a\u0443\u0447\u0435\u0442\u043e \u0441\u0435\u043a\u043e\u0433\u0430\u0448 \u0442\u0440\u0435\u0431\u0430 \u0434\u0430 \u0438\u043c\u0430 \u043d\u0430 \u0440\u0430\u0441\u043f\u043e\u043b\u0430\u0433\u0430\u045a\u0435 \u0441\u0432\u0435\u0436\u0430 \u0432\u043e\u0434\u0430 \u0437\u0430 \u043f\u0438\u0435\u045a\u0435. \u0414\u0430 \u0441\u0435 \u0447\u0443\u0432\u0430 \u043d\u0430 \u0441\u0443\u0432\u043e \u0438 \u043b\u0430\u0434\u043d\u043e \u043c\u0435\u0441\u0442\u043e \u043f\u043e\u0434\u0430\u043b\u0435\u043a\u0443 \u043e\u0434 \u0438\u0437\u0432\u043e\u0440\u0438 \u043d\u0430 \u0442\u043e\u043f\u043b\u0438\u043d\u0430.[\/vc_column_text][vc_empty_space height=&#8221;22px&#8221;][\/vc_column][\/vc_row]<\/p>\n<\/div>","protected":false},"excerpt":{"rendered":"<p><strong>12 \u043a\u0433<\/strong><\/p>\n","protected":false},"featured_media":473,"template":"","meta":[],"product_brand":[],"product_cat":[107,101,99],"product_tag":[112,109],"class_list":{"0":"post-667","1":"product","2":"type-product","3":"status-publish","4":"has-post-thumbnail","6":"product_cat-grainfree","7":"product_cat-nekmar","8":"product_cat-99","9":"product_tag-grainfree","10":"product_tag-nekmar","11":"product_shipping_class-nek","13":"first","14":"instock","15":"taxable","16":"shipping-taxable","17":"purchasable","18":"product-type-simple"},"yoast_head":"<!-- This site is optimized with the Yoast SEO plugin v27.5 - https:\/\/yoast.com\/product\/yoast-seo-wordpress\/ -->\n<title>Nekmar | Grain Free Puppy &amp; Junior<\/title>\n<meta name=\"description\" content=\"Ultrapremium Holistic hrana bez \u017eitarica za \u0161tence i mlade pse. Glavni sastojci: svje\u017ee pa\u010dje meso 25%, dehidrirano pile\u0107e meso 25%.\" \/>\n<meta name=\"robots\" content=\"index, follow, max-snippet:-1, max-image-preview:large, max-video-preview:-1\" \/>\n<link rel=\"canonical\" href=\"https:\/\/nekmar.eu\/mk\/proizvod\/nekmar-puppy-junior-grainfree\/\" \/>\n<meta property=\"og:locale\" content=\"mk_MK\" \/>\n<meta property=\"og:type\" content=\"article\" \/>\n<meta property=\"og:title\" content=\"Nekmar Grain Free Puppy &amp; Junior\" \/>\n<meta property=\"og:description\" content=\"Posjetite web trgovinu\" \/>\n<meta property=\"og:url\" content=\"https:\/\/nekmar.eu\/mk\/proizvod\/nekmar-puppy-junior-grainfree\/\" \/>\n<meta property=\"og:site_name\" content=\"Nekmar\" \/>\n<meta property=\"article:publisher\" content=\"https:\/\/www.facebook.com\/nekmarpetnutrition\/\" \/>\n<meta property=\"article:modified_time\" content=\"2025-09-05T07:33:48+00:00\" \/>\n<meta property=\"og:image\" content=\"https:\/\/nekmar.eu\/mk\/wp-content\/uploads\/2019\/08\/nekmar-holistic.jpg\" \/>\n\t<meta property=\"og:image:width\" content=\"1200\" \/>\n\t<meta property=\"og:image:height\" content=\"630\" \/>\n\t<meta property=\"og:image:type\" content=\"image\/jpeg\" \/>\n<meta name=\"twitter:card\" content=\"summary_large_image\" \/>\n<meta name=\"twitter:label1\" content=\"Est. reading time\" \/>\n\t<meta name=\"twitter:data1\" content=\"3 \u043c\u0438\u043d\u0443\u0442\u0438\" \/>\n<script type=\"application\/ld+json\" class=\"yoast-schema-graph\">{\"@context\":\"https:\\\/\\\/schema.org\",\"@graph\":[{\"@type\":\"WebPage\",\"@id\":\"https:\\\/\\\/nekmar.eu\\\/mk\\\/proizvod\\\/nekmar-puppy-junior-grainfree\\\/\",\"url\":\"https:\\\/\\\/nekmar.eu\\\/mk\\\/proizvod\\\/nekmar-puppy-junior-grainfree\\\/\",\"name\":\"Nekmar | Grain Free Puppy & Junior\",\"isPartOf\":{\"@id\":\"https:\\\/\\\/nekmar.eu\\\/mk\\\/#website\"},\"primaryImageOfPage\":{\"@id\":\"https:\\\/\\\/nekmar.eu\\\/mk\\\/proizvod\\\/nekmar-puppy-junior-grainfree\\\/#primaryimage\"},\"image\":{\"@id\":\"https:\\\/\\\/nekmar.eu\\\/mk\\\/proizvod\\\/nekmar-puppy-junior-grainfree\\\/#primaryimage\"},\"thumbnailUrl\":\"https:\\\/\\\/nekmar.eu\\\/mk\\\/wp-content\\\/uploads\\\/2019\\\/08\\\/nekmar_grainfree_puppy_junior.jpg\",\"datePublished\":\"2019-09-08T08:26:31+00:00\",\"dateModified\":\"2025-09-05T07:33:48+00:00\",\"description\":\"Ultrapremium Holistic hrana bez \u017eitarica za \u0161tence i mlade pse. Glavni sastojci: svje\u017ee pa\u010dje meso 25%, dehidrirano pile\u0107e meso 25%.\",\"breadcrumb\":{\"@id\":\"https:\\\/\\\/nekmar.eu\\\/mk\\\/proizvod\\\/nekmar-puppy-junior-grainfree\\\/#breadcrumb\"},\"inLanguage\":\"mk-MK\",\"potentialAction\":[{\"@type\":\"ReadAction\",\"target\":[\"https:\\\/\\\/nekmar.eu\\\/mk\\\/proizvod\\\/nekmar-puppy-junior-grainfree\\\/\"]}]},{\"@type\":\"ImageObject\",\"inLanguage\":\"mk-MK\",\"@id\":\"https:\\\/\\\/nekmar.eu\\\/mk\\\/proizvod\\\/nekmar-puppy-junior-grainfree\\\/#primaryimage\",\"url\":\"https:\\\/\\\/nekmar.eu\\\/mk\\\/wp-content\\\/uploads\\\/2019\\\/08\\\/nekmar_grainfree_puppy_junior.jpg\",\"contentUrl\":\"https:\\\/\\\/nekmar.eu\\\/mk\\\/wp-content\\\/uploads\\\/2019\\\/08\\\/nekmar_grainfree_puppy_junior.jpg\",\"width\":1000,\"height\":1000},{\"@type\":\"BreadcrumbList\",\"@id\":\"https:\\\/\\\/nekmar.eu\\\/mk\\\/proizvod\\\/nekmar-puppy-junior-grainfree\\\/#breadcrumb\",\"itemListElement\":[{\"@type\":\"ListItem\",\"position\":1,\"name\":\"Home\",\"item\":\"https:\\\/\\\/nekmar.eu\\\/mk\\\/\"},{\"@type\":\"ListItem\",\"position\":2,\"name\":\"Trgovina\",\"item\":\"https:\\\/\\\/nekmar.eu\\\/mk\\\/trgovina\\\/\"},{\"@type\":\"ListItem\",\"position\":3,\"name\":\"Nekmar Grain Free Puppy &#038; Junior\"}]},{\"@type\":\"WebSite\",\"@id\":\"https:\\\/\\\/nekmar.eu\\\/mk\\\/#website\",\"url\":\"https:\\\/\\\/nekmar.eu\\\/mk\\\/\",\"name\":\"Nekmar\",\"description\":\"Pet Nutrition\",\"publisher\":{\"@id\":\"https:\\\/\\\/nekmar.eu\\\/mk\\\/#organization\"},\"potentialAction\":[{\"@type\":\"SearchAction\",\"target\":{\"@type\":\"EntryPoint\",\"urlTemplate\":\"https:\\\/\\\/nekmar.eu\\\/mk\\\/?s={search_term_string}\"},\"query-input\":{\"@type\":\"PropertyValueSpecification\",\"valueRequired\":true,\"valueName\":\"search_term_string\"}}],\"inLanguage\":\"mk-MK\"},{\"@type\":\"Organization\",\"@id\":\"https:\\\/\\\/nekmar.eu\\\/mk\\\/#organization\",\"name\":\"Nekmar Pet Nutrition\",\"url\":\"https:\\\/\\\/nekmar.eu\\\/mk\\\/\",\"logo\":{\"@type\":\"ImageObject\",\"inLanguage\":\"mk-MK\",\"@id\":\"https:\\\/\\\/nekmar.eu\\\/mk\\\/#\\\/schema\\\/logo\\\/image\\\/\",\"url\":\"https:\\\/\\\/nekmar.eu\\\/mk\\\/wp-content\\\/uploads\\\/2019\\\/08\\\/Nekmar-contact.jpg\",\"contentUrl\":\"https:\\\/\\\/nekmar.eu\\\/mk\\\/wp-content\\\/uploads\\\/2019\\\/08\\\/Nekmar-contact.jpg\",\"width\":600,\"height\":142,\"caption\":\"Nekmar Pet Nutrition\"},\"image\":{\"@id\":\"https:\\\/\\\/nekmar.eu\\\/mk\\\/#\\\/schema\\\/logo\\\/image\\\/\"},\"sameAs\":[\"https:\\\/\\\/www.facebook.com\\\/nekmarpetnutrition\\\/\",\"https:\\\/\\\/www.instagram.com\\\/nekmarpetnutrition\\\/\"]}]}<\/script>\n<!-- \/ Yoast SEO plugin. -->","yoast_head_json":{"title":"Nekmar | Grain Free Puppy & Junior","description":"Ultrapremium Holistic hrana bez \u017eitarica za \u0161tence i mlade pse. Glavni sastojci: svje\u017ee pa\u010dje meso 25%, dehidrirano pile\u0107e meso 25%.","robots":{"index":"index","follow":"follow","max-snippet":"max-snippet:-1","max-image-preview":"max-image-preview:large","max-video-preview":"max-video-preview:-1"},"canonical":"https:\/\/nekmar.eu\/mk\/proizvod\/nekmar-puppy-junior-grainfree\/","og_locale":"mk_MK","og_type":"article","og_title":"Nekmar Grain Free Puppy & Junior","og_description":"Posjetite web trgovinu","og_url":"https:\/\/nekmar.eu\/mk\/proizvod\/nekmar-puppy-junior-grainfree\/","og_site_name":"Nekmar","article_publisher":"https:\/\/www.facebook.com\/nekmarpetnutrition\/","article_modified_time":"2025-09-05T07:33:48+00:00","og_image":[{"width":1200,"height":630,"url":"https:\/\/nekmar.eu\/mk\/wp-content\/uploads\/2019\/08\/nekmar-holistic.jpg","type":"image\/jpeg"}],"twitter_card":"summary_large_image","twitter_misc":{"Est. reading time":"3 \u043c\u0438\u043d\u0443\u0442\u0438"},"schema":{"@context":"https:\/\/schema.org","@graph":[{"@type":"WebPage","@id":"https:\/\/nekmar.eu\/mk\/proizvod\/nekmar-puppy-junior-grainfree\/","url":"https:\/\/nekmar.eu\/mk\/proizvod\/nekmar-puppy-junior-grainfree\/","name":"Nekmar | Grain Free Puppy & Junior","isPartOf":{"@id":"https:\/\/nekmar.eu\/mk\/#website"},"primaryImageOfPage":{"@id":"https:\/\/nekmar.eu\/mk\/proizvod\/nekmar-puppy-junior-grainfree\/#primaryimage"},"image":{"@id":"https:\/\/nekmar.eu\/mk\/proizvod\/nekmar-puppy-junior-grainfree\/#primaryimage"},"thumbnailUrl":"https:\/\/nekmar.eu\/mk\/wp-content\/uploads\/2019\/08\/nekmar_grainfree_puppy_junior.jpg","datePublished":"2019-09-08T08:26:31+00:00","dateModified":"2025-09-05T07:33:48+00:00","description":"Ultrapremium Holistic hrana bez \u017eitarica za \u0161tence i mlade pse. Glavni sastojci: svje\u017ee pa\u010dje meso 25%, dehidrirano pile\u0107e meso 25%.","breadcrumb":{"@id":"https:\/\/nekmar.eu\/mk\/proizvod\/nekmar-puppy-junior-grainfree\/#breadcrumb"},"inLanguage":"mk-MK","potentialAction":[{"@type":"ReadAction","target":["https:\/\/nekmar.eu\/mk\/proizvod\/nekmar-puppy-junior-grainfree\/"]}]},{"@type":"ImageObject","inLanguage":"mk-MK","@id":"https:\/\/nekmar.eu\/mk\/proizvod\/nekmar-puppy-junior-grainfree\/#primaryimage","url":"https:\/\/nekmar.eu\/mk\/wp-content\/uploads\/2019\/08\/nekmar_grainfree_puppy_junior.jpg","contentUrl":"https:\/\/nekmar.eu\/mk\/wp-content\/uploads\/2019\/08\/nekmar_grainfree_puppy_junior.jpg","width":1000,"height":1000},{"@type":"BreadcrumbList","@id":"https:\/\/nekmar.eu\/mk\/proizvod\/nekmar-puppy-junior-grainfree\/#breadcrumb","itemListElement":[{"@type":"ListItem","position":1,"name":"Home","item":"https:\/\/nekmar.eu\/mk\/"},{"@type":"ListItem","position":2,"name":"Trgovina","item":"https:\/\/nekmar.eu\/mk\/trgovina\/"},{"@type":"ListItem","position":3,"name":"Nekmar Grain Free Puppy &#038; Junior"}]},{"@type":"WebSite","@id":"https:\/\/nekmar.eu\/mk\/#website","url":"https:\/\/nekmar.eu\/mk\/","name":"Nekmar","description":"Pet Nutrition","publisher":{"@id":"https:\/\/nekmar.eu\/mk\/#organization"},"potentialAction":[{"@type":"SearchAction","target":{"@type":"EntryPoint","urlTemplate":"https:\/\/nekmar.eu\/mk\/?s={search_term_string}"},"query-input":{"@type":"PropertyValueSpecification","valueRequired":true,"valueName":"search_term_string"}}],"inLanguage":"mk-MK"},{"@type":"Organization","@id":"https:\/\/nekmar.eu\/mk\/#organization","name":"Nekmar Pet Nutrition","url":"https:\/\/nekmar.eu\/mk\/","logo":{"@type":"ImageObject","inLanguage":"mk-MK","@id":"https:\/\/nekmar.eu\/mk\/#\/schema\/logo\/image\/","url":"https:\/\/nekmar.eu\/mk\/wp-content\/uploads\/2019\/08\/Nekmar-contact.jpg","contentUrl":"https:\/\/nekmar.eu\/mk\/wp-content\/uploads\/2019\/08\/Nekmar-contact.jpg","width":600,"height":142,"caption":"Nekmar Pet Nutrition"},"image":{"@id":"https:\/\/nekmar.eu\/mk\/#\/schema\/logo\/image\/"},"sameAs":["https:\/\/www.facebook.com\/nekmarpetnutrition\/","https:\/\/www.instagram.com\/nekmarpetnutrition\/"]}]}},"_links":{"self":[{"href":"https:\/\/nekmar.eu\/mk\/wp-json\/wp\/v2\/product\/667","targetHints":{"allow":["GET"]}}],"collection":[{"href":"https:\/\/nekmar.eu\/mk\/wp-json\/wp\/v2\/product"}],"about":[{"href":"https:\/\/nekmar.eu\/mk\/wp-json\/wp\/v2\/types\/product"}],"wp:featuredmedia":[{"embeddable":true,"href":"https:\/\/nekmar.eu\/mk\/wp-json\/wp\/v2\/media\/473"}],"wp:attachment":[{"href":"https:\/\/nekmar.eu\/mk\/wp-json\/wp\/v2\/media?parent=667"}],"wp:term":[{"taxonomy":"product_brand","embeddable":true,"href":"https:\/\/nekmar.eu\/mk\/wp-json\/wp\/v2\/product_brand?post=667"},{"taxonomy":"product_cat","embeddable":true,"href":"https:\/\/nekmar.eu\/mk\/wp-json\/wp\/v2\/product_cat?post=667"},{"taxonomy":"product_tag","embeddable":true,"href":"https:\/\/nekmar.eu\/mk\/wp-json\/wp\/v2\/product_tag?post=667"}],"curies":[{"name":"wp","href":"https:\/\/api.w.org\/{rel}","templated":true}]}}