{"id":14,"date":"2016-02-23T13:24:53","date_gmt":"2016-02-23T13:24:53","guid":{"rendered":"http:\/\/bridge12.qodeinteractive.com\/?page_id=14"},"modified":"2023-12-11T09:59:37","modified_gmt":"2023-12-11T08:59:37","slug":"home","status":"publish","type":"page","link":"https:\/\/nekmar.eu\/pl\/","title":{"rendered":"G\u0142\u00f3wna"},"content":{"rendered":"<div class=\"wpb-content-wrapper\"><p>[vc_row css_animation=&#8221;&#8221; row_type=&#8221;row&#8221; use_row_as_full_screen_section=&#8221;no&#8221; type=&#8221;full_width&#8221; angled_section=&#8221;no&#8221; text_align=&#8221;left&#8221; background_image_as_pattern=&#8221;without_pattern&#8221;][vc_column]\n\t\t\t\t<p class=\"rs-p-wp-fix\"><\/p>\n\t\t\t\t<sr7-module data-alias=\"slHRhome\" data-id=\"36\" id=\"SR7_36_1\" data-version=\"6.7.51\">\n\t\t\t\t\t<sr7-adjuster><\/sr7-adjuster>\n\t\t\t\t\t<sr7-content>\n\t\t\t\t\t\t<sr7-slide id=\"SR7_36_1-170\" data-key=\"170\">\n\t\t\t\t\t\t\t<sr7-bg id=\"SR7_36_1-170-slidebg\" class=\"sr7-layer\"><noscript><img decoding=\"async\" src=\"https:\/\/nekmar.eu\/pl\/wp-content\/uploads\/2019\/11\/nekic.jpg\" alt=\"\" title=\"nekic\"><\/noscript><\/sr7-bg>\n\t\t\t\t\t\t\t<a id=\"SR7_36_1-170-6\" class=\"sr7-layer\" href=\"https:\/\/nekmar.eu\/pl\/sklep\/\" target=\"_self\" rel=\"nofollow\">ODWIED\u0179 SKLEP<\/a>\n\t\t\t\t\t\t<\/sr7-slide>\n\t\t\t\t\t\t<sr7-slide id=\"SR7_36_1-184\" data-key=\"184\">\n\t\t\t\t\t\t<\/sr7-slide>\n\t\t\t\t\t<\/sr7-content>\n\t\t\t\t<\/sr7-module>\n\t\t\t\t<script>\n\t\t\t\t\twindow.SR7 ??={};SR7.PMH ??={}; SR7.PMH[\"SR7_36_1\"] = {cn:100,state:false,fn: function() { if (window._tpt!==undefined && window._tpt.prepareModuleHeight !== undefined) {  _tpt.prepareModuleHeight({id:\"SR7_36_1\",el:[900,768,960,720],type:'standard',shdw:'0',gh:[900,768,960,720],gw:[1920,1024,778,480],vpt:['-200px'],size:{fullWidth:true, fullHeight:true},offsetContainer:'',offset:'',mh:'0',onh:0,onw:0,bg:{color:'transparent'},plType:'0',plColor:'#ffffff'});   SR7.PMH[\"SR7_36_1\"].state=true;} else if(SR7.PMH[\"SR7_36_1\"].cn-->0)\tsetTimeout( SR7.PMH[\"SR7_36_1\"].fn,19);}};SR7.PMH[\"SR7_36_1\" ].fn();\n\t\t\t\t<\/script>\n[\/vc_column][\/vc_row][vc_row css_animation=&#8221;&#8221; row_type=&#8221;row&#8221; use_row_as_full_screen_section=&#8221;no&#8221; type=&#8221;grid&#8221; angled_section=&#8221;no&#8221; text_align=&#8221;left&#8221; background_image_as_pattern=&#8221;without_pattern&#8221; padding_top=&#8221;84&#8243; z_index=&#8221;&#8221;][vc_column offset=&#8221;vc_col-md-5&#8243;][qode_elements_holder number_of_columns=&#8221;one_column&#8221;][qode_elements_holder_item vertical_alignment=&#8221;middle&#8221; advanced_animations=&#8221;no&#8221; item_padding_1024_1280=&#8221;72px 40px 0 0&#8243; item_padding_768_1024=&#8221;35px 40px 0 0&#8243; item_padding_600_768=&#8221;0px 40px 60px 0&#8243; item_padding_480_600=&#8221;0 0 60px 0&#8243; item_padding_480=&#8221;0 0 60px 0&#8243; item_padding=&#8221;30px 40px 0 8px&#8221;][vc_column_text]<\/p>\n<h3>BY DOG PEOPLE<\/h3>\n<p>[\/vc_column_text][vc_separator type=&#8221;small&#8221; position=&#8221;left&#8221; color=&#8221;#b7702e&#8221; thickness=&#8221;1&#8243; width=&#8221;63&#8243; up=&#8221;28&#8243; down=&#8221;28&#8243;][vc_column_text]Nekmar Pets Nutrition nie narodzi\u0142 si\u0119 w zwyk\u0142y spos\u00f3b, gdy biznesmen lub firma inwestycyjna postanawia zainwestowa\u0107 w biznes zoologiczny tylko dlatego, \u017ce ich doradca finansowy powiedzia\u0142, \u017ce mo\u017ce to by\u0107 dobra okazja zarobienia pieniedzy, podczas gdy mogli oni nigdy nie dzieli\u0107 swojego \u017cycia z psem lub kotem I nie mie\u0107 w tym temacie \u017cadnego do\u015bwiadczenia!<\/p>\n<p>&nbsp;<\/p>\n<p>Nekmar Pets Nutrition zosta\u0142a stworzona przez jednych z najbardziej utytu\u0142owanych \u015bwiatowych ekspert\u00f3w w dziedzinie ps\u00f3w, Ivan\u0119 i Marin Neki\u0107 ze s\u0142awnej hodowli Nekmar Akita, po tym, jak wielokrotnymi zostawali Mistrzami \u015awiata i Europy ze swoimi ukochanymi akitami, ca\u0142y ich zesp\u00f3\u0142 postanowi\u0142 odda\u0107 swoj\u0105 wiedz\u0119 I do\u015bwiadczenie innym hodowcom I w\u0142a\u015bcicelom ps\u00f3w . Dlatego lubimy m\u00f3wi\u0107, \u017ce nasze przepisy tworzone s\u0105 PRZEZ PSY DLA PS\u00d3W I ICH OS\u00d3B.[\/vc_column_text][\/qode_elements_holder_item][\/qode_elements_holder][\/vc_column][vc_column offset=&#8221;vc_col-md-7&#8243;][qode_elements_holder number_of_columns=&#8221;one_column&#8221;][qode_elements_holder_item advanced_animations=&#8221;no&#8221; item_padding=&#8221;0 0px 0 41px&#8221; item_padding_600_768=&#8221;0 0px 0 0px&#8221; item_padding_480_600=&#8221;0 0px 0 0px&#8221; item_padding_480=&#8221;0 0px 0 0px&#8221;][vc_single_image image=&#8221;870&#8243; img_size=&#8221;full&#8221; qode_css_animation=&#8221;&#8221;][\/qode_elements_holder_item][\/qode_elements_holder][\/vc_column][\/vc_row][vc_row css_animation=&#8221;&#8221; row_type=&#8221;row&#8221; use_row_as_full_screen_section=&#8221;no&#8221; type=&#8221;grid&#8221; angled_section=&#8221;no&#8221; text_align=&#8221;left&#8221; background_image_as_pattern=&#8221;without_pattern&#8221; padding_top=&#8221;84&#8243; z_index=&#8221;&#8221; el_id=&#8221;hide_on_mobiles&#8221;][vc_column offset=&#8221;vc_col-md-7&#8243;][qode_elements_holder number_of_columns=&#8221;one_column&#8221;][qode_elements_holder_item advanced_animations=&#8221;no&#8221; item_padding=&#8221;0px 9px 0 9px&#8221; item_padding_600_768=&#8221;0 0px 0 0px&#8221; item_padding_480_600=&#8221;0 0px 0 0px&#8221; item_padding_480=&#8221;0 0px 0 0px&#8221;][vc_single_image image=&#8221;872&#8243; img_size=&#8221;full&#8221; qode_css_animation=&#8221;&#8221;][\/qode_elements_holder_item][\/qode_elements_holder][\/vc_column][vc_column offset=&#8221;vc_col-md-5&#8243;][qode_elements_holder number_of_columns=&#8221;one_column&#8221;][qode_elements_holder_item advanced_animations=&#8221;no&#8221; item_padding=&#8221;108px 40px 0 8px&#8221; item_padding_1024_1280=&#8221;72px 40px 0 0&#8243; item_padding_768_1024=&#8221;35px 40px 0 0&#8243; item_padding_600_768=&#8221;60px 40px 0px 0&#8243;][vc_column_text]<\/p>\n<h3>KONCEPCJA NEKMARA<\/h3>\n<p>[\/vc_column_text][vc_separator type=&#8221;small&#8221; position=&#8221;left&#8221; color=&#8221;#b7702e&#8221; thickness=&#8221;1&#8243; width=&#8221;63&#8243; up=&#8221;28&#8243; down=&#8221;28&#8243;][vc_column_text]Mocno wierzymy w si\u0142\u0119 wiedzy, edukacji i rekomendacji. Maj\u0105c to na uwadze, produkty Nekmar Pet Nutrition s\u0105 dost\u0119pne w sprzeda\u017cy wy\u0142\u0105cznie przez profesjonalist\u00f3w. Nie znajdziesz naszych produkt\u00f3w w klasycznym sklepie zoologicznym, chyba \u017ce temu sklepowi\u00a0 zoologicznemu towarzyszy w praktyce pracy\u00a0 ze zwierz\u0105teami.<\/p>\n<p>&nbsp;<\/p>\n<p>Koncepcja ta zosta\u0142a stworzona, aby zapewni\u0107, \u017ce w\u0142a\u015bciwy produkt jest zawsze rekomendowany w\u0142a\u015bciwemu zwierz\u0119ciu bez wzgl\u0119du na mar\u017ce, bud\u017cety czy reklamy telewizyjne.[\/vc_column_text][\/qode_elements_holder_item][\/qode_elements_holder][\/vc_column][\/vc_row][vc_row css_animation=&#8221;&#8221; row_type=&#8221;row&#8221; use_row_as_full_screen_section=&#8221;no&#8221; type=&#8221;grid&#8221; angled_section=&#8221;no&#8221; text_align=&#8221;left&#8221; background_image_as_pattern=&#8221;without_pattern&#8221; padding_top=&#8221;84&#8243; z_index=&#8221;&#8221; el_id=&#8221;hide_on_mobiles&#8221;][vc_column offset=&#8221;vc_col-md-5&#8243;][qode_elements_holder number_of_columns=&#8221;one_column&#8221;][qode_elements_holder_item advanced_animations=&#8221;no&#8221; item_padding=&#8221;102px 40px 0 10px&#8221; item_padding_1024_1280=&#8221;72px 40px 0 0&#8243; item_padding_768_1024=&#8221;35px 40px 0 0&#8243; item_padding_600_768=&#8221;0px 40px 60px 0&#8243; item_padding_480_600=&#8221;0 0 60px 0&#8243; item_padding_480=&#8221;0 0 60px 0&#8243;][vc_column_text]<\/p>\n<h3>NASZ CEL<\/h3>\n<p>[\/vc_column_text][vc_separator type=&#8221;small&#8221; position=&#8221;left&#8221; color=&#8221;#b7702e&#8221; thickness=&#8221;1&#8243; width=&#8221;63&#8243; up=&#8221;28&#8243; down=&#8221;28&#8243;][vc_column_text]Aby zapewni\u0107 najlepsze \u017cywienie dla zwierz\u0105t domowych na \u015bwiecie. Nie tylko w celu zaspokojenia ich potrzeb \u017cywieniowych, ale tak\u017ce wsparcia ich zdrowia, wygl\u0105du i d\u0142ugowieczno\u015bci.[\/vc_column_text][\/qode_elements_holder_item][\/qode_elements_holder][\/vc_column][vc_column offset=&#8221;vc_col-md-7&#8243;][qode_elements_holder number_of_columns=&#8221;one_column&#8221;][qode_elements_holder_item advanced_animations=&#8221;no&#8221; item_padding=&#8221;0 0px 0 41px&#8221; item_padding_600_768=&#8221;0 0px 0 0px&#8221; item_padding_480_600=&#8221;0 0px 0 0px&#8221; item_padding_480=&#8221;0 0px 0 0px&#8221;][vc_single_image image=&#8221;871&#8243; img_size=&#8221;full&#8221; qode_css_animation=&#8221;&#8221;][\/qode_elements_holder_item][\/qode_elements_holder][\/vc_column][\/vc_row][vc_row css_animation=&#8221;&#8221; row_type=&#8221;row&#8221; use_row_as_full_screen_section=&#8221;no&#8221; type=&#8221;full_width&#8221; angled_section=&#8221;no&#8221; text_align=&#8221;left&#8221; background_image_as_pattern=&#8221;without_pattern&#8221; z_index=&#8221;&#8221;][vc_column][vc_empty_space height=&#8221;50px&#8221;][\/vc_column][\/vc_row]<\/p>\n<\/div>","protected":false},"excerpt":{"rendered":"<p>[vc_row css_animation=&#8221;&#8221; row_type=&#8221;row&#8221; use_row_as_full_screen_section=&#8221;no&#8221; type=&#8221;full_width&#8221; angled_section=&#8221;no&#8221; text_align=&#8221;left&#8221; background_image_as_pattern=&#8221;without_pattern&#8221;][vc_column][\/vc_column][\/vc_row][vc_row css_animation=&#8221;&#8221; row_type=&#8221;row&#8221; use_row_as_full_screen_section=&#8221;no&#8221; type=&#8221;grid&#8221; angled_section=&#8221;no&#8221; text_align=&#8221;left&#8221; background_image_as_pattern=&#8221;without_pattern&#8221; padding_top=&#8221;84&#8243; z_index=&#8221;&#8221;][vc_column offset=&#8221;vc_col-md-5&#8243;][qode_elements_holder number_of_columns=&#8221;one_column&#8221;][qode_elements_holder_item vertical_alignment=&#8221;middle&#8221; advanced_animations=&#8221;no&#8221; item_padding_1024_1280=&#8221;72px 40px 0 0&#8243; item_padding_768_1024=&#8221;35px 40px 0 0&#8243; item_padding_600_768=&#8221;0px 40px 60px 0&#8243; item_padding_480_600=&#8221;0 0 60px 0&#8243; item_padding_480=&#8221;0 0 60px 0&#8243; item_padding=&#8221;30px 40px 0 8px&#8221;][vc_column_text]&#8230;<\/p>\n","protected":false},"author":1,"featured_media":0,"parent":0,"menu_order":0,"comment_status":"closed","ping_status":"closed","template":"full_width.php","meta":{"footnotes":""},"class_list":["post-14","page","type-page","status-publish","hentry"],"yoast_head":"<!-- This site is optimized with the Yoast SEO plugin v27.5 - https:\/\/yoast.com\/product\/yoast-seo-wordpress\/ -->\n<title>NEKMAR PET NUTRITION POLSKA | Karma dla Ps\u00f3w<\/title>\n<meta name=\"description\" content=\"Uwa\u017camy, \u017ce NEKMAR HOLISTIC ULTRAPREMIUM jest najlepsz\u0105 karm\u0105 dla naszych czworono\u017cnych przyjaci\u00f3\u0142, jak\u0105 mo\u017ce zaoferowa\u0107 dzisiejsza wiedza, do\u015bwiadczenie i technologia.\" \/>\n<meta name=\"robots\" content=\"index, follow, max-snippet:-1, max-image-preview:large, max-video-preview:-1\" \/>\n<link rel=\"canonical\" href=\"https:\/\/nekmar.eu\/pl\/\" \/>\n<meta property=\"og:locale\" content=\"pl_PL\" \/>\n<meta property=\"og:type\" content=\"article\" \/>\n<meta property=\"og:title\" content=\"NEKMAR Polska\" \/>\n<meta property=\"og:description\" content=\"Karma dla Ps\u00f3w\" \/>\n<meta property=\"og:url\" content=\"https:\/\/nekmar.eu\/pl\/\" \/>\n<meta property=\"og:site_name\" content=\"Nekmar Polska\" \/>\n<meta property=\"article:modified_time\" content=\"2023-12-11T08:59:37+00:00\" \/>\n<meta property=\"og:image\" content=\"https:\/\/nekmar.eu\/pl\/wp-content\/uploads\/2019\/08\/nekmar-f.jpg\" \/>\n\t<meta property=\"og:image:width\" content=\"1200\" \/>\n\t<meta property=\"og:image:height\" content=\"630\" \/>\n\t<meta property=\"og:image:type\" content=\"image\/jpeg\" \/>\n<meta name=\"twitter:card\" content=\"summary_large_image\" \/>\n<meta name=\"twitter:label1\" content=\"Szacowany czas czytania\" \/>\n\t<meta name=\"twitter:data1\" content=\"3 minuty\" \/>\n<script type=\"application\/ld+json\" class=\"yoast-schema-graph\">{\"@context\":\"https:\\\/\\\/schema.org\",\"@graph\":[{\"@type\":\"WebPage\",\"@id\":\"https:\\\/\\\/nekmar.eu\\\/pl\\\/\",\"url\":\"https:\\\/\\\/nekmar.eu\\\/pl\\\/\",\"name\":\"NEKMAR PET NUTRITION POLSKA | Karma dla Ps\u00f3w\",\"isPartOf\":{\"@id\":\"https:\\\/\\\/nekmar.eu\\\/pl\\\/#website\"},\"datePublished\":\"2016-02-23T13:24:53+00:00\",\"dateModified\":\"2023-12-11T08:59:37+00:00\",\"description\":\"Uwa\u017camy, \u017ce NEKMAR HOLISTIC ULTRAPREMIUM jest najlepsz\u0105 karm\u0105 dla naszych czworono\u017cnych przyjaci\u00f3\u0142, jak\u0105 mo\u017ce zaoferowa\u0107 dzisiejsza wiedza, do\u015bwiadczenie i technologia.\",\"breadcrumb\":{\"@id\":\"https:\\\/\\\/nekmar.eu\\\/pl\\\/#breadcrumb\"},\"inLanguage\":\"pl-PL\",\"potentialAction\":[{\"@type\":\"ReadAction\",\"target\":[\"https:\\\/\\\/nekmar.eu\\\/pl\\\/\"]}]},{\"@type\":\"BreadcrumbList\",\"@id\":\"https:\\\/\\\/nekmar.eu\\\/pl\\\/#breadcrumb\",\"itemListElement\":[{\"@type\":\"ListItem\",\"position\":1,\"name\":\"Home\",\"item\":\"https:\\\/\\\/nekmar.eu\\\/pl\\\/\"},{\"@type\":\"ListItem\",\"position\":2,\"name\":\"G\u0142\u00f3wna\"}]},{\"@type\":\"WebSite\",\"@id\":\"https:\\\/\\\/nekmar.eu\\\/pl\\\/#website\",\"url\":\"https:\\\/\\\/nekmar.eu\\\/pl\\\/\",\"name\":\"Nekmar Polska\",\"description\":\"Pet Nutrition\",\"publisher\":{\"@id\":\"https:\\\/\\\/nekmar.eu\\\/pl\\\/#organization\"},\"potentialAction\":[{\"@type\":\"SearchAction\",\"target\":{\"@type\":\"EntryPoint\",\"urlTemplate\":\"https:\\\/\\\/nekmar.eu\\\/pl\\\/?s={search_term_string}\"},\"query-input\":{\"@type\":\"PropertyValueSpecification\",\"valueRequired\":true,\"valueName\":\"search_term_string\"}}],\"inLanguage\":\"pl-PL\"},{\"@type\":\"Organization\",\"@id\":\"https:\\\/\\\/nekmar.eu\\\/pl\\\/#organization\",\"name\":\"Nekmar Pet Nutrition Polska\",\"url\":\"https:\\\/\\\/nekmar.eu\\\/pl\\\/\",\"logo\":{\"@type\":\"ImageObject\",\"inLanguage\":\"pl-PL\",\"@id\":\"https:\\\/\\\/nekmar.eu\\\/pl\\\/#\\\/schema\\\/logo\\\/image\\\/\",\"url\":\"https:\\\/\\\/nekmar.eu\\\/pl\\\/wp-content\\\/uploads\\\/2019\\\/08\\\/Nekmar-contact.jpg\",\"contentUrl\":\"https:\\\/\\\/nekmar.eu\\\/pl\\\/wp-content\\\/uploads\\\/2019\\\/08\\\/Nekmar-contact.jpg\",\"width\":600,\"height\":142,\"caption\":\"Nekmar Pet Nutrition Polska\"},\"image\":{\"@id\":\"https:\\\/\\\/nekmar.eu\\\/pl\\\/#\\\/schema\\\/logo\\\/image\\\/\"}}]}<\/script>\n<!-- \/ Yoast SEO plugin. -->","yoast_head_json":{"title":"NEKMAR PET NUTRITION POLSKA | Karma dla Ps\u00f3w","description":"Uwa\u017camy, \u017ce NEKMAR HOLISTIC ULTRAPREMIUM jest najlepsz\u0105 karm\u0105 dla naszych czworono\u017cnych przyjaci\u00f3\u0142, jak\u0105 mo\u017ce zaoferowa\u0107 dzisiejsza wiedza, do\u015bwiadczenie i technologia.","robots":{"index":"index","follow":"follow","max-snippet":"max-snippet:-1","max-image-preview":"max-image-preview:large","max-video-preview":"max-video-preview:-1"},"canonical":"https:\/\/nekmar.eu\/pl\/","og_locale":"pl_PL","og_type":"article","og_title":"NEKMAR Polska","og_description":"Karma dla Ps\u00f3w","og_url":"https:\/\/nekmar.eu\/pl\/","og_site_name":"Nekmar Polska","article_modified_time":"2023-12-11T08:59:37+00:00","og_image":[{"width":1200,"height":630,"url":"https:\/\/nekmar.eu\/pl\/wp-content\/uploads\/2019\/08\/nekmar-f.jpg","type":"image\/jpeg"}],"twitter_card":"summary_large_image","twitter_misc":{"Szacowany czas czytania":"3 minuty"},"schema":{"@context":"https:\/\/schema.org","@graph":[{"@type":"WebPage","@id":"https:\/\/nekmar.eu\/pl\/","url":"https:\/\/nekmar.eu\/pl\/","name":"NEKMAR PET NUTRITION POLSKA | Karma dla Ps\u00f3w","isPartOf":{"@id":"https:\/\/nekmar.eu\/pl\/#website"},"datePublished":"2016-02-23T13:24:53+00:00","dateModified":"2023-12-11T08:59:37+00:00","description":"Uwa\u017camy, \u017ce NEKMAR HOLISTIC ULTRAPREMIUM jest najlepsz\u0105 karm\u0105 dla naszych czworono\u017cnych przyjaci\u00f3\u0142, jak\u0105 mo\u017ce zaoferowa\u0107 dzisiejsza wiedza, do\u015bwiadczenie i technologia.","breadcrumb":{"@id":"https:\/\/nekmar.eu\/pl\/#breadcrumb"},"inLanguage":"pl-PL","potentialAction":[{"@type":"ReadAction","target":["https:\/\/nekmar.eu\/pl\/"]}]},{"@type":"BreadcrumbList","@id":"https:\/\/nekmar.eu\/pl\/#breadcrumb","itemListElement":[{"@type":"ListItem","position":1,"name":"Home","item":"https:\/\/nekmar.eu\/pl\/"},{"@type":"ListItem","position":2,"name":"G\u0142\u00f3wna"}]},{"@type":"WebSite","@id":"https:\/\/nekmar.eu\/pl\/#website","url":"https:\/\/nekmar.eu\/pl\/","name":"Nekmar Polska","description":"Pet Nutrition","publisher":{"@id":"https:\/\/nekmar.eu\/pl\/#organization"},"potentialAction":[{"@type":"SearchAction","target":{"@type":"EntryPoint","urlTemplate":"https:\/\/nekmar.eu\/pl\/?s={search_term_string}"},"query-input":{"@type":"PropertyValueSpecification","valueRequired":true,"valueName":"search_term_string"}}],"inLanguage":"pl-PL"},{"@type":"Organization","@id":"https:\/\/nekmar.eu\/pl\/#organization","name":"Nekmar Pet Nutrition Polska","url":"https:\/\/nekmar.eu\/pl\/","logo":{"@type":"ImageObject","inLanguage":"pl-PL","@id":"https:\/\/nekmar.eu\/pl\/#\/schema\/logo\/image\/","url":"https:\/\/nekmar.eu\/pl\/wp-content\/uploads\/2019\/08\/Nekmar-contact.jpg","contentUrl":"https:\/\/nekmar.eu\/pl\/wp-content\/uploads\/2019\/08\/Nekmar-contact.jpg","width":600,"height":142,"caption":"Nekmar Pet Nutrition Polska"},"image":{"@id":"https:\/\/nekmar.eu\/pl\/#\/schema\/logo\/image\/"}}]}},"_links":{"self":[{"href":"https:\/\/nekmar.eu\/pl\/wp-json\/wp\/v2\/pages\/14","targetHints":{"allow":["GET"]}}],"collection":[{"href":"https:\/\/nekmar.eu\/pl\/wp-json\/wp\/v2\/pages"}],"about":[{"href":"https:\/\/nekmar.eu\/pl\/wp-json\/wp\/v2\/types\/page"}],"author":[{"embeddable":true,"href":"https:\/\/nekmar.eu\/pl\/wp-json\/wp\/v2\/users\/1"}],"replies":[{"embeddable":true,"href":"https:\/\/nekmar.eu\/pl\/wp-json\/wp\/v2\/comments?post=14"}],"version-history":[{"count":1,"href":"https:\/\/nekmar.eu\/pl\/wp-json\/wp\/v2\/pages\/14\/revisions"}],"predecessor-version":[{"id":6122,"href":"https:\/\/nekmar.eu\/pl\/wp-json\/wp\/v2\/pages\/14\/revisions\/6122"}],"wp:attachment":[{"href":"https:\/\/nekmar.eu\/pl\/wp-json\/wp\/v2\/media?parent=14"}],"curies":[{"name":"wp","href":"https:\/\/api.w.org\/{rel}","templated":true}]}}