{"id":799,"date":"2019-10-16T12:12:22","date_gmt":"2019-10-16T12:12:22","guid":{"rendered":"https:\/\/nekmar.eu\/pl\/?page_id=799"},"modified":"2022-02-02T16:13:54","modified_gmt":"2022-02-02T15:13:54","slug":"polityka-zwrotow","status":"publish","type":"page","link":"https:\/\/nekmar.eu\/pl\/polityka-zwrotow\/","title":{"rendered":"Polityka zwrot\u00f3w"},"content":{"rendered":"<div class=\"wpb-content-wrapper\"><p>[vc_row css_animation=&#8221;&#8221; row_type=&#8221;row&#8221; use_row_as_full_screen_section=&#8221;no&#8221; type=&#8221;full_width&#8221; angled_section=&#8221;no&#8221; text_align=&#8221;left&#8221; background_image_as_pattern=&#8221;without_pattern&#8221;][vc_column][vc_empty_space height=&#8221;100px&#8221;][\/vc_column][\/vc_row][vc_row css_animation=&#8221;&#8221; row_type=&#8221;row&#8221; use_row_as_full_screen_section=&#8221;no&#8221; type=&#8221;grid&#8221; angled_section=&#8221;no&#8221; text_align=&#8221;left&#8221; background_image_as_pattern=&#8221;without_pattern&#8221; z_index=&#8221;&#8221;][vc_column][vc_column_text]<\/p>\n<h3>POLITYKA ZWROT\u00d3W<\/h3>\n<h1><\/h1>\n<p><strong>\u00a0<\/strong><\/p>\n<p><strong>\u00a0<\/strong><\/p>\n<h3><strong>Prawo do odst\u0105pienia od umowy<\/strong><\/h3>\n<p>Klient b\u0119d\u0105cy konsumentem ma prawo odst\u0105pi\u0107 od umowy sprzeda\u017cy w terminie 14 dni bez podania przyczyny. Termin do odst\u0105pienia od umowy wygasa po up\u0142ywie 14 dni od dnia, w kt\u00f3rym klient wszed\u0142 w posiadanie rzeczy lub w kt\u00f3rym osoba trzecia inna ni\u017c przewo\u017anik i wskazana przez klienta wesz\u0142a w posiadanie Produktu.<\/p>\n<p>Poprzez konsumenta rozumie si\u0119 tak\u017ce osob\u0119 fizyczn\u0105 zawieraj\u0105c\u0105 umow\u0119 bezpo\u015brednio zwi\u0105zan\u0105 z jej dzia\u0142alno\u015bci\u0105 gospodarcz\u0105, gdy z tre\u015bci tej umowy wynika, \u017ce nie posiada ona dla tej osoby charakteru zawodowego, wynikaj\u0105cego w szczeg\u00f3lno\u015bci z przedmiotu wykonywanej przez ni\u0105 dzia\u0142alno\u015bci gospodarczej, udost\u0119pnionego na podstawie przepis\u00f3w o Centralnej Ewidencji i Informacji o Dzia\u0142alno\u015bci Gospodarczej.<\/p>\n<p>Aby skorzysta\u0107 z prawa odst\u0105pienia od umowy, nale\u017cy poinformowa\u0107 nas o swojej decyzji o odst\u0105pieniu od umowy sprzeda\u017cy w drodze jednoznacznego o\u015bwiadczenia wys\u0142anego do nas poczt\u0105 lub drog\u0105 elektroniczn\u0105 na <a href=\"mailto:krawiec22@wp.pl\"><strong>krawiec22@wp.pl<\/strong>.<\/a><\/p>\n<p>Klient mo\u017ce skorzysta\u0107 z wzoru formularza odst\u0105pienia od umowy stanowi\u0105cego za\u0142\u0105cznik nr 1 do Regulaminu naszego Sklepu internetowego. Skorzystanie z wzoru formularza nie jest obowi\u0105zkowe.<\/p>\n<p>Aby zachowa\u0107 termin odst\u0105pienia od umowy, wystarczy, aby klient przes\u0142a\u0142 informacj\u0119 dotycz\u0105c\u0105 wykonania przys\u0142uguj\u0105cego mu prawa odst\u0105pienia od umowy przed up\u0142ywem terminu do odst\u0105pienia od umowy.<\/p>\n<p>Informujemy, i\u017c prawo do odst\u0105pienia od umowy zawartej na odleg\u0142o\u015b\u0107 nie przys\u0142uguje w odniesieniu do um\u00f3w okre\u015blonych w art. 38 ustawy z dnia 30 maja 2014 r. o prawach konsumenta, m. in. w stosunku do umowy:<\/p>\n<ol>\n<li>w kt\u00f3rej przedmiotem \u015bwiadczenia jest rzecz dostarczana w zapiecz\u0119towanym opakowaniu, kt\u00f3rej po otwarciu opakowania nie mo\u017cna zwr\u00f3ci\u0107 ze wzgl\u0119du na ochron\u0119 zdrowia lub ze wzgl\u0119d\u00f3w higienicznych, je\u017celi opakowanie zosta\u0142o otwarte po dostarczeniu,<\/li>\n<li>w kt\u00f3rej przedmiotem \u015bwiadczenia jest rzecz ulegaj\u0105ca zepsuciu lub maj\u0105ca kr\u00f3tki termin przydatno\u015bci do u\u017cycia.<\/li>\n<\/ol>\n<p>&nbsp;<\/p>\n<p>&nbsp;<\/p>\n<h3>Skutki odst\u0105pienia od umowy<\/h3>\n<p>W przypadku odst\u0105pienia od niniejszej umowy zwracamy klientowi wszystkie otrzymane od niego p\u0142atno\u015bci, w tym koszty dostarczenia rzeczy (z wyj\u0105tkiem dodatkowych koszt\u00f3w wynikaj\u0105cych z wybranego przez klienta sposobu dostarczenia innego ni\u017c najta\u0144szy zwyk\u0142y spos\u00f3b dostarczenia oferowany w naszym Sklepie internetowym) niezw\u0142ocznie, a w ka\u017cdym przypadku nie p\u00f3\u017aniej ni\u017c 14 dni od dnia, w kt\u00f3rym zostali\u015bmy poinformowani o decyzji o wykonaniu prawa do odst\u0105pienia od niniejszej umowy. Zwrotu p\u0142atno\u015bci dokonamy przy u\u017cyciu takich samych sposob\u00f3w p\u0142atno\u015bci, jakie zosta\u0142y przez klienta u\u017cyte w pierwotnej transakcji, chyba \u017ce klient wyra\u017anie zgodzi\u0142 si\u0119 na inne rozwi\u0105zanie; w ka\u017cdym przypadku klient nie poniesie \u017cadnych op\u0142at w zwi\u0105zku z tym zwrotem.<\/p>\n<p>&nbsp;<\/p>\n<p>Informujemy, i\u017c mo\u017cemy wstrzyma\u0107 si\u0119 ze zwrotem p\u0142atno\u015bci do czasu otrzymania Produktu lub do czasu dostarczenia nam dowodu jego odes\u0142ania, w zale\u017cno\u015bci od tego, kt\u00f3re zdarzenie nast\u0105pi wcze\u015bniej.<\/p>\n<p>Prosimy o odes\u0142anie Produktu na adres: <strong>P.W. \u201eSEKA\u201d Sebastian Krawczyk, ul. Rejtana 59, 42-202 Cz\u0119stochowa <\/strong>niezw\u0142ocznie, a w ka\u017cdym razie nie p\u00f3\u017aniej ni\u017c 14 dni od dnia, w kt\u00f3rym poinformowano nas o odst\u0105pieniu od umowy sprzeda\u017cy. Termin jest zachowany, je\u017celi Produkt zostanie odes\u0142any przed up\u0142ywem terminu 14 dni. Informujemy, i\u017c klient b\u0119dzie zobowi\u0105zany ponie\u015b\u0107 bezpo\u015brednie koszty zwrotu rzeczy.<\/p>\n<p>&nbsp;<\/p>\n<h1><\/h1>\n<h3>R\u0119kojmia za wady produktu<\/h3>\n<p><strong>\u00a0<\/strong><\/p>\n<p><strong>\u00a0<\/strong><\/p>\n<p>Zgodnie z art. 556 ustawy z dnia 23 kwietnia 1964 r. Kodeks cywilny Sprzedawca jest odpowiedzialny wzgl\u0119dem klienta, je\u017celi sprzedany Produkt ma wad\u0119 fizyczn\u0105 lub prawn\u0105. Sprzedawca jest zwolniony z odpowiedzialno\u015bci z tytu\u0142u r\u0119kojmi, je\u017celi klient wiedzia\u0142 o wadzie w chwili zawarcia umowy.<\/p>\n<p>Na podstawie art. 558 Kodeksu cywilnego w przypadku sprzeda\u017cy Produktu na rzecz klienta nieb\u0119d\u0105cego konsumentem wy\u0142\u0105cza si\u0119 odpowiedzialno\u015b\u0107 Sprzedawcy z tytu\u0142u r\u0119kojmi. Poprzez konsumenta rozumie si\u0119 tak\u017ce osob\u0119 fizyczn\u0105 zawieraj\u0105c\u0105 umow\u0119 bezpo\u015brednio zwi\u0105zan\u0105 z jej dzia\u0142alno\u015bci\u0105 gospodarcz\u0105, gdy z tre\u015bci tej umowy wynika, \u017ce nie posiada ona dla tej osoby charakteru zawodowego, wynikaj\u0105cego w szczeg\u00f3lno\u015bci z przedmiotu wykonywanej przez ni\u0105 dzia\u0142alno\u015bci gospodarczej, udost\u0119pnionego na podstawie przepis\u00f3w o Centralnej Ewidencji i Informacji o Dzia\u0142alno\u015bci Gospodarczej.<\/p>\n<p>Dostarczenie Produktu w ramach realizacji uprawnie\u0144 wynikaj\u0105cych z r\u0119kojmi za wady odbywa si\u0119 na koszt Sprzedawcy.<\/p>\n<p>Sprzedawca odpowiada z tytu\u0142u r\u0119kojmi, je\u017celi wada zostanie stwierdzona przed up\u0142ywem dw\u00f3ch lat od dnia wydania Produktu klientowi.<\/p>\n<p>Zg\u0142oszenie\u00a0\u00a0\u00a0\u00a0 o\u00a0\u00a0\u00a0 wadach\u00a0\u00a0\u00a0 Produktu\u00a0\u00a0\u00a0 nale\u017cy\u00a0\u00a0\u00a0\u00a0\u00a0 przes\u0142a\u0107\u00a0\u00a0\u00a0\u00a0\u00a0 drog\u0105\u00a0\u00a0\u00a0\u00a0 elektroniczn\u0105\u00a0\u00a0\u00a0\u00a0\u00a0\u00a0 na\u00a0\u00a0\u00a0 adres<\/p>\n<p><a href=\"mailto:krawiec22@wp.pl\"><strong>krawiec22@wp.pl <\/strong><\/a>lub pisemnie na adres siedziby Sprzedawcy.<\/p>\n<p>Je\u017celi sprzedana rzecz ma wad\u0119, klient mo\u017ce z\u0142o\u017cy\u0107 o\u015bwiadczenie o obni\u017ceniu ceny albo odst\u0105pieniu od umowy, chyba \u017ce Sprzedawca niezw\u0142ocznie i bez nadmiernych niedogodno\u015bci dla klienta wymieni rzecz wadliw\u0105 na woln\u0105 od wad albo wad\u0119 usunie. Ograniczenie to nie ma zastosowania, je\u017celi rzecz by\u0142a ju\u017c wymieniona lub naprawiana przez Sprzedawc\u0119 albo Sprzedawca nie uczyni\u0142 zado\u015b\u0107 obowi\u0105zkowi wymiany rzeczy na woln\u0105 od wad lub usuni\u0119cia wady.<\/p>\n<p>Klient mo\u017ce zamiast zaproponowanego przez Sprzedawc\u0119 usuni\u0119cia wady \u017c\u0105da\u0107 wymiany rzeczy na woln\u0105 od wad albo zamiast wymiany rzeczy \u017c\u0105da\u0107 usuni\u0119cia wady, chyba \u017ce doprowadzenie rzeczy do zgodno\u015bci z umow\u0105 w spos\u00f3b wybrany przez klienta jest niemo\u017cliwe albo wymaga\u0142oby nadmiernych koszt\u00f3w w por\u00f3wnaniu ze sposobem proponowanym przez Sprzedawc\u0119.<\/p>\n<p>Klient nie mo\u017ce odst\u0105pi\u0107 od umowy, je\u017celi wada jest nieistotna<\/p>\n<p>&nbsp;<\/p>\n<p>Je\u017celi jest to niezb\u0119dne dla oceny wad fizycznych Produkt nale\u017cy dostarczy\u0107 na adres: <strong>P.W.\u201eSEKA\u201d Sebastian Krawczyk, ul. Rejtana 59, 42-202 Cz\u0119stochowa.<\/strong><\/p>\n<p>Sprzedawca odpowiada na zg\u0142oszenie klienta w terminie 14 dni kalendarzowych od dnia jego otrzymania. Nierozpatrzenie zg\u0142oszenia w zakre\u015blonym terminie jest r\u00f3wnoznaczne z jego uwzgl\u0119dnieniem.<\/p>\n<p>Sprzedawca pokrywa koszty usuni\u0119cia wad lub wymiany Produktu na nowy.[\/vc_column_text][\/vc_column][\/vc_row][vc_row css_animation=&#8221;&#8221; row_type=&#8221;row&#8221; use_row_as_full_screen_section=&#8221;no&#8221; type=&#8221;full_width&#8221; angled_section=&#8221;no&#8221; text_align=&#8221;left&#8221; background_image_as_pattern=&#8221;without_pattern&#8221;][vc_column][vc_empty_space height=&#8221;100px&#8221;][\/vc_column][\/vc_row]<\/p>\n<\/div>","protected":false},"excerpt":{"rendered":"<p>[vc_row css_animation=&#8221;&#8221; row_type=&#8221;row&#8221; use_row_as_full_screen_section=&#8221;no&#8221; type=&#8221;full_width&#8221; angled_section=&#8221;no&#8221; text_align=&#8221;left&#8221; background_image_as_pattern=&#8221;without_pattern&#8221;][vc_column][vc_empty_space height=&#8221;100px&#8221;][\/vc_column][\/vc_row][vc_row css_animation=&#8221;&#8221; row_type=&#8221;row&#8221; use_row_as_full_screen_section=&#8221;no&#8221; type=&#8221;grid&#8221; angled_section=&#8221;no&#8221; text_align=&#8221;left&#8221; background_image_as_pattern=&#8221;without_pattern&#8221; z_index=&#8221;&#8221;][vc_column][vc_column_text] POLITYKA ZWROT\u00d3W \u00a0 \u00a0 Prawo do odst\u0105pienia od umowy Klient b\u0119d\u0105cy konsumentem ma prawo odst\u0105pi\u0107 od umowy sprzeda\u017cy w terminie 14 dni bez podania przyczyny. Termin do odst\u0105pienia&#8230;<\/p>\n","protected":false},"author":1,"featured_media":0,"parent":0,"menu_order":0,"comment_status":"closed","ping_status":"closed","template":"full_width.php","meta":{"footnotes":""},"class_list":["post-799","page","type-page","status-publish","hentry"],"yoast_head":"<!-- This site is optimized with the Yoast SEO plugin v27.1.1 - https:\/\/yoast.com\/product\/yoast-seo-wordpress\/ -->\n<title>Polityka zwrot\u00f3w | Nekmar Polska<\/title>\n<meta name=\"robots\" content=\"noindex, follow\" \/>\n<meta property=\"og:locale\" content=\"pl_PL\" \/>\n<meta property=\"og:type\" content=\"article\" \/>\n<meta property=\"og:title\" content=\"Polityka zwrot\u00f3w | Nekmar Polska\" \/>\n<meta property=\"og:description\" content=\"[vc_row css_animation=&#8221;&#8221; row_type=&#8221;row&#8221; use_row_as_full_screen_section=&#8221;no&#8221; type=&#8221;full_width&#8221; angled_section=&#8221;no&#8221; text_align=&#8221;left&#8221; background_image_as_pattern=&#8221;without_pattern&#8221;][vc_column][vc_empty_space height=&#8221;100px&#8221;][\/vc_column][\/vc_row][vc_row css_animation=&#8221;&#8221; row_type=&#8221;row&#8221; use_row_as_full_screen_section=&#8221;no&#8221; type=&#8221;grid&#8221; angled_section=&#8221;no&#8221; text_align=&#8221;left&#8221; background_image_as_pattern=&#8221;without_pattern&#8221; z_index=&#8221;&#8221;][vc_column][vc_column_text] POLITYKA ZWROT\u00d3W \u00a0 \u00a0 Prawo do odst\u0105pienia od umowy Klient b\u0119d\u0105cy konsumentem ma prawo odst\u0105pi\u0107 od umowy sprzeda\u017cy w terminie 14 dni bez podania przyczyny. Termin do odst\u0105pienia...\" \/>\n<meta property=\"og:url\" content=\"https:\/\/nekmar.eu\/pl\/polityka-zwrotow\/\" \/>\n<meta property=\"og:site_name\" content=\"Nekmar Polska\" \/>\n<meta property=\"article:modified_time\" content=\"2022-02-02T15:13:54+00:00\" \/>\n<meta property=\"og:image\" content=\"https:\/\/nekmar.eu\/pl\/wp-content\/uploads\/2019\/08\/nekmar-f.jpg\" \/>\n\t<meta property=\"og:image:width\" content=\"1200\" \/>\n\t<meta property=\"og:image:height\" content=\"630\" \/>\n\t<meta property=\"og:image:type\" content=\"image\/jpeg\" \/>\n<meta name=\"twitter:card\" content=\"summary_large_image\" \/>\n<meta name=\"twitter:label1\" content=\"Szacowany czas czytania\" \/>\n\t<meta name=\"twitter:data1\" content=\"5 minut\" \/>\n<script type=\"application\/ld+json\" class=\"yoast-schema-graph\">{\"@context\":\"https:\/\/schema.org\",\"@graph\":[{\"@type\":\"WebPage\",\"@id\":\"https:\/\/nekmar.eu\/pl\/polityka-zwrotow\/\",\"url\":\"https:\/\/nekmar.eu\/pl\/polityka-zwrotow\/\",\"name\":\"Polityka zwrot\u00f3w | Nekmar Polska\",\"isPartOf\":{\"@id\":\"https:\/\/nekmar.eu\/pl\/#website\"},\"datePublished\":\"2019-10-16T12:12:22+00:00\",\"dateModified\":\"2022-02-02T15:13:54+00:00\",\"breadcrumb\":{\"@id\":\"https:\/\/nekmar.eu\/pl\/polityka-zwrotow\/#breadcrumb\"},\"inLanguage\":\"pl-PL\",\"potentialAction\":[{\"@type\":\"ReadAction\",\"target\":[\"https:\/\/nekmar.eu\/pl\/polityka-zwrotow\/\"]}]},{\"@type\":\"BreadcrumbList\",\"@id\":\"https:\/\/nekmar.eu\/pl\/polityka-zwrotow\/#breadcrumb\",\"itemListElement\":[{\"@type\":\"ListItem\",\"position\":1,\"name\":\"Home\",\"item\":\"https:\/\/nekmar.eu\/pl\/\"},{\"@type\":\"ListItem\",\"position\":2,\"name\":\"Polityka zwrot\u00f3w\"}]},{\"@type\":\"WebSite\",\"@id\":\"https:\/\/nekmar.eu\/pl\/#website\",\"url\":\"https:\/\/nekmar.eu\/pl\/\",\"name\":\"Nekmar Polska\",\"description\":\"Pet Nutrition\",\"publisher\":{\"@id\":\"https:\/\/nekmar.eu\/pl\/#organization\"},\"potentialAction\":[{\"@type\":\"SearchAction\",\"target\":{\"@type\":\"EntryPoint\",\"urlTemplate\":\"https:\/\/nekmar.eu\/pl\/?s={search_term_string}\"},\"query-input\":{\"@type\":\"PropertyValueSpecification\",\"valueRequired\":true,\"valueName\":\"search_term_string\"}}],\"inLanguage\":\"pl-PL\"},{\"@type\":\"Organization\",\"@id\":\"https:\/\/nekmar.eu\/pl\/#organization\",\"name\":\"Nekmar Pet Nutrition Polska\",\"url\":\"https:\/\/nekmar.eu\/pl\/\",\"logo\":{\"@type\":\"ImageObject\",\"inLanguage\":\"pl-PL\",\"@id\":\"https:\/\/nekmar.eu\/pl\/#\/schema\/logo\/image\/\",\"url\":\"https:\/\/nekmar.eu\/pl\/wp-content\/uploads\/2019\/08\/Nekmar-contact.jpg\",\"contentUrl\":\"https:\/\/nekmar.eu\/pl\/wp-content\/uploads\/2019\/08\/Nekmar-contact.jpg\",\"width\":600,\"height\":142,\"caption\":\"Nekmar Pet Nutrition Polska\"},\"image\":{\"@id\":\"https:\/\/nekmar.eu\/pl\/#\/schema\/logo\/image\/\"}}]}<\/script>\n<!-- \/ Yoast SEO plugin. -->","yoast_head_json":{"title":"Polityka zwrot\u00f3w | Nekmar Polska","robots":{"index":"noindex","follow":"follow"},"og_locale":"pl_PL","og_type":"article","og_title":"Polityka zwrot\u00f3w | Nekmar Polska","og_description":"[vc_row css_animation=&#8221;&#8221; row_type=&#8221;row&#8221; use_row_as_full_screen_section=&#8221;no&#8221; type=&#8221;full_width&#8221; angled_section=&#8221;no&#8221; text_align=&#8221;left&#8221; background_image_as_pattern=&#8221;without_pattern&#8221;][vc_column][vc_empty_space height=&#8221;100px&#8221;][\/vc_column][\/vc_row][vc_row css_animation=&#8221;&#8221; row_type=&#8221;row&#8221; use_row_as_full_screen_section=&#8221;no&#8221; type=&#8221;grid&#8221; angled_section=&#8221;no&#8221; text_align=&#8221;left&#8221; background_image_as_pattern=&#8221;without_pattern&#8221; z_index=&#8221;&#8221;][vc_column][vc_column_text] POLITYKA ZWROT\u00d3W \u00a0 \u00a0 Prawo do odst\u0105pienia od umowy Klient b\u0119d\u0105cy konsumentem ma prawo odst\u0105pi\u0107 od umowy sprzeda\u017cy w terminie 14 dni bez podania przyczyny. Termin do odst\u0105pienia...","og_url":"https:\/\/nekmar.eu\/pl\/polityka-zwrotow\/","og_site_name":"Nekmar Polska","article_modified_time":"2022-02-02T15:13:54+00:00","og_image":[{"width":1200,"height":630,"url":"https:\/\/nekmar.eu\/pl\/wp-content\/uploads\/2019\/08\/nekmar-f.jpg","type":"image\/jpeg"}],"twitter_card":"summary_large_image","twitter_misc":{"Szacowany czas czytania":"5 minut"},"schema":{"@context":"https:\/\/schema.org","@graph":[{"@type":"WebPage","@id":"https:\/\/nekmar.eu\/pl\/polityka-zwrotow\/","url":"https:\/\/nekmar.eu\/pl\/polityka-zwrotow\/","name":"Polityka zwrot\u00f3w | Nekmar Polska","isPartOf":{"@id":"https:\/\/nekmar.eu\/pl\/#website"},"datePublished":"2019-10-16T12:12:22+00:00","dateModified":"2022-02-02T15:13:54+00:00","breadcrumb":{"@id":"https:\/\/nekmar.eu\/pl\/polityka-zwrotow\/#breadcrumb"},"inLanguage":"pl-PL","potentialAction":[{"@type":"ReadAction","target":["https:\/\/nekmar.eu\/pl\/polityka-zwrotow\/"]}]},{"@type":"BreadcrumbList","@id":"https:\/\/nekmar.eu\/pl\/polityka-zwrotow\/#breadcrumb","itemListElement":[{"@type":"ListItem","position":1,"name":"Home","item":"https:\/\/nekmar.eu\/pl\/"},{"@type":"ListItem","position":2,"name":"Polityka zwrot\u00f3w"}]},{"@type":"WebSite","@id":"https:\/\/nekmar.eu\/pl\/#website","url":"https:\/\/nekmar.eu\/pl\/","name":"Nekmar Polska","description":"Pet Nutrition","publisher":{"@id":"https:\/\/nekmar.eu\/pl\/#organization"},"potentialAction":[{"@type":"SearchAction","target":{"@type":"EntryPoint","urlTemplate":"https:\/\/nekmar.eu\/pl\/?s={search_term_string}"},"query-input":{"@type":"PropertyValueSpecification","valueRequired":true,"valueName":"search_term_string"}}],"inLanguage":"pl-PL"},{"@type":"Organization","@id":"https:\/\/nekmar.eu\/pl\/#organization","name":"Nekmar Pet Nutrition Polska","url":"https:\/\/nekmar.eu\/pl\/","logo":{"@type":"ImageObject","inLanguage":"pl-PL","@id":"https:\/\/nekmar.eu\/pl\/#\/schema\/logo\/image\/","url":"https:\/\/nekmar.eu\/pl\/wp-content\/uploads\/2019\/08\/Nekmar-contact.jpg","contentUrl":"https:\/\/nekmar.eu\/pl\/wp-content\/uploads\/2019\/08\/Nekmar-contact.jpg","width":600,"height":142,"caption":"Nekmar Pet Nutrition Polska"},"image":{"@id":"https:\/\/nekmar.eu\/pl\/#\/schema\/logo\/image\/"}}]}},"_links":{"self":[{"href":"https:\/\/nekmar.eu\/pl\/wp-json\/wp\/v2\/pages\/799","targetHints":{"allow":["GET"]}}],"collection":[{"href":"https:\/\/nekmar.eu\/pl\/wp-json\/wp\/v2\/pages"}],"about":[{"href":"https:\/\/nekmar.eu\/pl\/wp-json\/wp\/v2\/types\/page"}],"author":[{"embeddable":true,"href":"https:\/\/nekmar.eu\/pl\/wp-json\/wp\/v2\/users\/1"}],"replies":[{"embeddable":true,"href":"https:\/\/nekmar.eu\/pl\/wp-json\/wp\/v2\/comments?post=799"}],"version-history":[{"count":0,"href":"https:\/\/nekmar.eu\/pl\/wp-json\/wp\/v2\/pages\/799\/revisions"}],"wp:attachment":[{"href":"https:\/\/nekmar.eu\/pl\/wp-json\/wp\/v2\/media?parent=799"}],"curies":[{"name":"wp","href":"https:\/\/api.w.org\/{rel}","templated":true}]}}