{"id":1632,"date":"2021-12-11T09:49:21","date_gmt":"2021-12-11T08:49:21","guid":{"rendered":"https:\/\/nekmar.eu\/pl\/?post_type=product&#038;p=1632"},"modified":"2026-05-05T12:56:41","modified_gmt":"2026-05-05T11:56:41","slug":"aston-supreme-adult-ocean-country","status":"publish","type":"product","link":"https:\/\/nekmar.eu\/pl\/produkt\/aston-supreme-adult-ocean-country\/","title":{"rendered":"Aston Supreme Adult Ocean &#038; Country"},"content":{"rendered":"<div class=\"wpb-content-wrapper\"><p>[vc_row css_animation=&#8221;&#8221; row_type=&#8221;row&#8221; use_row_as_full_screen_section=&#8221;no&#8221; type=&#8221;full_width&#8221; angled_section=&#8221;no&#8221; text_align=&#8221;left&#8221; background_image_as_pattern=&#8221;without_pattern&#8221;][vc_column][vc_column_text]<strong>SK\u0141AD:<\/strong> mi\u0119so suszone 40% (w tym kurczak 15%, wo\u0142owina 10%, wieprzowina 9%, \u0142oso\u015b 6%), prawdziwa kukurydza, t\u0142uszcz drobiowy, groch, siemi\u0119 lniane,\u00a0 suszona pulpa buraczana , dro\u017cd\u017ce, minera\u0142y, witaminy.<\/p>\n<p>&nbsp;<\/p>\n<p><strong>SK\u0141ADNIKI ANALITYCZNE:<\/strong> bia\u0142ko surowe 28%, oleje i t\u0142uszcze surowe 18%, w\u0142\u00f3kno surowe 2,6%, popi\u00f3\u0142 8%, wilgotno\u015b\u0107 8%.<\/p>\n<p>&nbsp;<\/p>\n<p><strong>DODATKI OD\u017bYWCZE na KG:<\/strong> 3a672a Witamina A 13500 UI, E671 Witamina D3 950 UI, 3a700 Witamina E (tralfatoc.Acet) 115mg, E4 mied\u017a (pi\u0119ciowodny siarczan miedzi) 47mg, E1 \u017celazo (w\u0119glan \u017celaza) 50mg, E5 mangan (manganowy) tlenek) 62 mg, 3b605 cynk (jednowodny siarczan cynku) 148 mg, 3b201 jod (jodek potasu) 1,2 mg, E8 selen (selenin sodu) 0,27 mg.<\/p>\n<p>&nbsp;<\/p>\n<p><strong>DODATKI TECHNOLOGICZNE:<\/strong> przeciwutleniacze.<\/p>\n<p>&nbsp;<\/p>\n<p><strong>ENERGIA METABOLIZOWALNA:<\/strong> 3960 Kcal\/KG.[\/vc_column_text][\/vc_column][\/vc_row][vc_row css_animation=&#8221;&#8221; row_type=&#8221;row&#8221; use_row_as_full_screen_section=&#8221;no&#8221; type=&#8221;full_width&#8221; angled_section=&#8221;no&#8221; text_align=&#8221;left&#8221; background_image_as_pattern=&#8221;without_pattern&#8221;][vc_column][vc_empty_space][vc_column_text]Zalecana dzienna porcja karmienia (g\/dzie\u0144):[\/vc_column_text][vc_empty_space height=&#8221;10px&#8221;][vc_column_text]<\/p>\n<table class=\"gridtable\">\n<tbody>\n<tr>\n<th class=\"table-first-row\">Waga doros\u0142ego psa<\/th>\n<th class=\"table-first-row\">5kg<\/th>\n<th class=\"table-first-row\">8kg<\/th>\n<th class=\"table-first-row\">12kg<\/th>\n<th class=\"table-first-row\">16kg<\/th>\n<th class=\"table-first-row\">20kg<\/th>\n<th class=\"table-first-row\">25kg<\/th>\n<th class=\"table-first-row\">30kg<\/th>\n<th class=\"table-first-row\">35kg<\/th>\n<th class=\"table-first-row\">40kg<\/th>\n<th class=\"table-first-row\">45kg<\/th>\n<th class=\"table-first-row\">50kg<\/th>\n<th class=\"table-first-row\">60kg<\/th>\n<th class=\"table-first-row\">70kg<\/th>\n<th class=\"table-first-row\">80kg<\/th>\n<\/tr>\n<tr>\n<td class=\"table-first-row\">Normalna aktywno\u015b\u0107<\/td>\n<td>90g<\/td>\n<td>125g<\/td>\n<td>165g<\/td>\n<td>205g<\/td>\n<td>240g<\/td>\n<td>280g<\/td>\n<td>320g<\/td>\n<td>360g<\/td>\n<td>405g<\/td>\n<td>440g<\/td>\n<td>490g<\/td>\n<td>570g<\/td>\n<td>650g<\/td>\n<td>730g<\/td>\n<\/tr>\n<tr>\n<td class=\"table-first-row\">\u015arednia aktywno\u015b\u0107<\/td>\n<td>110g<\/td>\n<td>150g<\/td>\n<td>200g<\/td>\n<td>245g<\/td>\n<td>285g<\/td>\n<td>335g<\/td>\n<td>390g<\/td>\n<td>435g<\/td>\n<td>485g<\/td>\n<td>535g<\/td>\n<td>590g<\/td>\n<td>680g<\/td>\n<td>780g<\/td>\n<td>875g<\/td>\n<\/tr>\n<tr>\n<td class=\"table-first-row\">Wysoka aktywno\u015b\u0107<\/td>\n<td>130g<\/td>\n<td>180g<\/td>\n<td>235g<\/td>\n<td>295g<\/td>\n<td>345g<\/td>\n<td>400g<\/td>\n<td>465g<\/td>\n<td>520g<\/td>\n<td>580g<\/td>\n<td>635g<\/td>\n<td>710g<\/td>\n<td>815g<\/td>\n<td>930g<\/td>\n<td>1050g<\/td>\n<\/tr>\n<\/tbody>\n<\/table>\n<p>[\/vc_column_text][vc_empty_space height=&#8221;22px&#8221;][vc_column_text]<strong>SPOS\u00d3B U\u017bYCIA:<\/strong> produkt mo\u017cna podawa\u0107 na sucho lub namoczony (zalecamy pola\u0107 karm\u0119 niewielk\u0105 ilo\u015bci\u0105 letniej wody tu\u017c przed podaniem go psu, gdy\u017c jest to dla psa \u0142atwiejsze do strawienia uwa\u017camy, \u017ce r\u00f3wnie\u017c poprawia smak). Dawki mog\u0105 si\u0119 r\u00f3\u017cni\u0107 w zale\u017cno\u015bci od konkretnych potrzeb niekt\u00f3rych ps\u00f3w. Pies powinien mie\u0107 zawsze dost\u0119p do \u015bwie\u017cej wody pitnej. Przechowywa\u0107 w ch\u0142odnym i suchym miejscu z dala od \u017ar\u00f3de\u0142 ciep\u0142a.[\/vc_column_text][\/vc_column][\/vc_row]<\/p>\n<\/div>","protected":false},"excerpt":{"rendered":"<p>Karma Superpremium dla ps\u00f3w doros\u0142ych<\/p>\n","protected":false},"featured_media":3418,"template":"","meta":[],"product_brand":[],"product_cat":[100,99,103],"product_tag":[97,108],"class_list":{"0":"post-1632","1":"product","2":"type-product","3":"status-publish","4":"has-post-thumbnail","6":"product_cat-aston","7":"product_cat-karma-dla-psow","8":"product_cat-superpremium","9":"product_tag-aston","10":"product_tag-superpremium","12":"first","13":"instock","14":"taxable","15":"shipping-taxable","16":"purchasable","17":"product-type-variable"},"yoast_head":"<!-- This site is optimized with the Yoast SEO plugin v27.5 - https:\/\/yoast.com\/product\/yoast-seo-wordpress\/ -->\n<title>Aston | Supreme Adult Ocean &amp; Country<\/title>\n<meta name=\"description\" content=\"Karma Superpremium dla ps\u00f3w doros\u0142ych\" \/>\n<meta name=\"robots\" content=\"index, follow, max-snippet:-1, max-image-preview:large, max-video-preview:-1\" \/>\n<link rel=\"canonical\" href=\"https:\/\/nekmar.eu\/pl\/produkt\/aston-supreme-adult-ocean-country\/\" \/>\n<meta property=\"og:locale\" content=\"pl_PL\" \/>\n<meta property=\"og:type\" content=\"article\" \/>\n<meta property=\"og:title\" content=\"Aston Supreme Adult Taste of Country\" \/>\n<meta property=\"og:description\" content=\"Karma Superpremium dla ps\u00f3w doros\u0142ych\" \/>\n<meta property=\"og:url\" content=\"https:\/\/nekmar.eu\/pl\/produkt\/aston-supreme-adult-ocean-country\/\" \/>\n<meta property=\"og:site_name\" content=\"Nekmar Polska\" \/>\n<meta property=\"article:modified_time\" content=\"2026-05-05T11:56:41+00:00\" \/>\n<meta property=\"og:image\" content=\"https:\/\/nekmar.eu\/pl\/wp-content\/uploads\/2019\/08\/aston-f-nekmar.jpg\" \/>\n\t<meta property=\"og:image:width\" content=\"1200\" \/>\n\t<meta property=\"og:image:height\" content=\"630\" \/>\n\t<meta property=\"og:image:type\" content=\"image\/jpeg\" \/>\n<meta name=\"twitter:card\" content=\"summary_large_image\" \/>\n<meta name=\"twitter:label1\" content=\"Szacowany czas czytania\" \/>\n\t<meta name=\"twitter:data1\" content=\"2 minuty\" \/>\n<script type=\"application\/ld+json\" class=\"yoast-schema-graph\">{\"@context\":\"https:\\\/\\\/schema.org\",\"@graph\":[{\"@type\":\"WebPage\",\"@id\":\"https:\\\/\\\/nekmar.eu\\\/pl\\\/produkt\\\/aston-supreme-adult-ocean-country\\\/\",\"url\":\"https:\\\/\\\/nekmar.eu\\\/pl\\\/produkt\\\/aston-supreme-adult-ocean-country\\\/\",\"name\":\"Aston | Supreme Adult Ocean & Country\",\"isPartOf\":{\"@id\":\"https:\\\/\\\/nekmar.eu\\\/pl\\\/#website\"},\"primaryImageOfPage\":{\"@id\":\"https:\\\/\\\/nekmar.eu\\\/pl\\\/produkt\\\/aston-supreme-adult-ocean-country\\\/#primaryimage\"},\"image\":{\"@id\":\"https:\\\/\\\/nekmar.eu\\\/pl\\\/produkt\\\/aston-supreme-adult-ocean-country\\\/#primaryimage\"},\"thumbnailUrl\":\"https:\\\/\\\/nekmar.eu\\\/pl\\\/wp-content\\\/uploads\\\/2024\\\/05\\\/aston_supreme_adult_ocean_country.jpg\",\"datePublished\":\"2021-12-11T08:49:21+00:00\",\"dateModified\":\"2026-05-05T11:56:41+00:00\",\"description\":\"Karma Superpremium dla ps\u00f3w doros\u0142ych\",\"breadcrumb\":{\"@id\":\"https:\\\/\\\/nekmar.eu\\\/pl\\\/produkt\\\/aston-supreme-adult-ocean-country\\\/#breadcrumb\"},\"inLanguage\":\"pl-PL\",\"potentialAction\":[{\"@type\":\"ReadAction\",\"target\":[\"https:\\\/\\\/nekmar.eu\\\/pl\\\/produkt\\\/aston-supreme-adult-ocean-country\\\/\"]}]},{\"@type\":\"ImageObject\",\"inLanguage\":\"pl-PL\",\"@id\":\"https:\\\/\\\/nekmar.eu\\\/pl\\\/produkt\\\/aston-supreme-adult-ocean-country\\\/#primaryimage\",\"url\":\"https:\\\/\\\/nekmar.eu\\\/pl\\\/wp-content\\\/uploads\\\/2024\\\/05\\\/aston_supreme_adult_ocean_country.jpg\",\"contentUrl\":\"https:\\\/\\\/nekmar.eu\\\/pl\\\/wp-content\\\/uploads\\\/2024\\\/05\\\/aston_supreme_adult_ocean_country.jpg\",\"width\":1000,\"height\":1000},{\"@type\":\"BreadcrumbList\",\"@id\":\"https:\\\/\\\/nekmar.eu\\\/pl\\\/produkt\\\/aston-supreme-adult-ocean-country\\\/#breadcrumb\",\"itemListElement\":[{\"@type\":\"ListItem\",\"position\":1,\"name\":\"Home\",\"item\":\"https:\\\/\\\/nekmar.eu\\\/pl\\\/\"},{\"@type\":\"ListItem\",\"position\":2,\"name\":\"Sklep\",\"item\":\"https:\\\/\\\/nekmar.eu\\\/pl\\\/sklep\\\/\"},{\"@type\":\"ListItem\",\"position\":3,\"name\":\"Aston Supreme Adult Ocean &#038; Country\"}]},{\"@type\":\"WebSite\",\"@id\":\"https:\\\/\\\/nekmar.eu\\\/pl\\\/#website\",\"url\":\"https:\\\/\\\/nekmar.eu\\\/pl\\\/\",\"name\":\"Nekmar Polska\",\"description\":\"Pet Nutrition\",\"publisher\":{\"@id\":\"https:\\\/\\\/nekmar.eu\\\/pl\\\/#organization\"},\"potentialAction\":[{\"@type\":\"SearchAction\",\"target\":{\"@type\":\"EntryPoint\",\"urlTemplate\":\"https:\\\/\\\/nekmar.eu\\\/pl\\\/?s={search_term_string}\"},\"query-input\":{\"@type\":\"PropertyValueSpecification\",\"valueRequired\":true,\"valueName\":\"search_term_string\"}}],\"inLanguage\":\"pl-PL\"},{\"@type\":\"Organization\",\"@id\":\"https:\\\/\\\/nekmar.eu\\\/pl\\\/#organization\",\"name\":\"Nekmar Pet Nutrition Polska\",\"url\":\"https:\\\/\\\/nekmar.eu\\\/pl\\\/\",\"logo\":{\"@type\":\"ImageObject\",\"inLanguage\":\"pl-PL\",\"@id\":\"https:\\\/\\\/nekmar.eu\\\/pl\\\/#\\\/schema\\\/logo\\\/image\\\/\",\"url\":\"https:\\\/\\\/nekmar.eu\\\/pl\\\/wp-content\\\/uploads\\\/2019\\\/08\\\/Nekmar-contact.jpg\",\"contentUrl\":\"https:\\\/\\\/nekmar.eu\\\/pl\\\/wp-content\\\/uploads\\\/2019\\\/08\\\/Nekmar-contact.jpg\",\"width\":600,\"height\":142,\"caption\":\"Nekmar Pet Nutrition Polska\"},\"image\":{\"@id\":\"https:\\\/\\\/nekmar.eu\\\/pl\\\/#\\\/schema\\\/logo\\\/image\\\/\"}}]}<\/script>\n<!-- \/ Yoast SEO plugin. -->","yoast_head_json":{"title":"Aston | Supreme Adult Ocean & Country","description":"Karma Superpremium dla ps\u00f3w doros\u0142ych","robots":{"index":"index","follow":"follow","max-snippet":"max-snippet:-1","max-image-preview":"max-image-preview:large","max-video-preview":"max-video-preview:-1"},"canonical":"https:\/\/nekmar.eu\/pl\/produkt\/aston-supreme-adult-ocean-country\/","og_locale":"pl_PL","og_type":"article","og_title":"Aston Supreme Adult Taste of Country","og_description":"Karma Superpremium dla ps\u00f3w doros\u0142ych","og_url":"https:\/\/nekmar.eu\/pl\/produkt\/aston-supreme-adult-ocean-country\/","og_site_name":"Nekmar Polska","article_modified_time":"2026-05-05T11:56:41+00:00","og_image":[{"width":1200,"height":630,"url":"https:\/\/nekmar.eu\/pl\/wp-content\/uploads\/2019\/08\/aston-f-nekmar.jpg","type":"image\/jpeg"}],"twitter_card":"summary_large_image","twitter_misc":{"Szacowany czas czytania":"2 minuty"},"schema":{"@context":"https:\/\/schema.org","@graph":[{"@type":"WebPage","@id":"https:\/\/nekmar.eu\/pl\/produkt\/aston-supreme-adult-ocean-country\/","url":"https:\/\/nekmar.eu\/pl\/produkt\/aston-supreme-adult-ocean-country\/","name":"Aston | Supreme Adult Ocean & Country","isPartOf":{"@id":"https:\/\/nekmar.eu\/pl\/#website"},"primaryImageOfPage":{"@id":"https:\/\/nekmar.eu\/pl\/produkt\/aston-supreme-adult-ocean-country\/#primaryimage"},"image":{"@id":"https:\/\/nekmar.eu\/pl\/produkt\/aston-supreme-adult-ocean-country\/#primaryimage"},"thumbnailUrl":"https:\/\/nekmar.eu\/pl\/wp-content\/uploads\/2024\/05\/aston_supreme_adult_ocean_country.jpg","datePublished":"2021-12-11T08:49:21+00:00","dateModified":"2026-05-05T11:56:41+00:00","description":"Karma Superpremium dla ps\u00f3w doros\u0142ych","breadcrumb":{"@id":"https:\/\/nekmar.eu\/pl\/produkt\/aston-supreme-adult-ocean-country\/#breadcrumb"},"inLanguage":"pl-PL","potentialAction":[{"@type":"ReadAction","target":["https:\/\/nekmar.eu\/pl\/produkt\/aston-supreme-adult-ocean-country\/"]}]},{"@type":"ImageObject","inLanguage":"pl-PL","@id":"https:\/\/nekmar.eu\/pl\/produkt\/aston-supreme-adult-ocean-country\/#primaryimage","url":"https:\/\/nekmar.eu\/pl\/wp-content\/uploads\/2024\/05\/aston_supreme_adult_ocean_country.jpg","contentUrl":"https:\/\/nekmar.eu\/pl\/wp-content\/uploads\/2024\/05\/aston_supreme_adult_ocean_country.jpg","width":1000,"height":1000},{"@type":"BreadcrumbList","@id":"https:\/\/nekmar.eu\/pl\/produkt\/aston-supreme-adult-ocean-country\/#breadcrumb","itemListElement":[{"@type":"ListItem","position":1,"name":"Home","item":"https:\/\/nekmar.eu\/pl\/"},{"@type":"ListItem","position":2,"name":"Sklep","item":"https:\/\/nekmar.eu\/pl\/sklep\/"},{"@type":"ListItem","position":3,"name":"Aston Supreme Adult Ocean &#038; Country"}]},{"@type":"WebSite","@id":"https:\/\/nekmar.eu\/pl\/#website","url":"https:\/\/nekmar.eu\/pl\/","name":"Nekmar Polska","description":"Pet Nutrition","publisher":{"@id":"https:\/\/nekmar.eu\/pl\/#organization"},"potentialAction":[{"@type":"SearchAction","target":{"@type":"EntryPoint","urlTemplate":"https:\/\/nekmar.eu\/pl\/?s={search_term_string}"},"query-input":{"@type":"PropertyValueSpecification","valueRequired":true,"valueName":"search_term_string"}}],"inLanguage":"pl-PL"},{"@type":"Organization","@id":"https:\/\/nekmar.eu\/pl\/#organization","name":"Nekmar Pet Nutrition Polska","url":"https:\/\/nekmar.eu\/pl\/","logo":{"@type":"ImageObject","inLanguage":"pl-PL","@id":"https:\/\/nekmar.eu\/pl\/#\/schema\/logo\/image\/","url":"https:\/\/nekmar.eu\/pl\/wp-content\/uploads\/2019\/08\/Nekmar-contact.jpg","contentUrl":"https:\/\/nekmar.eu\/pl\/wp-content\/uploads\/2019\/08\/Nekmar-contact.jpg","width":600,"height":142,"caption":"Nekmar Pet Nutrition Polska"},"image":{"@id":"https:\/\/nekmar.eu\/pl\/#\/schema\/logo\/image\/"}}]}},"_links":{"self":[{"href":"https:\/\/nekmar.eu\/pl\/wp-json\/wp\/v2\/product\/1632","targetHints":{"allow":["GET"]}}],"collection":[{"href":"https:\/\/nekmar.eu\/pl\/wp-json\/wp\/v2\/product"}],"about":[{"href":"https:\/\/nekmar.eu\/pl\/wp-json\/wp\/v2\/types\/product"}],"wp:featuredmedia":[{"embeddable":true,"href":"https:\/\/nekmar.eu\/pl\/wp-json\/wp\/v2\/media\/3418"}],"wp:attachment":[{"href":"https:\/\/nekmar.eu\/pl\/wp-json\/wp\/v2\/media?parent=1632"}],"wp:term":[{"taxonomy":"product_brand","embeddable":true,"href":"https:\/\/nekmar.eu\/pl\/wp-json\/wp\/v2\/product_brand?post=1632"},{"taxonomy":"product_cat","embeddable":true,"href":"https:\/\/nekmar.eu\/pl\/wp-json\/wp\/v2\/product_cat?post=1632"},{"taxonomy":"product_tag","embeddable":true,"href":"https:\/\/nekmar.eu\/pl\/wp-json\/wp\/v2\/product_tag?post=1632"}],"curies":[{"name":"wp","href":"https:\/\/api.w.org\/{rel}","templated":true}]}}