{"id":1996,"date":"2022-10-24T17:36:39","date_gmt":"2022-10-24T16:36:39","guid":{"rendered":"https:\/\/nekmar.eu\/pl\/?post_type=product&#038;p=1996"},"modified":"2026-04-02T18:00:41","modified_gmt":"2026-04-02T17:00:41","slug":"nekmar-muscle-dpr","status":"publish","type":"product","link":"https:\/\/nekmar.eu\/pl\/produkt\/nekmar-muscle-dpr\/","title":{"rendered":"Nekmar Muscle DPR"},"content":{"rendered":"<div class=\"wpb-content-wrapper\"><p>[vc_row css_animation=&#8221;&#8221; row_type=&#8221;row&#8221; use_row_as_full_screen_section=&#8221;no&#8221; type=&#8221;full_width&#8221; angled_section=&#8221;no&#8221; text_align=&#8221;left&#8221; background_image_as_pattern=&#8221;without_pattern&#8221;][vc_column][vc_column_text]Muscle DPR to karma dla ps\u00f3w i koni sk\u0142adaj\u0105ca si\u0119 z rafinowanego oleju z otr\u0119b\u00f3w ry\u017cowych, kt\u00f3ry zwi\u0119ksza st\u0119\u017cenie gamma orizanolu w diecie zwierz\u0119cia w celu promowania rozwoju, efektu pracy i regeneracji tkanki mi\u0119\u015bniowej.<\/p>\n<p>&nbsp;<\/p>\n<p><strong>Zastosowanie:<\/strong> Gamma orizanol (pochodz\u0105cy z oleju z otr\u0119b\u00f3w ry\u017cowych) jest naturalnym przeciwutleniaczem, kt\u00f3ry stymuluje rozw\u00f3j i wzrost tkanki mi\u0119\u015bniowej oraz zwi\u0119ksza wydajno\u015b\u0107 i wytrzyma\u0142o\u015b\u0107 u ps\u00f3w i koni.<\/p>\n<p>&nbsp;<\/p>\n<p>Nadaje si\u0119 w nast\u0119puj\u0105cych przypadkach:<br \/>\n&#8211; psy wystawowe i konie<br \/>\n&#8211; psy i konie pracuj\u0105ce<br \/>\n&#8211; m\u0142ode zwierz\u0119ta w fazie rozwoju w celu wsparcia tkanki mi\u0119\u015bniowej<br \/>\n&#8211; starsze psy i konie do rewitalizacji<br \/>\n&#8211; przed i na czczo operacyjnie w rehabilitacji lub z ograniczon\u0105 sprawno\u015bci\u0105 ruchow\u0105<\/p>\n<p>&nbsp;<\/p>\n<p><strong>Sk\u0142ad:<\/strong> olej z otr\u0119b\u00f3w ry\u017cowych 100%.<\/p>\n<p>&nbsp;<\/p>\n<p><strong>Sk\u0142ad analityczny:<\/strong> bia\u0142ka 0%, b\u0142onnik 0%, oleje i t\u0142uszcze 100.<\/p>\n<p>&nbsp;<\/p>\n<p><strong>Dawkowanie na dzie\u0144 &#8211; psy:<\/strong><br \/>\nDodaj olej do jedzenia swojego zwierzaka. Produkt nale\u017cy wprowadza\u0107 stopniowo przez kilka dni.<\/p>\n<p>&nbsp;<\/p>\n<p>Profilaktycznie: 2-2,5ml \/ 10kg<br \/>\nPsy pracuj\u0105ce, regeneracja, rewitalizacja: 4-5ml\/10kg, , nie wi\u0119cej ni\u017c 20ml\/dzie\u0144.<\/p>\n<p>&nbsp;<\/p>\n<p><strong>Dawkowanie na dob\u0119 &#8211; konie:<\/strong><br \/>\nDodaj olej do jedzenia. Produkt powinien by\u0107 wprowadzany<br \/>\nstopniowo przez kilka dni.<\/p>\n<p>&nbsp;<\/p>\n<p>Ilo\u015b\u0107 dla konia o wadze 450kg:<br \/>\nProfilaktycznie: 60 ml \/na dzie\u0144<br \/>\nDla uzyskania umiarkowanego post\u0119pu: 120 ml \/ na dzie\u0144<br \/>\nDla uzyskania znacz\u0105cego post\u0119p: 240 ml \/ na dzie\u0144<\/p>\n<p>[\/vc_column_text][\/vc_column][\/vc_row]<\/p>\n<\/div>","protected":false},"excerpt":{"rendered":"<p>Muscle DPR to karma dla ps\u00f3w i koni sk\u0142adaj\u0105ca si\u0119 z rafinowanego oleju z otr\u0119b\u00f3w ry\u017cowych, kt\u00f3ry zwi\u0119ksza st\u0119\u017cenie gamma orizanolu w diecie zwierz\u0119cia w celu promowania rozwoju, efektu pracy i regeneracji tkanki mi\u0119\u015bniowej.<\/p>\n","protected":false},"featured_media":1984,"template":"","meta":[],"product_brand":[],"product_cat":[119],"product_tag":[],"class_list":{"0":"post-1996","1":"product","2":"type-product","3":"status-publish","4":"has-post-thumbnail","6":"product_cat-oleje","8":"first","9":"instock","10":"taxable","11":"shipping-taxable","12":"purchasable","13":"product-type-variable"},"yoast_head":"<!-- This site is optimized with the Yoast SEO plugin v27.5 - https:\/\/yoast.com\/product\/yoast-seo-wordpress\/ -->\n<title>Nekmar Muscle DPR | Nekmar Polska<\/title>\n<meta name=\"description\" content=\"Muscle DPR to karma dla ps\u00f3w i koni sk\u0142adaj\u0105ca si\u0119 z rafinowanego oleju z otr\u0119b\u00f3w ry\u017cowych, kt\u00f3ry zwi\u0119ksza st\u0119\u017cenie gamma orizanolu w diecie zwierz\u0119cia w celu promowania rozwoju, efektu pracy i regeneracji tkanki mi\u0119\u015bniowej.\" \/>\n<meta name=\"robots\" content=\"index, follow, max-snippet:-1, max-image-preview:large, max-video-preview:-1\" \/>\n<link rel=\"canonical\" href=\"https:\/\/nekmar.eu\/pl\/produkt\/nekmar-muscle-dpr\/\" \/>\n<meta property=\"og:locale\" content=\"pl_PL\" \/>\n<meta property=\"og:type\" content=\"article\" \/>\n<meta property=\"og:title\" content=\"Nekmar Muscle DPR\" \/>\n<meta property=\"og:description\" content=\"Muscle DPR to karma dla ps\u00f3w i koni sk\u0142adaj\u0105ca si\u0119 z rafinowanego oleju z otr\u0119b\u00f3w ry\u017cowych, kt\u00f3ry zwi\u0119ksza st\u0119\u017cenie gamma orizanolu w diecie zwierz\u0119cia w celu promowania rozwoju, efektu pracy i regeneracji tkanki mi\u0119\u015bniowej.\" \/>\n<meta property=\"og:url\" content=\"https:\/\/nekmar.eu\/pl\/produkt\/nekmar-muscle-dpr\/\" \/>\n<meta property=\"og:site_name\" content=\"Nekmar Polska\" \/>\n<meta property=\"article:modified_time\" content=\"2026-04-02T17:00:41+00:00\" \/>\n<meta property=\"og:image\" content=\"https:\/\/nekmar.eu\/pl\/wp-content\/uploads\/2022\/10\/Nekmar_Muscle_DPR.jpg\" \/>\n\t<meta property=\"og:image:width\" content=\"1000\" \/>\n\t<meta property=\"og:image:height\" content=\"1000\" \/>\n\t<meta property=\"og:image:type\" content=\"image\/jpeg\" \/>\n<meta name=\"twitter:card\" content=\"summary_large_image\" \/>\n<meta name=\"twitter:label1\" content=\"Szacowany czas czytania\" \/>\n\t<meta name=\"twitter:data1\" content=\"2 minuty\" \/>\n<script type=\"application\/ld+json\" class=\"yoast-schema-graph\">{\"@context\":\"https:\\\/\\\/schema.org\",\"@graph\":[{\"@type\":\"WebPage\",\"@id\":\"https:\\\/\\\/nekmar.eu\\\/pl\\\/produkt\\\/nekmar-muscle-dpr\\\/\",\"url\":\"https:\\\/\\\/nekmar.eu\\\/pl\\\/produkt\\\/nekmar-muscle-dpr\\\/\",\"name\":\"Nekmar Muscle DPR | Nekmar Polska\",\"isPartOf\":{\"@id\":\"https:\\\/\\\/nekmar.eu\\\/pl\\\/#website\"},\"primaryImageOfPage\":{\"@id\":\"https:\\\/\\\/nekmar.eu\\\/pl\\\/produkt\\\/nekmar-muscle-dpr\\\/#primaryimage\"},\"image\":{\"@id\":\"https:\\\/\\\/nekmar.eu\\\/pl\\\/produkt\\\/nekmar-muscle-dpr\\\/#primaryimage\"},\"thumbnailUrl\":\"https:\\\/\\\/nekmar.eu\\\/pl\\\/wp-content\\\/uploads\\\/2022\\\/10\\\/Nekmar_Muscle_DPR.jpg\",\"datePublished\":\"2022-10-24T16:36:39+00:00\",\"dateModified\":\"2026-04-02T17:00:41+00:00\",\"description\":\"Muscle DPR to karma dla ps\u00f3w i koni sk\u0142adaj\u0105ca si\u0119 z rafinowanego oleju z otr\u0119b\u00f3w ry\u017cowych, kt\u00f3ry zwi\u0119ksza st\u0119\u017cenie gamma orizanolu w diecie zwierz\u0119cia w celu promowania rozwoju, efektu pracy i regeneracji tkanki mi\u0119\u015bniowej.\",\"breadcrumb\":{\"@id\":\"https:\\\/\\\/nekmar.eu\\\/pl\\\/produkt\\\/nekmar-muscle-dpr\\\/#breadcrumb\"},\"inLanguage\":\"pl-PL\",\"potentialAction\":[{\"@type\":\"ReadAction\",\"target\":[\"https:\\\/\\\/nekmar.eu\\\/pl\\\/produkt\\\/nekmar-muscle-dpr\\\/\"]}]},{\"@type\":\"ImageObject\",\"inLanguage\":\"pl-PL\",\"@id\":\"https:\\\/\\\/nekmar.eu\\\/pl\\\/produkt\\\/nekmar-muscle-dpr\\\/#primaryimage\",\"url\":\"https:\\\/\\\/nekmar.eu\\\/pl\\\/wp-content\\\/uploads\\\/2022\\\/10\\\/Nekmar_Muscle_DPR.jpg\",\"contentUrl\":\"https:\\\/\\\/nekmar.eu\\\/pl\\\/wp-content\\\/uploads\\\/2022\\\/10\\\/Nekmar_Muscle_DPR.jpg\",\"width\":1000,\"height\":1000},{\"@type\":\"BreadcrumbList\",\"@id\":\"https:\\\/\\\/nekmar.eu\\\/pl\\\/produkt\\\/nekmar-muscle-dpr\\\/#breadcrumb\",\"itemListElement\":[{\"@type\":\"ListItem\",\"position\":1,\"name\":\"Home\",\"item\":\"https:\\\/\\\/nekmar.eu\\\/pl\\\/\"},{\"@type\":\"ListItem\",\"position\":2,\"name\":\"Sklep\",\"item\":\"https:\\\/\\\/nekmar.eu\\\/pl\\\/sklep\\\/\"},{\"@type\":\"ListItem\",\"position\":3,\"name\":\"Nekmar Muscle DPR\"}]},{\"@type\":\"WebSite\",\"@id\":\"https:\\\/\\\/nekmar.eu\\\/pl\\\/#website\",\"url\":\"https:\\\/\\\/nekmar.eu\\\/pl\\\/\",\"name\":\"Nekmar Polska\",\"description\":\"Pet Nutrition\",\"publisher\":{\"@id\":\"https:\\\/\\\/nekmar.eu\\\/pl\\\/#organization\"},\"potentialAction\":[{\"@type\":\"SearchAction\",\"target\":{\"@type\":\"EntryPoint\",\"urlTemplate\":\"https:\\\/\\\/nekmar.eu\\\/pl\\\/?s={search_term_string}\"},\"query-input\":{\"@type\":\"PropertyValueSpecification\",\"valueRequired\":true,\"valueName\":\"search_term_string\"}}],\"inLanguage\":\"pl-PL\"},{\"@type\":\"Organization\",\"@id\":\"https:\\\/\\\/nekmar.eu\\\/pl\\\/#organization\",\"name\":\"Nekmar Pet Nutrition Polska\",\"url\":\"https:\\\/\\\/nekmar.eu\\\/pl\\\/\",\"logo\":{\"@type\":\"ImageObject\",\"inLanguage\":\"pl-PL\",\"@id\":\"https:\\\/\\\/nekmar.eu\\\/pl\\\/#\\\/schema\\\/logo\\\/image\\\/\",\"url\":\"https:\\\/\\\/nekmar.eu\\\/pl\\\/wp-content\\\/uploads\\\/2019\\\/08\\\/Nekmar-contact.jpg\",\"contentUrl\":\"https:\\\/\\\/nekmar.eu\\\/pl\\\/wp-content\\\/uploads\\\/2019\\\/08\\\/Nekmar-contact.jpg\",\"width\":600,\"height\":142,\"caption\":\"Nekmar Pet Nutrition Polska\"},\"image\":{\"@id\":\"https:\\\/\\\/nekmar.eu\\\/pl\\\/#\\\/schema\\\/logo\\\/image\\\/\"}}]}<\/script>\n<!-- \/ Yoast SEO plugin. -->","yoast_head_json":{"title":"Nekmar Muscle DPR | Nekmar Polska","description":"Muscle DPR to karma dla ps\u00f3w i koni sk\u0142adaj\u0105ca si\u0119 z rafinowanego oleju z otr\u0119b\u00f3w ry\u017cowych, kt\u00f3ry zwi\u0119ksza st\u0119\u017cenie gamma orizanolu w diecie zwierz\u0119cia w celu promowania rozwoju, efektu pracy i regeneracji tkanki mi\u0119\u015bniowej.","robots":{"index":"index","follow":"follow","max-snippet":"max-snippet:-1","max-image-preview":"max-image-preview:large","max-video-preview":"max-video-preview:-1"},"canonical":"https:\/\/nekmar.eu\/pl\/produkt\/nekmar-muscle-dpr\/","og_locale":"pl_PL","og_type":"article","og_title":"Nekmar Muscle DPR","og_description":"Muscle DPR to karma dla ps\u00f3w i koni sk\u0142adaj\u0105ca si\u0119 z rafinowanego oleju z otr\u0119b\u00f3w ry\u017cowych, kt\u00f3ry zwi\u0119ksza st\u0119\u017cenie gamma orizanolu w diecie zwierz\u0119cia w celu promowania rozwoju, efektu pracy i regeneracji tkanki mi\u0119\u015bniowej.","og_url":"https:\/\/nekmar.eu\/pl\/produkt\/nekmar-muscle-dpr\/","og_site_name":"Nekmar Polska","article_modified_time":"2026-04-02T17:00:41+00:00","og_image":[{"width":1000,"height":1000,"url":"https:\/\/nekmar.eu\/pl\/wp-content\/uploads\/2022\/10\/Nekmar_Muscle_DPR.jpg","type":"image\/jpeg"}],"twitter_card":"summary_large_image","twitter_misc":{"Szacowany czas czytania":"2 minuty"},"schema":{"@context":"https:\/\/schema.org","@graph":[{"@type":"WebPage","@id":"https:\/\/nekmar.eu\/pl\/produkt\/nekmar-muscle-dpr\/","url":"https:\/\/nekmar.eu\/pl\/produkt\/nekmar-muscle-dpr\/","name":"Nekmar Muscle DPR | Nekmar Polska","isPartOf":{"@id":"https:\/\/nekmar.eu\/pl\/#website"},"primaryImageOfPage":{"@id":"https:\/\/nekmar.eu\/pl\/produkt\/nekmar-muscle-dpr\/#primaryimage"},"image":{"@id":"https:\/\/nekmar.eu\/pl\/produkt\/nekmar-muscle-dpr\/#primaryimage"},"thumbnailUrl":"https:\/\/nekmar.eu\/pl\/wp-content\/uploads\/2022\/10\/Nekmar_Muscle_DPR.jpg","datePublished":"2022-10-24T16:36:39+00:00","dateModified":"2026-04-02T17:00:41+00:00","description":"Muscle DPR to karma dla ps\u00f3w i koni sk\u0142adaj\u0105ca si\u0119 z rafinowanego oleju z otr\u0119b\u00f3w ry\u017cowych, kt\u00f3ry zwi\u0119ksza st\u0119\u017cenie gamma orizanolu w diecie zwierz\u0119cia w celu promowania rozwoju, efektu pracy i regeneracji tkanki mi\u0119\u015bniowej.","breadcrumb":{"@id":"https:\/\/nekmar.eu\/pl\/produkt\/nekmar-muscle-dpr\/#breadcrumb"},"inLanguage":"pl-PL","potentialAction":[{"@type":"ReadAction","target":["https:\/\/nekmar.eu\/pl\/produkt\/nekmar-muscle-dpr\/"]}]},{"@type":"ImageObject","inLanguage":"pl-PL","@id":"https:\/\/nekmar.eu\/pl\/produkt\/nekmar-muscle-dpr\/#primaryimage","url":"https:\/\/nekmar.eu\/pl\/wp-content\/uploads\/2022\/10\/Nekmar_Muscle_DPR.jpg","contentUrl":"https:\/\/nekmar.eu\/pl\/wp-content\/uploads\/2022\/10\/Nekmar_Muscle_DPR.jpg","width":1000,"height":1000},{"@type":"BreadcrumbList","@id":"https:\/\/nekmar.eu\/pl\/produkt\/nekmar-muscle-dpr\/#breadcrumb","itemListElement":[{"@type":"ListItem","position":1,"name":"Home","item":"https:\/\/nekmar.eu\/pl\/"},{"@type":"ListItem","position":2,"name":"Sklep","item":"https:\/\/nekmar.eu\/pl\/sklep\/"},{"@type":"ListItem","position":3,"name":"Nekmar Muscle DPR"}]},{"@type":"WebSite","@id":"https:\/\/nekmar.eu\/pl\/#website","url":"https:\/\/nekmar.eu\/pl\/","name":"Nekmar Polska","description":"Pet Nutrition","publisher":{"@id":"https:\/\/nekmar.eu\/pl\/#organization"},"potentialAction":[{"@type":"SearchAction","target":{"@type":"EntryPoint","urlTemplate":"https:\/\/nekmar.eu\/pl\/?s={search_term_string}"},"query-input":{"@type":"PropertyValueSpecification","valueRequired":true,"valueName":"search_term_string"}}],"inLanguage":"pl-PL"},{"@type":"Organization","@id":"https:\/\/nekmar.eu\/pl\/#organization","name":"Nekmar Pet Nutrition Polska","url":"https:\/\/nekmar.eu\/pl\/","logo":{"@type":"ImageObject","inLanguage":"pl-PL","@id":"https:\/\/nekmar.eu\/pl\/#\/schema\/logo\/image\/","url":"https:\/\/nekmar.eu\/pl\/wp-content\/uploads\/2019\/08\/Nekmar-contact.jpg","contentUrl":"https:\/\/nekmar.eu\/pl\/wp-content\/uploads\/2019\/08\/Nekmar-contact.jpg","width":600,"height":142,"caption":"Nekmar Pet Nutrition Polska"},"image":{"@id":"https:\/\/nekmar.eu\/pl\/#\/schema\/logo\/image\/"}}]}},"_links":{"self":[{"href":"https:\/\/nekmar.eu\/pl\/wp-json\/wp\/v2\/product\/1996","targetHints":{"allow":["GET"]}}],"collection":[{"href":"https:\/\/nekmar.eu\/pl\/wp-json\/wp\/v2\/product"}],"about":[{"href":"https:\/\/nekmar.eu\/pl\/wp-json\/wp\/v2\/types\/product"}],"wp:featuredmedia":[{"embeddable":true,"href":"https:\/\/nekmar.eu\/pl\/wp-json\/wp\/v2\/media\/1984"}],"wp:attachment":[{"href":"https:\/\/nekmar.eu\/pl\/wp-json\/wp\/v2\/media?parent=1996"}],"wp:term":[{"taxonomy":"product_brand","embeddable":true,"href":"https:\/\/nekmar.eu\/pl\/wp-json\/wp\/v2\/product_brand?post=1996"},{"taxonomy":"product_cat","embeddable":true,"href":"https:\/\/nekmar.eu\/pl\/wp-json\/wp\/v2\/product_cat?post=1996"},{"taxonomy":"product_tag","embeddable":true,"href":"https:\/\/nekmar.eu\/pl\/wp-json\/wp\/v2\/product_tag?post=1996"}],"curies":[{"name":"wp","href":"https:\/\/api.w.org\/{rel}","templated":true}]}}