{"id":2179,"date":"2023-02-15T22:18:52","date_gmt":"2023-02-15T21:18:52","guid":{"rendered":"https:\/\/nekmar.eu\/pl\/?post_type=product&#038;p=2179"},"modified":"2024-03-12T10:49:31","modified_gmt":"2024-03-12T09:49:31","slug":"nekmar-cat-low-grain-sensible-lamb","status":"publish","type":"product","link":"https:\/\/nekmar.eu\/pl\/produkt\/nekmar-cat-low-grain-sensible-lamb\/","title":{"rendered":"Nekmar Cat Low Grain Sensible Lamb"},"content":{"rendered":"<div class=\"wpb-content-wrapper\"><p>[vc_row css_animation=&#8221;&#8221; row_type=&#8221;row&#8221; use_row_as_full_screen_section=&#8221;no&#8221; type=&#8221;full_width&#8221; angled_section=&#8221;no&#8221; text_align=&#8221;left&#8221; background_image_as_pattern=&#8221;without_pattern&#8221;][vc_column][vc_column_text]<strong>Sk\u0142ad:<\/strong> suszone mi\u0119so kurczaka 24%, br\u0105zowy ry\u017c 22%, \u015bwie\u017ce mi\u0119so jagni\u0119ce 15%, groszek, bataty, t\u0142uszcz z kurczaka, suszona ryba, siemi\u0119 lniane, suszona pulpa buraczana, hydrolizowana w\u0105troba drobiowa, dro\u017cd\u017ce, suszone wodorosty 0,24%, mannanooligosacharydy (MOS) 0,16%, Yucca schidigerra 0,0265%, koncentrat jag\u00f3d (Vaccinium myrtillus) 0,016%.<\/p>\n<p>&nbsp;<\/p>\n<p><strong>Sk\u0142adniki analityczne:<\/strong> bia\u0142ko surowe 32%, oleje i t\u0142uszcze surowe 14%, w\u0142\u00f3kno surowe 2,4%, popi\u00f3\u0142 7,4%, wilgotno\u015b\u0107 8%, wap\u0144 1,10%, fosfor 0,95%, magnez 0,10%, kwasy t\u0142uszczowe omega-3 0,45%, kwasy t\u0142uszczowe omega-6 2,2%.<\/p>\n<p>&nbsp;<\/p>\n<p><strong>Dodatki \u017cywieniowe na kg:<\/strong> 3a672 witamina A 18500 UI, 3a671 witamina D3 1250 UI, 3a700 witamina E (t.r. alfa toc. Acet) 160 mg, E4 mied\u017a (pi\u0119ciowodny siarczan miedzi) 16 mg, E1 \u017celazo (w\u0119glan \u017celaza) 32 mg, E5 mangan (tlenek manganu) 64 mg, 3b605 cynk (monohyran siarczanu cynku) 74 mg, 3b201 jod (jodek potasu) 3,28 mg, selen E8 (selenin sodu) 0,17 mg, 3a370 tauryna 1000 mg.<\/p>\n<p>&nbsp;<\/p>\n<p><strong>Energia metaboliczna:<\/strong> 3800 kCal\/kg[\/vc_column_text][vc_empty_space][vc_column_text]<\/p>\n<div class=\"wpb_text_column wpb_content_element \">\n<div class=\"wpb_wrapper\">\n<div class=\"wpb_text_column wpb_content_element \">\n<div class=\"wpb_wrapper\">\n<p>Zalecana dzienna porcja karmienia (g\/dzie\u0144):<\/p>\n<\/div>\n<\/div>\n<\/div>\n<\/div>\n<p>[\/vc_column_text][vc_empty_space height=&#8221;10px&#8221;][vc_column_text]<\/p>\n<table class=\"gridtable\">\n<tbody>\n<tr>\n<th class=\"table-first-row\" style=\"text-align: left;\">Waga kota<\/th>\n<th class=\"table-first-row\" style=\"text-align: center;\">2kg<\/th>\n<th class=\"table-first-row\" style=\"text-align: center;\">3kg<\/th>\n<th class=\"table-first-row\" style=\"text-align: center;\">4kg<\/th>\n<th class=\"table-first-row\" style=\"text-align: center;\">5kg<\/th>\n<th class=\"table-first-row\" style=\"text-align: center;\">6kg<\/th>\n<th class=\"table-first-row\" style=\"text-align: center;\">7kg<\/th>\n<th class=\"table-first-row\" style=\"text-align: center;\">8kg<\/th>\n<th class=\"table-first-row\" style=\"text-align: center;\">10kg<\/th>\n<th class=\"table-first-row\" style=\"text-align: center;\">12kg<\/th>\n<\/tr>\n<tr>\n<td class=\"table-first-row\" style=\"text-align: left;\">Dzienna porcja \u017cywieniowa<\/td>\n<td style=\"text-align: center;\">30g<\/td>\n<td style=\"text-align: center;\">45g<\/td>\n<td style=\"text-align: center;\">65g<\/td>\n<td style=\"text-align: center;\">80g<\/td>\n<td style=\"text-align: center;\">95g<\/td>\n<td style=\"text-align: center;\">110g<\/td>\n<td style=\"text-align: center;\">125g<\/td>\n<td style=\"text-align: center;\">150g<\/td>\n<td style=\"text-align: center;\">170g<\/td>\n<\/tr>\n<\/tbody>\n<\/table>\n<p>[\/vc_column_text][vc_empty_space height=&#8221;22px&#8221;][vc_column_text]<strong>Spos\u00f3b u\u017cycia:<\/strong> mo\u017cesz podawa\u0107 kotu karm\u0119 such\u0105 lub zwil\u017con\u0105. Kot powinien mie\u0107 zawsze dost\u0119p do \u015bwie\u017cej wody pitnej. Przechowywa\u0107 w ch\u0142odnym i suchym miejscu z dala od \u017ar\u00f3de\u0142 ciep\u0142a.[\/vc_column_text][\/vc_column][\/vc_row]<\/p>\n<\/div>","protected":false},"excerpt":{"rendered":"<p>Nisko zbo\u017cowa karma Ultrapremium dla doros\u0142ych kot\u00f3w<\/p>\n","protected":false},"featured_media":2197,"template":"","meta":[],"product_brand":[],"product_cat":[124,125],"product_tag":[],"class_list":{"0":"post-2179","1":"product","2":"type-product","3":"status-publish","4":"has-post-thumbnail","6":"product_cat-karma-dla-kotow","7":"product_cat-nekmar-hrana-za-macke","9":"first","10":"outofstock","11":"taxable","12":"shipping-taxable","13":"purchasable","14":"product-type-variable"},"yoast_head":"<!-- This site is optimized with the Yoast SEO plugin v27.1.1 - https:\/\/yoast.com\/product\/yoast-seo-wordpress\/ -->\n<title>Nekmar Cat Low Grain Sensible Lamb | Nekmar Polska<\/title>\n<meta name=\"description\" content=\"Nisko zbo\u017cowa karma Ultrapremium dla doros\u0142ych kot\u00f3w\" \/>\n<meta name=\"robots\" content=\"index, follow, max-snippet:-1, max-image-preview:large, max-video-preview:-1\" \/>\n<link rel=\"canonical\" href=\"https:\/\/nekmar.eu\/pl\/produkt\/nekmar-cat-low-grain-sensible-lamb\/\" \/>\n<meta property=\"og:locale\" content=\"pl_PL\" \/>\n<meta property=\"og:type\" content=\"article\" \/>\n<meta property=\"og:title\" content=\"Nekmar Cat Low Grain Sensible Lamb\" \/>\n<meta property=\"og:description\" content=\"Nisko zbo\u017cowa karma Ultrapremium dla doros\u0142ych kot\u00f3w\" \/>\n<meta property=\"og:url\" content=\"https:\/\/nekmar.eu\/pl\/produkt\/nekmar-cat-low-grain-sensible-lamb\/\" \/>\n<meta property=\"og:site_name\" content=\"Nekmar Polska\" \/>\n<meta property=\"article:modified_time\" content=\"2024-03-12T09:49:31+00:00\" \/>\n<meta property=\"og:image\" content=\"https:\/\/nekmar.eu\/pl\/wp-content\/uploads\/2023\/02\/nekmar_cat_lowgrain_sensible_lamb.jpg\" \/>\n\t<meta property=\"og:image:width\" content=\"1000\" \/>\n\t<meta property=\"og:image:height\" content=\"1000\" \/>\n\t<meta property=\"og:image:type\" content=\"image\/jpeg\" \/>\n<meta name=\"twitter:card\" content=\"summary_large_image\" \/>\n<meta name=\"twitter:label1\" content=\"Szacowany czas czytania\" \/>\n\t<meta name=\"twitter:data1\" content=\"2 minuty\" \/>\n<script type=\"application\/ld+json\" class=\"yoast-schema-graph\">{\"@context\":\"https:\/\/schema.org\",\"@graph\":[{\"@type\":\"WebPage\",\"@id\":\"https:\/\/nekmar.eu\/pl\/produkt\/nekmar-cat-low-grain-sensible-lamb\/\",\"url\":\"https:\/\/nekmar.eu\/pl\/produkt\/nekmar-cat-low-grain-sensible-lamb\/\",\"name\":\"Nekmar Cat Low Grain Sensible Lamb | Nekmar Polska\",\"isPartOf\":{\"@id\":\"https:\/\/nekmar.eu\/pl\/#website\"},\"primaryImageOfPage\":{\"@id\":\"https:\/\/nekmar.eu\/pl\/produkt\/nekmar-cat-low-grain-sensible-lamb\/#primaryimage\"},\"image\":{\"@id\":\"https:\/\/nekmar.eu\/pl\/produkt\/nekmar-cat-low-grain-sensible-lamb\/#primaryimage\"},\"thumbnailUrl\":\"https:\/\/nekmar.eu\/pl\/wp-content\/uploads\/2023\/02\/nekmar_cat_lowgrain_sensible_lamb.jpg\",\"datePublished\":\"2023-02-15T21:18:52+00:00\",\"dateModified\":\"2024-03-12T09:49:31+00:00\",\"description\":\"Nisko zbo\u017cowa karma Ultrapremium dla doros\u0142ych kot\u00f3w\",\"breadcrumb\":{\"@id\":\"https:\/\/nekmar.eu\/pl\/produkt\/nekmar-cat-low-grain-sensible-lamb\/#breadcrumb\"},\"inLanguage\":\"pl-PL\",\"potentialAction\":[{\"@type\":\"ReadAction\",\"target\":[\"https:\/\/nekmar.eu\/pl\/produkt\/nekmar-cat-low-grain-sensible-lamb\/\"]}]},{\"@type\":\"ImageObject\",\"inLanguage\":\"pl-PL\",\"@id\":\"https:\/\/nekmar.eu\/pl\/produkt\/nekmar-cat-low-grain-sensible-lamb\/#primaryimage\",\"url\":\"https:\/\/nekmar.eu\/pl\/wp-content\/uploads\/2023\/02\/nekmar_cat_lowgrain_sensible_lamb.jpg\",\"contentUrl\":\"https:\/\/nekmar.eu\/pl\/wp-content\/uploads\/2023\/02\/nekmar_cat_lowgrain_sensible_lamb.jpg\",\"width\":1000,\"height\":1000},{\"@type\":\"BreadcrumbList\",\"@id\":\"https:\/\/nekmar.eu\/pl\/produkt\/nekmar-cat-low-grain-sensible-lamb\/#breadcrumb\",\"itemListElement\":[{\"@type\":\"ListItem\",\"position\":1,\"name\":\"Home\",\"item\":\"https:\/\/nekmar.eu\/pl\/\"},{\"@type\":\"ListItem\",\"position\":2,\"name\":\"Sklep\",\"item\":\"https:\/\/nekmar.eu\/pl\/sklep\/\"},{\"@type\":\"ListItem\",\"position\":3,\"name\":\"Nekmar Cat Low Grain Sensible Lamb\"}]},{\"@type\":\"WebSite\",\"@id\":\"https:\/\/nekmar.eu\/pl\/#website\",\"url\":\"https:\/\/nekmar.eu\/pl\/\",\"name\":\"Nekmar Polska\",\"description\":\"Pet Nutrition\",\"publisher\":{\"@id\":\"https:\/\/nekmar.eu\/pl\/#organization\"},\"potentialAction\":[{\"@type\":\"SearchAction\",\"target\":{\"@type\":\"EntryPoint\",\"urlTemplate\":\"https:\/\/nekmar.eu\/pl\/?s={search_term_string}\"},\"query-input\":{\"@type\":\"PropertyValueSpecification\",\"valueRequired\":true,\"valueName\":\"search_term_string\"}}],\"inLanguage\":\"pl-PL\"},{\"@type\":\"Organization\",\"@id\":\"https:\/\/nekmar.eu\/pl\/#organization\",\"name\":\"Nekmar Pet Nutrition Polska\",\"url\":\"https:\/\/nekmar.eu\/pl\/\",\"logo\":{\"@type\":\"ImageObject\",\"inLanguage\":\"pl-PL\",\"@id\":\"https:\/\/nekmar.eu\/pl\/#\/schema\/logo\/image\/\",\"url\":\"https:\/\/nekmar.eu\/pl\/wp-content\/uploads\/2019\/08\/Nekmar-contact.jpg\",\"contentUrl\":\"https:\/\/nekmar.eu\/pl\/wp-content\/uploads\/2019\/08\/Nekmar-contact.jpg\",\"width\":600,\"height\":142,\"caption\":\"Nekmar Pet Nutrition Polska\"},\"image\":{\"@id\":\"https:\/\/nekmar.eu\/pl\/#\/schema\/logo\/image\/\"}}]}<\/script>\n<!-- \/ Yoast SEO plugin. -->","yoast_head_json":{"title":"Nekmar Cat Low Grain Sensible Lamb | Nekmar Polska","description":"Nisko zbo\u017cowa karma Ultrapremium dla doros\u0142ych kot\u00f3w","robots":{"index":"index","follow":"follow","max-snippet":"max-snippet:-1","max-image-preview":"max-image-preview:large","max-video-preview":"max-video-preview:-1"},"canonical":"https:\/\/nekmar.eu\/pl\/produkt\/nekmar-cat-low-grain-sensible-lamb\/","og_locale":"pl_PL","og_type":"article","og_title":"Nekmar Cat Low Grain Sensible Lamb","og_description":"Nisko zbo\u017cowa karma Ultrapremium dla doros\u0142ych kot\u00f3w","og_url":"https:\/\/nekmar.eu\/pl\/produkt\/nekmar-cat-low-grain-sensible-lamb\/","og_site_name":"Nekmar Polska","article_modified_time":"2024-03-12T09:49:31+00:00","og_image":[{"width":1000,"height":1000,"url":"https:\/\/nekmar.eu\/pl\/wp-content\/uploads\/2023\/02\/nekmar_cat_lowgrain_sensible_lamb.jpg","type":"image\/jpeg"}],"twitter_card":"summary_large_image","twitter_misc":{"Szacowany czas czytania":"2 minuty"},"schema":{"@context":"https:\/\/schema.org","@graph":[{"@type":"WebPage","@id":"https:\/\/nekmar.eu\/pl\/produkt\/nekmar-cat-low-grain-sensible-lamb\/","url":"https:\/\/nekmar.eu\/pl\/produkt\/nekmar-cat-low-grain-sensible-lamb\/","name":"Nekmar Cat Low Grain Sensible Lamb | Nekmar Polska","isPartOf":{"@id":"https:\/\/nekmar.eu\/pl\/#website"},"primaryImageOfPage":{"@id":"https:\/\/nekmar.eu\/pl\/produkt\/nekmar-cat-low-grain-sensible-lamb\/#primaryimage"},"image":{"@id":"https:\/\/nekmar.eu\/pl\/produkt\/nekmar-cat-low-grain-sensible-lamb\/#primaryimage"},"thumbnailUrl":"https:\/\/nekmar.eu\/pl\/wp-content\/uploads\/2023\/02\/nekmar_cat_lowgrain_sensible_lamb.jpg","datePublished":"2023-02-15T21:18:52+00:00","dateModified":"2024-03-12T09:49:31+00:00","description":"Nisko zbo\u017cowa karma Ultrapremium dla doros\u0142ych kot\u00f3w","breadcrumb":{"@id":"https:\/\/nekmar.eu\/pl\/produkt\/nekmar-cat-low-grain-sensible-lamb\/#breadcrumb"},"inLanguage":"pl-PL","potentialAction":[{"@type":"ReadAction","target":["https:\/\/nekmar.eu\/pl\/produkt\/nekmar-cat-low-grain-sensible-lamb\/"]}]},{"@type":"ImageObject","inLanguage":"pl-PL","@id":"https:\/\/nekmar.eu\/pl\/produkt\/nekmar-cat-low-grain-sensible-lamb\/#primaryimage","url":"https:\/\/nekmar.eu\/pl\/wp-content\/uploads\/2023\/02\/nekmar_cat_lowgrain_sensible_lamb.jpg","contentUrl":"https:\/\/nekmar.eu\/pl\/wp-content\/uploads\/2023\/02\/nekmar_cat_lowgrain_sensible_lamb.jpg","width":1000,"height":1000},{"@type":"BreadcrumbList","@id":"https:\/\/nekmar.eu\/pl\/produkt\/nekmar-cat-low-grain-sensible-lamb\/#breadcrumb","itemListElement":[{"@type":"ListItem","position":1,"name":"Home","item":"https:\/\/nekmar.eu\/pl\/"},{"@type":"ListItem","position":2,"name":"Sklep","item":"https:\/\/nekmar.eu\/pl\/sklep\/"},{"@type":"ListItem","position":3,"name":"Nekmar Cat Low Grain Sensible Lamb"}]},{"@type":"WebSite","@id":"https:\/\/nekmar.eu\/pl\/#website","url":"https:\/\/nekmar.eu\/pl\/","name":"Nekmar Polska","description":"Pet Nutrition","publisher":{"@id":"https:\/\/nekmar.eu\/pl\/#organization"},"potentialAction":[{"@type":"SearchAction","target":{"@type":"EntryPoint","urlTemplate":"https:\/\/nekmar.eu\/pl\/?s={search_term_string}"},"query-input":{"@type":"PropertyValueSpecification","valueRequired":true,"valueName":"search_term_string"}}],"inLanguage":"pl-PL"},{"@type":"Organization","@id":"https:\/\/nekmar.eu\/pl\/#organization","name":"Nekmar Pet Nutrition Polska","url":"https:\/\/nekmar.eu\/pl\/","logo":{"@type":"ImageObject","inLanguage":"pl-PL","@id":"https:\/\/nekmar.eu\/pl\/#\/schema\/logo\/image\/","url":"https:\/\/nekmar.eu\/pl\/wp-content\/uploads\/2019\/08\/Nekmar-contact.jpg","contentUrl":"https:\/\/nekmar.eu\/pl\/wp-content\/uploads\/2019\/08\/Nekmar-contact.jpg","width":600,"height":142,"caption":"Nekmar Pet Nutrition Polska"},"image":{"@id":"https:\/\/nekmar.eu\/pl\/#\/schema\/logo\/image\/"}}]}},"_links":{"self":[{"href":"https:\/\/nekmar.eu\/pl\/wp-json\/wp\/v2\/product\/2179","targetHints":{"allow":["GET"]}}],"collection":[{"href":"https:\/\/nekmar.eu\/pl\/wp-json\/wp\/v2\/product"}],"about":[{"href":"https:\/\/nekmar.eu\/pl\/wp-json\/wp\/v2\/types\/product"}],"wp:featuredmedia":[{"embeddable":true,"href":"https:\/\/nekmar.eu\/pl\/wp-json\/wp\/v2\/media\/2197"}],"wp:attachment":[{"href":"https:\/\/nekmar.eu\/pl\/wp-json\/wp\/v2\/media?parent=2179"}],"wp:term":[{"taxonomy":"product_brand","embeddable":true,"href":"https:\/\/nekmar.eu\/pl\/wp-json\/wp\/v2\/product_brand?post=2179"},{"taxonomy":"product_cat","embeddable":true,"href":"https:\/\/nekmar.eu\/pl\/wp-json\/wp\/v2\/product_cat?post=2179"},{"taxonomy":"product_tag","embeddable":true,"href":"https:\/\/nekmar.eu\/pl\/wp-json\/wp\/v2\/product_tag?post=2179"}],"curies":[{"name":"wp","href":"https:\/\/api.w.org\/{rel}","templated":true}]}}