{"id":5177,"date":"2025-07-07T11:01:40","date_gmt":"2025-07-07T10:01:40","guid":{"rendered":"https:\/\/nekmar.eu\/pl\/?post_type=product&#038;p=5177"},"modified":"2026-05-04T19:33:18","modified_gmt":"2026-05-04T18:33:18","slug":"nekmar-low-grain-vitality-with-fresh-horse-meat","status":"publish","type":"product","link":"https:\/\/nekmar.eu\/pl\/produkt\/nekmar-low-grain-vitality-with-fresh-horse-meat\/","title":{"rendered":"Nekmar Low Grain Vitality with Fresh Horse meat"},"content":{"rendered":"<div class=\"wpb-content-wrapper\"><p>[vc_row css_animation=&#8221;&#8221; row_type=&#8221;row&#8221; use_row_as_full_screen_section=&#8221;no&#8221; type=&#8221;full_width&#8221; angled_section=&#8221;no&#8221; text_align=&#8221;left&#8221; background_image_as_pattern=&#8221;without_pattern&#8221;][vc_column][vc_column_text css=&#8221;&#8221;]<strong>SK\u0141AD:<\/strong>\u00a0mi\u0119so ko\u0144skie 35% (w tym \u015bwie\u017ce mi\u0119so ko\u0144skie 15%), br\u0105zowy ry\u017c 20%, skrobia grochowa, groszek, t\u0142uszcz wieprzowy 9%, fasola, siemi\u0119 lniane 3%, hydrolizowane bia\u0142ka w\u0105troby 3%, dro\u017cd\u017ce piwne, suszone wyt\u0142oki buraczane, minera\u0142y, odwodnione algi 0,3%, mannan-oligosacharydy (MOS 0,2%), suszony mniszek lekarski (<em>Taraxacum officinale<\/em>), suszony granat (<em>Punica granatum<\/em>),\u00a0<em>Yucca schidigera<\/em>.<\/p>\n<p>&nbsp;<\/p>\n<p><strong>SK\u0141AD ANALITYCZNY:<\/strong>\u00a0bia\u0142ko surowe 25%, t\u0142uszcze i oleje surowe 14%, w\u0142\u00f3kno surowe 2,9%, popi\u00f3\u0142 8%, wilgotno\u015b\u0107 8%.<\/p>\n<p>&nbsp;<\/p>\n<p><strong>DODATKI na KG:<\/strong>\u00a0Dodatki od\u017cywcze: 3a672a Witamina A 18500 IU, E671 Witamina D3 1200 IU, 3a700 Witamina E 150 mg, E4 mied\u017a 14,5 mg, E1 \u017celazo 29 mg, E5 mangan 58 mg, 3b605 cynk 65 mg, 3b201 jod 3,14 mg, E8 selen 0,152 mg. Dodatki organoleptyczne: naturalny produkt zdefiniowany botanicznie.<\/p>\n<p>&nbsp;<\/p>\n<p><strong>ENERGIA METABOLICZNA:<\/strong>\u00a03700 kcal\/kg.[\/vc_column_text][\/vc_column][\/vc_row][vc_row css_animation=&#8221;&#8221; row_type=&#8221;row&#8221; use_row_as_full_screen_section=&#8221;no&#8221; type=&#8221;full_width&#8221; angled_section=&#8221;no&#8221; text_align=&#8221;left&#8221; background_image_as_pattern=&#8221;without_pattern&#8221;][vc_column][vc_empty_space][vc_column_text]Zalecana dzienna porcja karmienia (g\/dzie\u0144):[\/vc_column_text][vc_empty_space height=&#8221;12px&#8221;][vc_column_text]<\/p>\n<table class=\"gridtable\">\n<tbody>\n<tr>\n<th class=\"table-first-row\">Waga doros\u0142ego psa<\/th>\n<th class=\"table-first-row\">5kg<\/th>\n<th class=\"table-first-row\">10kg<\/th>\n<th class=\"table-first-row\">15kg<\/th>\n<th class=\"table-first-row\">20kg<\/th>\n<th class=\"table-first-row\">25kg<\/th>\n<th class=\"table-first-row\">30kg<\/th>\n<th class=\"table-first-row\">35kg<\/th>\n<th class=\"table-first-row\">40kg<\/th>\n<th class=\"table-first-row\">45kg<\/th>\n<th class=\"table-first-row\">50kg<\/th>\n<th class=\"table-first-row\">60kg<\/th>\n<th class=\"table-first-row\">70kg<\/th>\n<th class=\"table-first-row\">80kg<\/th>\n<\/tr>\n<tr>\n<td class=\"table-first-row\">Normalna aktywno\u015b\u0107<\/td>\n<td>100g<\/td>\n<td>150g<\/td>\n<td>200g<\/td>\n<td>255g<\/td>\n<td>285g<\/td>\n<td>320g<\/td>\n<td>360g<\/td>\n<td>400g<\/td>\n<td>440g<\/td>\n<td>480g<\/td>\n<td>550g<\/td>\n<td>620g<\/td>\n<td>680g<\/td>\n<\/tr>\n<tr>\n<td class=\"table-first-row\">\u015arednia aktywno\u015b\u0107<\/td>\n<td>120g<\/td>\n<td>180g<\/td>\n<td>240g<\/td>\n<td>305g<\/td>\n<td>360g<\/td>\n<td>370g<\/td>\n<td>405g<\/td>\n<td>440g<\/td>\n<td>520g<\/td>\n<td>570g<\/td>\n<td>660g<\/td>\n<td>740g<\/td>\n<td>810g<\/td>\n<\/tr>\n<tr>\n<td class=\"table-first-row\">Wysoka aktywno\u015b\u0107<\/td>\n<td>140g<\/td>\n<td>215g<\/td>\n<td>285g<\/td>\n<td>360g<\/td>\n<td>420g<\/td>\n<td>440g<\/td>\n<td>480g<\/td>\n<td>520g<\/td>\n<td>630g<\/td>\n<td>680g<\/td>\n<td>790g<\/td>\n<td>890g<\/td>\n<td>975g<\/td>\n<\/tr>\n<\/tbody>\n<\/table>\n<p>[\/vc_column_text][vc_empty_space height=&#8221;22px&#8221;][vc_column_text]<strong>SPOS\u00d3B U\u017bYCIA:<\/strong> produkt mo\u017cna podawa\u0107 na sucho lub namoczony (zalecamy pola\u0107 karm\u0119 niewielk\u0105 ilo\u015bci\u0105 letniej wody tu\u017c przed podaniem go psu, gdy\u017c jest to dla psa \u0142atwiejsze do strawienia uwa\u017camy, \u017ce r\u00f3wnie\u017c poprawia smak ). Dawki mog\u0105 si\u0119 r\u00f3\u017cni\u0107 w zale\u017cno\u015bci od konkretnych potrzeb niekt\u00f3rych ps\u00f3w. Pies powinien mie\u0107 zawsze dost\u0119p do \u015bwie\u017cej wody pitnej. Przechowywa\u0107 w ch\u0142odnym i suchym miejscu z dala od \u017ar\u00f3de\u0142 ciep\u0142a.[\/vc_column_text][\/vc_column][\/vc_row]<\/p>\n<\/div>","protected":false},"excerpt":{"rendered":"<p>Monoproteinowa karma Ultrapremium dla doros\u0142ych ps\u00f3w o niskiej zawarto\u015bci zb\u00f3\u017c<\/p>\n","protected":false},"featured_media":5176,"template":"","meta":[],"product_brand":[],"product_cat":[99,132,101],"product_tag":[111,109],"class_list":{"0":"post-5177","1":"product","2":"type-product","3":"status-publish","4":"has-post-thumbnail","6":"product_cat-karma-dla-psow","7":"product_cat-low-grain-monoprotein-vitality","8":"product_cat-nekmar","9":"product_tag-lowgrain-monoprotein","10":"product_tag-nekmar","12":"first","13":"instock","14":"taxable","15":"shipping-taxable","16":"purchasable","17":"product-type-variable"},"yoast_head":"<!-- This site is optimized with the Yoast SEO plugin v27.5 - https:\/\/yoast.com\/product\/yoast-seo-wordpress\/ -->\n<title>Nekmar | Low Grain Vitality with Fresh Horse meat<\/title>\n<meta name=\"description\" content=\"Monoproteinowa karma Ultrapremium dla doros\u0142ych ps\u00f3w o niskiej zawarto\u015bci zb\u00f3\u017c\" \/>\n<meta name=\"robots\" content=\"index, follow, max-snippet:-1, max-image-preview:large, max-video-preview:-1\" \/>\n<link rel=\"canonical\" href=\"https:\/\/nekmar.eu\/pl\/produkt\/nekmar-low-grain-vitality-with-fresh-horse-meat\/\" \/>\n<meta property=\"og:locale\" content=\"pl_PL\" \/>\n<meta property=\"og:type\" content=\"article\" \/>\n<meta property=\"og:title\" content=\"Nekmar Low Grain Adult Fresh Lamb\" \/>\n<meta property=\"og:description\" content=\"Monoproteinowa karma\" \/>\n<meta property=\"og:url\" content=\"https:\/\/nekmar.eu\/pl\/produkt\/nekmar-low-grain-vitality-with-fresh-horse-meat\/\" \/>\n<meta property=\"og:site_name\" content=\"Nekmar Polska\" \/>\n<meta property=\"article:modified_time\" content=\"2026-05-04T18:33:18+00:00\" \/>\n<meta property=\"og:image\" content=\"https:\/\/nekmar.eu\/pl\/wp-content\/uploads\/2019\/08\/nekmar-holistic.jpg\" \/>\n\t<meta property=\"og:image:width\" content=\"1200\" \/>\n\t<meta property=\"og:image:height\" content=\"630\" \/>\n\t<meta property=\"og:image:type\" content=\"image\/jpeg\" \/>\n<meta name=\"twitter:card\" content=\"summary_large_image\" \/>\n<meta name=\"twitter:label1\" content=\"Szacowany czas czytania\" \/>\n\t<meta name=\"twitter:data1\" content=\"2 minuty\" \/>\n<script type=\"application\/ld+json\" class=\"yoast-schema-graph\">{\"@context\":\"https:\\\/\\\/schema.org\",\"@graph\":[{\"@type\":\"WebPage\",\"@id\":\"https:\\\/\\\/nekmar.eu\\\/pl\\\/produkt\\\/nekmar-low-grain-vitality-with-fresh-horse-meat\\\/\",\"url\":\"https:\\\/\\\/nekmar.eu\\\/pl\\\/produkt\\\/nekmar-low-grain-vitality-with-fresh-horse-meat\\\/\",\"name\":\"Nekmar | Low Grain Vitality with Fresh Horse meat\",\"isPartOf\":{\"@id\":\"https:\\\/\\\/nekmar.eu\\\/pl\\\/#website\"},\"primaryImageOfPage\":{\"@id\":\"https:\\\/\\\/nekmar.eu\\\/pl\\\/produkt\\\/nekmar-low-grain-vitality-with-fresh-horse-meat\\\/#primaryimage\"},\"image\":{\"@id\":\"https:\\\/\\\/nekmar.eu\\\/pl\\\/produkt\\\/nekmar-low-grain-vitality-with-fresh-horse-meat\\\/#primaryimage\"},\"thumbnailUrl\":\"https:\\\/\\\/nekmar.eu\\\/pl\\\/wp-content\\\/uploads\\\/2025\\\/07\\\/nekmar_lowgrain_with_fresh_horse_meat.jpg\",\"datePublished\":\"2025-07-07T10:01:40+00:00\",\"dateModified\":\"2026-05-04T18:33:18+00:00\",\"description\":\"Monoproteinowa karma Ultrapremium dla doros\u0142ych ps\u00f3w o niskiej zawarto\u015bci zb\u00f3\u017c\",\"breadcrumb\":{\"@id\":\"https:\\\/\\\/nekmar.eu\\\/pl\\\/produkt\\\/nekmar-low-grain-vitality-with-fresh-horse-meat\\\/#breadcrumb\"},\"inLanguage\":\"pl-PL\",\"potentialAction\":[{\"@type\":\"ReadAction\",\"target\":[\"https:\\\/\\\/nekmar.eu\\\/pl\\\/produkt\\\/nekmar-low-grain-vitality-with-fresh-horse-meat\\\/\"]}]},{\"@type\":\"ImageObject\",\"inLanguage\":\"pl-PL\",\"@id\":\"https:\\\/\\\/nekmar.eu\\\/pl\\\/produkt\\\/nekmar-low-grain-vitality-with-fresh-horse-meat\\\/#primaryimage\",\"url\":\"https:\\\/\\\/nekmar.eu\\\/pl\\\/wp-content\\\/uploads\\\/2025\\\/07\\\/nekmar_lowgrain_with_fresh_horse_meat.jpg\",\"contentUrl\":\"https:\\\/\\\/nekmar.eu\\\/pl\\\/wp-content\\\/uploads\\\/2025\\\/07\\\/nekmar_lowgrain_with_fresh_horse_meat.jpg\",\"width\":1000,\"height\":1000},{\"@type\":\"BreadcrumbList\",\"@id\":\"https:\\\/\\\/nekmar.eu\\\/pl\\\/produkt\\\/nekmar-low-grain-vitality-with-fresh-horse-meat\\\/#breadcrumb\",\"itemListElement\":[{\"@type\":\"ListItem\",\"position\":1,\"name\":\"Home\",\"item\":\"https:\\\/\\\/nekmar.eu\\\/pl\\\/\"},{\"@type\":\"ListItem\",\"position\":2,\"name\":\"Sklep\",\"item\":\"https:\\\/\\\/nekmar.eu\\\/pl\\\/sklep\\\/\"},{\"@type\":\"ListItem\",\"position\":3,\"name\":\"Nekmar Low Grain Vitality with Fresh Horse meat\"}]},{\"@type\":\"WebSite\",\"@id\":\"https:\\\/\\\/nekmar.eu\\\/pl\\\/#website\",\"url\":\"https:\\\/\\\/nekmar.eu\\\/pl\\\/\",\"name\":\"Nekmar Polska\",\"description\":\"Pet Nutrition\",\"publisher\":{\"@id\":\"https:\\\/\\\/nekmar.eu\\\/pl\\\/#organization\"},\"potentialAction\":[{\"@type\":\"SearchAction\",\"target\":{\"@type\":\"EntryPoint\",\"urlTemplate\":\"https:\\\/\\\/nekmar.eu\\\/pl\\\/?s={search_term_string}\"},\"query-input\":{\"@type\":\"PropertyValueSpecification\",\"valueRequired\":true,\"valueName\":\"search_term_string\"}}],\"inLanguage\":\"pl-PL\"},{\"@type\":\"Organization\",\"@id\":\"https:\\\/\\\/nekmar.eu\\\/pl\\\/#organization\",\"name\":\"Nekmar Pet Nutrition Polska\",\"url\":\"https:\\\/\\\/nekmar.eu\\\/pl\\\/\",\"logo\":{\"@type\":\"ImageObject\",\"inLanguage\":\"pl-PL\",\"@id\":\"https:\\\/\\\/nekmar.eu\\\/pl\\\/#\\\/schema\\\/logo\\\/image\\\/\",\"url\":\"https:\\\/\\\/nekmar.eu\\\/pl\\\/wp-content\\\/uploads\\\/2019\\\/08\\\/Nekmar-contact.jpg\",\"contentUrl\":\"https:\\\/\\\/nekmar.eu\\\/pl\\\/wp-content\\\/uploads\\\/2019\\\/08\\\/Nekmar-contact.jpg\",\"width\":600,\"height\":142,\"caption\":\"Nekmar Pet Nutrition Polska\"},\"image\":{\"@id\":\"https:\\\/\\\/nekmar.eu\\\/pl\\\/#\\\/schema\\\/logo\\\/image\\\/\"}}]}<\/script>\n<!-- \/ Yoast SEO plugin. -->","yoast_head_json":{"title":"Nekmar | Low Grain Vitality with Fresh Horse meat","description":"Monoproteinowa karma Ultrapremium dla doros\u0142ych ps\u00f3w o niskiej zawarto\u015bci zb\u00f3\u017c","robots":{"index":"index","follow":"follow","max-snippet":"max-snippet:-1","max-image-preview":"max-image-preview:large","max-video-preview":"max-video-preview:-1"},"canonical":"https:\/\/nekmar.eu\/pl\/produkt\/nekmar-low-grain-vitality-with-fresh-horse-meat\/","og_locale":"pl_PL","og_type":"article","og_title":"Nekmar Low Grain Adult Fresh Lamb","og_description":"Monoproteinowa karma","og_url":"https:\/\/nekmar.eu\/pl\/produkt\/nekmar-low-grain-vitality-with-fresh-horse-meat\/","og_site_name":"Nekmar Polska","article_modified_time":"2026-05-04T18:33:18+00:00","og_image":[{"width":1200,"height":630,"url":"https:\/\/nekmar.eu\/pl\/wp-content\/uploads\/2019\/08\/nekmar-holistic.jpg","type":"image\/jpeg"}],"twitter_card":"summary_large_image","twitter_misc":{"Szacowany czas czytania":"2 minuty"},"schema":{"@context":"https:\/\/schema.org","@graph":[{"@type":"WebPage","@id":"https:\/\/nekmar.eu\/pl\/produkt\/nekmar-low-grain-vitality-with-fresh-horse-meat\/","url":"https:\/\/nekmar.eu\/pl\/produkt\/nekmar-low-grain-vitality-with-fresh-horse-meat\/","name":"Nekmar | Low Grain Vitality with Fresh Horse meat","isPartOf":{"@id":"https:\/\/nekmar.eu\/pl\/#website"},"primaryImageOfPage":{"@id":"https:\/\/nekmar.eu\/pl\/produkt\/nekmar-low-grain-vitality-with-fresh-horse-meat\/#primaryimage"},"image":{"@id":"https:\/\/nekmar.eu\/pl\/produkt\/nekmar-low-grain-vitality-with-fresh-horse-meat\/#primaryimage"},"thumbnailUrl":"https:\/\/nekmar.eu\/pl\/wp-content\/uploads\/2025\/07\/nekmar_lowgrain_with_fresh_horse_meat.jpg","datePublished":"2025-07-07T10:01:40+00:00","dateModified":"2026-05-04T18:33:18+00:00","description":"Monoproteinowa karma Ultrapremium dla doros\u0142ych ps\u00f3w o niskiej zawarto\u015bci zb\u00f3\u017c","breadcrumb":{"@id":"https:\/\/nekmar.eu\/pl\/produkt\/nekmar-low-grain-vitality-with-fresh-horse-meat\/#breadcrumb"},"inLanguage":"pl-PL","potentialAction":[{"@type":"ReadAction","target":["https:\/\/nekmar.eu\/pl\/produkt\/nekmar-low-grain-vitality-with-fresh-horse-meat\/"]}]},{"@type":"ImageObject","inLanguage":"pl-PL","@id":"https:\/\/nekmar.eu\/pl\/produkt\/nekmar-low-grain-vitality-with-fresh-horse-meat\/#primaryimage","url":"https:\/\/nekmar.eu\/pl\/wp-content\/uploads\/2025\/07\/nekmar_lowgrain_with_fresh_horse_meat.jpg","contentUrl":"https:\/\/nekmar.eu\/pl\/wp-content\/uploads\/2025\/07\/nekmar_lowgrain_with_fresh_horse_meat.jpg","width":1000,"height":1000},{"@type":"BreadcrumbList","@id":"https:\/\/nekmar.eu\/pl\/produkt\/nekmar-low-grain-vitality-with-fresh-horse-meat\/#breadcrumb","itemListElement":[{"@type":"ListItem","position":1,"name":"Home","item":"https:\/\/nekmar.eu\/pl\/"},{"@type":"ListItem","position":2,"name":"Sklep","item":"https:\/\/nekmar.eu\/pl\/sklep\/"},{"@type":"ListItem","position":3,"name":"Nekmar Low Grain Vitality with Fresh Horse meat"}]},{"@type":"WebSite","@id":"https:\/\/nekmar.eu\/pl\/#website","url":"https:\/\/nekmar.eu\/pl\/","name":"Nekmar Polska","description":"Pet Nutrition","publisher":{"@id":"https:\/\/nekmar.eu\/pl\/#organization"},"potentialAction":[{"@type":"SearchAction","target":{"@type":"EntryPoint","urlTemplate":"https:\/\/nekmar.eu\/pl\/?s={search_term_string}"},"query-input":{"@type":"PropertyValueSpecification","valueRequired":true,"valueName":"search_term_string"}}],"inLanguage":"pl-PL"},{"@type":"Organization","@id":"https:\/\/nekmar.eu\/pl\/#organization","name":"Nekmar Pet Nutrition Polska","url":"https:\/\/nekmar.eu\/pl\/","logo":{"@type":"ImageObject","inLanguage":"pl-PL","@id":"https:\/\/nekmar.eu\/pl\/#\/schema\/logo\/image\/","url":"https:\/\/nekmar.eu\/pl\/wp-content\/uploads\/2019\/08\/Nekmar-contact.jpg","contentUrl":"https:\/\/nekmar.eu\/pl\/wp-content\/uploads\/2019\/08\/Nekmar-contact.jpg","width":600,"height":142,"caption":"Nekmar Pet Nutrition Polska"},"image":{"@id":"https:\/\/nekmar.eu\/pl\/#\/schema\/logo\/image\/"}}]}},"_links":{"self":[{"href":"https:\/\/nekmar.eu\/pl\/wp-json\/wp\/v2\/product\/5177","targetHints":{"allow":["GET"]}}],"collection":[{"href":"https:\/\/nekmar.eu\/pl\/wp-json\/wp\/v2\/product"}],"about":[{"href":"https:\/\/nekmar.eu\/pl\/wp-json\/wp\/v2\/types\/product"}],"wp:featuredmedia":[{"embeddable":true,"href":"https:\/\/nekmar.eu\/pl\/wp-json\/wp\/v2\/media\/5176"}],"wp:attachment":[{"href":"https:\/\/nekmar.eu\/pl\/wp-json\/wp\/v2\/media?parent=5177"}],"wp:term":[{"taxonomy":"product_brand","embeddable":true,"href":"https:\/\/nekmar.eu\/pl\/wp-json\/wp\/v2\/product_brand?post=5177"},{"taxonomy":"product_cat","embeddable":true,"href":"https:\/\/nekmar.eu\/pl\/wp-json\/wp\/v2\/product_cat?post=5177"},{"taxonomy":"product_tag","embeddable":true,"href":"https:\/\/nekmar.eu\/pl\/wp-json\/wp\/v2\/product_tag?post=5177"}],"curies":[{"name":"wp","href":"https:\/\/api.w.org\/{rel}","templated":true}]}}