{"id":6012,"date":"2026-01-27T06:39:58","date_gmt":"2026-01-27T05:39:58","guid":{"rendered":"https:\/\/nekmar.eu\/pl\/?post_type=product&#038;p=6012"},"modified":"2026-05-02T16:30:49","modified_gmt":"2026-05-02T15:30:49","slug":"nekmar-magic-repair-professional-mask","status":"publish","type":"product","link":"https:\/\/nekmar.eu\/pl\/produkt\/nekmar-magic-repair-professional-mask\/","title":{"rendered":"Nekmar Magic Repair Professional Mask"},"content":{"rendered":"<div class=\"wpb-content-wrapper\"><p>[vc_row css_animation=&#8221;&#8221; row_type=&#8221;row&#8221; use_row_as_full_screen_section=&#8221;no&#8221; type=&#8221;full_width&#8221; angled_section=&#8221;no&#8221; text_align=&#8221;left&#8221; background_image_as_pattern=&#8221;without_pattern&#8221;][vc_column][vc_column_text css=&#8221;&#8221;]<strong>SK\u0141AD:<\/strong> woda, alkohol cetearylowy, gliceryna, stearynian etyloheksylu, alkohol mirystylowy, behenamidopropylo dimetyloamina, mas\u0142o shea, olej kokosowy (*), hydrolizowana keratyna, pantenol, octan tokoferylu, sok z li\u015bci aloesu (*), olej oliwkowy (*), hydrolizowane proteiny pszenicy, ekstrakt z li\u015bci moringi, polikwaternium-7, fenoksyetanol, substancja zapachowa, chlorek guar hydroksypropylotrimoniowy, guma ksantanowa, kwas cytrynowy, kwas mlekowy, dwutlenek krzemu, benzoesan sodu, sorbinian potasu, dinatrij EDTA, alkohol benzylowy.<\/p>\n<p>(*) z upraw organicznych<\/p>\n<p>&nbsp;<\/p>\n<p><strong>SK\u0141ADNIKI POCHODZ\u0104CE Z UPRAW ORGANICZNYCH<\/strong><\/p>\n<p>&nbsp;<\/p>\n<p>\u2022 Intensywny, profesjonalny zabieg do piel\u0119gnacji sier\u015bci<br \/>\n\u2022 G\u0142\u0119boko regeneruje i nawil\u017ca<br \/>\n\u2022 Usuwa spl\u0105tania i u\u0142atwia rozczesywanie<br \/>\n\u2022 Nadaje sier\u015bci blask i obj\u0119to\u015b\u0107<br \/>\n\u2022 Pozostawia pi\u0119kny, d\u0142ugotrwa\u0142y zapach<\/p>\n<p>&nbsp;<\/p>\n<p><strong>SPOS\u00d3B U\u017bYCIA:<\/strong> Na\u0142\u00f3\u017c mask\u0119 na wcze\u015bniej umyt\u0105 i wilgotn\u0105 sier\u015b\u0107. Rozprowad\u017a r\u00f3wnomiernie i pozostaw na 5\u201310 minut, aby sk\u0142adniki aktywne mog\u0142y w pe\u0142ni zadzia\u0142a\u0107, nast\u0119pnie dok\u0142adnie sp\u0142ucz letni\u0105 wod\u0105.<\/p>\n<p>&nbsp;<\/p>\n<p><strong>Wskaz\u00f3wka:<\/strong> Mask\u0119 mo\u017cna r\u00f3wnie\u017c stosowa\u0107 jako od\u017cywk\u0119, rozcie\u0144czaj\u0105c j\u0105 wod\u0105 w proporcji 1:10. Po u\u017cyciu dok\u0142adnie sp\u0142ucz letni\u0105 wod\u0105.[\/vc_column_text][\/vc_column][\/vc_row]<\/p>\n<\/div>","protected":false},"excerpt":{"rendered":"<p>Magic Repair Mask to profesjonalny zabieg do piel\u0119gnacji sier\u015bci, kt\u00f3ry dog\u0142\u0119bnie regeneruje, rewitalizuje i przywraca do \u017cycia zniszczon\u0105 lub such\u0105 sier\u015b\u0107. Mo\u017ce by\u0107 stosowana jako intensywna kuracja w przypadku silnych uszkodze\u0144 lub jako regularny zabieg kondycjonuj\u0105cy, maj\u0105cy na celu doprowadzenie sier\u015bci do doskona\u0142ej kondycji lub jej utrzymanie.<\/p>\n<p>Bogata formu\u0142a zapewnia g\u0142\u0119bokie nawil\u017cenie oraz u\u0142atwia rozczesywanie nawet najbardziej spl\u0105tanych partii. Sk\u0142adniki takie jak keratyna, mas\u0142o shea, pantenol, gliceryna, prowitamina B5 oraz aloes intensywnie regeneruj\u0105, wzmacniaj\u0105 i nawil\u017caj\u0105 sier\u015b\u0107. Po zabiegu sier\u015b\u0107 pozostaje \u015bwie\u017ca, zadbana, pachn\u0105ca i l\u015bni\u0105ca.<\/p>\n","protected":false},"featured_media":6028,"template":"","meta":[],"product_brand":[],"product_cat":[134],"product_tag":[],"class_list":{"0":"post-6012","1":"product","2":"type-product","3":"status-publish","4":"has-post-thumbnail","6":"product_cat-grooming","8":"first","9":"instock","10":"taxable","11":"shipping-taxable","12":"purchasable","13":"product-type-variable"},"yoast_head":"<!-- This site is optimized with the Yoast SEO plugin v27.5 - https:\/\/yoast.com\/product\/yoast-seo-wordpress\/ -->\n<title>Nekmar Magic Repair Professional Mask | Nekmar Polska<\/title>\n<meta name=\"robots\" content=\"index, follow, max-snippet:-1, max-image-preview:large, max-video-preview:-1\" \/>\n<link rel=\"canonical\" href=\"https:\/\/nekmar.eu\/pl\/produkt\/nekmar-magic-repair-professional-mask\/\" \/>\n<meta property=\"og:locale\" content=\"pl_PL\" \/>\n<meta property=\"og:type\" content=\"article\" \/>\n<meta property=\"og:title\" content=\"Nekmar Magic Repair Professional Mask | Nekmar Polska\" \/>\n<meta property=\"og:description\" content=\"Magic Repair Mask to profesjonalny zabieg do piel\u0119gnacji sier\u015bci, kt\u00f3ry dog\u0142\u0119bnie regeneruje, rewitalizuje i przywraca do \u017cycia zniszczon\u0105 lub such\u0105 sier\u015b\u0107. Mo\u017ce by\u0107 stosowana jako intensywna kuracja w przypadku silnych uszkodze\u0144 lub jako regularny zabieg kondycjonuj\u0105cy, maj\u0105cy na celu doprowadzenie sier\u015bci do doskona\u0142ej kondycji lub jej utrzymanie.  Bogata formu\u0142a zapewnia g\u0142\u0119bokie nawil\u017cenie oraz u\u0142atwia rozczesywanie nawet najbardziej spl\u0105tanych partii. Sk\u0142adniki takie jak keratyna, mas\u0142o shea, pantenol, gliceryna, prowitamina B5 oraz aloes intensywnie regeneruj\u0105, wzmacniaj\u0105 i nawil\u017caj\u0105 sier\u015b\u0107. Po zabiegu sier\u015b\u0107 pozostaje \u015bwie\u017ca, zadbana, pachn\u0105ca i l\u015bni\u0105ca.\" \/>\n<meta property=\"og:url\" content=\"https:\/\/nekmar.eu\/pl\/produkt\/nekmar-magic-repair-professional-mask\/\" \/>\n<meta property=\"og:site_name\" content=\"Nekmar Polska\" \/>\n<meta property=\"article:modified_time\" content=\"2026-05-02T15:30:49+00:00\" \/>\n<meta property=\"og:image\" content=\"https:\/\/nekmar.eu\/pl\/wp-content\/uploads\/2026\/01\/Nekmar-Magic-Repair-1l-50ml.jpg\" \/>\n\t<meta property=\"og:image:width\" content=\"1400\" \/>\n\t<meta property=\"og:image:height\" content=\"1400\" \/>\n\t<meta property=\"og:image:type\" content=\"image\/jpeg\" \/>\n<meta name=\"twitter:card\" content=\"summary_large_image\" \/>\n<meta name=\"twitter:label1\" content=\"Szacowany czas czytania\" \/>\n\t<meta name=\"twitter:data1\" content=\"2 minuty\" \/>\n<script type=\"application\/ld+json\" class=\"yoast-schema-graph\">{\"@context\":\"https:\\\/\\\/schema.org\",\"@graph\":[{\"@type\":\"WebPage\",\"@id\":\"https:\\\/\\\/nekmar.eu\\\/pl\\\/produkt\\\/nekmar-magic-repair-professional-mask\\\/\",\"url\":\"https:\\\/\\\/nekmar.eu\\\/pl\\\/produkt\\\/nekmar-magic-repair-professional-mask\\\/\",\"name\":\"Nekmar Magic Repair Professional Mask | Nekmar Polska\",\"isPartOf\":{\"@id\":\"https:\\\/\\\/nekmar.eu\\\/pl\\\/#website\"},\"primaryImageOfPage\":{\"@id\":\"https:\\\/\\\/nekmar.eu\\\/pl\\\/produkt\\\/nekmar-magic-repair-professional-mask\\\/#primaryimage\"},\"image\":{\"@id\":\"https:\\\/\\\/nekmar.eu\\\/pl\\\/produkt\\\/nekmar-magic-repair-professional-mask\\\/#primaryimage\"},\"thumbnailUrl\":\"https:\\\/\\\/nekmar.eu\\\/pl\\\/wp-content\\\/uploads\\\/2026\\\/01\\\/Nekmar-Magic-Repair-1l-50ml.jpg\",\"datePublished\":\"2026-01-27T05:39:58+00:00\",\"dateModified\":\"2026-05-02T15:30:49+00:00\",\"breadcrumb\":{\"@id\":\"https:\\\/\\\/nekmar.eu\\\/pl\\\/produkt\\\/nekmar-magic-repair-professional-mask\\\/#breadcrumb\"},\"inLanguage\":\"pl-PL\",\"potentialAction\":[{\"@type\":\"ReadAction\",\"target\":[\"https:\\\/\\\/nekmar.eu\\\/pl\\\/produkt\\\/nekmar-magic-repair-professional-mask\\\/\"]}]},{\"@type\":\"ImageObject\",\"inLanguage\":\"pl-PL\",\"@id\":\"https:\\\/\\\/nekmar.eu\\\/pl\\\/produkt\\\/nekmar-magic-repair-professional-mask\\\/#primaryimage\",\"url\":\"https:\\\/\\\/nekmar.eu\\\/pl\\\/wp-content\\\/uploads\\\/2026\\\/01\\\/Nekmar-Magic-Repair-1l-50ml.jpg\",\"contentUrl\":\"https:\\\/\\\/nekmar.eu\\\/pl\\\/wp-content\\\/uploads\\\/2026\\\/01\\\/Nekmar-Magic-Repair-1l-50ml.jpg\",\"width\":1400,\"height\":1400},{\"@type\":\"BreadcrumbList\",\"@id\":\"https:\\\/\\\/nekmar.eu\\\/pl\\\/produkt\\\/nekmar-magic-repair-professional-mask\\\/#breadcrumb\",\"itemListElement\":[{\"@type\":\"ListItem\",\"position\":1,\"name\":\"Home\",\"item\":\"https:\\\/\\\/nekmar.eu\\\/pl\\\/\"},{\"@type\":\"ListItem\",\"position\":2,\"name\":\"Sklep\",\"item\":\"https:\\\/\\\/nekmar.eu\\\/pl\\\/sklep\\\/\"},{\"@type\":\"ListItem\",\"position\":3,\"name\":\"Nekmar Magic Repair Professional Mask\"}]},{\"@type\":\"WebSite\",\"@id\":\"https:\\\/\\\/nekmar.eu\\\/pl\\\/#website\",\"url\":\"https:\\\/\\\/nekmar.eu\\\/pl\\\/\",\"name\":\"Nekmar Polska\",\"description\":\"Pet Nutrition\",\"publisher\":{\"@id\":\"https:\\\/\\\/nekmar.eu\\\/pl\\\/#organization\"},\"potentialAction\":[{\"@type\":\"SearchAction\",\"target\":{\"@type\":\"EntryPoint\",\"urlTemplate\":\"https:\\\/\\\/nekmar.eu\\\/pl\\\/?s={search_term_string}\"},\"query-input\":{\"@type\":\"PropertyValueSpecification\",\"valueRequired\":true,\"valueName\":\"search_term_string\"}}],\"inLanguage\":\"pl-PL\"},{\"@type\":\"Organization\",\"@id\":\"https:\\\/\\\/nekmar.eu\\\/pl\\\/#organization\",\"name\":\"Nekmar Pet Nutrition Polska\",\"url\":\"https:\\\/\\\/nekmar.eu\\\/pl\\\/\",\"logo\":{\"@type\":\"ImageObject\",\"inLanguage\":\"pl-PL\",\"@id\":\"https:\\\/\\\/nekmar.eu\\\/pl\\\/#\\\/schema\\\/logo\\\/image\\\/\",\"url\":\"https:\\\/\\\/nekmar.eu\\\/pl\\\/wp-content\\\/uploads\\\/2019\\\/08\\\/Nekmar-contact.jpg\",\"contentUrl\":\"https:\\\/\\\/nekmar.eu\\\/pl\\\/wp-content\\\/uploads\\\/2019\\\/08\\\/Nekmar-contact.jpg\",\"width\":600,\"height\":142,\"caption\":\"Nekmar Pet Nutrition Polska\"},\"image\":{\"@id\":\"https:\\\/\\\/nekmar.eu\\\/pl\\\/#\\\/schema\\\/logo\\\/image\\\/\"}}]}<\/script>\n<!-- \/ Yoast SEO plugin. -->","yoast_head_json":{"title":"Nekmar Magic Repair Professional Mask | Nekmar Polska","robots":{"index":"index","follow":"follow","max-snippet":"max-snippet:-1","max-image-preview":"max-image-preview:large","max-video-preview":"max-video-preview:-1"},"canonical":"https:\/\/nekmar.eu\/pl\/produkt\/nekmar-magic-repair-professional-mask\/","og_locale":"pl_PL","og_type":"article","og_title":"Nekmar Magic Repair Professional Mask | Nekmar Polska","og_description":"Magic Repair Mask to profesjonalny zabieg do piel\u0119gnacji sier\u015bci, kt\u00f3ry dog\u0142\u0119bnie regeneruje, rewitalizuje i przywraca do \u017cycia zniszczon\u0105 lub such\u0105 sier\u015b\u0107. Mo\u017ce by\u0107 stosowana jako intensywna kuracja w przypadku silnych uszkodze\u0144 lub jako regularny zabieg kondycjonuj\u0105cy, maj\u0105cy na celu doprowadzenie sier\u015bci do doskona\u0142ej kondycji lub jej utrzymanie.  Bogata formu\u0142a zapewnia g\u0142\u0119bokie nawil\u017cenie oraz u\u0142atwia rozczesywanie nawet najbardziej spl\u0105tanych partii. Sk\u0142adniki takie jak keratyna, mas\u0142o shea, pantenol, gliceryna, prowitamina B5 oraz aloes intensywnie regeneruj\u0105, wzmacniaj\u0105 i nawil\u017caj\u0105 sier\u015b\u0107. Po zabiegu sier\u015b\u0107 pozostaje \u015bwie\u017ca, zadbana, pachn\u0105ca i l\u015bni\u0105ca.","og_url":"https:\/\/nekmar.eu\/pl\/produkt\/nekmar-magic-repair-professional-mask\/","og_site_name":"Nekmar Polska","article_modified_time":"2026-05-02T15:30:49+00:00","og_image":[{"width":1400,"height":1400,"url":"https:\/\/nekmar.eu\/pl\/wp-content\/uploads\/2026\/01\/Nekmar-Magic-Repair-1l-50ml.jpg","type":"image\/jpeg"}],"twitter_card":"summary_large_image","twitter_misc":{"Szacowany czas czytania":"2 minuty"},"schema":{"@context":"https:\/\/schema.org","@graph":[{"@type":"WebPage","@id":"https:\/\/nekmar.eu\/pl\/produkt\/nekmar-magic-repair-professional-mask\/","url":"https:\/\/nekmar.eu\/pl\/produkt\/nekmar-magic-repair-professional-mask\/","name":"Nekmar Magic Repair Professional Mask | Nekmar Polska","isPartOf":{"@id":"https:\/\/nekmar.eu\/pl\/#website"},"primaryImageOfPage":{"@id":"https:\/\/nekmar.eu\/pl\/produkt\/nekmar-magic-repair-professional-mask\/#primaryimage"},"image":{"@id":"https:\/\/nekmar.eu\/pl\/produkt\/nekmar-magic-repair-professional-mask\/#primaryimage"},"thumbnailUrl":"https:\/\/nekmar.eu\/pl\/wp-content\/uploads\/2026\/01\/Nekmar-Magic-Repair-1l-50ml.jpg","datePublished":"2026-01-27T05:39:58+00:00","dateModified":"2026-05-02T15:30:49+00:00","breadcrumb":{"@id":"https:\/\/nekmar.eu\/pl\/produkt\/nekmar-magic-repair-professional-mask\/#breadcrumb"},"inLanguage":"pl-PL","potentialAction":[{"@type":"ReadAction","target":["https:\/\/nekmar.eu\/pl\/produkt\/nekmar-magic-repair-professional-mask\/"]}]},{"@type":"ImageObject","inLanguage":"pl-PL","@id":"https:\/\/nekmar.eu\/pl\/produkt\/nekmar-magic-repair-professional-mask\/#primaryimage","url":"https:\/\/nekmar.eu\/pl\/wp-content\/uploads\/2026\/01\/Nekmar-Magic-Repair-1l-50ml.jpg","contentUrl":"https:\/\/nekmar.eu\/pl\/wp-content\/uploads\/2026\/01\/Nekmar-Magic-Repair-1l-50ml.jpg","width":1400,"height":1400},{"@type":"BreadcrumbList","@id":"https:\/\/nekmar.eu\/pl\/produkt\/nekmar-magic-repair-professional-mask\/#breadcrumb","itemListElement":[{"@type":"ListItem","position":1,"name":"Home","item":"https:\/\/nekmar.eu\/pl\/"},{"@type":"ListItem","position":2,"name":"Sklep","item":"https:\/\/nekmar.eu\/pl\/sklep\/"},{"@type":"ListItem","position":3,"name":"Nekmar Magic Repair Professional Mask"}]},{"@type":"WebSite","@id":"https:\/\/nekmar.eu\/pl\/#website","url":"https:\/\/nekmar.eu\/pl\/","name":"Nekmar Polska","description":"Pet Nutrition","publisher":{"@id":"https:\/\/nekmar.eu\/pl\/#organization"},"potentialAction":[{"@type":"SearchAction","target":{"@type":"EntryPoint","urlTemplate":"https:\/\/nekmar.eu\/pl\/?s={search_term_string}"},"query-input":{"@type":"PropertyValueSpecification","valueRequired":true,"valueName":"search_term_string"}}],"inLanguage":"pl-PL"},{"@type":"Organization","@id":"https:\/\/nekmar.eu\/pl\/#organization","name":"Nekmar Pet Nutrition Polska","url":"https:\/\/nekmar.eu\/pl\/","logo":{"@type":"ImageObject","inLanguage":"pl-PL","@id":"https:\/\/nekmar.eu\/pl\/#\/schema\/logo\/image\/","url":"https:\/\/nekmar.eu\/pl\/wp-content\/uploads\/2019\/08\/Nekmar-contact.jpg","contentUrl":"https:\/\/nekmar.eu\/pl\/wp-content\/uploads\/2019\/08\/Nekmar-contact.jpg","width":600,"height":142,"caption":"Nekmar Pet Nutrition Polska"},"image":{"@id":"https:\/\/nekmar.eu\/pl\/#\/schema\/logo\/image\/"}}]}},"_links":{"self":[{"href":"https:\/\/nekmar.eu\/pl\/wp-json\/wp\/v2\/product\/6012","targetHints":{"allow":["GET"]}}],"collection":[{"href":"https:\/\/nekmar.eu\/pl\/wp-json\/wp\/v2\/product"}],"about":[{"href":"https:\/\/nekmar.eu\/pl\/wp-json\/wp\/v2\/types\/product"}],"wp:featuredmedia":[{"embeddable":true,"href":"https:\/\/nekmar.eu\/pl\/wp-json\/wp\/v2\/media\/6028"}],"wp:attachment":[{"href":"https:\/\/nekmar.eu\/pl\/wp-json\/wp\/v2\/media?parent=6012"}],"wp:term":[{"taxonomy":"product_brand","embeddable":true,"href":"https:\/\/nekmar.eu\/pl\/wp-json\/wp\/v2\/product_brand?post=6012"},{"taxonomy":"product_cat","embeddable":true,"href":"https:\/\/nekmar.eu\/pl\/wp-json\/wp\/v2\/product_cat?post=6012"},{"taxonomy":"product_tag","embeddable":true,"href":"https:\/\/nekmar.eu\/pl\/wp-json\/wp\/v2\/product_tag?post=6012"}],"curies":[{"name":"wp","href":"https:\/\/api.w.org\/{rel}","templated":true}]}}