{"id":6013,"date":"2026-01-27T06:39:58","date_gmt":"2026-01-27T05:39:58","guid":{"rendered":"https:\/\/nekmar.eu\/pl\/?post_type=product&#038;p=6013"},"modified":"2026-03-27T10:57:52","modified_gmt":"2026-03-27T09:57:52","slug":"nekmar-whitebright-professional-shampoo","status":"publish","type":"product","link":"https:\/\/nekmar.eu\/pl\/produkt\/nekmar-whitebright-professional-shampoo\/","title":{"rendered":"Nekmar White&#038;Bright Professional Shampoo"},"content":{"rendered":"<div class=\"wpb-content-wrapper\"><p>[vc_row css_animation=&#8221;&#8221; row_type=&#8221;row&#8221; use_row_as_full_screen_section=&#8221;no&#8221; type=&#8221;full_width&#8221; angled_section=&#8221;no&#8221; text_align=&#8221;left&#8221; background_image_as_pattern=&#8221;without_pattern&#8221;][vc_column][vc_column_text css=&#8221;&#8221;]<strong>SK\u0141AD:<\/strong> woda, laurylosiarczan sodu, kokamidopropylobetaina, gliceryna, wodorow\u0119glan sodu, substancja zapachowa, chlorek sodu, sok z li\u015bci aloesu (*), hydrolizowane proteiny pszenicy, ekstrakt z chmielu, ekstrakt z li\u015bci\/\u0142odyg owsa (*), kwas mlekowy, fenoksyetanol, polikwaternium-7, glikol propylenowy, Laureth-3, kwas cytrynowy, tetraglutaminian diacetanu sodu, etyloheksylogliceryna, CI 60730, wodorotlenek sodu, glukozyd laurylowy, terpineol.<\/p>\n<p>(*) z upraw organicznych<\/p>\n<p>&nbsp;<\/p>\n<p><strong>SK\u0141ADNIKI POCHODZ\u0104CE Z UPRAW ORGANICZNYCH<\/strong><\/p>\n<p>&nbsp;<\/p>\n<p>\u2022 Wybiela<br \/>\n\u2022 Usuwa plamy<br \/>\n\u2022 Nadaje po\u0142ysk<br \/>\n\u2022 Podkre\u015bla wszystkie kolory i pigmentacj\u0119 sier\u015bci<br \/>\n\u2022 Neutralizuje nieprzyjemne zapachy<\/p>\n<p>&nbsp;<\/p>\n<p><strong>Skoncentrowana formu\u0142a 1:25<\/strong><\/p>\n<p>&nbsp;<\/p>\n<p><strong>SPOS\u00d3B U\u017bYCIA:<\/strong> Jest to skoncentrowana formu\u0142a i przed u\u017cyciem nale\u017cy j\u0105 rozcie\u0144czy\u0107 wod\u0105 w proporcji od 1:15 do 1:25, w zale\u017cno\u015bci od kondycji sier\u015bci. Na\u0142\u00f3\u017c szampon r\u00f3wnomiernie na wcze\u015bniej zmoczon\u0105 sier\u015b\u0107 i delikatnie masuj do uzyskania bogatej piany. Pozostaw na 2\u20133 minuty dla uzyskania maksymalnego efektu, nast\u0119pnie dok\u0142adnie sp\u0142ucz letni\u0105 wod\u0105. W razie potrzeby powt\u00f3rz czynno\u015b\u0107.[\/vc_column_text][\/vc_column][\/vc_row]<\/p>\n<\/div>","protected":false},"excerpt":{"rendered":"<p>Nekmar <strong>White &amp; Bright<\/strong> to profesjonalna formu\u0142a groomingowa stworzona w celu podkre\u015blenia naturalnego koloru i pigmentacji sier\u015bci, jednocze\u015bnie regeneruj\u0105c j\u0105 i nadaj\u0105c jej po\u0142ysk. Skutecznie pomaga usuwa\u0107 przebarwienia oraz \u017c\u00f3\u0142kni\u0119cie sier\u015bci. Szczeg\u00f3lnie uwydatnia naturaln\u0105 barw\u0119 futra \u2014 bia\u0142\u0105 sier\u015b\u0107 czyni ja\u015bniejsz\u0105 i bardziej l\u015bni\u0105c\u0105, natomiast ciemnej nadaje wi\u0119ksz\u0105 intensywno\u015b\u0107 i g\u0142\u0119bi\u0119 koloru. Wzbogacony naturalnymi sk\u0142adnikami, takimi jak ekstrakt z chmielu, aloes oraz proteiny pszenicy, kt\u00f3re nawil\u017caj\u0105 i piel\u0119gnuj\u0105 sier\u015b\u0107 oraz sk\u00f3r\u0119.<\/p>\n","protected":false},"featured_media":6026,"template":"","meta":[],"product_brand":[],"product_cat":[134],"product_tag":[],"class_list":{"0":"post-6013","1":"product","2":"type-product","3":"status-publish","4":"has-post-thumbnail","6":"product_cat-grooming","8":"first","9":"instock","10":"taxable","11":"shipping-taxable","12":"purchasable","13":"product-type-variable"},"yoast_head":"<!-- This site is optimized with the Yoast SEO plugin v27.5 - https:\/\/yoast.com\/product\/yoast-seo-wordpress\/ -->\n<title>Nekmar White&amp;Bright Professional Shampoo | Nekmar Polska<\/title>\n<meta name=\"robots\" content=\"index, follow, max-snippet:-1, max-image-preview:large, max-video-preview:-1\" \/>\n<link rel=\"canonical\" href=\"https:\/\/nekmar.eu\/pl\/produkt\/nekmar-whitebright-professional-shampoo\/\" \/>\n<meta property=\"og:locale\" content=\"pl_PL\" \/>\n<meta property=\"og:type\" content=\"article\" \/>\n<meta property=\"og:title\" content=\"Nekmar White&amp;Bright Professional Shampoo | Nekmar Polska\" \/>\n<meta property=\"og:description\" content=\"Nekmar White &amp; Bright to profesjonalna formu\u0142a groomingowa stworzona w celu podkre\u015blenia naturalnego koloru i pigmentacji sier\u015bci, jednocze\u015bnie regeneruj\u0105c j\u0105 i nadaj\u0105c jej po\u0142ysk. Skutecznie pomaga usuwa\u0107 przebarwienia oraz \u017c\u00f3\u0142kni\u0119cie sier\u015bci. Szczeg\u00f3lnie uwydatnia naturaln\u0105 barw\u0119 futra \u2014 bia\u0142\u0105 sier\u015b\u0107 czyni ja\u015bniejsz\u0105 i bardziej l\u015bni\u0105c\u0105, natomiast ciemnej nadaje wi\u0119ksz\u0105 intensywno\u015b\u0107 i g\u0142\u0119bi\u0119 koloru. Wzbogacony naturalnymi sk\u0142adnikami, takimi jak ekstrakt z chmielu, aloes oraz proteiny pszenicy, kt\u00f3re nawil\u017caj\u0105 i piel\u0119gnuj\u0105 sier\u015b\u0107 oraz sk\u00f3r\u0119.\" \/>\n<meta property=\"og:url\" content=\"https:\/\/nekmar.eu\/pl\/produkt\/nekmar-whitebright-professional-shampoo\/\" \/>\n<meta property=\"og:site_name\" content=\"Nekmar Polska\" \/>\n<meta property=\"article:modified_time\" content=\"2026-03-27T09:57:52+00:00\" \/>\n<meta property=\"og:image\" content=\"https:\/\/nekmar.eu\/pl\/wp-content\/uploads\/2026\/01\/Nekmar-WhiteBright-3l-50ml.jpg\" \/>\n\t<meta property=\"og:image:width\" content=\"1400\" \/>\n\t<meta property=\"og:image:height\" content=\"1400\" \/>\n\t<meta property=\"og:image:type\" content=\"image\/jpeg\" \/>\n<meta name=\"twitter:card\" content=\"summary_large_image\" \/>\n<meta name=\"twitter:label1\" content=\"Szacowany czas czytania\" \/>\n\t<meta name=\"twitter:data1\" content=\"2 minuty\" \/>\n<script type=\"application\/ld+json\" class=\"yoast-schema-graph\">{\"@context\":\"https:\\\/\\\/schema.org\",\"@graph\":[{\"@type\":\"WebPage\",\"@id\":\"https:\\\/\\\/nekmar.eu\\\/pl\\\/produkt\\\/nekmar-whitebright-professional-shampoo\\\/\",\"url\":\"https:\\\/\\\/nekmar.eu\\\/pl\\\/produkt\\\/nekmar-whitebright-professional-shampoo\\\/\",\"name\":\"Nekmar White&Bright Professional Shampoo | Nekmar Polska\",\"isPartOf\":{\"@id\":\"https:\\\/\\\/nekmar.eu\\\/pl\\\/#website\"},\"primaryImageOfPage\":{\"@id\":\"https:\\\/\\\/nekmar.eu\\\/pl\\\/produkt\\\/nekmar-whitebright-professional-shampoo\\\/#primaryimage\"},\"image\":{\"@id\":\"https:\\\/\\\/nekmar.eu\\\/pl\\\/produkt\\\/nekmar-whitebright-professional-shampoo\\\/#primaryimage\"},\"thumbnailUrl\":\"https:\\\/\\\/nekmar.eu\\\/pl\\\/wp-content\\\/uploads\\\/2026\\\/01\\\/Nekmar-WhiteBright-3l-50ml.jpg\",\"datePublished\":\"2026-01-27T05:39:58+00:00\",\"dateModified\":\"2026-03-27T09:57:52+00:00\",\"breadcrumb\":{\"@id\":\"https:\\\/\\\/nekmar.eu\\\/pl\\\/produkt\\\/nekmar-whitebright-professional-shampoo\\\/#breadcrumb\"},\"inLanguage\":\"pl-PL\",\"potentialAction\":[{\"@type\":\"ReadAction\",\"target\":[\"https:\\\/\\\/nekmar.eu\\\/pl\\\/produkt\\\/nekmar-whitebright-professional-shampoo\\\/\"]}]},{\"@type\":\"ImageObject\",\"inLanguage\":\"pl-PL\",\"@id\":\"https:\\\/\\\/nekmar.eu\\\/pl\\\/produkt\\\/nekmar-whitebright-professional-shampoo\\\/#primaryimage\",\"url\":\"https:\\\/\\\/nekmar.eu\\\/pl\\\/wp-content\\\/uploads\\\/2026\\\/01\\\/Nekmar-WhiteBright-3l-50ml.jpg\",\"contentUrl\":\"https:\\\/\\\/nekmar.eu\\\/pl\\\/wp-content\\\/uploads\\\/2026\\\/01\\\/Nekmar-WhiteBright-3l-50ml.jpg\",\"width\":1400,\"height\":1400},{\"@type\":\"BreadcrumbList\",\"@id\":\"https:\\\/\\\/nekmar.eu\\\/pl\\\/produkt\\\/nekmar-whitebright-professional-shampoo\\\/#breadcrumb\",\"itemListElement\":[{\"@type\":\"ListItem\",\"position\":1,\"name\":\"Home\",\"item\":\"https:\\\/\\\/nekmar.eu\\\/pl\\\/\"},{\"@type\":\"ListItem\",\"position\":2,\"name\":\"Sklep\",\"item\":\"https:\\\/\\\/nekmar.eu\\\/pl\\\/sklep\\\/\"},{\"@type\":\"ListItem\",\"position\":3,\"name\":\"Nekmar White&#038;Bright Professional Shampoo\"}]},{\"@type\":\"WebSite\",\"@id\":\"https:\\\/\\\/nekmar.eu\\\/pl\\\/#website\",\"url\":\"https:\\\/\\\/nekmar.eu\\\/pl\\\/\",\"name\":\"Nekmar Polska\",\"description\":\"Pet Nutrition\",\"publisher\":{\"@id\":\"https:\\\/\\\/nekmar.eu\\\/pl\\\/#organization\"},\"potentialAction\":[{\"@type\":\"SearchAction\",\"target\":{\"@type\":\"EntryPoint\",\"urlTemplate\":\"https:\\\/\\\/nekmar.eu\\\/pl\\\/?s={search_term_string}\"},\"query-input\":{\"@type\":\"PropertyValueSpecification\",\"valueRequired\":true,\"valueName\":\"search_term_string\"}}],\"inLanguage\":\"pl-PL\"},{\"@type\":\"Organization\",\"@id\":\"https:\\\/\\\/nekmar.eu\\\/pl\\\/#organization\",\"name\":\"Nekmar Pet Nutrition Polska\",\"url\":\"https:\\\/\\\/nekmar.eu\\\/pl\\\/\",\"logo\":{\"@type\":\"ImageObject\",\"inLanguage\":\"pl-PL\",\"@id\":\"https:\\\/\\\/nekmar.eu\\\/pl\\\/#\\\/schema\\\/logo\\\/image\\\/\",\"url\":\"https:\\\/\\\/nekmar.eu\\\/pl\\\/wp-content\\\/uploads\\\/2019\\\/08\\\/Nekmar-contact.jpg\",\"contentUrl\":\"https:\\\/\\\/nekmar.eu\\\/pl\\\/wp-content\\\/uploads\\\/2019\\\/08\\\/Nekmar-contact.jpg\",\"width\":600,\"height\":142,\"caption\":\"Nekmar Pet Nutrition Polska\"},\"image\":{\"@id\":\"https:\\\/\\\/nekmar.eu\\\/pl\\\/#\\\/schema\\\/logo\\\/image\\\/\"}}]}<\/script>\n<!-- \/ Yoast SEO plugin. -->","yoast_head_json":{"title":"Nekmar White&Bright Professional Shampoo | Nekmar Polska","robots":{"index":"index","follow":"follow","max-snippet":"max-snippet:-1","max-image-preview":"max-image-preview:large","max-video-preview":"max-video-preview:-1"},"canonical":"https:\/\/nekmar.eu\/pl\/produkt\/nekmar-whitebright-professional-shampoo\/","og_locale":"pl_PL","og_type":"article","og_title":"Nekmar White&Bright Professional Shampoo | Nekmar Polska","og_description":"Nekmar White &amp; Bright to profesjonalna formu\u0142a groomingowa stworzona w celu podkre\u015blenia naturalnego koloru i pigmentacji sier\u015bci, jednocze\u015bnie regeneruj\u0105c j\u0105 i nadaj\u0105c jej po\u0142ysk. Skutecznie pomaga usuwa\u0107 przebarwienia oraz \u017c\u00f3\u0142kni\u0119cie sier\u015bci. Szczeg\u00f3lnie uwydatnia naturaln\u0105 barw\u0119 futra \u2014 bia\u0142\u0105 sier\u015b\u0107 czyni ja\u015bniejsz\u0105 i bardziej l\u015bni\u0105c\u0105, natomiast ciemnej nadaje wi\u0119ksz\u0105 intensywno\u015b\u0107 i g\u0142\u0119bi\u0119 koloru. Wzbogacony naturalnymi sk\u0142adnikami, takimi jak ekstrakt z chmielu, aloes oraz proteiny pszenicy, kt\u00f3re nawil\u017caj\u0105 i piel\u0119gnuj\u0105 sier\u015b\u0107 oraz sk\u00f3r\u0119.","og_url":"https:\/\/nekmar.eu\/pl\/produkt\/nekmar-whitebright-professional-shampoo\/","og_site_name":"Nekmar Polska","article_modified_time":"2026-03-27T09:57:52+00:00","og_image":[{"width":1400,"height":1400,"url":"https:\/\/nekmar.eu\/pl\/wp-content\/uploads\/2026\/01\/Nekmar-WhiteBright-3l-50ml.jpg","type":"image\/jpeg"}],"twitter_card":"summary_large_image","twitter_misc":{"Szacowany czas czytania":"2 minuty"},"schema":{"@context":"https:\/\/schema.org","@graph":[{"@type":"WebPage","@id":"https:\/\/nekmar.eu\/pl\/produkt\/nekmar-whitebright-professional-shampoo\/","url":"https:\/\/nekmar.eu\/pl\/produkt\/nekmar-whitebright-professional-shampoo\/","name":"Nekmar White&Bright Professional Shampoo | Nekmar Polska","isPartOf":{"@id":"https:\/\/nekmar.eu\/pl\/#website"},"primaryImageOfPage":{"@id":"https:\/\/nekmar.eu\/pl\/produkt\/nekmar-whitebright-professional-shampoo\/#primaryimage"},"image":{"@id":"https:\/\/nekmar.eu\/pl\/produkt\/nekmar-whitebright-professional-shampoo\/#primaryimage"},"thumbnailUrl":"https:\/\/nekmar.eu\/pl\/wp-content\/uploads\/2026\/01\/Nekmar-WhiteBright-3l-50ml.jpg","datePublished":"2026-01-27T05:39:58+00:00","dateModified":"2026-03-27T09:57:52+00:00","breadcrumb":{"@id":"https:\/\/nekmar.eu\/pl\/produkt\/nekmar-whitebright-professional-shampoo\/#breadcrumb"},"inLanguage":"pl-PL","potentialAction":[{"@type":"ReadAction","target":["https:\/\/nekmar.eu\/pl\/produkt\/nekmar-whitebright-professional-shampoo\/"]}]},{"@type":"ImageObject","inLanguage":"pl-PL","@id":"https:\/\/nekmar.eu\/pl\/produkt\/nekmar-whitebright-professional-shampoo\/#primaryimage","url":"https:\/\/nekmar.eu\/pl\/wp-content\/uploads\/2026\/01\/Nekmar-WhiteBright-3l-50ml.jpg","contentUrl":"https:\/\/nekmar.eu\/pl\/wp-content\/uploads\/2026\/01\/Nekmar-WhiteBright-3l-50ml.jpg","width":1400,"height":1400},{"@type":"BreadcrumbList","@id":"https:\/\/nekmar.eu\/pl\/produkt\/nekmar-whitebright-professional-shampoo\/#breadcrumb","itemListElement":[{"@type":"ListItem","position":1,"name":"Home","item":"https:\/\/nekmar.eu\/pl\/"},{"@type":"ListItem","position":2,"name":"Sklep","item":"https:\/\/nekmar.eu\/pl\/sklep\/"},{"@type":"ListItem","position":3,"name":"Nekmar White&#038;Bright Professional Shampoo"}]},{"@type":"WebSite","@id":"https:\/\/nekmar.eu\/pl\/#website","url":"https:\/\/nekmar.eu\/pl\/","name":"Nekmar Polska","description":"Pet Nutrition","publisher":{"@id":"https:\/\/nekmar.eu\/pl\/#organization"},"potentialAction":[{"@type":"SearchAction","target":{"@type":"EntryPoint","urlTemplate":"https:\/\/nekmar.eu\/pl\/?s={search_term_string}"},"query-input":{"@type":"PropertyValueSpecification","valueRequired":true,"valueName":"search_term_string"}}],"inLanguage":"pl-PL"},{"@type":"Organization","@id":"https:\/\/nekmar.eu\/pl\/#organization","name":"Nekmar Pet Nutrition Polska","url":"https:\/\/nekmar.eu\/pl\/","logo":{"@type":"ImageObject","inLanguage":"pl-PL","@id":"https:\/\/nekmar.eu\/pl\/#\/schema\/logo\/image\/","url":"https:\/\/nekmar.eu\/pl\/wp-content\/uploads\/2019\/08\/Nekmar-contact.jpg","contentUrl":"https:\/\/nekmar.eu\/pl\/wp-content\/uploads\/2019\/08\/Nekmar-contact.jpg","width":600,"height":142,"caption":"Nekmar Pet Nutrition Polska"},"image":{"@id":"https:\/\/nekmar.eu\/pl\/#\/schema\/logo\/image\/"}}]}},"_links":{"self":[{"href":"https:\/\/nekmar.eu\/pl\/wp-json\/wp\/v2\/product\/6013","targetHints":{"allow":["GET"]}}],"collection":[{"href":"https:\/\/nekmar.eu\/pl\/wp-json\/wp\/v2\/product"}],"about":[{"href":"https:\/\/nekmar.eu\/pl\/wp-json\/wp\/v2\/types\/product"}],"wp:featuredmedia":[{"embeddable":true,"href":"https:\/\/nekmar.eu\/pl\/wp-json\/wp\/v2\/media\/6026"}],"wp:attachment":[{"href":"https:\/\/nekmar.eu\/pl\/wp-json\/wp\/v2\/media?parent=6013"}],"wp:term":[{"taxonomy":"product_brand","embeddable":true,"href":"https:\/\/nekmar.eu\/pl\/wp-json\/wp\/v2\/product_brand?post=6013"},{"taxonomy":"product_cat","embeddable":true,"href":"https:\/\/nekmar.eu\/pl\/wp-json\/wp\/v2\/product_cat?post=6013"},{"taxonomy":"product_tag","embeddable":true,"href":"https:\/\/nekmar.eu\/pl\/wp-json\/wp\/v2\/product_tag?post=6013"}],"curies":[{"name":"wp","href":"https:\/\/api.w.org\/{rel}","templated":true}]}}